{"id":15819,"date":"2025-06-21T18:03:11","date_gmt":"2025-06-21T16:03:11","guid":{"rendered":"https:\/\/kparts-watersports.com\/produit\/zeeko-rake-shims-fuer-wingfoil\/"},"modified":"2025-06-21T18:03:11","modified_gmt":"2025-06-21T16:03:11","slug":"zeeko-rake-shims-fuer-wingfoil","status":"publish","type":"product","link":"https:\/\/kparts-watersports.com\/de\/produit\/zeeko-rake-shims-fuer-wingfoil\/","title":{"rendered":"ZEEKO \u2013 Rake-Shims f\u00fcr WINGFOIL"},"content":{"rendered":"<p>BITTE ALLES LESEN \ud83e\udd19<\/p>\n<div>Rake-Shims f\u00fcr WINGFOIL \u2013 im 3D-Druck gefertigt<\/div>\n<p>Bitte pr\u00fcfen Sie, ob Ihre Zeeko-Platte der auf dem Produktbild gezeigten Shim-Form entspricht. Es gibt mehrere Versionen. Falls nicht, kontaktieren Sie uns.  <\/p>\n<div>&#8211; 3er-Set Shims: 0,5\u00b0 \/ 1,0\u00b0 \/ 1,5\u00b0<\/div>\n<div>&#8211; 2er-Set Shims: 0,8\u00b0 \/ 1,5\u00b0<\/div>\n<div>&#8211; 1 Shim nach Wahl: 1,0\u00b0 \/ 1,5\u00b0<\/div>\n<div>&#8211; 1 Shim mit individuellem Winkel (max. 2,0\u00b0) \/ Bei der Bestellung per E-Mail angeben<\/div>\n<div>WICHTIG:<\/div>\n<div>&#8211; Die \u201e+\u201c-Shims erh\u00f6hen den Rake: Sie fahren st\u00e4rker \u201enose up\u201c, die Nose liegt beim Fahren h\u00f6her.<\/div>\n<div>&#8211; Die \u201e-\u201c-Shims reduzieren den Rake: Sie fahren st\u00e4rker \u201enose down\u201c, die Nose liegt beim Fahren tiefer.<\/div>\n<p>Bei symmetrischen Platten sind die Shims umkehrbar, daher gibt es keinen Unterschied zwischen \u201e-\u201c und \u201e+\u201c Shims.<\/p>\n<div>&#8211; Der Rake-Shim hat eine gewisse Dicke (7 mm f\u00fcr die 1,5\u00b0-Shims). Bitte \u00fcberpr\u00fcfen Sie die L\u00e4nge Ihrer Originalschrauben (lang genug?). Der Artikel \u201e4 Schrauben M8x40\u201c oder \u201e4 Schrauben M6x40\u201c aus dem Shop kann hilfreich sein. <\/div>\n<p>&#8211; Positionieren Sie die glatte Seite des Shims zur Boardunterseite (Car\u00e8ne) \u2013 die Druckspuren auf der anderen Seite k\u00f6nnten Abdr\u00fccke hinterlassen.<\/p>\n<p>&#8211; Maximale Einsatztemperatur: 60 \u00b0C \/ Vorsicht bei Lagerung im Fahrzeug in direkter Sonneneinstrahlung.<\/p>\n","protected":false},"excerpt":{"rendered":"<p>BITTE ALLES LESEN \ud83e\udd19 Rake-Shims f\u00fcr WINGFOIL \u2013 im 3D-Druck gefertigt Bitte pr\u00fcfen Sie, ob Ihre Zeeko-Platte der auf dem Produktbild gezeigten Shim-Form entspricht. Es gibt mehrere Versionen. Falls nicht, kontaktieren Sie uns. &#8211; 3er-Set Shims: 0,5\u00b0 \/ 1,0\u00b0 \/ 1,5\u00b0 &#8211; 2er-Set Shims: 0,8\u00b0 \/ 1,5\u00b0 &#8211; 1 Shim nach Wahl: 1,0\u00b0 \/ 1,5\u00b0 &#8211; 1 Shim mit individuellem Winkel (max. 2,0\u00b0) \/ Bei der Bestellung per E-Mail angeben WICHTIG: &#8211; Die \u201e+\u201c-Shims erh\u00f6hen den Rake: Sie fahren st\u00e4rker \u201enose up\u201c, die Nose liegt beim Fahren h\u00f6her. &#8211; Die \u201e-\u201c-Shims reduzieren den Rake: Sie fahren st\u00e4rker \u201enose down\u201c, die Nose liegt beim Fahren tiefer. Bei symmetrischen Platten sind die Shims umkehrbar, daher gibt es keinen Unterschied zwischen \u201e-\u201c und \u201e+\u201c Shims. &#8211; Der Rake-Shim hat eine gewisse Dicke (7 mm f\u00fcr die 1,5\u00b0-Shims). Bitte \u00fcberpr\u00fcfen Sie die L\u00e4nge Ihrer Originalschrauben (lang genug?). Der Artikel \u201e4 Schrauben M8x40\u201c oder \u201e4 Schrauben M6x40\u201c aus dem Shop kann hilfreich sein. &#8211; Positionieren Sie die glatte Seite des Shims zur Boardunterseite (Car\u00e8ne) \u2013 die Druckspuren auf der anderen Seite k\u00f6nnten Abdr\u00fccke hinterlassen. &#8211; Maximale Einsatztemperatur: 60 \u00b0C \/ Vorsicht bei Lagerung im Fahrzeug in direkter Sonneneinstrahlung.<\/p>\n","protected":false},"featured_media":15821,"comment_status":"open","ping_status":"closed","template":"","meta":{"site-sidebar-layout":"default","site-content-layout":"","ast-site-content-layout":"default","site-content-style":"default","site-sidebar-style":"default","ast-global-header-display":"","ast-banner-title-visibility":"","ast-main-header-display":"","ast-hfb-above-header-display":"","ast-hfb-below-header-display":"","ast-hfb-mobile-header-display":"","site-post-title":"","ast-breadcrumbs-content":"","ast-featured-img":"","footer-sml-layout":"","ast-disable-related-posts":"","theme-transparent-header-meta":"default","adv-header-id-meta":"","stick-header-meta":"","header-above-stick-meta":"","header-main-stick-meta":"","header-below-stick-meta":"","astra-migrate-meta-layouts":"default","ast-page-background-enabled":"default","ast-page-background-meta":{"desktop":{"background-color":"var(--ast-global-color-4)","background-image":"","background-repeat":"repeat","background-position":"center center","background-size":"auto","background-attachment":"scroll","background-type":"","background-media":"","overlay-type":"","overlay-color":"","overlay-opacity":"","overlay-gradient":""},"tablet":{"background-color":"","background-image":"","background-repeat":"repeat","background-position":"center center","background-size":"auto","background-attachment":"scroll","background-type":"","background-media":"","overlay-type":"","overlay-color":"","overlay-opacity":"","overlay-gradient":""},"mobile":{"background-color":"","background-image":"","background-repeat":"repeat","background-position":"center center","background-size":"auto","background-attachment":"scroll","background-type":"","background-media":"","overlay-type":"","overlay-color":"","overlay-opacity":"","overlay-gradient":""}},"ast-content-background-meta":{"desktop":{"background-color":"var(--ast-global-color-5)","background-image":"","background-repeat":"repeat","background-position":"center center","background-size":"auto","background-attachment":"scroll","background-type":"","background-media":"","overlay-type":"","overlay-color":"","overlay-opacity":"","overlay-gradient":""},"tablet":{"background-color":"var(--ast-global-color-5)","background-image":"","background-repeat":"repeat","background-position":"center center","background-size":"auto","background-attachment":"scroll","background-type":"","background-media":"","overlay-type":"","overlay-color":"","overlay-opacity":"","overlay-gradient":""},"mobile":{"background-color":"var(--ast-global-color-5)","background-image":"","background-repeat":"repeat","background-position":"center center","background-size":"auto","background-attachment":"scroll","background-type":"","background-media":"","overlay-type":"","overlay-color":"","overlay-opacity":"","overlay-gradient":""}}},"product_brand":[],"product_cat":[223,225],"product_tag":[],"class_list":{"0":"post-15819","1":"product","2":"type-product","3":"status-publish","4":"has-post-thumbnail","6":"product_cat-foil-zubehor","7":"product_cat-rake-shims-de","8":"pa_angle-1-shim-1-0","9":"pa_angle-1-shim-1-5","10":"pa_angle-1-shim-2-0-500-e-2","11":"pa_angle-2er-set-shims-0-5-1-0-1500-e","12":"pa_angle-2er-set-shims-0-8-1-5-1500-e","13":"pa_angle-2er-set-shims-1-0-2-0-2000-e","14":"pa_angle-2er-set-shims-0-5-0-8-1-0-2500-e","15":"pa_angle-3er-set-shims-1-0-1-5-2-0-3000-e","16":"pa_angle-3er-set-shims-05-10-15-2500-e","17":"desktop-align-center","18":"tablet-align-left","19":"mobile-align-left","20":"tm-no-options","22":"first","23":"instock","24":"taxable","25":"shipping-taxable","26":"purchasable","27":"product-type-variable"},"yoast_head":"<!-- This site is optimized with the Yoast SEO plugin v27.3 - https:\/\/yoast.com\/product\/yoast-seo-wordpress\/ -->\n<title>ZEEKO \u2013 Rake-Shims f\u00fcr WINGFOIL - KPARTS WATERSPORTS<\/title>\n<meta name=\"robots\" content=\"index, follow, max-snippet:-1, max-image-preview:large, max-video-preview:-1\" \/>\n<link rel=\"canonical\" href=\"https:\/\/kparts-watersports.com\/de\/produit\/zeeko-rake-shims-fuer-wingfoil\/\" \/>\n<meta property=\"og:locale\" content=\"de_DE\" \/>\n<meta property=\"og:type\" content=\"article\" \/>\n<meta property=\"og:title\" content=\"ZEEKO \u2013 Rake-Shims f\u00fcr WINGFOIL - KPARTS WATERSPORTS\" \/>\n<meta property=\"og:description\" content=\"BITTE ALLES LESEN \ud83e\udd19 Rake-Shims f\u00fcr WINGFOIL \u2013 im 3D-Druck gefertigt Bitte pr\u00fcfen Sie, ob Ihre Zeeko-Platte der auf dem Produktbild gezeigten Shim-Form entspricht. Es gibt mehrere Versionen. Falls nicht, kontaktieren Sie uns. &#8211; 3er-Set Shims: 0,5\u00b0 \/ 1,0\u00b0 \/ 1,5\u00b0 &#8211; 2er-Set Shims: 0,8\u00b0 \/ 1,5\u00b0 &#8211; 1 Shim nach Wahl: 1,0\u00b0 \/ 1,5\u00b0 &#8211; 1 Shim mit individuellem Winkel (max. 2,0\u00b0) \/ Bei der Bestellung per E-Mail angeben WICHTIG: &#8211; Die \u201e+\u201c-Shims erh\u00f6hen den Rake: Sie fahren st\u00e4rker \u201enose up\u201c, die Nose liegt beim Fahren h\u00f6her. &#8211; Die \u201e-\u201c-Shims reduzieren den Rake: Sie fahren st\u00e4rker \u201enose down\u201c, die Nose liegt beim Fahren tiefer. Bei symmetrischen Platten sind die Shims umkehrbar, daher gibt es keinen Unterschied zwischen \u201e-\u201c und \u201e+\u201c Shims. &#8211; Der Rake-Shim hat eine gewisse Dicke (7 mm f\u00fcr die 1,5\u00b0-Shims). Bitte \u00fcberpr\u00fcfen Sie die L\u00e4nge Ihrer Originalschrauben (lang genug?). Der Artikel \u201e4 Schrauben M8x40\u201c oder \u201e4 Schrauben M6x40\u201c aus dem Shop kann hilfreich sein. &#8211; Positionieren Sie die glatte Seite des Shims zur Boardunterseite (Car\u00e8ne) \u2013 die Druckspuren auf der anderen Seite k\u00f6nnten Abdr\u00fccke hinterlassen. &#8211; Maximale Einsatztemperatur: 60 \u00b0C \/ Vorsicht bei Lagerung im Fahrzeug in direkter Sonneneinstrahlung.\" \/>\n<meta property=\"og:url\" content=\"https:\/\/kparts-watersports.com\/de\/produit\/zeeko-rake-shims-fuer-wingfoil\/\" \/>\n<meta property=\"og:site_name\" content=\"KPARTS WATERSPORTS\" \/>\n<meta property=\"article:publisher\" content=\"https:\/\/www.facebook.com\/people\/AP-3D-Custom\/100076804732870\/\" \/>\n<meta property=\"og:image\" content=\"https:\/\/kparts-watersports.com\/wp-content\/uploads\/2025\/06\/ZEEKO-Cales-rake-WINGFOIL.webp\" \/>\n\t<meta property=\"og:image:width\" content=\"700\" \/>\n\t<meta property=\"og:image:height\" content=\"900\" \/>\n\t<meta property=\"og:image:type\" content=\"image\/webp\" \/>\n<meta name=\"twitter:card\" content=\"summary_large_image\" \/>\n<meta name=\"twitter:label1\" content=\"Gesch\u00e4tzte Lesezeit\" \/>\n\t<meta name=\"twitter:data1\" content=\"1 minute\" \/>\n<script type=\"application\/ld+json\" class=\"yoast-schema-graph\">{\"@context\":\"https:\\\/\\\/schema.org\",\"@graph\":[{\"@type\":\"WebPage\",\"@id\":\"https:\\\/\\\/kparts-watersports.com\\\/de\\\/produit\\\/zeeko-rake-shims-fuer-wingfoil\\\/\",\"url\":\"https:\\\/\\\/kparts-watersports.com\\\/de\\\/produit\\\/zeeko-rake-shims-fuer-wingfoil\\\/\",\"name\":\"ZEEKO \u2013 Rake-Shims f\u00fcr WINGFOIL - KPARTS WATERSPORTS\",\"isPartOf\":{\"@id\":\"https:\\\/\\\/blanchedalmond-oryx-541128.hostingersite.com\\\/#website\"},\"primaryImageOfPage\":{\"@id\":\"https:\\\/\\\/kparts-watersports.com\\\/de\\\/produit\\\/zeeko-rake-shims-fuer-wingfoil\\\/#primaryimage\"},\"image\":{\"@id\":\"https:\\\/\\\/kparts-watersports.com\\\/de\\\/produit\\\/zeeko-rake-shims-fuer-wingfoil\\\/#primaryimage\"},\"thumbnailUrl\":\"https:\\\/\\\/kparts-watersports.com\\\/wp-content\\\/uploads\\\/2025\\\/06\\\/ZEEKO-Cales-rake-WINGFOIL.webp\",\"datePublished\":\"2025-06-21T16:03:11+00:00\",\"breadcrumb\":{\"@id\":\"https:\\\/\\\/kparts-watersports.com\\\/de\\\/produit\\\/zeeko-rake-shims-fuer-wingfoil\\\/#breadcrumb\"},\"inLanguage\":\"de-DE\",\"potentialAction\":[{\"@type\":\"ReadAction\",\"target\":[\"https:\\\/\\\/kparts-watersports.com\\\/de\\\/produit\\\/zeeko-rake-shims-fuer-wingfoil\\\/\"]}]},{\"@type\":\"ImageObject\",\"inLanguage\":\"de-DE\",\"@id\":\"https:\\\/\\\/kparts-watersports.com\\\/de\\\/produit\\\/zeeko-rake-shims-fuer-wingfoil\\\/#primaryimage\",\"url\":\"https:\\\/\\\/kparts-watersports.com\\\/wp-content\\\/uploads\\\/2025\\\/06\\\/ZEEKO-Cales-rake-WINGFOIL.webp\",\"contentUrl\":\"https:\\\/\\\/kparts-watersports.com\\\/wp-content\\\/uploads\\\/2025\\\/06\\\/ZEEKO-Cales-rake-WINGFOIL.webp\",\"width\":700,\"height\":900,\"caption\":\"ZEEKO - Cales rake WINGFOIL\"},{\"@type\":\"BreadcrumbList\",\"@id\":\"https:\\\/\\\/kparts-watersports.com\\\/de\\\/produit\\\/zeeko-rake-shims-fuer-wingfoil\\\/#breadcrumb\",\"itemListElement\":[{\"@type\":\"ListItem\",\"position\":1,\"name\":\"Accueil\",\"item\":\"https:\\\/\\\/kparts-watersports.com\\\/de\\\/accueil\\\/\"},{\"@type\":\"ListItem\",\"position\":2,\"name\":\"Shop\",\"item\":\"https:\\\/\\\/kparts-watersports.com\\\/boutique-w\\\/\"},{\"@type\":\"ListItem\",\"position\":3,\"name\":\"ZEEKO \u2013 Rake-Shims f\u00fcr WINGFOIL\"}]},{\"@type\":\"WebSite\",\"@id\":\"https:\\\/\\\/blanchedalmond-oryx-541128.hostingersite.com\\\/#website\",\"url\":\"https:\\\/\\\/blanchedalmond-oryx-541128.hostingersite.com\\\/\",\"name\":\"KPARTS WATERSPORTS\",\"description\":\"Accessoires custom pour sports nautiques\",\"publisher\":{\"@id\":\"https:\\\/\\\/blanchedalmond-oryx-541128.hostingersite.com\\\/#organization\"},\"potentialAction\":[{\"@type\":\"SearchAction\",\"target\":{\"@type\":\"EntryPoint\",\"urlTemplate\":\"https:\\\/\\\/blanchedalmond-oryx-541128.hostingersite.com\\\/?s={search_term_string}\"},\"query-input\":{\"@type\":\"PropertyValueSpecification\",\"valueRequired\":true,\"valueName\":\"search_term_string\"}}],\"inLanguage\":\"de-DE\"},{\"@type\":\"Organization\",\"@id\":\"https:\\\/\\\/blanchedalmond-oryx-541128.hostingersite.com\\\/#organization\",\"name\":\"KPARTS WATERSPORTS\",\"url\":\"https:\\\/\\\/blanchedalmond-oryx-541128.hostingersite.com\\\/\",\"logo\":{\"@type\":\"ImageObject\",\"inLanguage\":\"de-DE\",\"@id\":\"https:\\\/\\\/blanchedalmond-oryx-541128.hostingersite.com\\\/#\\\/schema\\\/logo\\\/image\\\/\",\"url\":\"https:\\\/\\\/kparts-watersports.ovh\\\/wp-content\\\/uploads\\\/2024\\\/09\\\/Kparts-Logo-Favicon.jpg\",\"contentUrl\":\"https:\\\/\\\/kparts-watersports.ovh\\\/wp-content\\\/uploads\\\/2024\\\/09\\\/Kparts-Logo-Favicon.jpg\",\"width\":600,\"height\":600,\"caption\":\"KPARTS WATERSPORTS\"},\"image\":{\"@id\":\"https:\\\/\\\/blanchedalmond-oryx-541128.hostingersite.com\\\/#\\\/schema\\\/logo\\\/image\\\/\"},\"sameAs\":[\"https:\\\/\\\/www.facebook.com\\\/people\\\/AP-3D-Custom\\\/100076804732870\\\/\",\"https:\\\/\\\/www.instagram.com\\\/ap3dcustom\\\/\"]}]}<\/script>\n<!-- \/ Yoast SEO plugin. -->","yoast_head_json":{"title":"ZEEKO \u2013 Rake-Shims f\u00fcr WINGFOIL - KPARTS WATERSPORTS","robots":{"index":"index","follow":"follow","max-snippet":"max-snippet:-1","max-image-preview":"max-image-preview:large","max-video-preview":"max-video-preview:-1"},"canonical":"https:\/\/kparts-watersports.com\/de\/produit\/zeeko-rake-shims-fuer-wingfoil\/","og_locale":"de_DE","og_type":"article","og_title":"ZEEKO \u2013 Rake-Shims f\u00fcr WINGFOIL - KPARTS WATERSPORTS","og_description":"BITTE ALLES LESEN \ud83e\udd19 Rake-Shims f\u00fcr WINGFOIL \u2013 im 3D-Druck gefertigt Bitte pr\u00fcfen Sie, ob Ihre Zeeko-Platte der auf dem Produktbild gezeigten Shim-Form entspricht. Es gibt mehrere Versionen. Falls nicht, kontaktieren Sie uns. &#8211; 3er-Set Shims: 0,5\u00b0 \/ 1,0\u00b0 \/ 1,5\u00b0 &#8211; 2er-Set Shims: 0,8\u00b0 \/ 1,5\u00b0 &#8211; 1 Shim nach Wahl: 1,0\u00b0 \/ 1,5\u00b0 &#8211; 1 Shim mit individuellem Winkel (max. 2,0\u00b0) \/ Bei der Bestellung per E-Mail angeben WICHTIG: &#8211; Die \u201e+\u201c-Shims erh\u00f6hen den Rake: Sie fahren st\u00e4rker \u201enose up\u201c, die Nose liegt beim Fahren h\u00f6her. &#8211; Die \u201e-\u201c-Shims reduzieren den Rake: Sie fahren st\u00e4rker \u201enose down\u201c, die Nose liegt beim Fahren tiefer. Bei symmetrischen Platten sind die Shims umkehrbar, daher gibt es keinen Unterschied zwischen \u201e-\u201c und \u201e+\u201c Shims. &#8211; Der Rake-Shim hat eine gewisse Dicke (7 mm f\u00fcr die 1,5\u00b0-Shims). Bitte \u00fcberpr\u00fcfen Sie die L\u00e4nge Ihrer Originalschrauben (lang genug?). Der Artikel \u201e4 Schrauben M8x40\u201c oder \u201e4 Schrauben M6x40\u201c aus dem Shop kann hilfreich sein. &#8211; Positionieren Sie die glatte Seite des Shims zur Boardunterseite (Car\u00e8ne) \u2013 die Druckspuren auf der anderen Seite k\u00f6nnten Abdr\u00fccke hinterlassen. &#8211; Maximale Einsatztemperatur: 60 \u00b0C \/ Vorsicht bei Lagerung im Fahrzeug in direkter Sonneneinstrahlung.","og_url":"https:\/\/kparts-watersports.com\/de\/produit\/zeeko-rake-shims-fuer-wingfoil\/","og_site_name":"KPARTS WATERSPORTS","article_publisher":"https:\/\/www.facebook.com\/people\/AP-3D-Custom\/100076804732870\/","og_image":[{"width":700,"height":900,"url":"https:\/\/kparts-watersports.com\/wp-content\/uploads\/2025\/06\/ZEEKO-Cales-rake-WINGFOIL.webp","type":"image\/webp"}],"twitter_card":"summary_large_image","twitter_misc":{"Gesch\u00e4tzte Lesezeit":"1 minute"},"schema":{"@context":"https:\/\/schema.org","@graph":[{"@type":"WebPage","@id":"https:\/\/kparts-watersports.com\/de\/produit\/zeeko-rake-shims-fuer-wingfoil\/","url":"https:\/\/kparts-watersports.com\/de\/produit\/zeeko-rake-shims-fuer-wingfoil\/","name":"ZEEKO \u2013 Rake-Shims f\u00fcr WINGFOIL - KPARTS WATERSPORTS","isPartOf":{"@id":"https:\/\/blanchedalmond-oryx-541128.hostingersite.com\/#website"},"primaryImageOfPage":{"@id":"https:\/\/kparts-watersports.com\/de\/produit\/zeeko-rake-shims-fuer-wingfoil\/#primaryimage"},"image":{"@id":"https:\/\/kparts-watersports.com\/de\/produit\/zeeko-rake-shims-fuer-wingfoil\/#primaryimage"},"thumbnailUrl":"https:\/\/kparts-watersports.com\/wp-content\/uploads\/2025\/06\/ZEEKO-Cales-rake-WINGFOIL.webp","datePublished":"2025-06-21T16:03:11+00:00","breadcrumb":{"@id":"https:\/\/kparts-watersports.com\/de\/produit\/zeeko-rake-shims-fuer-wingfoil\/#breadcrumb"},"inLanguage":"de-DE","potentialAction":[{"@type":"ReadAction","target":["https:\/\/kparts-watersports.com\/de\/produit\/zeeko-rake-shims-fuer-wingfoil\/"]}]},{"@type":"ImageObject","inLanguage":"de-DE","@id":"https:\/\/kparts-watersports.com\/de\/produit\/zeeko-rake-shims-fuer-wingfoil\/#primaryimage","url":"https:\/\/kparts-watersports.com\/wp-content\/uploads\/2025\/06\/ZEEKO-Cales-rake-WINGFOIL.webp","contentUrl":"https:\/\/kparts-watersports.com\/wp-content\/uploads\/2025\/06\/ZEEKO-Cales-rake-WINGFOIL.webp","width":700,"height":900,"caption":"ZEEKO - Cales rake WINGFOIL"},{"@type":"BreadcrumbList","@id":"https:\/\/kparts-watersports.com\/de\/produit\/zeeko-rake-shims-fuer-wingfoil\/#breadcrumb","itemListElement":[{"@type":"ListItem","position":1,"name":"Accueil","item":"https:\/\/kparts-watersports.com\/de\/accueil\/"},{"@type":"ListItem","position":2,"name":"Shop","item":"https:\/\/kparts-watersports.com\/boutique-w\/"},{"@type":"ListItem","position":3,"name":"ZEEKO \u2013 Rake-Shims f\u00fcr WINGFOIL"}]},{"@type":"WebSite","@id":"https:\/\/blanchedalmond-oryx-541128.hostingersite.com\/#website","url":"https:\/\/blanchedalmond-oryx-541128.hostingersite.com\/","name":"KPARTS WATERSPORTS","description":"Accessoires custom pour sports nautiques","publisher":{"@id":"https:\/\/blanchedalmond-oryx-541128.hostingersite.com\/#organization"},"potentialAction":[{"@type":"SearchAction","target":{"@type":"EntryPoint","urlTemplate":"https:\/\/blanchedalmond-oryx-541128.hostingersite.com\/?s={search_term_string}"},"query-input":{"@type":"PropertyValueSpecification","valueRequired":true,"valueName":"search_term_string"}}],"inLanguage":"de-DE"},{"@type":"Organization","@id":"https:\/\/blanchedalmond-oryx-541128.hostingersite.com\/#organization","name":"KPARTS WATERSPORTS","url":"https:\/\/blanchedalmond-oryx-541128.hostingersite.com\/","logo":{"@type":"ImageObject","inLanguage":"de-DE","@id":"https:\/\/blanchedalmond-oryx-541128.hostingersite.com\/#\/schema\/logo\/image\/","url":"https:\/\/kparts-watersports.ovh\/wp-content\/uploads\/2024\/09\/Kparts-Logo-Favicon.jpg","contentUrl":"https:\/\/kparts-watersports.ovh\/wp-content\/uploads\/2024\/09\/Kparts-Logo-Favicon.jpg","width":600,"height":600,"caption":"KPARTS WATERSPORTS"},"image":{"@id":"https:\/\/blanchedalmond-oryx-541128.hostingersite.com\/#\/schema\/logo\/image\/"},"sameAs":["https:\/\/www.facebook.com\/people\/AP-3D-Custom\/100076804732870\/","https:\/\/www.instagram.com\/ap3dcustom\/"]}]}},"jetpack_sharing_enabled":true,"_links":{"self":[{"href":"https:\/\/kparts-watersports.com\/de\/wp-json\/wp\/v2\/product\/15819","targetHints":{"allow":["GET"]}}],"collection":[{"href":"https:\/\/kparts-watersports.com\/de\/wp-json\/wp\/v2\/product"}],"about":[{"href":"https:\/\/kparts-watersports.com\/de\/wp-json\/wp\/v2\/types\/product"}],"replies":[{"embeddable":true,"href":"https:\/\/kparts-watersports.com\/de\/wp-json\/wp\/v2\/comments?post=15819"}],"wp:featuredmedia":[{"embeddable":true,"href":"https:\/\/kparts-watersports.com\/de\/wp-json\/wp\/v2\/media\/15821"}],"wp:attachment":[{"href":"https:\/\/kparts-watersports.com\/de\/wp-json\/wp\/v2\/media?parent=15819"}],"wp:term":[{"taxonomy":"product_brand","embeddable":true,"href":"https:\/\/kparts-watersports.com\/de\/wp-json\/wp\/v2\/product_brand?post=15819"},{"taxonomy":"product_cat","embeddable":true,"href":"https:\/\/kparts-watersports.com\/de\/wp-json\/wp\/v2\/product_cat?post=15819"},{"taxonomy":"product_tag","embeddable":true,"href":"https:\/\/kparts-watersports.com\/de\/wp-json\/wp\/v2\/product_tag?post=15819"}],"curies":[{"name":"wp","href":"https:\/\/api.w.org\/{rel}","templated":true}]}}