{"id":15987,"date":"2025-06-22T15:30:45","date_gmt":"2025-06-22T13:30:45","guid":{"rendered":"https:\/\/kparts-watersports.com\/produit\/3-titan-schrauben-m3x30-speziell-fuer-e-foil\/"},"modified":"2026-04-23T00:01:05","modified_gmt":"2026-04-22T22:01:05","slug":"3-titan-schrauben-m3x30-speziell-fuer-e-foil","status":"publish","type":"product","link":"https:\/\/kparts-watersports.com\/de\/produit\/3-titan-schrauben-m3x30-speziell-fuer-e-foil\/","title":{"rendered":"3 TITAN-Schrauben M3x30 \u2013 Speziell f\u00fcr E-Foil"},"content":{"rendered":"<p>Set aus 3 M3x30-Schrauben aus Titan (Grade 5).<\/p>\n<div>Leicht und robust! Diese Schrauben sind nur an den letzten Millimetern mit Gewinde versehen, um die Festigkeit der Schraube zu optimieren. <\/div>\n<p>Ideal f\u00fcr Ihren Foil Drive Propeller (oder Ihr DIY-Foil-Assist) und sorgt f\u00fcr maximale Stabilit\u00e4t und Zuverl\u00e4ssigkeit!<\/p>\n","protected":false},"excerpt":{"rendered":"<p>Set aus 3 M3x30-Schrauben aus Titan (Grade 5). Leicht und robust! Diese Schrauben sind nur an den letzten Millimetern mit Gewinde versehen, um die Festigkeit der Schraube zu optimieren. Ideal f\u00fcr Ihren Foil Drive Propeller (oder Ihr DIY-Foil-Assist) und sorgt f\u00fcr maximale Stabilit\u00e4t und Zuverl\u00e4ssigkeit!<\/p>\n","protected":false},"featured_media":15988,"comment_status":"open","ping_status":"closed","template":"","meta":{"site-sidebar-layout":"default","site-content-layout":"","ast-site-content-layout":"default","site-content-style":"default","site-sidebar-style":"default","ast-global-header-display":"","ast-banner-title-visibility":"","ast-main-header-display":"","ast-hfb-above-header-display":"","ast-hfb-below-header-display":"","ast-hfb-mobile-header-display":"","site-post-title":"","ast-breadcrumbs-content":"","ast-featured-img":"","footer-sml-layout":"","ast-disable-related-posts":"","theme-transparent-header-meta":"default","adv-header-id-meta":"","stick-header-meta":"","header-above-stick-meta":"","header-main-stick-meta":"","header-below-stick-meta":"","astra-migrate-meta-layouts":"default","ast-page-background-enabled":"default","ast-page-background-meta":{"desktop":{"background-color":"var(--ast-global-color-4)","background-image":"","background-repeat":"repeat","background-position":"center center","background-size":"auto","background-attachment":"scroll","background-type":"","background-media":"","overlay-type":"","overlay-color":"","overlay-opacity":"","overlay-gradient":""},"tablet":{"background-color":"","background-image":"","background-repeat":"repeat","background-position":"center center","background-size":"auto","background-attachment":"scroll","background-type":"","background-media":"","overlay-type":"","overlay-color":"","overlay-opacity":"","overlay-gradient":""},"mobile":{"background-color":"","background-image":"","background-repeat":"repeat","background-position":"center center","background-size":"auto","background-attachment":"scroll","background-type":"","background-media":"","overlay-type":"","overlay-color":"","overlay-opacity":"","overlay-gradient":""}},"ast-content-background-meta":{"desktop":{"background-color":"var(--ast-global-color-5)","background-image":"","background-repeat":"repeat","background-position":"center center","background-size":"auto","background-attachment":"scroll","background-type":"","background-media":"","overlay-type":"","overlay-color":"","overlay-opacity":"","overlay-gradient":""},"tablet":{"background-color":"var(--ast-global-color-5)","background-image":"","background-repeat":"repeat","background-position":"center center","background-size":"auto","background-attachment":"scroll","background-type":"","background-media":"","overlay-type":"","overlay-color":"","overlay-opacity":"","overlay-gradient":""},"mobile":{"background-color":"var(--ast-global-color-5)","background-image":"","background-repeat":"repeat","background-position":"center center","background-size":"auto","background-attachment":"scroll","background-type":"","background-media":"","overlay-type":"","overlay-color":"","overlay-opacity":"","overlay-gradient":""}}},"product_brand":[],"product_cat":[233,236,223,241,245,231],"product_tag":[],"class_list":{"0":"post-15987","1":"product","2":"type-product","3":"status-publish","4":"has-post-thumbnail","6":"product_cat-e-foil-pod-propeller-zubehor","7":"product_cat-foil-assist-de","8":"product_cat-foil-zubehor","9":"product_cat-schrauben-hardware","10":"product_cat-titan-g5-de","11":"product_cat-zubehor-hardware","12":"desktop-align-center","13":"tablet-align-left","14":"mobile-align-left","15":"tm-no-options","17":"first","18":"instock","19":"taxable","20":"shipping-taxable","21":"purchasable","22":"product-type-simple"},"yoast_head":"<!-- This site is optimized with the Yoast SEO plugin v27.3 - https:\/\/yoast.com\/product\/yoast-seo-wordpress\/ -->\n<title>3 TITAN-Schrauben M3x30 \u2013 Speziell f\u00fcr E-Foil - KPARTS WATERSPORTS<\/title>\n<meta name=\"robots\" content=\"index, follow, max-snippet:-1, max-image-preview:large, max-video-preview:-1\" \/>\n<link rel=\"canonical\" href=\"https:\/\/kparts-watersports.com\/de\/produit\/3-titan-schrauben-m3x30-speziell-fuer-e-foil\/\" \/>\n<meta property=\"og:locale\" content=\"de_DE\" \/>\n<meta property=\"og:type\" content=\"article\" \/>\n<meta property=\"og:title\" content=\"3 TITAN-Schrauben M3x30 \u2013 Speziell f\u00fcr E-Foil - KPARTS WATERSPORTS\" \/>\n<meta property=\"og:description\" content=\"Set aus 3 M3x30-Schrauben aus Titan (Grade 5). Leicht und robust! Diese Schrauben sind nur an den letzten Millimetern mit Gewinde versehen, um die Festigkeit der Schraube zu optimieren. Ideal f\u00fcr Ihren Foil Drive Propeller (oder Ihr DIY-Foil-Assist) und sorgt f\u00fcr maximale Stabilit\u00e4t und Zuverl\u00e4ssigkeit!\" \/>\n<meta property=\"og:url\" content=\"https:\/\/kparts-watersports.com\/de\/produit\/3-titan-schrauben-m3x30-speziell-fuer-e-foil\/\" \/>\n<meta property=\"og:site_name\" content=\"KPARTS WATERSPORTS\" \/>\n<meta property=\"article:publisher\" content=\"https:\/\/www.facebook.com\/people\/AP-3D-Custom\/100076804732870\/\" \/>\n<meta property=\"article:modified_time\" content=\"2026-04-22T22:01:05+00:00\" \/>\n<meta property=\"og:image\" content=\"https:\/\/kparts-watersports.com\/wp-content\/uploads\/2025\/06\/3-vis-TITANE-M3X30-Speciales-E-foil.webp\" \/>\n\t<meta property=\"og:image:width\" content=\"1036\" \/>\n\t<meta property=\"og:image:height\" content=\"1036\" \/>\n\t<meta property=\"og:image:type\" content=\"image\/webp\" \/>\n<meta name=\"twitter:card\" content=\"summary_large_image\" \/>\n<script type=\"application\/ld+json\" class=\"yoast-schema-graph\">{\"@context\":\"https:\\\/\\\/schema.org\",\"@graph\":[{\"@type\":\"WebPage\",\"@id\":\"https:\\\/\\\/kparts-watersports.com\\\/de\\\/produit\\\/3-titan-schrauben-m3x30-speziell-fuer-e-foil\\\/\",\"url\":\"https:\\\/\\\/kparts-watersports.com\\\/de\\\/produit\\\/3-titan-schrauben-m3x30-speziell-fuer-e-foil\\\/\",\"name\":\"3 TITAN-Schrauben M3x30 \u2013 Speziell f\u00fcr E-Foil - KPARTS WATERSPORTS\",\"isPartOf\":{\"@id\":\"https:\\\/\\\/blanchedalmond-oryx-541128.hostingersite.com\\\/#website\"},\"primaryImageOfPage\":{\"@id\":\"https:\\\/\\\/kparts-watersports.com\\\/de\\\/produit\\\/3-titan-schrauben-m3x30-speziell-fuer-e-foil\\\/#primaryimage\"},\"image\":{\"@id\":\"https:\\\/\\\/kparts-watersports.com\\\/de\\\/produit\\\/3-titan-schrauben-m3x30-speziell-fuer-e-foil\\\/#primaryimage\"},\"thumbnailUrl\":\"https:\\\/\\\/kparts-watersports.com\\\/wp-content\\\/uploads\\\/2025\\\/06\\\/3-vis-TITANE-M3X30-Speciales-E-foil.webp\",\"datePublished\":\"2025-06-22T13:30:45+00:00\",\"dateModified\":\"2026-04-22T22:01:05+00:00\",\"breadcrumb\":{\"@id\":\"https:\\\/\\\/kparts-watersports.com\\\/de\\\/produit\\\/3-titan-schrauben-m3x30-speziell-fuer-e-foil\\\/#breadcrumb\"},\"inLanguage\":\"de-DE\",\"potentialAction\":[{\"@type\":\"ReadAction\",\"target\":[\"https:\\\/\\\/kparts-watersports.com\\\/de\\\/produit\\\/3-titan-schrauben-m3x30-speziell-fuer-e-foil\\\/\"]}]},{\"@type\":\"ImageObject\",\"inLanguage\":\"de-DE\",\"@id\":\"https:\\\/\\\/kparts-watersports.com\\\/de\\\/produit\\\/3-titan-schrauben-m3x30-speziell-fuer-e-foil\\\/#primaryimage\",\"url\":\"https:\\\/\\\/kparts-watersports.com\\\/wp-content\\\/uploads\\\/2025\\\/06\\\/3-vis-TITANE-M3X30-Speciales-E-foil.webp\",\"contentUrl\":\"https:\\\/\\\/kparts-watersports.com\\\/wp-content\\\/uploads\\\/2025\\\/06\\\/3-vis-TITANE-M3X30-Speciales-E-foil.webp\",\"width\":1036,\"height\":1036,\"caption\":\"3 vis TITANE M3X30 - Sp\u00e9ciales E-foil\"},{\"@type\":\"BreadcrumbList\",\"@id\":\"https:\\\/\\\/kparts-watersports.com\\\/de\\\/produit\\\/3-titan-schrauben-m3x30-speziell-fuer-e-foil\\\/#breadcrumb\",\"itemListElement\":[{\"@type\":\"ListItem\",\"position\":1,\"name\":\"Accueil\",\"item\":\"https:\\\/\\\/kparts-watersports.com\\\/de\\\/accueil\\\/\"},{\"@type\":\"ListItem\",\"position\":2,\"name\":\"Shop\",\"item\":\"https:\\\/\\\/kparts-watersports.com\\\/boutique-w\\\/\"},{\"@type\":\"ListItem\",\"position\":3,\"name\":\"3 TITAN-Schrauben M3x30 \u2013 Speziell f\u00fcr E-Foil\"}]},{\"@type\":\"WebSite\",\"@id\":\"https:\\\/\\\/blanchedalmond-oryx-541128.hostingersite.com\\\/#website\",\"url\":\"https:\\\/\\\/blanchedalmond-oryx-541128.hostingersite.com\\\/\",\"name\":\"KPARTS WATERSPORTS\",\"description\":\"Accessoires custom pour sports nautiques\",\"publisher\":{\"@id\":\"https:\\\/\\\/blanchedalmond-oryx-541128.hostingersite.com\\\/#organization\"},\"potentialAction\":[{\"@type\":\"SearchAction\",\"target\":{\"@type\":\"EntryPoint\",\"urlTemplate\":\"https:\\\/\\\/blanchedalmond-oryx-541128.hostingersite.com\\\/?s={search_term_string}\"},\"query-input\":{\"@type\":\"PropertyValueSpecification\",\"valueRequired\":true,\"valueName\":\"search_term_string\"}}],\"inLanguage\":\"de-DE\"},{\"@type\":\"Organization\",\"@id\":\"https:\\\/\\\/blanchedalmond-oryx-541128.hostingersite.com\\\/#organization\",\"name\":\"KPARTS WATERSPORTS\",\"url\":\"https:\\\/\\\/blanchedalmond-oryx-541128.hostingersite.com\\\/\",\"logo\":{\"@type\":\"ImageObject\",\"inLanguage\":\"de-DE\",\"@id\":\"https:\\\/\\\/blanchedalmond-oryx-541128.hostingersite.com\\\/#\\\/schema\\\/logo\\\/image\\\/\",\"url\":\"https:\\\/\\\/kparts-watersports.ovh\\\/wp-content\\\/uploads\\\/2024\\\/09\\\/Kparts-Logo-Favicon.jpg\",\"contentUrl\":\"https:\\\/\\\/kparts-watersports.ovh\\\/wp-content\\\/uploads\\\/2024\\\/09\\\/Kparts-Logo-Favicon.jpg\",\"width\":600,\"height\":600,\"caption\":\"KPARTS WATERSPORTS\"},\"image\":{\"@id\":\"https:\\\/\\\/blanchedalmond-oryx-541128.hostingersite.com\\\/#\\\/schema\\\/logo\\\/image\\\/\"},\"sameAs\":[\"https:\\\/\\\/www.facebook.com\\\/people\\\/AP-3D-Custom\\\/100076804732870\\\/\",\"https:\\\/\\\/www.instagram.com\\\/ap3dcustom\\\/\"]}]}<\/script>\n<!-- \/ Yoast SEO plugin. -->","yoast_head_json":{"title":"3 TITAN-Schrauben M3x30 \u2013 Speziell f\u00fcr E-Foil - KPARTS WATERSPORTS","robots":{"index":"index","follow":"follow","max-snippet":"max-snippet:-1","max-image-preview":"max-image-preview:large","max-video-preview":"max-video-preview:-1"},"canonical":"https:\/\/kparts-watersports.com\/de\/produit\/3-titan-schrauben-m3x30-speziell-fuer-e-foil\/","og_locale":"de_DE","og_type":"article","og_title":"3 TITAN-Schrauben M3x30 \u2013 Speziell f\u00fcr E-Foil - KPARTS WATERSPORTS","og_description":"Set aus 3 M3x30-Schrauben aus Titan (Grade 5). Leicht und robust! Diese Schrauben sind nur an den letzten Millimetern mit Gewinde versehen, um die Festigkeit der Schraube zu optimieren. Ideal f\u00fcr Ihren Foil Drive Propeller (oder Ihr DIY-Foil-Assist) und sorgt f\u00fcr maximale Stabilit\u00e4t und Zuverl\u00e4ssigkeit!","og_url":"https:\/\/kparts-watersports.com\/de\/produit\/3-titan-schrauben-m3x30-speziell-fuer-e-foil\/","og_site_name":"KPARTS WATERSPORTS","article_publisher":"https:\/\/www.facebook.com\/people\/AP-3D-Custom\/100076804732870\/","article_modified_time":"2026-04-22T22:01:05+00:00","og_image":[{"width":1036,"height":1036,"url":"https:\/\/kparts-watersports.com\/wp-content\/uploads\/2025\/06\/3-vis-TITANE-M3X30-Speciales-E-foil.webp","type":"image\/webp"}],"twitter_card":"summary_large_image","schema":{"@context":"https:\/\/schema.org","@graph":[{"@type":"WebPage","@id":"https:\/\/kparts-watersports.com\/de\/produit\/3-titan-schrauben-m3x30-speziell-fuer-e-foil\/","url":"https:\/\/kparts-watersports.com\/de\/produit\/3-titan-schrauben-m3x30-speziell-fuer-e-foil\/","name":"3 TITAN-Schrauben M3x30 \u2013 Speziell f\u00fcr E-Foil - KPARTS WATERSPORTS","isPartOf":{"@id":"https:\/\/blanchedalmond-oryx-541128.hostingersite.com\/#website"},"primaryImageOfPage":{"@id":"https:\/\/kparts-watersports.com\/de\/produit\/3-titan-schrauben-m3x30-speziell-fuer-e-foil\/#primaryimage"},"image":{"@id":"https:\/\/kparts-watersports.com\/de\/produit\/3-titan-schrauben-m3x30-speziell-fuer-e-foil\/#primaryimage"},"thumbnailUrl":"https:\/\/kparts-watersports.com\/wp-content\/uploads\/2025\/06\/3-vis-TITANE-M3X30-Speciales-E-foil.webp","datePublished":"2025-06-22T13:30:45+00:00","dateModified":"2026-04-22T22:01:05+00:00","breadcrumb":{"@id":"https:\/\/kparts-watersports.com\/de\/produit\/3-titan-schrauben-m3x30-speziell-fuer-e-foil\/#breadcrumb"},"inLanguage":"de-DE","potentialAction":[{"@type":"ReadAction","target":["https:\/\/kparts-watersports.com\/de\/produit\/3-titan-schrauben-m3x30-speziell-fuer-e-foil\/"]}]},{"@type":"ImageObject","inLanguage":"de-DE","@id":"https:\/\/kparts-watersports.com\/de\/produit\/3-titan-schrauben-m3x30-speziell-fuer-e-foil\/#primaryimage","url":"https:\/\/kparts-watersports.com\/wp-content\/uploads\/2025\/06\/3-vis-TITANE-M3X30-Speciales-E-foil.webp","contentUrl":"https:\/\/kparts-watersports.com\/wp-content\/uploads\/2025\/06\/3-vis-TITANE-M3X30-Speciales-E-foil.webp","width":1036,"height":1036,"caption":"3 vis TITANE M3X30 - Sp\u00e9ciales E-foil"},{"@type":"BreadcrumbList","@id":"https:\/\/kparts-watersports.com\/de\/produit\/3-titan-schrauben-m3x30-speziell-fuer-e-foil\/#breadcrumb","itemListElement":[{"@type":"ListItem","position":1,"name":"Accueil","item":"https:\/\/kparts-watersports.com\/de\/accueil\/"},{"@type":"ListItem","position":2,"name":"Shop","item":"https:\/\/kparts-watersports.com\/boutique-w\/"},{"@type":"ListItem","position":3,"name":"3 TITAN-Schrauben M3x30 \u2013 Speziell f\u00fcr E-Foil"}]},{"@type":"WebSite","@id":"https:\/\/blanchedalmond-oryx-541128.hostingersite.com\/#website","url":"https:\/\/blanchedalmond-oryx-541128.hostingersite.com\/","name":"KPARTS WATERSPORTS","description":"Accessoires custom pour sports nautiques","publisher":{"@id":"https:\/\/blanchedalmond-oryx-541128.hostingersite.com\/#organization"},"potentialAction":[{"@type":"SearchAction","target":{"@type":"EntryPoint","urlTemplate":"https:\/\/blanchedalmond-oryx-541128.hostingersite.com\/?s={search_term_string}"},"query-input":{"@type":"PropertyValueSpecification","valueRequired":true,"valueName":"search_term_string"}}],"inLanguage":"de-DE"},{"@type":"Organization","@id":"https:\/\/blanchedalmond-oryx-541128.hostingersite.com\/#organization","name":"KPARTS WATERSPORTS","url":"https:\/\/blanchedalmond-oryx-541128.hostingersite.com\/","logo":{"@type":"ImageObject","inLanguage":"de-DE","@id":"https:\/\/blanchedalmond-oryx-541128.hostingersite.com\/#\/schema\/logo\/image\/","url":"https:\/\/kparts-watersports.ovh\/wp-content\/uploads\/2024\/09\/Kparts-Logo-Favicon.jpg","contentUrl":"https:\/\/kparts-watersports.ovh\/wp-content\/uploads\/2024\/09\/Kparts-Logo-Favicon.jpg","width":600,"height":600,"caption":"KPARTS WATERSPORTS"},"image":{"@id":"https:\/\/blanchedalmond-oryx-541128.hostingersite.com\/#\/schema\/logo\/image\/"},"sameAs":["https:\/\/www.facebook.com\/people\/AP-3D-Custom\/100076804732870\/","https:\/\/www.instagram.com\/ap3dcustom\/"]}]}},"jetpack_sharing_enabled":true,"_links":{"self":[{"href":"https:\/\/kparts-watersports.com\/de\/wp-json\/wp\/v2\/product\/15987","targetHints":{"allow":["GET"]}}],"collection":[{"href":"https:\/\/kparts-watersports.com\/de\/wp-json\/wp\/v2\/product"}],"about":[{"href":"https:\/\/kparts-watersports.com\/de\/wp-json\/wp\/v2\/types\/product"}],"replies":[{"embeddable":true,"href":"https:\/\/kparts-watersports.com\/de\/wp-json\/wp\/v2\/comments?post=15987"}],"wp:featuredmedia":[{"embeddable":true,"href":"https:\/\/kparts-watersports.com\/de\/wp-json\/wp\/v2\/media\/15988"}],"wp:attachment":[{"href":"https:\/\/kparts-watersports.com\/de\/wp-json\/wp\/v2\/media?parent=15987"}],"wp:term":[{"taxonomy":"product_brand","embeddable":true,"href":"https:\/\/kparts-watersports.com\/de\/wp-json\/wp\/v2\/product_brand?post=15987"},{"taxonomy":"product_cat","embeddable":true,"href":"https:\/\/kparts-watersports.com\/de\/wp-json\/wp\/v2\/product_cat?post=15987"},{"taxonomy":"product_tag","embeddable":true,"href":"https:\/\/kparts-watersports.com\/de\/wp-json\/wp\/v2\/product_tag?post=15987"}],"curies":[{"name":"wp","href":"https:\/\/api.w.org\/{rel}","templated":true}]}}