{"id":15999,"date":"2025-06-22T15:55:34","date_gmt":"2025-06-22T13:55:34","guid":{"rendered":"https:\/\/kparts-watersports.com\/produit\/2x-durchmesser-reduzierer-m6-auf-m8-20-mm-titan\/"},"modified":"2025-06-22T15:55:34","modified_gmt":"2025-06-22T13:55:34","slug":"2x-durchmesser-reduzierer-m6-auf-m8-20-mm-titan","status":"publish","type":"product","link":"https:\/\/kparts-watersports.com\/de\/produit\/2x-durchmesser-reduzierer-m6-auf-m8-20-mm-titan\/","title":{"rendered":"2x Durchmesser-Reduzierer M6 auf M8 \u2013 20 mm \u2013 Titan"},"content":{"rendered":"<div>Set aus 2 Gewindereduzierern aus Titan Grade 5.<\/div>\n<div>Diese Gewindereduzierer haben den gleichen Zweck wie Helicoils, bieten jedoch eine deutlich h\u00f6here Festigkeit und verursachen keine galvanische Korrosion mit Aluminium.<\/div>\n<p>Ideal zum Ersetzen besch\u00e4digter Helicoils an Ihren Aluminiummasten. Wir empfehlen dringend, sie zu verkleben. <\/p>\n<div>L\u00e4nge: 20 mm \u2013 die Bohrtiefe muss mindestens 21 mm betragen<\/div>\n<div>Innengewinde M6x1 \u2013 Au\u00dfengewinde M8x1,25<\/div>\n","protected":false},"excerpt":{"rendered":"<p>Set aus 2 Gewindereduzierern aus Titan Grade 5. Diese Gewindereduzierer haben den gleichen Zweck wie Helicoils, bieten jedoch eine deutlich h\u00f6here Festigkeit und verursachen keine galvanische Korrosion mit Aluminium. Ideal zum Ersetzen besch\u00e4digter Helicoils an Ihren Aluminiummasten. Wir empfehlen dringend, sie zu verkleben. L\u00e4nge: 20 mm \u2013 die Bohrtiefe muss mindestens 21 mm betragen Innengewinde M6x1 \u2013 Au\u00dfengewinde M8x1,25<\/p>\n","protected":false},"featured_media":16000,"comment_status":"open","ping_status":"closed","template":"","meta":{"site-sidebar-layout":"default","site-content-layout":"","ast-site-content-layout":"default","site-content-style":"default","site-sidebar-style":"default","ast-global-header-display":"","ast-banner-title-visibility":"","ast-main-header-display":"","ast-hfb-above-header-display":"","ast-hfb-below-header-display":"","ast-hfb-mobile-header-display":"","site-post-title":"","ast-breadcrumbs-content":"","ast-featured-img":"","footer-sml-layout":"","ast-disable-related-posts":"","theme-transparent-header-meta":"default","adv-header-id-meta":"","stick-header-meta":"","header-above-stick-meta":"","header-main-stick-meta":"","header-below-stick-meta":"","astra-migrate-meta-layouts":"default","ast-page-background-enabled":"default","ast-page-background-meta":{"desktop":{"background-color":"var(--ast-global-color-4)","background-image":"","background-repeat":"repeat","background-position":"center center","background-size":"auto","background-attachment":"scroll","background-type":"","background-media":"","overlay-type":"","overlay-color":"","overlay-opacity":"","overlay-gradient":""},"tablet":{"background-color":"","background-image":"","background-repeat":"repeat","background-position":"center center","background-size":"auto","background-attachment":"scroll","background-type":"","background-media":"","overlay-type":"","overlay-color":"","overlay-opacity":"","overlay-gradient":""},"mobile":{"background-color":"","background-image":"","background-repeat":"repeat","background-position":"center center","background-size":"auto","background-attachment":"scroll","background-type":"","background-media":"","overlay-type":"","overlay-color":"","overlay-opacity":"","overlay-gradient":""}},"ast-content-background-meta":{"desktop":{"background-color":"var(--ast-global-color-5)","background-image":"","background-repeat":"repeat","background-position":"center center","background-size":"auto","background-attachment":"scroll","background-type":"","background-media":"","overlay-type":"","overlay-color":"","overlay-opacity":"","overlay-gradient":""},"tablet":{"background-color":"var(--ast-global-color-5)","background-image":"","background-repeat":"repeat","background-position":"center center","background-size":"auto","background-attachment":"scroll","background-type":"","background-media":"","overlay-type":"","overlay-color":"","overlay-opacity":"","overlay-gradient":""},"mobile":{"background-color":"var(--ast-global-color-5)","background-image":"","background-repeat":"repeat","background-position":"center center","background-size":"auto","background-attachment":"scroll","background-type":"","background-media":"","overlay-type":"","overlay-color":"","overlay-opacity":"","overlay-gradient":""}}},"product_brand":[],"product_cat":[223,241,245,231],"product_tag":[],"class_list":{"0":"post-15999","1":"product","2":"type-product","3":"status-publish","4":"has-post-thumbnail","6":"product_cat-foil-zubehor","7":"product_cat-schrauben-hardware","8":"product_cat-titan-g5-de","9":"product_cat-zubehor-hardware","10":"desktop-align-center","11":"tablet-align-left","12":"mobile-align-left","13":"tm-no-options","15":"first","16":"instock","17":"taxable","18":"shipping-taxable","19":"purchasable","20":"product-type-simple"},"yoast_head":"<!-- This site is optimized with the Yoast SEO plugin v27.3 - https:\/\/yoast.com\/product\/yoast-seo-wordpress\/ -->\n<title>2x Durchmesser-Reduzierer M6 auf M8 \u2013 20 mm \u2013 Titan - KPARTS WATERSPORTS<\/title>\n<meta name=\"robots\" content=\"index, follow, max-snippet:-1, max-image-preview:large, max-video-preview:-1\" \/>\n<link rel=\"canonical\" href=\"https:\/\/kparts-watersports.com\/de\/produit\/2x-durchmesser-reduzierer-m6-auf-m8-20-mm-titan\/\" \/>\n<meta property=\"og:locale\" content=\"de_DE\" \/>\n<meta property=\"og:type\" content=\"article\" \/>\n<meta property=\"og:title\" content=\"2x Durchmesser-Reduzierer M6 auf M8 \u2013 20 mm \u2013 Titan - KPARTS WATERSPORTS\" \/>\n<meta property=\"og:description\" content=\"Set aus 2 Gewindereduzierern aus Titan Grade 5. Diese Gewindereduzierer haben den gleichen Zweck wie Helicoils, bieten jedoch eine deutlich h\u00f6here Festigkeit und verursachen keine galvanische Korrosion mit Aluminium. Ideal zum Ersetzen besch\u00e4digter Helicoils an Ihren Aluminiummasten. Wir empfehlen dringend, sie zu verkleben. L\u00e4nge: 20 mm \u2013 die Bohrtiefe muss mindestens 21 mm betragen Innengewinde M6x1 \u2013 Au\u00dfengewinde M8x1,25\" \/>\n<meta property=\"og:url\" content=\"https:\/\/kparts-watersports.com\/de\/produit\/2x-durchmesser-reduzierer-m6-auf-m8-20-mm-titan\/\" \/>\n<meta property=\"og:site_name\" content=\"KPARTS WATERSPORTS\" \/>\n<meta property=\"article:publisher\" content=\"https:\/\/www.facebook.com\/people\/AP-3D-Custom\/100076804732870\/\" \/>\n<meta property=\"og:image\" content=\"https:\/\/kparts-watersports.com\/wp-content\/uploads\/2025\/06\/2x-Reducteurs-de-diametre-M6-to-M8-20mm-Titane.webp\" \/>\n\t<meta property=\"og:image:width\" content=\"1500\" \/>\n\t<meta property=\"og:image:height\" content=\"1500\" \/>\n\t<meta property=\"og:image:type\" content=\"image\/webp\" \/>\n<meta name=\"twitter:card\" content=\"summary_large_image\" \/>\n<script type=\"application\/ld+json\" class=\"yoast-schema-graph\">{\"@context\":\"https:\\\/\\\/schema.org\",\"@graph\":[{\"@type\":\"WebPage\",\"@id\":\"https:\\\/\\\/kparts-watersports.com\\\/de\\\/produit\\\/2x-durchmesser-reduzierer-m6-auf-m8-20-mm-titan\\\/\",\"url\":\"https:\\\/\\\/kparts-watersports.com\\\/de\\\/produit\\\/2x-durchmesser-reduzierer-m6-auf-m8-20-mm-titan\\\/\",\"name\":\"2x Durchmesser-Reduzierer M6 auf M8 \u2013 20 mm \u2013 Titan - KPARTS WATERSPORTS\",\"isPartOf\":{\"@id\":\"https:\\\/\\\/blanchedalmond-oryx-541128.hostingersite.com\\\/#website\"},\"primaryImageOfPage\":{\"@id\":\"https:\\\/\\\/kparts-watersports.com\\\/de\\\/produit\\\/2x-durchmesser-reduzierer-m6-auf-m8-20-mm-titan\\\/#primaryimage\"},\"image\":{\"@id\":\"https:\\\/\\\/kparts-watersports.com\\\/de\\\/produit\\\/2x-durchmesser-reduzierer-m6-auf-m8-20-mm-titan\\\/#primaryimage\"},\"thumbnailUrl\":\"https:\\\/\\\/kparts-watersports.com\\\/wp-content\\\/uploads\\\/2025\\\/06\\\/2x-Reducteurs-de-diametre-M6-to-M8-20mm-Titane.webp\",\"datePublished\":\"2025-06-22T13:55:34+00:00\",\"breadcrumb\":{\"@id\":\"https:\\\/\\\/kparts-watersports.com\\\/de\\\/produit\\\/2x-durchmesser-reduzierer-m6-auf-m8-20-mm-titan\\\/#breadcrumb\"},\"inLanguage\":\"de-DE\",\"potentialAction\":[{\"@type\":\"ReadAction\",\"target\":[\"https:\\\/\\\/kparts-watersports.com\\\/de\\\/produit\\\/2x-durchmesser-reduzierer-m6-auf-m8-20-mm-titan\\\/\"]}]},{\"@type\":\"ImageObject\",\"inLanguage\":\"de-DE\",\"@id\":\"https:\\\/\\\/kparts-watersports.com\\\/de\\\/produit\\\/2x-durchmesser-reduzierer-m6-auf-m8-20-mm-titan\\\/#primaryimage\",\"url\":\"https:\\\/\\\/kparts-watersports.com\\\/wp-content\\\/uploads\\\/2025\\\/06\\\/2x-Reducteurs-de-diametre-M6-to-M8-20mm-Titane.webp\",\"contentUrl\":\"https:\\\/\\\/kparts-watersports.com\\\/wp-content\\\/uploads\\\/2025\\\/06\\\/2x-Reducteurs-de-diametre-M6-to-M8-20mm-Titane.webp\",\"width\":1500,\"height\":1500,\"caption\":\"2x Reducteurs de diam\u00e8tre M6 to M8 - 20mm - Titane\"},{\"@type\":\"BreadcrumbList\",\"@id\":\"https:\\\/\\\/kparts-watersports.com\\\/de\\\/produit\\\/2x-durchmesser-reduzierer-m6-auf-m8-20-mm-titan\\\/#breadcrumb\",\"itemListElement\":[{\"@type\":\"ListItem\",\"position\":1,\"name\":\"Accueil\",\"item\":\"https:\\\/\\\/kparts-watersports.com\\\/de\\\/accueil\\\/\"},{\"@type\":\"ListItem\",\"position\":2,\"name\":\"Shop\",\"item\":\"https:\\\/\\\/kparts-watersports.com\\\/boutique-w\\\/\"},{\"@type\":\"ListItem\",\"position\":3,\"name\":\"2x Durchmesser-Reduzierer M6 auf M8 \u2013 20 mm \u2013 Titan\"}]},{\"@type\":\"WebSite\",\"@id\":\"https:\\\/\\\/blanchedalmond-oryx-541128.hostingersite.com\\\/#website\",\"url\":\"https:\\\/\\\/blanchedalmond-oryx-541128.hostingersite.com\\\/\",\"name\":\"KPARTS WATERSPORTS\",\"description\":\"Accessoires custom pour sports nautiques\",\"publisher\":{\"@id\":\"https:\\\/\\\/blanchedalmond-oryx-541128.hostingersite.com\\\/#organization\"},\"potentialAction\":[{\"@type\":\"SearchAction\",\"target\":{\"@type\":\"EntryPoint\",\"urlTemplate\":\"https:\\\/\\\/blanchedalmond-oryx-541128.hostingersite.com\\\/?s={search_term_string}\"},\"query-input\":{\"@type\":\"PropertyValueSpecification\",\"valueRequired\":true,\"valueName\":\"search_term_string\"}}],\"inLanguage\":\"de-DE\"},{\"@type\":\"Organization\",\"@id\":\"https:\\\/\\\/blanchedalmond-oryx-541128.hostingersite.com\\\/#organization\",\"name\":\"KPARTS WATERSPORTS\",\"url\":\"https:\\\/\\\/blanchedalmond-oryx-541128.hostingersite.com\\\/\",\"logo\":{\"@type\":\"ImageObject\",\"inLanguage\":\"de-DE\",\"@id\":\"https:\\\/\\\/blanchedalmond-oryx-541128.hostingersite.com\\\/#\\\/schema\\\/logo\\\/image\\\/\",\"url\":\"https:\\\/\\\/kparts-watersports.ovh\\\/wp-content\\\/uploads\\\/2024\\\/09\\\/Kparts-Logo-Favicon.jpg\",\"contentUrl\":\"https:\\\/\\\/kparts-watersports.ovh\\\/wp-content\\\/uploads\\\/2024\\\/09\\\/Kparts-Logo-Favicon.jpg\",\"width\":600,\"height\":600,\"caption\":\"KPARTS WATERSPORTS\"},\"image\":{\"@id\":\"https:\\\/\\\/blanchedalmond-oryx-541128.hostingersite.com\\\/#\\\/schema\\\/logo\\\/image\\\/\"},\"sameAs\":[\"https:\\\/\\\/www.facebook.com\\\/people\\\/AP-3D-Custom\\\/100076804732870\\\/\",\"https:\\\/\\\/www.instagram.com\\\/ap3dcustom\\\/\"]}]}<\/script>\n<!-- \/ Yoast SEO plugin. -->","yoast_head_json":{"title":"2x Durchmesser-Reduzierer M6 auf M8 \u2013 20 mm \u2013 Titan - KPARTS WATERSPORTS","robots":{"index":"index","follow":"follow","max-snippet":"max-snippet:-1","max-image-preview":"max-image-preview:large","max-video-preview":"max-video-preview:-1"},"canonical":"https:\/\/kparts-watersports.com\/de\/produit\/2x-durchmesser-reduzierer-m6-auf-m8-20-mm-titan\/","og_locale":"de_DE","og_type":"article","og_title":"2x Durchmesser-Reduzierer M6 auf M8 \u2013 20 mm \u2013 Titan - KPARTS WATERSPORTS","og_description":"Set aus 2 Gewindereduzierern aus Titan Grade 5. Diese Gewindereduzierer haben den gleichen Zweck wie Helicoils, bieten jedoch eine deutlich h\u00f6here Festigkeit und verursachen keine galvanische Korrosion mit Aluminium. Ideal zum Ersetzen besch\u00e4digter Helicoils an Ihren Aluminiummasten. Wir empfehlen dringend, sie zu verkleben. L\u00e4nge: 20 mm \u2013 die Bohrtiefe muss mindestens 21 mm betragen Innengewinde M6x1 \u2013 Au\u00dfengewinde M8x1,25","og_url":"https:\/\/kparts-watersports.com\/de\/produit\/2x-durchmesser-reduzierer-m6-auf-m8-20-mm-titan\/","og_site_name":"KPARTS WATERSPORTS","article_publisher":"https:\/\/www.facebook.com\/people\/AP-3D-Custom\/100076804732870\/","og_image":[{"width":1500,"height":1500,"url":"https:\/\/kparts-watersports.com\/wp-content\/uploads\/2025\/06\/2x-Reducteurs-de-diametre-M6-to-M8-20mm-Titane.webp","type":"image\/webp"}],"twitter_card":"summary_large_image","schema":{"@context":"https:\/\/schema.org","@graph":[{"@type":"WebPage","@id":"https:\/\/kparts-watersports.com\/de\/produit\/2x-durchmesser-reduzierer-m6-auf-m8-20-mm-titan\/","url":"https:\/\/kparts-watersports.com\/de\/produit\/2x-durchmesser-reduzierer-m6-auf-m8-20-mm-titan\/","name":"2x Durchmesser-Reduzierer M6 auf M8 \u2013 20 mm \u2013 Titan - KPARTS WATERSPORTS","isPartOf":{"@id":"https:\/\/blanchedalmond-oryx-541128.hostingersite.com\/#website"},"primaryImageOfPage":{"@id":"https:\/\/kparts-watersports.com\/de\/produit\/2x-durchmesser-reduzierer-m6-auf-m8-20-mm-titan\/#primaryimage"},"image":{"@id":"https:\/\/kparts-watersports.com\/de\/produit\/2x-durchmesser-reduzierer-m6-auf-m8-20-mm-titan\/#primaryimage"},"thumbnailUrl":"https:\/\/kparts-watersports.com\/wp-content\/uploads\/2025\/06\/2x-Reducteurs-de-diametre-M6-to-M8-20mm-Titane.webp","datePublished":"2025-06-22T13:55:34+00:00","breadcrumb":{"@id":"https:\/\/kparts-watersports.com\/de\/produit\/2x-durchmesser-reduzierer-m6-auf-m8-20-mm-titan\/#breadcrumb"},"inLanguage":"de-DE","potentialAction":[{"@type":"ReadAction","target":["https:\/\/kparts-watersports.com\/de\/produit\/2x-durchmesser-reduzierer-m6-auf-m8-20-mm-titan\/"]}]},{"@type":"ImageObject","inLanguage":"de-DE","@id":"https:\/\/kparts-watersports.com\/de\/produit\/2x-durchmesser-reduzierer-m6-auf-m8-20-mm-titan\/#primaryimage","url":"https:\/\/kparts-watersports.com\/wp-content\/uploads\/2025\/06\/2x-Reducteurs-de-diametre-M6-to-M8-20mm-Titane.webp","contentUrl":"https:\/\/kparts-watersports.com\/wp-content\/uploads\/2025\/06\/2x-Reducteurs-de-diametre-M6-to-M8-20mm-Titane.webp","width":1500,"height":1500,"caption":"2x Reducteurs de diam\u00e8tre M6 to M8 - 20mm - Titane"},{"@type":"BreadcrumbList","@id":"https:\/\/kparts-watersports.com\/de\/produit\/2x-durchmesser-reduzierer-m6-auf-m8-20-mm-titan\/#breadcrumb","itemListElement":[{"@type":"ListItem","position":1,"name":"Accueil","item":"https:\/\/kparts-watersports.com\/de\/accueil\/"},{"@type":"ListItem","position":2,"name":"Shop","item":"https:\/\/kparts-watersports.com\/boutique-w\/"},{"@type":"ListItem","position":3,"name":"2x Durchmesser-Reduzierer M6 auf M8 \u2013 20 mm \u2013 Titan"}]},{"@type":"WebSite","@id":"https:\/\/blanchedalmond-oryx-541128.hostingersite.com\/#website","url":"https:\/\/blanchedalmond-oryx-541128.hostingersite.com\/","name":"KPARTS WATERSPORTS","description":"Accessoires custom pour sports nautiques","publisher":{"@id":"https:\/\/blanchedalmond-oryx-541128.hostingersite.com\/#organization"},"potentialAction":[{"@type":"SearchAction","target":{"@type":"EntryPoint","urlTemplate":"https:\/\/blanchedalmond-oryx-541128.hostingersite.com\/?s={search_term_string}"},"query-input":{"@type":"PropertyValueSpecification","valueRequired":true,"valueName":"search_term_string"}}],"inLanguage":"de-DE"},{"@type":"Organization","@id":"https:\/\/blanchedalmond-oryx-541128.hostingersite.com\/#organization","name":"KPARTS WATERSPORTS","url":"https:\/\/blanchedalmond-oryx-541128.hostingersite.com\/","logo":{"@type":"ImageObject","inLanguage":"de-DE","@id":"https:\/\/blanchedalmond-oryx-541128.hostingersite.com\/#\/schema\/logo\/image\/","url":"https:\/\/kparts-watersports.ovh\/wp-content\/uploads\/2024\/09\/Kparts-Logo-Favicon.jpg","contentUrl":"https:\/\/kparts-watersports.ovh\/wp-content\/uploads\/2024\/09\/Kparts-Logo-Favicon.jpg","width":600,"height":600,"caption":"KPARTS WATERSPORTS"},"image":{"@id":"https:\/\/blanchedalmond-oryx-541128.hostingersite.com\/#\/schema\/logo\/image\/"},"sameAs":["https:\/\/www.facebook.com\/people\/AP-3D-Custom\/100076804732870\/","https:\/\/www.instagram.com\/ap3dcustom\/"]}]}},"jetpack_sharing_enabled":true,"_links":{"self":[{"href":"https:\/\/kparts-watersports.com\/de\/wp-json\/wp\/v2\/product\/15999","targetHints":{"allow":["GET"]}}],"collection":[{"href":"https:\/\/kparts-watersports.com\/de\/wp-json\/wp\/v2\/product"}],"about":[{"href":"https:\/\/kparts-watersports.com\/de\/wp-json\/wp\/v2\/types\/product"}],"replies":[{"embeddable":true,"href":"https:\/\/kparts-watersports.com\/de\/wp-json\/wp\/v2\/comments?post=15999"}],"wp:featuredmedia":[{"embeddable":true,"href":"https:\/\/kparts-watersports.com\/de\/wp-json\/wp\/v2\/media\/16000"}],"wp:attachment":[{"href":"https:\/\/kparts-watersports.com\/de\/wp-json\/wp\/v2\/media?parent=15999"}],"wp:term":[{"taxonomy":"product_brand","embeddable":true,"href":"https:\/\/kparts-watersports.com\/de\/wp-json\/wp\/v2\/product_brand?post=15999"},{"taxonomy":"product_cat","embeddable":true,"href":"https:\/\/kparts-watersports.com\/de\/wp-json\/wp\/v2\/product_cat?post=15999"},{"taxonomy":"product_tag","embeddable":true,"href":"https:\/\/kparts-watersports.com\/de\/wp-json\/wp\/v2\/product_tag?post=15999"}],"curies":[{"name":"wp","href":"https:\/\/api.w.org\/{rel}","templated":true}]}}