{"id":16001,"date":"2025-06-22T18:57:37","date_gmt":"2025-06-22T16:57:37","guid":{"rendered":"https:\/\/kparts-watersports.com\/produit\/shims-fuer-stabilizer-lift-foil-wingfoil\/"},"modified":"2025-06-22T18:57:37","modified_gmt":"2025-06-22T16:57:37","slug":"shims-fuer-stabilizer-lift-foil-wingfoil","status":"publish","type":"product","link":"https:\/\/kparts-watersports.com\/de\/produit\/shims-fuer-stabilizer-lift-foil-wingfoil\/","title":{"rendered":"Shims f\u00fcr Stabilizer LIFT-FOIL \u2013 Wingfoil"},"content":{"rendered":"<p>Shims zur Einstellung des Stabilizers \u2013 Foil LIFT-FOIL<\/p>\n<p>Die Keile werden im DOPPELPACK geliefert.<\/p>\n<p>Diese Keile werden im Auflagebereich zwischen dem Fuselage und dem Stabilizer platziert.<\/p>\n<p>Da die Keile symmetrisch sind, k\u00f6nnen sie in beide Richtungen verwendet werden, um die Stabilit\u00e4t bzw. Leistung des Stabilisators zu reduzieren oder zu erh\u00f6hen.<\/p>\n<p>Hergestellt im 3D-Druck aus einem relativ flexiblen, aber inkompressiblen Material. Die Keile brechen nicht, wenn sie gebogen werden. <\/p>\n","protected":false},"excerpt":{"rendered":"<p>Shims zur Einstellung des Stabilizers \u2013 Foil LIFT-FOIL Die Keile werden im DOPPELPACK geliefert. Diese Keile werden im Auflagebereich zwischen dem Fuselage und dem Stabilizer platziert. Da die Keile symmetrisch sind, k\u00f6nnen sie in beide Richtungen verwendet werden, um die Stabilit\u00e4t bzw. Leistung des Stabilisators zu reduzieren oder zu erh\u00f6hen. Hergestellt im 3D-Druck aus einem relativ flexiblen, aber inkompressiblen Material. Die Keile brechen nicht, wenn sie gebogen werden.<\/p>\n","protected":false},"featured_media":16003,"comment_status":"open","ping_status":"closed","template":"","meta":{"site-sidebar-layout":"default","site-content-layout":"","ast-site-content-layout":"default","site-content-style":"default","site-sidebar-style":"default","ast-global-header-display":"","ast-banner-title-visibility":"","ast-main-header-display":"","ast-hfb-above-header-display":"","ast-hfb-below-header-display":"","ast-hfb-mobile-header-display":"","site-post-title":"","ast-breadcrumbs-content":"","ast-featured-img":"","footer-sml-layout":"","ast-disable-related-posts":"","theme-transparent-header-meta":"default","adv-header-id-meta":"","stick-header-meta":"","header-above-stick-meta":"","header-main-stick-meta":"","header-below-stick-meta":"","astra-migrate-meta-layouts":"default","ast-page-background-enabled":"default","ast-page-background-meta":{"desktop":{"background-color":"var(--ast-global-color-4)","background-image":"","background-repeat":"repeat","background-position":"center center","background-size":"auto","background-attachment":"scroll","background-type":"","background-media":"","overlay-type":"","overlay-color":"","overlay-opacity":"","overlay-gradient":""},"tablet":{"background-color":"","background-image":"","background-repeat":"repeat","background-position":"center center","background-size":"auto","background-attachment":"scroll","background-type":"","background-media":"","overlay-type":"","overlay-color":"","overlay-opacity":"","overlay-gradient":""},"mobile":{"background-color":"","background-image":"","background-repeat":"repeat","background-position":"center center","background-size":"auto","background-attachment":"scroll","background-type":"","background-media":"","overlay-type":"","overlay-color":"","overlay-opacity":"","overlay-gradient":""}},"ast-content-background-meta":{"desktop":{"background-color":"var(--ast-global-color-5)","background-image":"","background-repeat":"repeat","background-position":"center center","background-size":"auto","background-attachment":"scroll","background-type":"","background-media":"","overlay-type":"","overlay-color":"","overlay-opacity":"","overlay-gradient":""},"tablet":{"background-color":"var(--ast-global-color-5)","background-image":"","background-repeat":"repeat","background-position":"center center","background-size":"auto","background-attachment":"scroll","background-type":"","background-media":"","overlay-type":"","overlay-color":"","overlay-opacity":"","overlay-gradient":""},"mobile":{"background-color":"var(--ast-global-color-5)","background-image":"","background-repeat":"repeat","background-position":"center center","background-size":"auto","background-attachment":"scroll","background-type":"","background-media":"","overlay-type":"","overlay-color":"","overlay-opacity":"","overlay-gradient":""}}},"product_brand":[],"product_cat":[223,229],"product_tag":[],"class_list":{"0":"post-16001","1":"product","2":"type-product","3":"status-publish","4":"has-post-thumbnail","6":"product_cat-foil-zubehor","7":"product_cat-shims-fur-stabilisator","8":"desktop-align-center","9":"tablet-align-left","10":"mobile-align-left","11":"tm-no-options","13":"first","14":"instock","15":"taxable","16":"shipping-taxable","17":"purchasable","18":"product-type-variable"},"yoast_head":"<!-- This site is optimized with the Yoast SEO plugin v27.3 - https:\/\/yoast.com\/product\/yoast-seo-wordpress\/ -->\n<title>Shims f\u00fcr Stabilizer LIFT-FOIL \u2013 Wingfoil - KPARTS WATERSPORTS<\/title>\n<meta name=\"robots\" content=\"index, follow, max-snippet:-1, max-image-preview:large, max-video-preview:-1\" \/>\n<link rel=\"canonical\" href=\"https:\/\/kparts-watersports.com\/de\/produit\/shims-fuer-stabilizer-lift-foil-wingfoil\/\" \/>\n<meta property=\"og:locale\" content=\"de_DE\" \/>\n<meta property=\"og:type\" content=\"article\" \/>\n<meta property=\"og:title\" content=\"Shims f\u00fcr Stabilizer LIFT-FOIL \u2013 Wingfoil - KPARTS WATERSPORTS\" \/>\n<meta property=\"og:description\" content=\"Shims zur Einstellung des Stabilizers \u2013 Foil LIFT-FOIL Die Keile werden im DOPPELPACK geliefert. Diese Keile werden im Auflagebereich zwischen dem Fuselage und dem Stabilizer platziert. Da die Keile symmetrisch sind, k\u00f6nnen sie in beide Richtungen verwendet werden, um die Stabilit\u00e4t bzw. Leistung des Stabilisators zu reduzieren oder zu erh\u00f6hen. Hergestellt im 3D-Druck aus einem relativ flexiblen, aber inkompressiblen Material. Die Keile brechen nicht, wenn sie gebogen werden.\" \/>\n<meta property=\"og:url\" content=\"https:\/\/kparts-watersports.com\/de\/produit\/shims-fuer-stabilizer-lift-foil-wingfoil\/\" \/>\n<meta property=\"og:site_name\" content=\"KPARTS WATERSPORTS\" \/>\n<meta property=\"article:publisher\" content=\"https:\/\/www.facebook.com\/people\/AP-3D-Custom\/100076804732870\/\" \/>\n<meta property=\"og:image\" content=\"https:\/\/kparts-watersports.com\/wp-content\/uploads\/2025\/06\/Cales-pour-stabilisateur-LIFT-FOIL-WINGFOIL-1.webp\" \/>\n\t<meta property=\"og:image:width\" content=\"1500\" \/>\n\t<meta property=\"og:image:height\" content=\"729\" \/>\n\t<meta property=\"og:image:type\" content=\"image\/webp\" \/>\n<meta name=\"twitter:card\" content=\"summary_large_image\" \/>\n<script type=\"application\/ld+json\" class=\"yoast-schema-graph\">{\"@context\":\"https:\\\/\\\/schema.org\",\"@graph\":[{\"@type\":\"WebPage\",\"@id\":\"https:\\\/\\\/kparts-watersports.com\\\/de\\\/produit\\\/shims-fuer-stabilizer-lift-foil-wingfoil\\\/\",\"url\":\"https:\\\/\\\/kparts-watersports.com\\\/de\\\/produit\\\/shims-fuer-stabilizer-lift-foil-wingfoil\\\/\",\"name\":\"Shims f\u00fcr Stabilizer LIFT-FOIL \u2013 Wingfoil - KPARTS WATERSPORTS\",\"isPartOf\":{\"@id\":\"https:\\\/\\\/blanchedalmond-oryx-541128.hostingersite.com\\\/#website\"},\"primaryImageOfPage\":{\"@id\":\"https:\\\/\\\/kparts-watersports.com\\\/de\\\/produit\\\/shims-fuer-stabilizer-lift-foil-wingfoil\\\/#primaryimage\"},\"image\":{\"@id\":\"https:\\\/\\\/kparts-watersports.com\\\/de\\\/produit\\\/shims-fuer-stabilizer-lift-foil-wingfoil\\\/#primaryimage\"},\"thumbnailUrl\":\"https:\\\/\\\/kparts-watersports.com\\\/wp-content\\\/uploads\\\/2025\\\/06\\\/Cales-pour-stabilisateur-LIFT-FOIL-WINGFOIL-1.webp\",\"datePublished\":\"2025-06-22T16:57:37+00:00\",\"breadcrumb\":{\"@id\":\"https:\\\/\\\/kparts-watersports.com\\\/de\\\/produit\\\/shims-fuer-stabilizer-lift-foil-wingfoil\\\/#breadcrumb\"},\"inLanguage\":\"de-DE\",\"potentialAction\":[{\"@type\":\"ReadAction\",\"target\":[\"https:\\\/\\\/kparts-watersports.com\\\/de\\\/produit\\\/shims-fuer-stabilizer-lift-foil-wingfoil\\\/\"]}]},{\"@type\":\"ImageObject\",\"inLanguage\":\"de-DE\",\"@id\":\"https:\\\/\\\/kparts-watersports.com\\\/de\\\/produit\\\/shims-fuer-stabilizer-lift-foil-wingfoil\\\/#primaryimage\",\"url\":\"https:\\\/\\\/kparts-watersports.com\\\/wp-content\\\/uploads\\\/2025\\\/06\\\/Cales-pour-stabilisateur-LIFT-FOIL-WINGFOIL-1.webp\",\"contentUrl\":\"https:\\\/\\\/kparts-watersports.com\\\/wp-content\\\/uploads\\\/2025\\\/06\\\/Cales-pour-stabilisateur-LIFT-FOIL-WINGFOIL-1.webp\",\"width\":1500,\"height\":729,\"caption\":\"Cales pour stabilisateur LIFT-FOIL - WINGFOIL\"},{\"@type\":\"BreadcrumbList\",\"@id\":\"https:\\\/\\\/kparts-watersports.com\\\/de\\\/produit\\\/shims-fuer-stabilizer-lift-foil-wingfoil\\\/#breadcrumb\",\"itemListElement\":[{\"@type\":\"ListItem\",\"position\":1,\"name\":\"Accueil\",\"item\":\"https:\\\/\\\/kparts-watersports.com\\\/de\\\/accueil\\\/\"},{\"@type\":\"ListItem\",\"position\":2,\"name\":\"Shop\",\"item\":\"https:\\\/\\\/kparts-watersports.com\\\/boutique-w\\\/\"},{\"@type\":\"ListItem\",\"position\":3,\"name\":\"Shims f\u00fcr Stabilizer LIFT-FOIL \u2013 Wingfoil\"}]},{\"@type\":\"WebSite\",\"@id\":\"https:\\\/\\\/blanchedalmond-oryx-541128.hostingersite.com\\\/#website\",\"url\":\"https:\\\/\\\/blanchedalmond-oryx-541128.hostingersite.com\\\/\",\"name\":\"KPARTS WATERSPORTS\",\"description\":\"Accessoires custom pour sports nautiques\",\"publisher\":{\"@id\":\"https:\\\/\\\/blanchedalmond-oryx-541128.hostingersite.com\\\/#organization\"},\"potentialAction\":[{\"@type\":\"SearchAction\",\"target\":{\"@type\":\"EntryPoint\",\"urlTemplate\":\"https:\\\/\\\/blanchedalmond-oryx-541128.hostingersite.com\\\/?s={search_term_string}\"},\"query-input\":{\"@type\":\"PropertyValueSpecification\",\"valueRequired\":true,\"valueName\":\"search_term_string\"}}],\"inLanguage\":\"de-DE\"},{\"@type\":\"Organization\",\"@id\":\"https:\\\/\\\/blanchedalmond-oryx-541128.hostingersite.com\\\/#organization\",\"name\":\"KPARTS WATERSPORTS\",\"url\":\"https:\\\/\\\/blanchedalmond-oryx-541128.hostingersite.com\\\/\",\"logo\":{\"@type\":\"ImageObject\",\"inLanguage\":\"de-DE\",\"@id\":\"https:\\\/\\\/blanchedalmond-oryx-541128.hostingersite.com\\\/#\\\/schema\\\/logo\\\/image\\\/\",\"url\":\"https:\\\/\\\/kparts-watersports.ovh\\\/wp-content\\\/uploads\\\/2024\\\/09\\\/Kparts-Logo-Favicon.jpg\",\"contentUrl\":\"https:\\\/\\\/kparts-watersports.ovh\\\/wp-content\\\/uploads\\\/2024\\\/09\\\/Kparts-Logo-Favicon.jpg\",\"width\":600,\"height\":600,\"caption\":\"KPARTS WATERSPORTS\"},\"image\":{\"@id\":\"https:\\\/\\\/blanchedalmond-oryx-541128.hostingersite.com\\\/#\\\/schema\\\/logo\\\/image\\\/\"},\"sameAs\":[\"https:\\\/\\\/www.facebook.com\\\/people\\\/AP-3D-Custom\\\/100076804732870\\\/\",\"https:\\\/\\\/www.instagram.com\\\/ap3dcustom\\\/\"]}]}<\/script>\n<!-- \/ Yoast SEO plugin. -->","yoast_head_json":{"title":"Shims f\u00fcr Stabilizer LIFT-FOIL \u2013 Wingfoil - KPARTS WATERSPORTS","robots":{"index":"index","follow":"follow","max-snippet":"max-snippet:-1","max-image-preview":"max-image-preview:large","max-video-preview":"max-video-preview:-1"},"canonical":"https:\/\/kparts-watersports.com\/de\/produit\/shims-fuer-stabilizer-lift-foil-wingfoil\/","og_locale":"de_DE","og_type":"article","og_title":"Shims f\u00fcr Stabilizer LIFT-FOIL \u2013 Wingfoil - KPARTS WATERSPORTS","og_description":"Shims zur Einstellung des Stabilizers \u2013 Foil LIFT-FOIL Die Keile werden im DOPPELPACK geliefert. Diese Keile werden im Auflagebereich zwischen dem Fuselage und dem Stabilizer platziert. Da die Keile symmetrisch sind, k\u00f6nnen sie in beide Richtungen verwendet werden, um die Stabilit\u00e4t bzw. Leistung des Stabilisators zu reduzieren oder zu erh\u00f6hen. Hergestellt im 3D-Druck aus einem relativ flexiblen, aber inkompressiblen Material. Die Keile brechen nicht, wenn sie gebogen werden.","og_url":"https:\/\/kparts-watersports.com\/de\/produit\/shims-fuer-stabilizer-lift-foil-wingfoil\/","og_site_name":"KPARTS WATERSPORTS","article_publisher":"https:\/\/www.facebook.com\/people\/AP-3D-Custom\/100076804732870\/","og_image":[{"width":1500,"height":729,"url":"https:\/\/kparts-watersports.com\/wp-content\/uploads\/2025\/06\/Cales-pour-stabilisateur-LIFT-FOIL-WINGFOIL-1.webp","type":"image\/webp"}],"twitter_card":"summary_large_image","schema":{"@context":"https:\/\/schema.org","@graph":[{"@type":"WebPage","@id":"https:\/\/kparts-watersports.com\/de\/produit\/shims-fuer-stabilizer-lift-foil-wingfoil\/","url":"https:\/\/kparts-watersports.com\/de\/produit\/shims-fuer-stabilizer-lift-foil-wingfoil\/","name":"Shims f\u00fcr Stabilizer LIFT-FOIL \u2013 Wingfoil - KPARTS WATERSPORTS","isPartOf":{"@id":"https:\/\/blanchedalmond-oryx-541128.hostingersite.com\/#website"},"primaryImageOfPage":{"@id":"https:\/\/kparts-watersports.com\/de\/produit\/shims-fuer-stabilizer-lift-foil-wingfoil\/#primaryimage"},"image":{"@id":"https:\/\/kparts-watersports.com\/de\/produit\/shims-fuer-stabilizer-lift-foil-wingfoil\/#primaryimage"},"thumbnailUrl":"https:\/\/kparts-watersports.com\/wp-content\/uploads\/2025\/06\/Cales-pour-stabilisateur-LIFT-FOIL-WINGFOIL-1.webp","datePublished":"2025-06-22T16:57:37+00:00","breadcrumb":{"@id":"https:\/\/kparts-watersports.com\/de\/produit\/shims-fuer-stabilizer-lift-foil-wingfoil\/#breadcrumb"},"inLanguage":"de-DE","potentialAction":[{"@type":"ReadAction","target":["https:\/\/kparts-watersports.com\/de\/produit\/shims-fuer-stabilizer-lift-foil-wingfoil\/"]}]},{"@type":"ImageObject","inLanguage":"de-DE","@id":"https:\/\/kparts-watersports.com\/de\/produit\/shims-fuer-stabilizer-lift-foil-wingfoil\/#primaryimage","url":"https:\/\/kparts-watersports.com\/wp-content\/uploads\/2025\/06\/Cales-pour-stabilisateur-LIFT-FOIL-WINGFOIL-1.webp","contentUrl":"https:\/\/kparts-watersports.com\/wp-content\/uploads\/2025\/06\/Cales-pour-stabilisateur-LIFT-FOIL-WINGFOIL-1.webp","width":1500,"height":729,"caption":"Cales pour stabilisateur LIFT-FOIL - WINGFOIL"},{"@type":"BreadcrumbList","@id":"https:\/\/kparts-watersports.com\/de\/produit\/shims-fuer-stabilizer-lift-foil-wingfoil\/#breadcrumb","itemListElement":[{"@type":"ListItem","position":1,"name":"Accueil","item":"https:\/\/kparts-watersports.com\/de\/accueil\/"},{"@type":"ListItem","position":2,"name":"Shop","item":"https:\/\/kparts-watersports.com\/boutique-w\/"},{"@type":"ListItem","position":3,"name":"Shims f\u00fcr Stabilizer LIFT-FOIL \u2013 Wingfoil"}]},{"@type":"WebSite","@id":"https:\/\/blanchedalmond-oryx-541128.hostingersite.com\/#website","url":"https:\/\/blanchedalmond-oryx-541128.hostingersite.com\/","name":"KPARTS WATERSPORTS","description":"Accessoires custom pour sports nautiques","publisher":{"@id":"https:\/\/blanchedalmond-oryx-541128.hostingersite.com\/#organization"},"potentialAction":[{"@type":"SearchAction","target":{"@type":"EntryPoint","urlTemplate":"https:\/\/blanchedalmond-oryx-541128.hostingersite.com\/?s={search_term_string}"},"query-input":{"@type":"PropertyValueSpecification","valueRequired":true,"valueName":"search_term_string"}}],"inLanguage":"de-DE"},{"@type":"Organization","@id":"https:\/\/blanchedalmond-oryx-541128.hostingersite.com\/#organization","name":"KPARTS WATERSPORTS","url":"https:\/\/blanchedalmond-oryx-541128.hostingersite.com\/","logo":{"@type":"ImageObject","inLanguage":"de-DE","@id":"https:\/\/blanchedalmond-oryx-541128.hostingersite.com\/#\/schema\/logo\/image\/","url":"https:\/\/kparts-watersports.ovh\/wp-content\/uploads\/2024\/09\/Kparts-Logo-Favicon.jpg","contentUrl":"https:\/\/kparts-watersports.ovh\/wp-content\/uploads\/2024\/09\/Kparts-Logo-Favicon.jpg","width":600,"height":600,"caption":"KPARTS WATERSPORTS"},"image":{"@id":"https:\/\/blanchedalmond-oryx-541128.hostingersite.com\/#\/schema\/logo\/image\/"},"sameAs":["https:\/\/www.facebook.com\/people\/AP-3D-Custom\/100076804732870\/","https:\/\/www.instagram.com\/ap3dcustom\/"]}]}},"jetpack_sharing_enabled":true,"_links":{"self":[{"href":"https:\/\/kparts-watersports.com\/de\/wp-json\/wp\/v2\/product\/16001","targetHints":{"allow":["GET"]}}],"collection":[{"href":"https:\/\/kparts-watersports.com\/de\/wp-json\/wp\/v2\/product"}],"about":[{"href":"https:\/\/kparts-watersports.com\/de\/wp-json\/wp\/v2\/types\/product"}],"replies":[{"embeddable":true,"href":"https:\/\/kparts-watersports.com\/de\/wp-json\/wp\/v2\/comments?post=16001"}],"wp:featuredmedia":[{"embeddable":true,"href":"https:\/\/kparts-watersports.com\/de\/wp-json\/wp\/v2\/media\/16003"}],"wp:attachment":[{"href":"https:\/\/kparts-watersports.com\/de\/wp-json\/wp\/v2\/media?parent=16001"}],"wp:term":[{"taxonomy":"product_brand","embeddable":true,"href":"https:\/\/kparts-watersports.com\/de\/wp-json\/wp\/v2\/product_brand?post=16001"},{"taxonomy":"product_cat","embeddable":true,"href":"https:\/\/kparts-watersports.com\/de\/wp-json\/wp\/v2\/product_cat?post=16001"},{"taxonomy":"product_tag","embeddable":true,"href":"https:\/\/kparts-watersports.com\/de\/wp-json\/wp\/v2\/product_tag?post=16001"}],"curies":[{"name":"wp","href":"https:\/\/api.w.org\/{rel}","templated":true}]}}