{"id":16012,"date":"2025-06-22T17:26:32","date_gmt":"2025-06-22T15:26:32","guid":{"rendered":"https:\/\/kparts-watersports.com\/produit\/set-aus-custom-schrauben-fuer-foil-platte-edelstahl-a4\/"},"modified":"2026-04-23T00:23:42","modified_gmt":"2026-04-22T22:23:42","slug":"set-aus-custom-schrauben-fuer-foil-platte-edelstahl-a4","status":"publish","type":"product","link":"https:\/\/kparts-watersports.com\/de\/produit\/set-aus-custom-schrauben-fuer-foil-platte-edelstahl-a4\/","title":{"rendered":"Set aus CUSTOM-Schrauben f\u00fcr Foil-Platte \u2013 Edelstahl A4"},"content":{"rendered":"<p>Ein 100 % individuelles Schraubenset, das die Montage Ihres Foils auf Ihrem Wingfoil-, Surffoil-, Supfoil- oder Downwind-Board erleichtert.<\/p>\n<p><strong>Unser Ziel:<\/strong> sich von rostenden oder brechenden Schl\u00fcsseln, ausgedrehten Schraubenk\u00f6pfen und allen anderen Problemen zu befreien, die wir alle kennen.<\/p>\n<p>Ma\u00dfgefertigt gefertigt erm\u00f6glichen Ihnen diese Schrauben eine schnelle Fixierung des Foils, mit einem handfesten Vorspannen und einem finalen Anziehen (halbe Umdrehung) mit dem mitgelieferten minimalistischen Werkzeug. Dieses ist trotz seines geringen Gewichts sehr robust, kann w\u00e4hrend der Session um den Hals getragen werden und erm\u00f6glicht bei Bedarf eine Anpassung direkt am Wasser. <\/p>\n<p>Und das Ganze mit minimalem Str\u00f6mungswiderstand dank eines kompakten Designs! (Der Schraubenkopf ist nur 9 mm hoch). <\/p>\n<p>Disponible en M8x30 ou M6x30.<\/p>\n<p>Das Set enth\u00e4lt: 4 Schrauben (Gr\u00f6\u00dfe nach Wahl) + 2 Werkzeuge<\/p>\n<p>Material: Edelstahl 316L (A4).<\/p>\n","protected":false},"excerpt":{"rendered":"<p>Ein 100 % individuelles Schraubenset, das die Montage Ihres Foils auf Ihrem Wingfoil-, Surffoil-, Supfoil- oder Downwind-Board erleichtert. Unser Ziel: sich von rostenden oder brechenden Schl\u00fcsseln, ausgedrehten Schraubenk\u00f6pfen und allen anderen Problemen zu befreien, die wir alle kennen. Ma\u00dfgefertigt gefertigt erm\u00f6glichen Ihnen diese Schrauben eine schnelle Fixierung des Foils, mit einem handfesten Vorspannen und einem finalen Anziehen (halbe Umdrehung) mit dem mitgelieferten minimalistischen Werkzeug. Dieses ist trotz seines geringen Gewichts sehr robust, kann w\u00e4hrend der Session um den Hals getragen werden und erm\u00f6glicht bei Bedarf eine Anpassung direkt am Wasser. Und das Ganze mit minimalem Str\u00f6mungswiderstand dank eines kompakten Designs! (Der Schraubenkopf ist nur 9 mm hoch). Disponible en M8x30 ou M6x30. Das Set enth\u00e4lt: 4 Schrauben (Gr\u00f6\u00dfe nach Wahl) + 2 Werkzeuge Material: Edelstahl 316L (A4).<\/p>\n","protected":false},"featured_media":16014,"comment_status":"open","ping_status":"closed","template":"","meta":{"site-sidebar-layout":"default","site-content-layout":"","ast-site-content-layout":"default","site-content-style":"default","site-sidebar-style":"default","ast-global-header-display":"","ast-banner-title-visibility":"","ast-main-header-display":"","ast-hfb-above-header-display":"","ast-hfb-below-header-display":"","ast-hfb-mobile-header-display":"","site-post-title":"","ast-breadcrumbs-content":"","ast-featured-img":"","footer-sml-layout":"","ast-disable-related-posts":"","theme-transparent-header-meta":"default","adv-header-id-meta":"","stick-header-meta":"","header-above-stick-meta":"","header-main-stick-meta":"","header-below-stick-meta":"","astra-migrate-meta-layouts":"default","ast-page-background-enabled":"default","ast-page-background-meta":{"desktop":{"background-color":"var(--ast-global-color-4)","background-image":"","background-repeat":"repeat","background-position":"center center","background-size":"auto","background-attachment":"scroll","background-type":"","background-media":"","overlay-type":"","overlay-color":"","overlay-opacity":"","overlay-gradient":""},"tablet":{"background-color":"","background-image":"","background-repeat":"repeat","background-position":"center center","background-size":"auto","background-attachment":"scroll","background-type":"","background-media":"","overlay-type":"","overlay-color":"","overlay-opacity":"","overlay-gradient":""},"mobile":{"background-color":"","background-image":"","background-repeat":"repeat","background-position":"center center","background-size":"auto","background-attachment":"scroll","background-type":"","background-media":"","overlay-type":"","overlay-color":"","overlay-opacity":"","overlay-gradient":""}},"ast-content-background-meta":{"desktop":{"background-color":"var(--ast-global-color-5)","background-image":"","background-repeat":"repeat","background-position":"center center","background-size":"auto","background-attachment":"scroll","background-type":"","background-media":"","overlay-type":"","overlay-color":"","overlay-opacity":"","overlay-gradient":""},"tablet":{"background-color":"var(--ast-global-color-5)","background-image":"","background-repeat":"repeat","background-position":"center center","background-size":"auto","background-attachment":"scroll","background-type":"","background-media":"","overlay-type":"","overlay-color":"","overlay-opacity":"","overlay-gradient":""},"mobile":{"background-color":"var(--ast-global-color-5)","background-image":"","background-repeat":"repeat","background-position":"center center","background-size":"auto","background-attachment":"scroll","background-type":"","background-media":"","overlay-type":"","overlay-color":"","overlay-opacity":"","overlay-gradient":""}}},"product_brand":[],"product_cat":[243,233,241,231],"product_tag":[],"class_list":{"0":"post-16012","1":"product","2":"type-product","3":"status-publish","4":"has-post-thumbnail","6":"product_cat-a4-edelstahl","7":"product_cat-e-foil-pod-propeller-zubehor","8":"product_cat-schrauben-hardware","9":"product_cat-zubehor-hardware","10":"desktop-align-center","11":"tablet-align-left","12":"mobile-align-left","13":"tm-no-options","15":"first","16":"instock","17":"taxable","18":"shipping-taxable","19":"purchasable","20":"product-type-variable"},"yoast_head":"<!-- This site is optimized with the Yoast SEO plugin v27.3 - https:\/\/yoast.com\/product\/yoast-seo-wordpress\/ -->\n<title>Set aus CUSTOM-Schrauben f\u00fcr Foil-Platte \u2013 Edelstahl A4 - KPARTS WATERSPORTS<\/title>\n<meta name=\"robots\" content=\"index, follow, max-snippet:-1, max-image-preview:large, max-video-preview:-1\" \/>\n<link rel=\"canonical\" href=\"https:\/\/kparts-watersports.com\/de\/produit\/set-aus-custom-schrauben-fuer-foil-platte-edelstahl-a4\/\" \/>\n<meta property=\"og:locale\" content=\"de_DE\" \/>\n<meta property=\"og:type\" content=\"article\" \/>\n<meta property=\"og:title\" content=\"Set aus CUSTOM-Schrauben f\u00fcr Foil-Platte \u2013 Edelstahl A4 - KPARTS WATERSPORTS\" \/>\n<meta property=\"og:description\" content=\"Ein 100 % individuelles Schraubenset, das die Montage Ihres Foils auf Ihrem Wingfoil-, Surffoil-, Supfoil- oder Downwind-Board erleichtert. Unser Ziel: sich von rostenden oder brechenden Schl\u00fcsseln, ausgedrehten Schraubenk\u00f6pfen und allen anderen Problemen zu befreien, die wir alle kennen. Ma\u00dfgefertigt gefertigt erm\u00f6glichen Ihnen diese Schrauben eine schnelle Fixierung des Foils, mit einem handfesten Vorspannen und einem finalen Anziehen (halbe Umdrehung) mit dem mitgelieferten minimalistischen Werkzeug. Dieses ist trotz seines geringen Gewichts sehr robust, kann w\u00e4hrend der Session um den Hals getragen werden und erm\u00f6glicht bei Bedarf eine Anpassung direkt am Wasser. Und das Ganze mit minimalem Str\u00f6mungswiderstand dank eines kompakten Designs! (Der Schraubenkopf ist nur 9 mm hoch). Disponible en M8x30 ou M6x30. Das Set enth\u00e4lt: 4 Schrauben (Gr\u00f6\u00dfe nach Wahl) + 2 Werkzeuge Material: Edelstahl 316L (A4).\" \/>\n<meta property=\"og:url\" content=\"https:\/\/kparts-watersports.com\/de\/produit\/set-aus-custom-schrauben-fuer-foil-platte-edelstahl-a4\/\" \/>\n<meta property=\"og:site_name\" content=\"KPARTS WATERSPORTS\" \/>\n<meta property=\"article:publisher\" content=\"https:\/\/www.facebook.com\/people\/AP-3D-Custom\/100076804732870\/\" \/>\n<meta property=\"article:modified_time\" content=\"2026-04-22T22:23:42+00:00\" \/>\n<meta property=\"og:image\" content=\"https:\/\/kparts-watersports.com\/wp-content\/uploads\/2025\/06\/Set-de-VIS-CUSTOM-pour-platine-de-foil-INOX-A4.webp\" \/>\n\t<meta property=\"og:image:width\" content=\"1500\" \/>\n\t<meta property=\"og:image:height\" content=\"1500\" \/>\n\t<meta property=\"og:image:type\" content=\"image\/webp\" \/>\n<meta name=\"twitter:card\" content=\"summary_large_image\" \/>\n<meta name=\"twitter:label1\" content=\"Gesch\u00e4tzte Lesezeit\" \/>\n\t<meta name=\"twitter:data1\" content=\"1 minute\" \/>\n<script type=\"application\/ld+json\" class=\"yoast-schema-graph\">{\"@context\":\"https:\\\/\\\/schema.org\",\"@graph\":[{\"@type\":\"WebPage\",\"@id\":\"https:\\\/\\\/kparts-watersports.com\\\/de\\\/produit\\\/set-aus-custom-schrauben-fuer-foil-platte-edelstahl-a4\\\/\",\"url\":\"https:\\\/\\\/kparts-watersports.com\\\/de\\\/produit\\\/set-aus-custom-schrauben-fuer-foil-platte-edelstahl-a4\\\/\",\"name\":\"Set aus CUSTOM-Schrauben f\u00fcr Foil-Platte \u2013 Edelstahl A4 - KPARTS WATERSPORTS\",\"isPartOf\":{\"@id\":\"https:\\\/\\\/blanchedalmond-oryx-541128.hostingersite.com\\\/#website\"},\"primaryImageOfPage\":{\"@id\":\"https:\\\/\\\/kparts-watersports.com\\\/de\\\/produit\\\/set-aus-custom-schrauben-fuer-foil-platte-edelstahl-a4\\\/#primaryimage\"},\"image\":{\"@id\":\"https:\\\/\\\/kparts-watersports.com\\\/de\\\/produit\\\/set-aus-custom-schrauben-fuer-foil-platte-edelstahl-a4\\\/#primaryimage\"},\"thumbnailUrl\":\"https:\\\/\\\/kparts-watersports.com\\\/wp-content\\\/uploads\\\/2025\\\/06\\\/Set-de-VIS-CUSTOM-pour-platine-de-foil-INOX-A4.webp\",\"datePublished\":\"2025-06-22T15:26:32+00:00\",\"dateModified\":\"2026-04-22T22:23:42+00:00\",\"breadcrumb\":{\"@id\":\"https:\\\/\\\/kparts-watersports.com\\\/de\\\/produit\\\/set-aus-custom-schrauben-fuer-foil-platte-edelstahl-a4\\\/#breadcrumb\"},\"inLanguage\":\"de-DE\",\"potentialAction\":[{\"@type\":\"ReadAction\",\"target\":[\"https:\\\/\\\/kparts-watersports.com\\\/de\\\/produit\\\/set-aus-custom-schrauben-fuer-foil-platte-edelstahl-a4\\\/\"]}]},{\"@type\":\"ImageObject\",\"inLanguage\":\"de-DE\",\"@id\":\"https:\\\/\\\/kparts-watersports.com\\\/de\\\/produit\\\/set-aus-custom-schrauben-fuer-foil-platte-edelstahl-a4\\\/#primaryimage\",\"url\":\"https:\\\/\\\/kparts-watersports.com\\\/wp-content\\\/uploads\\\/2025\\\/06\\\/Set-de-VIS-CUSTOM-pour-platine-de-foil-INOX-A4.webp\",\"contentUrl\":\"https:\\\/\\\/kparts-watersports.com\\\/wp-content\\\/uploads\\\/2025\\\/06\\\/Set-de-VIS-CUSTOM-pour-platine-de-foil-INOX-A4.webp\",\"width\":1500,\"height\":1500,\"caption\":\"Set de VIS CUSTOM pour platine de foil - INOX A4\"},{\"@type\":\"BreadcrumbList\",\"@id\":\"https:\\\/\\\/kparts-watersports.com\\\/de\\\/produit\\\/set-aus-custom-schrauben-fuer-foil-platte-edelstahl-a4\\\/#breadcrumb\",\"itemListElement\":[{\"@type\":\"ListItem\",\"position\":1,\"name\":\"Accueil\",\"item\":\"https:\\\/\\\/kparts-watersports.com\\\/de\\\/accueil\\\/\"},{\"@type\":\"ListItem\",\"position\":2,\"name\":\"Shop\",\"item\":\"https:\\\/\\\/kparts-watersports.com\\\/boutique-w\\\/\"},{\"@type\":\"ListItem\",\"position\":3,\"name\":\"Set aus CUSTOM-Schrauben f\u00fcr Foil-Platte \u2013 Edelstahl A4\"}]},{\"@type\":\"WebSite\",\"@id\":\"https:\\\/\\\/blanchedalmond-oryx-541128.hostingersite.com\\\/#website\",\"url\":\"https:\\\/\\\/blanchedalmond-oryx-541128.hostingersite.com\\\/\",\"name\":\"KPARTS WATERSPORTS\",\"description\":\"Accessoires custom pour sports nautiques\",\"publisher\":{\"@id\":\"https:\\\/\\\/blanchedalmond-oryx-541128.hostingersite.com\\\/#organization\"},\"potentialAction\":[{\"@type\":\"SearchAction\",\"target\":{\"@type\":\"EntryPoint\",\"urlTemplate\":\"https:\\\/\\\/blanchedalmond-oryx-541128.hostingersite.com\\\/?s={search_term_string}\"},\"query-input\":{\"@type\":\"PropertyValueSpecification\",\"valueRequired\":true,\"valueName\":\"search_term_string\"}}],\"inLanguage\":\"de-DE\"},{\"@type\":\"Organization\",\"@id\":\"https:\\\/\\\/blanchedalmond-oryx-541128.hostingersite.com\\\/#organization\",\"name\":\"KPARTS WATERSPORTS\",\"url\":\"https:\\\/\\\/blanchedalmond-oryx-541128.hostingersite.com\\\/\",\"logo\":{\"@type\":\"ImageObject\",\"inLanguage\":\"de-DE\",\"@id\":\"https:\\\/\\\/blanchedalmond-oryx-541128.hostingersite.com\\\/#\\\/schema\\\/logo\\\/image\\\/\",\"url\":\"https:\\\/\\\/kparts-watersports.ovh\\\/wp-content\\\/uploads\\\/2024\\\/09\\\/Kparts-Logo-Favicon.jpg\",\"contentUrl\":\"https:\\\/\\\/kparts-watersports.ovh\\\/wp-content\\\/uploads\\\/2024\\\/09\\\/Kparts-Logo-Favicon.jpg\",\"width\":600,\"height\":600,\"caption\":\"KPARTS WATERSPORTS\"},\"image\":{\"@id\":\"https:\\\/\\\/blanchedalmond-oryx-541128.hostingersite.com\\\/#\\\/schema\\\/logo\\\/image\\\/\"},\"sameAs\":[\"https:\\\/\\\/www.facebook.com\\\/people\\\/AP-3D-Custom\\\/100076804732870\\\/\",\"https:\\\/\\\/www.instagram.com\\\/ap3dcustom\\\/\"]}]}<\/script>\n<!-- \/ Yoast SEO plugin. -->","yoast_head_json":{"title":"Set aus CUSTOM-Schrauben f\u00fcr Foil-Platte \u2013 Edelstahl A4 - KPARTS WATERSPORTS","robots":{"index":"index","follow":"follow","max-snippet":"max-snippet:-1","max-image-preview":"max-image-preview:large","max-video-preview":"max-video-preview:-1"},"canonical":"https:\/\/kparts-watersports.com\/de\/produit\/set-aus-custom-schrauben-fuer-foil-platte-edelstahl-a4\/","og_locale":"de_DE","og_type":"article","og_title":"Set aus CUSTOM-Schrauben f\u00fcr Foil-Platte \u2013 Edelstahl A4 - KPARTS WATERSPORTS","og_description":"Ein 100 % individuelles Schraubenset, das die Montage Ihres Foils auf Ihrem Wingfoil-, Surffoil-, Supfoil- oder Downwind-Board erleichtert. Unser Ziel: sich von rostenden oder brechenden Schl\u00fcsseln, ausgedrehten Schraubenk\u00f6pfen und allen anderen Problemen zu befreien, die wir alle kennen. Ma\u00dfgefertigt gefertigt erm\u00f6glichen Ihnen diese Schrauben eine schnelle Fixierung des Foils, mit einem handfesten Vorspannen und einem finalen Anziehen (halbe Umdrehung) mit dem mitgelieferten minimalistischen Werkzeug. Dieses ist trotz seines geringen Gewichts sehr robust, kann w\u00e4hrend der Session um den Hals getragen werden und erm\u00f6glicht bei Bedarf eine Anpassung direkt am Wasser. Und das Ganze mit minimalem Str\u00f6mungswiderstand dank eines kompakten Designs! (Der Schraubenkopf ist nur 9 mm hoch). Disponible en M8x30 ou M6x30. Das Set enth\u00e4lt: 4 Schrauben (Gr\u00f6\u00dfe nach Wahl) + 2 Werkzeuge Material: Edelstahl 316L (A4).","og_url":"https:\/\/kparts-watersports.com\/de\/produit\/set-aus-custom-schrauben-fuer-foil-platte-edelstahl-a4\/","og_site_name":"KPARTS WATERSPORTS","article_publisher":"https:\/\/www.facebook.com\/people\/AP-3D-Custom\/100076804732870\/","article_modified_time":"2026-04-22T22:23:42+00:00","og_image":[{"width":1500,"height":1500,"url":"https:\/\/kparts-watersports.com\/wp-content\/uploads\/2025\/06\/Set-de-VIS-CUSTOM-pour-platine-de-foil-INOX-A4.webp","type":"image\/webp"}],"twitter_card":"summary_large_image","twitter_misc":{"Gesch\u00e4tzte Lesezeit":"1 minute"},"schema":{"@context":"https:\/\/schema.org","@graph":[{"@type":"WebPage","@id":"https:\/\/kparts-watersports.com\/de\/produit\/set-aus-custom-schrauben-fuer-foil-platte-edelstahl-a4\/","url":"https:\/\/kparts-watersports.com\/de\/produit\/set-aus-custom-schrauben-fuer-foil-platte-edelstahl-a4\/","name":"Set aus CUSTOM-Schrauben f\u00fcr Foil-Platte \u2013 Edelstahl A4 - KPARTS WATERSPORTS","isPartOf":{"@id":"https:\/\/blanchedalmond-oryx-541128.hostingersite.com\/#website"},"primaryImageOfPage":{"@id":"https:\/\/kparts-watersports.com\/de\/produit\/set-aus-custom-schrauben-fuer-foil-platte-edelstahl-a4\/#primaryimage"},"image":{"@id":"https:\/\/kparts-watersports.com\/de\/produit\/set-aus-custom-schrauben-fuer-foil-platte-edelstahl-a4\/#primaryimage"},"thumbnailUrl":"https:\/\/kparts-watersports.com\/wp-content\/uploads\/2025\/06\/Set-de-VIS-CUSTOM-pour-platine-de-foil-INOX-A4.webp","datePublished":"2025-06-22T15:26:32+00:00","dateModified":"2026-04-22T22:23:42+00:00","breadcrumb":{"@id":"https:\/\/kparts-watersports.com\/de\/produit\/set-aus-custom-schrauben-fuer-foil-platte-edelstahl-a4\/#breadcrumb"},"inLanguage":"de-DE","potentialAction":[{"@type":"ReadAction","target":["https:\/\/kparts-watersports.com\/de\/produit\/set-aus-custom-schrauben-fuer-foil-platte-edelstahl-a4\/"]}]},{"@type":"ImageObject","inLanguage":"de-DE","@id":"https:\/\/kparts-watersports.com\/de\/produit\/set-aus-custom-schrauben-fuer-foil-platte-edelstahl-a4\/#primaryimage","url":"https:\/\/kparts-watersports.com\/wp-content\/uploads\/2025\/06\/Set-de-VIS-CUSTOM-pour-platine-de-foil-INOX-A4.webp","contentUrl":"https:\/\/kparts-watersports.com\/wp-content\/uploads\/2025\/06\/Set-de-VIS-CUSTOM-pour-platine-de-foil-INOX-A4.webp","width":1500,"height":1500,"caption":"Set de VIS CUSTOM pour platine de foil - INOX A4"},{"@type":"BreadcrumbList","@id":"https:\/\/kparts-watersports.com\/de\/produit\/set-aus-custom-schrauben-fuer-foil-platte-edelstahl-a4\/#breadcrumb","itemListElement":[{"@type":"ListItem","position":1,"name":"Accueil","item":"https:\/\/kparts-watersports.com\/de\/accueil\/"},{"@type":"ListItem","position":2,"name":"Shop","item":"https:\/\/kparts-watersports.com\/boutique-w\/"},{"@type":"ListItem","position":3,"name":"Set aus CUSTOM-Schrauben f\u00fcr Foil-Platte \u2013 Edelstahl A4"}]},{"@type":"WebSite","@id":"https:\/\/blanchedalmond-oryx-541128.hostingersite.com\/#website","url":"https:\/\/blanchedalmond-oryx-541128.hostingersite.com\/","name":"KPARTS WATERSPORTS","description":"Accessoires custom pour sports nautiques","publisher":{"@id":"https:\/\/blanchedalmond-oryx-541128.hostingersite.com\/#organization"},"potentialAction":[{"@type":"SearchAction","target":{"@type":"EntryPoint","urlTemplate":"https:\/\/blanchedalmond-oryx-541128.hostingersite.com\/?s={search_term_string}"},"query-input":{"@type":"PropertyValueSpecification","valueRequired":true,"valueName":"search_term_string"}}],"inLanguage":"de-DE"},{"@type":"Organization","@id":"https:\/\/blanchedalmond-oryx-541128.hostingersite.com\/#organization","name":"KPARTS WATERSPORTS","url":"https:\/\/blanchedalmond-oryx-541128.hostingersite.com\/","logo":{"@type":"ImageObject","inLanguage":"de-DE","@id":"https:\/\/blanchedalmond-oryx-541128.hostingersite.com\/#\/schema\/logo\/image\/","url":"https:\/\/kparts-watersports.ovh\/wp-content\/uploads\/2024\/09\/Kparts-Logo-Favicon.jpg","contentUrl":"https:\/\/kparts-watersports.ovh\/wp-content\/uploads\/2024\/09\/Kparts-Logo-Favicon.jpg","width":600,"height":600,"caption":"KPARTS WATERSPORTS"},"image":{"@id":"https:\/\/blanchedalmond-oryx-541128.hostingersite.com\/#\/schema\/logo\/image\/"},"sameAs":["https:\/\/www.facebook.com\/people\/AP-3D-Custom\/100076804732870\/","https:\/\/www.instagram.com\/ap3dcustom\/"]}]}},"jetpack_sharing_enabled":true,"_links":{"self":[{"href":"https:\/\/kparts-watersports.com\/de\/wp-json\/wp\/v2\/product\/16012","targetHints":{"allow":["GET"]}}],"collection":[{"href":"https:\/\/kparts-watersports.com\/de\/wp-json\/wp\/v2\/product"}],"about":[{"href":"https:\/\/kparts-watersports.com\/de\/wp-json\/wp\/v2\/types\/product"}],"replies":[{"embeddable":true,"href":"https:\/\/kparts-watersports.com\/de\/wp-json\/wp\/v2\/comments?post=16012"}],"wp:featuredmedia":[{"embeddable":true,"href":"https:\/\/kparts-watersports.com\/de\/wp-json\/wp\/v2\/media\/16014"}],"wp:attachment":[{"href":"https:\/\/kparts-watersports.com\/de\/wp-json\/wp\/v2\/media?parent=16012"}],"wp:term":[{"taxonomy":"product_brand","embeddable":true,"href":"https:\/\/kparts-watersports.com\/de\/wp-json\/wp\/v2\/product_brand?post=16012"},{"taxonomy":"product_cat","embeddable":true,"href":"https:\/\/kparts-watersports.com\/de\/wp-json\/wp\/v2\/product_cat?post=16012"},{"taxonomy":"product_tag","embeddable":true,"href":"https:\/\/kparts-watersports.com\/de\/wp-json\/wp\/v2\/product_tag?post=16012"}],"curies":[{"name":"wp","href":"https:\/\/api.w.org\/{rel}","templated":true}]}}