{"id":16284,"date":"2025-06-28T15:45:22","date_gmt":"2025-06-28T13:45:22","guid":{"rendered":"https:\/\/kparts-watersports.com\/produit\/thazard-v2-wingfoil-freerace\/"},"modified":"2026-04-23T12:44:47","modified_gmt":"2026-04-23T10:44:47","slug":"thazard-v2-wingfoil-freerace","status":"publish","type":"product","link":"https:\/\/kparts-watersports.com\/de\/produit\/thazard-v2-wingfoil-freerace\/","title":{"rendered":"THAZARD V2 \u2013 WINGFOIL \u2013 FREERACE"},"content":{"rendered":"<p><strong>[Abverkauf \u2013 AUF LAGER solange der Vorrat reicht]<\/strong><\/p>\n<p><strong data-redactor-tag=\"strong\">Der THAZARD V2<\/strong> kommt auf den Markt und ersetzt den V1.<\/p>\n<p>Mit einem neuen Profil und einer 100 % Carbon-Konstruktion ist dieser Thazard V2 schlanker, leichter und bietet mehr Gleiten, w\u00e4hrend er gleichzeitig eine hohe Steifigkeit beibeh\u00e4lt. Die DNA des V1 bleibt erhalten: ein Stabilizer mit hoher Nickstabilit\u00e4t (d. h. in L\u00e4ngsrichtung), viel Kontrolle, um m\u00fchelos hohe Reisegeschwindigkeiten zu erreichen. Er liefert viel Druck und erm\u00f6glicht ein starkes H\u00f6helaufen!  <\/p>\n<p>Dieser Stabilizer ist auf eine vielseitige Nutzung im <strong data-redactor-tag=\"strong\">Wingfoil <\/strong>ausgerichtet, sei es im Freeride, Freerace und sogar beim Carven, wo er ebenfalls \u00fcberzeugt!<\/p>\n<p>Zusammengefasst bietet dieser Stab Stabilit\u00e4t und maximale Gleitleistung bei voller Kontrolle.<\/p>\n<p>Erh\u00e4ltlich in 2 Gr\u00f6\u00dfen:<\/p>\n<p>\u2022 160 cm\u00b2 : 35,5 cm Spannweite<\/p>\n<p>\u2022 180 cm\u00b2 : 38 cm Spannweite<\/p>\n<p>Die Kparts-Stabilisatoren verf\u00fcgen auf beiden Seiten \u00fcber eine flache Auflagefl\u00e4che, sodass sie sowohl oberhalb des Fuselages (AXIS, F-ONE, Cabrinha usw.) als auch unterhalb (TAKUMA, AFS, Armstrong usw.) montiert werden k\u00f6nnen. Das hintere Loch ist l\u00e4nglich (Langloch), um einen <strong data-redactor-tag=\"strong\">Befestigungsabstand von 29 bis 35 mm <\/strong>je nach Marke zu erm\u00f6glichen. <\/p>\n<p>Das gew\u00e4hlte Shim-Set erm\u00f6glicht es, alle KPARTS-Stabs an Ihr Foil anzupassen, indem der Winkel nach Ihren Bed\u00fcrfnissen eingestellt wird.<\/p>\n<p>Jeder Stabilisator wird mit einer H\u00fclle, <strong data-redactor-tag=\"strong\">einem Shim-Set passend zu Ihrem Foil<\/strong> (im Dropdown-Men\u00fc auszuw\u00e4hlen) sowie 2 l\u00e4ngeren Schrauben geliefert.<\/p>\n<p>Stabilisator aus gepressten Carbonfasern gefertigt.<\/p>\n<p>Die H\u00fcllen sind aus grauem Filz gefertigt.<\/p>\n<p>Die Anpassungsshims werden im 3D-Druck aus PETG hergestellt.<\/p>\n","protected":false},"excerpt":{"rendered":"<p>[Abverkauf \u2013 AUF LAGER solange der Vorrat reicht] Der THAZARD V2 kommt auf den Markt und ersetzt den V1. Mit einem neuen Profil und einer 100 % Carbon-Konstruktion ist dieser Thazard V2 schlanker, leichter und bietet mehr Gleiten, w\u00e4hrend er gleichzeitig eine hohe Steifigkeit beibeh\u00e4lt. Die DNA des V1 bleibt erhalten: ein Stabilizer mit hoher Nickstabilit\u00e4t (d. h. in L\u00e4ngsrichtung), viel Kontrolle, um m\u00fchelos hohe Reisegeschwindigkeiten zu erreichen. Er liefert viel Druck und erm\u00f6glicht ein starkes H\u00f6helaufen! Dieser Stabilizer ist auf eine vielseitige Nutzung im Wingfoil ausgerichtet, sei es im Freeride, Freerace und sogar beim Carven, wo er ebenfalls \u00fcberzeugt! Zusammengefasst bietet dieser Stab Stabilit\u00e4t und maximale Gleitleistung bei voller Kontrolle. Erh\u00e4ltlich in 2 Gr\u00f6\u00dfen: \u2022 160 cm\u00b2 : 35,5 cm Spannweite \u2022 180 cm\u00b2 : 38 cm Spannweite Die Kparts-Stabilisatoren verf\u00fcgen auf beiden Seiten \u00fcber eine flache Auflagefl\u00e4che, sodass sie sowohl oberhalb des Fuselages (AXIS, F-ONE, Cabrinha usw.) als auch unterhalb (TAKUMA, AFS, Armstrong usw.) montiert werden k\u00f6nnen. Das hintere Loch ist l\u00e4nglich (Langloch), um einen Befestigungsabstand von 29 bis 35 mm je nach Marke zu erm\u00f6glichen. Das gew\u00e4hlte Shim-Set erm\u00f6glicht es, alle KPARTS-Stabs an Ihr Foil anzupassen, indem der Winkel nach Ihren Bed\u00fcrfnissen eingestellt wird. Jeder Stabilisator wird mit einer H\u00fclle, einem Shim-Set passend zu Ihrem Foil (im Dropdown-Men\u00fc auszuw\u00e4hlen) sowie 2 l\u00e4ngeren Schrauben geliefert. Stabilisator aus gepressten Carbonfasern gefertigt. Die H\u00fcllen sind aus grauem Filz gefertigt. Die Anpassungsshims werden im 3D-Druck aus PETG hergestellt.<\/p>\n","protected":false},"featured_media":16285,"comment_status":"open","ping_status":"closed","template":"","meta":{"site-sidebar-layout":"default","site-content-layout":"","ast-site-content-layout":"default","site-content-style":"default","site-sidebar-style":"default","ast-global-header-display":"","ast-banner-title-visibility":"","ast-main-header-display":"","ast-hfb-above-header-display":"","ast-hfb-below-header-display":"","ast-hfb-mobile-header-display":"","site-post-title":"","ast-breadcrumbs-content":"","ast-featured-img":"","footer-sml-layout":"","ast-disable-related-posts":"","theme-transparent-header-meta":"default","adv-header-id-meta":"","stick-header-meta":"","header-above-stick-meta":"","header-main-stick-meta":"","header-below-stick-meta":"","astra-migrate-meta-layouts":"default","ast-page-background-enabled":"default","ast-page-background-meta":{"desktop":{"background-color":"var(--ast-global-color-4)","background-image":"","background-repeat":"repeat","background-position":"center center","background-size":"auto","background-attachment":"scroll","background-type":"","background-media":"","overlay-type":"","overlay-color":"","overlay-opacity":"","overlay-gradient":""},"tablet":{"background-color":"","background-image":"","background-repeat":"repeat","background-position":"center center","background-size":"auto","background-attachment":"scroll","background-type":"","background-media":"","overlay-type":"","overlay-color":"","overlay-opacity":"","overlay-gradient":""},"mobile":{"background-color":"","background-image":"","background-repeat":"repeat","background-position":"center center","background-size":"auto","background-attachment":"scroll","background-type":"","background-media":"","overlay-type":"","overlay-color":"","overlay-opacity":"","overlay-gradient":""}},"ast-content-background-meta":{"desktop":{"background-color":"var(--ast-global-color-5)","background-image":"","background-repeat":"repeat","background-position":"center center","background-size":"auto","background-attachment":"scroll","background-type":"","background-media":"","overlay-type":"","overlay-color":"","overlay-opacity":"","overlay-gradient":""},"tablet":{"background-color":"var(--ast-global-color-5)","background-image":"","background-repeat":"repeat","background-position":"center center","background-size":"auto","background-attachment":"scroll","background-type":"","background-media":"","overlay-type":"","overlay-color":"","overlay-opacity":"","overlay-gradient":""},"mobile":{"background-color":"var(--ast-global-color-5)","background-image":"","background-repeat":"repeat","background-position":"center center","background-size":"auto","background-attachment":"scroll","background-type":"","background-media":"","overlay-type":"","overlay-color":"","overlay-opacity":"","overlay-gradient":""}}},"product_brand":[],"product_cat":[208,211,219],"product_tag":[],"class_list":{"0":"post-16284","1":"product","2":"type-product","3":"status-publish","4":"has-post-thumbnail","6":"product_cat-angebote","7":"product_cat-foils","8":"product_cat-stabilisatoren-de","9":"desktop-align-center","10":"tablet-align-left","11":"mobile-align-left","12":"tm-has-options","14":"first","15":"instock","16":"sale","17":"taxable","18":"shipping-taxable","19":"purchasable","20":"product-type-variable"},"yoast_head":"<!-- This site is optimized with the Yoast SEO plugin v27.3 - https:\/\/yoast.com\/product\/yoast-seo-wordpress\/ -->\n<title>THAZARD V2 \u2013 WINGFOIL \u2013 FREERACE - KPARTS WATERSPORTS<\/title>\n<meta name=\"robots\" content=\"index, follow, max-snippet:-1, max-image-preview:large, max-video-preview:-1\" \/>\n<link rel=\"canonical\" href=\"https:\/\/kparts-watersports.com\/de\/produit\/thazard-v2-wingfoil-freerace\/\" \/>\n<meta property=\"og:locale\" content=\"de_DE\" \/>\n<meta property=\"og:type\" content=\"article\" \/>\n<meta property=\"og:title\" content=\"THAZARD V2 \u2013 WINGFOIL \u2013 FREERACE - KPARTS WATERSPORTS\" \/>\n<meta property=\"og:description\" content=\"[Abverkauf \u2013 AUF LAGER solange der Vorrat reicht] Der THAZARD V2 kommt auf den Markt und ersetzt den V1. Mit einem neuen Profil und einer 100 % Carbon-Konstruktion ist dieser Thazard V2 schlanker, leichter und bietet mehr Gleiten, w\u00e4hrend er gleichzeitig eine hohe Steifigkeit beibeh\u00e4lt. Die DNA des V1 bleibt erhalten: ein Stabilizer mit hoher Nickstabilit\u00e4t (d. h. in L\u00e4ngsrichtung), viel Kontrolle, um m\u00fchelos hohe Reisegeschwindigkeiten zu erreichen. Er liefert viel Druck und erm\u00f6glicht ein starkes H\u00f6helaufen! Dieser Stabilizer ist auf eine vielseitige Nutzung im Wingfoil ausgerichtet, sei es im Freeride, Freerace und sogar beim Carven, wo er ebenfalls \u00fcberzeugt! Zusammengefasst bietet dieser Stab Stabilit\u00e4t und maximale Gleitleistung bei voller Kontrolle. Erh\u00e4ltlich in 2 Gr\u00f6\u00dfen: \u2022 160 cm\u00b2 : 35,5 cm Spannweite \u2022 180 cm\u00b2 : 38 cm Spannweite Die Kparts-Stabilisatoren verf\u00fcgen auf beiden Seiten \u00fcber eine flache Auflagefl\u00e4che, sodass sie sowohl oberhalb des Fuselages (AXIS, F-ONE, Cabrinha usw.) als auch unterhalb (TAKUMA, AFS, Armstrong usw.) montiert werden k\u00f6nnen. Das hintere Loch ist l\u00e4nglich (Langloch), um einen Befestigungsabstand von 29 bis 35 mm je nach Marke zu erm\u00f6glichen. Das gew\u00e4hlte Shim-Set erm\u00f6glicht es, alle KPARTS-Stabs an Ihr Foil anzupassen, indem der Winkel nach Ihren Bed\u00fcrfnissen eingestellt wird. Jeder Stabilisator wird mit einer H\u00fclle, einem Shim-Set passend zu Ihrem Foil (im Dropdown-Men\u00fc auszuw\u00e4hlen) sowie 2 l\u00e4ngeren Schrauben geliefert. Stabilisator aus gepressten Carbonfasern gefertigt. Die H\u00fcllen sind aus grauem Filz gefertigt. Die Anpassungsshims werden im 3D-Druck aus PETG hergestellt.\" \/>\n<meta property=\"og:url\" content=\"https:\/\/kparts-watersports.com\/de\/produit\/thazard-v2-wingfoil-freerace\/\" \/>\n<meta property=\"og:site_name\" content=\"KPARTS WATERSPORTS\" \/>\n<meta property=\"article:publisher\" content=\"https:\/\/www.facebook.com\/people\/AP-3D-Custom\/100076804732870\/\" \/>\n<meta property=\"article:modified_time\" content=\"2026-04-23T10:44:47+00:00\" \/>\n<meta property=\"og:image\" content=\"https:\/\/kparts-watersports.com\/wp-content\/uploads\/2025\/06\/THAZARD-V2-WINGFOIL-FREERACE.jpg\" \/>\n\t<meta property=\"og:image:width\" content=\"1500\" \/>\n\t<meta property=\"og:image:height\" content=\"1500\" \/>\n\t<meta property=\"og:image:type\" content=\"image\/jpeg\" \/>\n<meta name=\"twitter:card\" content=\"summary_large_image\" \/>\n<meta name=\"twitter:label1\" content=\"Gesch\u00e4tzte Lesezeit\" \/>\n\t<meta name=\"twitter:data1\" content=\"1 minute\" \/>\n<script type=\"application\/ld+json\" class=\"yoast-schema-graph\">{\"@context\":\"https:\\\/\\\/schema.org\",\"@graph\":[{\"@type\":\"WebPage\",\"@id\":\"https:\\\/\\\/kparts-watersports.com\\\/de\\\/produit\\\/thazard-v2-wingfoil-freerace\\\/\",\"url\":\"https:\\\/\\\/kparts-watersports.com\\\/de\\\/produit\\\/thazard-v2-wingfoil-freerace\\\/\",\"name\":\"THAZARD V2 \u2013 WINGFOIL \u2013 FREERACE - KPARTS WATERSPORTS\",\"isPartOf\":{\"@id\":\"https:\\\/\\\/blanchedalmond-oryx-541128.hostingersite.com\\\/#website\"},\"primaryImageOfPage\":{\"@id\":\"https:\\\/\\\/kparts-watersports.com\\\/de\\\/produit\\\/thazard-v2-wingfoil-freerace\\\/#primaryimage\"},\"image\":{\"@id\":\"https:\\\/\\\/kparts-watersports.com\\\/de\\\/produit\\\/thazard-v2-wingfoil-freerace\\\/#primaryimage\"},\"thumbnailUrl\":\"https:\\\/\\\/kparts-watersports.com\\\/wp-content\\\/uploads\\\/2025\\\/06\\\/THAZARD-V2-WINGFOIL-FREERACE.jpg\",\"datePublished\":\"2025-06-28T13:45:22+00:00\",\"dateModified\":\"2026-04-23T10:44:47+00:00\",\"breadcrumb\":{\"@id\":\"https:\\\/\\\/kparts-watersports.com\\\/de\\\/produit\\\/thazard-v2-wingfoil-freerace\\\/#breadcrumb\"},\"inLanguage\":\"de-DE\",\"potentialAction\":[{\"@type\":\"ReadAction\",\"target\":[\"https:\\\/\\\/kparts-watersports.com\\\/de\\\/produit\\\/thazard-v2-wingfoil-freerace\\\/\"]}]},{\"@type\":\"ImageObject\",\"inLanguage\":\"de-DE\",\"@id\":\"https:\\\/\\\/kparts-watersports.com\\\/de\\\/produit\\\/thazard-v2-wingfoil-freerace\\\/#primaryimage\",\"url\":\"https:\\\/\\\/kparts-watersports.com\\\/wp-content\\\/uploads\\\/2025\\\/06\\\/THAZARD-V2-WINGFOIL-FREERACE.jpg\",\"contentUrl\":\"https:\\\/\\\/kparts-watersports.com\\\/wp-content\\\/uploads\\\/2025\\\/06\\\/THAZARD-V2-WINGFOIL-FREERACE.jpg\",\"width\":1500,\"height\":1500},{\"@type\":\"BreadcrumbList\",\"@id\":\"https:\\\/\\\/kparts-watersports.com\\\/de\\\/produit\\\/thazard-v2-wingfoil-freerace\\\/#breadcrumb\",\"itemListElement\":[{\"@type\":\"ListItem\",\"position\":1,\"name\":\"Accueil\",\"item\":\"https:\\\/\\\/kparts-watersports.com\\\/de\\\/accueil\\\/\"},{\"@type\":\"ListItem\",\"position\":2,\"name\":\"Shop\",\"item\":\"https:\\\/\\\/kparts-watersports.com\\\/boutique-w\\\/\"},{\"@type\":\"ListItem\",\"position\":3,\"name\":\"THAZARD V2 \u2013 WINGFOIL \u2013 FREERACE\"}]},{\"@type\":\"WebSite\",\"@id\":\"https:\\\/\\\/blanchedalmond-oryx-541128.hostingersite.com\\\/#website\",\"url\":\"https:\\\/\\\/blanchedalmond-oryx-541128.hostingersite.com\\\/\",\"name\":\"KPARTS WATERSPORTS\",\"description\":\"Accessoires custom pour sports nautiques\",\"publisher\":{\"@id\":\"https:\\\/\\\/blanchedalmond-oryx-541128.hostingersite.com\\\/#organization\"},\"potentialAction\":[{\"@type\":\"SearchAction\",\"target\":{\"@type\":\"EntryPoint\",\"urlTemplate\":\"https:\\\/\\\/blanchedalmond-oryx-541128.hostingersite.com\\\/?s={search_term_string}\"},\"query-input\":{\"@type\":\"PropertyValueSpecification\",\"valueRequired\":true,\"valueName\":\"search_term_string\"}}],\"inLanguage\":\"de-DE\"},{\"@type\":\"Organization\",\"@id\":\"https:\\\/\\\/blanchedalmond-oryx-541128.hostingersite.com\\\/#organization\",\"name\":\"KPARTS WATERSPORTS\",\"url\":\"https:\\\/\\\/blanchedalmond-oryx-541128.hostingersite.com\\\/\",\"logo\":{\"@type\":\"ImageObject\",\"inLanguage\":\"de-DE\",\"@id\":\"https:\\\/\\\/blanchedalmond-oryx-541128.hostingersite.com\\\/#\\\/schema\\\/logo\\\/image\\\/\",\"url\":\"https:\\\/\\\/kparts-watersports.ovh\\\/wp-content\\\/uploads\\\/2024\\\/09\\\/Kparts-Logo-Favicon.jpg\",\"contentUrl\":\"https:\\\/\\\/kparts-watersports.ovh\\\/wp-content\\\/uploads\\\/2024\\\/09\\\/Kparts-Logo-Favicon.jpg\",\"width\":600,\"height\":600,\"caption\":\"KPARTS WATERSPORTS\"},\"image\":{\"@id\":\"https:\\\/\\\/blanchedalmond-oryx-541128.hostingersite.com\\\/#\\\/schema\\\/logo\\\/image\\\/\"},\"sameAs\":[\"https:\\\/\\\/www.facebook.com\\\/people\\\/AP-3D-Custom\\\/100076804732870\\\/\",\"https:\\\/\\\/www.instagram.com\\\/ap3dcustom\\\/\"]}]}<\/script>\n<!-- \/ Yoast SEO plugin. -->","yoast_head_json":{"title":"THAZARD V2 \u2013 WINGFOIL \u2013 FREERACE - KPARTS WATERSPORTS","robots":{"index":"index","follow":"follow","max-snippet":"max-snippet:-1","max-image-preview":"max-image-preview:large","max-video-preview":"max-video-preview:-1"},"canonical":"https:\/\/kparts-watersports.com\/de\/produit\/thazard-v2-wingfoil-freerace\/","og_locale":"de_DE","og_type":"article","og_title":"THAZARD V2 \u2013 WINGFOIL \u2013 FREERACE - KPARTS WATERSPORTS","og_description":"[Abverkauf \u2013 AUF LAGER solange der Vorrat reicht] Der THAZARD V2 kommt auf den Markt und ersetzt den V1. Mit einem neuen Profil und einer 100 % Carbon-Konstruktion ist dieser Thazard V2 schlanker, leichter und bietet mehr Gleiten, w\u00e4hrend er gleichzeitig eine hohe Steifigkeit beibeh\u00e4lt. Die DNA des V1 bleibt erhalten: ein Stabilizer mit hoher Nickstabilit\u00e4t (d. h. in L\u00e4ngsrichtung), viel Kontrolle, um m\u00fchelos hohe Reisegeschwindigkeiten zu erreichen. Er liefert viel Druck und erm\u00f6glicht ein starkes H\u00f6helaufen! Dieser Stabilizer ist auf eine vielseitige Nutzung im Wingfoil ausgerichtet, sei es im Freeride, Freerace und sogar beim Carven, wo er ebenfalls \u00fcberzeugt! Zusammengefasst bietet dieser Stab Stabilit\u00e4t und maximale Gleitleistung bei voller Kontrolle. Erh\u00e4ltlich in 2 Gr\u00f6\u00dfen: \u2022 160 cm\u00b2 : 35,5 cm Spannweite \u2022 180 cm\u00b2 : 38 cm Spannweite Die Kparts-Stabilisatoren verf\u00fcgen auf beiden Seiten \u00fcber eine flache Auflagefl\u00e4che, sodass sie sowohl oberhalb des Fuselages (AXIS, F-ONE, Cabrinha usw.) als auch unterhalb (TAKUMA, AFS, Armstrong usw.) montiert werden k\u00f6nnen. Das hintere Loch ist l\u00e4nglich (Langloch), um einen Befestigungsabstand von 29 bis 35 mm je nach Marke zu erm\u00f6glichen. Das gew\u00e4hlte Shim-Set erm\u00f6glicht es, alle KPARTS-Stabs an Ihr Foil anzupassen, indem der Winkel nach Ihren Bed\u00fcrfnissen eingestellt wird. Jeder Stabilisator wird mit einer H\u00fclle, einem Shim-Set passend zu Ihrem Foil (im Dropdown-Men\u00fc auszuw\u00e4hlen) sowie 2 l\u00e4ngeren Schrauben geliefert. Stabilisator aus gepressten Carbonfasern gefertigt. Die H\u00fcllen sind aus grauem Filz gefertigt. Die Anpassungsshims werden im 3D-Druck aus PETG hergestellt.","og_url":"https:\/\/kparts-watersports.com\/de\/produit\/thazard-v2-wingfoil-freerace\/","og_site_name":"KPARTS WATERSPORTS","article_publisher":"https:\/\/www.facebook.com\/people\/AP-3D-Custom\/100076804732870\/","article_modified_time":"2026-04-23T10:44:47+00:00","og_image":[{"width":1500,"height":1500,"url":"https:\/\/kparts-watersports.com\/wp-content\/uploads\/2025\/06\/THAZARD-V2-WINGFOIL-FREERACE.jpg","type":"image\/jpeg"}],"twitter_card":"summary_large_image","twitter_misc":{"Gesch\u00e4tzte Lesezeit":"1 minute"},"schema":{"@context":"https:\/\/schema.org","@graph":[{"@type":"WebPage","@id":"https:\/\/kparts-watersports.com\/de\/produit\/thazard-v2-wingfoil-freerace\/","url":"https:\/\/kparts-watersports.com\/de\/produit\/thazard-v2-wingfoil-freerace\/","name":"THAZARD V2 \u2013 WINGFOIL \u2013 FREERACE - KPARTS WATERSPORTS","isPartOf":{"@id":"https:\/\/blanchedalmond-oryx-541128.hostingersite.com\/#website"},"primaryImageOfPage":{"@id":"https:\/\/kparts-watersports.com\/de\/produit\/thazard-v2-wingfoil-freerace\/#primaryimage"},"image":{"@id":"https:\/\/kparts-watersports.com\/de\/produit\/thazard-v2-wingfoil-freerace\/#primaryimage"},"thumbnailUrl":"https:\/\/kparts-watersports.com\/wp-content\/uploads\/2025\/06\/THAZARD-V2-WINGFOIL-FREERACE.jpg","datePublished":"2025-06-28T13:45:22+00:00","dateModified":"2026-04-23T10:44:47+00:00","breadcrumb":{"@id":"https:\/\/kparts-watersports.com\/de\/produit\/thazard-v2-wingfoil-freerace\/#breadcrumb"},"inLanguage":"de-DE","potentialAction":[{"@type":"ReadAction","target":["https:\/\/kparts-watersports.com\/de\/produit\/thazard-v2-wingfoil-freerace\/"]}]},{"@type":"ImageObject","inLanguage":"de-DE","@id":"https:\/\/kparts-watersports.com\/de\/produit\/thazard-v2-wingfoil-freerace\/#primaryimage","url":"https:\/\/kparts-watersports.com\/wp-content\/uploads\/2025\/06\/THAZARD-V2-WINGFOIL-FREERACE.jpg","contentUrl":"https:\/\/kparts-watersports.com\/wp-content\/uploads\/2025\/06\/THAZARD-V2-WINGFOIL-FREERACE.jpg","width":1500,"height":1500},{"@type":"BreadcrumbList","@id":"https:\/\/kparts-watersports.com\/de\/produit\/thazard-v2-wingfoil-freerace\/#breadcrumb","itemListElement":[{"@type":"ListItem","position":1,"name":"Accueil","item":"https:\/\/kparts-watersports.com\/de\/accueil\/"},{"@type":"ListItem","position":2,"name":"Shop","item":"https:\/\/kparts-watersports.com\/boutique-w\/"},{"@type":"ListItem","position":3,"name":"THAZARD V2 \u2013 WINGFOIL \u2013 FREERACE"}]},{"@type":"WebSite","@id":"https:\/\/blanchedalmond-oryx-541128.hostingersite.com\/#website","url":"https:\/\/blanchedalmond-oryx-541128.hostingersite.com\/","name":"KPARTS WATERSPORTS","description":"Accessoires custom pour sports nautiques","publisher":{"@id":"https:\/\/blanchedalmond-oryx-541128.hostingersite.com\/#organization"},"potentialAction":[{"@type":"SearchAction","target":{"@type":"EntryPoint","urlTemplate":"https:\/\/blanchedalmond-oryx-541128.hostingersite.com\/?s={search_term_string}"},"query-input":{"@type":"PropertyValueSpecification","valueRequired":true,"valueName":"search_term_string"}}],"inLanguage":"de-DE"},{"@type":"Organization","@id":"https:\/\/blanchedalmond-oryx-541128.hostingersite.com\/#organization","name":"KPARTS WATERSPORTS","url":"https:\/\/blanchedalmond-oryx-541128.hostingersite.com\/","logo":{"@type":"ImageObject","inLanguage":"de-DE","@id":"https:\/\/blanchedalmond-oryx-541128.hostingersite.com\/#\/schema\/logo\/image\/","url":"https:\/\/kparts-watersports.ovh\/wp-content\/uploads\/2024\/09\/Kparts-Logo-Favicon.jpg","contentUrl":"https:\/\/kparts-watersports.ovh\/wp-content\/uploads\/2024\/09\/Kparts-Logo-Favicon.jpg","width":600,"height":600,"caption":"KPARTS WATERSPORTS"},"image":{"@id":"https:\/\/blanchedalmond-oryx-541128.hostingersite.com\/#\/schema\/logo\/image\/"},"sameAs":["https:\/\/www.facebook.com\/people\/AP-3D-Custom\/100076804732870\/","https:\/\/www.instagram.com\/ap3dcustom\/"]}]}},"jetpack_sharing_enabled":true,"_links":{"self":[{"href":"https:\/\/kparts-watersports.com\/de\/wp-json\/wp\/v2\/product\/16284","targetHints":{"allow":["GET"]}}],"collection":[{"href":"https:\/\/kparts-watersports.com\/de\/wp-json\/wp\/v2\/product"}],"about":[{"href":"https:\/\/kparts-watersports.com\/de\/wp-json\/wp\/v2\/types\/product"}],"replies":[{"embeddable":true,"href":"https:\/\/kparts-watersports.com\/de\/wp-json\/wp\/v2\/comments?post=16284"}],"wp:featuredmedia":[{"embeddable":true,"href":"https:\/\/kparts-watersports.com\/de\/wp-json\/wp\/v2\/media\/16285"}],"wp:attachment":[{"href":"https:\/\/kparts-watersports.com\/de\/wp-json\/wp\/v2\/media?parent=16284"}],"wp:term":[{"taxonomy":"product_brand","embeddable":true,"href":"https:\/\/kparts-watersports.com\/de\/wp-json\/wp\/v2\/product_brand?post=16284"},{"taxonomy":"product_cat","embeddable":true,"href":"https:\/\/kparts-watersports.com\/de\/wp-json\/wp\/v2\/product_cat?post=16284"},{"taxonomy":"product_tag","embeddable":true,"href":"https:\/\/kparts-watersports.com\/de\/wp-json\/wp\/v2\/product_tag?post=16284"}],"curies":[{"name":"wp","href":"https:\/\/api.w.org\/{rel}","templated":true}]}}