{"id":16409,"date":"2025-06-29T03:36:56","date_gmt":"2025-06-29T01:36:56","guid":{"rendered":"https:\/\/kparts-watersports.com\/produit\/propeller-mit-3-blaettern-aluminium-e-foil\/"},"modified":"2025-06-29T03:36:56","modified_gmt":"2025-06-29T01:36:56","slug":"propeller-mit-3-blaettern-aluminium-e-foil","status":"publish","type":"product","link":"https:\/\/kparts-watersports.com\/de\/produit\/propeller-mit-3-blaettern-aluminium-e-foil\/","title":{"rendered":"Propeller mit 3 Bl\u00e4ttern \u2013 Aluminium \u2013 E-Foil"},"content":{"rendered":"<p><strong>[Wieder auf Lager Ende April 2026]<\/strong><\/p>\n<p>Ultra Premium-Propeller mit 3 Bl\u00e4ttern, 160 mm Spannweite, klappbar.<\/p>\n<p>Schlichtes und ergonomisches Design zur Steigerung der Leistung Ihres E-Foils.<\/p>\n<p>Die Bl\u00e4tter sind aus Aluminium 6061-T6 gefr\u00e4st. Sehr d\u00fcnn und dennoch steif gew\u00e4hrleisten sie <strong data-redactor-tag=\"strong\">maximale Effizien<\/strong>z ohne Kompromisse. <\/p>\n<p>Aluminiumbl\u00e4tter sind sowohl d\u00fcnner als auch steifer als Kunststoffbl\u00e4tter.<\/p>\n<p>Die 3 Bl\u00e4tter sorgen f\u00fcr einen besseren Fahrkomfort, weniger Kavitation und eine insgesamt h\u00f6here Effizienz als ein 2-Blatt-Propeller.<\/p>\n<p>Wenn der Motor nicht in Betrieb ist, klappen die Bl\u00e4tter ein und reduzieren den Widerstand.<\/p>\n<p>Die Bl\u00e4tter werden mit 3 Titanschrauben (im Lieferumfang enthalten) an der zentralen Nabe befestigt.<\/p>\n<p>Die Befestigung am Motor erfolgt mit 4 Schrauben (im Lieferumfang enthalten, Edelstahl A4).<\/p>\n<p>Kompatibel mit den meisten g\u00e4ngigen 63-mm-Motoren (Typ SAITE, FOILDRIVE\u00ae) oder MAYTECH, bitte \u00fcberpr\u00fcfen Sie die Ma\u00dfe und den Befestigungsabstand.<\/p>\n<p>WARNUNG: Die Verwendung dieses Propellers birgt Risiken, insbesondere Verletzungen oder Schnittwunden. AP 3D CUSTOM \u00fcbernimmt keine Haftung f\u00fcr Personen-, Sachsch\u00e4den oder unsachgem\u00e4\u00dfe Verwendung. Gehen Sie vorsichtig damit um, beachten Sie die Sicherheitshinweise und n\u00e4hern Sie sich niemals dem Propeller, w\u00e4hrend der Motor l\u00e4uft. Kauf und Nutzung dieses Produkts erfolgen auf eigene Gefahr.   <\/p>\n","protected":false},"excerpt":{"rendered":"<p>[Wieder auf Lager Ende April 2026] Ultra Premium-Propeller mit 3 Bl\u00e4ttern, 160 mm Spannweite, klappbar. Schlichtes und ergonomisches Design zur Steigerung der Leistung Ihres E-Foils. Die Bl\u00e4tter sind aus Aluminium 6061-T6 gefr\u00e4st. Sehr d\u00fcnn und dennoch steif gew\u00e4hrleisten sie maximale Effizienz ohne Kompromisse. Aluminiumbl\u00e4tter sind sowohl d\u00fcnner als auch steifer als Kunststoffbl\u00e4tter. Die 3 Bl\u00e4tter sorgen f\u00fcr einen besseren Fahrkomfort, weniger Kavitation und eine insgesamt h\u00f6here Effizienz als ein 2-Blatt-Propeller. Wenn der Motor nicht in Betrieb ist, klappen die Bl\u00e4tter ein und reduzieren den Widerstand. Die Bl\u00e4tter werden mit 3 Titanschrauben (im Lieferumfang enthalten) an der zentralen Nabe befestigt. Die Befestigung am Motor erfolgt mit 4 Schrauben (im Lieferumfang enthalten, Edelstahl A4). Kompatibel mit den meisten g\u00e4ngigen 63-mm-Motoren (Typ SAITE, FOILDRIVE\u00ae) oder MAYTECH, bitte \u00fcberpr\u00fcfen Sie die Ma\u00dfe und den Befestigungsabstand. WARNUNG: Die Verwendung dieses Propellers birgt Risiken, insbesondere Verletzungen oder Schnittwunden. AP 3D CUSTOM \u00fcbernimmt keine Haftung f\u00fcr Personen-, Sachsch\u00e4den oder unsachgem\u00e4\u00dfe Verwendung. Gehen Sie vorsichtig damit um, beachten Sie die Sicherheitshinweise und n\u00e4hern Sie sich niemals dem Propeller, w\u00e4hrend der Motor l\u00e4uft. Kauf und Nutzung dieses Produkts erfolgen auf eigene Gefahr.<\/p>\n","protected":false},"featured_media":16410,"comment_status":"open","ping_status":"closed","template":"","meta":{"site-sidebar-layout":"default","site-content-layout":"","ast-site-content-layout":"default","site-content-style":"default","site-sidebar-style":"default","ast-global-header-display":"","ast-banner-title-visibility":"","ast-main-header-display":"","ast-hfb-above-header-display":"","ast-hfb-below-header-display":"","ast-hfb-mobile-header-display":"","site-post-title":"","ast-breadcrumbs-content":"","ast-featured-img":"","footer-sml-layout":"","ast-disable-related-posts":"","theme-transparent-header-meta":"default","adv-header-id-meta":"","stick-header-meta":"","header-above-stick-meta":"","header-main-stick-meta":"","header-below-stick-meta":"","astra-migrate-meta-layouts":"default","ast-page-background-enabled":"default","ast-page-background-meta":{"desktop":{"background-color":"var(--ast-global-color-4)","background-image":"","background-repeat":"repeat","background-position":"center center","background-size":"auto","background-attachment":"scroll","background-type":"","background-media":"","overlay-type":"","overlay-color":"","overlay-opacity":"","overlay-gradient":""},"tablet":{"background-color":"","background-image":"","background-repeat":"repeat","background-position":"center center","background-size":"auto","background-attachment":"scroll","background-type":"","background-media":"","overlay-type":"","overlay-color":"","overlay-opacity":"","overlay-gradient":""},"mobile":{"background-color":"","background-image":"","background-repeat":"repeat","background-position":"center center","background-size":"auto","background-attachment":"scroll","background-type":"","background-media":"","overlay-type":"","overlay-color":"","overlay-opacity":"","overlay-gradient":""}},"ast-content-background-meta":{"desktop":{"background-color":"var(--ast-global-color-5)","background-image":"","background-repeat":"repeat","background-position":"center center","background-size":"auto","background-attachment":"scroll","background-type":"","background-media":"","overlay-type":"","overlay-color":"","overlay-opacity":"","overlay-gradient":""},"tablet":{"background-color":"var(--ast-global-color-5)","background-image":"","background-repeat":"repeat","background-position":"center center","background-size":"auto","background-attachment":"scroll","background-type":"","background-media":"","overlay-type":"","overlay-color":"","overlay-opacity":"","overlay-gradient":""},"mobile":{"background-color":"var(--ast-global-color-5)","background-image":"","background-repeat":"repeat","background-position":"center center","background-size":"auto","background-attachment":"scroll","background-type":"","background-media":"","overlay-type":"","overlay-color":"","overlay-opacity":"","overlay-gradient":""}}},"product_brand":[],"product_cat":[233,236],"product_tag":[],"class_list":{"0":"post-16409","1":"product","2":"type-product","3":"status-publish","4":"has-post-thumbnail","6":"product_cat-e-foil-pod-propeller-zubehor","7":"product_cat-foil-assist-de","8":"desktop-align-center","9":"tablet-align-left","10":"mobile-align-left","11":"tm-no-options","13":"first","14":"outofstock","15":"taxable","16":"shipping-taxable","17":"purchasable","18":"product-type-variable"},"yoast_head":"<!-- This site is optimized with the Yoast SEO plugin v27.3 - https:\/\/yoast.com\/product\/yoast-seo-wordpress\/ -->\n<title>Propeller mit 3 Bl\u00e4ttern \u2013 Aluminium \u2013 E-Foil - KPARTS WATERSPORTS<\/title>\n<meta name=\"robots\" content=\"index, follow, max-snippet:-1, max-image-preview:large, max-video-preview:-1\" \/>\n<link rel=\"canonical\" href=\"https:\/\/kparts-watersports.com\/de\/produit\/propeller-mit-3-blaettern-aluminium-e-foil\/\" \/>\n<meta property=\"og:locale\" content=\"de_DE\" \/>\n<meta property=\"og:type\" content=\"article\" \/>\n<meta property=\"og:title\" content=\"Propeller mit 3 Bl\u00e4ttern \u2013 Aluminium \u2013 E-Foil - KPARTS WATERSPORTS\" \/>\n<meta property=\"og:description\" content=\"[Wieder auf Lager Ende April 2026] Ultra Premium-Propeller mit 3 Bl\u00e4ttern, 160 mm Spannweite, klappbar. Schlichtes und ergonomisches Design zur Steigerung der Leistung Ihres E-Foils. Die Bl\u00e4tter sind aus Aluminium 6061-T6 gefr\u00e4st. Sehr d\u00fcnn und dennoch steif gew\u00e4hrleisten sie maximale Effizienz ohne Kompromisse. Aluminiumbl\u00e4tter sind sowohl d\u00fcnner als auch steifer als Kunststoffbl\u00e4tter. Die 3 Bl\u00e4tter sorgen f\u00fcr einen besseren Fahrkomfort, weniger Kavitation und eine insgesamt h\u00f6here Effizienz als ein 2-Blatt-Propeller. Wenn der Motor nicht in Betrieb ist, klappen die Bl\u00e4tter ein und reduzieren den Widerstand. Die Bl\u00e4tter werden mit 3 Titanschrauben (im Lieferumfang enthalten) an der zentralen Nabe befestigt. Die Befestigung am Motor erfolgt mit 4 Schrauben (im Lieferumfang enthalten, Edelstahl A4). Kompatibel mit den meisten g\u00e4ngigen 63-mm-Motoren (Typ SAITE, FOILDRIVE\u00ae) oder MAYTECH, bitte \u00fcberpr\u00fcfen Sie die Ma\u00dfe und den Befestigungsabstand. WARNUNG: Die Verwendung dieses Propellers birgt Risiken, insbesondere Verletzungen oder Schnittwunden. AP 3D CUSTOM \u00fcbernimmt keine Haftung f\u00fcr Personen-, Sachsch\u00e4den oder unsachgem\u00e4\u00dfe Verwendung. Gehen Sie vorsichtig damit um, beachten Sie die Sicherheitshinweise und n\u00e4hern Sie sich niemals dem Propeller, w\u00e4hrend der Motor l\u00e4uft. Kauf und Nutzung dieses Produkts erfolgen auf eigene Gefahr.\" \/>\n<meta property=\"og:url\" content=\"https:\/\/kparts-watersports.com\/de\/produit\/propeller-mit-3-blaettern-aluminium-e-foil\/\" \/>\n<meta property=\"og:site_name\" content=\"KPARTS WATERSPORTS\" \/>\n<meta property=\"article:publisher\" content=\"https:\/\/www.facebook.com\/people\/AP-3D-Custom\/100076804732870\/\" \/>\n<meta property=\"og:image\" content=\"https:\/\/kparts-watersports.com\/wp-content\/uploads\/2025\/06\/Propeller-3-pales-Aluminium-Efoil.webp\" \/>\n\t<meta property=\"og:image:width\" content=\"1080\" \/>\n\t<meta property=\"og:image:height\" content=\"1080\" \/>\n\t<meta property=\"og:image:type\" content=\"image\/webp\" \/>\n<meta name=\"twitter:card\" content=\"summary_large_image\" \/>\n<meta name=\"twitter:label1\" content=\"Gesch\u00e4tzte Lesezeit\" \/>\n\t<meta name=\"twitter:data1\" content=\"1 minute\" \/>\n<script type=\"application\/ld+json\" class=\"yoast-schema-graph\">{\"@context\":\"https:\\\/\\\/schema.org\",\"@graph\":[{\"@type\":\"WebPage\",\"@id\":\"https:\\\/\\\/kparts-watersports.com\\\/de\\\/produit\\\/propeller-mit-3-blaettern-aluminium-e-foil\\\/\",\"url\":\"https:\\\/\\\/kparts-watersports.com\\\/de\\\/produit\\\/propeller-mit-3-blaettern-aluminium-e-foil\\\/\",\"name\":\"Propeller mit 3 Bl\u00e4ttern \u2013 Aluminium \u2013 E-Foil - KPARTS WATERSPORTS\",\"isPartOf\":{\"@id\":\"https:\\\/\\\/blanchedalmond-oryx-541128.hostingersite.com\\\/#website\"},\"primaryImageOfPage\":{\"@id\":\"https:\\\/\\\/kparts-watersports.com\\\/de\\\/produit\\\/propeller-mit-3-blaettern-aluminium-e-foil\\\/#primaryimage\"},\"image\":{\"@id\":\"https:\\\/\\\/kparts-watersports.com\\\/de\\\/produit\\\/propeller-mit-3-blaettern-aluminium-e-foil\\\/#primaryimage\"},\"thumbnailUrl\":\"https:\\\/\\\/kparts-watersports.com\\\/wp-content\\\/uploads\\\/2025\\\/06\\\/Propeller-3-pales-Aluminium-Efoil.webp\",\"datePublished\":\"2025-06-29T01:36:56+00:00\",\"breadcrumb\":{\"@id\":\"https:\\\/\\\/kparts-watersports.com\\\/de\\\/produit\\\/propeller-mit-3-blaettern-aluminium-e-foil\\\/#breadcrumb\"},\"inLanguage\":\"de-DE\",\"potentialAction\":[{\"@type\":\"ReadAction\",\"target\":[\"https:\\\/\\\/kparts-watersports.com\\\/de\\\/produit\\\/propeller-mit-3-blaettern-aluminium-e-foil\\\/\"]}]},{\"@type\":\"ImageObject\",\"inLanguage\":\"de-DE\",\"@id\":\"https:\\\/\\\/kparts-watersports.com\\\/de\\\/produit\\\/propeller-mit-3-blaettern-aluminium-e-foil\\\/#primaryimage\",\"url\":\"https:\\\/\\\/kparts-watersports.com\\\/wp-content\\\/uploads\\\/2025\\\/06\\\/Propeller-3-pales-Aluminium-Efoil.webp\",\"contentUrl\":\"https:\\\/\\\/kparts-watersports.com\\\/wp-content\\\/uploads\\\/2025\\\/06\\\/Propeller-3-pales-Aluminium-Efoil.webp\",\"width\":1080,\"height\":1080,\"caption\":\"Propeller 3 pales - Aluminium - Efoil\"},{\"@type\":\"BreadcrumbList\",\"@id\":\"https:\\\/\\\/kparts-watersports.com\\\/de\\\/produit\\\/propeller-mit-3-blaettern-aluminium-e-foil\\\/#breadcrumb\",\"itemListElement\":[{\"@type\":\"ListItem\",\"position\":1,\"name\":\"Accueil\",\"item\":\"https:\\\/\\\/kparts-watersports.com\\\/de\\\/accueil\\\/\"},{\"@type\":\"ListItem\",\"position\":2,\"name\":\"Shop\",\"item\":\"https:\\\/\\\/kparts-watersports.com\\\/boutique-w\\\/\"},{\"@type\":\"ListItem\",\"position\":3,\"name\":\"Propeller mit 3 Bl\u00e4ttern \u2013 Aluminium \u2013 E-Foil\"}]},{\"@type\":\"WebSite\",\"@id\":\"https:\\\/\\\/blanchedalmond-oryx-541128.hostingersite.com\\\/#website\",\"url\":\"https:\\\/\\\/blanchedalmond-oryx-541128.hostingersite.com\\\/\",\"name\":\"KPARTS WATERSPORTS\",\"description\":\"Accessoires custom pour sports nautiques\",\"publisher\":{\"@id\":\"https:\\\/\\\/blanchedalmond-oryx-541128.hostingersite.com\\\/#organization\"},\"potentialAction\":[{\"@type\":\"SearchAction\",\"target\":{\"@type\":\"EntryPoint\",\"urlTemplate\":\"https:\\\/\\\/blanchedalmond-oryx-541128.hostingersite.com\\\/?s={search_term_string}\"},\"query-input\":{\"@type\":\"PropertyValueSpecification\",\"valueRequired\":true,\"valueName\":\"search_term_string\"}}],\"inLanguage\":\"de-DE\"},{\"@type\":\"Organization\",\"@id\":\"https:\\\/\\\/blanchedalmond-oryx-541128.hostingersite.com\\\/#organization\",\"name\":\"KPARTS WATERSPORTS\",\"url\":\"https:\\\/\\\/blanchedalmond-oryx-541128.hostingersite.com\\\/\",\"logo\":{\"@type\":\"ImageObject\",\"inLanguage\":\"de-DE\",\"@id\":\"https:\\\/\\\/blanchedalmond-oryx-541128.hostingersite.com\\\/#\\\/schema\\\/logo\\\/image\\\/\",\"url\":\"https:\\\/\\\/kparts-watersports.ovh\\\/wp-content\\\/uploads\\\/2024\\\/09\\\/Kparts-Logo-Favicon.jpg\",\"contentUrl\":\"https:\\\/\\\/kparts-watersports.ovh\\\/wp-content\\\/uploads\\\/2024\\\/09\\\/Kparts-Logo-Favicon.jpg\",\"width\":600,\"height\":600,\"caption\":\"KPARTS WATERSPORTS\"},\"image\":{\"@id\":\"https:\\\/\\\/blanchedalmond-oryx-541128.hostingersite.com\\\/#\\\/schema\\\/logo\\\/image\\\/\"},\"sameAs\":[\"https:\\\/\\\/www.facebook.com\\\/people\\\/AP-3D-Custom\\\/100076804732870\\\/\",\"https:\\\/\\\/www.instagram.com\\\/ap3dcustom\\\/\"]}]}<\/script>\n<!-- \/ Yoast SEO plugin. -->","yoast_head_json":{"title":"Propeller mit 3 Bl\u00e4ttern \u2013 Aluminium \u2013 E-Foil - KPARTS WATERSPORTS","robots":{"index":"index","follow":"follow","max-snippet":"max-snippet:-1","max-image-preview":"max-image-preview:large","max-video-preview":"max-video-preview:-1"},"canonical":"https:\/\/kparts-watersports.com\/de\/produit\/propeller-mit-3-blaettern-aluminium-e-foil\/","og_locale":"de_DE","og_type":"article","og_title":"Propeller mit 3 Bl\u00e4ttern \u2013 Aluminium \u2013 E-Foil - KPARTS WATERSPORTS","og_description":"[Wieder auf Lager Ende April 2026] Ultra Premium-Propeller mit 3 Bl\u00e4ttern, 160 mm Spannweite, klappbar. Schlichtes und ergonomisches Design zur Steigerung der Leistung Ihres E-Foils. Die Bl\u00e4tter sind aus Aluminium 6061-T6 gefr\u00e4st. Sehr d\u00fcnn und dennoch steif gew\u00e4hrleisten sie maximale Effizienz ohne Kompromisse. Aluminiumbl\u00e4tter sind sowohl d\u00fcnner als auch steifer als Kunststoffbl\u00e4tter. Die 3 Bl\u00e4tter sorgen f\u00fcr einen besseren Fahrkomfort, weniger Kavitation und eine insgesamt h\u00f6here Effizienz als ein 2-Blatt-Propeller. Wenn der Motor nicht in Betrieb ist, klappen die Bl\u00e4tter ein und reduzieren den Widerstand. Die Bl\u00e4tter werden mit 3 Titanschrauben (im Lieferumfang enthalten) an der zentralen Nabe befestigt. Die Befestigung am Motor erfolgt mit 4 Schrauben (im Lieferumfang enthalten, Edelstahl A4). Kompatibel mit den meisten g\u00e4ngigen 63-mm-Motoren (Typ SAITE, FOILDRIVE\u00ae) oder MAYTECH, bitte \u00fcberpr\u00fcfen Sie die Ma\u00dfe und den Befestigungsabstand. WARNUNG: Die Verwendung dieses Propellers birgt Risiken, insbesondere Verletzungen oder Schnittwunden. AP 3D CUSTOM \u00fcbernimmt keine Haftung f\u00fcr Personen-, Sachsch\u00e4den oder unsachgem\u00e4\u00dfe Verwendung. Gehen Sie vorsichtig damit um, beachten Sie die Sicherheitshinweise und n\u00e4hern Sie sich niemals dem Propeller, w\u00e4hrend der Motor l\u00e4uft. Kauf und Nutzung dieses Produkts erfolgen auf eigene Gefahr.","og_url":"https:\/\/kparts-watersports.com\/de\/produit\/propeller-mit-3-blaettern-aluminium-e-foil\/","og_site_name":"KPARTS WATERSPORTS","article_publisher":"https:\/\/www.facebook.com\/people\/AP-3D-Custom\/100076804732870\/","og_image":[{"width":1080,"height":1080,"url":"https:\/\/kparts-watersports.com\/wp-content\/uploads\/2025\/06\/Propeller-3-pales-Aluminium-Efoil.webp","type":"image\/webp"}],"twitter_card":"summary_large_image","twitter_misc":{"Gesch\u00e4tzte Lesezeit":"1 minute"},"schema":{"@context":"https:\/\/schema.org","@graph":[{"@type":"WebPage","@id":"https:\/\/kparts-watersports.com\/de\/produit\/propeller-mit-3-blaettern-aluminium-e-foil\/","url":"https:\/\/kparts-watersports.com\/de\/produit\/propeller-mit-3-blaettern-aluminium-e-foil\/","name":"Propeller mit 3 Bl\u00e4ttern \u2013 Aluminium \u2013 E-Foil - KPARTS WATERSPORTS","isPartOf":{"@id":"https:\/\/blanchedalmond-oryx-541128.hostingersite.com\/#website"},"primaryImageOfPage":{"@id":"https:\/\/kparts-watersports.com\/de\/produit\/propeller-mit-3-blaettern-aluminium-e-foil\/#primaryimage"},"image":{"@id":"https:\/\/kparts-watersports.com\/de\/produit\/propeller-mit-3-blaettern-aluminium-e-foil\/#primaryimage"},"thumbnailUrl":"https:\/\/kparts-watersports.com\/wp-content\/uploads\/2025\/06\/Propeller-3-pales-Aluminium-Efoil.webp","datePublished":"2025-06-29T01:36:56+00:00","breadcrumb":{"@id":"https:\/\/kparts-watersports.com\/de\/produit\/propeller-mit-3-blaettern-aluminium-e-foil\/#breadcrumb"},"inLanguage":"de-DE","potentialAction":[{"@type":"ReadAction","target":["https:\/\/kparts-watersports.com\/de\/produit\/propeller-mit-3-blaettern-aluminium-e-foil\/"]}]},{"@type":"ImageObject","inLanguage":"de-DE","@id":"https:\/\/kparts-watersports.com\/de\/produit\/propeller-mit-3-blaettern-aluminium-e-foil\/#primaryimage","url":"https:\/\/kparts-watersports.com\/wp-content\/uploads\/2025\/06\/Propeller-3-pales-Aluminium-Efoil.webp","contentUrl":"https:\/\/kparts-watersports.com\/wp-content\/uploads\/2025\/06\/Propeller-3-pales-Aluminium-Efoil.webp","width":1080,"height":1080,"caption":"Propeller 3 pales - Aluminium - Efoil"},{"@type":"BreadcrumbList","@id":"https:\/\/kparts-watersports.com\/de\/produit\/propeller-mit-3-blaettern-aluminium-e-foil\/#breadcrumb","itemListElement":[{"@type":"ListItem","position":1,"name":"Accueil","item":"https:\/\/kparts-watersports.com\/de\/accueil\/"},{"@type":"ListItem","position":2,"name":"Shop","item":"https:\/\/kparts-watersports.com\/boutique-w\/"},{"@type":"ListItem","position":3,"name":"Propeller mit 3 Bl\u00e4ttern \u2013 Aluminium \u2013 E-Foil"}]},{"@type":"WebSite","@id":"https:\/\/blanchedalmond-oryx-541128.hostingersite.com\/#website","url":"https:\/\/blanchedalmond-oryx-541128.hostingersite.com\/","name":"KPARTS WATERSPORTS","description":"Accessoires custom pour sports nautiques","publisher":{"@id":"https:\/\/blanchedalmond-oryx-541128.hostingersite.com\/#organization"},"potentialAction":[{"@type":"SearchAction","target":{"@type":"EntryPoint","urlTemplate":"https:\/\/blanchedalmond-oryx-541128.hostingersite.com\/?s={search_term_string}"},"query-input":{"@type":"PropertyValueSpecification","valueRequired":true,"valueName":"search_term_string"}}],"inLanguage":"de-DE"},{"@type":"Organization","@id":"https:\/\/blanchedalmond-oryx-541128.hostingersite.com\/#organization","name":"KPARTS WATERSPORTS","url":"https:\/\/blanchedalmond-oryx-541128.hostingersite.com\/","logo":{"@type":"ImageObject","inLanguage":"de-DE","@id":"https:\/\/blanchedalmond-oryx-541128.hostingersite.com\/#\/schema\/logo\/image\/","url":"https:\/\/kparts-watersports.ovh\/wp-content\/uploads\/2024\/09\/Kparts-Logo-Favicon.jpg","contentUrl":"https:\/\/kparts-watersports.ovh\/wp-content\/uploads\/2024\/09\/Kparts-Logo-Favicon.jpg","width":600,"height":600,"caption":"KPARTS WATERSPORTS"},"image":{"@id":"https:\/\/blanchedalmond-oryx-541128.hostingersite.com\/#\/schema\/logo\/image\/"},"sameAs":["https:\/\/www.facebook.com\/people\/AP-3D-Custom\/100076804732870\/","https:\/\/www.instagram.com\/ap3dcustom\/"]}]}},"jetpack_sharing_enabled":true,"_links":{"self":[{"href":"https:\/\/kparts-watersports.com\/de\/wp-json\/wp\/v2\/product\/16409","targetHints":{"allow":["GET"]}}],"collection":[{"href":"https:\/\/kparts-watersports.com\/de\/wp-json\/wp\/v2\/product"}],"about":[{"href":"https:\/\/kparts-watersports.com\/de\/wp-json\/wp\/v2\/types\/product"}],"replies":[{"embeddable":true,"href":"https:\/\/kparts-watersports.com\/de\/wp-json\/wp\/v2\/comments?post=16409"}],"wp:featuredmedia":[{"embeddable":true,"href":"https:\/\/kparts-watersports.com\/de\/wp-json\/wp\/v2\/media\/16410"}],"wp:attachment":[{"href":"https:\/\/kparts-watersports.com\/de\/wp-json\/wp\/v2\/media?parent=16409"}],"wp:term":[{"taxonomy":"product_brand","embeddable":true,"href":"https:\/\/kparts-watersports.com\/de\/wp-json\/wp\/v2\/product_brand?post=16409"},{"taxonomy":"product_cat","embeddable":true,"href":"https:\/\/kparts-watersports.com\/de\/wp-json\/wp\/v2\/product_cat?post=16409"},{"taxonomy":"product_tag","embeddable":true,"href":"https:\/\/kparts-watersports.com\/de\/wp-json\/wp\/v2\/product_tag?post=16409"}],"curies":[{"name":"wp","href":"https:\/\/api.w.org\/{rel}","templated":true}]}}