{"id":16438,"date":"2025-06-29T03:48:16","date_gmt":"2025-06-29T01:48:16","guid":{"rendered":"https:\/\/kparts-watersports.com\/produit\/sonder-schraubensatz-fuer-foildrive-edelstahl-a4\/"},"modified":"2025-06-29T03:48:16","modified_gmt":"2025-06-29T01:48:16","slug":"sonder-schraubensatz-fuer-foildrive-edelstahl-a4","status":"publish","type":"product","link":"https:\/\/kparts-watersports.com\/de\/produit\/sonder-schraubensatz-fuer-foildrive-edelstahl-a4\/","title":{"rendered":"Sonder-Schraubensatz f\u00fcr FoilDrive\u00ae \u2013 Edelstahl A4"},"content":{"rendered":"<p>Ein 100 % ma\u00dfgeschneidertes Schraubenset, um die Montage Ihres FoilDrive\u00ae-Geh\u00e4uses zu erleichtern.<\/p>\n<p>Gewindest\u00e4be mit integrierten (verschwei\u00dften) T-Nuts erm\u00f6glichen es Ihnen, das FoilDrive\u00ae-Geh\u00e4use schnell auf Ihren US-Finnenbox-Schienen zu montieren.<\/p>\n<p>Ma\u00dfgefertigte, speziell bearbeitete Muttern erm\u00f6glichen Ihnen ein schnelles Vorklemmen. Ein kompaktes, tragbares Werkzeug (im Lieferumfang enthalten) erlaubt anschlie\u00dfend das endg\u00fcltige Festziehen. Dieses Werkzeug l\u00e4sst sich problemlos im Neoprenanzug verstauen, sodass Sie Ihr Setup direkt am Wasser einfach und schnell einstellen k\u00f6nnen. <\/p>\n<p>Und das Ganze mit minimalem Str\u00f6mungswiderstand dank eines kompakten Designs!<\/p>\n<p>Material: Edelstahl 316L (A4).<\/p>\n<p>Erh\u00e4ltlich in MAX- und SLIM-Version, in M8 und M6.<\/p>\n<p>Das Set enth\u00e4lt: 4 Schrauben mit integrierten T-Nuts (L\u00e4nge w\u00e4hlbar) + 4 ma\u00dfgefertigte Muttern + 2 Werkzeuge.<\/p>\n","protected":false},"excerpt":{"rendered":"<p>Ein 100 % ma\u00dfgeschneidertes Schraubenset, um die Montage Ihres FoilDrive\u00ae-Geh\u00e4uses zu erleichtern. Gewindest\u00e4be mit integrierten (verschwei\u00dften) T-Nuts erm\u00f6glichen es Ihnen, das FoilDrive\u00ae-Geh\u00e4use schnell auf Ihren US-Finnenbox-Schienen zu montieren. Ma\u00dfgefertigte, speziell bearbeitete Muttern erm\u00f6glichen Ihnen ein schnelles Vorklemmen. Ein kompaktes, tragbares Werkzeug (im Lieferumfang enthalten) erlaubt anschlie\u00dfend das endg\u00fcltige Festziehen. Dieses Werkzeug l\u00e4sst sich problemlos im Neoprenanzug verstauen, sodass Sie Ihr Setup direkt am Wasser einfach und schnell einstellen k\u00f6nnen. Und das Ganze mit minimalem Str\u00f6mungswiderstand dank eines kompakten Designs! Material: Edelstahl 316L (A4). Erh\u00e4ltlich in MAX- und SLIM-Version, in M8 und M6. Das Set enth\u00e4lt: 4 Schrauben mit integrierten T-Nuts (L\u00e4nge w\u00e4hlbar) + 4 ma\u00dfgefertigte Muttern + 2 Werkzeuge.<\/p>\n","protected":false},"featured_media":16439,"comment_status":"open","ping_status":"closed","template":"","meta":{"site-sidebar-layout":"default","site-content-layout":"","ast-site-content-layout":"default","site-content-style":"default","site-sidebar-style":"default","ast-global-header-display":"","ast-banner-title-visibility":"","ast-main-header-display":"","ast-hfb-above-header-display":"","ast-hfb-below-header-display":"","ast-hfb-mobile-header-display":"","site-post-title":"","ast-breadcrumbs-content":"","ast-featured-img":"","footer-sml-layout":"","ast-disable-related-posts":"","theme-transparent-header-meta":"default","adv-header-id-meta":"","stick-header-meta":"","header-above-stick-meta":"","header-main-stick-meta":"","header-below-stick-meta":"","astra-migrate-meta-layouts":"default","ast-page-background-enabled":"default","ast-page-background-meta":{"desktop":{"background-color":"var(--ast-global-color-4)","background-image":"","background-repeat":"repeat","background-position":"center center","background-size":"auto","background-attachment":"scroll","background-type":"","background-media":"","overlay-type":"","overlay-color":"","overlay-opacity":"","overlay-gradient":""},"tablet":{"background-color":"","background-image":"","background-repeat":"repeat","background-position":"center center","background-size":"auto","background-attachment":"scroll","background-type":"","background-media":"","overlay-type":"","overlay-color":"","overlay-opacity":"","overlay-gradient":""},"mobile":{"background-color":"","background-image":"","background-repeat":"repeat","background-position":"center center","background-size":"auto","background-attachment":"scroll","background-type":"","background-media":"","overlay-type":"","overlay-color":"","overlay-opacity":"","overlay-gradient":""}},"ast-content-background-meta":{"desktop":{"background-color":"var(--ast-global-color-5)","background-image":"","background-repeat":"repeat","background-position":"center center","background-size":"auto","background-attachment":"scroll","background-type":"","background-media":"","overlay-type":"","overlay-color":"","overlay-opacity":"","overlay-gradient":""},"tablet":{"background-color":"var(--ast-global-color-5)","background-image":"","background-repeat":"repeat","background-position":"center center","background-size":"auto","background-attachment":"scroll","background-type":"","background-media":"","overlay-type":"","overlay-color":"","overlay-opacity":"","overlay-gradient":""},"mobile":{"background-color":"var(--ast-global-color-5)","background-image":"","background-repeat":"repeat","background-position":"center center","background-size":"auto","background-attachment":"scroll","background-type":"","background-media":"","overlay-type":"","overlay-color":"","overlay-opacity":"","overlay-gradient":""}}},"product_brand":[],"product_cat":[243,233,236,241],"product_tag":[],"class_list":{"0":"post-16438","1":"product","2":"type-product","3":"status-publish","4":"has-post-thumbnail","6":"product_cat-a4-edelstahl","7":"product_cat-e-foil-pod-propeller-zubehor","8":"product_cat-foil-assist-de","9":"product_cat-schrauben-hardware","10":"desktop-align-center","11":"tablet-align-left","12":"mobile-align-left","13":"tm-no-options","15":"first","16":"instock","17":"taxable","18":"shipping-taxable","19":"purchasable","20":"product-type-variable"},"yoast_head":"<!-- This site is optimized with the Yoast SEO plugin v27.3 - https:\/\/yoast.com\/product\/yoast-seo-wordpress\/ -->\n<title>Sonder-Schraubensatz f\u00fcr FoilDrive\u00ae \u2013 Edelstahl A4 - KPARTS WATERSPORTS<\/title>\n<meta name=\"robots\" content=\"index, follow, max-snippet:-1, max-image-preview:large, max-video-preview:-1\" \/>\n<link rel=\"canonical\" href=\"https:\/\/kparts-watersports.com\/de\/produit\/sonder-schraubensatz-fuer-foildrive-edelstahl-a4\/\" \/>\n<meta property=\"og:locale\" content=\"de_DE\" \/>\n<meta property=\"og:type\" content=\"article\" \/>\n<meta property=\"og:title\" content=\"Sonder-Schraubensatz f\u00fcr FoilDrive\u00ae \u2013 Edelstahl A4 - KPARTS WATERSPORTS\" \/>\n<meta property=\"og:description\" content=\"Ein 100 % ma\u00dfgeschneidertes Schraubenset, um die Montage Ihres FoilDrive\u00ae-Geh\u00e4uses zu erleichtern. Gewindest\u00e4be mit integrierten (verschwei\u00dften) T-Nuts erm\u00f6glichen es Ihnen, das FoilDrive\u00ae-Geh\u00e4use schnell auf Ihren US-Finnenbox-Schienen zu montieren. Ma\u00dfgefertigte, speziell bearbeitete Muttern erm\u00f6glichen Ihnen ein schnelles Vorklemmen. Ein kompaktes, tragbares Werkzeug (im Lieferumfang enthalten) erlaubt anschlie\u00dfend das endg\u00fcltige Festziehen. Dieses Werkzeug l\u00e4sst sich problemlos im Neoprenanzug verstauen, sodass Sie Ihr Setup direkt am Wasser einfach und schnell einstellen k\u00f6nnen. Und das Ganze mit minimalem Str\u00f6mungswiderstand dank eines kompakten Designs! Material: Edelstahl 316L (A4). Erh\u00e4ltlich in MAX- und SLIM-Version, in M8 und M6. Das Set enth\u00e4lt: 4 Schrauben mit integrierten T-Nuts (L\u00e4nge w\u00e4hlbar) + 4 ma\u00dfgefertigte Muttern + 2 Werkzeuge.\" \/>\n<meta property=\"og:url\" content=\"https:\/\/kparts-watersports.com\/de\/produit\/sonder-schraubensatz-fuer-foildrive-edelstahl-a4\/\" \/>\n<meta property=\"og:site_name\" content=\"KPARTS WATERSPORTS\" \/>\n<meta property=\"article:publisher\" content=\"https:\/\/www.facebook.com\/people\/AP-3D-Custom\/100076804732870\/\" \/>\n<meta property=\"og:image\" content=\"https:\/\/kparts-watersports.com\/wp-content\/uploads\/2025\/06\/Set-de-vis-custom-pour-FoilDrive\u00ae-INOX-A4.webp\" \/>\n\t<meta property=\"og:image:width\" content=\"1500\" \/>\n\t<meta property=\"og:image:height\" content=\"1500\" \/>\n\t<meta property=\"og:image:type\" content=\"image\/webp\" \/>\n<meta name=\"twitter:card\" content=\"summary_large_image\" \/>\n<meta name=\"twitter:label1\" content=\"Gesch\u00e4tzte Lesezeit\" \/>\n\t<meta name=\"twitter:data1\" content=\"1 minute\" \/>\n<script type=\"application\/ld+json\" class=\"yoast-schema-graph\">{\"@context\":\"https:\\\/\\\/schema.org\",\"@graph\":[{\"@type\":\"WebPage\",\"@id\":\"https:\\\/\\\/kparts-watersports.com\\\/de\\\/produit\\\/sonder-schraubensatz-fuer-foildrive-edelstahl-a4\\\/\",\"url\":\"https:\\\/\\\/kparts-watersports.com\\\/de\\\/produit\\\/sonder-schraubensatz-fuer-foildrive-edelstahl-a4\\\/\",\"name\":\"Sonder-Schraubensatz f\u00fcr FoilDrive\u00ae \u2013 Edelstahl A4 - KPARTS WATERSPORTS\",\"isPartOf\":{\"@id\":\"https:\\\/\\\/blanchedalmond-oryx-541128.hostingersite.com\\\/#website\"},\"primaryImageOfPage\":{\"@id\":\"https:\\\/\\\/kparts-watersports.com\\\/de\\\/produit\\\/sonder-schraubensatz-fuer-foildrive-edelstahl-a4\\\/#primaryimage\"},\"image\":{\"@id\":\"https:\\\/\\\/kparts-watersports.com\\\/de\\\/produit\\\/sonder-schraubensatz-fuer-foildrive-edelstahl-a4\\\/#primaryimage\"},\"thumbnailUrl\":\"https:\\\/\\\/kparts-watersports.com\\\/wp-content\\\/uploads\\\/2025\\\/06\\\/Set-de-vis-custom-pour-FoilDrive\u00ae-INOX-A4.webp\",\"datePublished\":\"2025-06-29T01:48:16+00:00\",\"breadcrumb\":{\"@id\":\"https:\\\/\\\/kparts-watersports.com\\\/de\\\/produit\\\/sonder-schraubensatz-fuer-foildrive-edelstahl-a4\\\/#breadcrumb\"},\"inLanguage\":\"de-DE\",\"potentialAction\":[{\"@type\":\"ReadAction\",\"target\":[\"https:\\\/\\\/kparts-watersports.com\\\/de\\\/produit\\\/sonder-schraubensatz-fuer-foildrive-edelstahl-a4\\\/\"]}]},{\"@type\":\"ImageObject\",\"inLanguage\":\"de-DE\",\"@id\":\"https:\\\/\\\/kparts-watersports.com\\\/de\\\/produit\\\/sonder-schraubensatz-fuer-foildrive-edelstahl-a4\\\/#primaryimage\",\"url\":\"https:\\\/\\\/kparts-watersports.com\\\/wp-content\\\/uploads\\\/2025\\\/06\\\/Set-de-vis-custom-pour-FoilDrive\u00ae-INOX-A4.webp\",\"contentUrl\":\"https:\\\/\\\/kparts-watersports.com\\\/wp-content\\\/uploads\\\/2025\\\/06\\\/Set-de-vis-custom-pour-FoilDrive\u00ae-INOX-A4.webp\",\"width\":1500,\"height\":1500,\"caption\":\"Set de vis custom pour FoilDrive\u00ae - INOX A4\"},{\"@type\":\"BreadcrumbList\",\"@id\":\"https:\\\/\\\/kparts-watersports.com\\\/de\\\/produit\\\/sonder-schraubensatz-fuer-foildrive-edelstahl-a4\\\/#breadcrumb\",\"itemListElement\":[{\"@type\":\"ListItem\",\"position\":1,\"name\":\"Accueil\",\"item\":\"https:\\\/\\\/kparts-watersports.com\\\/de\\\/accueil\\\/\"},{\"@type\":\"ListItem\",\"position\":2,\"name\":\"Shop\",\"item\":\"https:\\\/\\\/kparts-watersports.com\\\/boutique-w\\\/\"},{\"@type\":\"ListItem\",\"position\":3,\"name\":\"Sonder-Schraubensatz f\u00fcr FoilDrive\u00ae \u2013 Edelstahl A4\"}]},{\"@type\":\"WebSite\",\"@id\":\"https:\\\/\\\/blanchedalmond-oryx-541128.hostingersite.com\\\/#website\",\"url\":\"https:\\\/\\\/blanchedalmond-oryx-541128.hostingersite.com\\\/\",\"name\":\"KPARTS WATERSPORTS\",\"description\":\"Accessoires custom pour sports nautiques\",\"publisher\":{\"@id\":\"https:\\\/\\\/blanchedalmond-oryx-541128.hostingersite.com\\\/#organization\"},\"potentialAction\":[{\"@type\":\"SearchAction\",\"target\":{\"@type\":\"EntryPoint\",\"urlTemplate\":\"https:\\\/\\\/blanchedalmond-oryx-541128.hostingersite.com\\\/?s={search_term_string}\"},\"query-input\":{\"@type\":\"PropertyValueSpecification\",\"valueRequired\":true,\"valueName\":\"search_term_string\"}}],\"inLanguage\":\"de-DE\"},{\"@type\":\"Organization\",\"@id\":\"https:\\\/\\\/blanchedalmond-oryx-541128.hostingersite.com\\\/#organization\",\"name\":\"KPARTS WATERSPORTS\",\"url\":\"https:\\\/\\\/blanchedalmond-oryx-541128.hostingersite.com\\\/\",\"logo\":{\"@type\":\"ImageObject\",\"inLanguage\":\"de-DE\",\"@id\":\"https:\\\/\\\/blanchedalmond-oryx-541128.hostingersite.com\\\/#\\\/schema\\\/logo\\\/image\\\/\",\"url\":\"https:\\\/\\\/kparts-watersports.ovh\\\/wp-content\\\/uploads\\\/2024\\\/09\\\/Kparts-Logo-Favicon.jpg\",\"contentUrl\":\"https:\\\/\\\/kparts-watersports.ovh\\\/wp-content\\\/uploads\\\/2024\\\/09\\\/Kparts-Logo-Favicon.jpg\",\"width\":600,\"height\":600,\"caption\":\"KPARTS WATERSPORTS\"},\"image\":{\"@id\":\"https:\\\/\\\/blanchedalmond-oryx-541128.hostingersite.com\\\/#\\\/schema\\\/logo\\\/image\\\/\"},\"sameAs\":[\"https:\\\/\\\/www.facebook.com\\\/people\\\/AP-3D-Custom\\\/100076804732870\\\/\",\"https:\\\/\\\/www.instagram.com\\\/ap3dcustom\\\/\"]}]}<\/script>\n<!-- \/ Yoast SEO plugin. -->","yoast_head_json":{"title":"Sonder-Schraubensatz f\u00fcr FoilDrive\u00ae \u2013 Edelstahl A4 - KPARTS WATERSPORTS","robots":{"index":"index","follow":"follow","max-snippet":"max-snippet:-1","max-image-preview":"max-image-preview:large","max-video-preview":"max-video-preview:-1"},"canonical":"https:\/\/kparts-watersports.com\/de\/produit\/sonder-schraubensatz-fuer-foildrive-edelstahl-a4\/","og_locale":"de_DE","og_type":"article","og_title":"Sonder-Schraubensatz f\u00fcr FoilDrive\u00ae \u2013 Edelstahl A4 - KPARTS WATERSPORTS","og_description":"Ein 100 % ma\u00dfgeschneidertes Schraubenset, um die Montage Ihres FoilDrive\u00ae-Geh\u00e4uses zu erleichtern. Gewindest\u00e4be mit integrierten (verschwei\u00dften) T-Nuts erm\u00f6glichen es Ihnen, das FoilDrive\u00ae-Geh\u00e4use schnell auf Ihren US-Finnenbox-Schienen zu montieren. Ma\u00dfgefertigte, speziell bearbeitete Muttern erm\u00f6glichen Ihnen ein schnelles Vorklemmen. Ein kompaktes, tragbares Werkzeug (im Lieferumfang enthalten) erlaubt anschlie\u00dfend das endg\u00fcltige Festziehen. Dieses Werkzeug l\u00e4sst sich problemlos im Neoprenanzug verstauen, sodass Sie Ihr Setup direkt am Wasser einfach und schnell einstellen k\u00f6nnen. Und das Ganze mit minimalem Str\u00f6mungswiderstand dank eines kompakten Designs! Material: Edelstahl 316L (A4). Erh\u00e4ltlich in MAX- und SLIM-Version, in M8 und M6. Das Set enth\u00e4lt: 4 Schrauben mit integrierten T-Nuts (L\u00e4nge w\u00e4hlbar) + 4 ma\u00dfgefertigte Muttern + 2 Werkzeuge.","og_url":"https:\/\/kparts-watersports.com\/de\/produit\/sonder-schraubensatz-fuer-foildrive-edelstahl-a4\/","og_site_name":"KPARTS WATERSPORTS","article_publisher":"https:\/\/www.facebook.com\/people\/AP-3D-Custom\/100076804732870\/","og_image":[{"width":1500,"height":1500,"url":"https:\/\/kparts-watersports.com\/wp-content\/uploads\/2025\/06\/Set-de-vis-custom-pour-FoilDrive\u00ae-INOX-A4.webp","type":"image\/webp"}],"twitter_card":"summary_large_image","twitter_misc":{"Gesch\u00e4tzte Lesezeit":"1 minute"},"schema":{"@context":"https:\/\/schema.org","@graph":[{"@type":"WebPage","@id":"https:\/\/kparts-watersports.com\/de\/produit\/sonder-schraubensatz-fuer-foildrive-edelstahl-a4\/","url":"https:\/\/kparts-watersports.com\/de\/produit\/sonder-schraubensatz-fuer-foildrive-edelstahl-a4\/","name":"Sonder-Schraubensatz f\u00fcr FoilDrive\u00ae \u2013 Edelstahl A4 - KPARTS WATERSPORTS","isPartOf":{"@id":"https:\/\/blanchedalmond-oryx-541128.hostingersite.com\/#website"},"primaryImageOfPage":{"@id":"https:\/\/kparts-watersports.com\/de\/produit\/sonder-schraubensatz-fuer-foildrive-edelstahl-a4\/#primaryimage"},"image":{"@id":"https:\/\/kparts-watersports.com\/de\/produit\/sonder-schraubensatz-fuer-foildrive-edelstahl-a4\/#primaryimage"},"thumbnailUrl":"https:\/\/kparts-watersports.com\/wp-content\/uploads\/2025\/06\/Set-de-vis-custom-pour-FoilDrive\u00ae-INOX-A4.webp","datePublished":"2025-06-29T01:48:16+00:00","breadcrumb":{"@id":"https:\/\/kparts-watersports.com\/de\/produit\/sonder-schraubensatz-fuer-foildrive-edelstahl-a4\/#breadcrumb"},"inLanguage":"de-DE","potentialAction":[{"@type":"ReadAction","target":["https:\/\/kparts-watersports.com\/de\/produit\/sonder-schraubensatz-fuer-foildrive-edelstahl-a4\/"]}]},{"@type":"ImageObject","inLanguage":"de-DE","@id":"https:\/\/kparts-watersports.com\/de\/produit\/sonder-schraubensatz-fuer-foildrive-edelstahl-a4\/#primaryimage","url":"https:\/\/kparts-watersports.com\/wp-content\/uploads\/2025\/06\/Set-de-vis-custom-pour-FoilDrive\u00ae-INOX-A4.webp","contentUrl":"https:\/\/kparts-watersports.com\/wp-content\/uploads\/2025\/06\/Set-de-vis-custom-pour-FoilDrive\u00ae-INOX-A4.webp","width":1500,"height":1500,"caption":"Set de vis custom pour FoilDrive\u00ae - INOX A4"},{"@type":"BreadcrumbList","@id":"https:\/\/kparts-watersports.com\/de\/produit\/sonder-schraubensatz-fuer-foildrive-edelstahl-a4\/#breadcrumb","itemListElement":[{"@type":"ListItem","position":1,"name":"Accueil","item":"https:\/\/kparts-watersports.com\/de\/accueil\/"},{"@type":"ListItem","position":2,"name":"Shop","item":"https:\/\/kparts-watersports.com\/boutique-w\/"},{"@type":"ListItem","position":3,"name":"Sonder-Schraubensatz f\u00fcr FoilDrive\u00ae \u2013 Edelstahl A4"}]},{"@type":"WebSite","@id":"https:\/\/blanchedalmond-oryx-541128.hostingersite.com\/#website","url":"https:\/\/blanchedalmond-oryx-541128.hostingersite.com\/","name":"KPARTS WATERSPORTS","description":"Accessoires custom pour sports nautiques","publisher":{"@id":"https:\/\/blanchedalmond-oryx-541128.hostingersite.com\/#organization"},"potentialAction":[{"@type":"SearchAction","target":{"@type":"EntryPoint","urlTemplate":"https:\/\/blanchedalmond-oryx-541128.hostingersite.com\/?s={search_term_string}"},"query-input":{"@type":"PropertyValueSpecification","valueRequired":true,"valueName":"search_term_string"}}],"inLanguage":"de-DE"},{"@type":"Organization","@id":"https:\/\/blanchedalmond-oryx-541128.hostingersite.com\/#organization","name":"KPARTS WATERSPORTS","url":"https:\/\/blanchedalmond-oryx-541128.hostingersite.com\/","logo":{"@type":"ImageObject","inLanguage":"de-DE","@id":"https:\/\/blanchedalmond-oryx-541128.hostingersite.com\/#\/schema\/logo\/image\/","url":"https:\/\/kparts-watersports.ovh\/wp-content\/uploads\/2024\/09\/Kparts-Logo-Favicon.jpg","contentUrl":"https:\/\/kparts-watersports.ovh\/wp-content\/uploads\/2024\/09\/Kparts-Logo-Favicon.jpg","width":600,"height":600,"caption":"KPARTS WATERSPORTS"},"image":{"@id":"https:\/\/blanchedalmond-oryx-541128.hostingersite.com\/#\/schema\/logo\/image\/"},"sameAs":["https:\/\/www.facebook.com\/people\/AP-3D-Custom\/100076804732870\/","https:\/\/www.instagram.com\/ap3dcustom\/"]}]}},"jetpack_sharing_enabled":true,"_links":{"self":[{"href":"https:\/\/kparts-watersports.com\/de\/wp-json\/wp\/v2\/product\/16438","targetHints":{"allow":["GET"]}}],"collection":[{"href":"https:\/\/kparts-watersports.com\/de\/wp-json\/wp\/v2\/product"}],"about":[{"href":"https:\/\/kparts-watersports.com\/de\/wp-json\/wp\/v2\/types\/product"}],"replies":[{"embeddable":true,"href":"https:\/\/kparts-watersports.com\/de\/wp-json\/wp\/v2\/comments?post=16438"}],"wp:featuredmedia":[{"embeddable":true,"href":"https:\/\/kparts-watersports.com\/de\/wp-json\/wp\/v2\/media\/16439"}],"wp:attachment":[{"href":"https:\/\/kparts-watersports.com\/de\/wp-json\/wp\/v2\/media?parent=16438"}],"wp:term":[{"taxonomy":"product_brand","embeddable":true,"href":"https:\/\/kparts-watersports.com\/de\/wp-json\/wp\/v2\/product_brand?post=16438"},{"taxonomy":"product_cat","embeddable":true,"href":"https:\/\/kparts-watersports.com\/de\/wp-json\/wp\/v2\/product_cat?post=16438"},{"taxonomy":"product_tag","embeddable":true,"href":"https:\/\/kparts-watersports.com\/de\/wp-json\/wp\/v2\/product_tag?post=16438"}],"curies":[{"name":"wp","href":"https:\/\/api.w.org\/{rel}","templated":true}]}}