{"id":16482,"date":"2025-06-29T05:17:40","date_gmt":"2025-06-29T03:17:40","guid":{"rendered":"https:\/\/kparts-watersports.com\/produit\/monoblock-motor-pod-etow-tow-boogie\/"},"modified":"2025-06-29T05:17:40","modified_gmt":"2025-06-29T03:17:40","slug":"monoblock-motor-pod-etow-tow-boogie","status":"publish","type":"product","link":"https:\/\/kparts-watersports.com\/de\/produit\/monoblock-motor-pod-etow-tow-boogie\/","title":{"rendered":"Monoblock-Motor-POD \u2013 Etow \/ Tow-Boogie"},"content":{"rendered":"<p>Dieser <strong data-redactor-tag=\"strong\">Monoblock-POD<\/strong> ist der ideale Begleiter f\u00fcr den Bau Ihres Etow- oder Tow-Boogie-Systems.<\/p>\n<p>Entwickelt, um zu vermeiden, dass Sie einen Foil-Mast oder eine Aluminium-Plate opfern m\u00fcssen, ist er als <strong data-redactor-tag=\"strong\">Monoblock <\/strong>gefertigt und vereint in <strong data-redactor-tag=\"strong\">einem einzigen Bauteil Mastplatte<\/strong>, Mast und POD. Das Ergebnis: eine extrem steife, sehr robuste und \u00fcberraschend leichte Einheit. <\/p>\n<p>\u2705 <strong data-redactor-tag=\"strong\">Innenhohlraum<\/strong> f\u00fcr eine einfache Kabelf\u00fchrung<br \/>\n\u2705 <strong data-redactor-tag=\"strong\">L\u00e4nge: <\/strong>17 cm (von der Basis der Mastplatte bis zur Mittelachse des PODs)<br \/>\n\u2705 <strong data-redactor-tag=\"strong\">Motor-Kompatibilit\u00e4t:<\/strong> Maytech, Flipsky, Saite<br \/>\n\u2705 <strong data-redactor-tag=\"strong\">Plattenbefestigung:<\/strong> M8-Schrauben<\/p>\n<p>Ben\u00f6tigen Sie eine <strong data-redactor-tag=\"strong\">individuelle L\u00e4ng<\/strong>e oder eine <strong data-redactor-tag=\"strong\">spezielle Kompatibilit\u00e4t?<\/strong><br \/>\n\ud83d\udc49 Kontaktieren Sie uns \u2013 wir passen das Teil gerne an Ihre Bed\u00fcrfnisse an!<\/p>\n<p>\ud83d\udee0\ufe0f Hergestellt im 3D-Druckverfahren in unserer Werkstatt in Frankreich<\/p>\n","protected":false},"excerpt":{"rendered":"<p>Dieser Monoblock-POD ist der ideale Begleiter f\u00fcr den Bau Ihres Etow- oder Tow-Boogie-Systems. Entwickelt, um zu vermeiden, dass Sie einen Foil-Mast oder eine Aluminium-Plate opfern m\u00fcssen, ist er als Monoblock gefertigt und vereint in einem einzigen Bauteil Mastplatte, Mast und POD. Das Ergebnis: eine extrem steife, sehr robuste und \u00fcberraschend leichte Einheit. \u2705 Innenhohlraum f\u00fcr eine einfache Kabelf\u00fchrung \u2705 L\u00e4nge: 17 cm (von der Basis der Mastplatte bis zur Mittelachse des PODs) \u2705 Motor-Kompatibilit\u00e4t: Maytech, Flipsky, Saite \u2705 Plattenbefestigung: M8-Schrauben Ben\u00f6tigen Sie eine individuelle L\u00e4nge oder eine spezielle Kompatibilit\u00e4t? \ud83d\udc49 Kontaktieren Sie uns \u2013 wir passen das Teil gerne an Ihre Bed\u00fcrfnisse an! \ud83d\udee0\ufe0f Hergestellt im 3D-Druckverfahren in unserer Werkstatt in Frankreich<\/p>\n","protected":false},"featured_media":16483,"comment_status":"open","ping_status":"closed","template":"","meta":{"site-sidebar-layout":"default","site-content-layout":"","ast-site-content-layout":"default","site-content-style":"default","site-sidebar-style":"default","ast-global-header-display":"","ast-banner-title-visibility":"","ast-main-header-display":"","ast-hfb-above-header-display":"","ast-hfb-below-header-display":"","ast-hfb-mobile-header-display":"","site-post-title":"","ast-breadcrumbs-content":"","ast-featured-img":"","footer-sml-layout":"","ast-disable-related-posts":"","theme-transparent-header-meta":"default","adv-header-id-meta":"","stick-header-meta":"","header-above-stick-meta":"","header-main-stick-meta":"","header-below-stick-meta":"","astra-migrate-meta-layouts":"default","ast-page-background-enabled":"default","ast-page-background-meta":{"desktop":{"background-color":"var(--ast-global-color-4)","background-image":"","background-repeat":"repeat","background-position":"center center","background-size":"auto","background-attachment":"scroll","background-type":"","background-media":"","overlay-type":"","overlay-color":"","overlay-opacity":"","overlay-gradient":""},"tablet":{"background-color":"","background-image":"","background-repeat":"repeat","background-position":"center center","background-size":"auto","background-attachment":"scroll","background-type":"","background-media":"","overlay-type":"","overlay-color":"","overlay-opacity":"","overlay-gradient":""},"mobile":{"background-color":"","background-image":"","background-repeat":"repeat","background-position":"center center","background-size":"auto","background-attachment":"scroll","background-type":"","background-media":"","overlay-type":"","overlay-color":"","overlay-opacity":"","overlay-gradient":""}},"ast-content-background-meta":{"desktop":{"background-color":"var(--ast-global-color-5)","background-image":"","background-repeat":"repeat","background-position":"center center","background-size":"auto","background-attachment":"scroll","background-type":"","background-media":"","overlay-type":"","overlay-color":"","overlay-opacity":"","overlay-gradient":""},"tablet":{"background-color":"var(--ast-global-color-5)","background-image":"","background-repeat":"repeat","background-position":"center center","background-size":"auto","background-attachment":"scroll","background-type":"","background-media":"","overlay-type":"","overlay-color":"","overlay-opacity":"","overlay-gradient":""},"mobile":{"background-color":"var(--ast-global-color-5)","background-image":"","background-repeat":"repeat","background-position":"center center","background-size":"auto","background-attachment":"scroll","background-type":"","background-media":"","overlay-type":"","overlay-color":"","overlay-opacity":"","overlay-gradient":""}}},"product_brand":[],"product_cat":[233,235],"product_tag":[],"class_list":{"0":"post-16482","1":"product","2":"type-product","3":"status-publish","4":"has-post-thumbnail","6":"product_cat-e-foil-pod-propeller-zubehor","7":"product_cat-etow-tow-bougie-diy-de","8":"desktop-align-center","9":"tablet-align-left","10":"mobile-align-left","11":"tm-no-options","13":"first","14":"instock","15":"taxable","16":"shipping-taxable","17":"purchasable","18":"product-type-variable"},"yoast_head":"<!-- This site is optimized with the Yoast SEO plugin v27.3 - https:\/\/yoast.com\/product\/yoast-seo-wordpress\/ -->\n<title>Monoblock-Motor-POD \u2013 Etow \/ Tow-Boogie - KPARTS WATERSPORTS<\/title>\n<meta name=\"robots\" content=\"index, follow, max-snippet:-1, max-image-preview:large, max-video-preview:-1\" \/>\n<link rel=\"canonical\" href=\"https:\/\/kparts-watersports.com\/de\/produit\/monoblock-motor-pod-etow-tow-boogie\/\" \/>\n<meta property=\"og:locale\" content=\"de_DE\" \/>\n<meta property=\"og:type\" content=\"article\" \/>\n<meta property=\"og:title\" content=\"Monoblock-Motor-POD \u2013 Etow \/ Tow-Boogie - KPARTS WATERSPORTS\" \/>\n<meta property=\"og:description\" content=\"Dieser Monoblock-POD ist der ideale Begleiter f\u00fcr den Bau Ihres Etow- oder Tow-Boogie-Systems. Entwickelt, um zu vermeiden, dass Sie einen Foil-Mast oder eine Aluminium-Plate opfern m\u00fcssen, ist er als Monoblock gefertigt und vereint in einem einzigen Bauteil Mastplatte, Mast und POD. Das Ergebnis: eine extrem steife, sehr robuste und \u00fcberraschend leichte Einheit. \u2705 Innenhohlraum f\u00fcr eine einfache Kabelf\u00fchrung \u2705 L\u00e4nge: 17 cm (von der Basis der Mastplatte bis zur Mittelachse des PODs) \u2705 Motor-Kompatibilit\u00e4t: Maytech, Flipsky, Saite \u2705 Plattenbefestigung: M8-Schrauben Ben\u00f6tigen Sie eine individuelle L\u00e4nge oder eine spezielle Kompatibilit\u00e4t? \ud83d\udc49 Kontaktieren Sie uns \u2013 wir passen das Teil gerne an Ihre Bed\u00fcrfnisse an! \ud83d\udee0\ufe0f Hergestellt im 3D-Druckverfahren in unserer Werkstatt in Frankreich\" \/>\n<meta property=\"og:url\" content=\"https:\/\/kparts-watersports.com\/de\/produit\/monoblock-motor-pod-etow-tow-boogie\/\" \/>\n<meta property=\"og:site_name\" content=\"KPARTS WATERSPORTS\" \/>\n<meta property=\"article:publisher\" content=\"https:\/\/www.facebook.com\/people\/AP-3D-Custom\/100076804732870\/\" \/>\n<meta property=\"og:image\" content=\"https:\/\/kparts-watersports.com\/wp-content\/uploads\/2025\/06\/POD-moteur-monobloc-Etow-Tow-Boogie.webp\" \/>\n\t<meta property=\"og:image:width\" content=\"1500\" \/>\n\t<meta property=\"og:image:height\" content=\"1500\" \/>\n\t<meta property=\"og:image:type\" content=\"image\/webp\" \/>\n<meta name=\"twitter:card\" content=\"summary_large_image\" \/>\n<meta name=\"twitter:label1\" content=\"Gesch\u00e4tzte Lesezeit\" \/>\n\t<meta name=\"twitter:data1\" content=\"1 minute\" \/>\n<script type=\"application\/ld+json\" class=\"yoast-schema-graph\">{\"@context\":\"https:\\\/\\\/schema.org\",\"@graph\":[{\"@type\":\"WebPage\",\"@id\":\"https:\\\/\\\/kparts-watersports.com\\\/de\\\/produit\\\/monoblock-motor-pod-etow-tow-boogie\\\/\",\"url\":\"https:\\\/\\\/kparts-watersports.com\\\/de\\\/produit\\\/monoblock-motor-pod-etow-tow-boogie\\\/\",\"name\":\"Monoblock-Motor-POD \u2013 Etow \\\/ Tow-Boogie - KPARTS WATERSPORTS\",\"isPartOf\":{\"@id\":\"https:\\\/\\\/blanchedalmond-oryx-541128.hostingersite.com\\\/#website\"},\"primaryImageOfPage\":{\"@id\":\"https:\\\/\\\/kparts-watersports.com\\\/de\\\/produit\\\/monoblock-motor-pod-etow-tow-boogie\\\/#primaryimage\"},\"image\":{\"@id\":\"https:\\\/\\\/kparts-watersports.com\\\/de\\\/produit\\\/monoblock-motor-pod-etow-tow-boogie\\\/#primaryimage\"},\"thumbnailUrl\":\"https:\\\/\\\/kparts-watersports.com\\\/wp-content\\\/uploads\\\/2025\\\/06\\\/POD-moteur-monobloc-Etow-Tow-Boogie.webp\",\"datePublished\":\"2025-06-29T03:17:40+00:00\",\"breadcrumb\":{\"@id\":\"https:\\\/\\\/kparts-watersports.com\\\/de\\\/produit\\\/monoblock-motor-pod-etow-tow-boogie\\\/#breadcrumb\"},\"inLanguage\":\"de-DE\",\"potentialAction\":[{\"@type\":\"ReadAction\",\"target\":[\"https:\\\/\\\/kparts-watersports.com\\\/de\\\/produit\\\/monoblock-motor-pod-etow-tow-boogie\\\/\"]}]},{\"@type\":\"ImageObject\",\"inLanguage\":\"de-DE\",\"@id\":\"https:\\\/\\\/kparts-watersports.com\\\/de\\\/produit\\\/monoblock-motor-pod-etow-tow-boogie\\\/#primaryimage\",\"url\":\"https:\\\/\\\/kparts-watersports.com\\\/wp-content\\\/uploads\\\/2025\\\/06\\\/POD-moteur-monobloc-Etow-Tow-Boogie.webp\",\"contentUrl\":\"https:\\\/\\\/kparts-watersports.com\\\/wp-content\\\/uploads\\\/2025\\\/06\\\/POD-moteur-monobloc-Etow-Tow-Boogie.webp\",\"width\":1500,\"height\":1500,\"caption\":\"POD moteur monobloc - Etow \\\/ Tow-Boogie\"},{\"@type\":\"BreadcrumbList\",\"@id\":\"https:\\\/\\\/kparts-watersports.com\\\/de\\\/produit\\\/monoblock-motor-pod-etow-tow-boogie\\\/#breadcrumb\",\"itemListElement\":[{\"@type\":\"ListItem\",\"position\":1,\"name\":\"Accueil\",\"item\":\"https:\\\/\\\/kparts-watersports.com\\\/de\\\/accueil\\\/\"},{\"@type\":\"ListItem\",\"position\":2,\"name\":\"Shop\",\"item\":\"https:\\\/\\\/kparts-watersports.com\\\/boutique-w\\\/\"},{\"@type\":\"ListItem\",\"position\":3,\"name\":\"Monoblock-Motor-POD \u2013 Etow \\\/ Tow-Boogie\"}]},{\"@type\":\"WebSite\",\"@id\":\"https:\\\/\\\/blanchedalmond-oryx-541128.hostingersite.com\\\/#website\",\"url\":\"https:\\\/\\\/blanchedalmond-oryx-541128.hostingersite.com\\\/\",\"name\":\"KPARTS WATERSPORTS\",\"description\":\"Accessoires custom pour sports nautiques\",\"publisher\":{\"@id\":\"https:\\\/\\\/blanchedalmond-oryx-541128.hostingersite.com\\\/#organization\"},\"potentialAction\":[{\"@type\":\"SearchAction\",\"target\":{\"@type\":\"EntryPoint\",\"urlTemplate\":\"https:\\\/\\\/blanchedalmond-oryx-541128.hostingersite.com\\\/?s={search_term_string}\"},\"query-input\":{\"@type\":\"PropertyValueSpecification\",\"valueRequired\":true,\"valueName\":\"search_term_string\"}}],\"inLanguage\":\"de-DE\"},{\"@type\":\"Organization\",\"@id\":\"https:\\\/\\\/blanchedalmond-oryx-541128.hostingersite.com\\\/#organization\",\"name\":\"KPARTS WATERSPORTS\",\"url\":\"https:\\\/\\\/blanchedalmond-oryx-541128.hostingersite.com\\\/\",\"logo\":{\"@type\":\"ImageObject\",\"inLanguage\":\"de-DE\",\"@id\":\"https:\\\/\\\/blanchedalmond-oryx-541128.hostingersite.com\\\/#\\\/schema\\\/logo\\\/image\\\/\",\"url\":\"https:\\\/\\\/kparts-watersports.ovh\\\/wp-content\\\/uploads\\\/2024\\\/09\\\/Kparts-Logo-Favicon.jpg\",\"contentUrl\":\"https:\\\/\\\/kparts-watersports.ovh\\\/wp-content\\\/uploads\\\/2024\\\/09\\\/Kparts-Logo-Favicon.jpg\",\"width\":600,\"height\":600,\"caption\":\"KPARTS WATERSPORTS\"},\"image\":{\"@id\":\"https:\\\/\\\/blanchedalmond-oryx-541128.hostingersite.com\\\/#\\\/schema\\\/logo\\\/image\\\/\"},\"sameAs\":[\"https:\\\/\\\/www.facebook.com\\\/people\\\/AP-3D-Custom\\\/100076804732870\\\/\",\"https:\\\/\\\/www.instagram.com\\\/ap3dcustom\\\/\"]}]}<\/script>\n<!-- \/ Yoast SEO plugin. -->","yoast_head_json":{"title":"Monoblock-Motor-POD \u2013 Etow \/ Tow-Boogie - KPARTS WATERSPORTS","robots":{"index":"index","follow":"follow","max-snippet":"max-snippet:-1","max-image-preview":"max-image-preview:large","max-video-preview":"max-video-preview:-1"},"canonical":"https:\/\/kparts-watersports.com\/de\/produit\/monoblock-motor-pod-etow-tow-boogie\/","og_locale":"de_DE","og_type":"article","og_title":"Monoblock-Motor-POD \u2013 Etow \/ Tow-Boogie - KPARTS WATERSPORTS","og_description":"Dieser Monoblock-POD ist der ideale Begleiter f\u00fcr den Bau Ihres Etow- oder Tow-Boogie-Systems. Entwickelt, um zu vermeiden, dass Sie einen Foil-Mast oder eine Aluminium-Plate opfern m\u00fcssen, ist er als Monoblock gefertigt und vereint in einem einzigen Bauteil Mastplatte, Mast und POD. Das Ergebnis: eine extrem steife, sehr robuste und \u00fcberraschend leichte Einheit. \u2705 Innenhohlraum f\u00fcr eine einfache Kabelf\u00fchrung \u2705 L\u00e4nge: 17 cm (von der Basis der Mastplatte bis zur Mittelachse des PODs) \u2705 Motor-Kompatibilit\u00e4t: Maytech, Flipsky, Saite \u2705 Plattenbefestigung: M8-Schrauben Ben\u00f6tigen Sie eine individuelle L\u00e4nge oder eine spezielle Kompatibilit\u00e4t? \ud83d\udc49 Kontaktieren Sie uns \u2013 wir passen das Teil gerne an Ihre Bed\u00fcrfnisse an! \ud83d\udee0\ufe0f Hergestellt im 3D-Druckverfahren in unserer Werkstatt in Frankreich","og_url":"https:\/\/kparts-watersports.com\/de\/produit\/monoblock-motor-pod-etow-tow-boogie\/","og_site_name":"KPARTS WATERSPORTS","article_publisher":"https:\/\/www.facebook.com\/people\/AP-3D-Custom\/100076804732870\/","og_image":[{"width":1500,"height":1500,"url":"https:\/\/kparts-watersports.com\/wp-content\/uploads\/2025\/06\/POD-moteur-monobloc-Etow-Tow-Boogie.webp","type":"image\/webp"}],"twitter_card":"summary_large_image","twitter_misc":{"Gesch\u00e4tzte Lesezeit":"1 minute"},"schema":{"@context":"https:\/\/schema.org","@graph":[{"@type":"WebPage","@id":"https:\/\/kparts-watersports.com\/de\/produit\/monoblock-motor-pod-etow-tow-boogie\/","url":"https:\/\/kparts-watersports.com\/de\/produit\/monoblock-motor-pod-etow-tow-boogie\/","name":"Monoblock-Motor-POD \u2013 Etow \/ Tow-Boogie - KPARTS WATERSPORTS","isPartOf":{"@id":"https:\/\/blanchedalmond-oryx-541128.hostingersite.com\/#website"},"primaryImageOfPage":{"@id":"https:\/\/kparts-watersports.com\/de\/produit\/monoblock-motor-pod-etow-tow-boogie\/#primaryimage"},"image":{"@id":"https:\/\/kparts-watersports.com\/de\/produit\/monoblock-motor-pod-etow-tow-boogie\/#primaryimage"},"thumbnailUrl":"https:\/\/kparts-watersports.com\/wp-content\/uploads\/2025\/06\/POD-moteur-monobloc-Etow-Tow-Boogie.webp","datePublished":"2025-06-29T03:17:40+00:00","breadcrumb":{"@id":"https:\/\/kparts-watersports.com\/de\/produit\/monoblock-motor-pod-etow-tow-boogie\/#breadcrumb"},"inLanguage":"de-DE","potentialAction":[{"@type":"ReadAction","target":["https:\/\/kparts-watersports.com\/de\/produit\/monoblock-motor-pod-etow-tow-boogie\/"]}]},{"@type":"ImageObject","inLanguage":"de-DE","@id":"https:\/\/kparts-watersports.com\/de\/produit\/monoblock-motor-pod-etow-tow-boogie\/#primaryimage","url":"https:\/\/kparts-watersports.com\/wp-content\/uploads\/2025\/06\/POD-moteur-monobloc-Etow-Tow-Boogie.webp","contentUrl":"https:\/\/kparts-watersports.com\/wp-content\/uploads\/2025\/06\/POD-moteur-monobloc-Etow-Tow-Boogie.webp","width":1500,"height":1500,"caption":"POD moteur monobloc - Etow \/ Tow-Boogie"},{"@type":"BreadcrumbList","@id":"https:\/\/kparts-watersports.com\/de\/produit\/monoblock-motor-pod-etow-tow-boogie\/#breadcrumb","itemListElement":[{"@type":"ListItem","position":1,"name":"Accueil","item":"https:\/\/kparts-watersports.com\/de\/accueil\/"},{"@type":"ListItem","position":2,"name":"Shop","item":"https:\/\/kparts-watersports.com\/boutique-w\/"},{"@type":"ListItem","position":3,"name":"Monoblock-Motor-POD \u2013 Etow \/ Tow-Boogie"}]},{"@type":"WebSite","@id":"https:\/\/blanchedalmond-oryx-541128.hostingersite.com\/#website","url":"https:\/\/blanchedalmond-oryx-541128.hostingersite.com\/","name":"KPARTS WATERSPORTS","description":"Accessoires custom pour sports nautiques","publisher":{"@id":"https:\/\/blanchedalmond-oryx-541128.hostingersite.com\/#organization"},"potentialAction":[{"@type":"SearchAction","target":{"@type":"EntryPoint","urlTemplate":"https:\/\/blanchedalmond-oryx-541128.hostingersite.com\/?s={search_term_string}"},"query-input":{"@type":"PropertyValueSpecification","valueRequired":true,"valueName":"search_term_string"}}],"inLanguage":"de-DE"},{"@type":"Organization","@id":"https:\/\/blanchedalmond-oryx-541128.hostingersite.com\/#organization","name":"KPARTS WATERSPORTS","url":"https:\/\/blanchedalmond-oryx-541128.hostingersite.com\/","logo":{"@type":"ImageObject","inLanguage":"de-DE","@id":"https:\/\/blanchedalmond-oryx-541128.hostingersite.com\/#\/schema\/logo\/image\/","url":"https:\/\/kparts-watersports.ovh\/wp-content\/uploads\/2024\/09\/Kparts-Logo-Favicon.jpg","contentUrl":"https:\/\/kparts-watersports.ovh\/wp-content\/uploads\/2024\/09\/Kparts-Logo-Favicon.jpg","width":600,"height":600,"caption":"KPARTS WATERSPORTS"},"image":{"@id":"https:\/\/blanchedalmond-oryx-541128.hostingersite.com\/#\/schema\/logo\/image\/"},"sameAs":["https:\/\/www.facebook.com\/people\/AP-3D-Custom\/100076804732870\/","https:\/\/www.instagram.com\/ap3dcustom\/"]}]}},"jetpack_sharing_enabled":true,"_links":{"self":[{"href":"https:\/\/kparts-watersports.com\/de\/wp-json\/wp\/v2\/product\/16482","targetHints":{"allow":["GET"]}}],"collection":[{"href":"https:\/\/kparts-watersports.com\/de\/wp-json\/wp\/v2\/product"}],"about":[{"href":"https:\/\/kparts-watersports.com\/de\/wp-json\/wp\/v2\/types\/product"}],"replies":[{"embeddable":true,"href":"https:\/\/kparts-watersports.com\/de\/wp-json\/wp\/v2\/comments?post=16482"}],"wp:featuredmedia":[{"embeddable":true,"href":"https:\/\/kparts-watersports.com\/de\/wp-json\/wp\/v2\/media\/16483"}],"wp:attachment":[{"href":"https:\/\/kparts-watersports.com\/de\/wp-json\/wp\/v2\/media?parent=16482"}],"wp:term":[{"taxonomy":"product_brand","embeddable":true,"href":"https:\/\/kparts-watersports.com\/de\/wp-json\/wp\/v2\/product_brand?post=16482"},{"taxonomy":"product_cat","embeddable":true,"href":"https:\/\/kparts-watersports.com\/de\/wp-json\/wp\/v2\/product_cat?post=16482"},{"taxonomy":"product_tag","embeddable":true,"href":"https:\/\/kparts-watersports.com\/de\/wp-json\/wp\/v2\/product_tag?post=16482"}],"curies":[{"name":"wp","href":"https:\/\/api.w.org\/{rel}","templated":true}]}}