{"id":16557,"date":"2025-06-29T16:17:18","date_gmt":"2025-06-29T14:17:18","guid":{"rendered":"https:\/\/kparts-watersports.com\/produit\/kparts-rumpf-allure-2024-mast-mit-kujira-v2-fluegeln\/"},"modified":"2026-04-23T14:55:12","modified_gmt":"2026-04-23T12:55:12","slug":"kparts-rumpf-allure-2024-mast-mit-kujira-v2-fluegeln","status":"publish","type":"product","link":"https:\/\/kparts-watersports.com\/de\/produit\/kparts-rumpf-allure-2024-mast-mit-kujira-v2-fluegeln\/","title":{"rendered":"KPARTS Rumpf \u2013 ALLURE 2024 Mast mit KUJIRA V2 Fl\u00fcgeln"},"content":{"rendered":"<p><strong data-redactor-tag=\"strong\">[Auf Lager]<\/strong><\/p>\n<p>Entdecken Sie Ihre Lieblingsfl\u00fcgel mit diesem neuen, innovativen Fuselage neu.<\/p>\n<p>Wir haben einen Rumpf entwickelt, der Ihre Takuma Kujira V2 Fl\u00fcgel mit dem ALLURE 2024 Mast kompatibel macht.<\/p>\n<p>Der Rumpf erm\u00f6glicht die Montage der Original-Stabilisatoren (1x M8-Schraube) sowie auch Ihrer \u201eCustom\u201c-Stabilisatoren (2x M6-Schrauben, 30 mm Lochabstand) dank der mitgelieferten Shims.<\/p>\n<p>Der Rumpf ist aus Aluminium 6082-T6 gefr\u00e4st und grau eloxiert.<\/p>\n<p>Die Eloxierung des Fuselages wird in Frankreich bei einem unserer Partner durchgef\u00fchrt, um den Prozess und die Qualit\u00e4t des Aluminiumschutzes zu kontrollieren.<br \/>Mit einem klaren Ziel: Ihnen die bestm\u00f6gliche Korrosionsbest\u00e4ndigkeit zu bieten. <\/p>\n<p>Der Fuselage sollte dennoch nach jeder Nutzung mit S\u00fc\u00dfwasser gesp\u00fclt werden, um Korrosion zu begrenzen. Zudem sollte Tef-Gel (nicht im Lieferumfang enthalten) f\u00fcr die Schrauben verwendet werden, um die elektrochemische Reaktion mit Edelstahl zu reduzieren.<\/p>\n<p>Die auf den Fotos gezeigten Fl\u00fcgel und Stabilisatoren sind nicht im Lieferumfang enthalten und dienen lediglich zur Veranschaulichung.<\/p>\n<p>Dieser Mast wurde f\u00fcr maximale Gleitf\u00e4higkeit optimiert \u2013 <strong data-redactor-tag=\"strong\">NICHT SPRINGEN ODER F\u00dcR FREESTYLE VERWENDEN.<\/strong><\/p>\n<p><u data-redactor-tag=\"u\">Bei Verdacht auf Sch\u00e4den infolge dieser Nutzung erlischt jeglicher Garantieanspruch.<\/u><\/p>\n","protected":false},"excerpt":{"rendered":"<p>[Auf Lager] Entdecken Sie Ihre Lieblingsfl\u00fcgel mit diesem neuen, innovativen Fuselage neu. Wir haben einen Rumpf entwickelt, der Ihre Takuma Kujira V2 Fl\u00fcgel mit dem ALLURE 2024 Mast kompatibel macht. Der Rumpf erm\u00f6glicht die Montage der Original-Stabilisatoren (1x M8-Schraube) sowie auch Ihrer \u201eCustom\u201c-Stabilisatoren (2x M6-Schrauben, 30 mm Lochabstand) dank der mitgelieferten Shims. Der Rumpf ist aus Aluminium 6082-T6 gefr\u00e4st und grau eloxiert. Die Eloxierung des Fuselages wird in Frankreich bei einem unserer Partner durchgef\u00fchrt, um den Prozess und die Qualit\u00e4t des Aluminiumschutzes zu kontrollieren.Mit einem klaren Ziel: Ihnen die bestm\u00f6gliche Korrosionsbest\u00e4ndigkeit zu bieten. Der Fuselage sollte dennoch nach jeder Nutzung mit S\u00fc\u00dfwasser gesp\u00fclt werden, um Korrosion zu begrenzen. Zudem sollte Tef-Gel (nicht im Lieferumfang enthalten) f\u00fcr die Schrauben verwendet werden, um die elektrochemische Reaktion mit Edelstahl zu reduzieren. Die auf den Fotos gezeigten Fl\u00fcgel und Stabilisatoren sind nicht im Lieferumfang enthalten und dienen lediglich zur Veranschaulichung. Dieser Mast wurde f\u00fcr maximale Gleitf\u00e4higkeit optimiert \u2013 NICHT SPRINGEN ODER F\u00dcR FREESTYLE VERWENDEN. Bei Verdacht auf Sch\u00e4den infolge dieser Nutzung erlischt jeglicher Garantieanspruch.<\/p>\n","protected":false},"featured_media":16573,"comment_status":"open","ping_status":"closed","template":"","meta":{"site-sidebar-layout":"default","site-content-layout":"","ast-site-content-layout":"default","site-content-style":"default","site-sidebar-style":"default","ast-global-header-display":"","ast-banner-title-visibility":"","ast-main-header-display":"","ast-hfb-above-header-display":"","ast-hfb-below-header-display":"","ast-hfb-mobile-header-display":"","site-post-title":"","ast-breadcrumbs-content":"","ast-featured-img":"","footer-sml-layout":"","ast-disable-related-posts":"","theme-transparent-header-meta":"default","adv-header-id-meta":"","stick-header-meta":"","header-above-stick-meta":"","header-main-stick-meta":"","header-below-stick-meta":"","astra-migrate-meta-layouts":"default","ast-page-background-enabled":"default","ast-page-background-meta":{"desktop":{"background-color":"var(--ast-global-color-4)","background-image":"","background-repeat":"repeat","background-position":"center center","background-size":"auto","background-attachment":"scroll","background-type":"","background-media":"","overlay-type":"","overlay-color":"","overlay-opacity":"","overlay-gradient":""},"tablet":{"background-color":"","background-image":"","background-repeat":"repeat","background-position":"center center","background-size":"auto","background-attachment":"scroll","background-type":"","background-media":"","overlay-type":"","overlay-color":"","overlay-opacity":"","overlay-gradient":""},"mobile":{"background-color":"","background-image":"","background-repeat":"repeat","background-position":"center center","background-size":"auto","background-attachment":"scroll","background-type":"","background-media":"","overlay-type":"","overlay-color":"","overlay-opacity":"","overlay-gradient":""}},"ast-content-background-meta":{"desktop":{"background-color":"var(--ast-global-color-5)","background-image":"","background-repeat":"repeat","background-position":"center center","background-size":"auto","background-attachment":"scroll","background-type":"","background-media":"","overlay-type":"","overlay-color":"","overlay-opacity":"","overlay-gradient":""},"tablet":{"background-color":"var(--ast-global-color-5)","background-image":"","background-repeat":"repeat","background-position":"center center","background-size":"auto","background-attachment":"scroll","background-type":"","background-media":"","overlay-type":"","overlay-color":"","overlay-opacity":"","overlay-gradient":""},"mobile":{"background-color":"var(--ast-global-color-5)","background-image":"","background-repeat":"repeat","background-position":"center center","background-size":"auto","background-attachment":"scroll","background-type":"","background-media":"","overlay-type":"","overlay-color":"","overlay-opacity":"","overlay-gradient":""}}},"product_brand":[],"product_cat":[208,215],"product_tag":[],"class_list":{"0":"post-16557","1":"product","2":"type-product","3":"status-publish","4":"has-post-thumbnail","6":"product_cat-angebote","7":"product_cat-fuselagen","8":"desktop-align-center","9":"tablet-align-left","10":"mobile-align-left","11":"tm-no-options","13":"first","14":"instock","15":"sale","16":"taxable","17":"shipping-taxable","18":"purchasable","19":"product-type-simple"},"yoast_head":"<!-- This site is optimized with the Yoast SEO plugin v27.3 - https:\/\/yoast.com\/product\/yoast-seo-wordpress\/ -->\n<title>KPARTS Rumpf \u2013 ALLURE 2024 Mast mit KUJIRA V2 Fl\u00fcgeln - KPARTS WATERSPORTS<\/title>\n<meta name=\"robots\" content=\"index, follow, max-snippet:-1, max-image-preview:large, max-video-preview:-1\" \/>\n<link rel=\"canonical\" href=\"https:\/\/kparts-watersports.com\/de\/produit\/kparts-rumpf-allure-2024-mast-mit-kujira-v2-fluegeln\/\" \/>\n<meta property=\"og:locale\" content=\"de_DE\" \/>\n<meta property=\"og:type\" content=\"article\" \/>\n<meta property=\"og:title\" content=\"KPARTS Rumpf \u2013 ALLURE 2024 Mast mit KUJIRA V2 Fl\u00fcgeln - KPARTS WATERSPORTS\" \/>\n<meta property=\"og:description\" content=\"[Auf Lager] Entdecken Sie Ihre Lieblingsfl\u00fcgel mit diesem neuen, innovativen Fuselage neu. Wir haben einen Rumpf entwickelt, der Ihre Takuma Kujira V2 Fl\u00fcgel mit dem ALLURE 2024 Mast kompatibel macht. Der Rumpf erm\u00f6glicht die Montage der Original-Stabilisatoren (1x M8-Schraube) sowie auch Ihrer \u201eCustom\u201c-Stabilisatoren (2x M6-Schrauben, 30 mm Lochabstand) dank der mitgelieferten Shims. Der Rumpf ist aus Aluminium 6082-T6 gefr\u00e4st und grau eloxiert. Die Eloxierung des Fuselages wird in Frankreich bei einem unserer Partner durchgef\u00fchrt, um den Prozess und die Qualit\u00e4t des Aluminiumschutzes zu kontrollieren.Mit einem klaren Ziel: Ihnen die bestm\u00f6gliche Korrosionsbest\u00e4ndigkeit zu bieten. Der Fuselage sollte dennoch nach jeder Nutzung mit S\u00fc\u00dfwasser gesp\u00fclt werden, um Korrosion zu begrenzen. Zudem sollte Tef-Gel (nicht im Lieferumfang enthalten) f\u00fcr die Schrauben verwendet werden, um die elektrochemische Reaktion mit Edelstahl zu reduzieren. Die auf den Fotos gezeigten Fl\u00fcgel und Stabilisatoren sind nicht im Lieferumfang enthalten und dienen lediglich zur Veranschaulichung. Dieser Mast wurde f\u00fcr maximale Gleitf\u00e4higkeit optimiert \u2013 NICHT SPRINGEN ODER F\u00dcR FREESTYLE VERWENDEN. Bei Verdacht auf Sch\u00e4den infolge dieser Nutzung erlischt jeglicher Garantieanspruch.\" \/>\n<meta property=\"og:url\" content=\"https:\/\/kparts-watersports.com\/de\/produit\/kparts-rumpf-allure-2024-mast-mit-kujira-v2-fluegeln\/\" \/>\n<meta property=\"og:site_name\" content=\"KPARTS WATERSPORTS\" \/>\n<meta property=\"article:publisher\" content=\"https:\/\/www.facebook.com\/people\/AP-3D-Custom\/100076804732870\/\" \/>\n<meta property=\"article:modified_time\" content=\"2026-04-23T12:55:12+00:00\" \/>\n<meta property=\"og:image\" content=\"https:\/\/kparts-watersports.com\/wp-content\/uploads\/2025\/06\/Fuselage-KPARTS-Mat-ALLURE-2024-avec-ailes-KUJIRA-V2.webp\" \/>\n\t<meta property=\"og:image:width\" content=\"1130\" \/>\n\t<meta property=\"og:image:height\" content=\"741\" \/>\n\t<meta property=\"og:image:type\" content=\"image\/webp\" \/>\n<meta name=\"twitter:card\" content=\"summary_large_image\" \/>\n<meta name=\"twitter:label1\" content=\"Gesch\u00e4tzte Lesezeit\" \/>\n\t<meta name=\"twitter:data1\" content=\"1 minute\" \/>\n<script type=\"application\/ld+json\" class=\"yoast-schema-graph\">{\"@context\":\"https:\\\/\\\/schema.org\",\"@graph\":[{\"@type\":\"WebPage\",\"@id\":\"https:\\\/\\\/kparts-watersports.com\\\/de\\\/produit\\\/kparts-rumpf-allure-2024-mast-mit-kujira-v2-fluegeln\\\/\",\"url\":\"https:\\\/\\\/kparts-watersports.com\\\/de\\\/produit\\\/kparts-rumpf-allure-2024-mast-mit-kujira-v2-fluegeln\\\/\",\"name\":\"KPARTS Rumpf \u2013 ALLURE 2024 Mast mit KUJIRA V2 Fl\u00fcgeln - KPARTS WATERSPORTS\",\"isPartOf\":{\"@id\":\"https:\\\/\\\/blanchedalmond-oryx-541128.hostingersite.com\\\/#website\"},\"primaryImageOfPage\":{\"@id\":\"https:\\\/\\\/kparts-watersports.com\\\/de\\\/produit\\\/kparts-rumpf-allure-2024-mast-mit-kujira-v2-fluegeln\\\/#primaryimage\"},\"image\":{\"@id\":\"https:\\\/\\\/kparts-watersports.com\\\/de\\\/produit\\\/kparts-rumpf-allure-2024-mast-mit-kujira-v2-fluegeln\\\/#primaryimage\"},\"thumbnailUrl\":\"https:\\\/\\\/kparts-watersports.com\\\/wp-content\\\/uploads\\\/2025\\\/06\\\/Fuselage-KPARTS-Mat-ALLURE-2024-avec-ailes-KUJIRA-V2.webp\",\"datePublished\":\"2025-06-29T14:17:18+00:00\",\"dateModified\":\"2026-04-23T12:55:12+00:00\",\"breadcrumb\":{\"@id\":\"https:\\\/\\\/kparts-watersports.com\\\/de\\\/produit\\\/kparts-rumpf-allure-2024-mast-mit-kujira-v2-fluegeln\\\/#breadcrumb\"},\"inLanguage\":\"de-DE\",\"potentialAction\":[{\"@type\":\"ReadAction\",\"target\":[\"https:\\\/\\\/kparts-watersports.com\\\/de\\\/produit\\\/kparts-rumpf-allure-2024-mast-mit-kujira-v2-fluegeln\\\/\"]}]},{\"@type\":\"ImageObject\",\"inLanguage\":\"de-DE\",\"@id\":\"https:\\\/\\\/kparts-watersports.com\\\/de\\\/produit\\\/kparts-rumpf-allure-2024-mast-mit-kujira-v2-fluegeln\\\/#primaryimage\",\"url\":\"https:\\\/\\\/kparts-watersports.com\\\/wp-content\\\/uploads\\\/2025\\\/06\\\/Fuselage-KPARTS-Mat-ALLURE-2024-avec-ailes-KUJIRA-V2.webp\",\"contentUrl\":\"https:\\\/\\\/kparts-watersports.com\\\/wp-content\\\/uploads\\\/2025\\\/06\\\/Fuselage-KPARTS-Mat-ALLURE-2024-avec-ailes-KUJIRA-V2.webp\",\"width\":1130,\"height\":741,\"caption\":\"Fuselage KPARTS - M\u00e2t ALLURE 2024 avec ailes KUJIRA V2\"},{\"@type\":\"BreadcrumbList\",\"@id\":\"https:\\\/\\\/kparts-watersports.com\\\/de\\\/produit\\\/kparts-rumpf-allure-2024-mast-mit-kujira-v2-fluegeln\\\/#breadcrumb\",\"itemListElement\":[{\"@type\":\"ListItem\",\"position\":1,\"name\":\"Accueil\",\"item\":\"https:\\\/\\\/kparts-watersports.com\\\/de\\\/accueil\\\/\"},{\"@type\":\"ListItem\",\"position\":2,\"name\":\"Shop\",\"item\":\"https:\\\/\\\/kparts-watersports.com\\\/boutique-w\\\/\"},{\"@type\":\"ListItem\",\"position\":3,\"name\":\"KPARTS Rumpf \u2013 ALLURE 2024 Mast mit KUJIRA V2 Fl\u00fcgeln\"}]},{\"@type\":\"WebSite\",\"@id\":\"https:\\\/\\\/blanchedalmond-oryx-541128.hostingersite.com\\\/#website\",\"url\":\"https:\\\/\\\/blanchedalmond-oryx-541128.hostingersite.com\\\/\",\"name\":\"KPARTS WATERSPORTS\",\"description\":\"Accessoires custom pour sports nautiques\",\"publisher\":{\"@id\":\"https:\\\/\\\/blanchedalmond-oryx-541128.hostingersite.com\\\/#organization\"},\"potentialAction\":[{\"@type\":\"SearchAction\",\"target\":{\"@type\":\"EntryPoint\",\"urlTemplate\":\"https:\\\/\\\/blanchedalmond-oryx-541128.hostingersite.com\\\/?s={search_term_string}\"},\"query-input\":{\"@type\":\"PropertyValueSpecification\",\"valueRequired\":true,\"valueName\":\"search_term_string\"}}],\"inLanguage\":\"de-DE\"},{\"@type\":\"Organization\",\"@id\":\"https:\\\/\\\/blanchedalmond-oryx-541128.hostingersite.com\\\/#organization\",\"name\":\"KPARTS WATERSPORTS\",\"url\":\"https:\\\/\\\/blanchedalmond-oryx-541128.hostingersite.com\\\/\",\"logo\":{\"@type\":\"ImageObject\",\"inLanguage\":\"de-DE\",\"@id\":\"https:\\\/\\\/blanchedalmond-oryx-541128.hostingersite.com\\\/#\\\/schema\\\/logo\\\/image\\\/\",\"url\":\"https:\\\/\\\/kparts-watersports.ovh\\\/wp-content\\\/uploads\\\/2024\\\/09\\\/Kparts-Logo-Favicon.jpg\",\"contentUrl\":\"https:\\\/\\\/kparts-watersports.ovh\\\/wp-content\\\/uploads\\\/2024\\\/09\\\/Kparts-Logo-Favicon.jpg\",\"width\":600,\"height\":600,\"caption\":\"KPARTS WATERSPORTS\"},\"image\":{\"@id\":\"https:\\\/\\\/blanchedalmond-oryx-541128.hostingersite.com\\\/#\\\/schema\\\/logo\\\/image\\\/\"},\"sameAs\":[\"https:\\\/\\\/www.facebook.com\\\/people\\\/AP-3D-Custom\\\/100076804732870\\\/\",\"https:\\\/\\\/www.instagram.com\\\/ap3dcustom\\\/\"]}]}<\/script>\n<!-- \/ Yoast SEO plugin. -->","yoast_head_json":{"title":"KPARTS Rumpf \u2013 ALLURE 2024 Mast mit KUJIRA V2 Fl\u00fcgeln - KPARTS WATERSPORTS","robots":{"index":"index","follow":"follow","max-snippet":"max-snippet:-1","max-image-preview":"max-image-preview:large","max-video-preview":"max-video-preview:-1"},"canonical":"https:\/\/kparts-watersports.com\/de\/produit\/kparts-rumpf-allure-2024-mast-mit-kujira-v2-fluegeln\/","og_locale":"de_DE","og_type":"article","og_title":"KPARTS Rumpf \u2013 ALLURE 2024 Mast mit KUJIRA V2 Fl\u00fcgeln - KPARTS WATERSPORTS","og_description":"[Auf Lager] Entdecken Sie Ihre Lieblingsfl\u00fcgel mit diesem neuen, innovativen Fuselage neu. Wir haben einen Rumpf entwickelt, der Ihre Takuma Kujira V2 Fl\u00fcgel mit dem ALLURE 2024 Mast kompatibel macht. Der Rumpf erm\u00f6glicht die Montage der Original-Stabilisatoren (1x M8-Schraube) sowie auch Ihrer \u201eCustom\u201c-Stabilisatoren (2x M6-Schrauben, 30 mm Lochabstand) dank der mitgelieferten Shims. Der Rumpf ist aus Aluminium 6082-T6 gefr\u00e4st und grau eloxiert. Die Eloxierung des Fuselages wird in Frankreich bei einem unserer Partner durchgef\u00fchrt, um den Prozess und die Qualit\u00e4t des Aluminiumschutzes zu kontrollieren.Mit einem klaren Ziel: Ihnen die bestm\u00f6gliche Korrosionsbest\u00e4ndigkeit zu bieten. Der Fuselage sollte dennoch nach jeder Nutzung mit S\u00fc\u00dfwasser gesp\u00fclt werden, um Korrosion zu begrenzen. Zudem sollte Tef-Gel (nicht im Lieferumfang enthalten) f\u00fcr die Schrauben verwendet werden, um die elektrochemische Reaktion mit Edelstahl zu reduzieren. Die auf den Fotos gezeigten Fl\u00fcgel und Stabilisatoren sind nicht im Lieferumfang enthalten und dienen lediglich zur Veranschaulichung. Dieser Mast wurde f\u00fcr maximale Gleitf\u00e4higkeit optimiert \u2013 NICHT SPRINGEN ODER F\u00dcR FREESTYLE VERWENDEN. Bei Verdacht auf Sch\u00e4den infolge dieser Nutzung erlischt jeglicher Garantieanspruch.","og_url":"https:\/\/kparts-watersports.com\/de\/produit\/kparts-rumpf-allure-2024-mast-mit-kujira-v2-fluegeln\/","og_site_name":"KPARTS WATERSPORTS","article_publisher":"https:\/\/www.facebook.com\/people\/AP-3D-Custom\/100076804732870\/","article_modified_time":"2026-04-23T12:55:12+00:00","og_image":[{"width":1130,"height":741,"url":"https:\/\/kparts-watersports.com\/wp-content\/uploads\/2025\/06\/Fuselage-KPARTS-Mat-ALLURE-2024-avec-ailes-KUJIRA-V2.webp","type":"image\/webp"}],"twitter_card":"summary_large_image","twitter_misc":{"Gesch\u00e4tzte Lesezeit":"1 minute"},"schema":{"@context":"https:\/\/schema.org","@graph":[{"@type":"WebPage","@id":"https:\/\/kparts-watersports.com\/de\/produit\/kparts-rumpf-allure-2024-mast-mit-kujira-v2-fluegeln\/","url":"https:\/\/kparts-watersports.com\/de\/produit\/kparts-rumpf-allure-2024-mast-mit-kujira-v2-fluegeln\/","name":"KPARTS Rumpf \u2013 ALLURE 2024 Mast mit KUJIRA V2 Fl\u00fcgeln - KPARTS WATERSPORTS","isPartOf":{"@id":"https:\/\/blanchedalmond-oryx-541128.hostingersite.com\/#website"},"primaryImageOfPage":{"@id":"https:\/\/kparts-watersports.com\/de\/produit\/kparts-rumpf-allure-2024-mast-mit-kujira-v2-fluegeln\/#primaryimage"},"image":{"@id":"https:\/\/kparts-watersports.com\/de\/produit\/kparts-rumpf-allure-2024-mast-mit-kujira-v2-fluegeln\/#primaryimage"},"thumbnailUrl":"https:\/\/kparts-watersports.com\/wp-content\/uploads\/2025\/06\/Fuselage-KPARTS-Mat-ALLURE-2024-avec-ailes-KUJIRA-V2.webp","datePublished":"2025-06-29T14:17:18+00:00","dateModified":"2026-04-23T12:55:12+00:00","breadcrumb":{"@id":"https:\/\/kparts-watersports.com\/de\/produit\/kparts-rumpf-allure-2024-mast-mit-kujira-v2-fluegeln\/#breadcrumb"},"inLanguage":"de-DE","potentialAction":[{"@type":"ReadAction","target":["https:\/\/kparts-watersports.com\/de\/produit\/kparts-rumpf-allure-2024-mast-mit-kujira-v2-fluegeln\/"]}]},{"@type":"ImageObject","inLanguage":"de-DE","@id":"https:\/\/kparts-watersports.com\/de\/produit\/kparts-rumpf-allure-2024-mast-mit-kujira-v2-fluegeln\/#primaryimage","url":"https:\/\/kparts-watersports.com\/wp-content\/uploads\/2025\/06\/Fuselage-KPARTS-Mat-ALLURE-2024-avec-ailes-KUJIRA-V2.webp","contentUrl":"https:\/\/kparts-watersports.com\/wp-content\/uploads\/2025\/06\/Fuselage-KPARTS-Mat-ALLURE-2024-avec-ailes-KUJIRA-V2.webp","width":1130,"height":741,"caption":"Fuselage KPARTS - M\u00e2t ALLURE 2024 avec ailes KUJIRA V2"},{"@type":"BreadcrumbList","@id":"https:\/\/kparts-watersports.com\/de\/produit\/kparts-rumpf-allure-2024-mast-mit-kujira-v2-fluegeln\/#breadcrumb","itemListElement":[{"@type":"ListItem","position":1,"name":"Accueil","item":"https:\/\/kparts-watersports.com\/de\/accueil\/"},{"@type":"ListItem","position":2,"name":"Shop","item":"https:\/\/kparts-watersports.com\/boutique-w\/"},{"@type":"ListItem","position":3,"name":"KPARTS Rumpf \u2013 ALLURE 2024 Mast mit KUJIRA V2 Fl\u00fcgeln"}]},{"@type":"WebSite","@id":"https:\/\/blanchedalmond-oryx-541128.hostingersite.com\/#website","url":"https:\/\/blanchedalmond-oryx-541128.hostingersite.com\/","name":"KPARTS WATERSPORTS","description":"Accessoires custom pour sports nautiques","publisher":{"@id":"https:\/\/blanchedalmond-oryx-541128.hostingersite.com\/#organization"},"potentialAction":[{"@type":"SearchAction","target":{"@type":"EntryPoint","urlTemplate":"https:\/\/blanchedalmond-oryx-541128.hostingersite.com\/?s={search_term_string}"},"query-input":{"@type":"PropertyValueSpecification","valueRequired":true,"valueName":"search_term_string"}}],"inLanguage":"de-DE"},{"@type":"Organization","@id":"https:\/\/blanchedalmond-oryx-541128.hostingersite.com\/#organization","name":"KPARTS WATERSPORTS","url":"https:\/\/blanchedalmond-oryx-541128.hostingersite.com\/","logo":{"@type":"ImageObject","inLanguage":"de-DE","@id":"https:\/\/blanchedalmond-oryx-541128.hostingersite.com\/#\/schema\/logo\/image\/","url":"https:\/\/kparts-watersports.ovh\/wp-content\/uploads\/2024\/09\/Kparts-Logo-Favicon.jpg","contentUrl":"https:\/\/kparts-watersports.ovh\/wp-content\/uploads\/2024\/09\/Kparts-Logo-Favicon.jpg","width":600,"height":600,"caption":"KPARTS WATERSPORTS"},"image":{"@id":"https:\/\/blanchedalmond-oryx-541128.hostingersite.com\/#\/schema\/logo\/image\/"},"sameAs":["https:\/\/www.facebook.com\/people\/AP-3D-Custom\/100076804732870\/","https:\/\/www.instagram.com\/ap3dcustom\/"]}]}},"jetpack_sharing_enabled":true,"_links":{"self":[{"href":"https:\/\/kparts-watersports.com\/de\/wp-json\/wp\/v2\/product\/16557","targetHints":{"allow":["GET"]}}],"collection":[{"href":"https:\/\/kparts-watersports.com\/de\/wp-json\/wp\/v2\/product"}],"about":[{"href":"https:\/\/kparts-watersports.com\/de\/wp-json\/wp\/v2\/types\/product"}],"replies":[{"embeddable":true,"href":"https:\/\/kparts-watersports.com\/de\/wp-json\/wp\/v2\/comments?post=16557"}],"wp:featuredmedia":[{"embeddable":true,"href":"https:\/\/kparts-watersports.com\/de\/wp-json\/wp\/v2\/media\/16573"}],"wp:attachment":[{"href":"https:\/\/kparts-watersports.com\/de\/wp-json\/wp\/v2\/media?parent=16557"}],"wp:term":[{"taxonomy":"product_brand","embeddable":true,"href":"https:\/\/kparts-watersports.com\/de\/wp-json\/wp\/v2\/product_brand?post=16557"},{"taxonomy":"product_cat","embeddable":true,"href":"https:\/\/kparts-watersports.com\/de\/wp-json\/wp\/v2\/product_cat?post=16557"},{"taxonomy":"product_tag","embeddable":true,"href":"https:\/\/kparts-watersports.com\/de\/wp-json\/wp\/v2\/product_tag?post=16557"}],"curies":[{"name":"wp","href":"https:\/\/api.w.org\/{rel}","templated":true}]}}