{"id":16606,"date":"2025-06-29T16:47:54","date_gmt":"2025-06-29T14:47:54","guid":{"rendered":"https:\/\/kparts-watersports.com\/produit\/kparts-aluminium-mast-multimarken\/"},"modified":"2026-04-23T16:09:39","modified_gmt":"2026-04-23T14:09:39","slug":"kparts-aluminium-mast-multimarken","status":"publish","type":"product","link":"https:\/\/kparts-watersports.com\/de\/produit\/kparts-aluminium-mast-multimarken\/","title":{"rendered":"KPARTS Aluminium-Mast \u2013 Multimarken"},"content":{"rendered":"<p><strong data-redactor-tag=\"strong\">[Versand innerhalb von 7 Tagen]<\/strong><\/p>\n<p>Wir haben dieses neue Konzept eines multikompatiblen Aluminium-Masts mit einem klaren Ziel entwickelt: Ihnen individuelles Equipment zu einem geringeren Preis anzubieten, ohne Kompromisse bei der Performance einzugehen, und Ihnen zu erm\u00f6glichen, verschiedene Foils auf dem Markt zu testen, ohne sich zu ruinieren \u2013 mit einem leistungsstarken Mast mit unschlagbarem Preis-Leistungs-Verh\u00e4ltnis.<\/p>\n<p>Kompatibel mit <strong data-redactor-tag=\"strong\">9 verschiedenen Marken<\/strong> und <strong data-redactor-tag=\"strong\">10 Fuselages<\/strong> (2 Fuselages f\u00fcr die Marke GONG\u00ae) sowie mit den <a href=\"https:\/\/kparts-watersports.com\/boutique\/MASTS-FUSELAGES-&amp;-ADAPTERS-WINGFOIL-c151687277\" target=\"_blank\" rel=\"noopener\">6 KPARTS-Fuselages<\/a>, die die Aufnahme des ALLURE\u00ae-Masts \u00fcbernehmen.<\/p>\n<p>Sie k\u00f6nnen somit dank unserer verschiedenen Adapter problemlos von einer Marke zur anderen wechseln, ohne sich um den Mast k\u00fcmmern zu m\u00fcssen.<\/p>\n<p>Und weil wir keine halben Sachen machen:<\/p>\n<ul>\n<li>Die gesamte Verschraubung f\u00fcr die Verbindungen Adapter\u2013Mast\u2013Platte besteht aus <strong data-redactor-tag=\"strong\">TITAN und ist in M8 ausgef\u00fchrt.*<\/strong><\/li>\n<li>Die Platte <strong data-redactor-tag=\"strong\">ist verschraubt UND verklebt,<\/strong> um maximale Steifigkeit, kein Spiel und einen minimalen Wartungsaufwand zu gew\u00e4hrleisten.<\/li>\n<\/ul>\n<p>Das gew\u00e4hrleistet eine bessere Haltbarkeit und verhindert galvanische Korrosion, die \u00fcblicherweise zwischen Edelstahlschrauben und Aluminium auftritt.<\/p>\n<p>Die Platte verf\u00fcgt \u00fcber einen Schutz aus hartem Gummi, um Kratzer auf dem Rumpf Ihres Boards zu vermeiden.<\/p>\n<p>Das Mastprofil betr\u00e4gt 115 mm Profiltiefe bei 16 mm Dicke \u2013 f\u00fcr uns der beste Kompromiss zwischen Steifigkeit und Gleiteigenschaften! Zudem ist es ein Profil, das nicht ventiliert: Sie k\u00f6nnen beim Wingfoilen kr\u00e4ftig Druck geben, ohne dass der Mast abrei\u00dft! <\/p>\n<p><strong data-redactor-tag=\"strong\">Gewicht:<\/strong><\/p>\n<ul>\n<li>Der <strong data-redactor-tag=\"strong\">85 cm Mast wiegt 2,065 kg<\/strong> (inkl. Platte, Adapter und Schrauben).<\/li>\n<li>Der <strong data-redactor-tag=\"strong\">80 cm Mast wiegt 1,965 kg.<\/strong><\/li>\n<li>Der <strong data-redactor-tag=\"strong\">75 cm Mast wiegt 1,865 kg.<\/strong><\/li>\n<\/ul>\n<p><strong data-redactor-tag=\"strong\">Pflege:<\/strong> Wie bei allen Aluminiumteilen, die mit Salzwasser in Kontakt kommen, ist es notwendig, das Material systematisch mit klarem Wasser zu sp\u00fclen, um die Lebensdauer maximal zu verl\u00e4ngern.<\/p>\n<p>Alle Komponenten sind aus Aluminium 6061 gefertigt und anschlie\u00dfend schwarz eloxiert.<\/p>\n<p>Sie w\u00fcnschen dennoch eine demontierbare Platte? Kontaktieren Sie uns. <\/p>\n<p>Die Schrauben f\u00fcr die Befestigung Mast\/Board (Rumpf der Board-Unterseite) sind nicht im Lieferumfang enthalten, werden jedoch optional angeboten.<\/p>\n<p>Ausgenommen der ALLURE\u00ae \/ KPARTS Adapter (M6), f\u00fcr den Titan-Reduzierh\u00fclsen von M8 auf M6 mitgeliefert und bereits montiert sind.<\/p>\n","protected":false},"excerpt":{"rendered":"<p>[Versand innerhalb von 7 Tagen] Wir haben dieses neue Konzept eines multikompatiblen Aluminium-Masts mit einem klaren Ziel entwickelt: Ihnen individuelles Equipment zu einem geringeren Preis anzubieten, ohne Kompromisse bei der Performance einzugehen, und Ihnen zu erm\u00f6glichen, verschiedene Foils auf dem Markt zu testen, ohne sich zu ruinieren \u2013 mit einem leistungsstarken Mast mit unschlagbarem Preis-Leistungs-Verh\u00e4ltnis. Kompatibel mit 9 verschiedenen Marken und 10 Fuselages (2 Fuselages f\u00fcr die Marke GONG\u00ae) sowie mit den 6 KPARTS-Fuselages, die die Aufnahme des ALLURE\u00ae-Masts \u00fcbernehmen. Sie k\u00f6nnen somit dank unserer verschiedenen Adapter problemlos von einer Marke zur anderen wechseln, ohne sich um den Mast k\u00fcmmern zu m\u00fcssen. Und weil wir keine halben Sachen machen: Die gesamte Verschraubung f\u00fcr die Verbindungen Adapter\u2013Mast\u2013Platte besteht aus TITAN und ist in M8 ausgef\u00fchrt.* Die Platte ist verschraubt UND verklebt, um maximale Steifigkeit, kein Spiel und einen minimalen Wartungsaufwand zu gew\u00e4hrleisten. Das gew\u00e4hrleistet eine bessere Haltbarkeit und verhindert galvanische Korrosion, die \u00fcblicherweise zwischen Edelstahlschrauben und Aluminium auftritt. Die Platte verf\u00fcgt \u00fcber einen Schutz aus hartem Gummi, um Kratzer auf dem Rumpf Ihres Boards zu vermeiden. Das Mastprofil betr\u00e4gt 115 mm Profiltiefe bei 16 mm Dicke \u2013 f\u00fcr uns der beste Kompromiss zwischen Steifigkeit und Gleiteigenschaften! Zudem ist es ein Profil, das nicht ventiliert: Sie k\u00f6nnen beim Wingfoilen kr\u00e4ftig Druck geben, ohne dass der Mast abrei\u00dft! Gewicht: Der 85 cm Mast wiegt 2,065 kg (inkl. Platte, Adapter und Schrauben). Der 80 cm Mast wiegt 1,965 kg. Der 75 cm Mast wiegt 1,865 kg. Pflege: Wie bei allen Aluminiumteilen, die mit Salzwasser in Kontakt kommen, ist es notwendig, das Material systematisch mit klarem Wasser zu sp\u00fclen, um die Lebensdauer maximal zu verl\u00e4ngern. Alle Komponenten sind aus Aluminium 6061 gefertigt und anschlie\u00dfend schwarz eloxiert. Sie w\u00fcnschen dennoch eine demontierbare Platte? Kontaktieren Sie uns. Die Schrauben f\u00fcr die Befestigung Mast\/Board (Rumpf der Board-Unterseite) sind nicht im Lieferumfang enthalten, werden jedoch optional angeboten. Ausgenommen der ALLURE\u00ae \/ KPARTS Adapter (M6), f\u00fcr den Titan-Reduzierh\u00fclsen von M8 auf M6 mitgeliefert und bereits montiert sind.<\/p>\n","protected":false},"featured_media":16626,"comment_status":"open","ping_status":"closed","template":"","meta":{"site-sidebar-layout":"default","site-content-layout":"","ast-site-content-layout":"default","site-content-style":"default","site-sidebar-style":"default","ast-global-header-display":"","ast-banner-title-visibility":"","ast-main-header-display":"","ast-hfb-above-header-display":"","ast-hfb-below-header-display":"","ast-hfb-mobile-header-display":"","site-post-title":"","ast-breadcrumbs-content":"","ast-featured-img":"","footer-sml-layout":"","ast-disable-related-posts":"","theme-transparent-header-meta":"default","adv-header-id-meta":"","stick-header-meta":"","header-above-stick-meta":"","header-main-stick-meta":"","header-below-stick-meta":"","astra-migrate-meta-layouts":"default","ast-page-background-enabled":"default","ast-page-background-meta":{"desktop":{"background-color":"var(--ast-global-color-4)","background-image":"","background-repeat":"repeat","background-position":"center center","background-size":"auto","background-attachment":"scroll","background-type":"","background-media":"","overlay-type":"","overlay-color":"","overlay-opacity":"","overlay-gradient":""},"tablet":{"background-color":"","background-image":"","background-repeat":"repeat","background-position":"center center","background-size":"auto","background-attachment":"scroll","background-type":"","background-media":"","overlay-type":"","overlay-color":"","overlay-opacity":"","overlay-gradient":""},"mobile":{"background-color":"","background-image":"","background-repeat":"repeat","background-position":"center center","background-size":"auto","background-attachment":"scroll","background-type":"","background-media":"","overlay-type":"","overlay-color":"","overlay-opacity":"","overlay-gradient":""}},"ast-content-background-meta":{"desktop":{"background-color":"var(--ast-global-color-5)","background-image":"","background-repeat":"repeat","background-position":"center center","background-size":"auto","background-attachment":"scroll","background-type":"","background-media":"","overlay-type":"","overlay-color":"","overlay-opacity":"","overlay-gradient":""},"tablet":{"background-color":"var(--ast-global-color-5)","background-image":"","background-repeat":"repeat","background-position":"center center","background-size":"auto","background-attachment":"scroll","background-type":"","background-media":"","overlay-type":"","overlay-color":"","overlay-opacity":"","overlay-gradient":""},"mobile":{"background-color":"var(--ast-global-color-5)","background-image":"","background-repeat":"repeat","background-position":"center center","background-size":"auto","background-attachment":"scroll","background-type":"","background-media":"","overlay-type":"","overlay-color":"","overlay-opacity":"","overlay-gradient":""}}},"product_brand":[],"product_cat":[217],"product_tag":[],"class_list":{"0":"post-16606","1":"product","2":"type-product","3":"status-publish","4":"has-post-thumbnail","6":"product_cat-maste","7":"desktop-align-center","8":"tablet-align-left","9":"mobile-align-left","10":"tm-has-options","12":"first","13":"instock","14":"taxable","15":"shipping-taxable","16":"purchasable","17":"product-type-variable"},"yoast_head":"<!-- This site is optimized with the Yoast SEO plugin v27.3 - https:\/\/yoast.com\/product\/yoast-seo-wordpress\/ -->\n<title>KPARTS Aluminium-Mast \u2013 Multimarken - KPARTS WATERSPORTS<\/title>\n<meta name=\"robots\" content=\"index, follow, max-snippet:-1, max-image-preview:large, max-video-preview:-1\" \/>\n<link rel=\"canonical\" href=\"https:\/\/kparts-watersports.com\/de\/produit\/kparts-aluminium-mast-multimarken\/\" \/>\n<meta property=\"og:locale\" content=\"de_DE\" \/>\n<meta property=\"og:type\" content=\"article\" \/>\n<meta property=\"og:title\" content=\"KPARTS Aluminium-Mast \u2013 Multimarken - KPARTS WATERSPORTS\" \/>\n<meta property=\"og:description\" content=\"[Versand innerhalb von 7 Tagen] Wir haben dieses neue Konzept eines multikompatiblen Aluminium-Masts mit einem klaren Ziel entwickelt: Ihnen individuelles Equipment zu einem geringeren Preis anzubieten, ohne Kompromisse bei der Performance einzugehen, und Ihnen zu erm\u00f6glichen, verschiedene Foils auf dem Markt zu testen, ohne sich zu ruinieren \u2013 mit einem leistungsstarken Mast mit unschlagbarem Preis-Leistungs-Verh\u00e4ltnis. Kompatibel mit 9 verschiedenen Marken und 10 Fuselages (2 Fuselages f\u00fcr die Marke GONG\u00ae) sowie mit den 6 KPARTS-Fuselages, die die Aufnahme des ALLURE\u00ae-Masts \u00fcbernehmen. Sie k\u00f6nnen somit dank unserer verschiedenen Adapter problemlos von einer Marke zur anderen wechseln, ohne sich um den Mast k\u00fcmmern zu m\u00fcssen. Und weil wir keine halben Sachen machen: Die gesamte Verschraubung f\u00fcr die Verbindungen Adapter\u2013Mast\u2013Platte besteht aus TITAN und ist in M8 ausgef\u00fchrt.* Die Platte ist verschraubt UND verklebt, um maximale Steifigkeit, kein Spiel und einen minimalen Wartungsaufwand zu gew\u00e4hrleisten. Das gew\u00e4hrleistet eine bessere Haltbarkeit und verhindert galvanische Korrosion, die \u00fcblicherweise zwischen Edelstahlschrauben und Aluminium auftritt. Die Platte verf\u00fcgt \u00fcber einen Schutz aus hartem Gummi, um Kratzer auf dem Rumpf Ihres Boards zu vermeiden. Das Mastprofil betr\u00e4gt 115 mm Profiltiefe bei 16 mm Dicke \u2013 f\u00fcr uns der beste Kompromiss zwischen Steifigkeit und Gleiteigenschaften! Zudem ist es ein Profil, das nicht ventiliert: Sie k\u00f6nnen beim Wingfoilen kr\u00e4ftig Druck geben, ohne dass der Mast abrei\u00dft! Gewicht: Der 85 cm Mast wiegt 2,065 kg (inkl. Platte, Adapter und Schrauben). Der 80 cm Mast wiegt 1,965 kg. Der 75 cm Mast wiegt 1,865 kg. Pflege: Wie bei allen Aluminiumteilen, die mit Salzwasser in Kontakt kommen, ist es notwendig, das Material systematisch mit klarem Wasser zu sp\u00fclen, um die Lebensdauer maximal zu verl\u00e4ngern. Alle Komponenten sind aus Aluminium 6061 gefertigt und anschlie\u00dfend schwarz eloxiert. Sie w\u00fcnschen dennoch eine demontierbare Platte? Kontaktieren Sie uns. Die Schrauben f\u00fcr die Befestigung Mast\/Board (Rumpf der Board-Unterseite) sind nicht im Lieferumfang enthalten, werden jedoch optional angeboten. Ausgenommen der ALLURE\u00ae \/ KPARTS Adapter (M6), f\u00fcr den Titan-Reduzierh\u00fclsen von M8 auf M6 mitgeliefert und bereits montiert sind.\" \/>\n<meta property=\"og:url\" content=\"https:\/\/kparts-watersports.com\/de\/produit\/kparts-aluminium-mast-multimarken\/\" \/>\n<meta property=\"og:site_name\" content=\"KPARTS WATERSPORTS\" \/>\n<meta property=\"article:publisher\" content=\"https:\/\/www.facebook.com\/people\/AP-3D-Custom\/100076804732870\/\" \/>\n<meta property=\"article:modified_time\" content=\"2026-04-23T14:09:39+00:00\" \/>\n<meta property=\"og:image\" content=\"https:\/\/kparts-watersports.com\/wp-content\/uploads\/2025\/06\/Mat-Aluminium-KPARTS-PACK-COMPLET-Multi-compatible.webp\" \/>\n\t<meta property=\"og:image:width\" content=\"1500\" \/>\n\t<meta property=\"og:image:height\" content=\"1500\" \/>\n\t<meta property=\"og:image:type\" content=\"image\/webp\" \/>\n<meta name=\"twitter:card\" content=\"summary_large_image\" \/>\n<meta name=\"twitter:label1\" content=\"Gesch\u00e4tzte Lesezeit\" \/>\n\t<meta name=\"twitter:data1\" content=\"2 minutes\" \/>\n<script type=\"application\/ld+json\" class=\"yoast-schema-graph\">{\"@context\":\"https:\\\/\\\/schema.org\",\"@graph\":[{\"@type\":\"WebPage\",\"@id\":\"https:\\\/\\\/kparts-watersports.com\\\/de\\\/produit\\\/kparts-aluminium-mast-multimarken\\\/\",\"url\":\"https:\\\/\\\/kparts-watersports.com\\\/de\\\/produit\\\/kparts-aluminium-mast-multimarken\\\/\",\"name\":\"KPARTS Aluminium-Mast \u2013 Multimarken - KPARTS WATERSPORTS\",\"isPartOf\":{\"@id\":\"https:\\\/\\\/blanchedalmond-oryx-541128.hostingersite.com\\\/#website\"},\"primaryImageOfPage\":{\"@id\":\"https:\\\/\\\/kparts-watersports.com\\\/de\\\/produit\\\/kparts-aluminium-mast-multimarken\\\/#primaryimage\"},\"image\":{\"@id\":\"https:\\\/\\\/kparts-watersports.com\\\/de\\\/produit\\\/kparts-aluminium-mast-multimarken\\\/#primaryimage\"},\"thumbnailUrl\":\"https:\\\/\\\/kparts-watersports.com\\\/wp-content\\\/uploads\\\/2025\\\/06\\\/Mat-Aluminium-KPARTS-PACK-COMPLET-Multi-compatible.webp\",\"datePublished\":\"2025-06-29T14:47:54+00:00\",\"dateModified\":\"2026-04-23T14:09:39+00:00\",\"breadcrumb\":{\"@id\":\"https:\\\/\\\/kparts-watersports.com\\\/de\\\/produit\\\/kparts-aluminium-mast-multimarken\\\/#breadcrumb\"},\"inLanguage\":\"de-DE\",\"potentialAction\":[{\"@type\":\"ReadAction\",\"target\":[\"https:\\\/\\\/kparts-watersports.com\\\/de\\\/produit\\\/kparts-aluminium-mast-multimarken\\\/\"]}]},{\"@type\":\"ImageObject\",\"inLanguage\":\"de-DE\",\"@id\":\"https:\\\/\\\/kparts-watersports.com\\\/de\\\/produit\\\/kparts-aluminium-mast-multimarken\\\/#primaryimage\",\"url\":\"https:\\\/\\\/kparts-watersports.com\\\/wp-content\\\/uploads\\\/2025\\\/06\\\/Mat-Aluminium-KPARTS-PACK-COMPLET-Multi-compatible.webp\",\"contentUrl\":\"https:\\\/\\\/kparts-watersports.com\\\/wp-content\\\/uploads\\\/2025\\\/06\\\/Mat-Aluminium-KPARTS-PACK-COMPLET-Multi-compatible.webp\",\"width\":1500,\"height\":1500,\"caption\":\"KPARTS Aluminium-Mast \u2013 KOMPLETTPAKET \u2013 Multikompatibel\"},{\"@type\":\"BreadcrumbList\",\"@id\":\"https:\\\/\\\/kparts-watersports.com\\\/de\\\/produit\\\/kparts-aluminium-mast-multimarken\\\/#breadcrumb\",\"itemListElement\":[{\"@type\":\"ListItem\",\"position\":1,\"name\":\"Accueil\",\"item\":\"https:\\\/\\\/kparts-watersports.com\\\/de\\\/accueil\\\/\"},{\"@type\":\"ListItem\",\"position\":2,\"name\":\"Shop\",\"item\":\"https:\\\/\\\/kparts-watersports.com\\\/boutique-w\\\/\"},{\"@type\":\"ListItem\",\"position\":3,\"name\":\"KPARTS Aluminium-Mast \u2013 Multimarken\"}]},{\"@type\":\"WebSite\",\"@id\":\"https:\\\/\\\/blanchedalmond-oryx-541128.hostingersite.com\\\/#website\",\"url\":\"https:\\\/\\\/blanchedalmond-oryx-541128.hostingersite.com\\\/\",\"name\":\"KPARTS WATERSPORTS\",\"description\":\"Accessoires custom pour sports nautiques\",\"publisher\":{\"@id\":\"https:\\\/\\\/blanchedalmond-oryx-541128.hostingersite.com\\\/#organization\"},\"potentialAction\":[{\"@type\":\"SearchAction\",\"target\":{\"@type\":\"EntryPoint\",\"urlTemplate\":\"https:\\\/\\\/blanchedalmond-oryx-541128.hostingersite.com\\\/?s={search_term_string}\"},\"query-input\":{\"@type\":\"PropertyValueSpecification\",\"valueRequired\":true,\"valueName\":\"search_term_string\"}}],\"inLanguage\":\"de-DE\"},{\"@type\":\"Organization\",\"@id\":\"https:\\\/\\\/blanchedalmond-oryx-541128.hostingersite.com\\\/#organization\",\"name\":\"KPARTS WATERSPORTS\",\"url\":\"https:\\\/\\\/blanchedalmond-oryx-541128.hostingersite.com\\\/\",\"logo\":{\"@type\":\"ImageObject\",\"inLanguage\":\"de-DE\",\"@id\":\"https:\\\/\\\/blanchedalmond-oryx-541128.hostingersite.com\\\/#\\\/schema\\\/logo\\\/image\\\/\",\"url\":\"https:\\\/\\\/kparts-watersports.ovh\\\/wp-content\\\/uploads\\\/2024\\\/09\\\/Kparts-Logo-Favicon.jpg\",\"contentUrl\":\"https:\\\/\\\/kparts-watersports.ovh\\\/wp-content\\\/uploads\\\/2024\\\/09\\\/Kparts-Logo-Favicon.jpg\",\"width\":600,\"height\":600,\"caption\":\"KPARTS WATERSPORTS\"},\"image\":{\"@id\":\"https:\\\/\\\/blanchedalmond-oryx-541128.hostingersite.com\\\/#\\\/schema\\\/logo\\\/image\\\/\"},\"sameAs\":[\"https:\\\/\\\/www.facebook.com\\\/people\\\/AP-3D-Custom\\\/100076804732870\\\/\",\"https:\\\/\\\/www.instagram.com\\\/ap3dcustom\\\/\"]}]}<\/script>\n<!-- \/ Yoast SEO plugin. -->","yoast_head_json":{"title":"KPARTS Aluminium-Mast \u2013 Multimarken - KPARTS WATERSPORTS","robots":{"index":"index","follow":"follow","max-snippet":"max-snippet:-1","max-image-preview":"max-image-preview:large","max-video-preview":"max-video-preview:-1"},"canonical":"https:\/\/kparts-watersports.com\/de\/produit\/kparts-aluminium-mast-multimarken\/","og_locale":"de_DE","og_type":"article","og_title":"KPARTS Aluminium-Mast \u2013 Multimarken - KPARTS WATERSPORTS","og_description":"[Versand innerhalb von 7 Tagen] Wir haben dieses neue Konzept eines multikompatiblen Aluminium-Masts mit einem klaren Ziel entwickelt: Ihnen individuelles Equipment zu einem geringeren Preis anzubieten, ohne Kompromisse bei der Performance einzugehen, und Ihnen zu erm\u00f6glichen, verschiedene Foils auf dem Markt zu testen, ohne sich zu ruinieren \u2013 mit einem leistungsstarken Mast mit unschlagbarem Preis-Leistungs-Verh\u00e4ltnis. Kompatibel mit 9 verschiedenen Marken und 10 Fuselages (2 Fuselages f\u00fcr die Marke GONG\u00ae) sowie mit den 6 KPARTS-Fuselages, die die Aufnahme des ALLURE\u00ae-Masts \u00fcbernehmen. Sie k\u00f6nnen somit dank unserer verschiedenen Adapter problemlos von einer Marke zur anderen wechseln, ohne sich um den Mast k\u00fcmmern zu m\u00fcssen. Und weil wir keine halben Sachen machen: Die gesamte Verschraubung f\u00fcr die Verbindungen Adapter\u2013Mast\u2013Platte besteht aus TITAN und ist in M8 ausgef\u00fchrt.* Die Platte ist verschraubt UND verklebt, um maximale Steifigkeit, kein Spiel und einen minimalen Wartungsaufwand zu gew\u00e4hrleisten. Das gew\u00e4hrleistet eine bessere Haltbarkeit und verhindert galvanische Korrosion, die \u00fcblicherweise zwischen Edelstahlschrauben und Aluminium auftritt. Die Platte verf\u00fcgt \u00fcber einen Schutz aus hartem Gummi, um Kratzer auf dem Rumpf Ihres Boards zu vermeiden. Das Mastprofil betr\u00e4gt 115 mm Profiltiefe bei 16 mm Dicke \u2013 f\u00fcr uns der beste Kompromiss zwischen Steifigkeit und Gleiteigenschaften! Zudem ist es ein Profil, das nicht ventiliert: Sie k\u00f6nnen beim Wingfoilen kr\u00e4ftig Druck geben, ohne dass der Mast abrei\u00dft! Gewicht: Der 85 cm Mast wiegt 2,065 kg (inkl. Platte, Adapter und Schrauben). Der 80 cm Mast wiegt 1,965 kg. Der 75 cm Mast wiegt 1,865 kg. Pflege: Wie bei allen Aluminiumteilen, die mit Salzwasser in Kontakt kommen, ist es notwendig, das Material systematisch mit klarem Wasser zu sp\u00fclen, um die Lebensdauer maximal zu verl\u00e4ngern. Alle Komponenten sind aus Aluminium 6061 gefertigt und anschlie\u00dfend schwarz eloxiert. Sie w\u00fcnschen dennoch eine demontierbare Platte? Kontaktieren Sie uns. Die Schrauben f\u00fcr die Befestigung Mast\/Board (Rumpf der Board-Unterseite) sind nicht im Lieferumfang enthalten, werden jedoch optional angeboten. Ausgenommen der ALLURE\u00ae \/ KPARTS Adapter (M6), f\u00fcr den Titan-Reduzierh\u00fclsen von M8 auf M6 mitgeliefert und bereits montiert sind.","og_url":"https:\/\/kparts-watersports.com\/de\/produit\/kparts-aluminium-mast-multimarken\/","og_site_name":"KPARTS WATERSPORTS","article_publisher":"https:\/\/www.facebook.com\/people\/AP-3D-Custom\/100076804732870\/","article_modified_time":"2026-04-23T14:09:39+00:00","og_image":[{"width":1500,"height":1500,"url":"https:\/\/kparts-watersports.com\/wp-content\/uploads\/2025\/06\/Mat-Aluminium-KPARTS-PACK-COMPLET-Multi-compatible.webp","type":"image\/webp"}],"twitter_card":"summary_large_image","twitter_misc":{"Gesch\u00e4tzte Lesezeit":"2 minutes"},"schema":{"@context":"https:\/\/schema.org","@graph":[{"@type":"WebPage","@id":"https:\/\/kparts-watersports.com\/de\/produit\/kparts-aluminium-mast-multimarken\/","url":"https:\/\/kparts-watersports.com\/de\/produit\/kparts-aluminium-mast-multimarken\/","name":"KPARTS Aluminium-Mast \u2013 Multimarken - KPARTS WATERSPORTS","isPartOf":{"@id":"https:\/\/blanchedalmond-oryx-541128.hostingersite.com\/#website"},"primaryImageOfPage":{"@id":"https:\/\/kparts-watersports.com\/de\/produit\/kparts-aluminium-mast-multimarken\/#primaryimage"},"image":{"@id":"https:\/\/kparts-watersports.com\/de\/produit\/kparts-aluminium-mast-multimarken\/#primaryimage"},"thumbnailUrl":"https:\/\/kparts-watersports.com\/wp-content\/uploads\/2025\/06\/Mat-Aluminium-KPARTS-PACK-COMPLET-Multi-compatible.webp","datePublished":"2025-06-29T14:47:54+00:00","dateModified":"2026-04-23T14:09:39+00:00","breadcrumb":{"@id":"https:\/\/kparts-watersports.com\/de\/produit\/kparts-aluminium-mast-multimarken\/#breadcrumb"},"inLanguage":"de-DE","potentialAction":[{"@type":"ReadAction","target":["https:\/\/kparts-watersports.com\/de\/produit\/kparts-aluminium-mast-multimarken\/"]}]},{"@type":"ImageObject","inLanguage":"de-DE","@id":"https:\/\/kparts-watersports.com\/de\/produit\/kparts-aluminium-mast-multimarken\/#primaryimage","url":"https:\/\/kparts-watersports.com\/wp-content\/uploads\/2025\/06\/Mat-Aluminium-KPARTS-PACK-COMPLET-Multi-compatible.webp","contentUrl":"https:\/\/kparts-watersports.com\/wp-content\/uploads\/2025\/06\/Mat-Aluminium-KPARTS-PACK-COMPLET-Multi-compatible.webp","width":1500,"height":1500,"caption":"KPARTS Aluminium-Mast \u2013 KOMPLETTPAKET \u2013 Multikompatibel"},{"@type":"BreadcrumbList","@id":"https:\/\/kparts-watersports.com\/de\/produit\/kparts-aluminium-mast-multimarken\/#breadcrumb","itemListElement":[{"@type":"ListItem","position":1,"name":"Accueil","item":"https:\/\/kparts-watersports.com\/de\/accueil\/"},{"@type":"ListItem","position":2,"name":"Shop","item":"https:\/\/kparts-watersports.com\/boutique-w\/"},{"@type":"ListItem","position":3,"name":"KPARTS Aluminium-Mast \u2013 Multimarken"}]},{"@type":"WebSite","@id":"https:\/\/blanchedalmond-oryx-541128.hostingersite.com\/#website","url":"https:\/\/blanchedalmond-oryx-541128.hostingersite.com\/","name":"KPARTS WATERSPORTS","description":"Accessoires custom pour sports nautiques","publisher":{"@id":"https:\/\/blanchedalmond-oryx-541128.hostingersite.com\/#organization"},"potentialAction":[{"@type":"SearchAction","target":{"@type":"EntryPoint","urlTemplate":"https:\/\/blanchedalmond-oryx-541128.hostingersite.com\/?s={search_term_string}"},"query-input":{"@type":"PropertyValueSpecification","valueRequired":true,"valueName":"search_term_string"}}],"inLanguage":"de-DE"},{"@type":"Organization","@id":"https:\/\/blanchedalmond-oryx-541128.hostingersite.com\/#organization","name":"KPARTS WATERSPORTS","url":"https:\/\/blanchedalmond-oryx-541128.hostingersite.com\/","logo":{"@type":"ImageObject","inLanguage":"de-DE","@id":"https:\/\/blanchedalmond-oryx-541128.hostingersite.com\/#\/schema\/logo\/image\/","url":"https:\/\/kparts-watersports.ovh\/wp-content\/uploads\/2024\/09\/Kparts-Logo-Favicon.jpg","contentUrl":"https:\/\/kparts-watersports.ovh\/wp-content\/uploads\/2024\/09\/Kparts-Logo-Favicon.jpg","width":600,"height":600,"caption":"KPARTS WATERSPORTS"},"image":{"@id":"https:\/\/blanchedalmond-oryx-541128.hostingersite.com\/#\/schema\/logo\/image\/"},"sameAs":["https:\/\/www.facebook.com\/people\/AP-3D-Custom\/100076804732870\/","https:\/\/www.instagram.com\/ap3dcustom\/"]}]}},"jetpack_sharing_enabled":true,"_links":{"self":[{"href":"https:\/\/kparts-watersports.com\/de\/wp-json\/wp\/v2\/product\/16606","targetHints":{"allow":["GET"]}}],"collection":[{"href":"https:\/\/kparts-watersports.com\/de\/wp-json\/wp\/v2\/product"}],"about":[{"href":"https:\/\/kparts-watersports.com\/de\/wp-json\/wp\/v2\/types\/product"}],"replies":[{"embeddable":true,"href":"https:\/\/kparts-watersports.com\/de\/wp-json\/wp\/v2\/comments?post=16606"}],"wp:featuredmedia":[{"embeddable":true,"href":"https:\/\/kparts-watersports.com\/de\/wp-json\/wp\/v2\/media\/16626"}],"wp:attachment":[{"href":"https:\/\/kparts-watersports.com\/de\/wp-json\/wp\/v2\/media?parent=16606"}],"wp:term":[{"taxonomy":"product_brand","embeddable":true,"href":"https:\/\/kparts-watersports.com\/de\/wp-json\/wp\/v2\/product_brand?post=16606"},{"taxonomy":"product_cat","embeddable":true,"href":"https:\/\/kparts-watersports.com\/de\/wp-json\/wp\/v2\/product_cat?post=16606"},{"taxonomy":"product_tag","embeddable":true,"href":"https:\/\/kparts-watersports.com\/de\/wp-json\/wp\/v2\/product_tag?post=16606"}],"curies":[{"name":"wp","href":"https:\/\/api.w.org\/{rel}","templated":true}]}}