{"id":16650,"date":"2025-06-30T02:10:30","date_gmt":"2025-06-30T00:10:30","guid":{"rendered":"https:\/\/kparts-watersports.com\/produit\/set-mit-10-rake-shims-fuer-iqfoil-windfoil\/"},"modified":"2026-04-23T16:09:41","modified_gmt":"2026-04-23T14:09:41","slug":"set-mit-10-rake-shims-fuer-iqfoil-windfoil","status":"publish","type":"product","link":"https:\/\/kparts-watersports.com\/de\/produit\/set-mit-10-rake-shims-fuer-iqfoil-windfoil\/","title":{"rendered":"Set mit 10 Rake-Shims f\u00fcr IQFOIL\u00ae \u2013 WINDFOIL"},"content":{"rendered":"<p>Shims, die am Boden Ihres IQFOIL\u00ae-Boardkastens eingesetzt werden.<\/p>\n<p>Wenn Sie kein IQFOIL\u00ae-Board haben, empfehlen wir stattdessen diese Shims: <a href=\"https:\/\/www.ap3dcustom.com\/products\/WINDFOIL-Rake-shims-for-deep-tuttle-box-p482565478\">https:\/\/www.ap3dcustom.com\/products\/WINDFOIL-Rake-&#8230;<\/a><\/p>\n<p>In Zusammenarbeit mit IQFOIL\u00ae-Wettk\u00e4mpfern entwickelt, erm\u00f6glicht dieses Set mit 10 Shims eine pr\u00e4zise Einstellung des Rake Ihres Foils (Winkel zwischen der Unterseite des Boards und der Einheit aus Mast und Fuselage).<\/p>\n<p>Die Shims reichen von +0,5 mm bis +5 mm und entsprechen einem theoretischen Zusatzwinkel von +0,2\u00b0 bis +2,0\u00b0 (\u00b1 0,1\u00b0).<\/p>\n<p>Geliefert mit einer ma\u00dfgefertigten Aufbewahrungsbox.<\/p>\n<p>Hergestellt im 3D-Druck aus einem sehr steifen, druckfesten Material (PETG).<\/p>\n<p>Optionale Zusatzbestellung m\u00f6glich:<\/p>\n<p>\u2013 2 Unterlegscheiben aus Edelstahl 316, 6 mm (hinten) und 4 mm (vorne), ma\u00dfgefertigt f\u00fcr IQ Foil Boards. Diese Unterlegscheiben sind deutlich dicker und steifer als die handels\u00fcblichen Varianten. <\/p>\n<p>\u2013 Werkzeugset zum Messen und Einstellen der Winkel von Frontfl\u00fcgel und Stabilisator. Siehe vollst\u00e4ndige Beschreibung: <a href=\"https:\/\/www.ap3dcustom.com\/products\/Adjustable-angle-measuring-tools-p500651045\">https:\/\/www.ap3dcustom.com\/products\/Adjustable-ang&#8230;<\/a> <\/p>\n","protected":false},"excerpt":{"rendered":"<p>Shims, die am Boden Ihres IQFOIL\u00ae-Boardkastens eingesetzt werden. Wenn Sie kein IQFOIL\u00ae-Board haben, empfehlen wir stattdessen diese Shims: https:\/\/www.ap3dcustom.com\/products\/WINDFOIL-Rake-&#8230; In Zusammenarbeit mit IQFOIL\u00ae-Wettk\u00e4mpfern entwickelt, erm\u00f6glicht dieses Set mit 10 Shims eine pr\u00e4zise Einstellung des Rake Ihres Foils (Winkel zwischen der Unterseite des Boards und der Einheit aus Mast und Fuselage). Die Shims reichen von +0,5 mm bis +5 mm und entsprechen einem theoretischen Zusatzwinkel von +0,2\u00b0 bis +2,0\u00b0 (\u00b1 0,1\u00b0). Geliefert mit einer ma\u00dfgefertigten Aufbewahrungsbox. Hergestellt im 3D-Druck aus einem sehr steifen, druckfesten Material (PETG). Optionale Zusatzbestellung m\u00f6glich: \u2013 2 Unterlegscheiben aus Edelstahl 316, 6 mm (hinten) und 4 mm (vorne), ma\u00dfgefertigt f\u00fcr IQ Foil Boards. Diese Unterlegscheiben sind deutlich dicker und steifer als die handels\u00fcblichen Varianten. \u2013 Werkzeugset zum Messen und Einstellen der Winkel von Frontfl\u00fcgel und Stabilisator. Siehe vollst\u00e4ndige Beschreibung: https:\/\/www.ap3dcustom.com\/products\/Adjustable-ang&#8230;<\/p>\n","protected":false},"featured_media":16659,"comment_status":"open","ping_status":"closed","template":"","meta":{"site-sidebar-layout":"default","site-content-layout":"","ast-site-content-layout":"default","site-content-style":"default","site-sidebar-style":"default","ast-global-header-display":"","ast-banner-title-visibility":"","ast-main-header-display":"","ast-hfb-above-header-display":"","ast-hfb-below-header-display":"","ast-hfb-mobile-header-display":"","site-post-title":"","ast-breadcrumbs-content":"","ast-featured-img":"","footer-sml-layout":"","ast-disable-related-posts":"","theme-transparent-header-meta":"default","adv-header-id-meta":"","stick-header-meta":"","header-above-stick-meta":"","header-main-stick-meta":"","header-below-stick-meta":"","astra-migrate-meta-layouts":"default","ast-page-background-enabled":"default","ast-page-background-meta":{"desktop":{"background-color":"var(--ast-global-color-4)","background-image":"","background-repeat":"repeat","background-position":"center center","background-size":"auto","background-attachment":"scroll","background-type":"","background-media":"","overlay-type":"","overlay-color":"","overlay-opacity":"","overlay-gradient":""},"tablet":{"background-color":"","background-image":"","background-repeat":"repeat","background-position":"center center","background-size":"auto","background-attachment":"scroll","background-type":"","background-media":"","overlay-type":"","overlay-color":"","overlay-opacity":"","overlay-gradient":""},"mobile":{"background-color":"","background-image":"","background-repeat":"repeat","background-position":"center center","background-size":"auto","background-attachment":"scroll","background-type":"","background-media":"","overlay-type":"","overlay-color":"","overlay-opacity":"","overlay-gradient":""}},"ast-content-background-meta":{"desktop":{"background-color":"var(--ast-global-color-5)","background-image":"","background-repeat":"repeat","background-position":"center center","background-size":"auto","background-attachment":"scroll","background-type":"","background-media":"","overlay-type":"","overlay-color":"","overlay-opacity":"","overlay-gradient":""},"tablet":{"background-color":"var(--ast-global-color-5)","background-image":"","background-repeat":"repeat","background-position":"center center","background-size":"auto","background-attachment":"scroll","background-type":"","background-media":"","overlay-type":"","overlay-color":"","overlay-opacity":"","overlay-gradient":""},"mobile":{"background-color":"var(--ast-global-color-5)","background-image":"","background-repeat":"repeat","background-position":"center center","background-size":"auto","background-attachment":"scroll","background-type":"","background-media":"","overlay-type":"","overlay-color":"","overlay-opacity":"","overlay-gradient":""}}},"product_brand":[],"product_cat":[239],"product_tag":[],"class_list":{"0":"post-16650","1":"product","2":"type-product","3":"status-publish","4":"has-post-thumbnail","6":"product_cat-windfoil-zubehor","7":"desktop-align-center","8":"tablet-align-left","9":"mobile-align-left","10":"tm-no-options","12":"first","13":"instock","14":"taxable","15":"shipping-taxable","16":"purchasable","17":"product-type-variable"},"yoast_head":"<!-- This site is optimized with the Yoast SEO plugin v27.3 - https:\/\/yoast.com\/product\/yoast-seo-wordpress\/ -->\n<title>Set mit 10 Rake-Shims f\u00fcr IQFOIL\u00ae \u2013 WINDFOIL - KPARTS WATERSPORTS<\/title>\n<meta name=\"robots\" content=\"index, follow, max-snippet:-1, max-image-preview:large, max-video-preview:-1\" \/>\n<link rel=\"canonical\" href=\"https:\/\/kparts-watersports.com\/de\/produit\/set-mit-10-rake-shims-fuer-iqfoil-windfoil\/\" \/>\n<meta property=\"og:locale\" content=\"de_DE\" \/>\n<meta property=\"og:type\" content=\"article\" \/>\n<meta property=\"og:title\" content=\"Set mit 10 Rake-Shims f\u00fcr IQFOIL\u00ae \u2013 WINDFOIL - KPARTS WATERSPORTS\" \/>\n<meta property=\"og:description\" content=\"Shims, die am Boden Ihres IQFOIL\u00ae-Boardkastens eingesetzt werden. Wenn Sie kein IQFOIL\u00ae-Board haben, empfehlen wir stattdessen diese Shims: https:\/\/www.ap3dcustom.com\/products\/WINDFOIL-Rake-&#8230; In Zusammenarbeit mit IQFOIL\u00ae-Wettk\u00e4mpfern entwickelt, erm\u00f6glicht dieses Set mit 10 Shims eine pr\u00e4zise Einstellung des Rake Ihres Foils (Winkel zwischen der Unterseite des Boards und der Einheit aus Mast und Fuselage). Die Shims reichen von +0,5 mm bis +5 mm und entsprechen einem theoretischen Zusatzwinkel von +0,2\u00b0 bis +2,0\u00b0 (\u00b1 0,1\u00b0). Geliefert mit einer ma\u00dfgefertigten Aufbewahrungsbox. Hergestellt im 3D-Druck aus einem sehr steifen, druckfesten Material (PETG). Optionale Zusatzbestellung m\u00f6glich: \u2013 2 Unterlegscheiben aus Edelstahl 316, 6 mm (hinten) und 4 mm (vorne), ma\u00dfgefertigt f\u00fcr IQ Foil Boards. Diese Unterlegscheiben sind deutlich dicker und steifer als die handels\u00fcblichen Varianten. \u2013 Werkzeugset zum Messen und Einstellen der Winkel von Frontfl\u00fcgel und Stabilisator. Siehe vollst\u00e4ndige Beschreibung: https:\/\/www.ap3dcustom.com\/products\/Adjustable-ang&#8230;\" \/>\n<meta property=\"og:url\" content=\"https:\/\/kparts-watersports.com\/de\/produit\/set-mit-10-rake-shims-fuer-iqfoil-windfoil\/\" \/>\n<meta property=\"og:site_name\" content=\"KPARTS WATERSPORTS\" \/>\n<meta property=\"article:publisher\" content=\"https:\/\/www.facebook.com\/people\/AP-3D-Custom\/100076804732870\/\" \/>\n<meta property=\"article:modified_time\" content=\"2026-04-23T14:09:41+00:00\" \/>\n<meta property=\"og:image\" content=\"https:\/\/kparts-watersports.com\/wp-content\/uploads\/2025\/06\/Ensemble-10-cales-de-rake-pour-IQFOIL\u00ae-WINDFOIL.webp\" \/>\n\t<meta property=\"og:image:width\" content=\"1500\" \/>\n\t<meta property=\"og:image:height\" content=\"1125\" \/>\n\t<meta property=\"og:image:type\" content=\"image\/webp\" \/>\n<meta name=\"twitter:card\" content=\"summary_large_image\" \/>\n<meta name=\"twitter:label1\" content=\"Gesch\u00e4tzte Lesezeit\" \/>\n\t<meta name=\"twitter:data1\" content=\"1 minute\" \/>\n<script type=\"application\/ld+json\" class=\"yoast-schema-graph\">{\"@context\":\"https:\\\/\\\/schema.org\",\"@graph\":[{\"@type\":\"WebPage\",\"@id\":\"https:\\\/\\\/kparts-watersports.com\\\/de\\\/produit\\\/set-mit-10-rake-shims-fuer-iqfoil-windfoil\\\/\",\"url\":\"https:\\\/\\\/kparts-watersports.com\\\/de\\\/produit\\\/set-mit-10-rake-shims-fuer-iqfoil-windfoil\\\/\",\"name\":\"Set mit 10 Rake-Shims f\u00fcr IQFOIL\u00ae \u2013 WINDFOIL - KPARTS WATERSPORTS\",\"isPartOf\":{\"@id\":\"https:\\\/\\\/blanchedalmond-oryx-541128.hostingersite.com\\\/#website\"},\"primaryImageOfPage\":{\"@id\":\"https:\\\/\\\/kparts-watersports.com\\\/de\\\/produit\\\/set-mit-10-rake-shims-fuer-iqfoil-windfoil\\\/#primaryimage\"},\"image\":{\"@id\":\"https:\\\/\\\/kparts-watersports.com\\\/de\\\/produit\\\/set-mit-10-rake-shims-fuer-iqfoil-windfoil\\\/#primaryimage\"},\"thumbnailUrl\":\"https:\\\/\\\/kparts-watersports.com\\\/wp-content\\\/uploads\\\/2025\\\/06\\\/Ensemble-10-cales-de-rake-pour-IQFOIL\u00ae-WINDFOIL.webp\",\"datePublished\":\"2025-06-30T00:10:30+00:00\",\"dateModified\":\"2026-04-23T14:09:41+00:00\",\"breadcrumb\":{\"@id\":\"https:\\\/\\\/kparts-watersports.com\\\/de\\\/produit\\\/set-mit-10-rake-shims-fuer-iqfoil-windfoil\\\/#breadcrumb\"},\"inLanguage\":\"de-DE\",\"potentialAction\":[{\"@type\":\"ReadAction\",\"target\":[\"https:\\\/\\\/kparts-watersports.com\\\/de\\\/produit\\\/set-mit-10-rake-shims-fuer-iqfoil-windfoil\\\/\"]}]},{\"@type\":\"ImageObject\",\"inLanguage\":\"de-DE\",\"@id\":\"https:\\\/\\\/kparts-watersports.com\\\/de\\\/produit\\\/set-mit-10-rake-shims-fuer-iqfoil-windfoil\\\/#primaryimage\",\"url\":\"https:\\\/\\\/kparts-watersports.com\\\/wp-content\\\/uploads\\\/2025\\\/06\\\/Ensemble-10-cales-de-rake-pour-IQFOIL\u00ae-WINDFOIL.webp\",\"contentUrl\":\"https:\\\/\\\/kparts-watersports.com\\\/wp-content\\\/uploads\\\/2025\\\/06\\\/Ensemble-10-cales-de-rake-pour-IQFOIL\u00ae-WINDFOIL.webp\",\"width\":1500,\"height\":1125,\"caption\":\"Ensemble 10 cales de rake pour IQFOIL\u00ae - WINDFOIL\"},{\"@type\":\"BreadcrumbList\",\"@id\":\"https:\\\/\\\/kparts-watersports.com\\\/de\\\/produit\\\/set-mit-10-rake-shims-fuer-iqfoil-windfoil\\\/#breadcrumb\",\"itemListElement\":[{\"@type\":\"ListItem\",\"position\":1,\"name\":\"Accueil\",\"item\":\"https:\\\/\\\/kparts-watersports.com\\\/de\\\/accueil\\\/\"},{\"@type\":\"ListItem\",\"position\":2,\"name\":\"Shop\",\"item\":\"https:\\\/\\\/kparts-watersports.com\\\/boutique-w\\\/\"},{\"@type\":\"ListItem\",\"position\":3,\"name\":\"Set mit 10 Rake-Shims f\u00fcr IQFOIL\u00ae \u2013 WINDFOIL\"}]},{\"@type\":\"WebSite\",\"@id\":\"https:\\\/\\\/blanchedalmond-oryx-541128.hostingersite.com\\\/#website\",\"url\":\"https:\\\/\\\/blanchedalmond-oryx-541128.hostingersite.com\\\/\",\"name\":\"KPARTS WATERSPORTS\",\"description\":\"Accessoires custom pour sports nautiques\",\"publisher\":{\"@id\":\"https:\\\/\\\/blanchedalmond-oryx-541128.hostingersite.com\\\/#organization\"},\"potentialAction\":[{\"@type\":\"SearchAction\",\"target\":{\"@type\":\"EntryPoint\",\"urlTemplate\":\"https:\\\/\\\/blanchedalmond-oryx-541128.hostingersite.com\\\/?s={search_term_string}\"},\"query-input\":{\"@type\":\"PropertyValueSpecification\",\"valueRequired\":true,\"valueName\":\"search_term_string\"}}],\"inLanguage\":\"de-DE\"},{\"@type\":\"Organization\",\"@id\":\"https:\\\/\\\/blanchedalmond-oryx-541128.hostingersite.com\\\/#organization\",\"name\":\"KPARTS WATERSPORTS\",\"url\":\"https:\\\/\\\/blanchedalmond-oryx-541128.hostingersite.com\\\/\",\"logo\":{\"@type\":\"ImageObject\",\"inLanguage\":\"de-DE\",\"@id\":\"https:\\\/\\\/blanchedalmond-oryx-541128.hostingersite.com\\\/#\\\/schema\\\/logo\\\/image\\\/\",\"url\":\"https:\\\/\\\/kparts-watersports.ovh\\\/wp-content\\\/uploads\\\/2024\\\/09\\\/Kparts-Logo-Favicon.jpg\",\"contentUrl\":\"https:\\\/\\\/kparts-watersports.ovh\\\/wp-content\\\/uploads\\\/2024\\\/09\\\/Kparts-Logo-Favicon.jpg\",\"width\":600,\"height\":600,\"caption\":\"KPARTS WATERSPORTS\"},\"image\":{\"@id\":\"https:\\\/\\\/blanchedalmond-oryx-541128.hostingersite.com\\\/#\\\/schema\\\/logo\\\/image\\\/\"},\"sameAs\":[\"https:\\\/\\\/www.facebook.com\\\/people\\\/AP-3D-Custom\\\/100076804732870\\\/\",\"https:\\\/\\\/www.instagram.com\\\/ap3dcustom\\\/\"]}]}<\/script>\n<!-- \/ Yoast SEO plugin. -->","yoast_head_json":{"title":"Set mit 10 Rake-Shims f\u00fcr IQFOIL\u00ae \u2013 WINDFOIL - KPARTS WATERSPORTS","robots":{"index":"index","follow":"follow","max-snippet":"max-snippet:-1","max-image-preview":"max-image-preview:large","max-video-preview":"max-video-preview:-1"},"canonical":"https:\/\/kparts-watersports.com\/de\/produit\/set-mit-10-rake-shims-fuer-iqfoil-windfoil\/","og_locale":"de_DE","og_type":"article","og_title":"Set mit 10 Rake-Shims f\u00fcr IQFOIL\u00ae \u2013 WINDFOIL - KPARTS WATERSPORTS","og_description":"Shims, die am Boden Ihres IQFOIL\u00ae-Boardkastens eingesetzt werden. Wenn Sie kein IQFOIL\u00ae-Board haben, empfehlen wir stattdessen diese Shims: https:\/\/www.ap3dcustom.com\/products\/WINDFOIL-Rake-&#8230; In Zusammenarbeit mit IQFOIL\u00ae-Wettk\u00e4mpfern entwickelt, erm\u00f6glicht dieses Set mit 10 Shims eine pr\u00e4zise Einstellung des Rake Ihres Foils (Winkel zwischen der Unterseite des Boards und der Einheit aus Mast und Fuselage). Die Shims reichen von +0,5 mm bis +5 mm und entsprechen einem theoretischen Zusatzwinkel von +0,2\u00b0 bis +2,0\u00b0 (\u00b1 0,1\u00b0). Geliefert mit einer ma\u00dfgefertigten Aufbewahrungsbox. Hergestellt im 3D-Druck aus einem sehr steifen, druckfesten Material (PETG). Optionale Zusatzbestellung m\u00f6glich: \u2013 2 Unterlegscheiben aus Edelstahl 316, 6 mm (hinten) und 4 mm (vorne), ma\u00dfgefertigt f\u00fcr IQ Foil Boards. Diese Unterlegscheiben sind deutlich dicker und steifer als die handels\u00fcblichen Varianten. \u2013 Werkzeugset zum Messen und Einstellen der Winkel von Frontfl\u00fcgel und Stabilisator. Siehe vollst\u00e4ndige Beschreibung: https:\/\/www.ap3dcustom.com\/products\/Adjustable-ang&#8230;","og_url":"https:\/\/kparts-watersports.com\/de\/produit\/set-mit-10-rake-shims-fuer-iqfoil-windfoil\/","og_site_name":"KPARTS WATERSPORTS","article_publisher":"https:\/\/www.facebook.com\/people\/AP-3D-Custom\/100076804732870\/","article_modified_time":"2026-04-23T14:09:41+00:00","og_image":[{"width":1500,"height":1125,"url":"https:\/\/kparts-watersports.com\/wp-content\/uploads\/2025\/06\/Ensemble-10-cales-de-rake-pour-IQFOIL\u00ae-WINDFOIL.webp","type":"image\/webp"}],"twitter_card":"summary_large_image","twitter_misc":{"Gesch\u00e4tzte Lesezeit":"1 minute"},"schema":{"@context":"https:\/\/schema.org","@graph":[{"@type":"WebPage","@id":"https:\/\/kparts-watersports.com\/de\/produit\/set-mit-10-rake-shims-fuer-iqfoil-windfoil\/","url":"https:\/\/kparts-watersports.com\/de\/produit\/set-mit-10-rake-shims-fuer-iqfoil-windfoil\/","name":"Set mit 10 Rake-Shims f\u00fcr IQFOIL\u00ae \u2013 WINDFOIL - KPARTS WATERSPORTS","isPartOf":{"@id":"https:\/\/blanchedalmond-oryx-541128.hostingersite.com\/#website"},"primaryImageOfPage":{"@id":"https:\/\/kparts-watersports.com\/de\/produit\/set-mit-10-rake-shims-fuer-iqfoil-windfoil\/#primaryimage"},"image":{"@id":"https:\/\/kparts-watersports.com\/de\/produit\/set-mit-10-rake-shims-fuer-iqfoil-windfoil\/#primaryimage"},"thumbnailUrl":"https:\/\/kparts-watersports.com\/wp-content\/uploads\/2025\/06\/Ensemble-10-cales-de-rake-pour-IQFOIL\u00ae-WINDFOIL.webp","datePublished":"2025-06-30T00:10:30+00:00","dateModified":"2026-04-23T14:09:41+00:00","breadcrumb":{"@id":"https:\/\/kparts-watersports.com\/de\/produit\/set-mit-10-rake-shims-fuer-iqfoil-windfoil\/#breadcrumb"},"inLanguage":"de-DE","potentialAction":[{"@type":"ReadAction","target":["https:\/\/kparts-watersports.com\/de\/produit\/set-mit-10-rake-shims-fuer-iqfoil-windfoil\/"]}]},{"@type":"ImageObject","inLanguage":"de-DE","@id":"https:\/\/kparts-watersports.com\/de\/produit\/set-mit-10-rake-shims-fuer-iqfoil-windfoil\/#primaryimage","url":"https:\/\/kparts-watersports.com\/wp-content\/uploads\/2025\/06\/Ensemble-10-cales-de-rake-pour-IQFOIL\u00ae-WINDFOIL.webp","contentUrl":"https:\/\/kparts-watersports.com\/wp-content\/uploads\/2025\/06\/Ensemble-10-cales-de-rake-pour-IQFOIL\u00ae-WINDFOIL.webp","width":1500,"height":1125,"caption":"Ensemble 10 cales de rake pour IQFOIL\u00ae - WINDFOIL"},{"@type":"BreadcrumbList","@id":"https:\/\/kparts-watersports.com\/de\/produit\/set-mit-10-rake-shims-fuer-iqfoil-windfoil\/#breadcrumb","itemListElement":[{"@type":"ListItem","position":1,"name":"Accueil","item":"https:\/\/kparts-watersports.com\/de\/accueil\/"},{"@type":"ListItem","position":2,"name":"Shop","item":"https:\/\/kparts-watersports.com\/boutique-w\/"},{"@type":"ListItem","position":3,"name":"Set mit 10 Rake-Shims f\u00fcr IQFOIL\u00ae \u2013 WINDFOIL"}]},{"@type":"WebSite","@id":"https:\/\/blanchedalmond-oryx-541128.hostingersite.com\/#website","url":"https:\/\/blanchedalmond-oryx-541128.hostingersite.com\/","name":"KPARTS WATERSPORTS","description":"Accessoires custom pour sports nautiques","publisher":{"@id":"https:\/\/blanchedalmond-oryx-541128.hostingersite.com\/#organization"},"potentialAction":[{"@type":"SearchAction","target":{"@type":"EntryPoint","urlTemplate":"https:\/\/blanchedalmond-oryx-541128.hostingersite.com\/?s={search_term_string}"},"query-input":{"@type":"PropertyValueSpecification","valueRequired":true,"valueName":"search_term_string"}}],"inLanguage":"de-DE"},{"@type":"Organization","@id":"https:\/\/blanchedalmond-oryx-541128.hostingersite.com\/#organization","name":"KPARTS WATERSPORTS","url":"https:\/\/blanchedalmond-oryx-541128.hostingersite.com\/","logo":{"@type":"ImageObject","inLanguage":"de-DE","@id":"https:\/\/blanchedalmond-oryx-541128.hostingersite.com\/#\/schema\/logo\/image\/","url":"https:\/\/kparts-watersports.ovh\/wp-content\/uploads\/2024\/09\/Kparts-Logo-Favicon.jpg","contentUrl":"https:\/\/kparts-watersports.ovh\/wp-content\/uploads\/2024\/09\/Kparts-Logo-Favicon.jpg","width":600,"height":600,"caption":"KPARTS WATERSPORTS"},"image":{"@id":"https:\/\/blanchedalmond-oryx-541128.hostingersite.com\/#\/schema\/logo\/image\/"},"sameAs":["https:\/\/www.facebook.com\/people\/AP-3D-Custom\/100076804732870\/","https:\/\/www.instagram.com\/ap3dcustom\/"]}]}},"jetpack_sharing_enabled":true,"_links":{"self":[{"href":"https:\/\/kparts-watersports.com\/de\/wp-json\/wp\/v2\/product\/16650","targetHints":{"allow":["GET"]}}],"collection":[{"href":"https:\/\/kparts-watersports.com\/de\/wp-json\/wp\/v2\/product"}],"about":[{"href":"https:\/\/kparts-watersports.com\/de\/wp-json\/wp\/v2\/types\/product"}],"replies":[{"embeddable":true,"href":"https:\/\/kparts-watersports.com\/de\/wp-json\/wp\/v2\/comments?post=16650"}],"wp:featuredmedia":[{"embeddable":true,"href":"https:\/\/kparts-watersports.com\/de\/wp-json\/wp\/v2\/media\/16659"}],"wp:attachment":[{"href":"https:\/\/kparts-watersports.com\/de\/wp-json\/wp\/v2\/media?parent=16650"}],"wp:term":[{"taxonomy":"product_brand","embeddable":true,"href":"https:\/\/kparts-watersports.com\/de\/wp-json\/wp\/v2\/product_brand?post=16650"},{"taxonomy":"product_cat","embeddable":true,"href":"https:\/\/kparts-watersports.com\/de\/wp-json\/wp\/v2\/product_cat?post=16650"},{"taxonomy":"product_tag","embeddable":true,"href":"https:\/\/kparts-watersports.com\/de\/wp-json\/wp\/v2\/product_tag?post=16650"}],"curies":[{"name":"wp","href":"https:\/\/api.w.org\/{rel}","templated":true}]}}