{"id":16692,"date":"2025-06-29T16:53:51","date_gmt":"2025-06-29T14:53:51","guid":{"rendered":"https:\/\/kparts-watersports.com\/produit\/kparts-aluminium-mast-komplettpaket-multikompatibel\/"},"modified":"2025-06-29T16:53:51","modified_gmt":"2025-06-29T14:53:51","slug":"kparts-aluminium-mast-komplettpaket-multikompatibel","status":"publish","type":"product","link":"https:\/\/kparts-watersports.com\/de\/produit\/kparts-aluminium-mast-komplettpaket-multikompatibel\/","title":{"rendered":"KPARTS Aluminium-Mast \u2013 KOMPLETTPAKET \u2013 Multikompatibel"},"content":{"rendered":"<p>[Auf Lager \u2013 Versand innerhalb von 72 Stunden]<\/p>\n<p>Diese Adapter sind f\u00fcr die Verwendung mit unserem KPARTS Aluminium-Mast konzipiert.<\/p>\n<p>W\u00e4hlen Sie die Marke Ihres Fuselages, auf dem Sie unseren Mast adaptieren m\u00f6chten.<\/p>\n<p>Geliefert mit einem Schraubenset aus TITAN.<\/p>\n<p>Wie bei allen Aluminiumteilen, die mit Salzwasser in Kontakt kommen, ist es notwendig, den<\/p>\n<p>Adapter systematisch mit klarem Wasser zu sp\u00fclen, um seine Lebensdauer maximal zu verl\u00e4ngern.<\/p>\n<p>Gefr\u00e4stes Bauteil aus Aluminium 6061, schwarz eloxiert.<\/p>\n","protected":false},"excerpt":{"rendered":"<p>[Auf Lager \u2013 Versand innerhalb von 72 Stunden] Diese Adapter sind f\u00fcr die Verwendung mit unserem KPARTS Aluminium-Mast konzipiert. W\u00e4hlen Sie die Marke Ihres Fuselages, auf dem Sie unseren Mast adaptieren m\u00f6chten. Geliefert mit einem Schraubenset aus TITAN. Wie bei allen Aluminiumteilen, die mit Salzwasser in Kontakt kommen, ist es notwendig, den Adapter systematisch mit klarem Wasser zu sp\u00fclen, um seine Lebensdauer maximal zu verl\u00e4ngern. Gefr\u00e4stes Bauteil aus Aluminium 6061, schwarz eloxiert.<\/p>\n","protected":false},"featured_media":16698,"comment_status":"open","ping_status":"closed","template":"","meta":{"site-sidebar-layout":"default","site-content-layout":"","ast-site-content-layout":"default","site-content-style":"default","site-sidebar-style":"default","ast-global-header-display":"","ast-banner-title-visibility":"","ast-main-header-display":"","ast-hfb-above-header-display":"","ast-hfb-below-header-display":"","ast-hfb-mobile-header-display":"","site-post-title":"","ast-breadcrumbs-content":"","ast-featured-img":"","footer-sml-layout":"","ast-disable-related-posts":"","theme-transparent-header-meta":"default","adv-header-id-meta":"","stick-header-meta":"","header-above-stick-meta":"","header-main-stick-meta":"","header-below-stick-meta":"","astra-migrate-meta-layouts":"default","ast-page-background-enabled":"default","ast-page-background-meta":{"desktop":{"background-color":"var(--ast-global-color-4)","background-image":"","background-repeat":"repeat","background-position":"center center","background-size":"auto","background-attachment":"scroll","background-type":"","background-media":"","overlay-type":"","overlay-color":"","overlay-opacity":"","overlay-gradient":""},"tablet":{"background-color":"","background-image":"","background-repeat":"repeat","background-position":"center center","background-size":"auto","background-attachment":"scroll","background-type":"","background-media":"","overlay-type":"","overlay-color":"","overlay-opacity":"","overlay-gradient":""},"mobile":{"background-color":"","background-image":"","background-repeat":"repeat","background-position":"center center","background-size":"auto","background-attachment":"scroll","background-type":"","background-media":"","overlay-type":"","overlay-color":"","overlay-opacity":"","overlay-gradient":""}},"ast-content-background-meta":{"desktop":{"background-color":"var(--ast-global-color-5)","background-image":"","background-repeat":"repeat","background-position":"center center","background-size":"auto","background-attachment":"scroll","background-type":"","background-media":"","overlay-type":"","overlay-color":"","overlay-opacity":"","overlay-gradient":""},"tablet":{"background-color":"var(--ast-global-color-5)","background-image":"","background-repeat":"repeat","background-position":"center center","background-size":"auto","background-attachment":"scroll","background-type":"","background-media":"","overlay-type":"","overlay-color":"","overlay-opacity":"","overlay-gradient":""},"mobile":{"background-color":"var(--ast-global-color-5)","background-image":"","background-repeat":"repeat","background-position":"center center","background-size":"auto","background-attachment":"scroll","background-type":"","background-media":"","overlay-type":"","overlay-color":"","overlay-opacity":"","overlay-gradient":""}}},"product_brand":[],"product_cat":[217],"product_tag":[],"class_list":{"0":"post-16692","1":"product","2":"type-product","3":"status-publish","4":"has-post-thumbnail","6":"product_cat-maste","7":"desktop-align-center","8":"tablet-align-left","9":"mobile-align-left","10":"tm-no-options","12":"first","13":"instock","14":"taxable","15":"shipping-taxable","16":"purchasable","17":"product-type-variable"},"yoast_head":"<!-- This site is optimized with the Yoast SEO plugin v27.3 - https:\/\/yoast.com\/product\/yoast-seo-wordpress\/ -->\n<title>KPARTS Aluminium-Mast \u2013 KOMPLETTPAKET \u2013 Multikompatibel - KPARTS WATERSPORTS<\/title>\n<meta name=\"robots\" content=\"index, follow, max-snippet:-1, max-image-preview:large, max-video-preview:-1\" \/>\n<link rel=\"canonical\" href=\"https:\/\/kparts-watersports.com\/de\/produit\/kparts-aluminium-mast-komplettpaket-multikompatibel\/\" \/>\n<meta property=\"og:locale\" content=\"de_DE\" \/>\n<meta property=\"og:type\" content=\"article\" \/>\n<meta property=\"og:title\" content=\"KPARTS Aluminium-Mast \u2013 KOMPLETTPAKET \u2013 Multikompatibel - KPARTS WATERSPORTS\" \/>\n<meta property=\"og:description\" content=\"[Auf Lager \u2013 Versand innerhalb von 72 Stunden] Diese Adapter sind f\u00fcr die Verwendung mit unserem KPARTS Aluminium-Mast konzipiert. W\u00e4hlen Sie die Marke Ihres Fuselages, auf dem Sie unseren Mast adaptieren m\u00f6chten. Geliefert mit einem Schraubenset aus TITAN. Wie bei allen Aluminiumteilen, die mit Salzwasser in Kontakt kommen, ist es notwendig, den Adapter systematisch mit klarem Wasser zu sp\u00fclen, um seine Lebensdauer maximal zu verl\u00e4ngern. Gefr\u00e4stes Bauteil aus Aluminium 6061, schwarz eloxiert.\" \/>\n<meta property=\"og:url\" content=\"https:\/\/kparts-watersports.com\/de\/produit\/kparts-aluminium-mast-komplettpaket-multikompatibel\/\" \/>\n<meta property=\"og:site_name\" content=\"KPARTS WATERSPORTS\" \/>\n<meta property=\"article:publisher\" content=\"https:\/\/www.facebook.com\/people\/AP-3D-Custom\/100076804732870\/\" \/>\n<meta property=\"og:image\" content=\"https:\/\/kparts-watersports.com\/wp-content\/uploads\/2025\/06\/Adaptateurs-pour-mat-Aluminium-KPARTS.webp\" \/>\n\t<meta property=\"og:image:width\" content=\"1500\" \/>\n\t<meta property=\"og:image:height\" content=\"1500\" \/>\n\t<meta property=\"og:image:type\" content=\"image\/webp\" \/>\n<meta name=\"twitter:card\" content=\"summary_large_image\" \/>\n<script type=\"application\/ld+json\" class=\"yoast-schema-graph\">{\"@context\":\"https:\\\/\\\/schema.org\",\"@graph\":[{\"@type\":\"WebPage\",\"@id\":\"https:\\\/\\\/kparts-watersports.com\\\/de\\\/produit\\\/kparts-aluminium-mast-komplettpaket-multikompatibel\\\/\",\"url\":\"https:\\\/\\\/kparts-watersports.com\\\/de\\\/produit\\\/kparts-aluminium-mast-komplettpaket-multikompatibel\\\/\",\"name\":\"KPARTS Aluminium-Mast \u2013 KOMPLETTPAKET \u2013 Multikompatibel - KPARTS WATERSPORTS\",\"isPartOf\":{\"@id\":\"https:\\\/\\\/blanchedalmond-oryx-541128.hostingersite.com\\\/#website\"},\"primaryImageOfPage\":{\"@id\":\"https:\\\/\\\/kparts-watersports.com\\\/de\\\/produit\\\/kparts-aluminium-mast-komplettpaket-multikompatibel\\\/#primaryimage\"},\"image\":{\"@id\":\"https:\\\/\\\/kparts-watersports.com\\\/de\\\/produit\\\/kparts-aluminium-mast-komplettpaket-multikompatibel\\\/#primaryimage\"},\"thumbnailUrl\":\"https:\\\/\\\/kparts-watersports.com\\\/wp-content\\\/uploads\\\/2025\\\/06\\\/Adaptateurs-pour-mat-Aluminium-KPARTS.webp\",\"datePublished\":\"2025-06-29T14:53:51+00:00\",\"breadcrumb\":{\"@id\":\"https:\\\/\\\/kparts-watersports.com\\\/de\\\/produit\\\/kparts-aluminium-mast-komplettpaket-multikompatibel\\\/#breadcrumb\"},\"inLanguage\":\"de-DE\",\"potentialAction\":[{\"@type\":\"ReadAction\",\"target\":[\"https:\\\/\\\/kparts-watersports.com\\\/de\\\/produit\\\/kparts-aluminium-mast-komplettpaket-multikompatibel\\\/\"]}]},{\"@type\":\"ImageObject\",\"inLanguage\":\"de-DE\",\"@id\":\"https:\\\/\\\/kparts-watersports.com\\\/de\\\/produit\\\/kparts-aluminium-mast-komplettpaket-multikompatibel\\\/#primaryimage\",\"url\":\"https:\\\/\\\/kparts-watersports.com\\\/wp-content\\\/uploads\\\/2025\\\/06\\\/Adaptateurs-pour-mat-Aluminium-KPARTS.webp\",\"contentUrl\":\"https:\\\/\\\/kparts-watersports.com\\\/wp-content\\\/uploads\\\/2025\\\/06\\\/Adaptateurs-pour-mat-Aluminium-KPARTS.webp\",\"width\":1500,\"height\":1500,\"caption\":\"Adaptateurs pour m\u00e2t Aluminium KPARTS\"},{\"@type\":\"BreadcrumbList\",\"@id\":\"https:\\\/\\\/kparts-watersports.com\\\/de\\\/produit\\\/kparts-aluminium-mast-komplettpaket-multikompatibel\\\/#breadcrumb\",\"itemListElement\":[{\"@type\":\"ListItem\",\"position\":1,\"name\":\"Accueil\",\"item\":\"https:\\\/\\\/kparts-watersports.com\\\/de\\\/accueil\\\/\"},{\"@type\":\"ListItem\",\"position\":2,\"name\":\"Shop\",\"item\":\"https:\\\/\\\/kparts-watersports.com\\\/boutique-w\\\/\"},{\"@type\":\"ListItem\",\"position\":3,\"name\":\"KPARTS Aluminium-Mast \u2013 KOMPLETTPAKET \u2013 Multikompatibel\"}]},{\"@type\":\"WebSite\",\"@id\":\"https:\\\/\\\/blanchedalmond-oryx-541128.hostingersite.com\\\/#website\",\"url\":\"https:\\\/\\\/blanchedalmond-oryx-541128.hostingersite.com\\\/\",\"name\":\"KPARTS WATERSPORTS\",\"description\":\"Accessoires custom pour sports nautiques\",\"publisher\":{\"@id\":\"https:\\\/\\\/blanchedalmond-oryx-541128.hostingersite.com\\\/#organization\"},\"potentialAction\":[{\"@type\":\"SearchAction\",\"target\":{\"@type\":\"EntryPoint\",\"urlTemplate\":\"https:\\\/\\\/blanchedalmond-oryx-541128.hostingersite.com\\\/?s={search_term_string}\"},\"query-input\":{\"@type\":\"PropertyValueSpecification\",\"valueRequired\":true,\"valueName\":\"search_term_string\"}}],\"inLanguage\":\"de-DE\"},{\"@type\":\"Organization\",\"@id\":\"https:\\\/\\\/blanchedalmond-oryx-541128.hostingersite.com\\\/#organization\",\"name\":\"KPARTS WATERSPORTS\",\"url\":\"https:\\\/\\\/blanchedalmond-oryx-541128.hostingersite.com\\\/\",\"logo\":{\"@type\":\"ImageObject\",\"inLanguage\":\"de-DE\",\"@id\":\"https:\\\/\\\/blanchedalmond-oryx-541128.hostingersite.com\\\/#\\\/schema\\\/logo\\\/image\\\/\",\"url\":\"https:\\\/\\\/kparts-watersports.ovh\\\/wp-content\\\/uploads\\\/2024\\\/09\\\/Kparts-Logo-Favicon.jpg\",\"contentUrl\":\"https:\\\/\\\/kparts-watersports.ovh\\\/wp-content\\\/uploads\\\/2024\\\/09\\\/Kparts-Logo-Favicon.jpg\",\"width\":600,\"height\":600,\"caption\":\"KPARTS WATERSPORTS\"},\"image\":{\"@id\":\"https:\\\/\\\/blanchedalmond-oryx-541128.hostingersite.com\\\/#\\\/schema\\\/logo\\\/image\\\/\"},\"sameAs\":[\"https:\\\/\\\/www.facebook.com\\\/people\\\/AP-3D-Custom\\\/100076804732870\\\/\",\"https:\\\/\\\/www.instagram.com\\\/ap3dcustom\\\/\"]}]}<\/script>\n<!-- \/ Yoast SEO plugin. -->","yoast_head_json":{"title":"KPARTS Aluminium-Mast \u2013 KOMPLETTPAKET \u2013 Multikompatibel - KPARTS WATERSPORTS","robots":{"index":"index","follow":"follow","max-snippet":"max-snippet:-1","max-image-preview":"max-image-preview:large","max-video-preview":"max-video-preview:-1"},"canonical":"https:\/\/kparts-watersports.com\/de\/produit\/kparts-aluminium-mast-komplettpaket-multikompatibel\/","og_locale":"de_DE","og_type":"article","og_title":"KPARTS Aluminium-Mast \u2013 KOMPLETTPAKET \u2013 Multikompatibel - KPARTS WATERSPORTS","og_description":"[Auf Lager \u2013 Versand innerhalb von 72 Stunden] Diese Adapter sind f\u00fcr die Verwendung mit unserem KPARTS Aluminium-Mast konzipiert. W\u00e4hlen Sie die Marke Ihres Fuselages, auf dem Sie unseren Mast adaptieren m\u00f6chten. Geliefert mit einem Schraubenset aus TITAN. Wie bei allen Aluminiumteilen, die mit Salzwasser in Kontakt kommen, ist es notwendig, den Adapter systematisch mit klarem Wasser zu sp\u00fclen, um seine Lebensdauer maximal zu verl\u00e4ngern. Gefr\u00e4stes Bauteil aus Aluminium 6061, schwarz eloxiert.","og_url":"https:\/\/kparts-watersports.com\/de\/produit\/kparts-aluminium-mast-komplettpaket-multikompatibel\/","og_site_name":"KPARTS WATERSPORTS","article_publisher":"https:\/\/www.facebook.com\/people\/AP-3D-Custom\/100076804732870\/","og_image":[{"width":1500,"height":1500,"url":"https:\/\/kparts-watersports.com\/wp-content\/uploads\/2025\/06\/Adaptateurs-pour-mat-Aluminium-KPARTS.webp","type":"image\/webp"}],"twitter_card":"summary_large_image","schema":{"@context":"https:\/\/schema.org","@graph":[{"@type":"WebPage","@id":"https:\/\/kparts-watersports.com\/de\/produit\/kparts-aluminium-mast-komplettpaket-multikompatibel\/","url":"https:\/\/kparts-watersports.com\/de\/produit\/kparts-aluminium-mast-komplettpaket-multikompatibel\/","name":"KPARTS Aluminium-Mast \u2013 KOMPLETTPAKET \u2013 Multikompatibel - KPARTS WATERSPORTS","isPartOf":{"@id":"https:\/\/blanchedalmond-oryx-541128.hostingersite.com\/#website"},"primaryImageOfPage":{"@id":"https:\/\/kparts-watersports.com\/de\/produit\/kparts-aluminium-mast-komplettpaket-multikompatibel\/#primaryimage"},"image":{"@id":"https:\/\/kparts-watersports.com\/de\/produit\/kparts-aluminium-mast-komplettpaket-multikompatibel\/#primaryimage"},"thumbnailUrl":"https:\/\/kparts-watersports.com\/wp-content\/uploads\/2025\/06\/Adaptateurs-pour-mat-Aluminium-KPARTS.webp","datePublished":"2025-06-29T14:53:51+00:00","breadcrumb":{"@id":"https:\/\/kparts-watersports.com\/de\/produit\/kparts-aluminium-mast-komplettpaket-multikompatibel\/#breadcrumb"},"inLanguage":"de-DE","potentialAction":[{"@type":"ReadAction","target":["https:\/\/kparts-watersports.com\/de\/produit\/kparts-aluminium-mast-komplettpaket-multikompatibel\/"]}]},{"@type":"ImageObject","inLanguage":"de-DE","@id":"https:\/\/kparts-watersports.com\/de\/produit\/kparts-aluminium-mast-komplettpaket-multikompatibel\/#primaryimage","url":"https:\/\/kparts-watersports.com\/wp-content\/uploads\/2025\/06\/Adaptateurs-pour-mat-Aluminium-KPARTS.webp","contentUrl":"https:\/\/kparts-watersports.com\/wp-content\/uploads\/2025\/06\/Adaptateurs-pour-mat-Aluminium-KPARTS.webp","width":1500,"height":1500,"caption":"Adaptateurs pour m\u00e2t Aluminium KPARTS"},{"@type":"BreadcrumbList","@id":"https:\/\/kparts-watersports.com\/de\/produit\/kparts-aluminium-mast-komplettpaket-multikompatibel\/#breadcrumb","itemListElement":[{"@type":"ListItem","position":1,"name":"Accueil","item":"https:\/\/kparts-watersports.com\/de\/accueil\/"},{"@type":"ListItem","position":2,"name":"Shop","item":"https:\/\/kparts-watersports.com\/boutique-w\/"},{"@type":"ListItem","position":3,"name":"KPARTS Aluminium-Mast \u2013 KOMPLETTPAKET \u2013 Multikompatibel"}]},{"@type":"WebSite","@id":"https:\/\/blanchedalmond-oryx-541128.hostingersite.com\/#website","url":"https:\/\/blanchedalmond-oryx-541128.hostingersite.com\/","name":"KPARTS WATERSPORTS","description":"Accessoires custom pour sports nautiques","publisher":{"@id":"https:\/\/blanchedalmond-oryx-541128.hostingersite.com\/#organization"},"potentialAction":[{"@type":"SearchAction","target":{"@type":"EntryPoint","urlTemplate":"https:\/\/blanchedalmond-oryx-541128.hostingersite.com\/?s={search_term_string}"},"query-input":{"@type":"PropertyValueSpecification","valueRequired":true,"valueName":"search_term_string"}}],"inLanguage":"de-DE"},{"@type":"Organization","@id":"https:\/\/blanchedalmond-oryx-541128.hostingersite.com\/#organization","name":"KPARTS WATERSPORTS","url":"https:\/\/blanchedalmond-oryx-541128.hostingersite.com\/","logo":{"@type":"ImageObject","inLanguage":"de-DE","@id":"https:\/\/blanchedalmond-oryx-541128.hostingersite.com\/#\/schema\/logo\/image\/","url":"https:\/\/kparts-watersports.ovh\/wp-content\/uploads\/2024\/09\/Kparts-Logo-Favicon.jpg","contentUrl":"https:\/\/kparts-watersports.ovh\/wp-content\/uploads\/2024\/09\/Kparts-Logo-Favicon.jpg","width":600,"height":600,"caption":"KPARTS WATERSPORTS"},"image":{"@id":"https:\/\/blanchedalmond-oryx-541128.hostingersite.com\/#\/schema\/logo\/image\/"},"sameAs":["https:\/\/www.facebook.com\/people\/AP-3D-Custom\/100076804732870\/","https:\/\/www.instagram.com\/ap3dcustom\/"]}]}},"jetpack_sharing_enabled":true,"_links":{"self":[{"href":"https:\/\/kparts-watersports.com\/de\/wp-json\/wp\/v2\/product\/16692","targetHints":{"allow":["GET"]}}],"collection":[{"href":"https:\/\/kparts-watersports.com\/de\/wp-json\/wp\/v2\/product"}],"about":[{"href":"https:\/\/kparts-watersports.com\/de\/wp-json\/wp\/v2\/types\/product"}],"replies":[{"embeddable":true,"href":"https:\/\/kparts-watersports.com\/de\/wp-json\/wp\/v2\/comments?post=16692"}],"wp:featuredmedia":[{"embeddable":true,"href":"https:\/\/kparts-watersports.com\/de\/wp-json\/wp\/v2\/media\/16698"}],"wp:attachment":[{"href":"https:\/\/kparts-watersports.com\/de\/wp-json\/wp\/v2\/media?parent=16692"}],"wp:term":[{"taxonomy":"product_brand","embeddable":true,"href":"https:\/\/kparts-watersports.com\/de\/wp-json\/wp\/v2\/product_brand?post=16692"},{"taxonomy":"product_cat","embeddable":true,"href":"https:\/\/kparts-watersports.com\/de\/wp-json\/wp\/v2\/product_cat?post=16692"},{"taxonomy":"product_tag","embeddable":true,"href":"https:\/\/kparts-watersports.com\/de\/wp-json\/wp\/v2\/product_tag?post=16692"}],"curies":[{"name":"wp","href":"https:\/\/api.w.org\/{rel}","templated":true}]}}