{"id":16738,"date":"2025-06-30T02:56:56","date_gmt":"2025-06-30T00:56:56","guid":{"rendered":"https:\/\/kparts-watersports.com\/produit\/rake-shim-fuer-foils-mit-baseplate-windfoil\/"},"modified":"2026-04-23T16:11:09","modified_gmt":"2026-04-23T14:11:09","slug":"rake-shim-fuer-foils-mit-baseplate-windfoil","status":"publish","type":"product","link":"https:\/\/kparts-watersports.com\/de\/produit\/rake-shim-fuer-foils-mit-baseplate-windfoil\/","title":{"rendered":"Rake-Shim f\u00fcr Foils mit Baseplate \u2013 WINDFOIL"},"content":{"rendered":"<p>Shims zur Einstellung des Rake-Winkels f\u00fcr Foils mit einer Auflageplatte \/ Rumpfauflage-Flansch.<\/p>\n<p>Kompatibel mit: EXOCET \u2013 TAAROA \u2013 AFS \u2013 LOKEFOIL (nur 2020\/21) \u2013 SABFOIL Kraken-System<\/p>\n<p>Nicht kompatibel mit Foils ohne Platte\/Flansch am Fuselage-Anschluss (z. B. Starboard, Phantom, Zfoil usw.).<\/p>\n<p>Bitte pr\u00fcfen Sie, ob die angegebenen Ma\u00dfe mit Ihrem Foil kompatibel sind (Sonderanfertigungen auf Anfrage m\u00f6glich).<\/p>\n<p>Diese Shims werden auf der Baseplate im Bereich der Foilaufnahme am Board platziert.<\/p>\n<p>Sie erh\u00f6hen den Rake-Winkel; die Dicke befindet sich an der Vorderseite.<\/p>\n<p>Dadurch wird die Nase des Boards w\u00e4hrend der Fahrt angehoben.<\/p>\n","protected":false},"excerpt":{"rendered":"<p>Shims zur Einstellung des Rake-Winkels f\u00fcr Foils mit einer Auflageplatte \/ Rumpfauflage-Flansch. Kompatibel mit: EXOCET \u2013 TAAROA \u2013 AFS \u2013 LOKEFOIL (nur 2020\/21) \u2013 SABFOIL Kraken-System Nicht kompatibel mit Foils ohne Platte\/Flansch am Fuselage-Anschluss (z. B. Starboard, Phantom, Zfoil usw.). Bitte pr\u00fcfen Sie, ob die angegebenen Ma\u00dfe mit Ihrem Foil kompatibel sind (Sonderanfertigungen auf Anfrage m\u00f6glich). Diese Shims werden auf der Baseplate im Bereich der Foilaufnahme am Board platziert. Sie erh\u00f6hen den Rake-Winkel; die Dicke befindet sich an der Vorderseite. Dadurch wird die Nase des Boards w\u00e4hrend der Fahrt angehoben.<\/p>\n","protected":false},"featured_media":16747,"comment_status":"open","ping_status":"closed","template":"","meta":{"site-sidebar-layout":"default","site-content-layout":"","ast-site-content-layout":"default","site-content-style":"default","site-sidebar-style":"default","ast-global-header-display":"","ast-banner-title-visibility":"","ast-main-header-display":"","ast-hfb-above-header-display":"","ast-hfb-below-header-display":"","ast-hfb-mobile-header-display":"","site-post-title":"","ast-breadcrumbs-content":"","ast-featured-img":"","footer-sml-layout":"","ast-disable-related-posts":"","theme-transparent-header-meta":"default","adv-header-id-meta":"","stick-header-meta":"","header-above-stick-meta":"","header-main-stick-meta":"","header-below-stick-meta":"","astra-migrate-meta-layouts":"default","ast-page-background-enabled":"default","ast-page-background-meta":{"desktop":{"background-color":"var(--ast-global-color-4)","background-image":"","background-repeat":"repeat","background-position":"center center","background-size":"auto","background-attachment":"scroll","background-type":"","background-media":"","overlay-type":"","overlay-color":"","overlay-opacity":"","overlay-gradient":""},"tablet":{"background-color":"","background-image":"","background-repeat":"repeat","background-position":"center center","background-size":"auto","background-attachment":"scroll","background-type":"","background-media":"","overlay-type":"","overlay-color":"","overlay-opacity":"","overlay-gradient":""},"mobile":{"background-color":"","background-image":"","background-repeat":"repeat","background-position":"center center","background-size":"auto","background-attachment":"scroll","background-type":"","background-media":"","overlay-type":"","overlay-color":"","overlay-opacity":"","overlay-gradient":""}},"ast-content-background-meta":{"desktop":{"background-color":"var(--ast-global-color-5)","background-image":"","background-repeat":"repeat","background-position":"center center","background-size":"auto","background-attachment":"scroll","background-type":"","background-media":"","overlay-type":"","overlay-color":"","overlay-opacity":"","overlay-gradient":""},"tablet":{"background-color":"var(--ast-global-color-5)","background-image":"","background-repeat":"repeat","background-position":"center center","background-size":"auto","background-attachment":"scroll","background-type":"","background-media":"","overlay-type":"","overlay-color":"","overlay-opacity":"","overlay-gradient":""},"mobile":{"background-color":"var(--ast-global-color-5)","background-image":"","background-repeat":"repeat","background-position":"center center","background-size":"auto","background-attachment":"scroll","background-type":"","background-media":"","overlay-type":"","overlay-color":"","overlay-opacity":"","overlay-gradient":""}}},"product_brand":[],"product_cat":[239],"product_tag":[],"class_list":{"0":"post-16738","1":"product","2":"type-product","3":"status-publish","4":"has-post-thumbnail","6":"product_cat-windfoil-zubehor","7":"desktop-align-center","8":"tablet-align-left","9":"mobile-align-left","10":"tm-no-options","12":"first","13":"instock","14":"taxable","15":"shipping-taxable","16":"purchasable","17":"product-type-variable"},"yoast_head":"<!-- This site is optimized with the Yoast SEO plugin v27.3 - https:\/\/yoast.com\/product\/yoast-seo-wordpress\/ -->\n<title>Rake-Shim f\u00fcr Foils mit Baseplate \u2013 WINDFOIL - KPARTS WATERSPORTS<\/title>\n<meta name=\"robots\" content=\"index, follow, max-snippet:-1, max-image-preview:large, max-video-preview:-1\" \/>\n<link rel=\"canonical\" href=\"https:\/\/kparts-watersports.com\/de\/produit\/rake-shim-fuer-foils-mit-baseplate-windfoil\/\" \/>\n<meta property=\"og:locale\" content=\"de_DE\" \/>\n<meta property=\"og:type\" content=\"article\" \/>\n<meta property=\"og:title\" content=\"Rake-Shim f\u00fcr Foils mit Baseplate \u2013 WINDFOIL - KPARTS WATERSPORTS\" \/>\n<meta property=\"og:description\" content=\"Shims zur Einstellung des Rake-Winkels f\u00fcr Foils mit einer Auflageplatte \/ Rumpfauflage-Flansch. Kompatibel mit: EXOCET \u2013 TAAROA \u2013 AFS \u2013 LOKEFOIL (nur 2020\/21) \u2013 SABFOIL Kraken-System Nicht kompatibel mit Foils ohne Platte\/Flansch am Fuselage-Anschluss (z. B. Starboard, Phantom, Zfoil usw.). Bitte pr\u00fcfen Sie, ob die angegebenen Ma\u00dfe mit Ihrem Foil kompatibel sind (Sonderanfertigungen auf Anfrage m\u00f6glich). Diese Shims werden auf der Baseplate im Bereich der Foilaufnahme am Board platziert. Sie erh\u00f6hen den Rake-Winkel; die Dicke befindet sich an der Vorderseite. Dadurch wird die Nase des Boards w\u00e4hrend der Fahrt angehoben.\" \/>\n<meta property=\"og:url\" content=\"https:\/\/kparts-watersports.com\/de\/produit\/rake-shim-fuer-foils-mit-baseplate-windfoil\/\" \/>\n<meta property=\"og:site_name\" content=\"KPARTS WATERSPORTS\" \/>\n<meta property=\"article:publisher\" content=\"https:\/\/www.facebook.com\/people\/AP-3D-Custom\/100076804732870\/\" \/>\n<meta property=\"article:modified_time\" content=\"2026-04-23T14:11:09+00:00\" \/>\n<meta property=\"og:image\" content=\"https:\/\/kparts-watersports.com\/wp-content\/uploads\/2025\/06\/Cale-de-rake-pour-foils-a-platine-WINDFOIL.webp\" \/>\n\t<meta property=\"og:image:width\" content=\"759\" \/>\n\t<meta property=\"og:image:height\" content=\"448\" \/>\n\t<meta property=\"og:image:type\" content=\"image\/webp\" \/>\n<meta name=\"twitter:card\" content=\"summary_large_image\" \/>\n<script type=\"application\/ld+json\" class=\"yoast-schema-graph\">{\"@context\":\"https:\\\/\\\/schema.org\",\"@graph\":[{\"@type\":\"WebPage\",\"@id\":\"https:\\\/\\\/kparts-watersports.com\\\/de\\\/produit\\\/rake-shim-fuer-foils-mit-baseplate-windfoil\\\/\",\"url\":\"https:\\\/\\\/kparts-watersports.com\\\/de\\\/produit\\\/rake-shim-fuer-foils-mit-baseplate-windfoil\\\/\",\"name\":\"Rake-Shim f\u00fcr Foils mit Baseplate \u2013 WINDFOIL - KPARTS WATERSPORTS\",\"isPartOf\":{\"@id\":\"https:\\\/\\\/blanchedalmond-oryx-541128.hostingersite.com\\\/#website\"},\"primaryImageOfPage\":{\"@id\":\"https:\\\/\\\/kparts-watersports.com\\\/de\\\/produit\\\/rake-shim-fuer-foils-mit-baseplate-windfoil\\\/#primaryimage\"},\"image\":{\"@id\":\"https:\\\/\\\/kparts-watersports.com\\\/de\\\/produit\\\/rake-shim-fuer-foils-mit-baseplate-windfoil\\\/#primaryimage\"},\"thumbnailUrl\":\"https:\\\/\\\/kparts-watersports.com\\\/wp-content\\\/uploads\\\/2025\\\/06\\\/Cale-de-rake-pour-foils-a-platine-WINDFOIL.webp\",\"datePublished\":\"2025-06-30T00:56:56+00:00\",\"dateModified\":\"2026-04-23T14:11:09+00:00\",\"breadcrumb\":{\"@id\":\"https:\\\/\\\/kparts-watersports.com\\\/de\\\/produit\\\/rake-shim-fuer-foils-mit-baseplate-windfoil\\\/#breadcrumb\"},\"inLanguage\":\"de-DE\",\"potentialAction\":[{\"@type\":\"ReadAction\",\"target\":[\"https:\\\/\\\/kparts-watersports.com\\\/de\\\/produit\\\/rake-shim-fuer-foils-mit-baseplate-windfoil\\\/\"]}]},{\"@type\":\"ImageObject\",\"inLanguage\":\"de-DE\",\"@id\":\"https:\\\/\\\/kparts-watersports.com\\\/de\\\/produit\\\/rake-shim-fuer-foils-mit-baseplate-windfoil\\\/#primaryimage\",\"url\":\"https:\\\/\\\/kparts-watersports.com\\\/wp-content\\\/uploads\\\/2025\\\/06\\\/Cale-de-rake-pour-foils-a-platine-WINDFOIL.webp\",\"contentUrl\":\"https:\\\/\\\/kparts-watersports.com\\\/wp-content\\\/uploads\\\/2025\\\/06\\\/Cale-de-rake-pour-foils-a-platine-WINDFOIL.webp\",\"width\":759,\"height\":448,\"caption\":\"Cale de rake pour foils \u00e0 platine - WINDFOIL\"},{\"@type\":\"BreadcrumbList\",\"@id\":\"https:\\\/\\\/kparts-watersports.com\\\/de\\\/produit\\\/rake-shim-fuer-foils-mit-baseplate-windfoil\\\/#breadcrumb\",\"itemListElement\":[{\"@type\":\"ListItem\",\"position\":1,\"name\":\"Accueil\",\"item\":\"https:\\\/\\\/kparts-watersports.com\\\/de\\\/accueil\\\/\"},{\"@type\":\"ListItem\",\"position\":2,\"name\":\"Shop\",\"item\":\"https:\\\/\\\/kparts-watersports.com\\\/boutique-w\\\/\"},{\"@type\":\"ListItem\",\"position\":3,\"name\":\"Rake-Shim f\u00fcr Foils mit Baseplate \u2013 WINDFOIL\"}]},{\"@type\":\"WebSite\",\"@id\":\"https:\\\/\\\/blanchedalmond-oryx-541128.hostingersite.com\\\/#website\",\"url\":\"https:\\\/\\\/blanchedalmond-oryx-541128.hostingersite.com\\\/\",\"name\":\"KPARTS WATERSPORTS\",\"description\":\"Accessoires custom pour sports nautiques\",\"publisher\":{\"@id\":\"https:\\\/\\\/blanchedalmond-oryx-541128.hostingersite.com\\\/#organization\"},\"potentialAction\":[{\"@type\":\"SearchAction\",\"target\":{\"@type\":\"EntryPoint\",\"urlTemplate\":\"https:\\\/\\\/blanchedalmond-oryx-541128.hostingersite.com\\\/?s={search_term_string}\"},\"query-input\":{\"@type\":\"PropertyValueSpecification\",\"valueRequired\":true,\"valueName\":\"search_term_string\"}}],\"inLanguage\":\"de-DE\"},{\"@type\":\"Organization\",\"@id\":\"https:\\\/\\\/blanchedalmond-oryx-541128.hostingersite.com\\\/#organization\",\"name\":\"KPARTS WATERSPORTS\",\"url\":\"https:\\\/\\\/blanchedalmond-oryx-541128.hostingersite.com\\\/\",\"logo\":{\"@type\":\"ImageObject\",\"inLanguage\":\"de-DE\",\"@id\":\"https:\\\/\\\/blanchedalmond-oryx-541128.hostingersite.com\\\/#\\\/schema\\\/logo\\\/image\\\/\",\"url\":\"https:\\\/\\\/kparts-watersports.ovh\\\/wp-content\\\/uploads\\\/2024\\\/09\\\/Kparts-Logo-Favicon.jpg\",\"contentUrl\":\"https:\\\/\\\/kparts-watersports.ovh\\\/wp-content\\\/uploads\\\/2024\\\/09\\\/Kparts-Logo-Favicon.jpg\",\"width\":600,\"height\":600,\"caption\":\"KPARTS WATERSPORTS\"},\"image\":{\"@id\":\"https:\\\/\\\/blanchedalmond-oryx-541128.hostingersite.com\\\/#\\\/schema\\\/logo\\\/image\\\/\"},\"sameAs\":[\"https:\\\/\\\/www.facebook.com\\\/people\\\/AP-3D-Custom\\\/100076804732870\\\/\",\"https:\\\/\\\/www.instagram.com\\\/ap3dcustom\\\/\"]}]}<\/script>\n<!-- \/ Yoast SEO plugin. -->","yoast_head_json":{"title":"Rake-Shim f\u00fcr Foils mit Baseplate \u2013 WINDFOIL - KPARTS WATERSPORTS","robots":{"index":"index","follow":"follow","max-snippet":"max-snippet:-1","max-image-preview":"max-image-preview:large","max-video-preview":"max-video-preview:-1"},"canonical":"https:\/\/kparts-watersports.com\/de\/produit\/rake-shim-fuer-foils-mit-baseplate-windfoil\/","og_locale":"de_DE","og_type":"article","og_title":"Rake-Shim f\u00fcr Foils mit Baseplate \u2013 WINDFOIL - KPARTS WATERSPORTS","og_description":"Shims zur Einstellung des Rake-Winkels f\u00fcr Foils mit einer Auflageplatte \/ Rumpfauflage-Flansch. Kompatibel mit: EXOCET \u2013 TAAROA \u2013 AFS \u2013 LOKEFOIL (nur 2020\/21) \u2013 SABFOIL Kraken-System Nicht kompatibel mit Foils ohne Platte\/Flansch am Fuselage-Anschluss (z. B. Starboard, Phantom, Zfoil usw.). Bitte pr\u00fcfen Sie, ob die angegebenen Ma\u00dfe mit Ihrem Foil kompatibel sind (Sonderanfertigungen auf Anfrage m\u00f6glich). Diese Shims werden auf der Baseplate im Bereich der Foilaufnahme am Board platziert. Sie erh\u00f6hen den Rake-Winkel; die Dicke befindet sich an der Vorderseite. Dadurch wird die Nase des Boards w\u00e4hrend der Fahrt angehoben.","og_url":"https:\/\/kparts-watersports.com\/de\/produit\/rake-shim-fuer-foils-mit-baseplate-windfoil\/","og_site_name":"KPARTS WATERSPORTS","article_publisher":"https:\/\/www.facebook.com\/people\/AP-3D-Custom\/100076804732870\/","article_modified_time":"2026-04-23T14:11:09+00:00","og_image":[{"width":759,"height":448,"url":"https:\/\/kparts-watersports.com\/wp-content\/uploads\/2025\/06\/Cale-de-rake-pour-foils-a-platine-WINDFOIL.webp","type":"image\/webp"}],"twitter_card":"summary_large_image","schema":{"@context":"https:\/\/schema.org","@graph":[{"@type":"WebPage","@id":"https:\/\/kparts-watersports.com\/de\/produit\/rake-shim-fuer-foils-mit-baseplate-windfoil\/","url":"https:\/\/kparts-watersports.com\/de\/produit\/rake-shim-fuer-foils-mit-baseplate-windfoil\/","name":"Rake-Shim f\u00fcr Foils mit Baseplate \u2013 WINDFOIL - KPARTS WATERSPORTS","isPartOf":{"@id":"https:\/\/blanchedalmond-oryx-541128.hostingersite.com\/#website"},"primaryImageOfPage":{"@id":"https:\/\/kparts-watersports.com\/de\/produit\/rake-shim-fuer-foils-mit-baseplate-windfoil\/#primaryimage"},"image":{"@id":"https:\/\/kparts-watersports.com\/de\/produit\/rake-shim-fuer-foils-mit-baseplate-windfoil\/#primaryimage"},"thumbnailUrl":"https:\/\/kparts-watersports.com\/wp-content\/uploads\/2025\/06\/Cale-de-rake-pour-foils-a-platine-WINDFOIL.webp","datePublished":"2025-06-30T00:56:56+00:00","dateModified":"2026-04-23T14:11:09+00:00","breadcrumb":{"@id":"https:\/\/kparts-watersports.com\/de\/produit\/rake-shim-fuer-foils-mit-baseplate-windfoil\/#breadcrumb"},"inLanguage":"de-DE","potentialAction":[{"@type":"ReadAction","target":["https:\/\/kparts-watersports.com\/de\/produit\/rake-shim-fuer-foils-mit-baseplate-windfoil\/"]}]},{"@type":"ImageObject","inLanguage":"de-DE","@id":"https:\/\/kparts-watersports.com\/de\/produit\/rake-shim-fuer-foils-mit-baseplate-windfoil\/#primaryimage","url":"https:\/\/kparts-watersports.com\/wp-content\/uploads\/2025\/06\/Cale-de-rake-pour-foils-a-platine-WINDFOIL.webp","contentUrl":"https:\/\/kparts-watersports.com\/wp-content\/uploads\/2025\/06\/Cale-de-rake-pour-foils-a-platine-WINDFOIL.webp","width":759,"height":448,"caption":"Cale de rake pour foils \u00e0 platine - WINDFOIL"},{"@type":"BreadcrumbList","@id":"https:\/\/kparts-watersports.com\/de\/produit\/rake-shim-fuer-foils-mit-baseplate-windfoil\/#breadcrumb","itemListElement":[{"@type":"ListItem","position":1,"name":"Accueil","item":"https:\/\/kparts-watersports.com\/de\/accueil\/"},{"@type":"ListItem","position":2,"name":"Shop","item":"https:\/\/kparts-watersports.com\/boutique-w\/"},{"@type":"ListItem","position":3,"name":"Rake-Shim f\u00fcr Foils mit Baseplate \u2013 WINDFOIL"}]},{"@type":"WebSite","@id":"https:\/\/blanchedalmond-oryx-541128.hostingersite.com\/#website","url":"https:\/\/blanchedalmond-oryx-541128.hostingersite.com\/","name":"KPARTS WATERSPORTS","description":"Accessoires custom pour sports nautiques","publisher":{"@id":"https:\/\/blanchedalmond-oryx-541128.hostingersite.com\/#organization"},"potentialAction":[{"@type":"SearchAction","target":{"@type":"EntryPoint","urlTemplate":"https:\/\/blanchedalmond-oryx-541128.hostingersite.com\/?s={search_term_string}"},"query-input":{"@type":"PropertyValueSpecification","valueRequired":true,"valueName":"search_term_string"}}],"inLanguage":"de-DE"},{"@type":"Organization","@id":"https:\/\/blanchedalmond-oryx-541128.hostingersite.com\/#organization","name":"KPARTS WATERSPORTS","url":"https:\/\/blanchedalmond-oryx-541128.hostingersite.com\/","logo":{"@type":"ImageObject","inLanguage":"de-DE","@id":"https:\/\/blanchedalmond-oryx-541128.hostingersite.com\/#\/schema\/logo\/image\/","url":"https:\/\/kparts-watersports.ovh\/wp-content\/uploads\/2024\/09\/Kparts-Logo-Favicon.jpg","contentUrl":"https:\/\/kparts-watersports.ovh\/wp-content\/uploads\/2024\/09\/Kparts-Logo-Favicon.jpg","width":600,"height":600,"caption":"KPARTS WATERSPORTS"},"image":{"@id":"https:\/\/blanchedalmond-oryx-541128.hostingersite.com\/#\/schema\/logo\/image\/"},"sameAs":["https:\/\/www.facebook.com\/people\/AP-3D-Custom\/100076804732870\/","https:\/\/www.instagram.com\/ap3dcustom\/"]}]}},"jetpack_sharing_enabled":true,"_links":{"self":[{"href":"https:\/\/kparts-watersports.com\/de\/wp-json\/wp\/v2\/product\/16738","targetHints":{"allow":["GET"]}}],"collection":[{"href":"https:\/\/kparts-watersports.com\/de\/wp-json\/wp\/v2\/product"}],"about":[{"href":"https:\/\/kparts-watersports.com\/de\/wp-json\/wp\/v2\/types\/product"}],"replies":[{"embeddable":true,"href":"https:\/\/kparts-watersports.com\/de\/wp-json\/wp\/v2\/comments?post=16738"}],"wp:featuredmedia":[{"embeddable":true,"href":"https:\/\/kparts-watersports.com\/de\/wp-json\/wp\/v2\/media\/16747"}],"wp:attachment":[{"href":"https:\/\/kparts-watersports.com\/de\/wp-json\/wp\/v2\/media?parent=16738"}],"wp:term":[{"taxonomy":"product_brand","embeddable":true,"href":"https:\/\/kparts-watersports.com\/de\/wp-json\/wp\/v2\/product_brand?post=16738"},{"taxonomy":"product_cat","embeddable":true,"href":"https:\/\/kparts-watersports.com\/de\/wp-json\/wp\/v2\/product_cat?post=16738"},{"taxonomy":"product_tag","embeddable":true,"href":"https:\/\/kparts-watersports.com\/de\/wp-json\/wp\/v2\/product_tag?post=16738"}],"curies":[{"name":"wp","href":"https:\/\/api.w.org\/{rel}","templated":true}]}}