{"id":16766,"date":"2025-06-30T03:39:12","date_gmt":"2025-06-30T01:39:12","guid":{"rendered":"https:\/\/kparts-watersports.com\/produit\/verstellbares-werkzeug-zur-messung-der-foil-winkel-windfoil\/"},"modified":"2025-06-30T03:39:12","modified_gmt":"2025-06-30T01:39:12","slug":"verstellbares-werkzeug-zur-messung-der-foil-winkel-windfoil","status":"publish","type":"product","link":"https:\/\/kparts-watersports.com\/de\/produit\/verstellbares-werkzeug-zur-messung-der-foil-winkel-windfoil\/","title":{"rendered":"Verstellbares Werkzeug zur Messung der Foil-Winkel \u2013 WINDFOIL"},"content":{"rendered":"<p>Werkzeuge f\u00fcr Wingfoiler und besonders anspruchsvolle Wettkampffahrer, die die verschiedenen Foil-Winkel optimieren und besser verstehen m\u00f6chten.<\/p>\n<div>Er erm\u00f6glicht die Messung des Winkels zwischen Frontfl\u00fcgel und Stabilisator (auch als L\u00e4ngs-V bekannt), sowie des Winkels des Frontfl\u00fcgels im Verh\u00e4ltnis zum Fuselage und\/oder zur Rumpfunterseite des Boards.<\/div>\n<p>Diese Werkzeuge erm\u00f6glichen es Ihnen, die Funktionsweise Ihres Foils besser zu verstehen und den tats\u00e4chlichen Einfluss Ihrer Shims auf die Einstellung zu erkennen.<\/p>\n<p>Sie m\u00fcssen lediglich Ihr Smartphone auf das Werkzeug legen und eine \u201eWasserwaage\u201c-App verwenden.<\/p>\n<p>&#8211; 1 Werkzeug f\u00fcr den Frontfl\u00fcgel: einstellbar von 85 mm bis 145 mm Profiltiefe (Chord).<\/p>\n<p>&#8211; 1 Werkzeug f\u00fcr den Stabilisator: einstellbar von 52 mm bis 85 mm Profiltiefe (Chord).<\/p>\n<p>Hergestellt im 3D-Druckverfahren aus PETG, mit Schrauben aus Edelstahl. Maximale Einsatztemperatur: 60 \u00b0C \/ Vorsicht bei der Lagerung in Fahrzeugen in hei\u00dfen Regionen. <\/p>\n<p>BA : Vorderkante<\/p>\n<p>BF : Hinterkante<\/p>\n","protected":false},"excerpt":{"rendered":"<p>Werkzeuge f\u00fcr Wingfoiler und besonders anspruchsvolle Wettkampffahrer, die die verschiedenen Foil-Winkel optimieren und besser verstehen m\u00f6chten. Er erm\u00f6glicht die Messung des Winkels zwischen Frontfl\u00fcgel und Stabilisator (auch als L\u00e4ngs-V bekannt), sowie des Winkels des Frontfl\u00fcgels im Verh\u00e4ltnis zum Fuselage und\/oder zur Rumpfunterseite des Boards. Diese Werkzeuge erm\u00f6glichen es Ihnen, die Funktionsweise Ihres Foils besser zu verstehen und den tats\u00e4chlichen Einfluss Ihrer Shims auf die Einstellung zu erkennen. Sie m\u00fcssen lediglich Ihr Smartphone auf das Werkzeug legen und eine \u201eWasserwaage\u201c-App verwenden. &#8211; 1 Werkzeug f\u00fcr den Frontfl\u00fcgel: einstellbar von 85 mm bis 145 mm Profiltiefe (Chord). &#8211; 1 Werkzeug f\u00fcr den Stabilisator: einstellbar von 52 mm bis 85 mm Profiltiefe (Chord). Hergestellt im 3D-Druckverfahren aus PETG, mit Schrauben aus Edelstahl. Maximale Einsatztemperatur: 60 \u00b0C \/ Vorsicht bei der Lagerung in Fahrzeugen in hei\u00dfen Regionen. BA : Vorderkante BF : Hinterkante<\/p>\n","protected":false},"featured_media":16770,"comment_status":"open","ping_status":"closed","template":"","meta":{"site-sidebar-layout":"default","site-content-layout":"","ast-site-content-layout":"default","site-content-style":"default","site-sidebar-style":"default","ast-global-header-display":"","ast-banner-title-visibility":"","ast-main-header-display":"","ast-hfb-above-header-display":"","ast-hfb-below-header-display":"","ast-hfb-mobile-header-display":"","site-post-title":"","ast-breadcrumbs-content":"","ast-featured-img":"","footer-sml-layout":"","ast-disable-related-posts":"","theme-transparent-header-meta":"default","adv-header-id-meta":"","stick-header-meta":"","header-above-stick-meta":"","header-main-stick-meta":"","header-below-stick-meta":"","astra-migrate-meta-layouts":"default","ast-page-background-enabled":"default","ast-page-background-meta":{"desktop":{"background-color":"var(--ast-global-color-4)","background-image":"","background-repeat":"repeat","background-position":"center center","background-size":"auto","background-attachment":"scroll","background-type":"","background-media":"","overlay-type":"","overlay-color":"","overlay-opacity":"","overlay-gradient":""},"tablet":{"background-color":"","background-image":"","background-repeat":"repeat","background-position":"center center","background-size":"auto","background-attachment":"scroll","background-type":"","background-media":"","overlay-type":"","overlay-color":"","overlay-opacity":"","overlay-gradient":""},"mobile":{"background-color":"","background-image":"","background-repeat":"repeat","background-position":"center center","background-size":"auto","background-attachment":"scroll","background-type":"","background-media":"","overlay-type":"","overlay-color":"","overlay-opacity":"","overlay-gradient":""}},"ast-content-background-meta":{"desktop":{"background-color":"var(--ast-global-color-5)","background-image":"","background-repeat":"repeat","background-position":"center center","background-size":"auto","background-attachment":"scroll","background-type":"","background-media":"","overlay-type":"","overlay-color":"","overlay-opacity":"","overlay-gradient":""},"tablet":{"background-color":"var(--ast-global-color-5)","background-image":"","background-repeat":"repeat","background-position":"center center","background-size":"auto","background-attachment":"scroll","background-type":"","background-media":"","overlay-type":"","overlay-color":"","overlay-opacity":"","overlay-gradient":""},"mobile":{"background-color":"var(--ast-global-color-5)","background-image":"","background-repeat":"repeat","background-position":"center center","background-size":"auto","background-attachment":"scroll","background-type":"","background-media":"","overlay-type":"","overlay-color":"","overlay-opacity":"","overlay-gradient":""}}},"product_brand":[],"product_cat":[239],"product_tag":[],"class_list":{"0":"post-16766","1":"product","2":"type-product","3":"status-publish","4":"has-post-thumbnail","6":"product_cat-windfoil-zubehor","7":"desktop-align-center","8":"tablet-align-left","9":"mobile-align-left","10":"tm-no-options","12":"first","13":"instock","14":"taxable","15":"shipping-taxable","16":"purchasable","17":"product-type-simple"},"yoast_head":"<!-- This site is optimized with the Yoast SEO plugin v27.3 - https:\/\/yoast.com\/product\/yoast-seo-wordpress\/ -->\n<title>Verstellbares Werkzeug zur Messung der Foil-Winkel \u2013 WINDFOIL - KPARTS WATERSPORTS<\/title>\n<meta name=\"robots\" content=\"index, follow, max-snippet:-1, max-image-preview:large, max-video-preview:-1\" \/>\n<link rel=\"canonical\" href=\"https:\/\/kparts-watersports.com\/de\/produit\/verstellbares-werkzeug-zur-messung-der-foil-winkel-windfoil\/\" \/>\n<meta property=\"og:locale\" content=\"de_DE\" \/>\n<meta property=\"og:type\" content=\"article\" \/>\n<meta property=\"og:title\" content=\"Verstellbares Werkzeug zur Messung der Foil-Winkel \u2013 WINDFOIL - KPARTS WATERSPORTS\" \/>\n<meta property=\"og:description\" content=\"Werkzeuge f\u00fcr Wingfoiler und besonders anspruchsvolle Wettkampffahrer, die die verschiedenen Foil-Winkel optimieren und besser verstehen m\u00f6chten. Er erm\u00f6glicht die Messung des Winkels zwischen Frontfl\u00fcgel und Stabilisator (auch als L\u00e4ngs-V bekannt), sowie des Winkels des Frontfl\u00fcgels im Verh\u00e4ltnis zum Fuselage und\/oder zur Rumpfunterseite des Boards. Diese Werkzeuge erm\u00f6glichen es Ihnen, die Funktionsweise Ihres Foils besser zu verstehen und den tats\u00e4chlichen Einfluss Ihrer Shims auf die Einstellung zu erkennen. Sie m\u00fcssen lediglich Ihr Smartphone auf das Werkzeug legen und eine \u201eWasserwaage\u201c-App verwenden. &#8211; 1 Werkzeug f\u00fcr den Frontfl\u00fcgel: einstellbar von 85 mm bis 145 mm Profiltiefe (Chord). &#8211; 1 Werkzeug f\u00fcr den Stabilisator: einstellbar von 52 mm bis 85 mm Profiltiefe (Chord). Hergestellt im 3D-Druckverfahren aus PETG, mit Schrauben aus Edelstahl. Maximale Einsatztemperatur: 60 \u00b0C \/ Vorsicht bei der Lagerung in Fahrzeugen in hei\u00dfen Regionen. BA : Vorderkante BF : Hinterkante\" \/>\n<meta property=\"og:url\" content=\"https:\/\/kparts-watersports.com\/de\/produit\/verstellbares-werkzeug-zur-messung-der-foil-winkel-windfoil\/\" \/>\n<meta property=\"og:site_name\" content=\"KPARTS WATERSPORTS\" \/>\n<meta property=\"article:publisher\" content=\"https:\/\/www.facebook.com\/people\/AP-3D-Custom\/100076804732870\/\" \/>\n<meta property=\"og:image\" content=\"https:\/\/kparts-watersports.com\/wp-content\/uploads\/2025\/06\/Outils-ajustables-de-mesure-des-angles-du-foil-WINDFOIL.webp\" \/>\n\t<meta property=\"og:image:width\" content=\"1500\" \/>\n\t<meta property=\"og:image:height\" content=\"1001\" \/>\n\t<meta property=\"og:image:type\" content=\"image\/webp\" \/>\n<meta name=\"twitter:card\" content=\"summary_large_image\" \/>\n<meta name=\"twitter:label1\" content=\"Gesch\u00e4tzte Lesezeit\" \/>\n\t<meta name=\"twitter:data1\" content=\"1 minute\" \/>\n<script type=\"application\/ld+json\" class=\"yoast-schema-graph\">{\"@context\":\"https:\\\/\\\/schema.org\",\"@graph\":[{\"@type\":\"WebPage\",\"@id\":\"https:\\\/\\\/kparts-watersports.com\\\/de\\\/produit\\\/verstellbares-werkzeug-zur-messung-der-foil-winkel-windfoil\\\/\",\"url\":\"https:\\\/\\\/kparts-watersports.com\\\/de\\\/produit\\\/verstellbares-werkzeug-zur-messung-der-foil-winkel-windfoil\\\/\",\"name\":\"Verstellbares Werkzeug zur Messung der Foil-Winkel \u2013 WINDFOIL - KPARTS WATERSPORTS\",\"isPartOf\":{\"@id\":\"https:\\\/\\\/blanchedalmond-oryx-541128.hostingersite.com\\\/#website\"},\"primaryImageOfPage\":{\"@id\":\"https:\\\/\\\/kparts-watersports.com\\\/de\\\/produit\\\/verstellbares-werkzeug-zur-messung-der-foil-winkel-windfoil\\\/#primaryimage\"},\"image\":{\"@id\":\"https:\\\/\\\/kparts-watersports.com\\\/de\\\/produit\\\/verstellbares-werkzeug-zur-messung-der-foil-winkel-windfoil\\\/#primaryimage\"},\"thumbnailUrl\":\"https:\\\/\\\/kparts-watersports.com\\\/wp-content\\\/uploads\\\/2025\\\/06\\\/Outils-ajustables-de-mesure-des-angles-du-foil-WINDFOIL.webp\",\"datePublished\":\"2025-06-30T01:39:12+00:00\",\"breadcrumb\":{\"@id\":\"https:\\\/\\\/kparts-watersports.com\\\/de\\\/produit\\\/verstellbares-werkzeug-zur-messung-der-foil-winkel-windfoil\\\/#breadcrumb\"},\"inLanguage\":\"de-DE\",\"potentialAction\":[{\"@type\":\"ReadAction\",\"target\":[\"https:\\\/\\\/kparts-watersports.com\\\/de\\\/produit\\\/verstellbares-werkzeug-zur-messung-der-foil-winkel-windfoil\\\/\"]}]},{\"@type\":\"ImageObject\",\"inLanguage\":\"de-DE\",\"@id\":\"https:\\\/\\\/kparts-watersports.com\\\/de\\\/produit\\\/verstellbares-werkzeug-zur-messung-der-foil-winkel-windfoil\\\/#primaryimage\",\"url\":\"https:\\\/\\\/kparts-watersports.com\\\/wp-content\\\/uploads\\\/2025\\\/06\\\/Outils-ajustables-de-mesure-des-angles-du-foil-WINDFOIL.webp\",\"contentUrl\":\"https:\\\/\\\/kparts-watersports.com\\\/wp-content\\\/uploads\\\/2025\\\/06\\\/Outils-ajustables-de-mesure-des-angles-du-foil-WINDFOIL.webp\",\"width\":1500,\"height\":1001,\"caption\":\"Outils ajustables de mesure des angles du foil - WINDFOIL\"},{\"@type\":\"BreadcrumbList\",\"@id\":\"https:\\\/\\\/kparts-watersports.com\\\/de\\\/produit\\\/verstellbares-werkzeug-zur-messung-der-foil-winkel-windfoil\\\/#breadcrumb\",\"itemListElement\":[{\"@type\":\"ListItem\",\"position\":1,\"name\":\"Accueil\",\"item\":\"https:\\\/\\\/kparts-watersports.com\\\/de\\\/accueil\\\/\"},{\"@type\":\"ListItem\",\"position\":2,\"name\":\"Shop\",\"item\":\"https:\\\/\\\/kparts-watersports.com\\\/boutique-w\\\/\"},{\"@type\":\"ListItem\",\"position\":3,\"name\":\"Verstellbares Werkzeug zur Messung der Foil-Winkel \u2013 WINDFOIL\"}]},{\"@type\":\"WebSite\",\"@id\":\"https:\\\/\\\/blanchedalmond-oryx-541128.hostingersite.com\\\/#website\",\"url\":\"https:\\\/\\\/blanchedalmond-oryx-541128.hostingersite.com\\\/\",\"name\":\"KPARTS WATERSPORTS\",\"description\":\"Accessoires custom pour sports nautiques\",\"publisher\":{\"@id\":\"https:\\\/\\\/blanchedalmond-oryx-541128.hostingersite.com\\\/#organization\"},\"potentialAction\":[{\"@type\":\"SearchAction\",\"target\":{\"@type\":\"EntryPoint\",\"urlTemplate\":\"https:\\\/\\\/blanchedalmond-oryx-541128.hostingersite.com\\\/?s={search_term_string}\"},\"query-input\":{\"@type\":\"PropertyValueSpecification\",\"valueRequired\":true,\"valueName\":\"search_term_string\"}}],\"inLanguage\":\"de-DE\"},{\"@type\":\"Organization\",\"@id\":\"https:\\\/\\\/blanchedalmond-oryx-541128.hostingersite.com\\\/#organization\",\"name\":\"KPARTS WATERSPORTS\",\"url\":\"https:\\\/\\\/blanchedalmond-oryx-541128.hostingersite.com\\\/\",\"logo\":{\"@type\":\"ImageObject\",\"inLanguage\":\"de-DE\",\"@id\":\"https:\\\/\\\/blanchedalmond-oryx-541128.hostingersite.com\\\/#\\\/schema\\\/logo\\\/image\\\/\",\"url\":\"https:\\\/\\\/kparts-watersports.ovh\\\/wp-content\\\/uploads\\\/2024\\\/09\\\/Kparts-Logo-Favicon.jpg\",\"contentUrl\":\"https:\\\/\\\/kparts-watersports.ovh\\\/wp-content\\\/uploads\\\/2024\\\/09\\\/Kparts-Logo-Favicon.jpg\",\"width\":600,\"height\":600,\"caption\":\"KPARTS WATERSPORTS\"},\"image\":{\"@id\":\"https:\\\/\\\/blanchedalmond-oryx-541128.hostingersite.com\\\/#\\\/schema\\\/logo\\\/image\\\/\"},\"sameAs\":[\"https:\\\/\\\/www.facebook.com\\\/people\\\/AP-3D-Custom\\\/100076804732870\\\/\",\"https:\\\/\\\/www.instagram.com\\\/ap3dcustom\\\/\"]}]}<\/script>\n<!-- \/ Yoast SEO plugin. -->","yoast_head_json":{"title":"Verstellbares Werkzeug zur Messung der Foil-Winkel \u2013 WINDFOIL - KPARTS WATERSPORTS","robots":{"index":"index","follow":"follow","max-snippet":"max-snippet:-1","max-image-preview":"max-image-preview:large","max-video-preview":"max-video-preview:-1"},"canonical":"https:\/\/kparts-watersports.com\/de\/produit\/verstellbares-werkzeug-zur-messung-der-foil-winkel-windfoil\/","og_locale":"de_DE","og_type":"article","og_title":"Verstellbares Werkzeug zur Messung der Foil-Winkel \u2013 WINDFOIL - KPARTS WATERSPORTS","og_description":"Werkzeuge f\u00fcr Wingfoiler und besonders anspruchsvolle Wettkampffahrer, die die verschiedenen Foil-Winkel optimieren und besser verstehen m\u00f6chten. Er erm\u00f6glicht die Messung des Winkels zwischen Frontfl\u00fcgel und Stabilisator (auch als L\u00e4ngs-V bekannt), sowie des Winkels des Frontfl\u00fcgels im Verh\u00e4ltnis zum Fuselage und\/oder zur Rumpfunterseite des Boards. Diese Werkzeuge erm\u00f6glichen es Ihnen, die Funktionsweise Ihres Foils besser zu verstehen und den tats\u00e4chlichen Einfluss Ihrer Shims auf die Einstellung zu erkennen. Sie m\u00fcssen lediglich Ihr Smartphone auf das Werkzeug legen und eine \u201eWasserwaage\u201c-App verwenden. &#8211; 1 Werkzeug f\u00fcr den Frontfl\u00fcgel: einstellbar von 85 mm bis 145 mm Profiltiefe (Chord). &#8211; 1 Werkzeug f\u00fcr den Stabilisator: einstellbar von 52 mm bis 85 mm Profiltiefe (Chord). Hergestellt im 3D-Druckverfahren aus PETG, mit Schrauben aus Edelstahl. Maximale Einsatztemperatur: 60 \u00b0C \/ Vorsicht bei der Lagerung in Fahrzeugen in hei\u00dfen Regionen. BA : Vorderkante BF : Hinterkante","og_url":"https:\/\/kparts-watersports.com\/de\/produit\/verstellbares-werkzeug-zur-messung-der-foil-winkel-windfoil\/","og_site_name":"KPARTS WATERSPORTS","article_publisher":"https:\/\/www.facebook.com\/people\/AP-3D-Custom\/100076804732870\/","og_image":[{"width":1500,"height":1001,"url":"https:\/\/kparts-watersports.com\/wp-content\/uploads\/2025\/06\/Outils-ajustables-de-mesure-des-angles-du-foil-WINDFOIL.webp","type":"image\/webp"}],"twitter_card":"summary_large_image","twitter_misc":{"Gesch\u00e4tzte Lesezeit":"1 minute"},"schema":{"@context":"https:\/\/schema.org","@graph":[{"@type":"WebPage","@id":"https:\/\/kparts-watersports.com\/de\/produit\/verstellbares-werkzeug-zur-messung-der-foil-winkel-windfoil\/","url":"https:\/\/kparts-watersports.com\/de\/produit\/verstellbares-werkzeug-zur-messung-der-foil-winkel-windfoil\/","name":"Verstellbares Werkzeug zur Messung der Foil-Winkel \u2013 WINDFOIL - KPARTS WATERSPORTS","isPartOf":{"@id":"https:\/\/blanchedalmond-oryx-541128.hostingersite.com\/#website"},"primaryImageOfPage":{"@id":"https:\/\/kparts-watersports.com\/de\/produit\/verstellbares-werkzeug-zur-messung-der-foil-winkel-windfoil\/#primaryimage"},"image":{"@id":"https:\/\/kparts-watersports.com\/de\/produit\/verstellbares-werkzeug-zur-messung-der-foil-winkel-windfoil\/#primaryimage"},"thumbnailUrl":"https:\/\/kparts-watersports.com\/wp-content\/uploads\/2025\/06\/Outils-ajustables-de-mesure-des-angles-du-foil-WINDFOIL.webp","datePublished":"2025-06-30T01:39:12+00:00","breadcrumb":{"@id":"https:\/\/kparts-watersports.com\/de\/produit\/verstellbares-werkzeug-zur-messung-der-foil-winkel-windfoil\/#breadcrumb"},"inLanguage":"de-DE","potentialAction":[{"@type":"ReadAction","target":["https:\/\/kparts-watersports.com\/de\/produit\/verstellbares-werkzeug-zur-messung-der-foil-winkel-windfoil\/"]}]},{"@type":"ImageObject","inLanguage":"de-DE","@id":"https:\/\/kparts-watersports.com\/de\/produit\/verstellbares-werkzeug-zur-messung-der-foil-winkel-windfoil\/#primaryimage","url":"https:\/\/kparts-watersports.com\/wp-content\/uploads\/2025\/06\/Outils-ajustables-de-mesure-des-angles-du-foil-WINDFOIL.webp","contentUrl":"https:\/\/kparts-watersports.com\/wp-content\/uploads\/2025\/06\/Outils-ajustables-de-mesure-des-angles-du-foil-WINDFOIL.webp","width":1500,"height":1001,"caption":"Outils ajustables de mesure des angles du foil - WINDFOIL"},{"@type":"BreadcrumbList","@id":"https:\/\/kparts-watersports.com\/de\/produit\/verstellbares-werkzeug-zur-messung-der-foil-winkel-windfoil\/#breadcrumb","itemListElement":[{"@type":"ListItem","position":1,"name":"Accueil","item":"https:\/\/kparts-watersports.com\/de\/accueil\/"},{"@type":"ListItem","position":2,"name":"Shop","item":"https:\/\/kparts-watersports.com\/boutique-w\/"},{"@type":"ListItem","position":3,"name":"Verstellbares Werkzeug zur Messung der Foil-Winkel \u2013 WINDFOIL"}]},{"@type":"WebSite","@id":"https:\/\/blanchedalmond-oryx-541128.hostingersite.com\/#website","url":"https:\/\/blanchedalmond-oryx-541128.hostingersite.com\/","name":"KPARTS WATERSPORTS","description":"Accessoires custom pour sports nautiques","publisher":{"@id":"https:\/\/blanchedalmond-oryx-541128.hostingersite.com\/#organization"},"potentialAction":[{"@type":"SearchAction","target":{"@type":"EntryPoint","urlTemplate":"https:\/\/blanchedalmond-oryx-541128.hostingersite.com\/?s={search_term_string}"},"query-input":{"@type":"PropertyValueSpecification","valueRequired":true,"valueName":"search_term_string"}}],"inLanguage":"de-DE"},{"@type":"Organization","@id":"https:\/\/blanchedalmond-oryx-541128.hostingersite.com\/#organization","name":"KPARTS WATERSPORTS","url":"https:\/\/blanchedalmond-oryx-541128.hostingersite.com\/","logo":{"@type":"ImageObject","inLanguage":"de-DE","@id":"https:\/\/blanchedalmond-oryx-541128.hostingersite.com\/#\/schema\/logo\/image\/","url":"https:\/\/kparts-watersports.ovh\/wp-content\/uploads\/2024\/09\/Kparts-Logo-Favicon.jpg","contentUrl":"https:\/\/kparts-watersports.ovh\/wp-content\/uploads\/2024\/09\/Kparts-Logo-Favicon.jpg","width":600,"height":600,"caption":"KPARTS WATERSPORTS"},"image":{"@id":"https:\/\/blanchedalmond-oryx-541128.hostingersite.com\/#\/schema\/logo\/image\/"},"sameAs":["https:\/\/www.facebook.com\/people\/AP-3D-Custom\/100076804732870\/","https:\/\/www.instagram.com\/ap3dcustom\/"]}]}},"jetpack_sharing_enabled":true,"_links":{"self":[{"href":"https:\/\/kparts-watersports.com\/de\/wp-json\/wp\/v2\/product\/16766","targetHints":{"allow":["GET"]}}],"collection":[{"href":"https:\/\/kparts-watersports.com\/de\/wp-json\/wp\/v2\/product"}],"about":[{"href":"https:\/\/kparts-watersports.com\/de\/wp-json\/wp\/v2\/types\/product"}],"replies":[{"embeddable":true,"href":"https:\/\/kparts-watersports.com\/de\/wp-json\/wp\/v2\/comments?post=16766"}],"wp:featuredmedia":[{"embeddable":true,"href":"https:\/\/kparts-watersports.com\/de\/wp-json\/wp\/v2\/media\/16770"}],"wp:attachment":[{"href":"https:\/\/kparts-watersports.com\/de\/wp-json\/wp\/v2\/media?parent=16766"}],"wp:term":[{"taxonomy":"product_brand","embeddable":true,"href":"https:\/\/kparts-watersports.com\/de\/wp-json\/wp\/v2\/product_brand?post=16766"},{"taxonomy":"product_cat","embeddable":true,"href":"https:\/\/kparts-watersports.com\/de\/wp-json\/wp\/v2\/product_cat?post=16766"},{"taxonomy":"product_tag","embeddable":true,"href":"https:\/\/kparts-watersports.com\/de\/wp-json\/wp\/v2\/product_tag?post=16766"}],"curies":[{"name":"wp","href":"https:\/\/api.w.org\/{rel}","templated":true}]}}