{"id":16805,"date":"2025-06-30T03:45:13","date_gmt":"2025-06-30T01:45:13","guid":{"rendered":"https:\/\/kparts-watersports.com\/produit\/messwerkzeuge-zur-winkelbestimmung-fuer-iqfoil\/"},"modified":"2025-06-30T03:45:13","modified_gmt":"2025-06-30T01:45:13","slug":"messwerkzeuge-zur-winkelbestimmung-fuer-iqfoil","status":"publish","type":"product","link":"https:\/\/kparts-watersports.com\/de\/produit\/messwerkzeuge-zur-winkelbestimmung-fuer-iqfoil\/","title":{"rendered":"Messwerkzeuge zur Winkelbestimmung f\u00fcr IQFOIL\u00ae"},"content":{"rendered":"<p>Entwickelt f\u00fcr die anspruchsvollsten Regattasegler und Wettkampffahrer im IQFOIL\u00ae, erm\u00f6glicht dieses Werkzeugset eine pr\u00e4zise Messung der verschiedenen Winkel Ihres Foils, um Ihre Einstellungen und Ihre Performance auf dem Wasser zu optimieren.<\/p>\n<p><strong data-redactor-tag=\"strong\"><u data-redactor-tag=\"u\">Nur kompatibel mit dem IQFOIL\u00ae-Foil.<\/u><\/strong><\/p>\n<p>Er erm\u00f6glicht die Messung des Winkels zwischen Frontfl\u00fcgel und Stabilisator sowie des Winkels des Frontfl\u00fcgels im Verh\u00e4ltnis zum Fuselage und\/oder zum Board.<br \/>Das Werkzeug passt sich perfekt an Frontfl\u00fcgel und Stabilisator an und richtet sich automatisch im korrekten Winkel aus, ohne Spiel, wodurch eine perfekte Wiederholbarkeit und h\u00f6chste Messgenauigkeit gew\u00e4hrleistet werden.<br \/>Es wird an der Vorderkante (BA) und Hinterkante (BF) ausgerichtet, unabh\u00e4ngig von der Profilst\u00e4rke, die bekanntlich variieren kann. <\/p>\n<p>Verwenden Sie Ihr Smartphone mit einer Wasserwaagen-App, um die Winkel zu bestimmen.<\/p>\n<ul>\n<li>1 Werkzeug f\u00fcr den Frontfl\u00fcgel<\/li>\n<li>1 Werkzeug f\u00fcr den Stabilisator<\/li>\n<\/ul>\n<p>Im 3D-Druckverfahren aus PETG hergestellt.<span> <\/span><strong data-redactor-tag=\"strong\">Maximale Einsatztemperatur: 60 \u00b0C!<\/strong><\/p>\n","protected":false},"excerpt":{"rendered":"<p>Entwickelt f\u00fcr die anspruchsvollsten Regattasegler und Wettkampffahrer im IQFOIL\u00ae, erm\u00f6glicht dieses Werkzeugset eine pr\u00e4zise Messung der verschiedenen Winkel Ihres Foils, um Ihre Einstellungen und Ihre Performance auf dem Wasser zu optimieren. Nur kompatibel mit dem IQFOIL\u00ae-Foil. Er erm\u00f6glicht die Messung des Winkels zwischen Frontfl\u00fcgel und Stabilisator sowie des Winkels des Frontfl\u00fcgels im Verh\u00e4ltnis zum Fuselage und\/oder zum Board.Das Werkzeug passt sich perfekt an Frontfl\u00fcgel und Stabilisator an und richtet sich automatisch im korrekten Winkel aus, ohne Spiel, wodurch eine perfekte Wiederholbarkeit und h\u00f6chste Messgenauigkeit gew\u00e4hrleistet werden.Es wird an der Vorderkante (BA) und Hinterkante (BF) ausgerichtet, unabh\u00e4ngig von der Profilst\u00e4rke, die bekanntlich variieren kann. Verwenden Sie Ihr Smartphone mit einer Wasserwaagen-App, um die Winkel zu bestimmen. 1 Werkzeug f\u00fcr den Frontfl\u00fcgel 1 Werkzeug f\u00fcr den Stabilisator Im 3D-Druckverfahren aus PETG hergestellt. Maximale Einsatztemperatur: 60 \u00b0C!<\/p>\n","protected":false},"featured_media":16809,"comment_status":"open","ping_status":"closed","template":"","meta":{"site-sidebar-layout":"default","site-content-layout":"","ast-site-content-layout":"default","site-content-style":"default","site-sidebar-style":"default","ast-global-header-display":"","ast-banner-title-visibility":"","ast-main-header-display":"","ast-hfb-above-header-display":"","ast-hfb-below-header-display":"","ast-hfb-mobile-header-display":"","site-post-title":"","ast-breadcrumbs-content":"","ast-featured-img":"","footer-sml-layout":"","ast-disable-related-posts":"","theme-transparent-header-meta":"default","adv-header-id-meta":"","stick-header-meta":"","header-above-stick-meta":"","header-main-stick-meta":"","header-below-stick-meta":"","astra-migrate-meta-layouts":"default","ast-page-background-enabled":"default","ast-page-background-meta":{"desktop":{"background-color":"var(--ast-global-color-4)","background-image":"","background-repeat":"repeat","background-position":"center center","background-size":"auto","background-attachment":"scroll","background-type":"","background-media":"","overlay-type":"","overlay-color":"","overlay-opacity":"","overlay-gradient":""},"tablet":{"background-color":"","background-image":"","background-repeat":"repeat","background-position":"center center","background-size":"auto","background-attachment":"scroll","background-type":"","background-media":"","overlay-type":"","overlay-color":"","overlay-opacity":"","overlay-gradient":""},"mobile":{"background-color":"","background-image":"","background-repeat":"repeat","background-position":"center center","background-size":"auto","background-attachment":"scroll","background-type":"","background-media":"","overlay-type":"","overlay-color":"","overlay-opacity":"","overlay-gradient":""}},"ast-content-background-meta":{"desktop":{"background-color":"var(--ast-global-color-5)","background-image":"","background-repeat":"repeat","background-position":"center center","background-size":"auto","background-attachment":"scroll","background-type":"","background-media":"","overlay-type":"","overlay-color":"","overlay-opacity":"","overlay-gradient":""},"tablet":{"background-color":"var(--ast-global-color-5)","background-image":"","background-repeat":"repeat","background-position":"center center","background-size":"auto","background-attachment":"scroll","background-type":"","background-media":"","overlay-type":"","overlay-color":"","overlay-opacity":"","overlay-gradient":""},"mobile":{"background-color":"var(--ast-global-color-5)","background-image":"","background-repeat":"repeat","background-position":"center center","background-size":"auto","background-attachment":"scroll","background-type":"","background-media":"","overlay-type":"","overlay-color":"","overlay-opacity":"","overlay-gradient":""}}},"product_brand":[],"product_cat":[239],"product_tag":[],"class_list":{"0":"post-16805","1":"product","2":"type-product","3":"status-publish","4":"has-post-thumbnail","6":"product_cat-windfoil-zubehor","7":"desktop-align-center","8":"tablet-align-left","9":"mobile-align-left","10":"tm-no-options","12":"first","13":"instock","14":"taxable","15":"shipping-taxable","16":"purchasable","17":"product-type-variable"},"yoast_head":"<!-- This site is optimized with the Yoast SEO plugin v27.3 - https:\/\/yoast.com\/product\/yoast-seo-wordpress\/ -->\n<title>Messwerkzeuge zur Winkelbestimmung f\u00fcr IQFOIL\u00ae - KPARTS WATERSPORTS<\/title>\n<meta name=\"robots\" content=\"index, follow, max-snippet:-1, max-image-preview:large, max-video-preview:-1\" \/>\n<link rel=\"canonical\" href=\"https:\/\/kparts-watersports.com\/de\/produit\/messwerkzeuge-zur-winkelbestimmung-fuer-iqfoil\/\" \/>\n<meta property=\"og:locale\" content=\"de_DE\" \/>\n<meta property=\"og:type\" content=\"article\" \/>\n<meta property=\"og:title\" content=\"Messwerkzeuge zur Winkelbestimmung f\u00fcr IQFOIL\u00ae - KPARTS WATERSPORTS\" \/>\n<meta property=\"og:description\" content=\"Entwickelt f\u00fcr die anspruchsvollsten Regattasegler und Wettkampffahrer im IQFOIL\u00ae, erm\u00f6glicht dieses Werkzeugset eine pr\u00e4zise Messung der verschiedenen Winkel Ihres Foils, um Ihre Einstellungen und Ihre Performance auf dem Wasser zu optimieren. Nur kompatibel mit dem IQFOIL\u00ae-Foil. Er erm\u00f6glicht die Messung des Winkels zwischen Frontfl\u00fcgel und Stabilisator sowie des Winkels des Frontfl\u00fcgels im Verh\u00e4ltnis zum Fuselage und\/oder zum Board.Das Werkzeug passt sich perfekt an Frontfl\u00fcgel und Stabilisator an und richtet sich automatisch im korrekten Winkel aus, ohne Spiel, wodurch eine perfekte Wiederholbarkeit und h\u00f6chste Messgenauigkeit gew\u00e4hrleistet werden.Es wird an der Vorderkante (BA) und Hinterkante (BF) ausgerichtet, unabh\u00e4ngig von der Profilst\u00e4rke, die bekanntlich variieren kann. Verwenden Sie Ihr Smartphone mit einer Wasserwaagen-App, um die Winkel zu bestimmen. 1 Werkzeug f\u00fcr den Frontfl\u00fcgel 1 Werkzeug f\u00fcr den Stabilisator Im 3D-Druckverfahren aus PETG hergestellt. Maximale Einsatztemperatur: 60 \u00b0C!\" \/>\n<meta property=\"og:url\" content=\"https:\/\/kparts-watersports.com\/de\/produit\/messwerkzeuge-zur-winkelbestimmung-fuer-iqfoil\/\" \/>\n<meta property=\"og:site_name\" content=\"KPARTS WATERSPORTS\" \/>\n<meta property=\"article:publisher\" content=\"https:\/\/www.facebook.com\/people\/AP-3D-Custom\/100076804732870\/\" \/>\n<meta property=\"og:image\" content=\"https:\/\/kparts-watersports.com\/wp-content\/uploads\/2025\/06\/Outils-de-mesure-des-angles-pour-IQFOIL\u00ae.webp\" \/>\n\t<meta property=\"og:image:width\" content=\"1080\" \/>\n\t<meta property=\"og:image:height\" content=\"1080\" \/>\n\t<meta property=\"og:image:type\" content=\"image\/webp\" \/>\n<meta name=\"twitter:card\" content=\"summary_large_image\" \/>\n<meta name=\"twitter:label1\" content=\"Gesch\u00e4tzte Lesezeit\" \/>\n\t<meta name=\"twitter:data1\" content=\"1 minute\" \/>\n<script type=\"application\/ld+json\" class=\"yoast-schema-graph\">{\"@context\":\"https:\\\/\\\/schema.org\",\"@graph\":[{\"@type\":\"WebPage\",\"@id\":\"https:\\\/\\\/kparts-watersports.com\\\/de\\\/produit\\\/messwerkzeuge-zur-winkelbestimmung-fuer-iqfoil\\\/\",\"url\":\"https:\\\/\\\/kparts-watersports.com\\\/de\\\/produit\\\/messwerkzeuge-zur-winkelbestimmung-fuer-iqfoil\\\/\",\"name\":\"Messwerkzeuge zur Winkelbestimmung f\u00fcr IQFOIL\u00ae - KPARTS WATERSPORTS\",\"isPartOf\":{\"@id\":\"https:\\\/\\\/blanchedalmond-oryx-541128.hostingersite.com\\\/#website\"},\"primaryImageOfPage\":{\"@id\":\"https:\\\/\\\/kparts-watersports.com\\\/de\\\/produit\\\/messwerkzeuge-zur-winkelbestimmung-fuer-iqfoil\\\/#primaryimage\"},\"image\":{\"@id\":\"https:\\\/\\\/kparts-watersports.com\\\/de\\\/produit\\\/messwerkzeuge-zur-winkelbestimmung-fuer-iqfoil\\\/#primaryimage\"},\"thumbnailUrl\":\"https:\\\/\\\/kparts-watersports.com\\\/wp-content\\\/uploads\\\/2025\\\/06\\\/Outils-de-mesure-des-angles-pour-IQFOIL\u00ae.webp\",\"datePublished\":\"2025-06-30T01:45:13+00:00\",\"breadcrumb\":{\"@id\":\"https:\\\/\\\/kparts-watersports.com\\\/de\\\/produit\\\/messwerkzeuge-zur-winkelbestimmung-fuer-iqfoil\\\/#breadcrumb\"},\"inLanguage\":\"de-DE\",\"potentialAction\":[{\"@type\":\"ReadAction\",\"target\":[\"https:\\\/\\\/kparts-watersports.com\\\/de\\\/produit\\\/messwerkzeuge-zur-winkelbestimmung-fuer-iqfoil\\\/\"]}]},{\"@type\":\"ImageObject\",\"inLanguage\":\"de-DE\",\"@id\":\"https:\\\/\\\/kparts-watersports.com\\\/de\\\/produit\\\/messwerkzeuge-zur-winkelbestimmung-fuer-iqfoil\\\/#primaryimage\",\"url\":\"https:\\\/\\\/kparts-watersports.com\\\/wp-content\\\/uploads\\\/2025\\\/06\\\/Outils-de-mesure-des-angles-pour-IQFOIL\u00ae.webp\",\"contentUrl\":\"https:\\\/\\\/kparts-watersports.com\\\/wp-content\\\/uploads\\\/2025\\\/06\\\/Outils-de-mesure-des-angles-pour-IQFOIL\u00ae.webp\",\"width\":1080,\"height\":1080,\"caption\":\"Outils de mesure des angles pour IQFOIL\u00ae\"},{\"@type\":\"BreadcrumbList\",\"@id\":\"https:\\\/\\\/kparts-watersports.com\\\/de\\\/produit\\\/messwerkzeuge-zur-winkelbestimmung-fuer-iqfoil\\\/#breadcrumb\",\"itemListElement\":[{\"@type\":\"ListItem\",\"position\":1,\"name\":\"Accueil\",\"item\":\"https:\\\/\\\/kparts-watersports.com\\\/de\\\/accueil\\\/\"},{\"@type\":\"ListItem\",\"position\":2,\"name\":\"Shop\",\"item\":\"https:\\\/\\\/kparts-watersports.com\\\/boutique-w\\\/\"},{\"@type\":\"ListItem\",\"position\":3,\"name\":\"Messwerkzeuge zur Winkelbestimmung f\u00fcr IQFOIL\u00ae\"}]},{\"@type\":\"WebSite\",\"@id\":\"https:\\\/\\\/blanchedalmond-oryx-541128.hostingersite.com\\\/#website\",\"url\":\"https:\\\/\\\/blanchedalmond-oryx-541128.hostingersite.com\\\/\",\"name\":\"KPARTS WATERSPORTS\",\"description\":\"Accessoires custom pour sports nautiques\",\"publisher\":{\"@id\":\"https:\\\/\\\/blanchedalmond-oryx-541128.hostingersite.com\\\/#organization\"},\"potentialAction\":[{\"@type\":\"SearchAction\",\"target\":{\"@type\":\"EntryPoint\",\"urlTemplate\":\"https:\\\/\\\/blanchedalmond-oryx-541128.hostingersite.com\\\/?s={search_term_string}\"},\"query-input\":{\"@type\":\"PropertyValueSpecification\",\"valueRequired\":true,\"valueName\":\"search_term_string\"}}],\"inLanguage\":\"de-DE\"},{\"@type\":\"Organization\",\"@id\":\"https:\\\/\\\/blanchedalmond-oryx-541128.hostingersite.com\\\/#organization\",\"name\":\"KPARTS WATERSPORTS\",\"url\":\"https:\\\/\\\/blanchedalmond-oryx-541128.hostingersite.com\\\/\",\"logo\":{\"@type\":\"ImageObject\",\"inLanguage\":\"de-DE\",\"@id\":\"https:\\\/\\\/blanchedalmond-oryx-541128.hostingersite.com\\\/#\\\/schema\\\/logo\\\/image\\\/\",\"url\":\"https:\\\/\\\/kparts-watersports.ovh\\\/wp-content\\\/uploads\\\/2024\\\/09\\\/Kparts-Logo-Favicon.jpg\",\"contentUrl\":\"https:\\\/\\\/kparts-watersports.ovh\\\/wp-content\\\/uploads\\\/2024\\\/09\\\/Kparts-Logo-Favicon.jpg\",\"width\":600,\"height\":600,\"caption\":\"KPARTS WATERSPORTS\"},\"image\":{\"@id\":\"https:\\\/\\\/blanchedalmond-oryx-541128.hostingersite.com\\\/#\\\/schema\\\/logo\\\/image\\\/\"},\"sameAs\":[\"https:\\\/\\\/www.facebook.com\\\/people\\\/AP-3D-Custom\\\/100076804732870\\\/\",\"https:\\\/\\\/www.instagram.com\\\/ap3dcustom\\\/\"]}]}<\/script>\n<!-- \/ Yoast SEO plugin. -->","yoast_head_json":{"title":"Messwerkzeuge zur Winkelbestimmung f\u00fcr IQFOIL\u00ae - KPARTS WATERSPORTS","robots":{"index":"index","follow":"follow","max-snippet":"max-snippet:-1","max-image-preview":"max-image-preview:large","max-video-preview":"max-video-preview:-1"},"canonical":"https:\/\/kparts-watersports.com\/de\/produit\/messwerkzeuge-zur-winkelbestimmung-fuer-iqfoil\/","og_locale":"de_DE","og_type":"article","og_title":"Messwerkzeuge zur Winkelbestimmung f\u00fcr IQFOIL\u00ae - KPARTS WATERSPORTS","og_description":"Entwickelt f\u00fcr die anspruchsvollsten Regattasegler und Wettkampffahrer im IQFOIL\u00ae, erm\u00f6glicht dieses Werkzeugset eine pr\u00e4zise Messung der verschiedenen Winkel Ihres Foils, um Ihre Einstellungen und Ihre Performance auf dem Wasser zu optimieren. Nur kompatibel mit dem IQFOIL\u00ae-Foil. Er erm\u00f6glicht die Messung des Winkels zwischen Frontfl\u00fcgel und Stabilisator sowie des Winkels des Frontfl\u00fcgels im Verh\u00e4ltnis zum Fuselage und\/oder zum Board.Das Werkzeug passt sich perfekt an Frontfl\u00fcgel und Stabilisator an und richtet sich automatisch im korrekten Winkel aus, ohne Spiel, wodurch eine perfekte Wiederholbarkeit und h\u00f6chste Messgenauigkeit gew\u00e4hrleistet werden.Es wird an der Vorderkante (BA) und Hinterkante (BF) ausgerichtet, unabh\u00e4ngig von der Profilst\u00e4rke, die bekanntlich variieren kann. Verwenden Sie Ihr Smartphone mit einer Wasserwaagen-App, um die Winkel zu bestimmen. 1 Werkzeug f\u00fcr den Frontfl\u00fcgel 1 Werkzeug f\u00fcr den Stabilisator Im 3D-Druckverfahren aus PETG hergestellt. Maximale Einsatztemperatur: 60 \u00b0C!","og_url":"https:\/\/kparts-watersports.com\/de\/produit\/messwerkzeuge-zur-winkelbestimmung-fuer-iqfoil\/","og_site_name":"KPARTS WATERSPORTS","article_publisher":"https:\/\/www.facebook.com\/people\/AP-3D-Custom\/100076804732870\/","og_image":[{"width":1080,"height":1080,"url":"https:\/\/kparts-watersports.com\/wp-content\/uploads\/2025\/06\/Outils-de-mesure-des-angles-pour-IQFOIL\u00ae.webp","type":"image\/webp"}],"twitter_card":"summary_large_image","twitter_misc":{"Gesch\u00e4tzte Lesezeit":"1 minute"},"schema":{"@context":"https:\/\/schema.org","@graph":[{"@type":"WebPage","@id":"https:\/\/kparts-watersports.com\/de\/produit\/messwerkzeuge-zur-winkelbestimmung-fuer-iqfoil\/","url":"https:\/\/kparts-watersports.com\/de\/produit\/messwerkzeuge-zur-winkelbestimmung-fuer-iqfoil\/","name":"Messwerkzeuge zur Winkelbestimmung f\u00fcr IQFOIL\u00ae - KPARTS WATERSPORTS","isPartOf":{"@id":"https:\/\/blanchedalmond-oryx-541128.hostingersite.com\/#website"},"primaryImageOfPage":{"@id":"https:\/\/kparts-watersports.com\/de\/produit\/messwerkzeuge-zur-winkelbestimmung-fuer-iqfoil\/#primaryimage"},"image":{"@id":"https:\/\/kparts-watersports.com\/de\/produit\/messwerkzeuge-zur-winkelbestimmung-fuer-iqfoil\/#primaryimage"},"thumbnailUrl":"https:\/\/kparts-watersports.com\/wp-content\/uploads\/2025\/06\/Outils-de-mesure-des-angles-pour-IQFOIL\u00ae.webp","datePublished":"2025-06-30T01:45:13+00:00","breadcrumb":{"@id":"https:\/\/kparts-watersports.com\/de\/produit\/messwerkzeuge-zur-winkelbestimmung-fuer-iqfoil\/#breadcrumb"},"inLanguage":"de-DE","potentialAction":[{"@type":"ReadAction","target":["https:\/\/kparts-watersports.com\/de\/produit\/messwerkzeuge-zur-winkelbestimmung-fuer-iqfoil\/"]}]},{"@type":"ImageObject","inLanguage":"de-DE","@id":"https:\/\/kparts-watersports.com\/de\/produit\/messwerkzeuge-zur-winkelbestimmung-fuer-iqfoil\/#primaryimage","url":"https:\/\/kparts-watersports.com\/wp-content\/uploads\/2025\/06\/Outils-de-mesure-des-angles-pour-IQFOIL\u00ae.webp","contentUrl":"https:\/\/kparts-watersports.com\/wp-content\/uploads\/2025\/06\/Outils-de-mesure-des-angles-pour-IQFOIL\u00ae.webp","width":1080,"height":1080,"caption":"Outils de mesure des angles pour IQFOIL\u00ae"},{"@type":"BreadcrumbList","@id":"https:\/\/kparts-watersports.com\/de\/produit\/messwerkzeuge-zur-winkelbestimmung-fuer-iqfoil\/#breadcrumb","itemListElement":[{"@type":"ListItem","position":1,"name":"Accueil","item":"https:\/\/kparts-watersports.com\/de\/accueil\/"},{"@type":"ListItem","position":2,"name":"Shop","item":"https:\/\/kparts-watersports.com\/boutique-w\/"},{"@type":"ListItem","position":3,"name":"Messwerkzeuge zur Winkelbestimmung f\u00fcr IQFOIL\u00ae"}]},{"@type":"WebSite","@id":"https:\/\/blanchedalmond-oryx-541128.hostingersite.com\/#website","url":"https:\/\/blanchedalmond-oryx-541128.hostingersite.com\/","name":"KPARTS WATERSPORTS","description":"Accessoires custom pour sports nautiques","publisher":{"@id":"https:\/\/blanchedalmond-oryx-541128.hostingersite.com\/#organization"},"potentialAction":[{"@type":"SearchAction","target":{"@type":"EntryPoint","urlTemplate":"https:\/\/blanchedalmond-oryx-541128.hostingersite.com\/?s={search_term_string}"},"query-input":{"@type":"PropertyValueSpecification","valueRequired":true,"valueName":"search_term_string"}}],"inLanguage":"de-DE"},{"@type":"Organization","@id":"https:\/\/blanchedalmond-oryx-541128.hostingersite.com\/#organization","name":"KPARTS WATERSPORTS","url":"https:\/\/blanchedalmond-oryx-541128.hostingersite.com\/","logo":{"@type":"ImageObject","inLanguage":"de-DE","@id":"https:\/\/blanchedalmond-oryx-541128.hostingersite.com\/#\/schema\/logo\/image\/","url":"https:\/\/kparts-watersports.ovh\/wp-content\/uploads\/2024\/09\/Kparts-Logo-Favicon.jpg","contentUrl":"https:\/\/kparts-watersports.ovh\/wp-content\/uploads\/2024\/09\/Kparts-Logo-Favicon.jpg","width":600,"height":600,"caption":"KPARTS WATERSPORTS"},"image":{"@id":"https:\/\/blanchedalmond-oryx-541128.hostingersite.com\/#\/schema\/logo\/image\/"},"sameAs":["https:\/\/www.facebook.com\/people\/AP-3D-Custom\/100076804732870\/","https:\/\/www.instagram.com\/ap3dcustom\/"]}]}},"jetpack_sharing_enabled":true,"_links":{"self":[{"href":"https:\/\/kparts-watersports.com\/de\/wp-json\/wp\/v2\/product\/16805","targetHints":{"allow":["GET"]}}],"collection":[{"href":"https:\/\/kparts-watersports.com\/de\/wp-json\/wp\/v2\/product"}],"about":[{"href":"https:\/\/kparts-watersports.com\/de\/wp-json\/wp\/v2\/types\/product"}],"replies":[{"embeddable":true,"href":"https:\/\/kparts-watersports.com\/de\/wp-json\/wp\/v2\/comments?post=16805"}],"wp:featuredmedia":[{"embeddable":true,"href":"https:\/\/kparts-watersports.com\/de\/wp-json\/wp\/v2\/media\/16809"}],"wp:attachment":[{"href":"https:\/\/kparts-watersports.com\/de\/wp-json\/wp\/v2\/media?parent=16805"}],"wp:term":[{"taxonomy":"product_brand","embeddable":true,"href":"https:\/\/kparts-watersports.com\/de\/wp-json\/wp\/v2\/product_brand?post=16805"},{"taxonomy":"product_cat","embeddable":true,"href":"https:\/\/kparts-watersports.com\/de\/wp-json\/wp\/v2\/product_cat?post=16805"},{"taxonomy":"product_tag","embeddable":true,"href":"https:\/\/kparts-watersports.com\/de\/wp-json\/wp\/v2\/product_tag?post=16805"}],"curies":[{"name":"wp","href":"https:\/\/api.w.org\/{rel}","templated":true}]}}