{"id":16898,"date":"2025-08-24T13:53:40","date_gmt":"2025-08-24T11:53:40","guid":{"rendered":"https:\/\/kparts-watersports.com\/produit\/trapezleinen-parawing\/"},"modified":"2026-04-23T17:16:26","modified_gmt":"2026-04-23T15:16:26","slug":"trapezleinen-parawing","status":"publish","type":"product","link":"https:\/\/kparts-watersports.com\/de\/produit\/trapezleinen-parawing\/","title":{"rendered":"Trapezleinen \u2013 PARAWING"},"content":{"rendered":"<p>Wir haben dieses Trapezleinensystem f\u00fcr die Parawing-Praxis \u2013 Pocket Wing oder auch Low-Kite \ud83e\ude82 \u2013 entwickelt.<br \/>Ausgestattet mit einem ergonomischen Haken erm\u00f6glicht Ihnen dieses System, dass keine Leinen oder Tampen an Ihrer Bar befestigt sind, und Sie sich direkt in die Bar einhaken k\u00f6nnen.<br \/>Wenn Sie den Haken nicht verwenden, k\u00f6nnen Sie ihn einfach auf der magnetischen Halterung Ihres G\u00fcrtels verstauen \ud83e\uddf2<\/p>\n<p><strong>Funktioniert auch im WINGFOIL (nur mit Boom)!<\/strong><\/p>\n<p>Optionen (zur Auswahl):<\/p>\n<p>\ud83e\ude9d Hakenform:<\/p>\n<ul>\n<li><span style=\"font-size: 16px;\">Gerade: kompatibel mit den meisten Wings auf dem Markt.<\/span><\/li>\n<li>Gebogen: speziell f\u00fcr POW FLYSURFER\u00ae.<\/li>\n<\/ul>\n<p>\ud83d\udccf Einstellung der Leinenl\u00e4nge<\/p>\n<ul>\n<li>Fix: Einstellung an Land durch einen einfachen Knoten.<\/li>\n<li>W\u00e4hrend der Fahrt verstellbar: mit CLAMCLEAT\u00ae-Klemme zur Einstellung in wenigen Sekunden.<\/li>\n<\/ul>\n<p>\ud83d\udcd0 Gurtf\u00fchrung (H\u00fcftgurt)<\/p>\n<ul>\n<li>3 H\u00f6hen \u00d7 2 St\u00e4rken verf\u00fcgbar \u2014 w\u00e4hlen Sie die Gr\u00f6\u00dfe, die zu Ihrem Gurt (Trapez, H\u00fcftgurt usw.) passt.<\/li>\n<\/ul>\n<p>\ud83d\udce6 Inhalt des Kits<\/p>\n<ul>\n<li>Magnetischer Haken + magnetische Halterung f\u00fcr den G\u00fcrtel<\/li>\n<li>Leine (fix oder verstellbar) + ca. 1 m Tampen (kann nach Wunsch gek\u00fcrzt werden)<\/li>\n<\/ul>\n<p>\u26a0\ufe0f Trapez\/Gurt nicht enthalten \u2014 auf den Fotos nur zu Illustrationszwecken dargestellt.<\/p>\n<p>\ud83d\udee0\ufe0f Teile werden in unserer Werkstatt in Brest hergestellt.<br \/>\n\u2709\ufe0f Spezielle Gurtma\u00dfe? Ma\u00dfanfertigung m\u00f6glich \u2014 kontaktieren Sie uns. <\/p>\n<p><strong>Hinweise:<\/strong><\/p>\n<p><strong>\ud83e\uddf2 Vermeiden Sie es, den Magneten elektronischen Ger\u00e4ten auszusetzen!<\/strong><br \/>\n<!-- YouTube horizontal 16:9 responsive --><\/p>\n<div class=\"yt-wrap\"><iframe title=\"Parawing-Trapezleinen \u2013 Video\" src=\"https:\/\/www.youtube-nocookie.com\/embed\/9YBVJXqIv2o?rel=0&amp;modestbranding=1\" allowfullscreen=\"allowfullscreen\"><\/iframe><\/div>\n<style>\n.yt-wrap{<br \/>  width:100%;<br \/>  max-width:900px;          \/* ajuste si besoin *\/<br \/>  margin:12px auto;<br \/>  aspect-ratio:16\/9;        \/* FOR\u00c7E le format horizontal *\/<br \/>  background:#000;<br \/>  border-radius:12px;<br \/>  overflow:hidden;<br \/>}<br \/>.yt-wrap iframe{<br \/>  width:100%;<br \/>  height:100%;<br \/>  border:0;<br \/>  display:block;<br \/>}<br \/><\/style>\n","protected":false},"excerpt":{"rendered":"<p>Wir haben dieses Trapezleinensystem f\u00fcr die Parawing-Praxis \u2013 Pocket Wing oder auch Low-Kite \ud83e\ude82 \u2013 entwickelt.Ausgestattet mit einem ergonomischen Haken erm\u00f6glicht Ihnen dieses System, dass keine Leinen oder Tampen an Ihrer Bar befestigt sind, und Sie sich direkt in die Bar einhaken k\u00f6nnen.Wenn Sie den Haken nicht verwenden, k\u00f6nnen Sie ihn einfach auf der magnetischen Halterung Ihres G\u00fcrtels verstauen \ud83e\uddf2 Funktioniert auch im WINGFOIL (nur mit Boom)! Optionen (zur Auswahl): \ud83e\ude9d Hakenform: Gerade: kompatibel mit den meisten Wings auf dem Markt. Gebogen: speziell f\u00fcr POW FLYSURFER\u00ae. \ud83d\udccf Einstellung der Leinenl\u00e4nge Fix: Einstellung an Land durch einen einfachen Knoten. W\u00e4hrend der Fahrt verstellbar: mit CLAMCLEAT\u00ae-Klemme zur Einstellung in wenigen Sekunden. \ud83d\udcd0 Gurtf\u00fchrung (H\u00fcftgurt) 3 H\u00f6hen \u00d7 2 St\u00e4rken verf\u00fcgbar \u2014 w\u00e4hlen Sie die Gr\u00f6\u00dfe, die zu Ihrem Gurt (Trapez, H\u00fcftgurt usw.) passt. \ud83d\udce6 Inhalt des Kits Magnetischer Haken + magnetische Halterung f\u00fcr den G\u00fcrtel Leine (fix oder verstellbar) + ca. 1 m Tampen (kann nach Wunsch gek\u00fcrzt werden) \u26a0\ufe0f Trapez\/Gurt nicht enthalten \u2014 auf den Fotos nur zu Illustrationszwecken dargestellt. \ud83d\udee0\ufe0f Teile werden in unserer Werkstatt in Brest hergestellt. \u2709\ufe0f Spezielle Gurtma\u00dfe? Ma\u00dfanfertigung m\u00f6glich \u2014 kontaktieren Sie uns. Hinweise: \ud83e\uddf2 Vermeiden Sie es, den Magneten elektronischen Ger\u00e4ten auszusetzen!<\/p>\n","protected":false},"featured_media":16906,"comment_status":"open","ping_status":"closed","template":"","meta":{"site-sidebar-layout":"default","site-content-layout":"","ast-site-content-layout":"default","site-content-style":"default","site-sidebar-style":"default","ast-global-header-display":"","ast-banner-title-visibility":"","ast-main-header-display":"","ast-hfb-above-header-display":"","ast-hfb-below-header-display":"","ast-hfb-mobile-header-display":"","site-post-title":"","ast-breadcrumbs-content":"","ast-featured-img":"","footer-sml-layout":"","ast-disable-related-posts":"","theme-transparent-header-meta":"default","adv-header-id-meta":"","stick-header-meta":"","header-above-stick-meta":"","header-main-stick-meta":"","header-below-stick-meta":"","astra-migrate-meta-layouts":"default","ast-page-background-enabled":"default","ast-page-background-meta":{"desktop":{"background-color":"var(--ast-global-color-4)","background-image":"","background-repeat":"repeat","background-position":"center center","background-size":"auto","background-attachment":"scroll","background-type":"","background-media":"","overlay-type":"","overlay-color":"","overlay-opacity":"","overlay-gradient":""},"tablet":{"background-color":"","background-image":"","background-repeat":"repeat","background-position":"center center","background-size":"auto","background-attachment":"scroll","background-type":"","background-media":"","overlay-type":"","overlay-color":"","overlay-opacity":"","overlay-gradient":""},"mobile":{"background-color":"","background-image":"","background-repeat":"repeat","background-position":"center center","background-size":"auto","background-attachment":"scroll","background-type":"","background-media":"","overlay-type":"","overlay-color":"","overlay-opacity":"","overlay-gradient":""}},"ast-content-background-meta":{"desktop":{"background-color":"var(--ast-global-color-5)","background-image":"","background-repeat":"repeat","background-position":"center center","background-size":"auto","background-attachment":"scroll","background-type":"","background-media":"","overlay-type":"","overlay-color":"","overlay-opacity":"","overlay-gradient":""},"tablet":{"background-color":"var(--ast-global-color-5)","background-image":"","background-repeat":"repeat","background-position":"center center","background-size":"auto","background-attachment":"scroll","background-type":"","background-media":"","overlay-type":"","overlay-color":"","overlay-opacity":"","overlay-gradient":""},"mobile":{"background-color":"var(--ast-global-color-5)","background-image":"","background-repeat":"repeat","background-position":"center center","background-size":"auto","background-attachment":"scroll","background-type":"","background-media":"","overlay-type":"","overlay-color":"","overlay-opacity":"","overlay-gradient":""}}},"product_brand":[],"product_cat":[207],"product_tag":[],"class_list":{"0":"post-16898","1":"product","2":"type-product","3":"status-publish","4":"has-post-thumbnail","6":"product_cat-parawing-zubehoer","7":"desktop-align-center","8":"tablet-align-left","9":"mobile-align-left","10":"tm-no-options","12":"first","13":"instock","14":"taxable","15":"shipping-taxable","16":"purchasable","17":"product-type-variable"},"yoast_head":"<!-- This site is optimized with the Yoast SEO plugin v27.3 - https:\/\/yoast.com\/product\/yoast-seo-wordpress\/ -->\n<title>Trapezleinen \u2013 PARAWING - KPARTS WATERSPORTS<\/title>\n<meta name=\"robots\" content=\"index, follow, max-snippet:-1, max-image-preview:large, max-video-preview:-1\" \/>\n<link rel=\"canonical\" href=\"https:\/\/kparts-watersports.com\/de\/produit\/trapezleinen-parawing\/\" \/>\n<meta property=\"og:locale\" content=\"de_DE\" \/>\n<meta property=\"og:type\" content=\"article\" \/>\n<meta property=\"og:title\" content=\"Trapezleinen \u2013 PARAWING - KPARTS WATERSPORTS\" \/>\n<meta property=\"og:description\" content=\"Wir haben dieses Trapezleinensystem f\u00fcr die Parawing-Praxis \u2013 Pocket Wing oder auch Low-Kite \ud83e\ude82 \u2013 entwickelt.Ausgestattet mit einem ergonomischen Haken erm\u00f6glicht Ihnen dieses System, dass keine Leinen oder Tampen an Ihrer Bar befestigt sind, und Sie sich direkt in die Bar einhaken k\u00f6nnen.Wenn Sie den Haken nicht verwenden, k\u00f6nnen Sie ihn einfach auf der magnetischen Halterung Ihres G\u00fcrtels verstauen \ud83e\uddf2 Funktioniert auch im WINGFOIL (nur mit Boom)! Optionen (zur Auswahl): \ud83e\ude9d Hakenform: Gerade: kompatibel mit den meisten Wings auf dem Markt. Gebogen: speziell f\u00fcr POW FLYSURFER\u00ae. \ud83d\udccf Einstellung der Leinenl\u00e4nge Fix: Einstellung an Land durch einen einfachen Knoten. W\u00e4hrend der Fahrt verstellbar: mit CLAMCLEAT\u00ae-Klemme zur Einstellung in wenigen Sekunden. \ud83d\udcd0 Gurtf\u00fchrung (H\u00fcftgurt) 3 H\u00f6hen \u00d7 2 St\u00e4rken verf\u00fcgbar \u2014 w\u00e4hlen Sie die Gr\u00f6\u00dfe, die zu Ihrem Gurt (Trapez, H\u00fcftgurt usw.) passt. \ud83d\udce6 Inhalt des Kits Magnetischer Haken + magnetische Halterung f\u00fcr den G\u00fcrtel Leine (fix oder verstellbar) + ca. 1 m Tampen (kann nach Wunsch gek\u00fcrzt werden) \u26a0\ufe0f Trapez\/Gurt nicht enthalten \u2014 auf den Fotos nur zu Illustrationszwecken dargestellt. \ud83d\udee0\ufe0f Teile werden in unserer Werkstatt in Brest hergestellt. \u2709\ufe0f Spezielle Gurtma\u00dfe? Ma\u00dfanfertigung m\u00f6glich \u2014 kontaktieren Sie uns. Hinweise: \ud83e\uddf2 Vermeiden Sie es, den Magneten elektronischen Ger\u00e4ten auszusetzen!\" \/>\n<meta property=\"og:url\" content=\"https:\/\/kparts-watersports.com\/de\/produit\/trapezleinen-parawing\/\" \/>\n<meta property=\"og:site_name\" content=\"KPARTS WATERSPORTS\" \/>\n<meta property=\"article:publisher\" content=\"https:\/\/www.facebook.com\/people\/AP-3D-Custom\/100076804732870\/\" \/>\n<meta property=\"article:modified_time\" content=\"2026-04-23T15:16:26+00:00\" \/>\n<meta property=\"og:image\" content=\"https:\/\/kparts-watersports.com\/wp-content\/uploads\/2025\/08\/Miniature-YOUTUBE.jpg\" \/>\n\t<meta property=\"og:image:width\" content=\"1280\" \/>\n\t<meta property=\"og:image:height\" content=\"720\" \/>\n\t<meta property=\"og:image:type\" content=\"image\/jpeg\" \/>\n<meta name=\"twitter:card\" content=\"summary_large_image\" \/>\n<meta name=\"twitter:label1\" content=\"Gesch\u00e4tzte Lesezeit\" \/>\n\t<meta name=\"twitter:data1\" content=\"1 minute\" \/>\n<script type=\"application\/ld+json\" class=\"yoast-schema-graph\">{\"@context\":\"https:\\\/\\\/schema.org\",\"@graph\":[{\"@type\":\"WebPage\",\"@id\":\"https:\\\/\\\/kparts-watersports.com\\\/de\\\/produit\\\/trapezleinen-parawing\\\/\",\"url\":\"https:\\\/\\\/kparts-watersports.com\\\/de\\\/produit\\\/trapezleinen-parawing\\\/\",\"name\":\"Trapezleinen \u2013 PARAWING - KPARTS WATERSPORTS\",\"isPartOf\":{\"@id\":\"https:\\\/\\\/blanchedalmond-oryx-541128.hostingersite.com\\\/#website\"},\"primaryImageOfPage\":{\"@id\":\"https:\\\/\\\/kparts-watersports.com\\\/de\\\/produit\\\/trapezleinen-parawing\\\/#primaryimage\"},\"image\":{\"@id\":\"https:\\\/\\\/kparts-watersports.com\\\/de\\\/produit\\\/trapezleinen-parawing\\\/#primaryimage\"},\"thumbnailUrl\":\"https:\\\/\\\/kparts-watersports.com\\\/wp-content\\\/uploads\\\/2025\\\/08\\\/Miniature-YOUTUBE.jpg\",\"datePublished\":\"2025-08-24T11:53:40+00:00\",\"dateModified\":\"2026-04-23T15:16:26+00:00\",\"breadcrumb\":{\"@id\":\"https:\\\/\\\/kparts-watersports.com\\\/de\\\/produit\\\/trapezleinen-parawing\\\/#breadcrumb\"},\"inLanguage\":\"de-DE\",\"potentialAction\":[{\"@type\":\"ReadAction\",\"target\":[\"https:\\\/\\\/kparts-watersports.com\\\/de\\\/produit\\\/trapezleinen-parawing\\\/\"]}]},{\"@type\":\"ImageObject\",\"inLanguage\":\"de-DE\",\"@id\":\"https:\\\/\\\/kparts-watersports.com\\\/de\\\/produit\\\/trapezleinen-parawing\\\/#primaryimage\",\"url\":\"https:\\\/\\\/kparts-watersports.com\\\/wp-content\\\/uploads\\\/2025\\\/08\\\/Miniature-YOUTUBE.jpg\",\"contentUrl\":\"https:\\\/\\\/kparts-watersports.com\\\/wp-content\\\/uploads\\\/2025\\\/08\\\/Miniature-YOUTUBE.jpg\",\"width\":1280,\"height\":720},{\"@type\":\"BreadcrumbList\",\"@id\":\"https:\\\/\\\/kparts-watersports.com\\\/de\\\/produit\\\/trapezleinen-parawing\\\/#breadcrumb\",\"itemListElement\":[{\"@type\":\"ListItem\",\"position\":1,\"name\":\"Accueil\",\"item\":\"https:\\\/\\\/kparts-watersports.com\\\/de\\\/accueil\\\/\"},{\"@type\":\"ListItem\",\"position\":2,\"name\":\"Shop\",\"item\":\"https:\\\/\\\/kparts-watersports.com\\\/boutique-w\\\/\"},{\"@type\":\"ListItem\",\"position\":3,\"name\":\"Trapezleinen \u2013 PARAWING\"}]},{\"@type\":\"WebSite\",\"@id\":\"https:\\\/\\\/blanchedalmond-oryx-541128.hostingersite.com\\\/#website\",\"url\":\"https:\\\/\\\/blanchedalmond-oryx-541128.hostingersite.com\\\/\",\"name\":\"KPARTS WATERSPORTS\",\"description\":\"Accessoires custom pour sports nautiques\",\"publisher\":{\"@id\":\"https:\\\/\\\/blanchedalmond-oryx-541128.hostingersite.com\\\/#organization\"},\"potentialAction\":[{\"@type\":\"SearchAction\",\"target\":{\"@type\":\"EntryPoint\",\"urlTemplate\":\"https:\\\/\\\/blanchedalmond-oryx-541128.hostingersite.com\\\/?s={search_term_string}\"},\"query-input\":{\"@type\":\"PropertyValueSpecification\",\"valueRequired\":true,\"valueName\":\"search_term_string\"}}],\"inLanguage\":\"de-DE\"},{\"@type\":\"Organization\",\"@id\":\"https:\\\/\\\/blanchedalmond-oryx-541128.hostingersite.com\\\/#organization\",\"name\":\"KPARTS WATERSPORTS\",\"url\":\"https:\\\/\\\/blanchedalmond-oryx-541128.hostingersite.com\\\/\",\"logo\":{\"@type\":\"ImageObject\",\"inLanguage\":\"de-DE\",\"@id\":\"https:\\\/\\\/blanchedalmond-oryx-541128.hostingersite.com\\\/#\\\/schema\\\/logo\\\/image\\\/\",\"url\":\"https:\\\/\\\/kparts-watersports.ovh\\\/wp-content\\\/uploads\\\/2024\\\/09\\\/Kparts-Logo-Favicon.jpg\",\"contentUrl\":\"https:\\\/\\\/kparts-watersports.ovh\\\/wp-content\\\/uploads\\\/2024\\\/09\\\/Kparts-Logo-Favicon.jpg\",\"width\":600,\"height\":600,\"caption\":\"KPARTS WATERSPORTS\"},\"image\":{\"@id\":\"https:\\\/\\\/blanchedalmond-oryx-541128.hostingersite.com\\\/#\\\/schema\\\/logo\\\/image\\\/\"},\"sameAs\":[\"https:\\\/\\\/www.facebook.com\\\/people\\\/AP-3D-Custom\\\/100076804732870\\\/\",\"https:\\\/\\\/www.instagram.com\\\/ap3dcustom\\\/\"]}]}<\/script>\n<!-- \/ Yoast SEO plugin. -->","yoast_head_json":{"title":"Trapezleinen \u2013 PARAWING - KPARTS WATERSPORTS","robots":{"index":"index","follow":"follow","max-snippet":"max-snippet:-1","max-image-preview":"max-image-preview:large","max-video-preview":"max-video-preview:-1"},"canonical":"https:\/\/kparts-watersports.com\/de\/produit\/trapezleinen-parawing\/","og_locale":"de_DE","og_type":"article","og_title":"Trapezleinen \u2013 PARAWING - KPARTS WATERSPORTS","og_description":"Wir haben dieses Trapezleinensystem f\u00fcr die Parawing-Praxis \u2013 Pocket Wing oder auch Low-Kite \ud83e\ude82 \u2013 entwickelt.Ausgestattet mit einem ergonomischen Haken erm\u00f6glicht Ihnen dieses System, dass keine Leinen oder Tampen an Ihrer Bar befestigt sind, und Sie sich direkt in die Bar einhaken k\u00f6nnen.Wenn Sie den Haken nicht verwenden, k\u00f6nnen Sie ihn einfach auf der magnetischen Halterung Ihres G\u00fcrtels verstauen \ud83e\uddf2 Funktioniert auch im WINGFOIL (nur mit Boom)! Optionen (zur Auswahl): \ud83e\ude9d Hakenform: Gerade: kompatibel mit den meisten Wings auf dem Markt. Gebogen: speziell f\u00fcr POW FLYSURFER\u00ae. \ud83d\udccf Einstellung der Leinenl\u00e4nge Fix: Einstellung an Land durch einen einfachen Knoten. W\u00e4hrend der Fahrt verstellbar: mit CLAMCLEAT\u00ae-Klemme zur Einstellung in wenigen Sekunden. \ud83d\udcd0 Gurtf\u00fchrung (H\u00fcftgurt) 3 H\u00f6hen \u00d7 2 St\u00e4rken verf\u00fcgbar \u2014 w\u00e4hlen Sie die Gr\u00f6\u00dfe, die zu Ihrem Gurt (Trapez, H\u00fcftgurt usw.) passt. \ud83d\udce6 Inhalt des Kits Magnetischer Haken + magnetische Halterung f\u00fcr den G\u00fcrtel Leine (fix oder verstellbar) + ca. 1 m Tampen (kann nach Wunsch gek\u00fcrzt werden) \u26a0\ufe0f Trapez\/Gurt nicht enthalten \u2014 auf den Fotos nur zu Illustrationszwecken dargestellt. \ud83d\udee0\ufe0f Teile werden in unserer Werkstatt in Brest hergestellt. \u2709\ufe0f Spezielle Gurtma\u00dfe? Ma\u00dfanfertigung m\u00f6glich \u2014 kontaktieren Sie uns. Hinweise: \ud83e\uddf2 Vermeiden Sie es, den Magneten elektronischen Ger\u00e4ten auszusetzen!","og_url":"https:\/\/kparts-watersports.com\/de\/produit\/trapezleinen-parawing\/","og_site_name":"KPARTS WATERSPORTS","article_publisher":"https:\/\/www.facebook.com\/people\/AP-3D-Custom\/100076804732870\/","article_modified_time":"2026-04-23T15:16:26+00:00","og_image":[{"width":1280,"height":720,"url":"https:\/\/kparts-watersports.com\/wp-content\/uploads\/2025\/08\/Miniature-YOUTUBE.jpg","type":"image\/jpeg"}],"twitter_card":"summary_large_image","twitter_misc":{"Gesch\u00e4tzte Lesezeit":"1 minute"},"schema":{"@context":"https:\/\/schema.org","@graph":[{"@type":"WebPage","@id":"https:\/\/kparts-watersports.com\/de\/produit\/trapezleinen-parawing\/","url":"https:\/\/kparts-watersports.com\/de\/produit\/trapezleinen-parawing\/","name":"Trapezleinen \u2013 PARAWING - KPARTS WATERSPORTS","isPartOf":{"@id":"https:\/\/blanchedalmond-oryx-541128.hostingersite.com\/#website"},"primaryImageOfPage":{"@id":"https:\/\/kparts-watersports.com\/de\/produit\/trapezleinen-parawing\/#primaryimage"},"image":{"@id":"https:\/\/kparts-watersports.com\/de\/produit\/trapezleinen-parawing\/#primaryimage"},"thumbnailUrl":"https:\/\/kparts-watersports.com\/wp-content\/uploads\/2025\/08\/Miniature-YOUTUBE.jpg","datePublished":"2025-08-24T11:53:40+00:00","dateModified":"2026-04-23T15:16:26+00:00","breadcrumb":{"@id":"https:\/\/kparts-watersports.com\/de\/produit\/trapezleinen-parawing\/#breadcrumb"},"inLanguage":"de-DE","potentialAction":[{"@type":"ReadAction","target":["https:\/\/kparts-watersports.com\/de\/produit\/trapezleinen-parawing\/"]}]},{"@type":"ImageObject","inLanguage":"de-DE","@id":"https:\/\/kparts-watersports.com\/de\/produit\/trapezleinen-parawing\/#primaryimage","url":"https:\/\/kparts-watersports.com\/wp-content\/uploads\/2025\/08\/Miniature-YOUTUBE.jpg","contentUrl":"https:\/\/kparts-watersports.com\/wp-content\/uploads\/2025\/08\/Miniature-YOUTUBE.jpg","width":1280,"height":720},{"@type":"BreadcrumbList","@id":"https:\/\/kparts-watersports.com\/de\/produit\/trapezleinen-parawing\/#breadcrumb","itemListElement":[{"@type":"ListItem","position":1,"name":"Accueil","item":"https:\/\/kparts-watersports.com\/de\/accueil\/"},{"@type":"ListItem","position":2,"name":"Shop","item":"https:\/\/kparts-watersports.com\/boutique-w\/"},{"@type":"ListItem","position":3,"name":"Trapezleinen \u2013 PARAWING"}]},{"@type":"WebSite","@id":"https:\/\/blanchedalmond-oryx-541128.hostingersite.com\/#website","url":"https:\/\/blanchedalmond-oryx-541128.hostingersite.com\/","name":"KPARTS WATERSPORTS","description":"Accessoires custom pour sports nautiques","publisher":{"@id":"https:\/\/blanchedalmond-oryx-541128.hostingersite.com\/#organization"},"potentialAction":[{"@type":"SearchAction","target":{"@type":"EntryPoint","urlTemplate":"https:\/\/blanchedalmond-oryx-541128.hostingersite.com\/?s={search_term_string}"},"query-input":{"@type":"PropertyValueSpecification","valueRequired":true,"valueName":"search_term_string"}}],"inLanguage":"de-DE"},{"@type":"Organization","@id":"https:\/\/blanchedalmond-oryx-541128.hostingersite.com\/#organization","name":"KPARTS WATERSPORTS","url":"https:\/\/blanchedalmond-oryx-541128.hostingersite.com\/","logo":{"@type":"ImageObject","inLanguage":"de-DE","@id":"https:\/\/blanchedalmond-oryx-541128.hostingersite.com\/#\/schema\/logo\/image\/","url":"https:\/\/kparts-watersports.ovh\/wp-content\/uploads\/2024\/09\/Kparts-Logo-Favicon.jpg","contentUrl":"https:\/\/kparts-watersports.ovh\/wp-content\/uploads\/2024\/09\/Kparts-Logo-Favicon.jpg","width":600,"height":600,"caption":"KPARTS WATERSPORTS"},"image":{"@id":"https:\/\/blanchedalmond-oryx-541128.hostingersite.com\/#\/schema\/logo\/image\/"},"sameAs":["https:\/\/www.facebook.com\/people\/AP-3D-Custom\/100076804732870\/","https:\/\/www.instagram.com\/ap3dcustom\/"]}]}},"jetpack_sharing_enabled":true,"_links":{"self":[{"href":"https:\/\/kparts-watersports.com\/de\/wp-json\/wp\/v2\/product\/16898","targetHints":{"allow":["GET"]}}],"collection":[{"href":"https:\/\/kparts-watersports.com\/de\/wp-json\/wp\/v2\/product"}],"about":[{"href":"https:\/\/kparts-watersports.com\/de\/wp-json\/wp\/v2\/types\/product"}],"replies":[{"embeddable":true,"href":"https:\/\/kparts-watersports.com\/de\/wp-json\/wp\/v2\/comments?post=16898"}],"wp:featuredmedia":[{"embeddable":true,"href":"https:\/\/kparts-watersports.com\/de\/wp-json\/wp\/v2\/media\/16906"}],"wp:attachment":[{"href":"https:\/\/kparts-watersports.com\/de\/wp-json\/wp\/v2\/media?parent=16898"}],"wp:term":[{"taxonomy":"product_brand","embeddable":true,"href":"https:\/\/kparts-watersports.com\/de\/wp-json\/wp\/v2\/product_brand?post=16898"},{"taxonomy":"product_cat","embeddable":true,"href":"https:\/\/kparts-watersports.com\/de\/wp-json\/wp\/v2\/product_cat?post=16898"},{"taxonomy":"product_tag","embeddable":true,"href":"https:\/\/kparts-watersports.com\/de\/wp-json\/wp\/v2\/product_tag?post=16898"}],"curies":[{"name":"wp","href":"https:\/\/api.w.org\/{rel}","templated":true}]}}