{"id":16937,"date":"2025-11-08T11:53:20","date_gmt":"2025-11-08T10:53:20","guid":{"rendered":"https:\/\/kparts-watersports.com\/produit\/frontfluegel-skal\/"},"modified":"2026-04-23T17:51:19","modified_gmt":"2026-04-23T15:51:19","slug":"frontfluegel-skal","status":"publish","type":"product","link":"https:\/\/kparts-watersports.com\/de\/produit\/frontfluegel-skal\/","title":{"rendered":"Frontfl\u00fcgel \u2013 SKAL"},"content":{"rendered":"<h5 data-start=\"5479\" data-end=\"5539\"><strong>\ud83d\ude9a Auf Lager \u2013 Bearbeitungs- &amp; Versandzeit: 5 Tage<\/strong><\/h5>\n<p>&nbsp;<\/p>\n<p>Die SKAL-Serie wurde mit einem Ziel entwickelt: Ihnen ein Foil mit einzigartigem Fahrgef\u00fchl zu bieten \u2013 schnell, wendig und mit au\u00dfergew\u00f6hnlicher <strong>Gleiteigenschaft<\/strong>.<\/p>\n<p>Mit einem Aspect <strong>Ratio von 9,5 (10,7 bei der 1150)<\/strong> bietet er einen hervorragenden Kompromiss aus Wendigkeit, Gleitf\u00e4higkeit und Pumping-Leistung. Dadurch ist der SKAL ein <strong>vielseitiges Foil<\/strong>, das in allen Disziplinen \u00fcberzeugt: <strong>Wingfoil, Surf Foil und Pocket Wing.<\/strong><\/p>\n<p>Seine charakteristische Outline verleiht ihm eine hohe <strong>L\u00e4ngsstabilit\u00e4t<\/strong> (im Pitch), w\u00e4hrend das Foil gleichzeitig durch eine sehr freie Bewegung in Roll- und Gierachse \u00fcberzeugt. Dies wird durch eine sorgf\u00e4ltige Optimierung der Tips, ihrer Feinheit sowie der Profilverwindung (Twist) erreicht: <strong>Der SKAL leitet Kurven ohne Widerstand ein und wechselt flie\u00dfend von einer Kante zur anderen.<\/strong><\/p>\n<p>Mit dem <strong>SKAL <\/strong>k\u00f6nnen Sie geschmeidige Kurven fahren und gleichzeitig von effizientem <strong>Gleiten <\/strong>und effektivem <strong>Pumping <\/strong>profitieren, um wieder anzuschlie\u00dfen und endlos weiterzufahren.<\/p>\n<p>Die Pitch-Stabilit\u00e4t des <strong>SKAL <\/strong>verhindert jegliches \u201ePorpoising\u201c (Nicken) bei niedrigen und mittleren Geschwindigkeiten \u2013 sowohl im Surf als auch im Freeride und Freefly. Sie erm\u00f6glicht au\u00dferdem ein effizientes Aufkreuzen gegen den Wind, indem sie eine stabile Gegenkr\u00e4ngung und einen konstanten Druck auf dem Fl\u00fcgel aufrechterh\u00e4lt. <\/p>\n<p>Dank einer intensiven Entwicklung des Profils kombinieren unsere Fl\u00fcgel einen fr\u00fchen Lift (bei gleichzeitig reduziertem Aufb\u00e4umen), ein geschmeidiges Gleiten im Cruising, eine geringere Belastung des vorderen Fu\u00dfes bei hohen Geschwindigkeiten sowie eine absolute Laufruhe \u2013 unabh\u00e4ngig von der Geschwindigkeit.<\/p>\n<p>Den <strong>SKAL <\/strong>zu w\u00e4hlen bedeutet, sich f\u00fcr <strong>VIELSEITIGKEIT <\/strong>zu entscheiden \u2013 ohne Kompromisse bei der <strong>PERFORMANCE<\/strong>.<\/p>\n<p><strong>\ud83c\uddeb\ud83c\uddf7 Hergestellt in Saint-Malo<\/strong> in der Lok\u00e9foil-Werkstatt profitieren unsere Fl\u00fcgel vom Composite-Know-how der Marke und bieten eine leichte und <strong>zugleich steife Konstruktion.<\/strong><\/p>\n<p>Unsere <strong>SKAL<\/strong>-Fl\u00fcgel k\u00f6nnen mit unseren KPARTS-Masten (Alu und Carbon) <strong>verwendet werden, aber auch mit AFS\u00ae- und ALLURE\u00ae<\/strong>-Masten dank spezieller <a href=\"https:\/\/kparts-watersports.com\/de\/produktkategorie\/foils\/fuselagen\/\">Fuselages<\/a>, die in der entsprechenden Kategorie erh\u00e4ltlich sind.<\/p>\n<div>\n<div>\n<div>\n<table>\n<colgroup>\n<col>\n<col>\n<col>\n<col>\n<col>\n<col><\/colgroup>\n<tbody>\n<tr>\n<td>SKAL-Fl\u00fcgel<\/td>\n<td>570<\/td>\n<td>690<\/td>\n<td>840<\/td>\n<td>990<\/td>\n<td>1150<\/td>\n<\/tr>\n<tr>\n<td>Spannweite<\/td>\n<td>77cm<\/td>\n<td>81cm<\/td>\n<td>89cm<\/td>\n<td>97cm<\/td>\n<td>111cm<\/td>\n<\/tr>\n<tr>\n<td>AR<\/td>\n<td>10,4<\/td>\n<td>9,5<\/td>\n<td>9,5<\/td>\n<td>9,5<\/td>\n<td>10,7<\/td>\n<\/tr>\n<tr>\n<td>Maximale Dicke<\/td>\n<td>12mm<\/td>\n<td>12.5mm<\/td>\n<td>14mm<\/td>\n<td>14.9mm<\/td>\n<td>15.3mm<\/td>\n<\/tr>\n<\/tbody>\n<\/table>\n<\/div>\n<\/div>\n<\/div>\n<p>&nbsp;<\/p>\n","protected":false},"excerpt":{"rendered":"<p>\ud83d\ude9a Auf Lager \u2013 Bearbeitungs- &amp; Versandzeit: 5 Tage &nbsp; Die SKAL-Serie wurde mit einem Ziel entwickelt: Ihnen ein Foil mit einzigartigem Fahrgef\u00fchl zu bieten \u2013 schnell, wendig und mit au\u00dfergew\u00f6hnlicher Gleiteigenschaft. Mit einem Aspect Ratio von 9,5 (10,7 bei der 1150) bietet er einen hervorragenden Kompromiss aus Wendigkeit, Gleitf\u00e4higkeit und Pumping-Leistung. Dadurch ist der SKAL ein vielseitiges Foil, das in allen Disziplinen \u00fcberzeugt: Wingfoil, Surf Foil und Pocket Wing. Seine charakteristische Outline verleiht ihm eine hohe L\u00e4ngsstabilit\u00e4t (im Pitch), w\u00e4hrend das Foil gleichzeitig durch eine sehr freie Bewegung in Roll- und Gierachse \u00fcberzeugt. Dies wird durch eine sorgf\u00e4ltige Optimierung der Tips, ihrer Feinheit sowie der Profilverwindung (Twist) erreicht: Der SKAL leitet Kurven ohne Widerstand ein und wechselt flie\u00dfend von einer Kante zur anderen. Mit dem SKAL k\u00f6nnen Sie geschmeidige Kurven fahren und gleichzeitig von effizientem Gleiten und effektivem Pumping profitieren, um wieder anzuschlie\u00dfen und endlos weiterzufahren. Die Pitch-Stabilit\u00e4t des SKAL verhindert jegliches \u201ePorpoising\u201c (Nicken) bei niedrigen und mittleren Geschwindigkeiten \u2013 sowohl im Surf als auch im Freeride und Freefly. Sie erm\u00f6glicht au\u00dferdem ein effizientes Aufkreuzen gegen den Wind, indem sie eine stabile Gegenkr\u00e4ngung und einen konstanten Druck auf dem Fl\u00fcgel aufrechterh\u00e4lt. Dank einer intensiven Entwicklung des Profils kombinieren unsere Fl\u00fcgel einen fr\u00fchen Lift (bei gleichzeitig reduziertem Aufb\u00e4umen), ein geschmeidiges Gleiten im Cruising, eine geringere Belastung des vorderen Fu\u00dfes bei hohen Geschwindigkeiten sowie eine absolute Laufruhe \u2013 unabh\u00e4ngig von der Geschwindigkeit. Den SKAL zu w\u00e4hlen bedeutet, sich f\u00fcr VIELSEITIGKEIT zu entscheiden \u2013 ohne Kompromisse bei der PERFORMANCE. \ud83c\uddeb\ud83c\uddf7 Hergestellt in Saint-Malo in der Lok\u00e9foil-Werkstatt profitieren unsere Fl\u00fcgel vom Composite-Know-how der Marke und bieten eine leichte und zugleich steife Konstruktion. Unsere SKAL-Fl\u00fcgel k\u00f6nnen mit unseren KPARTS-Masten (Alu und Carbon) verwendet werden, aber auch mit AFS\u00ae- und ALLURE\u00ae-Masten dank spezieller Fuselages, die in der entsprechenden Kategorie erh\u00e4ltlich sind. SKAL-Fl\u00fcgel 570 690 840 990 1150 Spannweite 77cm 81cm 89cm 97cm 111cm AR 10,4 9,5 9,5 9,5 10,7 Maximale Dicke 12mm 12.5mm 14mm 14.9mm 15.3mm &nbsp;<\/p>\n","protected":false},"featured_media":16952,"comment_status":"open","ping_status":"closed","template":"","meta":{"site-sidebar-layout":"default","site-content-layout":"","ast-site-content-layout":"default","site-content-style":"default","site-sidebar-style":"default","ast-global-header-display":"","ast-banner-title-visibility":"","ast-main-header-display":"","ast-hfb-above-header-display":"","ast-hfb-below-header-display":"","ast-hfb-mobile-header-display":"","site-post-title":"","ast-breadcrumbs-content":"","ast-featured-img":"","footer-sml-layout":"","ast-disable-related-posts":"","theme-transparent-header-meta":"default","adv-header-id-meta":"","stick-header-meta":"","header-above-stick-meta":"","header-main-stick-meta":"","header-below-stick-meta":"","astra-migrate-meta-layouts":"default","ast-page-background-enabled":"default","ast-page-background-meta":{"desktop":{"background-color":"var(--ast-global-color-4)","background-image":"","background-repeat":"repeat","background-position":"center center","background-size":"auto","background-attachment":"scroll","background-type":"","background-media":"","overlay-type":"","overlay-color":"","overlay-opacity":"","overlay-gradient":""},"tablet":{"background-color":"","background-image":"","background-repeat":"repeat","background-position":"center center","background-size":"auto","background-attachment":"scroll","background-type":"","background-media":"","overlay-type":"","overlay-color":"","overlay-opacity":"","overlay-gradient":""},"mobile":{"background-color":"","background-image":"","background-repeat":"repeat","background-position":"center center","background-size":"auto","background-attachment":"scroll","background-type":"","background-media":"","overlay-type":"","overlay-color":"","overlay-opacity":"","overlay-gradient":""}},"ast-content-background-meta":{"desktop":{"background-color":"var(--ast-global-color-5)","background-image":"","background-repeat":"repeat","background-position":"center center","background-size":"auto","background-attachment":"scroll","background-type":"","background-media":"","overlay-type":"","overlay-color":"","overlay-opacity":"","overlay-gradient":""},"tablet":{"background-color":"var(--ast-global-color-5)","background-image":"","background-repeat":"repeat","background-position":"center center","background-size":"auto","background-attachment":"scroll","background-type":"","background-media":"","overlay-type":"","overlay-color":"","overlay-opacity":"","overlay-gradient":""},"mobile":{"background-color":"var(--ast-global-color-5)","background-image":"","background-repeat":"repeat","background-position":"center center","background-size":"auto","background-attachment":"scroll","background-type":"","background-media":"","overlay-type":"","overlay-color":"","overlay-opacity":"","overlay-gradient":""}}},"product_brand":[],"product_cat":[211,220],"product_tag":[],"class_list":{"0":"post-16937","1":"product","2":"type-product","3":"status-publish","4":"has-post-thumbnail","6":"product_cat-foils","7":"product_cat-frontwings-de","8":"product_shipping_class-schwere-oder-sperrige-produkte","9":"desktop-align-center","10":"tablet-align-left","11":"mobile-align-left","12":"tm-no-options","14":"first","15":"instock","16":"taxable","17":"shipping-taxable","18":"purchasable","19":"product-type-variable"},"yoast_head":"<!-- This site is optimized with the Yoast SEO plugin v27.3 - https:\/\/yoast.com\/product\/yoast-seo-wordpress\/ -->\n<title>Frontfl\u00fcgel \u2013 SKAL - KPARTS WATERSPORTS<\/title>\n<meta name=\"robots\" content=\"index, follow, max-snippet:-1, max-image-preview:large, max-video-preview:-1\" \/>\n<link rel=\"canonical\" href=\"https:\/\/kparts-watersports.com\/de\/produit\/frontfluegel-skal\/\" \/>\n<meta property=\"og:locale\" content=\"de_DE\" \/>\n<meta property=\"og:type\" content=\"article\" \/>\n<meta property=\"og:title\" content=\"Frontfl\u00fcgel \u2013 SKAL - KPARTS WATERSPORTS\" \/>\n<meta property=\"og:description\" content=\"\ud83d\ude9a Auf Lager \u2013 Bearbeitungs- &amp; Versandzeit: 5 Tage &nbsp; Die SKAL-Serie wurde mit einem Ziel entwickelt: Ihnen ein Foil mit einzigartigem Fahrgef\u00fchl zu bieten \u2013 schnell, wendig und mit au\u00dfergew\u00f6hnlicher Gleiteigenschaft. Mit einem Aspect Ratio von 9,5 (10,7 bei der 1150) bietet er einen hervorragenden Kompromiss aus Wendigkeit, Gleitf\u00e4higkeit und Pumping-Leistung. Dadurch ist der SKAL ein vielseitiges Foil, das in allen Disziplinen \u00fcberzeugt: Wingfoil, Surf Foil und Pocket Wing. Seine charakteristische Outline verleiht ihm eine hohe L\u00e4ngsstabilit\u00e4t (im Pitch), w\u00e4hrend das Foil gleichzeitig durch eine sehr freie Bewegung in Roll- und Gierachse \u00fcberzeugt. Dies wird durch eine sorgf\u00e4ltige Optimierung der Tips, ihrer Feinheit sowie der Profilverwindung (Twist) erreicht: Der SKAL leitet Kurven ohne Widerstand ein und wechselt flie\u00dfend von einer Kante zur anderen. Mit dem SKAL k\u00f6nnen Sie geschmeidige Kurven fahren und gleichzeitig von effizientem Gleiten und effektivem Pumping profitieren, um wieder anzuschlie\u00dfen und endlos weiterzufahren. Die Pitch-Stabilit\u00e4t des SKAL verhindert jegliches \u201ePorpoising\u201c (Nicken) bei niedrigen und mittleren Geschwindigkeiten \u2013 sowohl im Surf als auch im Freeride und Freefly. Sie erm\u00f6glicht au\u00dferdem ein effizientes Aufkreuzen gegen den Wind, indem sie eine stabile Gegenkr\u00e4ngung und einen konstanten Druck auf dem Fl\u00fcgel aufrechterh\u00e4lt. Dank einer intensiven Entwicklung des Profils kombinieren unsere Fl\u00fcgel einen fr\u00fchen Lift (bei gleichzeitig reduziertem Aufb\u00e4umen), ein geschmeidiges Gleiten im Cruising, eine geringere Belastung des vorderen Fu\u00dfes bei hohen Geschwindigkeiten sowie eine absolute Laufruhe \u2013 unabh\u00e4ngig von der Geschwindigkeit. Den SKAL zu w\u00e4hlen bedeutet, sich f\u00fcr VIELSEITIGKEIT zu entscheiden \u2013 ohne Kompromisse bei der PERFORMANCE. \ud83c\uddeb\ud83c\uddf7 Hergestellt in Saint-Malo in der Lok\u00e9foil-Werkstatt profitieren unsere Fl\u00fcgel vom Composite-Know-how der Marke und bieten eine leichte und zugleich steife Konstruktion. Unsere SKAL-Fl\u00fcgel k\u00f6nnen mit unseren KPARTS-Masten (Alu und Carbon) verwendet werden, aber auch mit AFS\u00ae- und ALLURE\u00ae-Masten dank spezieller Fuselages, die in der entsprechenden Kategorie erh\u00e4ltlich sind. SKAL-Fl\u00fcgel 570 690 840 990 1150 Spannweite 77cm 81cm 89cm 97cm 111cm AR 10,4 9,5 9,5 9,5 10,7 Maximale Dicke 12mm 12.5mm 14mm 14.9mm 15.3mm &nbsp;\" \/>\n<meta property=\"og:url\" content=\"https:\/\/kparts-watersports.com\/de\/produit\/frontfluegel-skal\/\" \/>\n<meta property=\"og:site_name\" content=\"KPARTS WATERSPORTS\" \/>\n<meta property=\"article:publisher\" content=\"https:\/\/www.facebook.com\/people\/AP-3D-Custom\/100076804732870\/\" \/>\n<meta property=\"article:modified_time\" content=\"2026-04-23T15:51:19+00:00\" \/>\n<meta property=\"og:image\" content=\"https:\/\/kparts-watersports.com\/wp-content\/uploads\/2025\/11\/KPARTS_wing_SKAL_new_2.webp\" \/>\n\t<meta property=\"og:image:width\" content=\"600\" \/>\n\t<meta property=\"og:image:height\" content=\"600\" \/>\n\t<meta property=\"og:image:type\" content=\"image\/webp\" \/>\n<meta name=\"twitter:card\" content=\"summary_large_image\" \/>\n<meta name=\"twitter:label1\" content=\"Gesch\u00e4tzte Lesezeit\" \/>\n\t<meta name=\"twitter:data1\" content=\"2 minutes\" \/>\n<script type=\"application\/ld+json\" class=\"yoast-schema-graph\">{\"@context\":\"https:\\\/\\\/schema.org\",\"@graph\":[{\"@type\":\"WebPage\",\"@id\":\"https:\\\/\\\/kparts-watersports.com\\\/de\\\/produit\\\/frontfluegel-skal\\\/\",\"url\":\"https:\\\/\\\/kparts-watersports.com\\\/de\\\/produit\\\/frontfluegel-skal\\\/\",\"name\":\"Frontfl\u00fcgel \u2013 SKAL - KPARTS WATERSPORTS\",\"isPartOf\":{\"@id\":\"https:\\\/\\\/blanchedalmond-oryx-541128.hostingersite.com\\\/#website\"},\"primaryImageOfPage\":{\"@id\":\"https:\\\/\\\/kparts-watersports.com\\\/de\\\/produit\\\/frontfluegel-skal\\\/#primaryimage\"},\"image\":{\"@id\":\"https:\\\/\\\/kparts-watersports.com\\\/de\\\/produit\\\/frontfluegel-skal\\\/#primaryimage\"},\"thumbnailUrl\":\"https:\\\/\\\/kparts-watersports.com\\\/wp-content\\\/uploads\\\/2025\\\/11\\\/KPARTS_wing_SKAL_new_2.webp\",\"datePublished\":\"2025-11-08T10:53:20+00:00\",\"dateModified\":\"2026-04-23T15:51:19+00:00\",\"breadcrumb\":{\"@id\":\"https:\\\/\\\/kparts-watersports.com\\\/de\\\/produit\\\/frontfluegel-skal\\\/#breadcrumb\"},\"inLanguage\":\"de-DE\",\"potentialAction\":[{\"@type\":\"ReadAction\",\"target\":[\"https:\\\/\\\/kparts-watersports.com\\\/de\\\/produit\\\/frontfluegel-skal\\\/\"]}]},{\"@type\":\"ImageObject\",\"inLanguage\":\"de-DE\",\"@id\":\"https:\\\/\\\/kparts-watersports.com\\\/de\\\/produit\\\/frontfluegel-skal\\\/#primaryimage\",\"url\":\"https:\\\/\\\/kparts-watersports.com\\\/wp-content\\\/uploads\\\/2025\\\/11\\\/KPARTS_wing_SKAL_new_2.webp\",\"contentUrl\":\"https:\\\/\\\/kparts-watersports.com\\\/wp-content\\\/uploads\\\/2025\\\/11\\\/KPARTS_wing_SKAL_new_2.webp\",\"width\":600,\"height\":600},{\"@type\":\"BreadcrumbList\",\"@id\":\"https:\\\/\\\/kparts-watersports.com\\\/de\\\/produit\\\/frontfluegel-skal\\\/#breadcrumb\",\"itemListElement\":[{\"@type\":\"ListItem\",\"position\":1,\"name\":\"Accueil\",\"item\":\"https:\\\/\\\/kparts-watersports.com\\\/de\\\/accueil\\\/\"},{\"@type\":\"ListItem\",\"position\":2,\"name\":\"Shop\",\"item\":\"https:\\\/\\\/kparts-watersports.com\\\/boutique-w\\\/\"},{\"@type\":\"ListItem\",\"position\":3,\"name\":\"Frontfl\u00fcgel \u2013 SKAL\"}]},{\"@type\":\"WebSite\",\"@id\":\"https:\\\/\\\/blanchedalmond-oryx-541128.hostingersite.com\\\/#website\",\"url\":\"https:\\\/\\\/blanchedalmond-oryx-541128.hostingersite.com\\\/\",\"name\":\"KPARTS WATERSPORTS\",\"description\":\"Accessoires custom pour sports nautiques\",\"publisher\":{\"@id\":\"https:\\\/\\\/blanchedalmond-oryx-541128.hostingersite.com\\\/#organization\"},\"potentialAction\":[{\"@type\":\"SearchAction\",\"target\":{\"@type\":\"EntryPoint\",\"urlTemplate\":\"https:\\\/\\\/blanchedalmond-oryx-541128.hostingersite.com\\\/?s={search_term_string}\"},\"query-input\":{\"@type\":\"PropertyValueSpecification\",\"valueRequired\":true,\"valueName\":\"search_term_string\"}}],\"inLanguage\":\"de-DE\"},{\"@type\":\"Organization\",\"@id\":\"https:\\\/\\\/blanchedalmond-oryx-541128.hostingersite.com\\\/#organization\",\"name\":\"KPARTS WATERSPORTS\",\"url\":\"https:\\\/\\\/blanchedalmond-oryx-541128.hostingersite.com\\\/\",\"logo\":{\"@type\":\"ImageObject\",\"inLanguage\":\"de-DE\",\"@id\":\"https:\\\/\\\/blanchedalmond-oryx-541128.hostingersite.com\\\/#\\\/schema\\\/logo\\\/image\\\/\",\"url\":\"https:\\\/\\\/kparts-watersports.ovh\\\/wp-content\\\/uploads\\\/2024\\\/09\\\/Kparts-Logo-Favicon.jpg\",\"contentUrl\":\"https:\\\/\\\/kparts-watersports.ovh\\\/wp-content\\\/uploads\\\/2024\\\/09\\\/Kparts-Logo-Favicon.jpg\",\"width\":600,\"height\":600,\"caption\":\"KPARTS WATERSPORTS\"},\"image\":{\"@id\":\"https:\\\/\\\/blanchedalmond-oryx-541128.hostingersite.com\\\/#\\\/schema\\\/logo\\\/image\\\/\"},\"sameAs\":[\"https:\\\/\\\/www.facebook.com\\\/people\\\/AP-3D-Custom\\\/100076804732870\\\/\",\"https:\\\/\\\/www.instagram.com\\\/ap3dcustom\\\/\"]}]}<\/script>\n<!-- \/ Yoast SEO plugin. -->","yoast_head_json":{"title":"Frontfl\u00fcgel \u2013 SKAL - KPARTS WATERSPORTS","robots":{"index":"index","follow":"follow","max-snippet":"max-snippet:-1","max-image-preview":"max-image-preview:large","max-video-preview":"max-video-preview:-1"},"canonical":"https:\/\/kparts-watersports.com\/de\/produit\/frontfluegel-skal\/","og_locale":"de_DE","og_type":"article","og_title":"Frontfl\u00fcgel \u2013 SKAL - KPARTS WATERSPORTS","og_description":"\ud83d\ude9a Auf Lager \u2013 Bearbeitungs- &amp; Versandzeit: 5 Tage &nbsp; Die SKAL-Serie wurde mit einem Ziel entwickelt: Ihnen ein Foil mit einzigartigem Fahrgef\u00fchl zu bieten \u2013 schnell, wendig und mit au\u00dfergew\u00f6hnlicher Gleiteigenschaft. Mit einem Aspect Ratio von 9,5 (10,7 bei der 1150) bietet er einen hervorragenden Kompromiss aus Wendigkeit, Gleitf\u00e4higkeit und Pumping-Leistung. Dadurch ist der SKAL ein vielseitiges Foil, das in allen Disziplinen \u00fcberzeugt: Wingfoil, Surf Foil und Pocket Wing. Seine charakteristische Outline verleiht ihm eine hohe L\u00e4ngsstabilit\u00e4t (im Pitch), w\u00e4hrend das Foil gleichzeitig durch eine sehr freie Bewegung in Roll- und Gierachse \u00fcberzeugt. Dies wird durch eine sorgf\u00e4ltige Optimierung der Tips, ihrer Feinheit sowie der Profilverwindung (Twist) erreicht: Der SKAL leitet Kurven ohne Widerstand ein und wechselt flie\u00dfend von einer Kante zur anderen. Mit dem SKAL k\u00f6nnen Sie geschmeidige Kurven fahren und gleichzeitig von effizientem Gleiten und effektivem Pumping profitieren, um wieder anzuschlie\u00dfen und endlos weiterzufahren. Die Pitch-Stabilit\u00e4t des SKAL verhindert jegliches \u201ePorpoising\u201c (Nicken) bei niedrigen und mittleren Geschwindigkeiten \u2013 sowohl im Surf als auch im Freeride und Freefly. Sie erm\u00f6glicht au\u00dferdem ein effizientes Aufkreuzen gegen den Wind, indem sie eine stabile Gegenkr\u00e4ngung und einen konstanten Druck auf dem Fl\u00fcgel aufrechterh\u00e4lt. Dank einer intensiven Entwicklung des Profils kombinieren unsere Fl\u00fcgel einen fr\u00fchen Lift (bei gleichzeitig reduziertem Aufb\u00e4umen), ein geschmeidiges Gleiten im Cruising, eine geringere Belastung des vorderen Fu\u00dfes bei hohen Geschwindigkeiten sowie eine absolute Laufruhe \u2013 unabh\u00e4ngig von der Geschwindigkeit. Den SKAL zu w\u00e4hlen bedeutet, sich f\u00fcr VIELSEITIGKEIT zu entscheiden \u2013 ohne Kompromisse bei der PERFORMANCE. \ud83c\uddeb\ud83c\uddf7 Hergestellt in Saint-Malo in der Lok\u00e9foil-Werkstatt profitieren unsere Fl\u00fcgel vom Composite-Know-how der Marke und bieten eine leichte und zugleich steife Konstruktion. Unsere SKAL-Fl\u00fcgel k\u00f6nnen mit unseren KPARTS-Masten (Alu und Carbon) verwendet werden, aber auch mit AFS\u00ae- und ALLURE\u00ae-Masten dank spezieller Fuselages, die in der entsprechenden Kategorie erh\u00e4ltlich sind. SKAL-Fl\u00fcgel 570 690 840 990 1150 Spannweite 77cm 81cm 89cm 97cm 111cm AR 10,4 9,5 9,5 9,5 10,7 Maximale Dicke 12mm 12.5mm 14mm 14.9mm 15.3mm &nbsp;","og_url":"https:\/\/kparts-watersports.com\/de\/produit\/frontfluegel-skal\/","og_site_name":"KPARTS WATERSPORTS","article_publisher":"https:\/\/www.facebook.com\/people\/AP-3D-Custom\/100076804732870\/","article_modified_time":"2026-04-23T15:51:19+00:00","og_image":[{"width":600,"height":600,"url":"https:\/\/kparts-watersports.com\/wp-content\/uploads\/2025\/11\/KPARTS_wing_SKAL_new_2.webp","type":"image\/webp"}],"twitter_card":"summary_large_image","twitter_misc":{"Gesch\u00e4tzte Lesezeit":"2 minutes"},"schema":{"@context":"https:\/\/schema.org","@graph":[{"@type":"WebPage","@id":"https:\/\/kparts-watersports.com\/de\/produit\/frontfluegel-skal\/","url":"https:\/\/kparts-watersports.com\/de\/produit\/frontfluegel-skal\/","name":"Frontfl\u00fcgel \u2013 SKAL - KPARTS WATERSPORTS","isPartOf":{"@id":"https:\/\/blanchedalmond-oryx-541128.hostingersite.com\/#website"},"primaryImageOfPage":{"@id":"https:\/\/kparts-watersports.com\/de\/produit\/frontfluegel-skal\/#primaryimage"},"image":{"@id":"https:\/\/kparts-watersports.com\/de\/produit\/frontfluegel-skal\/#primaryimage"},"thumbnailUrl":"https:\/\/kparts-watersports.com\/wp-content\/uploads\/2025\/11\/KPARTS_wing_SKAL_new_2.webp","datePublished":"2025-11-08T10:53:20+00:00","dateModified":"2026-04-23T15:51:19+00:00","breadcrumb":{"@id":"https:\/\/kparts-watersports.com\/de\/produit\/frontfluegel-skal\/#breadcrumb"},"inLanguage":"de-DE","potentialAction":[{"@type":"ReadAction","target":["https:\/\/kparts-watersports.com\/de\/produit\/frontfluegel-skal\/"]}]},{"@type":"ImageObject","inLanguage":"de-DE","@id":"https:\/\/kparts-watersports.com\/de\/produit\/frontfluegel-skal\/#primaryimage","url":"https:\/\/kparts-watersports.com\/wp-content\/uploads\/2025\/11\/KPARTS_wing_SKAL_new_2.webp","contentUrl":"https:\/\/kparts-watersports.com\/wp-content\/uploads\/2025\/11\/KPARTS_wing_SKAL_new_2.webp","width":600,"height":600},{"@type":"BreadcrumbList","@id":"https:\/\/kparts-watersports.com\/de\/produit\/frontfluegel-skal\/#breadcrumb","itemListElement":[{"@type":"ListItem","position":1,"name":"Accueil","item":"https:\/\/kparts-watersports.com\/de\/accueil\/"},{"@type":"ListItem","position":2,"name":"Shop","item":"https:\/\/kparts-watersports.com\/boutique-w\/"},{"@type":"ListItem","position":3,"name":"Frontfl\u00fcgel \u2013 SKAL"}]},{"@type":"WebSite","@id":"https:\/\/blanchedalmond-oryx-541128.hostingersite.com\/#website","url":"https:\/\/blanchedalmond-oryx-541128.hostingersite.com\/","name":"KPARTS WATERSPORTS","description":"Accessoires custom pour sports nautiques","publisher":{"@id":"https:\/\/blanchedalmond-oryx-541128.hostingersite.com\/#organization"},"potentialAction":[{"@type":"SearchAction","target":{"@type":"EntryPoint","urlTemplate":"https:\/\/blanchedalmond-oryx-541128.hostingersite.com\/?s={search_term_string}"},"query-input":{"@type":"PropertyValueSpecification","valueRequired":true,"valueName":"search_term_string"}}],"inLanguage":"de-DE"},{"@type":"Organization","@id":"https:\/\/blanchedalmond-oryx-541128.hostingersite.com\/#organization","name":"KPARTS WATERSPORTS","url":"https:\/\/blanchedalmond-oryx-541128.hostingersite.com\/","logo":{"@type":"ImageObject","inLanguage":"de-DE","@id":"https:\/\/blanchedalmond-oryx-541128.hostingersite.com\/#\/schema\/logo\/image\/","url":"https:\/\/kparts-watersports.ovh\/wp-content\/uploads\/2024\/09\/Kparts-Logo-Favicon.jpg","contentUrl":"https:\/\/kparts-watersports.ovh\/wp-content\/uploads\/2024\/09\/Kparts-Logo-Favicon.jpg","width":600,"height":600,"caption":"KPARTS WATERSPORTS"},"image":{"@id":"https:\/\/blanchedalmond-oryx-541128.hostingersite.com\/#\/schema\/logo\/image\/"},"sameAs":["https:\/\/www.facebook.com\/people\/AP-3D-Custom\/100076804732870\/","https:\/\/www.instagram.com\/ap3dcustom\/"]}]}},"jetpack_sharing_enabled":true,"_links":{"self":[{"href":"https:\/\/kparts-watersports.com\/de\/wp-json\/wp\/v2\/product\/16937","targetHints":{"allow":["GET"]}}],"collection":[{"href":"https:\/\/kparts-watersports.com\/de\/wp-json\/wp\/v2\/product"}],"about":[{"href":"https:\/\/kparts-watersports.com\/de\/wp-json\/wp\/v2\/types\/product"}],"replies":[{"embeddable":true,"href":"https:\/\/kparts-watersports.com\/de\/wp-json\/wp\/v2\/comments?post=16937"}],"wp:featuredmedia":[{"embeddable":true,"href":"https:\/\/kparts-watersports.com\/de\/wp-json\/wp\/v2\/media\/16952"}],"wp:attachment":[{"href":"https:\/\/kparts-watersports.com\/de\/wp-json\/wp\/v2\/media?parent=16937"}],"wp:term":[{"taxonomy":"product_brand","embeddable":true,"href":"https:\/\/kparts-watersports.com\/de\/wp-json\/wp\/v2\/product_brand?post=16937"},{"taxonomy":"product_cat","embeddable":true,"href":"https:\/\/kparts-watersports.com\/de\/wp-json\/wp\/v2\/product_cat?post=16937"},{"taxonomy":"product_tag","embeddable":true,"href":"https:\/\/kparts-watersports.com\/de\/wp-json\/wp\/v2\/product_tag?post=16937"}],"curies":[{"name":"wp","href":"https:\/\/api.w.org\/{rel}","templated":true}]}}