{"id":16958,"date":"2025-10-29T08:35:26","date_gmt":"2025-10-29T07:35:26","guid":{"rendered":"https:\/\/kparts-watersports.com\/produit\/gong-aluminium-baseplate-v3-rake-shims-wingfoil\/"},"modified":"2026-04-23T17:51:20","modified_gmt":"2026-04-23T15:51:20","slug":"gong-aluminium-baseplate-v3-rake-shims-wingfoil","status":"publish","type":"product","link":"https:\/\/kparts-watersports.com\/de\/produit\/gong-aluminium-baseplate-v3-rake-shims-wingfoil\/","title":{"rendered":"GONG Aluminium-Baseplate V3 \u2013 Rake-Shims WINGFOIL"},"content":{"rendered":"<p>BITTE ALLES LESEN \ud83e\udd19<\/p>\n<p><strong>Nur kompatibel mit der ALU V3 Baseplate (bitte \u00fcberpr\u00fcfen Sie die Form Ihrer Baseplate anhand des obigen Bildes).<\/strong><\/p>\n<p>Rake-Shims f\u00fcr WINGFOIL \u2013 im 3D-Druck gefertigt<br \/>\n&#8211; 3er-Set Shims: 0,5\u00b0 \/ 1,0\u00b0 \/ 1,5\u00b0<br \/>\n&#8211; Set mit 2 Shims: 0,8\u00b0 \/ 1,5\u00b0<br \/>\n&#8211; 1 Shim zur Auswahl: 1,0\u00b0 \/ 1,5\u00b0<br \/>\n&#8211; 1 Shim mit individuellem Winkel (max. 2,0\u00b0) \/ bitte bei der Bestellung per E-Mail angeben<br \/>\nWICHTIG:<br \/>&#8211; \u201e+\u201c-Shims erh\u00f6hen Ihren Rake: Sie sind st\u00e4rker \u201enose up\u201c, die Boardspitze steht beim Fahren h\u00f6her.<br \/>\n\u201e\u2013\u201c-Shims reduzieren den Rake: Sie sind st\u00e4rker \u201enose down\u201c, die Boardspitze steht beim Fahren tiefer.<br \/>\n&#8211; Der Rake-Shim hat eine gewisse Dicke (7 mm f\u00fcr die 1,5\u00b0-Shims). Bitte \u00fcberpr\u00fcfen Sie die L\u00e4nge Ihrer Originalschrauben (lang genug?). Der Artikel \u201e4 Schrauben M8x40\u201c oder \u201e4 Schrauben M6x40\u201c aus dem Shop kann hilfreich sein.<br \/>\n&#8211; Positionieren Sie die glatte Seite des Shims zur Boardunterseite (Car\u00e8ne) \u2013 die Druckspuren auf der anderen Seite k\u00f6nnten Abdr\u00fccke hinterlassen.<br \/>\n&#8211; Maximale Einsatztemperatur: 60 \u00b0C \/ Vorsicht bei Lagerung im Fahrzeug in direkter Sonneneinstrahlung.<\/p>\n","protected":false},"excerpt":{"rendered":"<p>BITTE ALLES LESEN \ud83e\udd19 Nur kompatibel mit der ALU V3 Baseplate (bitte \u00fcberpr\u00fcfen Sie die Form Ihrer Baseplate anhand des obigen Bildes). Rake-Shims f\u00fcr WINGFOIL \u2013 im 3D-Druck gefertigt &#8211; 3er-Set Shims: 0,5\u00b0 \/ 1,0\u00b0 \/ 1,5\u00b0 &#8211; Set mit 2 Shims: 0,8\u00b0 \/ 1,5\u00b0 &#8211; 1 Shim zur Auswahl: 1,0\u00b0 \/ 1,5\u00b0 &#8211; 1 Shim mit individuellem Winkel (max. 2,0\u00b0) \/ bitte bei der Bestellung per E-Mail angeben WICHTIG:&#8211; \u201e+\u201c-Shims erh\u00f6hen Ihren Rake: Sie sind st\u00e4rker \u201enose up\u201c, die Boardspitze steht beim Fahren h\u00f6her. \u201e\u2013\u201c-Shims reduzieren den Rake: Sie sind st\u00e4rker \u201enose down\u201c, die Boardspitze steht beim Fahren tiefer. &#8211; Der Rake-Shim hat eine gewisse Dicke (7 mm f\u00fcr die 1,5\u00b0-Shims). Bitte \u00fcberpr\u00fcfen Sie die L\u00e4nge Ihrer Originalschrauben (lang genug?). Der Artikel \u201e4 Schrauben M8x40\u201c oder \u201e4 Schrauben M6x40\u201c aus dem Shop kann hilfreich sein. &#8211; Positionieren Sie die glatte Seite des Shims zur Boardunterseite (Car\u00e8ne) \u2013 die Druckspuren auf der anderen Seite k\u00f6nnten Abdr\u00fccke hinterlassen. &#8211; Maximale Einsatztemperatur: 60 \u00b0C \/ Vorsicht bei Lagerung im Fahrzeug in direkter Sonneneinstrahlung.<\/p>\n","protected":false},"featured_media":16862,"comment_status":"open","ping_status":"closed","template":"","meta":{"site-sidebar-layout":"default","site-content-layout":"","ast-site-content-layout":"default","site-content-style":"default","site-sidebar-style":"default","ast-global-header-display":"","ast-banner-title-visibility":"","ast-main-header-display":"","ast-hfb-above-header-display":"","ast-hfb-below-header-display":"","ast-hfb-mobile-header-display":"","site-post-title":"","ast-breadcrumbs-content":"","ast-featured-img":"","footer-sml-layout":"","ast-disable-related-posts":"","theme-transparent-header-meta":"default","adv-header-id-meta":"","stick-header-meta":"","header-above-stick-meta":"","header-main-stick-meta":"","header-below-stick-meta":"","astra-migrate-meta-layouts":"default","ast-page-background-enabled":"default","ast-page-background-meta":{"desktop":{"background-color":"var(--ast-global-color-4)","background-image":"","background-repeat":"repeat","background-position":"center center","background-size":"auto","background-attachment":"scroll","background-type":"","background-media":"","overlay-type":"","overlay-color":"","overlay-opacity":"","overlay-gradient":""},"tablet":{"background-color":"","background-image":"","background-repeat":"repeat","background-position":"center center","background-size":"auto","background-attachment":"scroll","background-type":"","background-media":"","overlay-type":"","overlay-color":"","overlay-opacity":"","overlay-gradient":""},"mobile":{"background-color":"","background-image":"","background-repeat":"repeat","background-position":"center center","background-size":"auto","background-attachment":"scroll","background-type":"","background-media":"","overlay-type":"","overlay-color":"","overlay-opacity":"","overlay-gradient":""}},"ast-content-background-meta":{"desktop":{"background-color":"var(--ast-global-color-5)","background-image":"","background-repeat":"repeat","background-position":"center center","background-size":"auto","background-attachment":"scroll","background-type":"","background-media":"","overlay-type":"","overlay-color":"","overlay-opacity":"","overlay-gradient":""},"tablet":{"background-color":"var(--ast-global-color-5)","background-image":"","background-repeat":"repeat","background-position":"center center","background-size":"auto","background-attachment":"scroll","background-type":"","background-media":"","overlay-type":"","overlay-color":"","overlay-opacity":"","overlay-gradient":""},"mobile":{"background-color":"var(--ast-global-color-5)","background-image":"","background-repeat":"repeat","background-position":"center center","background-size":"auto","background-attachment":"scroll","background-type":"","background-media":"","overlay-type":"","overlay-color":"","overlay-opacity":"","overlay-gradient":""}}},"product_brand":[],"product_cat":[223,225],"product_tag":[],"class_list":{"0":"post-16958","1":"product","2":"type-product","3":"status-publish","4":"has-post-thumbnail","6":"product_cat-foil-zubehor","7":"product_cat-rake-shims-de","8":"desktop-align-center","9":"tablet-align-left","10":"mobile-align-left","11":"tm-no-options","13":"first","14":"instock","15":"taxable","16":"shipping-taxable","17":"purchasable","18":"product-type-variable"},"yoast_head":"<!-- This site is optimized with the Yoast SEO plugin v27.3 - https:\/\/yoast.com\/product\/yoast-seo-wordpress\/ -->\n<title>GONG Aluminium-Baseplate V3 \u2013 Rake-Shims WINGFOIL - KPARTS WATERSPORTS<\/title>\n<meta name=\"robots\" content=\"index, follow, max-snippet:-1, max-image-preview:large, max-video-preview:-1\" \/>\n<link rel=\"canonical\" href=\"https:\/\/kparts-watersports.com\/de\/produit\/gong-aluminium-baseplate-v3-rake-shims-wingfoil\/\" \/>\n<meta property=\"og:locale\" content=\"de_DE\" \/>\n<meta property=\"og:type\" content=\"article\" \/>\n<meta property=\"og:title\" content=\"GONG Aluminium-Baseplate V3 \u2013 Rake-Shims WINGFOIL - KPARTS WATERSPORTS\" \/>\n<meta property=\"og:description\" content=\"BITTE ALLES LESEN \ud83e\udd19 Nur kompatibel mit der ALU V3 Baseplate (bitte \u00fcberpr\u00fcfen Sie die Form Ihrer Baseplate anhand des obigen Bildes). Rake-Shims f\u00fcr WINGFOIL \u2013 im 3D-Druck gefertigt &#8211; 3er-Set Shims: 0,5\u00b0 \/ 1,0\u00b0 \/ 1,5\u00b0 &#8211; Set mit 2 Shims: 0,8\u00b0 \/ 1,5\u00b0 &#8211; 1 Shim zur Auswahl: 1,0\u00b0 \/ 1,5\u00b0 &#8211; 1 Shim mit individuellem Winkel (max. 2,0\u00b0) \/ bitte bei der Bestellung per E-Mail angeben WICHTIG:&#8211; \u201e+\u201c-Shims erh\u00f6hen Ihren Rake: Sie sind st\u00e4rker \u201enose up\u201c, die Boardspitze steht beim Fahren h\u00f6her. \u201e\u2013\u201c-Shims reduzieren den Rake: Sie sind st\u00e4rker \u201enose down\u201c, die Boardspitze steht beim Fahren tiefer. &#8211; Der Rake-Shim hat eine gewisse Dicke (7 mm f\u00fcr die 1,5\u00b0-Shims). Bitte \u00fcberpr\u00fcfen Sie die L\u00e4nge Ihrer Originalschrauben (lang genug?). Der Artikel \u201e4 Schrauben M8x40\u201c oder \u201e4 Schrauben M6x40\u201c aus dem Shop kann hilfreich sein. &#8211; Positionieren Sie die glatte Seite des Shims zur Boardunterseite (Car\u00e8ne) \u2013 die Druckspuren auf der anderen Seite k\u00f6nnten Abdr\u00fccke hinterlassen. &#8211; Maximale Einsatztemperatur: 60 \u00b0C \/ Vorsicht bei Lagerung im Fahrzeug in direkter Sonneneinstrahlung.\" \/>\n<meta property=\"og:url\" content=\"https:\/\/kparts-watersports.com\/de\/produit\/gong-aluminium-baseplate-v3-rake-shims-wingfoil\/\" \/>\n<meta property=\"og:site_name\" content=\"KPARTS WATERSPORTS\" \/>\n<meta property=\"article:publisher\" content=\"https:\/\/www.facebook.com\/people\/AP-3D-Custom\/100076804732870\/\" \/>\n<meta property=\"article:modified_time\" content=\"2026-04-23T15:51:20+00:00\" \/>\n<meta property=\"og:image\" content=\"https:\/\/kparts-watersports.com\/wp-content\/uploads\/2025\/08\/GONG-V3-CARBONE.png\" \/>\n\t<meta property=\"og:image:width\" content=\"700\" \/>\n\t<meta property=\"og:image:height\" content=\"700\" \/>\n\t<meta property=\"og:image:type\" content=\"image\/png\" \/>\n<meta name=\"twitter:card\" content=\"summary_large_image\" \/>\n<meta name=\"twitter:label1\" content=\"Gesch\u00e4tzte Lesezeit\" \/>\n\t<meta name=\"twitter:data1\" content=\"1 minute\" \/>\n<script type=\"application\/ld+json\" class=\"yoast-schema-graph\">{\"@context\":\"https:\\\/\\\/schema.org\",\"@graph\":[{\"@type\":\"WebPage\",\"@id\":\"https:\\\/\\\/kparts-watersports.com\\\/de\\\/produit\\\/gong-aluminium-baseplate-v3-rake-shims-wingfoil\\\/\",\"url\":\"https:\\\/\\\/kparts-watersports.com\\\/de\\\/produit\\\/gong-aluminium-baseplate-v3-rake-shims-wingfoil\\\/\",\"name\":\"GONG Aluminium-Baseplate V3 \u2013 Rake-Shims WINGFOIL - KPARTS WATERSPORTS\",\"isPartOf\":{\"@id\":\"https:\\\/\\\/blanchedalmond-oryx-541128.hostingersite.com\\\/#website\"},\"primaryImageOfPage\":{\"@id\":\"https:\\\/\\\/kparts-watersports.com\\\/de\\\/produit\\\/gong-aluminium-baseplate-v3-rake-shims-wingfoil\\\/#primaryimage\"},\"image\":{\"@id\":\"https:\\\/\\\/kparts-watersports.com\\\/de\\\/produit\\\/gong-aluminium-baseplate-v3-rake-shims-wingfoil\\\/#primaryimage\"},\"thumbnailUrl\":\"https:\\\/\\\/kparts-watersports.com\\\/wp-content\\\/uploads\\\/2025\\\/08\\\/GONG-V3-CARBONE.png\",\"datePublished\":\"2025-10-29T07:35:26+00:00\",\"dateModified\":\"2026-04-23T15:51:20+00:00\",\"breadcrumb\":{\"@id\":\"https:\\\/\\\/kparts-watersports.com\\\/de\\\/produit\\\/gong-aluminium-baseplate-v3-rake-shims-wingfoil\\\/#breadcrumb\"},\"inLanguage\":\"de-DE\",\"potentialAction\":[{\"@type\":\"ReadAction\",\"target\":[\"https:\\\/\\\/kparts-watersports.com\\\/de\\\/produit\\\/gong-aluminium-baseplate-v3-rake-shims-wingfoil\\\/\"]}]},{\"@type\":\"ImageObject\",\"inLanguage\":\"de-DE\",\"@id\":\"https:\\\/\\\/kparts-watersports.com\\\/de\\\/produit\\\/gong-aluminium-baseplate-v3-rake-shims-wingfoil\\\/#primaryimage\",\"url\":\"https:\\\/\\\/kparts-watersports.com\\\/wp-content\\\/uploads\\\/2025\\\/08\\\/GONG-V3-CARBONE.png\",\"contentUrl\":\"https:\\\/\\\/kparts-watersports.com\\\/wp-content\\\/uploads\\\/2025\\\/08\\\/GONG-V3-CARBONE.png\",\"width\":700,\"height\":700},{\"@type\":\"BreadcrumbList\",\"@id\":\"https:\\\/\\\/kparts-watersports.com\\\/de\\\/produit\\\/gong-aluminium-baseplate-v3-rake-shims-wingfoil\\\/#breadcrumb\",\"itemListElement\":[{\"@type\":\"ListItem\",\"position\":1,\"name\":\"Accueil\",\"item\":\"https:\\\/\\\/kparts-watersports.com\\\/de\\\/accueil\\\/\"},{\"@type\":\"ListItem\",\"position\":2,\"name\":\"Shop\",\"item\":\"https:\\\/\\\/kparts-watersports.com\\\/boutique-w\\\/\"},{\"@type\":\"ListItem\",\"position\":3,\"name\":\"GONG Aluminium-Baseplate V3 \u2013 Rake-Shims WINGFOIL\"}]},{\"@type\":\"WebSite\",\"@id\":\"https:\\\/\\\/blanchedalmond-oryx-541128.hostingersite.com\\\/#website\",\"url\":\"https:\\\/\\\/blanchedalmond-oryx-541128.hostingersite.com\\\/\",\"name\":\"KPARTS WATERSPORTS\",\"description\":\"Accessoires custom pour sports nautiques\",\"publisher\":{\"@id\":\"https:\\\/\\\/blanchedalmond-oryx-541128.hostingersite.com\\\/#organization\"},\"potentialAction\":[{\"@type\":\"SearchAction\",\"target\":{\"@type\":\"EntryPoint\",\"urlTemplate\":\"https:\\\/\\\/blanchedalmond-oryx-541128.hostingersite.com\\\/?s={search_term_string}\"},\"query-input\":{\"@type\":\"PropertyValueSpecification\",\"valueRequired\":true,\"valueName\":\"search_term_string\"}}],\"inLanguage\":\"de-DE\"},{\"@type\":\"Organization\",\"@id\":\"https:\\\/\\\/blanchedalmond-oryx-541128.hostingersite.com\\\/#organization\",\"name\":\"KPARTS WATERSPORTS\",\"url\":\"https:\\\/\\\/blanchedalmond-oryx-541128.hostingersite.com\\\/\",\"logo\":{\"@type\":\"ImageObject\",\"inLanguage\":\"de-DE\",\"@id\":\"https:\\\/\\\/blanchedalmond-oryx-541128.hostingersite.com\\\/#\\\/schema\\\/logo\\\/image\\\/\",\"url\":\"https:\\\/\\\/kparts-watersports.ovh\\\/wp-content\\\/uploads\\\/2024\\\/09\\\/Kparts-Logo-Favicon.jpg\",\"contentUrl\":\"https:\\\/\\\/kparts-watersports.ovh\\\/wp-content\\\/uploads\\\/2024\\\/09\\\/Kparts-Logo-Favicon.jpg\",\"width\":600,\"height\":600,\"caption\":\"KPARTS WATERSPORTS\"},\"image\":{\"@id\":\"https:\\\/\\\/blanchedalmond-oryx-541128.hostingersite.com\\\/#\\\/schema\\\/logo\\\/image\\\/\"},\"sameAs\":[\"https:\\\/\\\/www.facebook.com\\\/people\\\/AP-3D-Custom\\\/100076804732870\\\/\",\"https:\\\/\\\/www.instagram.com\\\/ap3dcustom\\\/\"]}]}<\/script>\n<!-- \/ Yoast SEO plugin. -->","yoast_head_json":{"title":"GONG Aluminium-Baseplate V3 \u2013 Rake-Shims WINGFOIL - KPARTS WATERSPORTS","robots":{"index":"index","follow":"follow","max-snippet":"max-snippet:-1","max-image-preview":"max-image-preview:large","max-video-preview":"max-video-preview:-1"},"canonical":"https:\/\/kparts-watersports.com\/de\/produit\/gong-aluminium-baseplate-v3-rake-shims-wingfoil\/","og_locale":"de_DE","og_type":"article","og_title":"GONG Aluminium-Baseplate V3 \u2013 Rake-Shims WINGFOIL - KPARTS WATERSPORTS","og_description":"BITTE ALLES LESEN \ud83e\udd19 Nur kompatibel mit der ALU V3 Baseplate (bitte \u00fcberpr\u00fcfen Sie die Form Ihrer Baseplate anhand des obigen Bildes). Rake-Shims f\u00fcr WINGFOIL \u2013 im 3D-Druck gefertigt &#8211; 3er-Set Shims: 0,5\u00b0 \/ 1,0\u00b0 \/ 1,5\u00b0 &#8211; Set mit 2 Shims: 0,8\u00b0 \/ 1,5\u00b0 &#8211; 1 Shim zur Auswahl: 1,0\u00b0 \/ 1,5\u00b0 &#8211; 1 Shim mit individuellem Winkel (max. 2,0\u00b0) \/ bitte bei der Bestellung per E-Mail angeben WICHTIG:&#8211; \u201e+\u201c-Shims erh\u00f6hen Ihren Rake: Sie sind st\u00e4rker \u201enose up\u201c, die Boardspitze steht beim Fahren h\u00f6her. \u201e\u2013\u201c-Shims reduzieren den Rake: Sie sind st\u00e4rker \u201enose down\u201c, die Boardspitze steht beim Fahren tiefer. &#8211; Der Rake-Shim hat eine gewisse Dicke (7 mm f\u00fcr die 1,5\u00b0-Shims). Bitte \u00fcberpr\u00fcfen Sie die L\u00e4nge Ihrer Originalschrauben (lang genug?). Der Artikel \u201e4 Schrauben M8x40\u201c oder \u201e4 Schrauben M6x40\u201c aus dem Shop kann hilfreich sein. &#8211; Positionieren Sie die glatte Seite des Shims zur Boardunterseite (Car\u00e8ne) \u2013 die Druckspuren auf der anderen Seite k\u00f6nnten Abdr\u00fccke hinterlassen. &#8211; Maximale Einsatztemperatur: 60 \u00b0C \/ Vorsicht bei Lagerung im Fahrzeug in direkter Sonneneinstrahlung.","og_url":"https:\/\/kparts-watersports.com\/de\/produit\/gong-aluminium-baseplate-v3-rake-shims-wingfoil\/","og_site_name":"KPARTS WATERSPORTS","article_publisher":"https:\/\/www.facebook.com\/people\/AP-3D-Custom\/100076804732870\/","article_modified_time":"2026-04-23T15:51:20+00:00","og_image":[{"width":700,"height":700,"url":"https:\/\/kparts-watersports.com\/wp-content\/uploads\/2025\/08\/GONG-V3-CARBONE.png","type":"image\/png"}],"twitter_card":"summary_large_image","twitter_misc":{"Gesch\u00e4tzte Lesezeit":"1 minute"},"schema":{"@context":"https:\/\/schema.org","@graph":[{"@type":"WebPage","@id":"https:\/\/kparts-watersports.com\/de\/produit\/gong-aluminium-baseplate-v3-rake-shims-wingfoil\/","url":"https:\/\/kparts-watersports.com\/de\/produit\/gong-aluminium-baseplate-v3-rake-shims-wingfoil\/","name":"GONG Aluminium-Baseplate V3 \u2013 Rake-Shims WINGFOIL - KPARTS WATERSPORTS","isPartOf":{"@id":"https:\/\/blanchedalmond-oryx-541128.hostingersite.com\/#website"},"primaryImageOfPage":{"@id":"https:\/\/kparts-watersports.com\/de\/produit\/gong-aluminium-baseplate-v3-rake-shims-wingfoil\/#primaryimage"},"image":{"@id":"https:\/\/kparts-watersports.com\/de\/produit\/gong-aluminium-baseplate-v3-rake-shims-wingfoil\/#primaryimage"},"thumbnailUrl":"https:\/\/kparts-watersports.com\/wp-content\/uploads\/2025\/08\/GONG-V3-CARBONE.png","datePublished":"2025-10-29T07:35:26+00:00","dateModified":"2026-04-23T15:51:20+00:00","breadcrumb":{"@id":"https:\/\/kparts-watersports.com\/de\/produit\/gong-aluminium-baseplate-v3-rake-shims-wingfoil\/#breadcrumb"},"inLanguage":"de-DE","potentialAction":[{"@type":"ReadAction","target":["https:\/\/kparts-watersports.com\/de\/produit\/gong-aluminium-baseplate-v3-rake-shims-wingfoil\/"]}]},{"@type":"ImageObject","inLanguage":"de-DE","@id":"https:\/\/kparts-watersports.com\/de\/produit\/gong-aluminium-baseplate-v3-rake-shims-wingfoil\/#primaryimage","url":"https:\/\/kparts-watersports.com\/wp-content\/uploads\/2025\/08\/GONG-V3-CARBONE.png","contentUrl":"https:\/\/kparts-watersports.com\/wp-content\/uploads\/2025\/08\/GONG-V3-CARBONE.png","width":700,"height":700},{"@type":"BreadcrumbList","@id":"https:\/\/kparts-watersports.com\/de\/produit\/gong-aluminium-baseplate-v3-rake-shims-wingfoil\/#breadcrumb","itemListElement":[{"@type":"ListItem","position":1,"name":"Accueil","item":"https:\/\/kparts-watersports.com\/de\/accueil\/"},{"@type":"ListItem","position":2,"name":"Shop","item":"https:\/\/kparts-watersports.com\/boutique-w\/"},{"@type":"ListItem","position":3,"name":"GONG Aluminium-Baseplate V3 \u2013 Rake-Shims WINGFOIL"}]},{"@type":"WebSite","@id":"https:\/\/blanchedalmond-oryx-541128.hostingersite.com\/#website","url":"https:\/\/blanchedalmond-oryx-541128.hostingersite.com\/","name":"KPARTS WATERSPORTS","description":"Accessoires custom pour sports nautiques","publisher":{"@id":"https:\/\/blanchedalmond-oryx-541128.hostingersite.com\/#organization"},"potentialAction":[{"@type":"SearchAction","target":{"@type":"EntryPoint","urlTemplate":"https:\/\/blanchedalmond-oryx-541128.hostingersite.com\/?s={search_term_string}"},"query-input":{"@type":"PropertyValueSpecification","valueRequired":true,"valueName":"search_term_string"}}],"inLanguage":"de-DE"},{"@type":"Organization","@id":"https:\/\/blanchedalmond-oryx-541128.hostingersite.com\/#organization","name":"KPARTS WATERSPORTS","url":"https:\/\/blanchedalmond-oryx-541128.hostingersite.com\/","logo":{"@type":"ImageObject","inLanguage":"de-DE","@id":"https:\/\/blanchedalmond-oryx-541128.hostingersite.com\/#\/schema\/logo\/image\/","url":"https:\/\/kparts-watersports.ovh\/wp-content\/uploads\/2024\/09\/Kparts-Logo-Favicon.jpg","contentUrl":"https:\/\/kparts-watersports.ovh\/wp-content\/uploads\/2024\/09\/Kparts-Logo-Favicon.jpg","width":600,"height":600,"caption":"KPARTS WATERSPORTS"},"image":{"@id":"https:\/\/blanchedalmond-oryx-541128.hostingersite.com\/#\/schema\/logo\/image\/"},"sameAs":["https:\/\/www.facebook.com\/people\/AP-3D-Custom\/100076804732870\/","https:\/\/www.instagram.com\/ap3dcustom\/"]}]}},"jetpack_sharing_enabled":true,"_links":{"self":[{"href":"https:\/\/kparts-watersports.com\/de\/wp-json\/wp\/v2\/product\/16958","targetHints":{"allow":["GET"]}}],"collection":[{"href":"https:\/\/kparts-watersports.com\/de\/wp-json\/wp\/v2\/product"}],"about":[{"href":"https:\/\/kparts-watersports.com\/de\/wp-json\/wp\/v2\/types\/product"}],"replies":[{"embeddable":true,"href":"https:\/\/kparts-watersports.com\/de\/wp-json\/wp\/v2\/comments?post=16958"}],"wp:featuredmedia":[{"embeddable":true,"href":"https:\/\/kparts-watersports.com\/de\/wp-json\/wp\/v2\/media\/16862"}],"wp:attachment":[{"href":"https:\/\/kparts-watersports.com\/de\/wp-json\/wp\/v2\/media?parent=16958"}],"wp:term":[{"taxonomy":"product_brand","embeddable":true,"href":"https:\/\/kparts-watersports.com\/de\/wp-json\/wp\/v2\/product_brand?post=16958"},{"taxonomy":"product_cat","embeddable":true,"href":"https:\/\/kparts-watersports.com\/de\/wp-json\/wp\/v2\/product_cat?post=16958"},{"taxonomy":"product_tag","embeddable":true,"href":"https:\/\/kparts-watersports.com\/de\/wp-json\/wp\/v2\/product_tag?post=16958"}],"curies":[{"name":"wp","href":"https:\/\/api.w.org\/{rel}","templated":true}]}}