{"id":16977,"date":"2025-09-01T15:01:17","date_gmt":"2025-09-01T13:01:17","guid":{"rendered":"https:\/\/kparts-watersports.com\/produit\/ersatzteil-parawing-trapezleinen-nur-haken\/"},"modified":"2025-09-01T15:01:17","modified_gmt":"2025-09-01T13:01:17","slug":"ersatzteil-parawing-trapezleinen-nur-haken","status":"publish","type":"product","link":"https:\/\/kparts-watersports.com\/de\/produit\/ersatzteil-parawing-trapezleinen-nur-haken\/","title":{"rendered":"Ersatzteil \u2013 PARAWING-Trapezleinen \u2013 Nur Haken"},"content":{"rendered":"<p>Nur Haken, falls Sie bereits unser Trapezleinensystem besitzen oder einfach nur unseren Haken erwerben m\u00f6chten, um ihn an Ihrem eigenen System zu installieren.<\/p>\n<p><strong>Funktioniert auch im WINGFOIL (nur mit Boom)!<\/strong><\/p>\n<p>Optionen (zur Auswahl):<\/p>\n<p>\ud83e\ude9d Hakenform:<\/p>\n<ul>\n<li><span style=\"font-size: 16px;\">Gerade: kompatibel mit den meisten Wings auf dem Markt.<\/span><\/li>\n<li>Gebogen: speziell f\u00fcr POW FLYSURFER\u00ae entwickelt.<\/li>\n<\/ul>\n<p>\ud83d\udee0\ufe0f Teile werden in unserer Werkstatt in Brest hergestellt.<br \/>\n\u2709\ufe0f Spezielle Gurtma\u00dfe? Ma\u00dfanfertigung m\u00f6glich \u2014 kontaktieren Sie uns. <\/p>\n<p><strong>Hinweise:<\/strong><\/p>\n<p><strong>\ud83e\uddf2 Enth\u00e4lt einen internen Magneten: Vermeiden Sie die N\u00e4he zu elektronischen Ger\u00e4ten!<\/strong><br \/>\n<!-- YouTube horizontal 16:9 responsive --><\/p>\n<div class=\"yt-wrap\"><iframe title=\"Parawing-Trapezleinen \u2013 Video\" src=\"https:\/\/www.youtube-nocookie.com\/embed\/9YBVJXqIv2o?rel=0&amp;modestbranding=1\" allowfullscreen=\"allowfullscreen\"><\/iframe><\/div>\n","protected":false},"excerpt":{"rendered":"<p>Nur Haken, falls Sie bereits unser Trapezleinensystem besitzen oder einfach nur unseren Haken erwerben m\u00f6chten, um ihn an Ihrem eigenen System zu installieren. Funktioniert auch im WINGFOIL (nur mit Boom)! Optionen (zur Auswahl): \ud83e\ude9d Hakenform: Gerade: kompatibel mit den meisten Wings auf dem Markt. Gebogen: speziell f\u00fcr POW FLYSURFER\u00ae entwickelt. \ud83d\udee0\ufe0f Teile werden in unserer Werkstatt in Brest hergestellt. \u2709\ufe0f Spezielle Gurtma\u00dfe? Ma\u00dfanfertigung m\u00f6glich \u2014 kontaktieren Sie uns. Hinweise: \ud83e\uddf2 Enth\u00e4lt einen internen Magneten: Vermeiden Sie die N\u00e4he zu elektronischen Ger\u00e4ten!<\/p>\n","protected":false},"featured_media":16979,"comment_status":"open","ping_status":"closed","template":"","meta":{"site-sidebar-layout":"default","site-content-layout":"","ast-site-content-layout":"default","site-content-style":"default","site-sidebar-style":"default","ast-global-header-display":"","ast-banner-title-visibility":"","ast-main-header-display":"","ast-hfb-above-header-display":"","ast-hfb-below-header-display":"","ast-hfb-mobile-header-display":"","site-post-title":"","ast-breadcrumbs-content":"","ast-featured-img":"","footer-sml-layout":"","ast-disable-related-posts":"","theme-transparent-header-meta":"default","adv-header-id-meta":"","stick-header-meta":"","header-above-stick-meta":"","header-main-stick-meta":"","header-below-stick-meta":"","astra-migrate-meta-layouts":"default","ast-page-background-enabled":"default","ast-page-background-meta":{"desktop":{"background-color":"var(--ast-global-color-4)","background-image":"","background-repeat":"repeat","background-position":"center center","background-size":"auto","background-attachment":"scroll","background-type":"","background-media":"","overlay-type":"","overlay-color":"","overlay-opacity":"","overlay-gradient":""},"tablet":{"background-color":"","background-image":"","background-repeat":"repeat","background-position":"center center","background-size":"auto","background-attachment":"scroll","background-type":"","background-media":"","overlay-type":"","overlay-color":"","overlay-opacity":"","overlay-gradient":""},"mobile":{"background-color":"","background-image":"","background-repeat":"repeat","background-position":"center center","background-size":"auto","background-attachment":"scroll","background-type":"","background-media":"","overlay-type":"","overlay-color":"","overlay-opacity":"","overlay-gradient":""}},"ast-content-background-meta":{"desktop":{"background-color":"var(--ast-global-color-5)","background-image":"","background-repeat":"repeat","background-position":"center center","background-size":"auto","background-attachment":"scroll","background-type":"","background-media":"","overlay-type":"","overlay-color":"","overlay-opacity":"","overlay-gradient":""},"tablet":{"background-color":"var(--ast-global-color-5)","background-image":"","background-repeat":"repeat","background-position":"center center","background-size":"auto","background-attachment":"scroll","background-type":"","background-media":"","overlay-type":"","overlay-color":"","overlay-opacity":"","overlay-gradient":""},"mobile":{"background-color":"var(--ast-global-color-5)","background-image":"","background-repeat":"repeat","background-position":"center center","background-size":"auto","background-attachment":"scroll","background-type":"","background-media":"","overlay-type":"","overlay-color":"","overlay-opacity":"","overlay-gradient":""}}},"product_brand":[],"product_cat":[207],"product_tag":[],"class_list":{"0":"post-16977","1":"product","2":"type-product","3":"status-publish","4":"has-post-thumbnail","6":"product_cat-parawing-zubehoer","7":"desktop-align-center","8":"tablet-align-left","9":"mobile-align-left","10":"tm-no-options","12":"first","13":"instock","14":"taxable","15":"shipping-taxable","16":"purchasable","17":"product-type-variable"},"yoast_head":"<!-- This site is optimized with the Yoast SEO plugin v27.3 - https:\/\/yoast.com\/product\/yoast-seo-wordpress\/ -->\n<title>Ersatzteil \u2013 PARAWING-Trapezleinen \u2013 Nur Haken - KPARTS WATERSPORTS<\/title>\n<meta name=\"robots\" content=\"index, follow, max-snippet:-1, max-image-preview:large, max-video-preview:-1\" \/>\n<link rel=\"canonical\" href=\"https:\/\/kparts-watersports.com\/de\/produit\/ersatzteil-parawing-trapezleinen-nur-haken\/\" \/>\n<meta property=\"og:locale\" content=\"de_DE\" \/>\n<meta property=\"og:type\" content=\"article\" \/>\n<meta property=\"og:title\" content=\"Ersatzteil \u2013 PARAWING-Trapezleinen \u2013 Nur Haken - KPARTS WATERSPORTS\" \/>\n<meta property=\"og:description\" content=\"Nur Haken, falls Sie bereits unser Trapezleinensystem besitzen oder einfach nur unseren Haken erwerben m\u00f6chten, um ihn an Ihrem eigenen System zu installieren. Funktioniert auch im WINGFOIL (nur mit Boom)! Optionen (zur Auswahl): \ud83e\ude9d Hakenform: Gerade: kompatibel mit den meisten Wings auf dem Markt. Gebogen: speziell f\u00fcr POW FLYSURFER\u00ae entwickelt. \ud83d\udee0\ufe0f Teile werden in unserer Werkstatt in Brest hergestellt. \u2709\ufe0f Spezielle Gurtma\u00dfe? Ma\u00dfanfertigung m\u00f6glich \u2014 kontaktieren Sie uns. Hinweise: \ud83e\uddf2 Enth\u00e4lt einen internen Magneten: Vermeiden Sie die N\u00e4he zu elektronischen Ger\u00e4ten!\" \/>\n<meta property=\"og:url\" content=\"https:\/\/kparts-watersports.com\/de\/produit\/ersatzteil-parawing-trapezleinen-nur-haken\/\" \/>\n<meta property=\"og:site_name\" content=\"KPARTS WATERSPORTS\" \/>\n<meta property=\"article:publisher\" content=\"https:\/\/www.facebook.com\/people\/AP-3D-Custom\/100076804732870\/\" \/>\n<meta property=\"og:image\" content=\"https:\/\/kparts-watersports.com\/wp-content\/uploads\/2025\/09\/Crochet-Harnais-Parawing.jpeg\" \/>\n\t<meta property=\"og:image:width\" content=\"1019\" \/>\n\t<meta property=\"og:image:height\" content=\"1135\" \/>\n\t<meta property=\"og:image:type\" content=\"image\/jpeg\" \/>\n<meta name=\"twitter:card\" content=\"summary_large_image\" \/>\n<script type=\"application\/ld+json\" class=\"yoast-schema-graph\">{\"@context\":\"https:\\\/\\\/schema.org\",\"@graph\":[{\"@type\":\"WebPage\",\"@id\":\"https:\\\/\\\/kparts-watersports.com\\\/de\\\/produit\\\/ersatzteil-parawing-trapezleinen-nur-haken\\\/\",\"url\":\"https:\\\/\\\/kparts-watersports.com\\\/de\\\/produit\\\/ersatzteil-parawing-trapezleinen-nur-haken\\\/\",\"name\":\"Ersatzteil \u2013 PARAWING-Trapezleinen \u2013 Nur Haken - KPARTS WATERSPORTS\",\"isPartOf\":{\"@id\":\"https:\\\/\\\/blanchedalmond-oryx-541128.hostingersite.com\\\/#website\"},\"primaryImageOfPage\":{\"@id\":\"https:\\\/\\\/kparts-watersports.com\\\/de\\\/produit\\\/ersatzteil-parawing-trapezleinen-nur-haken\\\/#primaryimage\"},\"image\":{\"@id\":\"https:\\\/\\\/kparts-watersports.com\\\/de\\\/produit\\\/ersatzteil-parawing-trapezleinen-nur-haken\\\/#primaryimage\"},\"thumbnailUrl\":\"https:\\\/\\\/kparts-watersports.com\\\/wp-content\\\/uploads\\\/2025\\\/09\\\/Crochet-Harnais-Parawing.jpeg\",\"datePublished\":\"2025-09-01T13:01:17+00:00\",\"breadcrumb\":{\"@id\":\"https:\\\/\\\/kparts-watersports.com\\\/de\\\/produit\\\/ersatzteil-parawing-trapezleinen-nur-haken\\\/#breadcrumb\"},\"inLanguage\":\"de-DE\",\"potentialAction\":[{\"@type\":\"ReadAction\",\"target\":[\"https:\\\/\\\/kparts-watersports.com\\\/de\\\/produit\\\/ersatzteil-parawing-trapezleinen-nur-haken\\\/\"]}]},{\"@type\":\"ImageObject\",\"inLanguage\":\"de-DE\",\"@id\":\"https:\\\/\\\/kparts-watersports.com\\\/de\\\/produit\\\/ersatzteil-parawing-trapezleinen-nur-haken\\\/#primaryimage\",\"url\":\"https:\\\/\\\/kparts-watersports.com\\\/wp-content\\\/uploads\\\/2025\\\/09\\\/Crochet-Harnais-Parawing.jpeg\",\"contentUrl\":\"https:\\\/\\\/kparts-watersports.com\\\/wp-content\\\/uploads\\\/2025\\\/09\\\/Crochet-Harnais-Parawing.jpeg\",\"width\":1019,\"height\":1135},{\"@type\":\"BreadcrumbList\",\"@id\":\"https:\\\/\\\/kparts-watersports.com\\\/de\\\/produit\\\/ersatzteil-parawing-trapezleinen-nur-haken\\\/#breadcrumb\",\"itemListElement\":[{\"@type\":\"ListItem\",\"position\":1,\"name\":\"Accueil\",\"item\":\"https:\\\/\\\/kparts-watersports.com\\\/de\\\/accueil\\\/\"},{\"@type\":\"ListItem\",\"position\":2,\"name\":\"Shop\",\"item\":\"https:\\\/\\\/kparts-watersports.com\\\/boutique-w\\\/\"},{\"@type\":\"ListItem\",\"position\":3,\"name\":\"Ersatzteil \u2013 PARAWING-Trapezleinen \u2013 Nur Haken\"}]},{\"@type\":\"WebSite\",\"@id\":\"https:\\\/\\\/blanchedalmond-oryx-541128.hostingersite.com\\\/#website\",\"url\":\"https:\\\/\\\/blanchedalmond-oryx-541128.hostingersite.com\\\/\",\"name\":\"KPARTS WATERSPORTS\",\"description\":\"Accessoires custom pour sports nautiques\",\"publisher\":{\"@id\":\"https:\\\/\\\/blanchedalmond-oryx-541128.hostingersite.com\\\/#organization\"},\"potentialAction\":[{\"@type\":\"SearchAction\",\"target\":{\"@type\":\"EntryPoint\",\"urlTemplate\":\"https:\\\/\\\/blanchedalmond-oryx-541128.hostingersite.com\\\/?s={search_term_string}\"},\"query-input\":{\"@type\":\"PropertyValueSpecification\",\"valueRequired\":true,\"valueName\":\"search_term_string\"}}],\"inLanguage\":\"de-DE\"},{\"@type\":\"Organization\",\"@id\":\"https:\\\/\\\/blanchedalmond-oryx-541128.hostingersite.com\\\/#organization\",\"name\":\"KPARTS WATERSPORTS\",\"url\":\"https:\\\/\\\/blanchedalmond-oryx-541128.hostingersite.com\\\/\",\"logo\":{\"@type\":\"ImageObject\",\"inLanguage\":\"de-DE\",\"@id\":\"https:\\\/\\\/blanchedalmond-oryx-541128.hostingersite.com\\\/#\\\/schema\\\/logo\\\/image\\\/\",\"url\":\"https:\\\/\\\/kparts-watersports.ovh\\\/wp-content\\\/uploads\\\/2024\\\/09\\\/Kparts-Logo-Favicon.jpg\",\"contentUrl\":\"https:\\\/\\\/kparts-watersports.ovh\\\/wp-content\\\/uploads\\\/2024\\\/09\\\/Kparts-Logo-Favicon.jpg\",\"width\":600,\"height\":600,\"caption\":\"KPARTS WATERSPORTS\"},\"image\":{\"@id\":\"https:\\\/\\\/blanchedalmond-oryx-541128.hostingersite.com\\\/#\\\/schema\\\/logo\\\/image\\\/\"},\"sameAs\":[\"https:\\\/\\\/www.facebook.com\\\/people\\\/AP-3D-Custom\\\/100076804732870\\\/\",\"https:\\\/\\\/www.instagram.com\\\/ap3dcustom\\\/\"]}]}<\/script>\n<!-- \/ Yoast SEO plugin. -->","yoast_head_json":{"title":"Ersatzteil \u2013 PARAWING-Trapezleinen \u2013 Nur Haken - KPARTS WATERSPORTS","robots":{"index":"index","follow":"follow","max-snippet":"max-snippet:-1","max-image-preview":"max-image-preview:large","max-video-preview":"max-video-preview:-1"},"canonical":"https:\/\/kparts-watersports.com\/de\/produit\/ersatzteil-parawing-trapezleinen-nur-haken\/","og_locale":"de_DE","og_type":"article","og_title":"Ersatzteil \u2013 PARAWING-Trapezleinen \u2013 Nur Haken - KPARTS WATERSPORTS","og_description":"Nur Haken, falls Sie bereits unser Trapezleinensystem besitzen oder einfach nur unseren Haken erwerben m\u00f6chten, um ihn an Ihrem eigenen System zu installieren. Funktioniert auch im WINGFOIL (nur mit Boom)! Optionen (zur Auswahl): \ud83e\ude9d Hakenform: Gerade: kompatibel mit den meisten Wings auf dem Markt. Gebogen: speziell f\u00fcr POW FLYSURFER\u00ae entwickelt. \ud83d\udee0\ufe0f Teile werden in unserer Werkstatt in Brest hergestellt. \u2709\ufe0f Spezielle Gurtma\u00dfe? Ma\u00dfanfertigung m\u00f6glich \u2014 kontaktieren Sie uns. Hinweise: \ud83e\uddf2 Enth\u00e4lt einen internen Magneten: Vermeiden Sie die N\u00e4he zu elektronischen Ger\u00e4ten!","og_url":"https:\/\/kparts-watersports.com\/de\/produit\/ersatzteil-parawing-trapezleinen-nur-haken\/","og_site_name":"KPARTS WATERSPORTS","article_publisher":"https:\/\/www.facebook.com\/people\/AP-3D-Custom\/100076804732870\/","og_image":[{"width":1019,"height":1135,"url":"https:\/\/kparts-watersports.com\/wp-content\/uploads\/2025\/09\/Crochet-Harnais-Parawing.jpeg","type":"image\/jpeg"}],"twitter_card":"summary_large_image","schema":{"@context":"https:\/\/schema.org","@graph":[{"@type":"WebPage","@id":"https:\/\/kparts-watersports.com\/de\/produit\/ersatzteil-parawing-trapezleinen-nur-haken\/","url":"https:\/\/kparts-watersports.com\/de\/produit\/ersatzteil-parawing-trapezleinen-nur-haken\/","name":"Ersatzteil \u2013 PARAWING-Trapezleinen \u2013 Nur Haken - KPARTS WATERSPORTS","isPartOf":{"@id":"https:\/\/blanchedalmond-oryx-541128.hostingersite.com\/#website"},"primaryImageOfPage":{"@id":"https:\/\/kparts-watersports.com\/de\/produit\/ersatzteil-parawing-trapezleinen-nur-haken\/#primaryimage"},"image":{"@id":"https:\/\/kparts-watersports.com\/de\/produit\/ersatzteil-parawing-trapezleinen-nur-haken\/#primaryimage"},"thumbnailUrl":"https:\/\/kparts-watersports.com\/wp-content\/uploads\/2025\/09\/Crochet-Harnais-Parawing.jpeg","datePublished":"2025-09-01T13:01:17+00:00","breadcrumb":{"@id":"https:\/\/kparts-watersports.com\/de\/produit\/ersatzteil-parawing-trapezleinen-nur-haken\/#breadcrumb"},"inLanguage":"de-DE","potentialAction":[{"@type":"ReadAction","target":["https:\/\/kparts-watersports.com\/de\/produit\/ersatzteil-parawing-trapezleinen-nur-haken\/"]}]},{"@type":"ImageObject","inLanguage":"de-DE","@id":"https:\/\/kparts-watersports.com\/de\/produit\/ersatzteil-parawing-trapezleinen-nur-haken\/#primaryimage","url":"https:\/\/kparts-watersports.com\/wp-content\/uploads\/2025\/09\/Crochet-Harnais-Parawing.jpeg","contentUrl":"https:\/\/kparts-watersports.com\/wp-content\/uploads\/2025\/09\/Crochet-Harnais-Parawing.jpeg","width":1019,"height":1135},{"@type":"BreadcrumbList","@id":"https:\/\/kparts-watersports.com\/de\/produit\/ersatzteil-parawing-trapezleinen-nur-haken\/#breadcrumb","itemListElement":[{"@type":"ListItem","position":1,"name":"Accueil","item":"https:\/\/kparts-watersports.com\/de\/accueil\/"},{"@type":"ListItem","position":2,"name":"Shop","item":"https:\/\/kparts-watersports.com\/boutique-w\/"},{"@type":"ListItem","position":3,"name":"Ersatzteil \u2013 PARAWING-Trapezleinen \u2013 Nur Haken"}]},{"@type":"WebSite","@id":"https:\/\/blanchedalmond-oryx-541128.hostingersite.com\/#website","url":"https:\/\/blanchedalmond-oryx-541128.hostingersite.com\/","name":"KPARTS WATERSPORTS","description":"Accessoires custom pour sports nautiques","publisher":{"@id":"https:\/\/blanchedalmond-oryx-541128.hostingersite.com\/#organization"},"potentialAction":[{"@type":"SearchAction","target":{"@type":"EntryPoint","urlTemplate":"https:\/\/blanchedalmond-oryx-541128.hostingersite.com\/?s={search_term_string}"},"query-input":{"@type":"PropertyValueSpecification","valueRequired":true,"valueName":"search_term_string"}}],"inLanguage":"de-DE"},{"@type":"Organization","@id":"https:\/\/blanchedalmond-oryx-541128.hostingersite.com\/#organization","name":"KPARTS WATERSPORTS","url":"https:\/\/blanchedalmond-oryx-541128.hostingersite.com\/","logo":{"@type":"ImageObject","inLanguage":"de-DE","@id":"https:\/\/blanchedalmond-oryx-541128.hostingersite.com\/#\/schema\/logo\/image\/","url":"https:\/\/kparts-watersports.ovh\/wp-content\/uploads\/2024\/09\/Kparts-Logo-Favicon.jpg","contentUrl":"https:\/\/kparts-watersports.ovh\/wp-content\/uploads\/2024\/09\/Kparts-Logo-Favicon.jpg","width":600,"height":600,"caption":"KPARTS WATERSPORTS"},"image":{"@id":"https:\/\/blanchedalmond-oryx-541128.hostingersite.com\/#\/schema\/logo\/image\/"},"sameAs":["https:\/\/www.facebook.com\/people\/AP-3D-Custom\/100076804732870\/","https:\/\/www.instagram.com\/ap3dcustom\/"]}]}},"jetpack_sharing_enabled":true,"_links":{"self":[{"href":"https:\/\/kparts-watersports.com\/de\/wp-json\/wp\/v2\/product\/16977","targetHints":{"allow":["GET"]}}],"collection":[{"href":"https:\/\/kparts-watersports.com\/de\/wp-json\/wp\/v2\/product"}],"about":[{"href":"https:\/\/kparts-watersports.com\/de\/wp-json\/wp\/v2\/types\/product"}],"replies":[{"embeddable":true,"href":"https:\/\/kparts-watersports.com\/de\/wp-json\/wp\/v2\/comments?post=16977"}],"wp:featuredmedia":[{"embeddable":true,"href":"https:\/\/kparts-watersports.com\/de\/wp-json\/wp\/v2\/media\/16979"}],"wp:attachment":[{"href":"https:\/\/kparts-watersports.com\/de\/wp-json\/wp\/v2\/media?parent=16977"}],"wp:term":[{"taxonomy":"product_brand","embeddable":true,"href":"https:\/\/kparts-watersports.com\/de\/wp-json\/wp\/v2\/product_brand?post=16977"},{"taxonomy":"product_cat","embeddable":true,"href":"https:\/\/kparts-watersports.com\/de\/wp-json\/wp\/v2\/product_cat?post=16977"},{"taxonomy":"product_tag","embeddable":true,"href":"https:\/\/kparts-watersports.com\/de\/wp-json\/wp\/v2\/product_tag?post=16977"}],"curies":[{"name":"wp","href":"https:\/\/api.w.org\/{rel}","templated":true}]}}