{"id":16996,"date":"2025-11-08T15:40:53","date_gmt":"2025-11-08T14:40:53","guid":{"rendered":"https:\/\/kparts-watersports.com\/produit\/aluminium-fuselage-kparts-fluegel-mit-kparts-aufnahme\/"},"modified":"2025-11-08T15:40:53","modified_gmt":"2025-11-08T14:40:53","slug":"aluminium-fuselage-kparts-fluegel-mit-kparts-aufnahme","status":"publish","type":"product","link":"https:\/\/kparts-watersports.com\/de\/produit\/aluminium-fuselage-kparts-fluegel-mit-kparts-aufnahme\/","title":{"rendered":"Aluminium-Fuselage \u2013 KPARTS-Fl\u00fcgel mit KPARTS-Aufnahme"},"content":{"rendered":"<h6 data-start=\"5479\" data-end=\"5539\"><strong>\ud83d\ude9a Auf Lager \u2013 Bearbeitungs- &amp; Versandzeit: 3 Tage<\/strong><\/h6>\n<p>&nbsp;<\/p>\n<p>Dieser Fuselage ist eloxiert und zus\u00e4tzlich pulverbeschichtet in Hellgrau: <strong>er ist SEHR korrosionsbest\u00e4ndig!<\/strong><\/p>\n<p>Dieser neue Fuselage erm\u00f6glicht es Ihnen, kosteng\u00fcnstig alle Fl\u00fcgel unserer KPARTS-Serie (SKAL und AROS) mit unseren Carbon- und Aluminium-Masten zu verwenden.<\/p>\n<p>Die neue KPARTS-Aufnahme ist eine konische Verbindung mit Fixierung durch 3 \u00d7 M6-Schrauben. Dieses Design sorgt f\u00fcr eine zuverl\u00e4ssige Verbindung und reduziert gleichzeitig die Gr\u00f6\u00dfe des Fuselages auf ein Minimum. <\/p>\n<p>Die Geometrie wurde optimiert, <strong data-start=\"830\" data-end=\"893\">um den besten Kompromiss zwischen L\u00e4ngsstabilit\u00e4t und Wendigkeit <\/strong>zu bieten, und das 3-Schrauben-System im hinteren Bereich erm\u00f6glicht eine Standard- oder vordere Position des Stabilisators.<\/p>\n<p>Kompatibel mit unserer gesamten KPARTS-Stabilisator-Serie.<\/p>\n<p>Lieferung inklusive Edelstahl-A4-Schrauben.<\/p>\n<p>Titan-Schraubenset optional: 3 \u00d7 M8x20 (T40) + 3 \u00d7 M6 f\u00fcr die Mast\u2013Fuselage-Montage + 2 \u00d7 M6x14 f\u00fcr den Stabilisator.<\/p>\n<p>H\u00fclle nicht enthalten.<\/p>\n<p>&nbsp;<\/p>\n","protected":false},"excerpt":{"rendered":"<p>\ud83d\ude9a Auf Lager \u2013 Bearbeitungs- &amp; Versandzeit: 3 Tage &nbsp; Dieser Fuselage ist eloxiert und zus\u00e4tzlich pulverbeschichtet in Hellgrau: er ist SEHR korrosionsbest\u00e4ndig! Dieser neue Fuselage erm\u00f6glicht es Ihnen, kosteng\u00fcnstig alle Fl\u00fcgel unserer KPARTS-Serie (SKAL und AROS) mit unseren Carbon- und Aluminium-Masten zu verwenden. Die neue KPARTS-Aufnahme ist eine konische Verbindung mit Fixierung durch 3 \u00d7 M6-Schrauben. Dieses Design sorgt f\u00fcr eine zuverl\u00e4ssige Verbindung und reduziert gleichzeitig die Gr\u00f6\u00dfe des Fuselages auf ein Minimum. Die Geometrie wurde optimiert, um den besten Kompromiss zwischen L\u00e4ngsstabilit\u00e4t und Wendigkeit zu bieten, und das 3-Schrauben-System im hinteren Bereich erm\u00f6glicht eine Standard- oder vordere Position des Stabilisators. Kompatibel mit unserer gesamten KPARTS-Stabilisator-Serie. Lieferung inklusive Edelstahl-A4-Schrauben. Titan-Schraubenset optional: 3 \u00d7 M8x20 (T40) + 3 \u00d7 M6 f\u00fcr die Mast\u2013Fuselage-Montage + 2 \u00d7 M6x14 f\u00fcr den Stabilisator. H\u00fclle nicht enthalten. &nbsp;<\/p>\n","protected":false},"featured_media":16997,"comment_status":"open","ping_status":"closed","template":"","meta":{"site-sidebar-layout":"default","site-content-layout":"","ast-site-content-layout":"default","site-content-style":"default","site-sidebar-style":"default","ast-global-header-display":"","ast-banner-title-visibility":"","ast-main-header-display":"","ast-hfb-above-header-display":"","ast-hfb-below-header-display":"","ast-hfb-mobile-header-display":"","site-post-title":"","ast-breadcrumbs-content":"","ast-featured-img":"","footer-sml-layout":"","ast-disable-related-posts":"","theme-transparent-header-meta":"default","adv-header-id-meta":"","stick-header-meta":"","header-above-stick-meta":"","header-main-stick-meta":"","header-below-stick-meta":"","astra-migrate-meta-layouts":"default","ast-page-background-enabled":"default","ast-page-background-meta":{"desktop":{"background-color":"var(--ast-global-color-4)","background-image":"","background-repeat":"repeat","background-position":"center center","background-size":"auto","background-attachment":"scroll","background-type":"","background-media":"","overlay-type":"","overlay-color":"","overlay-opacity":"","overlay-gradient":""},"tablet":{"background-color":"","background-image":"","background-repeat":"repeat","background-position":"center center","background-size":"auto","background-attachment":"scroll","background-type":"","background-media":"","overlay-type":"","overlay-color":"","overlay-opacity":"","overlay-gradient":""},"mobile":{"background-color":"","background-image":"","background-repeat":"repeat","background-position":"center center","background-size":"auto","background-attachment":"scroll","background-type":"","background-media":"","overlay-type":"","overlay-color":"","overlay-opacity":"","overlay-gradient":""}},"ast-content-background-meta":{"desktop":{"background-color":"var(--ast-global-color-5)","background-image":"","background-repeat":"repeat","background-position":"center center","background-size":"auto","background-attachment":"scroll","background-type":"","background-media":"","overlay-type":"","overlay-color":"","overlay-opacity":"","overlay-gradient":""},"tablet":{"background-color":"var(--ast-global-color-5)","background-image":"","background-repeat":"repeat","background-position":"center center","background-size":"auto","background-attachment":"scroll","background-type":"","background-media":"","overlay-type":"","overlay-color":"","overlay-opacity":"","overlay-gradient":""},"mobile":{"background-color":"var(--ast-global-color-5)","background-image":"","background-repeat":"repeat","background-position":"center center","background-size":"auto","background-attachment":"scroll","background-type":"","background-media":"","overlay-type":"","overlay-color":"","overlay-opacity":"","overlay-gradient":""}}},"product_brand":[],"product_cat":[211,215],"product_tag":[],"class_list":{"0":"post-16996","1":"product","2":"type-product","3":"status-publish","4":"has-post-thumbnail","6":"product_cat-foils","7":"product_cat-fuselagen","8":"desktop-align-center","9":"tablet-align-left","10":"mobile-align-left","11":"tm-has-options","13":"first","14":"instock","15":"taxable","16":"shipping-taxable","17":"purchasable","18":"product-type-variable"},"yoast_head":"<!-- This site is optimized with the Yoast SEO plugin v27.3 - https:\/\/yoast.com\/product\/yoast-seo-wordpress\/ -->\n<title>Aluminium-Fuselage \u2013 KPARTS-Fl\u00fcgel mit KPARTS-Aufnahme - KPARTS WATERSPORTS<\/title>\n<meta name=\"robots\" content=\"index, follow, max-snippet:-1, max-image-preview:large, max-video-preview:-1\" \/>\n<link rel=\"canonical\" href=\"https:\/\/kparts-watersports.com\/de\/produit\/aluminium-fuselage-kparts-fluegel-mit-kparts-aufnahme\/\" \/>\n<meta property=\"og:locale\" content=\"de_DE\" \/>\n<meta property=\"og:type\" content=\"article\" \/>\n<meta property=\"og:title\" content=\"Aluminium-Fuselage \u2013 KPARTS-Fl\u00fcgel mit KPARTS-Aufnahme - KPARTS WATERSPORTS\" \/>\n<meta property=\"og:description\" content=\"\ud83d\ude9a Auf Lager \u2013 Bearbeitungs- &amp; Versandzeit: 3 Tage &nbsp; Dieser Fuselage ist eloxiert und zus\u00e4tzlich pulverbeschichtet in Hellgrau: er ist SEHR korrosionsbest\u00e4ndig! Dieser neue Fuselage erm\u00f6glicht es Ihnen, kosteng\u00fcnstig alle Fl\u00fcgel unserer KPARTS-Serie (SKAL und AROS) mit unseren Carbon- und Aluminium-Masten zu verwenden. Die neue KPARTS-Aufnahme ist eine konische Verbindung mit Fixierung durch 3 \u00d7 M6-Schrauben. Dieses Design sorgt f\u00fcr eine zuverl\u00e4ssige Verbindung und reduziert gleichzeitig die Gr\u00f6\u00dfe des Fuselages auf ein Minimum. Die Geometrie wurde optimiert, um den besten Kompromiss zwischen L\u00e4ngsstabilit\u00e4t und Wendigkeit zu bieten, und das 3-Schrauben-System im hinteren Bereich erm\u00f6glicht eine Standard- oder vordere Position des Stabilisators. Kompatibel mit unserer gesamten KPARTS-Stabilisator-Serie. Lieferung inklusive Edelstahl-A4-Schrauben. Titan-Schraubenset optional: 3 \u00d7 M8x20 (T40) + 3 \u00d7 M6 f\u00fcr die Mast\u2013Fuselage-Montage + 2 \u00d7 M6x14 f\u00fcr den Stabilisator. H\u00fclle nicht enthalten. &nbsp;\" \/>\n<meta property=\"og:url\" content=\"https:\/\/kparts-watersports.com\/de\/produit\/aluminium-fuselage-kparts-fluegel-mit-kparts-aufnahme\/\" \/>\n<meta property=\"og:site_name\" content=\"KPARTS WATERSPORTS\" \/>\n<meta property=\"article:publisher\" content=\"https:\/\/www.facebook.com\/people\/AP-3D-Custom\/100076804732870\/\" \/>\n<meta property=\"og:image\" content=\"https:\/\/kparts-watersports.com\/wp-content\/uploads\/2025\/11\/Fuselage_KPARTS_KPARTS_UP-1.webp\" \/>\n\t<meta property=\"og:image:width\" content=\"600\" \/>\n\t<meta property=\"og:image:height\" content=\"600\" \/>\n\t<meta property=\"og:image:type\" content=\"image\/webp\" \/>\n<meta name=\"twitter:card\" content=\"summary_large_image\" \/>\n<meta name=\"twitter:label1\" content=\"Gesch\u00e4tzte Lesezeit\" \/>\n\t<meta name=\"twitter:data1\" content=\"1 minute\" \/>\n<script type=\"application\/ld+json\" class=\"yoast-schema-graph\">{\"@context\":\"https:\\\/\\\/schema.org\",\"@graph\":[{\"@type\":\"WebPage\",\"@id\":\"https:\\\/\\\/kparts-watersports.com\\\/de\\\/produit\\\/aluminium-fuselage-kparts-fluegel-mit-kparts-aufnahme\\\/\",\"url\":\"https:\\\/\\\/kparts-watersports.com\\\/de\\\/produit\\\/aluminium-fuselage-kparts-fluegel-mit-kparts-aufnahme\\\/\",\"name\":\"Aluminium-Fuselage \u2013 KPARTS-Fl\u00fcgel mit KPARTS-Aufnahme - KPARTS WATERSPORTS\",\"isPartOf\":{\"@id\":\"https:\\\/\\\/blanchedalmond-oryx-541128.hostingersite.com\\\/#website\"},\"primaryImageOfPage\":{\"@id\":\"https:\\\/\\\/kparts-watersports.com\\\/de\\\/produit\\\/aluminium-fuselage-kparts-fluegel-mit-kparts-aufnahme\\\/#primaryimage\"},\"image\":{\"@id\":\"https:\\\/\\\/kparts-watersports.com\\\/de\\\/produit\\\/aluminium-fuselage-kparts-fluegel-mit-kparts-aufnahme\\\/#primaryimage\"},\"thumbnailUrl\":\"https:\\\/\\\/kparts-watersports.com\\\/wp-content\\\/uploads\\\/2025\\\/11\\\/Fuselage_KPARTS_KPARTS_UP-1.webp\",\"datePublished\":\"2025-11-08T14:40:53+00:00\",\"breadcrumb\":{\"@id\":\"https:\\\/\\\/kparts-watersports.com\\\/de\\\/produit\\\/aluminium-fuselage-kparts-fluegel-mit-kparts-aufnahme\\\/#breadcrumb\"},\"inLanguage\":\"de-DE\",\"potentialAction\":[{\"@type\":\"ReadAction\",\"target\":[\"https:\\\/\\\/kparts-watersports.com\\\/de\\\/produit\\\/aluminium-fuselage-kparts-fluegel-mit-kparts-aufnahme\\\/\"]}]},{\"@type\":\"ImageObject\",\"inLanguage\":\"de-DE\",\"@id\":\"https:\\\/\\\/kparts-watersports.com\\\/de\\\/produit\\\/aluminium-fuselage-kparts-fluegel-mit-kparts-aufnahme\\\/#primaryimage\",\"url\":\"https:\\\/\\\/kparts-watersports.com\\\/wp-content\\\/uploads\\\/2025\\\/11\\\/Fuselage_KPARTS_KPARTS_UP-1.webp\",\"contentUrl\":\"https:\\\/\\\/kparts-watersports.com\\\/wp-content\\\/uploads\\\/2025\\\/11\\\/Fuselage_KPARTS_KPARTS_UP-1.webp\",\"width\":600,\"height\":600},{\"@type\":\"BreadcrumbList\",\"@id\":\"https:\\\/\\\/kparts-watersports.com\\\/de\\\/produit\\\/aluminium-fuselage-kparts-fluegel-mit-kparts-aufnahme\\\/#breadcrumb\",\"itemListElement\":[{\"@type\":\"ListItem\",\"position\":1,\"name\":\"Accueil\",\"item\":\"https:\\\/\\\/kparts-watersports.com\\\/de\\\/accueil\\\/\"},{\"@type\":\"ListItem\",\"position\":2,\"name\":\"Shop\",\"item\":\"https:\\\/\\\/kparts-watersports.com\\\/boutique-w\\\/\"},{\"@type\":\"ListItem\",\"position\":3,\"name\":\"Aluminium-Fuselage \u2013 KPARTS-Fl\u00fcgel mit KPARTS-Aufnahme\"}]},{\"@type\":\"WebSite\",\"@id\":\"https:\\\/\\\/blanchedalmond-oryx-541128.hostingersite.com\\\/#website\",\"url\":\"https:\\\/\\\/blanchedalmond-oryx-541128.hostingersite.com\\\/\",\"name\":\"KPARTS WATERSPORTS\",\"description\":\"Accessoires custom pour sports nautiques\",\"publisher\":{\"@id\":\"https:\\\/\\\/blanchedalmond-oryx-541128.hostingersite.com\\\/#organization\"},\"potentialAction\":[{\"@type\":\"SearchAction\",\"target\":{\"@type\":\"EntryPoint\",\"urlTemplate\":\"https:\\\/\\\/blanchedalmond-oryx-541128.hostingersite.com\\\/?s={search_term_string}\"},\"query-input\":{\"@type\":\"PropertyValueSpecification\",\"valueRequired\":true,\"valueName\":\"search_term_string\"}}],\"inLanguage\":\"de-DE\"},{\"@type\":\"Organization\",\"@id\":\"https:\\\/\\\/blanchedalmond-oryx-541128.hostingersite.com\\\/#organization\",\"name\":\"KPARTS WATERSPORTS\",\"url\":\"https:\\\/\\\/blanchedalmond-oryx-541128.hostingersite.com\\\/\",\"logo\":{\"@type\":\"ImageObject\",\"inLanguage\":\"de-DE\",\"@id\":\"https:\\\/\\\/blanchedalmond-oryx-541128.hostingersite.com\\\/#\\\/schema\\\/logo\\\/image\\\/\",\"url\":\"https:\\\/\\\/kparts-watersports.ovh\\\/wp-content\\\/uploads\\\/2024\\\/09\\\/Kparts-Logo-Favicon.jpg\",\"contentUrl\":\"https:\\\/\\\/kparts-watersports.ovh\\\/wp-content\\\/uploads\\\/2024\\\/09\\\/Kparts-Logo-Favicon.jpg\",\"width\":600,\"height\":600,\"caption\":\"KPARTS WATERSPORTS\"},\"image\":{\"@id\":\"https:\\\/\\\/blanchedalmond-oryx-541128.hostingersite.com\\\/#\\\/schema\\\/logo\\\/image\\\/\"},\"sameAs\":[\"https:\\\/\\\/www.facebook.com\\\/people\\\/AP-3D-Custom\\\/100076804732870\\\/\",\"https:\\\/\\\/www.instagram.com\\\/ap3dcustom\\\/\"]}]}<\/script>\n<!-- \/ Yoast SEO plugin. -->","yoast_head_json":{"title":"Aluminium-Fuselage \u2013 KPARTS-Fl\u00fcgel mit KPARTS-Aufnahme - KPARTS WATERSPORTS","robots":{"index":"index","follow":"follow","max-snippet":"max-snippet:-1","max-image-preview":"max-image-preview:large","max-video-preview":"max-video-preview:-1"},"canonical":"https:\/\/kparts-watersports.com\/de\/produit\/aluminium-fuselage-kparts-fluegel-mit-kparts-aufnahme\/","og_locale":"de_DE","og_type":"article","og_title":"Aluminium-Fuselage \u2013 KPARTS-Fl\u00fcgel mit KPARTS-Aufnahme - KPARTS WATERSPORTS","og_description":"\ud83d\ude9a Auf Lager \u2013 Bearbeitungs- &amp; Versandzeit: 3 Tage &nbsp; Dieser Fuselage ist eloxiert und zus\u00e4tzlich pulverbeschichtet in Hellgrau: er ist SEHR korrosionsbest\u00e4ndig! Dieser neue Fuselage erm\u00f6glicht es Ihnen, kosteng\u00fcnstig alle Fl\u00fcgel unserer KPARTS-Serie (SKAL und AROS) mit unseren Carbon- und Aluminium-Masten zu verwenden. Die neue KPARTS-Aufnahme ist eine konische Verbindung mit Fixierung durch 3 \u00d7 M6-Schrauben. Dieses Design sorgt f\u00fcr eine zuverl\u00e4ssige Verbindung und reduziert gleichzeitig die Gr\u00f6\u00dfe des Fuselages auf ein Minimum. Die Geometrie wurde optimiert, um den besten Kompromiss zwischen L\u00e4ngsstabilit\u00e4t und Wendigkeit zu bieten, und das 3-Schrauben-System im hinteren Bereich erm\u00f6glicht eine Standard- oder vordere Position des Stabilisators. Kompatibel mit unserer gesamten KPARTS-Stabilisator-Serie. Lieferung inklusive Edelstahl-A4-Schrauben. Titan-Schraubenset optional: 3 \u00d7 M8x20 (T40) + 3 \u00d7 M6 f\u00fcr die Mast\u2013Fuselage-Montage + 2 \u00d7 M6x14 f\u00fcr den Stabilisator. H\u00fclle nicht enthalten. &nbsp;","og_url":"https:\/\/kparts-watersports.com\/de\/produit\/aluminium-fuselage-kparts-fluegel-mit-kparts-aufnahme\/","og_site_name":"KPARTS WATERSPORTS","article_publisher":"https:\/\/www.facebook.com\/people\/AP-3D-Custom\/100076804732870\/","og_image":[{"width":600,"height":600,"url":"https:\/\/kparts-watersports.com\/wp-content\/uploads\/2025\/11\/Fuselage_KPARTS_KPARTS_UP-1.webp","type":"image\/webp"}],"twitter_card":"summary_large_image","twitter_misc":{"Gesch\u00e4tzte Lesezeit":"1 minute"},"schema":{"@context":"https:\/\/schema.org","@graph":[{"@type":"WebPage","@id":"https:\/\/kparts-watersports.com\/de\/produit\/aluminium-fuselage-kparts-fluegel-mit-kparts-aufnahme\/","url":"https:\/\/kparts-watersports.com\/de\/produit\/aluminium-fuselage-kparts-fluegel-mit-kparts-aufnahme\/","name":"Aluminium-Fuselage \u2013 KPARTS-Fl\u00fcgel mit KPARTS-Aufnahme - KPARTS WATERSPORTS","isPartOf":{"@id":"https:\/\/blanchedalmond-oryx-541128.hostingersite.com\/#website"},"primaryImageOfPage":{"@id":"https:\/\/kparts-watersports.com\/de\/produit\/aluminium-fuselage-kparts-fluegel-mit-kparts-aufnahme\/#primaryimage"},"image":{"@id":"https:\/\/kparts-watersports.com\/de\/produit\/aluminium-fuselage-kparts-fluegel-mit-kparts-aufnahme\/#primaryimage"},"thumbnailUrl":"https:\/\/kparts-watersports.com\/wp-content\/uploads\/2025\/11\/Fuselage_KPARTS_KPARTS_UP-1.webp","datePublished":"2025-11-08T14:40:53+00:00","breadcrumb":{"@id":"https:\/\/kparts-watersports.com\/de\/produit\/aluminium-fuselage-kparts-fluegel-mit-kparts-aufnahme\/#breadcrumb"},"inLanguage":"de-DE","potentialAction":[{"@type":"ReadAction","target":["https:\/\/kparts-watersports.com\/de\/produit\/aluminium-fuselage-kparts-fluegel-mit-kparts-aufnahme\/"]}]},{"@type":"ImageObject","inLanguage":"de-DE","@id":"https:\/\/kparts-watersports.com\/de\/produit\/aluminium-fuselage-kparts-fluegel-mit-kparts-aufnahme\/#primaryimage","url":"https:\/\/kparts-watersports.com\/wp-content\/uploads\/2025\/11\/Fuselage_KPARTS_KPARTS_UP-1.webp","contentUrl":"https:\/\/kparts-watersports.com\/wp-content\/uploads\/2025\/11\/Fuselage_KPARTS_KPARTS_UP-1.webp","width":600,"height":600},{"@type":"BreadcrumbList","@id":"https:\/\/kparts-watersports.com\/de\/produit\/aluminium-fuselage-kparts-fluegel-mit-kparts-aufnahme\/#breadcrumb","itemListElement":[{"@type":"ListItem","position":1,"name":"Accueil","item":"https:\/\/kparts-watersports.com\/de\/accueil\/"},{"@type":"ListItem","position":2,"name":"Shop","item":"https:\/\/kparts-watersports.com\/boutique-w\/"},{"@type":"ListItem","position":3,"name":"Aluminium-Fuselage \u2013 KPARTS-Fl\u00fcgel mit KPARTS-Aufnahme"}]},{"@type":"WebSite","@id":"https:\/\/blanchedalmond-oryx-541128.hostingersite.com\/#website","url":"https:\/\/blanchedalmond-oryx-541128.hostingersite.com\/","name":"KPARTS WATERSPORTS","description":"Accessoires custom pour sports nautiques","publisher":{"@id":"https:\/\/blanchedalmond-oryx-541128.hostingersite.com\/#organization"},"potentialAction":[{"@type":"SearchAction","target":{"@type":"EntryPoint","urlTemplate":"https:\/\/blanchedalmond-oryx-541128.hostingersite.com\/?s={search_term_string}"},"query-input":{"@type":"PropertyValueSpecification","valueRequired":true,"valueName":"search_term_string"}}],"inLanguage":"de-DE"},{"@type":"Organization","@id":"https:\/\/blanchedalmond-oryx-541128.hostingersite.com\/#organization","name":"KPARTS WATERSPORTS","url":"https:\/\/blanchedalmond-oryx-541128.hostingersite.com\/","logo":{"@type":"ImageObject","inLanguage":"de-DE","@id":"https:\/\/blanchedalmond-oryx-541128.hostingersite.com\/#\/schema\/logo\/image\/","url":"https:\/\/kparts-watersports.ovh\/wp-content\/uploads\/2024\/09\/Kparts-Logo-Favicon.jpg","contentUrl":"https:\/\/kparts-watersports.ovh\/wp-content\/uploads\/2024\/09\/Kparts-Logo-Favicon.jpg","width":600,"height":600,"caption":"KPARTS WATERSPORTS"},"image":{"@id":"https:\/\/blanchedalmond-oryx-541128.hostingersite.com\/#\/schema\/logo\/image\/"},"sameAs":["https:\/\/www.facebook.com\/people\/AP-3D-Custom\/100076804732870\/","https:\/\/www.instagram.com\/ap3dcustom\/"]}]}},"jetpack_sharing_enabled":true,"_links":{"self":[{"href":"https:\/\/kparts-watersports.com\/de\/wp-json\/wp\/v2\/product\/16996","targetHints":{"allow":["GET"]}}],"collection":[{"href":"https:\/\/kparts-watersports.com\/de\/wp-json\/wp\/v2\/product"}],"about":[{"href":"https:\/\/kparts-watersports.com\/de\/wp-json\/wp\/v2\/types\/product"}],"replies":[{"embeddable":true,"href":"https:\/\/kparts-watersports.com\/de\/wp-json\/wp\/v2\/comments?post=16996"}],"wp:featuredmedia":[{"embeddable":true,"href":"https:\/\/kparts-watersports.com\/de\/wp-json\/wp\/v2\/media\/16997"}],"wp:attachment":[{"href":"https:\/\/kparts-watersports.com\/de\/wp-json\/wp\/v2\/media?parent=16996"}],"wp:term":[{"taxonomy":"product_brand","embeddable":true,"href":"https:\/\/kparts-watersports.com\/de\/wp-json\/wp\/v2\/product_brand?post=16996"},{"taxonomy":"product_cat","embeddable":true,"href":"https:\/\/kparts-watersports.com\/de\/wp-json\/wp\/v2\/product_cat?post=16996"},{"taxonomy":"product_tag","embeddable":true,"href":"https:\/\/kparts-watersports.com\/de\/wp-json\/wp\/v2\/product_tag?post=16996"}],"curies":[{"name":"wp","href":"https:\/\/api.w.org\/{rel}","templated":true}]}}