{"id":17035,"date":"2025-11-08T16:03:48","date_gmt":"2025-11-08T15:03:48","guid":{"rendered":"https:\/\/kparts-watersports.com\/produit\/titan-carbon-fuselage-kparts-fluegel-mit-kparts-steckverbindung\/"},"modified":"2025-11-08T16:03:48","modified_gmt":"2025-11-08T15:03:48","slug":"titan-carbon-fuselage-kparts-fluegel-mit-kparts-steckverbindung","status":"publish","type":"product","link":"https:\/\/kparts-watersports.com\/de\/produit\/titan-carbon-fuselage-kparts-fluegel-mit-kparts-steckverbindung\/","title":{"rendered":"Titan-Carbon-Fuselage \u2013 KPARTS-Fl\u00fcgel mit KPARTS-Steckverbindung"},"content":{"rendered":"<h6 data-start=\"5479\" data-end=\"5539\"><strong>\ud83d\ude9a Auf Lager \u2013 Bearbeitungs- &amp; Versandzeit: 3 Tage<\/strong><\/h6>\n<p>&nbsp;<\/p>\n<p>Dieser Fuselage besteht aus einem vorderen Teil aus gefr\u00e4stem Titan und einem hinteren, abnehmbaren Teil aus Carbon.<\/p>\n<p>Dieser neue <strong data-start=\"348\" data-end=\"359\">Premium<\/strong>-Fuselage, bestehend aus zwei vollst\u00e4ndig demontierbaren Teilen (Vorderteil aus Titan \/ Hinterteil aus Carbon), erm\u00f6glicht die Nutzung aller Fl\u00fcgel unserer KPARTS-Reihe (SKAL und AROS) mit unseren Carbon- und Aluminium-Masten.<\/p>\n<p>Die neue KPARTS-Aufnahme ist eine konische Verbindung mit Fixierung durch 3 \u00d7 M6-Schrauben. Dieses Design sorgt f\u00fcr eine zuverl\u00e4ssige Verbindung und reduziert gleichzeitig die Gr\u00f6\u00dfe des Fuselages auf ein Minimum. <\/p>\n<p>Die Geometrie wurde optimiert, <strong data-start=\"830\" data-end=\"893\">um den besten Kompromiss zwischen L\u00e4ngsstabilit\u00e4t und Wendigkeit <\/strong>zu bieten, und das 3-Schrauben-System im hinteren Bereich erm\u00f6glicht eine Standard- oder vordere Position des Stabilisators.<\/p>\n<p>Kompatibel mit der gesamten KPARTS-Stabilisatorenreihe.<\/p>\n<p>Lieferung inklusive Edelstahl-A4-Schrauben.<\/p>\n<p>Titan-Schraubenset optional: 3 \u00d7 M8x20 (T40) + 3 \u00d7 M6 f\u00fcr die Mast\u2013Fuselage-Montage + 2 \u00d7 M6x14 f\u00fcr den Stabilisator.<\/p>\n<p>H\u00fclle nicht enthalten.<\/p>\n<p><strong>Warum kein Full-Carbon-Fuselage?<\/strong><\/p>\n<p>Die Wahl einer hybriden Konstruktion aus Titan und Carbon ist kein Zufall. Titan erm\u00f6glicht deutlich d\u00fcnnere Wandst\u00e4rken als Carbon, wodurch der Fuselage erheblich schlanker gestaltet werden kann. Zudem l\u00e4sst sich die Verbindung zur Frontfl\u00fcgelaufnahme optimieren und der Querschnitt an der Mastverbindung auf ein Minimum reduzieren.<br \/>Alles ist auf ein einziges Ziel ausgerichtet: einen m\u00f6glichst schlanken Fuselage zu entwickeln, der gleichzeitig eine deutlich h\u00f6here Steifigkeit bietet als ein Full-Carbon-Fuselage.  <\/p>\n<p>.<\/p>\n<p>&nbsp;<\/p>\n","protected":false},"excerpt":{"rendered":"<p>\ud83d\ude9a Auf Lager \u2013 Bearbeitungs- &amp; Versandzeit: 3 Tage &nbsp; Dieser Fuselage besteht aus einem vorderen Teil aus gefr\u00e4stem Titan und einem hinteren, abnehmbaren Teil aus Carbon. Dieser neue Premium-Fuselage, bestehend aus zwei vollst\u00e4ndig demontierbaren Teilen (Vorderteil aus Titan \/ Hinterteil aus Carbon), erm\u00f6glicht die Nutzung aller Fl\u00fcgel unserer KPARTS-Reihe (SKAL und AROS) mit unseren Carbon- und Aluminium-Masten. Die neue KPARTS-Aufnahme ist eine konische Verbindung mit Fixierung durch 3 \u00d7 M6-Schrauben. Dieses Design sorgt f\u00fcr eine zuverl\u00e4ssige Verbindung und reduziert gleichzeitig die Gr\u00f6\u00dfe des Fuselages auf ein Minimum. Die Geometrie wurde optimiert, um den besten Kompromiss zwischen L\u00e4ngsstabilit\u00e4t und Wendigkeit zu bieten, und das 3-Schrauben-System im hinteren Bereich erm\u00f6glicht eine Standard- oder vordere Position des Stabilisators. Kompatibel mit der gesamten KPARTS-Stabilisatorenreihe. Lieferung inklusive Edelstahl-A4-Schrauben. Titan-Schraubenset optional: 3 \u00d7 M8x20 (T40) + 3 \u00d7 M6 f\u00fcr die Mast\u2013Fuselage-Montage + 2 \u00d7 M6x14 f\u00fcr den Stabilisator. H\u00fclle nicht enthalten. Warum kein Full-Carbon-Fuselage? Die Wahl einer hybriden Konstruktion aus Titan und Carbon ist kein Zufall. Titan erm\u00f6glicht deutlich d\u00fcnnere Wandst\u00e4rken als Carbon, wodurch der Fuselage erheblich schlanker gestaltet werden kann. Zudem l\u00e4sst sich die Verbindung zur Frontfl\u00fcgelaufnahme optimieren und der Querschnitt an der Mastverbindung auf ein Minimum reduzieren.Alles ist auf ein einziges Ziel ausgerichtet: einen m\u00f6glichst schlanken Fuselage zu entwickeln, der gleichzeitig eine deutlich h\u00f6here Steifigkeit bietet als ein Full-Carbon-Fuselage. . &nbsp;<\/p>\n","protected":false},"featured_media":17037,"comment_status":"open","ping_status":"closed","template":"","meta":{"site-sidebar-layout":"default","site-content-layout":"","ast-site-content-layout":"default","site-content-style":"default","site-sidebar-style":"default","ast-global-header-display":"","ast-banner-title-visibility":"","ast-main-header-display":"","ast-hfb-above-header-display":"","ast-hfb-below-header-display":"","ast-hfb-mobile-header-display":"","site-post-title":"","ast-breadcrumbs-content":"","ast-featured-img":"","footer-sml-layout":"","ast-disable-related-posts":"","theme-transparent-header-meta":"default","adv-header-id-meta":"","stick-header-meta":"","header-above-stick-meta":"","header-main-stick-meta":"","header-below-stick-meta":"","astra-migrate-meta-layouts":"default","ast-page-background-enabled":"default","ast-page-background-meta":{"desktop":{"background-color":"var(--ast-global-color-4)","background-image":"","background-repeat":"repeat","background-position":"center center","background-size":"auto","background-attachment":"scroll","background-type":"","background-media":"","overlay-type":"","overlay-color":"","overlay-opacity":"","overlay-gradient":""},"tablet":{"background-color":"","background-image":"","background-repeat":"repeat","background-position":"center center","background-size":"auto","background-attachment":"scroll","background-type":"","background-media":"","overlay-type":"","overlay-color":"","overlay-opacity":"","overlay-gradient":""},"mobile":{"background-color":"","background-image":"","background-repeat":"repeat","background-position":"center center","background-size":"auto","background-attachment":"scroll","background-type":"","background-media":"","overlay-type":"","overlay-color":"","overlay-opacity":"","overlay-gradient":""}},"ast-content-background-meta":{"desktop":{"background-color":"var(--ast-global-color-5)","background-image":"","background-repeat":"repeat","background-position":"center center","background-size":"auto","background-attachment":"scroll","background-type":"","background-media":"","overlay-type":"","overlay-color":"","overlay-opacity":"","overlay-gradient":""},"tablet":{"background-color":"var(--ast-global-color-5)","background-image":"","background-repeat":"repeat","background-position":"center center","background-size":"auto","background-attachment":"scroll","background-type":"","background-media":"","overlay-type":"","overlay-color":"","overlay-opacity":"","overlay-gradient":""},"mobile":{"background-color":"var(--ast-global-color-5)","background-image":"","background-repeat":"repeat","background-position":"center center","background-size":"auto","background-attachment":"scroll","background-type":"","background-media":"","overlay-type":"","overlay-color":"","overlay-opacity":"","overlay-gradient":""}}},"product_brand":[],"product_cat":[211,215],"product_tag":[],"class_list":{"0":"post-17035","1":"product","2":"type-product","3":"status-publish","4":"has-post-thumbnail","6":"product_cat-foils","7":"product_cat-fuselagen","8":"desktop-align-center","9":"tablet-align-left","10":"mobile-align-left","11":"tm-has-options","13":"first","14":"instock","15":"taxable","16":"shipping-taxable","17":"purchasable","18":"product-type-variable"},"yoast_head":"<!-- This site is optimized with the Yoast SEO plugin v27.3 - https:\/\/yoast.com\/product\/yoast-seo-wordpress\/ -->\n<title>Titan-Carbon-Fuselage \u2013 KPARTS-Fl\u00fcgel mit KPARTS-Steckverbindung - KPARTS WATERSPORTS<\/title>\n<meta name=\"robots\" content=\"index, follow, max-snippet:-1, max-image-preview:large, max-video-preview:-1\" \/>\n<link rel=\"canonical\" href=\"https:\/\/kparts-watersports.com\/de\/produit\/titan-carbon-fuselage-kparts-fluegel-mit-kparts-steckverbindung\/\" \/>\n<meta property=\"og:locale\" content=\"de_DE\" \/>\n<meta property=\"og:type\" content=\"article\" \/>\n<meta property=\"og:title\" content=\"Titan-Carbon-Fuselage \u2013 KPARTS-Fl\u00fcgel mit KPARTS-Steckverbindung - KPARTS WATERSPORTS\" \/>\n<meta property=\"og:description\" content=\"\ud83d\ude9a Auf Lager \u2013 Bearbeitungs- &amp; Versandzeit: 3 Tage &nbsp; Dieser Fuselage besteht aus einem vorderen Teil aus gefr\u00e4stem Titan und einem hinteren, abnehmbaren Teil aus Carbon. Dieser neue Premium-Fuselage, bestehend aus zwei vollst\u00e4ndig demontierbaren Teilen (Vorderteil aus Titan \/ Hinterteil aus Carbon), erm\u00f6glicht die Nutzung aller Fl\u00fcgel unserer KPARTS-Reihe (SKAL und AROS) mit unseren Carbon- und Aluminium-Masten. Die neue KPARTS-Aufnahme ist eine konische Verbindung mit Fixierung durch 3 \u00d7 M6-Schrauben. Dieses Design sorgt f\u00fcr eine zuverl\u00e4ssige Verbindung und reduziert gleichzeitig die Gr\u00f6\u00dfe des Fuselages auf ein Minimum. Die Geometrie wurde optimiert, um den besten Kompromiss zwischen L\u00e4ngsstabilit\u00e4t und Wendigkeit zu bieten, und das 3-Schrauben-System im hinteren Bereich erm\u00f6glicht eine Standard- oder vordere Position des Stabilisators. Kompatibel mit der gesamten KPARTS-Stabilisatorenreihe. Lieferung inklusive Edelstahl-A4-Schrauben. Titan-Schraubenset optional: 3 \u00d7 M8x20 (T40) + 3 \u00d7 M6 f\u00fcr die Mast\u2013Fuselage-Montage + 2 \u00d7 M6x14 f\u00fcr den Stabilisator. H\u00fclle nicht enthalten. Warum kein Full-Carbon-Fuselage? Die Wahl einer hybriden Konstruktion aus Titan und Carbon ist kein Zufall. Titan erm\u00f6glicht deutlich d\u00fcnnere Wandst\u00e4rken als Carbon, wodurch der Fuselage erheblich schlanker gestaltet werden kann. Zudem l\u00e4sst sich die Verbindung zur Frontfl\u00fcgelaufnahme optimieren und der Querschnitt an der Mastverbindung auf ein Minimum reduzieren.Alles ist auf ein einziges Ziel ausgerichtet: einen m\u00f6glichst schlanken Fuselage zu entwickeln, der gleichzeitig eine deutlich h\u00f6here Steifigkeit bietet als ein Full-Carbon-Fuselage. . &nbsp;\" \/>\n<meta property=\"og:url\" content=\"https:\/\/kparts-watersports.com\/de\/produit\/titan-carbon-fuselage-kparts-fluegel-mit-kparts-steckverbindung\/\" \/>\n<meta property=\"og:site_name\" content=\"KPARTS WATERSPORTS\" \/>\n<meta property=\"article:publisher\" content=\"https:\/\/www.facebook.com\/people\/AP-3D-Custom\/100076804732870\/\" \/>\n<meta property=\"og:image\" content=\"https:\/\/kparts-watersports.com\/wp-content\/uploads\/2025\/11\/Fuselage_KPARTS_KPARTS_ti_UP_new_compressed.webp\" \/>\n\t<meta property=\"og:image:width\" content=\"600\" \/>\n\t<meta property=\"og:image:height\" content=\"600\" \/>\n\t<meta property=\"og:image:type\" content=\"image\/webp\" \/>\n<meta name=\"twitter:card\" content=\"summary_large_image\" \/>\n<meta name=\"twitter:label1\" content=\"Gesch\u00e4tzte Lesezeit\" \/>\n\t<meta name=\"twitter:data1\" content=\"1 minute\" \/>\n<script type=\"application\/ld+json\" class=\"yoast-schema-graph\">{\"@context\":\"https:\\\/\\\/schema.org\",\"@graph\":[{\"@type\":\"WebPage\",\"@id\":\"https:\\\/\\\/kparts-watersports.com\\\/de\\\/produit\\\/titan-carbon-fuselage-kparts-fluegel-mit-kparts-steckverbindung\\\/\",\"url\":\"https:\\\/\\\/kparts-watersports.com\\\/de\\\/produit\\\/titan-carbon-fuselage-kparts-fluegel-mit-kparts-steckverbindung\\\/\",\"name\":\"Titan-Carbon-Fuselage \u2013 KPARTS-Fl\u00fcgel mit KPARTS-Steckverbindung - KPARTS WATERSPORTS\",\"isPartOf\":{\"@id\":\"https:\\\/\\\/blanchedalmond-oryx-541128.hostingersite.com\\\/#website\"},\"primaryImageOfPage\":{\"@id\":\"https:\\\/\\\/kparts-watersports.com\\\/de\\\/produit\\\/titan-carbon-fuselage-kparts-fluegel-mit-kparts-steckverbindung\\\/#primaryimage\"},\"image\":{\"@id\":\"https:\\\/\\\/kparts-watersports.com\\\/de\\\/produit\\\/titan-carbon-fuselage-kparts-fluegel-mit-kparts-steckverbindung\\\/#primaryimage\"},\"thumbnailUrl\":\"https:\\\/\\\/kparts-watersports.com\\\/wp-content\\\/uploads\\\/2025\\\/11\\\/Fuselage_KPARTS_KPARTS_ti_UP_new_compressed.webp\",\"datePublished\":\"2025-11-08T15:03:48+00:00\",\"breadcrumb\":{\"@id\":\"https:\\\/\\\/kparts-watersports.com\\\/de\\\/produit\\\/titan-carbon-fuselage-kparts-fluegel-mit-kparts-steckverbindung\\\/#breadcrumb\"},\"inLanguage\":\"de-DE\",\"potentialAction\":[{\"@type\":\"ReadAction\",\"target\":[\"https:\\\/\\\/kparts-watersports.com\\\/de\\\/produit\\\/titan-carbon-fuselage-kparts-fluegel-mit-kparts-steckverbindung\\\/\"]}]},{\"@type\":\"ImageObject\",\"inLanguage\":\"de-DE\",\"@id\":\"https:\\\/\\\/kparts-watersports.com\\\/de\\\/produit\\\/titan-carbon-fuselage-kparts-fluegel-mit-kparts-steckverbindung\\\/#primaryimage\",\"url\":\"https:\\\/\\\/kparts-watersports.com\\\/wp-content\\\/uploads\\\/2025\\\/11\\\/Fuselage_KPARTS_KPARTS_ti_UP_new_compressed.webp\",\"contentUrl\":\"https:\\\/\\\/kparts-watersports.com\\\/wp-content\\\/uploads\\\/2025\\\/11\\\/Fuselage_KPARTS_KPARTS_ti_UP_new_compressed.webp\",\"width\":600,\"height\":600},{\"@type\":\"BreadcrumbList\",\"@id\":\"https:\\\/\\\/kparts-watersports.com\\\/de\\\/produit\\\/titan-carbon-fuselage-kparts-fluegel-mit-kparts-steckverbindung\\\/#breadcrumb\",\"itemListElement\":[{\"@type\":\"ListItem\",\"position\":1,\"name\":\"Accueil\",\"item\":\"https:\\\/\\\/kparts-watersports.com\\\/de\\\/accueil\\\/\"},{\"@type\":\"ListItem\",\"position\":2,\"name\":\"Shop\",\"item\":\"https:\\\/\\\/kparts-watersports.com\\\/boutique-w\\\/\"},{\"@type\":\"ListItem\",\"position\":3,\"name\":\"Titan-Carbon-Fuselage \u2013 KPARTS-Fl\u00fcgel mit KPARTS-Steckverbindung\"}]},{\"@type\":\"WebSite\",\"@id\":\"https:\\\/\\\/blanchedalmond-oryx-541128.hostingersite.com\\\/#website\",\"url\":\"https:\\\/\\\/blanchedalmond-oryx-541128.hostingersite.com\\\/\",\"name\":\"KPARTS WATERSPORTS\",\"description\":\"Accessoires custom pour sports nautiques\",\"publisher\":{\"@id\":\"https:\\\/\\\/blanchedalmond-oryx-541128.hostingersite.com\\\/#organization\"},\"potentialAction\":[{\"@type\":\"SearchAction\",\"target\":{\"@type\":\"EntryPoint\",\"urlTemplate\":\"https:\\\/\\\/blanchedalmond-oryx-541128.hostingersite.com\\\/?s={search_term_string}\"},\"query-input\":{\"@type\":\"PropertyValueSpecification\",\"valueRequired\":true,\"valueName\":\"search_term_string\"}}],\"inLanguage\":\"de-DE\"},{\"@type\":\"Organization\",\"@id\":\"https:\\\/\\\/blanchedalmond-oryx-541128.hostingersite.com\\\/#organization\",\"name\":\"KPARTS WATERSPORTS\",\"url\":\"https:\\\/\\\/blanchedalmond-oryx-541128.hostingersite.com\\\/\",\"logo\":{\"@type\":\"ImageObject\",\"inLanguage\":\"de-DE\",\"@id\":\"https:\\\/\\\/blanchedalmond-oryx-541128.hostingersite.com\\\/#\\\/schema\\\/logo\\\/image\\\/\",\"url\":\"https:\\\/\\\/kparts-watersports.ovh\\\/wp-content\\\/uploads\\\/2024\\\/09\\\/Kparts-Logo-Favicon.jpg\",\"contentUrl\":\"https:\\\/\\\/kparts-watersports.ovh\\\/wp-content\\\/uploads\\\/2024\\\/09\\\/Kparts-Logo-Favicon.jpg\",\"width\":600,\"height\":600,\"caption\":\"KPARTS WATERSPORTS\"},\"image\":{\"@id\":\"https:\\\/\\\/blanchedalmond-oryx-541128.hostingersite.com\\\/#\\\/schema\\\/logo\\\/image\\\/\"},\"sameAs\":[\"https:\\\/\\\/www.facebook.com\\\/people\\\/AP-3D-Custom\\\/100076804732870\\\/\",\"https:\\\/\\\/www.instagram.com\\\/ap3dcustom\\\/\"]}]}<\/script>\n<!-- \/ Yoast SEO plugin. -->","yoast_head_json":{"title":"Titan-Carbon-Fuselage \u2013 KPARTS-Fl\u00fcgel mit KPARTS-Steckverbindung - KPARTS WATERSPORTS","robots":{"index":"index","follow":"follow","max-snippet":"max-snippet:-1","max-image-preview":"max-image-preview:large","max-video-preview":"max-video-preview:-1"},"canonical":"https:\/\/kparts-watersports.com\/de\/produit\/titan-carbon-fuselage-kparts-fluegel-mit-kparts-steckverbindung\/","og_locale":"de_DE","og_type":"article","og_title":"Titan-Carbon-Fuselage \u2013 KPARTS-Fl\u00fcgel mit KPARTS-Steckverbindung - KPARTS WATERSPORTS","og_description":"\ud83d\ude9a Auf Lager \u2013 Bearbeitungs- &amp; Versandzeit: 3 Tage &nbsp; Dieser Fuselage besteht aus einem vorderen Teil aus gefr\u00e4stem Titan und einem hinteren, abnehmbaren Teil aus Carbon. Dieser neue Premium-Fuselage, bestehend aus zwei vollst\u00e4ndig demontierbaren Teilen (Vorderteil aus Titan \/ Hinterteil aus Carbon), erm\u00f6glicht die Nutzung aller Fl\u00fcgel unserer KPARTS-Reihe (SKAL und AROS) mit unseren Carbon- und Aluminium-Masten. Die neue KPARTS-Aufnahme ist eine konische Verbindung mit Fixierung durch 3 \u00d7 M6-Schrauben. Dieses Design sorgt f\u00fcr eine zuverl\u00e4ssige Verbindung und reduziert gleichzeitig die Gr\u00f6\u00dfe des Fuselages auf ein Minimum. Die Geometrie wurde optimiert, um den besten Kompromiss zwischen L\u00e4ngsstabilit\u00e4t und Wendigkeit zu bieten, und das 3-Schrauben-System im hinteren Bereich erm\u00f6glicht eine Standard- oder vordere Position des Stabilisators. Kompatibel mit der gesamten KPARTS-Stabilisatorenreihe. Lieferung inklusive Edelstahl-A4-Schrauben. Titan-Schraubenset optional: 3 \u00d7 M8x20 (T40) + 3 \u00d7 M6 f\u00fcr die Mast\u2013Fuselage-Montage + 2 \u00d7 M6x14 f\u00fcr den Stabilisator. H\u00fclle nicht enthalten. Warum kein Full-Carbon-Fuselage? Die Wahl einer hybriden Konstruktion aus Titan und Carbon ist kein Zufall. Titan erm\u00f6glicht deutlich d\u00fcnnere Wandst\u00e4rken als Carbon, wodurch der Fuselage erheblich schlanker gestaltet werden kann. Zudem l\u00e4sst sich die Verbindung zur Frontfl\u00fcgelaufnahme optimieren und der Querschnitt an der Mastverbindung auf ein Minimum reduzieren.Alles ist auf ein einziges Ziel ausgerichtet: einen m\u00f6glichst schlanken Fuselage zu entwickeln, der gleichzeitig eine deutlich h\u00f6here Steifigkeit bietet als ein Full-Carbon-Fuselage. . &nbsp;","og_url":"https:\/\/kparts-watersports.com\/de\/produit\/titan-carbon-fuselage-kparts-fluegel-mit-kparts-steckverbindung\/","og_site_name":"KPARTS WATERSPORTS","article_publisher":"https:\/\/www.facebook.com\/people\/AP-3D-Custom\/100076804732870\/","og_image":[{"width":600,"height":600,"url":"https:\/\/kparts-watersports.com\/wp-content\/uploads\/2025\/11\/Fuselage_KPARTS_KPARTS_ti_UP_new_compressed.webp","type":"image\/webp"}],"twitter_card":"summary_large_image","twitter_misc":{"Gesch\u00e4tzte Lesezeit":"1 minute"},"schema":{"@context":"https:\/\/schema.org","@graph":[{"@type":"WebPage","@id":"https:\/\/kparts-watersports.com\/de\/produit\/titan-carbon-fuselage-kparts-fluegel-mit-kparts-steckverbindung\/","url":"https:\/\/kparts-watersports.com\/de\/produit\/titan-carbon-fuselage-kparts-fluegel-mit-kparts-steckverbindung\/","name":"Titan-Carbon-Fuselage \u2013 KPARTS-Fl\u00fcgel mit KPARTS-Steckverbindung - KPARTS WATERSPORTS","isPartOf":{"@id":"https:\/\/blanchedalmond-oryx-541128.hostingersite.com\/#website"},"primaryImageOfPage":{"@id":"https:\/\/kparts-watersports.com\/de\/produit\/titan-carbon-fuselage-kparts-fluegel-mit-kparts-steckverbindung\/#primaryimage"},"image":{"@id":"https:\/\/kparts-watersports.com\/de\/produit\/titan-carbon-fuselage-kparts-fluegel-mit-kparts-steckverbindung\/#primaryimage"},"thumbnailUrl":"https:\/\/kparts-watersports.com\/wp-content\/uploads\/2025\/11\/Fuselage_KPARTS_KPARTS_ti_UP_new_compressed.webp","datePublished":"2025-11-08T15:03:48+00:00","breadcrumb":{"@id":"https:\/\/kparts-watersports.com\/de\/produit\/titan-carbon-fuselage-kparts-fluegel-mit-kparts-steckverbindung\/#breadcrumb"},"inLanguage":"de-DE","potentialAction":[{"@type":"ReadAction","target":["https:\/\/kparts-watersports.com\/de\/produit\/titan-carbon-fuselage-kparts-fluegel-mit-kparts-steckverbindung\/"]}]},{"@type":"ImageObject","inLanguage":"de-DE","@id":"https:\/\/kparts-watersports.com\/de\/produit\/titan-carbon-fuselage-kparts-fluegel-mit-kparts-steckverbindung\/#primaryimage","url":"https:\/\/kparts-watersports.com\/wp-content\/uploads\/2025\/11\/Fuselage_KPARTS_KPARTS_ti_UP_new_compressed.webp","contentUrl":"https:\/\/kparts-watersports.com\/wp-content\/uploads\/2025\/11\/Fuselage_KPARTS_KPARTS_ti_UP_new_compressed.webp","width":600,"height":600},{"@type":"BreadcrumbList","@id":"https:\/\/kparts-watersports.com\/de\/produit\/titan-carbon-fuselage-kparts-fluegel-mit-kparts-steckverbindung\/#breadcrumb","itemListElement":[{"@type":"ListItem","position":1,"name":"Accueil","item":"https:\/\/kparts-watersports.com\/de\/accueil\/"},{"@type":"ListItem","position":2,"name":"Shop","item":"https:\/\/kparts-watersports.com\/boutique-w\/"},{"@type":"ListItem","position":3,"name":"Titan-Carbon-Fuselage \u2013 KPARTS-Fl\u00fcgel mit KPARTS-Steckverbindung"}]},{"@type":"WebSite","@id":"https:\/\/blanchedalmond-oryx-541128.hostingersite.com\/#website","url":"https:\/\/blanchedalmond-oryx-541128.hostingersite.com\/","name":"KPARTS WATERSPORTS","description":"Accessoires custom pour sports nautiques","publisher":{"@id":"https:\/\/blanchedalmond-oryx-541128.hostingersite.com\/#organization"},"potentialAction":[{"@type":"SearchAction","target":{"@type":"EntryPoint","urlTemplate":"https:\/\/blanchedalmond-oryx-541128.hostingersite.com\/?s={search_term_string}"},"query-input":{"@type":"PropertyValueSpecification","valueRequired":true,"valueName":"search_term_string"}}],"inLanguage":"de-DE"},{"@type":"Organization","@id":"https:\/\/blanchedalmond-oryx-541128.hostingersite.com\/#organization","name":"KPARTS WATERSPORTS","url":"https:\/\/blanchedalmond-oryx-541128.hostingersite.com\/","logo":{"@type":"ImageObject","inLanguage":"de-DE","@id":"https:\/\/blanchedalmond-oryx-541128.hostingersite.com\/#\/schema\/logo\/image\/","url":"https:\/\/kparts-watersports.ovh\/wp-content\/uploads\/2024\/09\/Kparts-Logo-Favicon.jpg","contentUrl":"https:\/\/kparts-watersports.ovh\/wp-content\/uploads\/2024\/09\/Kparts-Logo-Favicon.jpg","width":600,"height":600,"caption":"KPARTS WATERSPORTS"},"image":{"@id":"https:\/\/blanchedalmond-oryx-541128.hostingersite.com\/#\/schema\/logo\/image\/"},"sameAs":["https:\/\/www.facebook.com\/people\/AP-3D-Custom\/100076804732870\/","https:\/\/www.instagram.com\/ap3dcustom\/"]}]}},"jetpack_sharing_enabled":true,"_links":{"self":[{"href":"https:\/\/kparts-watersports.com\/de\/wp-json\/wp\/v2\/product\/17035","targetHints":{"allow":["GET"]}}],"collection":[{"href":"https:\/\/kparts-watersports.com\/de\/wp-json\/wp\/v2\/product"}],"about":[{"href":"https:\/\/kparts-watersports.com\/de\/wp-json\/wp\/v2\/types\/product"}],"replies":[{"embeddable":true,"href":"https:\/\/kparts-watersports.com\/de\/wp-json\/wp\/v2\/comments?post=17035"}],"wp:featuredmedia":[{"embeddable":true,"href":"https:\/\/kparts-watersports.com\/de\/wp-json\/wp\/v2\/media\/17037"}],"wp:attachment":[{"href":"https:\/\/kparts-watersports.com\/de\/wp-json\/wp\/v2\/media?parent=17035"}],"wp:term":[{"taxonomy":"product_brand","embeddable":true,"href":"https:\/\/kparts-watersports.com\/de\/wp-json\/wp\/v2\/product_brand?post=17035"},{"taxonomy":"product_cat","embeddable":true,"href":"https:\/\/kparts-watersports.com\/de\/wp-json\/wp\/v2\/product_cat?post=17035"},{"taxonomy":"product_tag","embeddable":true,"href":"https:\/\/kparts-watersports.com\/de\/wp-json\/wp\/v2\/product_tag?post=17035"}],"curies":[{"name":"wp","href":"https:\/\/api.w.org\/{rel}","templated":true}]}}