{"id":17053,"date":"2025-11-11T19:47:34","date_gmt":"2025-11-11T18:47:34","guid":{"rendered":"https:\/\/kparts-watersports.com\/produit\/carbon-mast-slim-uhm-kparts\/"},"modified":"2026-04-23T19:05:28","modified_gmt":"2026-04-23T17:05:28","slug":"carbon-mast-slim-uhm-kparts","status":"publish","type":"product","link":"https:\/\/kparts-watersports.com\/de\/produit\/carbon-mast-slim-uhm-kparts\/","title":{"rendered":"Carbon-Mast SLIM UHM \u2013 KPARTS"},"content":{"rendered":"<p data-start=\"431\" data-end=\"840\"><strong>\ud83d\ude9a Auf Lager \u2013 Vorbereitungs- &amp; Versandzeit: 7 Tage<\/strong><\/p>\n<p data-start=\"431\" data-end=\"840\">Unser <strong data-start=\"481\" data-end=\"512\">einteiliger Carbon-Mast KPARTS<\/strong> wurde f\u00fcr Rider entwickelt, die die Fl\u00fcgel unserer KPARTS-Reihe nutzen m\u00f6chten.<\/p>\n<p data-start=\"842\" data-end=\"1088\">Gefertigt aus <strong data-start=\"851\" data-end=\"886\">Ultra High Modulus (UHM)<\/strong> Carbon und als <strong data-start=\"903\" data-end=\"915\">Monoblock konstruiert (Mast und Fu\u00df aus einem St\u00fcck)<\/strong>, bietet dieser Mast eine unvergleichliche Steifigkeit sowie herausragende Gleiteigenschaften und Man\u00f6vrierbarkeit \u2013 dank seiner schlanken Bauweise und der reduzierten Profiltiefe.<\/p>\n<p data-start=\"842\" data-end=\"1088\">Unser Ziel: das beste Verh\u00e4ltnis aus <strong>Qualit\u00e4t, Steifigkeit, Gleiteigenschaften<\/strong> und Preis auf dem Markt zu bieten \u2013 bei gleichzeitig herausragender Zuverl\u00e4ssigkeit dank eines pr\u00e4zisen Designs und einer sorgf\u00e4ltigen Konstruktion. <\/p>\n<p data-start=\"1090\" data-end=\"1305\">\u26a0\ufe0f Dieser Mast ist ausschlie\u00dflich mit unseren KPARTS Aluminium- sowie <strong data-start=\"1131\" data-end=\"1159\">KPARTS Titan\/Carbon-Fuselages kompatibel, ausgestattet mit unserer neuen KPARTS-Steckverbindung (konischer Mastfu\u00df mit 3 \u00d7 M6-Schrauben).<\/strong><br data-start=\"1229\" data-end=\"1232\">(\u27a1\ufe0f Nicht kompatibel mit Adaptern oder Fuselages anderer Marken.)<\/p>\n<h4 data-start=\"1536\" data-end=\"1581\"><strong data-start=\"1540\" data-end=\"1579\">\ud83c\udfc1 SLIM UHM MAST<\/strong><\/h4>\n<ul>\n<li>Mindestseilquerschnitt von <strong style=\"font-size: 16px;\" data-start=\"1603\" data-end=\"1630\">13 mm x 105 mm \u27a1\ufe0f Einzigartiges Gleiten in absoluter Stille!<\/strong><\/li>\n<li data-start=\"1635\" data-end=\"1677\">Dieser aus <strong data-start=\"1648\" data-end=\"1675\">UHM gefertigte Mast ist sowohl bei Biegung als auch bei Torsion sehr steif.<\/strong><\/li>\n<li data-start=\"1680\" data-end=\"1739\"><strong>Carbonplatte enthalten (verklebt).<\/strong><\/li>\n<\/ul>\n<h4 data-start=\"2125\" data-end=\"2154\"><strong data-start=\"2128\" data-end=\"2154\">\u2696\ufe0fGewicht: <\/strong><\/h4>\n<ul data-start=\"2155\" data-end=\"2235\">\n<li data-start=\"2155\" data-end=\"2181\">\n<p data-start=\"2157\" data-end=\"2181\"><strong data-start=\"2157\" data-end=\"2170\">85 cm Mast<\/strong> : 2.0 kg<\/p>\n<\/li>\n<li data-start=\"2182\" data-end=\"2208\">\n<p data-start=\"2184\" data-end=\"2208\"><strong data-start=\"2184\" data-end=\"2197\">80 cm Mast<\/strong> : 1.9 kg<\/p>\n<\/li>\n<li data-start=\"2209\" data-end=\"2235\">\n<p data-start=\"2211\" data-end=\"2235\"><strong data-start=\"2211\" data-end=\"2224\">75 cm Mast<\/strong> : 1,8 kg<\/p>\n<\/li>\n<\/ul>\n<p data-start=\"2211\" data-end=\"2235\"><strong>\ud83d\udea8 Spr\u00fcnge sind nur mit Fl\u00fcgeln erlaubt, deren Spannweite 90 cm nicht \u00fcberschreitet.<\/strong><\/p>\n<p data-start=\"2211\" data-end=\"2235\">Torx-Schl\u00fcssel M6 oder M8 <strong>NICHT INBEGRIFFEN<\/strong><\/p>\n<p data-start=\"2237\" data-end=\"2339\">\n","protected":false},"excerpt":{"rendered":"<p>\ud83d\ude9a Auf Lager \u2013 Vorbereitungs- &amp; Versandzeit: 7 Tage Unser einteiliger Carbon-Mast KPARTS wurde f\u00fcr Rider entwickelt, die die Fl\u00fcgel unserer KPARTS-Reihe nutzen m\u00f6chten. Gefertigt aus Ultra High Modulus (UHM) Carbon und als Monoblock konstruiert (Mast und Fu\u00df aus einem St\u00fcck), bietet dieser Mast eine unvergleichliche Steifigkeit sowie herausragende Gleiteigenschaften und Man\u00f6vrierbarkeit \u2013 dank seiner schlanken Bauweise und der reduzierten Profiltiefe. Unser Ziel: das beste Verh\u00e4ltnis aus Qualit\u00e4t, Steifigkeit, Gleiteigenschaften und Preis auf dem Markt zu bieten \u2013 bei gleichzeitig herausragender Zuverl\u00e4ssigkeit dank eines pr\u00e4zisen Designs und einer sorgf\u00e4ltigen Konstruktion. \u26a0\ufe0f Dieser Mast ist ausschlie\u00dflich mit unseren KPARTS Aluminium- sowie KPARTS Titan\/Carbon-Fuselages kompatibel, ausgestattet mit unserer neuen KPARTS-Steckverbindung (konischer Mastfu\u00df mit 3 \u00d7 M6-Schrauben).(\u27a1\ufe0f Nicht kompatibel mit Adaptern oder Fuselages anderer Marken.) \ud83c\udfc1 SLIM UHM MAST Mindestseilquerschnitt von 13 mm x 105 mm \u27a1\ufe0f Einzigartiges Gleiten in absoluter Stille! Dieser aus UHM gefertigte Mast ist sowohl bei Biegung als auch bei Torsion sehr steif. Carbonplatte enthalten (verklebt). \u2696\ufe0fGewicht: 85 cm Mast : 2.0 kg 80 cm Mast : 1.9 kg 75 cm Mast : 1,8 kg \ud83d\udea8 Spr\u00fcnge sind nur mit Fl\u00fcgeln erlaubt, deren Spannweite 90 cm nicht \u00fcberschreitet. Torx-Schl\u00fcssel M6 oder M8 NICHT INBEGRIFFEN<\/p>\n","protected":false},"featured_media":17062,"comment_status":"open","ping_status":"closed","template":"","meta":{"site-sidebar-layout":"default","site-content-layout":"","ast-site-content-layout":"default","site-content-style":"default","site-sidebar-style":"default","ast-global-header-display":"","ast-banner-title-visibility":"","ast-main-header-display":"","ast-hfb-above-header-display":"","ast-hfb-below-header-display":"","ast-hfb-mobile-header-display":"","site-post-title":"","ast-breadcrumbs-content":"","ast-featured-img":"","footer-sml-layout":"","ast-disable-related-posts":"","theme-transparent-header-meta":"default","adv-header-id-meta":"","stick-header-meta":"","header-above-stick-meta":"","header-main-stick-meta":"","header-below-stick-meta":"","astra-migrate-meta-layouts":"default","ast-page-background-enabled":"default","ast-page-background-meta":{"desktop":{"background-color":"var(--ast-global-color-4)","background-image":"","background-repeat":"repeat","background-position":"center center","background-size":"auto","background-attachment":"scroll","background-type":"","background-media":"","overlay-type":"","overlay-color":"","overlay-opacity":"","overlay-gradient":""},"tablet":{"background-color":"","background-image":"","background-repeat":"repeat","background-position":"center center","background-size":"auto","background-attachment":"scroll","background-type":"","background-media":"","overlay-type":"","overlay-color":"","overlay-opacity":"","overlay-gradient":""},"mobile":{"background-color":"","background-image":"","background-repeat":"repeat","background-position":"center center","background-size":"auto","background-attachment":"scroll","background-type":"","background-media":"","overlay-type":"","overlay-color":"","overlay-opacity":"","overlay-gradient":""}},"ast-content-background-meta":{"desktop":{"background-color":"var(--ast-global-color-5)","background-image":"","background-repeat":"repeat","background-position":"center center","background-size":"auto","background-attachment":"scroll","background-type":"","background-media":"","overlay-type":"","overlay-color":"","overlay-opacity":"","overlay-gradient":""},"tablet":{"background-color":"var(--ast-global-color-5)","background-image":"","background-repeat":"repeat","background-position":"center center","background-size":"auto","background-attachment":"scroll","background-type":"","background-media":"","overlay-type":"","overlay-color":"","overlay-opacity":"","overlay-gradient":""},"mobile":{"background-color":"var(--ast-global-color-5)","background-image":"","background-repeat":"repeat","background-position":"center center","background-size":"auto","background-attachment":"scroll","background-type":"","background-media":"","overlay-type":"","overlay-color":"","overlay-opacity":"","overlay-gradient":""}}},"product_brand":[],"product_cat":[211,217],"product_tag":[],"class_list":{"0":"post-17053","1":"product","2":"type-product","3":"status-publish","4":"has-post-thumbnail","6":"product_cat-foils","7":"product_cat-maste","8":"product_shipping_class-schwere-oder-sperrige-produkte","9":"desktop-align-center","10":"tablet-align-left","11":"mobile-align-left","12":"tm-has-options","14":"first","15":"instock","16":"taxable","17":"shipping-taxable","18":"purchasable","19":"product-type-variable"},"yoast_head":"<!-- This site is optimized with the Yoast SEO plugin v27.3 - https:\/\/yoast.com\/product\/yoast-seo-wordpress\/ -->\n<title>Carbon-Mast SLIM UHM \u2013 KPARTS - KPARTS WATERSPORTS<\/title>\n<meta name=\"robots\" content=\"index, follow, max-snippet:-1, max-image-preview:large, max-video-preview:-1\" \/>\n<link rel=\"canonical\" href=\"https:\/\/kparts-watersports.com\/de\/produit\/carbon-mast-slim-uhm-kparts\/\" \/>\n<meta property=\"og:locale\" content=\"de_DE\" \/>\n<meta property=\"og:type\" content=\"article\" \/>\n<meta property=\"og:title\" content=\"Carbon-Mast SLIM UHM \u2013 KPARTS - KPARTS WATERSPORTS\" \/>\n<meta property=\"og:description\" content=\"\ud83d\ude9a Auf Lager \u2013 Vorbereitungs- &amp; Versandzeit: 7 Tage Unser einteiliger Carbon-Mast KPARTS wurde f\u00fcr Rider entwickelt, die die Fl\u00fcgel unserer KPARTS-Reihe nutzen m\u00f6chten. Gefertigt aus Ultra High Modulus (UHM) Carbon und als Monoblock konstruiert (Mast und Fu\u00df aus einem St\u00fcck), bietet dieser Mast eine unvergleichliche Steifigkeit sowie herausragende Gleiteigenschaften und Man\u00f6vrierbarkeit \u2013 dank seiner schlanken Bauweise und der reduzierten Profiltiefe. Unser Ziel: das beste Verh\u00e4ltnis aus Qualit\u00e4t, Steifigkeit, Gleiteigenschaften und Preis auf dem Markt zu bieten \u2013 bei gleichzeitig herausragender Zuverl\u00e4ssigkeit dank eines pr\u00e4zisen Designs und einer sorgf\u00e4ltigen Konstruktion. \u26a0\ufe0f Dieser Mast ist ausschlie\u00dflich mit unseren KPARTS Aluminium- sowie KPARTS Titan\/Carbon-Fuselages kompatibel, ausgestattet mit unserer neuen KPARTS-Steckverbindung (konischer Mastfu\u00df mit 3 \u00d7 M6-Schrauben).(\u27a1\ufe0f Nicht kompatibel mit Adaptern oder Fuselages anderer Marken.) \ud83c\udfc1 SLIM UHM MAST Mindestseilquerschnitt von 13 mm x 105 mm \u27a1\ufe0f Einzigartiges Gleiten in absoluter Stille! Dieser aus UHM gefertigte Mast ist sowohl bei Biegung als auch bei Torsion sehr steif. Carbonplatte enthalten (verklebt). \u2696\ufe0fGewicht: 85 cm Mast : 2.0 kg 80 cm Mast : 1.9 kg 75 cm Mast : 1,8 kg \ud83d\udea8 Spr\u00fcnge sind nur mit Fl\u00fcgeln erlaubt, deren Spannweite 90 cm nicht \u00fcberschreitet. Torx-Schl\u00fcssel M6 oder M8 NICHT INBEGRIFFEN\" \/>\n<meta property=\"og:url\" content=\"https:\/\/kparts-watersports.com\/de\/produit\/carbon-mast-slim-uhm-kparts\/\" \/>\n<meta property=\"og:site_name\" content=\"KPARTS WATERSPORTS\" \/>\n<meta property=\"article:publisher\" content=\"https:\/\/www.facebook.com\/people\/AP-3D-Custom\/100076804732870\/\" \/>\n<meta property=\"article:modified_time\" content=\"2026-04-23T17:05:28+00:00\" \/>\n<meta property=\"og:image\" content=\"https:\/\/kparts-watersports.com\/wp-content\/uploads\/2025\/11\/Rendu_Mat-Monobloc-KPARTS_resized_new.png\" \/>\n\t<meta property=\"og:image:width\" content=\"600\" \/>\n\t<meta property=\"og:image:height\" content=\"600\" \/>\n\t<meta property=\"og:image:type\" content=\"image\/png\" \/>\n<meta name=\"twitter:card\" content=\"summary_large_image\" \/>\n<meta name=\"twitter:label1\" content=\"Gesch\u00e4tzte Lesezeit\" \/>\n\t<meta name=\"twitter:data1\" content=\"1 minute\" \/>\n<script type=\"application\/ld+json\" class=\"yoast-schema-graph\">{\"@context\":\"https:\\\/\\\/schema.org\",\"@graph\":[{\"@type\":\"WebPage\",\"@id\":\"https:\\\/\\\/kparts-watersports.com\\\/de\\\/produit\\\/carbon-mast-slim-uhm-kparts\\\/\",\"url\":\"https:\\\/\\\/kparts-watersports.com\\\/de\\\/produit\\\/carbon-mast-slim-uhm-kparts\\\/\",\"name\":\"Carbon-Mast SLIM UHM \u2013 KPARTS - KPARTS WATERSPORTS\",\"isPartOf\":{\"@id\":\"https:\\\/\\\/blanchedalmond-oryx-541128.hostingersite.com\\\/#website\"},\"primaryImageOfPage\":{\"@id\":\"https:\\\/\\\/kparts-watersports.com\\\/de\\\/produit\\\/carbon-mast-slim-uhm-kparts\\\/#primaryimage\"},\"image\":{\"@id\":\"https:\\\/\\\/kparts-watersports.com\\\/de\\\/produit\\\/carbon-mast-slim-uhm-kparts\\\/#primaryimage\"},\"thumbnailUrl\":\"https:\\\/\\\/kparts-watersports.com\\\/wp-content\\\/uploads\\\/2025\\\/11\\\/Rendu_Mat-Monobloc-KPARTS_resized_new.png\",\"datePublished\":\"2025-11-11T18:47:34+00:00\",\"dateModified\":\"2026-04-23T17:05:28+00:00\",\"breadcrumb\":{\"@id\":\"https:\\\/\\\/kparts-watersports.com\\\/de\\\/produit\\\/carbon-mast-slim-uhm-kparts\\\/#breadcrumb\"},\"inLanguage\":\"de-DE\",\"potentialAction\":[{\"@type\":\"ReadAction\",\"target\":[\"https:\\\/\\\/kparts-watersports.com\\\/de\\\/produit\\\/carbon-mast-slim-uhm-kparts\\\/\"]}]},{\"@type\":\"ImageObject\",\"inLanguage\":\"de-DE\",\"@id\":\"https:\\\/\\\/kparts-watersports.com\\\/de\\\/produit\\\/carbon-mast-slim-uhm-kparts\\\/#primaryimage\",\"url\":\"https:\\\/\\\/kparts-watersports.com\\\/wp-content\\\/uploads\\\/2025\\\/11\\\/Rendu_Mat-Monobloc-KPARTS_resized_new.png\",\"contentUrl\":\"https:\\\/\\\/kparts-watersports.com\\\/wp-content\\\/uploads\\\/2025\\\/11\\\/Rendu_Mat-Monobloc-KPARTS_resized_new.png\",\"width\":600,\"height\":600},{\"@type\":\"BreadcrumbList\",\"@id\":\"https:\\\/\\\/kparts-watersports.com\\\/de\\\/produit\\\/carbon-mast-slim-uhm-kparts\\\/#breadcrumb\",\"itemListElement\":[{\"@type\":\"ListItem\",\"position\":1,\"name\":\"Accueil\",\"item\":\"https:\\\/\\\/kparts-watersports.com\\\/de\\\/accueil\\\/\"},{\"@type\":\"ListItem\",\"position\":2,\"name\":\"Shop\",\"item\":\"https:\\\/\\\/kparts-watersports.com\\\/boutique-w\\\/\"},{\"@type\":\"ListItem\",\"position\":3,\"name\":\"Carbon-Mast SLIM UHM \u2013 KPARTS\"}]},{\"@type\":\"WebSite\",\"@id\":\"https:\\\/\\\/blanchedalmond-oryx-541128.hostingersite.com\\\/#website\",\"url\":\"https:\\\/\\\/blanchedalmond-oryx-541128.hostingersite.com\\\/\",\"name\":\"KPARTS WATERSPORTS\",\"description\":\"Accessoires custom pour sports nautiques\",\"publisher\":{\"@id\":\"https:\\\/\\\/blanchedalmond-oryx-541128.hostingersite.com\\\/#organization\"},\"potentialAction\":[{\"@type\":\"SearchAction\",\"target\":{\"@type\":\"EntryPoint\",\"urlTemplate\":\"https:\\\/\\\/blanchedalmond-oryx-541128.hostingersite.com\\\/?s={search_term_string}\"},\"query-input\":{\"@type\":\"PropertyValueSpecification\",\"valueRequired\":true,\"valueName\":\"search_term_string\"}}],\"inLanguage\":\"de-DE\"},{\"@type\":\"Organization\",\"@id\":\"https:\\\/\\\/blanchedalmond-oryx-541128.hostingersite.com\\\/#organization\",\"name\":\"KPARTS WATERSPORTS\",\"url\":\"https:\\\/\\\/blanchedalmond-oryx-541128.hostingersite.com\\\/\",\"logo\":{\"@type\":\"ImageObject\",\"inLanguage\":\"de-DE\",\"@id\":\"https:\\\/\\\/blanchedalmond-oryx-541128.hostingersite.com\\\/#\\\/schema\\\/logo\\\/image\\\/\",\"url\":\"https:\\\/\\\/kparts-watersports.ovh\\\/wp-content\\\/uploads\\\/2024\\\/09\\\/Kparts-Logo-Favicon.jpg\",\"contentUrl\":\"https:\\\/\\\/kparts-watersports.ovh\\\/wp-content\\\/uploads\\\/2024\\\/09\\\/Kparts-Logo-Favicon.jpg\",\"width\":600,\"height\":600,\"caption\":\"KPARTS WATERSPORTS\"},\"image\":{\"@id\":\"https:\\\/\\\/blanchedalmond-oryx-541128.hostingersite.com\\\/#\\\/schema\\\/logo\\\/image\\\/\"},\"sameAs\":[\"https:\\\/\\\/www.facebook.com\\\/people\\\/AP-3D-Custom\\\/100076804732870\\\/\",\"https:\\\/\\\/www.instagram.com\\\/ap3dcustom\\\/\"]}]}<\/script>\n<!-- \/ Yoast SEO plugin. -->","yoast_head_json":{"title":"Carbon-Mast SLIM UHM \u2013 KPARTS - KPARTS WATERSPORTS","robots":{"index":"index","follow":"follow","max-snippet":"max-snippet:-1","max-image-preview":"max-image-preview:large","max-video-preview":"max-video-preview:-1"},"canonical":"https:\/\/kparts-watersports.com\/de\/produit\/carbon-mast-slim-uhm-kparts\/","og_locale":"de_DE","og_type":"article","og_title":"Carbon-Mast SLIM UHM \u2013 KPARTS - KPARTS WATERSPORTS","og_description":"\ud83d\ude9a Auf Lager \u2013 Vorbereitungs- &amp; Versandzeit: 7 Tage Unser einteiliger Carbon-Mast KPARTS wurde f\u00fcr Rider entwickelt, die die Fl\u00fcgel unserer KPARTS-Reihe nutzen m\u00f6chten. Gefertigt aus Ultra High Modulus (UHM) Carbon und als Monoblock konstruiert (Mast und Fu\u00df aus einem St\u00fcck), bietet dieser Mast eine unvergleichliche Steifigkeit sowie herausragende Gleiteigenschaften und Man\u00f6vrierbarkeit \u2013 dank seiner schlanken Bauweise und der reduzierten Profiltiefe. Unser Ziel: das beste Verh\u00e4ltnis aus Qualit\u00e4t, Steifigkeit, Gleiteigenschaften und Preis auf dem Markt zu bieten \u2013 bei gleichzeitig herausragender Zuverl\u00e4ssigkeit dank eines pr\u00e4zisen Designs und einer sorgf\u00e4ltigen Konstruktion. \u26a0\ufe0f Dieser Mast ist ausschlie\u00dflich mit unseren KPARTS Aluminium- sowie KPARTS Titan\/Carbon-Fuselages kompatibel, ausgestattet mit unserer neuen KPARTS-Steckverbindung (konischer Mastfu\u00df mit 3 \u00d7 M6-Schrauben).(\u27a1\ufe0f Nicht kompatibel mit Adaptern oder Fuselages anderer Marken.) \ud83c\udfc1 SLIM UHM MAST Mindestseilquerschnitt von 13 mm x 105 mm \u27a1\ufe0f Einzigartiges Gleiten in absoluter Stille! Dieser aus UHM gefertigte Mast ist sowohl bei Biegung als auch bei Torsion sehr steif. Carbonplatte enthalten (verklebt). \u2696\ufe0fGewicht: 85 cm Mast : 2.0 kg 80 cm Mast : 1.9 kg 75 cm Mast : 1,8 kg \ud83d\udea8 Spr\u00fcnge sind nur mit Fl\u00fcgeln erlaubt, deren Spannweite 90 cm nicht \u00fcberschreitet. Torx-Schl\u00fcssel M6 oder M8 NICHT INBEGRIFFEN","og_url":"https:\/\/kparts-watersports.com\/de\/produit\/carbon-mast-slim-uhm-kparts\/","og_site_name":"KPARTS WATERSPORTS","article_publisher":"https:\/\/www.facebook.com\/people\/AP-3D-Custom\/100076804732870\/","article_modified_time":"2026-04-23T17:05:28+00:00","og_image":[{"width":600,"height":600,"url":"https:\/\/kparts-watersports.com\/wp-content\/uploads\/2025\/11\/Rendu_Mat-Monobloc-KPARTS_resized_new.png","type":"image\/png"}],"twitter_card":"summary_large_image","twitter_misc":{"Gesch\u00e4tzte Lesezeit":"1 minute"},"schema":{"@context":"https:\/\/schema.org","@graph":[{"@type":"WebPage","@id":"https:\/\/kparts-watersports.com\/de\/produit\/carbon-mast-slim-uhm-kparts\/","url":"https:\/\/kparts-watersports.com\/de\/produit\/carbon-mast-slim-uhm-kparts\/","name":"Carbon-Mast SLIM UHM \u2013 KPARTS - KPARTS WATERSPORTS","isPartOf":{"@id":"https:\/\/blanchedalmond-oryx-541128.hostingersite.com\/#website"},"primaryImageOfPage":{"@id":"https:\/\/kparts-watersports.com\/de\/produit\/carbon-mast-slim-uhm-kparts\/#primaryimage"},"image":{"@id":"https:\/\/kparts-watersports.com\/de\/produit\/carbon-mast-slim-uhm-kparts\/#primaryimage"},"thumbnailUrl":"https:\/\/kparts-watersports.com\/wp-content\/uploads\/2025\/11\/Rendu_Mat-Monobloc-KPARTS_resized_new.png","datePublished":"2025-11-11T18:47:34+00:00","dateModified":"2026-04-23T17:05:28+00:00","breadcrumb":{"@id":"https:\/\/kparts-watersports.com\/de\/produit\/carbon-mast-slim-uhm-kparts\/#breadcrumb"},"inLanguage":"de-DE","potentialAction":[{"@type":"ReadAction","target":["https:\/\/kparts-watersports.com\/de\/produit\/carbon-mast-slim-uhm-kparts\/"]}]},{"@type":"ImageObject","inLanguage":"de-DE","@id":"https:\/\/kparts-watersports.com\/de\/produit\/carbon-mast-slim-uhm-kparts\/#primaryimage","url":"https:\/\/kparts-watersports.com\/wp-content\/uploads\/2025\/11\/Rendu_Mat-Monobloc-KPARTS_resized_new.png","contentUrl":"https:\/\/kparts-watersports.com\/wp-content\/uploads\/2025\/11\/Rendu_Mat-Monobloc-KPARTS_resized_new.png","width":600,"height":600},{"@type":"BreadcrumbList","@id":"https:\/\/kparts-watersports.com\/de\/produit\/carbon-mast-slim-uhm-kparts\/#breadcrumb","itemListElement":[{"@type":"ListItem","position":1,"name":"Accueil","item":"https:\/\/kparts-watersports.com\/de\/accueil\/"},{"@type":"ListItem","position":2,"name":"Shop","item":"https:\/\/kparts-watersports.com\/boutique-w\/"},{"@type":"ListItem","position":3,"name":"Carbon-Mast SLIM UHM \u2013 KPARTS"}]},{"@type":"WebSite","@id":"https:\/\/blanchedalmond-oryx-541128.hostingersite.com\/#website","url":"https:\/\/blanchedalmond-oryx-541128.hostingersite.com\/","name":"KPARTS WATERSPORTS","description":"Accessoires custom pour sports nautiques","publisher":{"@id":"https:\/\/blanchedalmond-oryx-541128.hostingersite.com\/#organization"},"potentialAction":[{"@type":"SearchAction","target":{"@type":"EntryPoint","urlTemplate":"https:\/\/blanchedalmond-oryx-541128.hostingersite.com\/?s={search_term_string}"},"query-input":{"@type":"PropertyValueSpecification","valueRequired":true,"valueName":"search_term_string"}}],"inLanguage":"de-DE"},{"@type":"Organization","@id":"https:\/\/blanchedalmond-oryx-541128.hostingersite.com\/#organization","name":"KPARTS WATERSPORTS","url":"https:\/\/blanchedalmond-oryx-541128.hostingersite.com\/","logo":{"@type":"ImageObject","inLanguage":"de-DE","@id":"https:\/\/blanchedalmond-oryx-541128.hostingersite.com\/#\/schema\/logo\/image\/","url":"https:\/\/kparts-watersports.ovh\/wp-content\/uploads\/2024\/09\/Kparts-Logo-Favicon.jpg","contentUrl":"https:\/\/kparts-watersports.ovh\/wp-content\/uploads\/2024\/09\/Kparts-Logo-Favicon.jpg","width":600,"height":600,"caption":"KPARTS WATERSPORTS"},"image":{"@id":"https:\/\/blanchedalmond-oryx-541128.hostingersite.com\/#\/schema\/logo\/image\/"},"sameAs":["https:\/\/www.facebook.com\/people\/AP-3D-Custom\/100076804732870\/","https:\/\/www.instagram.com\/ap3dcustom\/"]}]}},"jetpack_sharing_enabled":true,"_links":{"self":[{"href":"https:\/\/kparts-watersports.com\/de\/wp-json\/wp\/v2\/product\/17053","targetHints":{"allow":["GET"]}}],"collection":[{"href":"https:\/\/kparts-watersports.com\/de\/wp-json\/wp\/v2\/product"}],"about":[{"href":"https:\/\/kparts-watersports.com\/de\/wp-json\/wp\/v2\/types\/product"}],"replies":[{"embeddable":true,"href":"https:\/\/kparts-watersports.com\/de\/wp-json\/wp\/v2\/comments?post=17053"}],"wp:featuredmedia":[{"embeddable":true,"href":"https:\/\/kparts-watersports.com\/de\/wp-json\/wp\/v2\/media\/17062"}],"wp:attachment":[{"href":"https:\/\/kparts-watersports.com\/de\/wp-json\/wp\/v2\/media?parent=17053"}],"wp:term":[{"taxonomy":"product_brand","embeddable":true,"href":"https:\/\/kparts-watersports.com\/de\/wp-json\/wp\/v2\/product_brand?post=17053"},{"taxonomy":"product_cat","embeddable":true,"href":"https:\/\/kparts-watersports.com\/de\/wp-json\/wp\/v2\/product_cat?post=17053"},{"taxonomy":"product_tag","embeddable":true,"href":"https:\/\/kparts-watersports.com\/de\/wp-json\/wp\/v2\/product_tag?post=17053"}],"curies":[{"name":"wp","href":"https:\/\/api.w.org\/{rel}","templated":true}]}}