{"id":17101,"date":"2025-11-14T13:37:12","date_gmt":"2025-11-14T12:37:12","guid":{"rendered":"https:\/\/kparts-watersports.com\/produit\/konfigurator-komplettes-tragfluegelprofil-aluminium-mast\/"},"modified":"2025-11-14T13:37:12","modified_gmt":"2025-11-14T12:37:12","slug":"konfigurator-komplettes-tragfluegelprofil-aluminium-mast","status":"publish","type":"product","link":"https:\/\/kparts-watersports.com\/de\/produit\/konfigurator-komplettes-tragfluegelprofil-aluminium-mast\/","title":{"rendered":"Konfigurator \u2013 Komplettes Tragfl\u00fcgelprofil \u2013 Aluminium mast"},"content":{"rendered":"<h2>\ud83d\udee0\ufe0f Konfigurator f\u00fcr das komplette KPARTS-Pack<\/h2>\n<p>&nbsp;<\/p>\n<p>\ud83d\ude9a Die <strong>SKAL-Serie ist auf Lager \u2013 Vorbereitungs- &amp; Versandzeit: 5 Tage<\/strong><br \/>\n\ud83d\ude9a Die <strong>AROS-Serie ist auf Lager \u2013 Vorbereitungs- &amp; Versandzeit: 5 Tage<\/strong><\/p>\n<hr>\n<p>Dieser Konfigurator erm\u00f6glicht es Ihnen, Ihr komplettes Set individuell nach Ihren W\u00fcnschen und Ihrem Einsatzbereich zusammenzustellen.<\/p>\n<p>W\u00e4hlen Sie Ihre Komponenten, stellen Sie Ihr ideales Foil zusammen und profitieren Sie von einem attraktiven Preis f\u00fcr das gesamte Paket.<\/p>\n<hr>\n<h3>\ud83d\udcd8 Alle detaillierten Informationen finden Sie in unseren Produktdatenbl\u00e4ttern:<\/h3>\n<ul>\n<li><a href=\"https:\/\/kparts-watersports.com\/de\/produit\/kparts-aluminium-mast-multimarken\/\">M\u00e2ts Alu Multimarques KPARTS<\/a><\/li>\n<li><a href=\"https:\/\/kparts-watersports.com\/de\/produit\/aluminium-fuselage-kparts-fluegel-mit-kparts-aufnahme\/\">Aluminium-Fuselage KPARTS<\/a><\/li>\n<li><a href=\"https:\/\/kparts-watersports.com\/de\/produit\/titan-carbon-fuselage-kparts-fluegel-mit-kparts-steckverbindung\/\">Titan-Fuselage KPARTS<\/a><\/li>\n<li><a href=\"https:\/\/kparts-watersports.com\/de\/produit\/frontfluegel-skal\/\">Unsere Fl\u00fcgel der SKAL-Serie<\/a><\/li>\n<li><a href=\"https:\/\/kparts-watersports.com\/de\/produit\/frontfluegel-aros\/\">Unsere Fl\u00fcgel der AROS-Serie<\/a><\/li>\n<li><a href=\"https:\/\/kparts-watersports.com\/de\/produktkategorie\/foils\/stabilisatoren-de\/\">Unsere KPARTS-Stabilisatoren<\/a><\/li>\n<\/ul>\n<hr>\n<p><strong>Stellen Sie sich Ihr individuelles Foil zusammen!<\/strong><\/p>\n<p>Torx-Schl\u00fcssel M8 oder M6 <strong>NICHT ENTHALTEN<\/strong><\/p>\n","protected":false},"excerpt":{"rendered":"<p>\ud83d\udee0\ufe0f Konfigurator f\u00fcr das komplette KPARTS-Pack &nbsp; \ud83d\ude9a Die SKAL-Serie ist auf Lager \u2013 Vorbereitungs- &amp; Versandzeit: 5 Tage \ud83d\ude9a Die AROS-Serie ist auf Lager \u2013 Vorbereitungs- &amp; Versandzeit: 5 Tage Dieser Konfigurator erm\u00f6glicht es Ihnen, Ihr komplettes Set individuell nach Ihren W\u00fcnschen und Ihrem Einsatzbereich zusammenzustellen. W\u00e4hlen Sie Ihre Komponenten, stellen Sie Ihr ideales Foil zusammen und profitieren Sie von einem attraktiven Preis f\u00fcr das gesamte Paket. \ud83d\udcd8 Alle detaillierten Informationen finden Sie in unseren Produktdatenbl\u00e4ttern: M\u00e2ts Alu Multimarques KPARTS Aluminium-Fuselage KPARTS Titan-Fuselage KPARTS Unsere Fl\u00fcgel der SKAL-Serie Unsere Fl\u00fcgel der AROS-Serie Unsere KPARTS-Stabilisatoren Stellen Sie sich Ihr individuelles Foil zusammen! Torx-Schl\u00fcssel M8 oder M6 NICHT ENTHALTEN<\/p>\n","protected":false},"featured_media":17102,"comment_status":"open","ping_status":"closed","template":"","meta":{"site-sidebar-layout":"default","site-content-layout":"","ast-site-content-layout":"default","site-content-style":"default","site-sidebar-style":"default","ast-global-header-display":"","ast-banner-title-visibility":"","ast-main-header-display":"","ast-hfb-above-header-display":"","ast-hfb-below-header-display":"","ast-hfb-mobile-header-display":"","site-post-title":"","ast-breadcrumbs-content":"","ast-featured-img":"","footer-sml-layout":"","ast-disable-related-posts":"","theme-transparent-header-meta":"default","adv-header-id-meta":"","stick-header-meta":"","header-above-stick-meta":"","header-main-stick-meta":"","header-below-stick-meta":"","astra-migrate-meta-layouts":"default","ast-page-background-enabled":"default","ast-page-background-meta":{"desktop":{"background-color":"var(--ast-global-color-4)","background-image":"","background-repeat":"repeat","background-position":"center center","background-size":"auto","background-attachment":"scroll","background-type":"","background-media":"","overlay-type":"","overlay-color":"","overlay-opacity":"","overlay-gradient":""},"tablet":{"background-color":"","background-image":"","background-repeat":"repeat","background-position":"center center","background-size":"auto","background-attachment":"scroll","background-type":"","background-media":"","overlay-type":"","overlay-color":"","overlay-opacity":"","overlay-gradient":""},"mobile":{"background-color":"","background-image":"","background-repeat":"repeat","background-position":"center center","background-size":"auto","background-attachment":"scroll","background-type":"","background-media":"","overlay-type":"","overlay-color":"","overlay-opacity":"","overlay-gradient":""}},"ast-content-background-meta":{"desktop":{"background-color":"var(--ast-global-color-5)","background-image":"","background-repeat":"repeat","background-position":"center center","background-size":"auto","background-attachment":"scroll","background-type":"","background-media":"","overlay-type":"","overlay-color":"","overlay-opacity":"","overlay-gradient":""},"tablet":{"background-color":"var(--ast-global-color-5)","background-image":"","background-repeat":"repeat","background-position":"center center","background-size":"auto","background-attachment":"scroll","background-type":"","background-media":"","overlay-type":"","overlay-color":"","overlay-opacity":"","overlay-gradient":""},"mobile":{"background-color":"var(--ast-global-color-5)","background-image":"","background-repeat":"repeat","background-position":"center center","background-size":"auto","background-attachment":"scroll","background-type":"","background-media":"","overlay-type":"","overlay-color":"","overlay-opacity":"","overlay-gradient":""}}},"product_brand":[],"product_cat":[211,213],"product_tag":[],"class_list":{"0":"post-17101","1":"product","2":"type-product","3":"status-publish","4":"has-post-thumbnail","6":"product_cat-foils","7":"product_cat-komplette-foils","8":"product_shipping_class-schwere-oder-sperrige-produkte","9":"desktop-align-center","10":"tablet-align-left","11":"mobile-align-left","12":"tm-has-options","14":"first","15":"instock","16":"taxable","17":"shipping-taxable","18":"purchasable","19":"product-type-variable"},"yoast_head":"<!-- This site is optimized with the Yoast SEO plugin v27.3 - https:\/\/yoast.com\/product\/yoast-seo-wordpress\/ -->\n<title>Konfigurator \u2013 Komplettes Tragfl\u00fcgelprofil \u2013 Aluminium mast - KPARTS WATERSPORTS<\/title>\n<meta name=\"robots\" content=\"index, follow, max-snippet:-1, max-image-preview:large, max-video-preview:-1\" \/>\n<link rel=\"canonical\" href=\"https:\/\/kparts-watersports.com\/de\/produit\/konfigurator-komplettes-tragfluegelprofil-aluminium-mast\/\" \/>\n<meta property=\"og:locale\" content=\"de_DE\" \/>\n<meta property=\"og:type\" content=\"article\" \/>\n<meta property=\"og:title\" content=\"Konfigurator \u2013 Komplettes Tragfl\u00fcgelprofil \u2013 Aluminium mast - KPARTS WATERSPORTS\" \/>\n<meta property=\"og:description\" content=\"\ud83d\udee0\ufe0f Konfigurator f\u00fcr das komplette KPARTS-Pack &nbsp; \ud83d\ude9a Die SKAL-Serie ist auf Lager \u2013 Vorbereitungs- &amp; Versandzeit: 5 Tage \ud83d\ude9a Die AROS-Serie ist auf Lager \u2013 Vorbereitungs- &amp; Versandzeit: 5 Tage Dieser Konfigurator erm\u00f6glicht es Ihnen, Ihr komplettes Set individuell nach Ihren W\u00fcnschen und Ihrem Einsatzbereich zusammenzustellen. W\u00e4hlen Sie Ihre Komponenten, stellen Sie Ihr ideales Foil zusammen und profitieren Sie von einem attraktiven Preis f\u00fcr das gesamte Paket. \ud83d\udcd8 Alle detaillierten Informationen finden Sie in unseren Produktdatenbl\u00e4ttern: M\u00e2ts Alu Multimarques KPARTS Aluminium-Fuselage KPARTS Titan-Fuselage KPARTS Unsere Fl\u00fcgel der SKAL-Serie Unsere Fl\u00fcgel der AROS-Serie Unsere KPARTS-Stabilisatoren Stellen Sie sich Ihr individuelles Foil zusammen! Torx-Schl\u00fcssel M8 oder M6 NICHT ENTHALTEN\" \/>\n<meta property=\"og:url\" content=\"https:\/\/kparts-watersports.com\/de\/produit\/konfigurator-komplettes-tragfluegelprofil-aluminium-mast\/\" \/>\n<meta property=\"og:site_name\" content=\"KPARTS WATERSPORTS\" \/>\n<meta property=\"article:publisher\" content=\"https:\/\/www.facebook.com\/people\/AP-3D-Custom\/100076804732870\/\" \/>\n<meta property=\"og:image\" content=\"https:\/\/kparts-watersports.com\/wp-content\/uploads\/2025\/11\/Foil-complet-KPARTS-Mat-ALU.webp\" \/>\n\t<meta property=\"og:image:width\" content=\"2560\" \/>\n\t<meta property=\"og:image:height\" content=\"2560\" \/>\n\t<meta property=\"og:image:type\" content=\"image\/webp\" \/>\n<meta name=\"twitter:card\" content=\"summary_large_image\" \/>\n<meta name=\"twitter:label1\" content=\"Gesch\u00e4tzte Lesezeit\" \/>\n\t<meta name=\"twitter:data1\" content=\"1 minute\" \/>\n<script type=\"application\/ld+json\" class=\"yoast-schema-graph\">{\"@context\":\"https:\\\/\\\/schema.org\",\"@graph\":[{\"@type\":\"WebPage\",\"@id\":\"https:\\\/\\\/kparts-watersports.com\\\/de\\\/produit\\\/konfigurator-komplettes-tragfluegelprofil-aluminium-mast\\\/\",\"url\":\"https:\\\/\\\/kparts-watersports.com\\\/de\\\/produit\\\/konfigurator-komplettes-tragfluegelprofil-aluminium-mast\\\/\",\"name\":\"Konfigurator \u2013 Komplettes Tragfl\u00fcgelprofil \u2013 Aluminium mast - KPARTS WATERSPORTS\",\"isPartOf\":{\"@id\":\"https:\\\/\\\/blanchedalmond-oryx-541128.hostingersite.com\\\/#website\"},\"primaryImageOfPage\":{\"@id\":\"https:\\\/\\\/kparts-watersports.com\\\/de\\\/produit\\\/konfigurator-komplettes-tragfluegelprofil-aluminium-mast\\\/#primaryimage\"},\"image\":{\"@id\":\"https:\\\/\\\/kparts-watersports.com\\\/de\\\/produit\\\/konfigurator-komplettes-tragfluegelprofil-aluminium-mast\\\/#primaryimage\"},\"thumbnailUrl\":\"https:\\\/\\\/kparts-watersports.com\\\/wp-content\\\/uploads\\\/2025\\\/11\\\/Foil-complet-KPARTS-Mat-ALU.webp\",\"datePublished\":\"2025-11-14T12:37:12+00:00\",\"breadcrumb\":{\"@id\":\"https:\\\/\\\/kparts-watersports.com\\\/de\\\/produit\\\/konfigurator-komplettes-tragfluegelprofil-aluminium-mast\\\/#breadcrumb\"},\"inLanguage\":\"de-DE\",\"potentialAction\":[{\"@type\":\"ReadAction\",\"target\":[\"https:\\\/\\\/kparts-watersports.com\\\/de\\\/produit\\\/konfigurator-komplettes-tragfluegelprofil-aluminium-mast\\\/\"]}]},{\"@type\":\"ImageObject\",\"inLanguage\":\"de-DE\",\"@id\":\"https:\\\/\\\/kparts-watersports.com\\\/de\\\/produit\\\/konfigurator-komplettes-tragfluegelprofil-aluminium-mast\\\/#primaryimage\",\"url\":\"https:\\\/\\\/kparts-watersports.com\\\/wp-content\\\/uploads\\\/2025\\\/11\\\/Foil-complet-KPARTS-Mat-ALU.webp\",\"contentUrl\":\"https:\\\/\\\/kparts-watersports.com\\\/wp-content\\\/uploads\\\/2025\\\/11\\\/Foil-complet-KPARTS-Mat-ALU.webp\",\"width\":2560,\"height\":2560},{\"@type\":\"BreadcrumbList\",\"@id\":\"https:\\\/\\\/kparts-watersports.com\\\/de\\\/produit\\\/konfigurator-komplettes-tragfluegelprofil-aluminium-mast\\\/#breadcrumb\",\"itemListElement\":[{\"@type\":\"ListItem\",\"position\":1,\"name\":\"Accueil\",\"item\":\"https:\\\/\\\/kparts-watersports.com\\\/de\\\/accueil\\\/\"},{\"@type\":\"ListItem\",\"position\":2,\"name\":\"Shop\",\"item\":\"https:\\\/\\\/kparts-watersports.com\\\/boutique-w\\\/\"},{\"@type\":\"ListItem\",\"position\":3,\"name\":\"Konfigurator \u2013 Komplettes Tragfl\u00fcgelprofil \u2013 Aluminium mast\"}]},{\"@type\":\"WebSite\",\"@id\":\"https:\\\/\\\/blanchedalmond-oryx-541128.hostingersite.com\\\/#website\",\"url\":\"https:\\\/\\\/blanchedalmond-oryx-541128.hostingersite.com\\\/\",\"name\":\"KPARTS WATERSPORTS\",\"description\":\"Accessoires custom pour sports nautiques\",\"publisher\":{\"@id\":\"https:\\\/\\\/blanchedalmond-oryx-541128.hostingersite.com\\\/#organization\"},\"potentialAction\":[{\"@type\":\"SearchAction\",\"target\":{\"@type\":\"EntryPoint\",\"urlTemplate\":\"https:\\\/\\\/blanchedalmond-oryx-541128.hostingersite.com\\\/?s={search_term_string}\"},\"query-input\":{\"@type\":\"PropertyValueSpecification\",\"valueRequired\":true,\"valueName\":\"search_term_string\"}}],\"inLanguage\":\"de-DE\"},{\"@type\":\"Organization\",\"@id\":\"https:\\\/\\\/blanchedalmond-oryx-541128.hostingersite.com\\\/#organization\",\"name\":\"KPARTS WATERSPORTS\",\"url\":\"https:\\\/\\\/blanchedalmond-oryx-541128.hostingersite.com\\\/\",\"logo\":{\"@type\":\"ImageObject\",\"inLanguage\":\"de-DE\",\"@id\":\"https:\\\/\\\/blanchedalmond-oryx-541128.hostingersite.com\\\/#\\\/schema\\\/logo\\\/image\\\/\",\"url\":\"https:\\\/\\\/kparts-watersports.ovh\\\/wp-content\\\/uploads\\\/2024\\\/09\\\/Kparts-Logo-Favicon.jpg\",\"contentUrl\":\"https:\\\/\\\/kparts-watersports.ovh\\\/wp-content\\\/uploads\\\/2024\\\/09\\\/Kparts-Logo-Favicon.jpg\",\"width\":600,\"height\":600,\"caption\":\"KPARTS WATERSPORTS\"},\"image\":{\"@id\":\"https:\\\/\\\/blanchedalmond-oryx-541128.hostingersite.com\\\/#\\\/schema\\\/logo\\\/image\\\/\"},\"sameAs\":[\"https:\\\/\\\/www.facebook.com\\\/people\\\/AP-3D-Custom\\\/100076804732870\\\/\",\"https:\\\/\\\/www.instagram.com\\\/ap3dcustom\\\/\"]}]}<\/script>\n<!-- \/ Yoast SEO plugin. -->","yoast_head_json":{"title":"Konfigurator \u2013 Komplettes Tragfl\u00fcgelprofil \u2013 Aluminium mast - KPARTS WATERSPORTS","robots":{"index":"index","follow":"follow","max-snippet":"max-snippet:-1","max-image-preview":"max-image-preview:large","max-video-preview":"max-video-preview:-1"},"canonical":"https:\/\/kparts-watersports.com\/de\/produit\/konfigurator-komplettes-tragfluegelprofil-aluminium-mast\/","og_locale":"de_DE","og_type":"article","og_title":"Konfigurator \u2013 Komplettes Tragfl\u00fcgelprofil \u2013 Aluminium mast - KPARTS WATERSPORTS","og_description":"\ud83d\udee0\ufe0f Konfigurator f\u00fcr das komplette KPARTS-Pack &nbsp; \ud83d\ude9a Die SKAL-Serie ist auf Lager \u2013 Vorbereitungs- &amp; Versandzeit: 5 Tage \ud83d\ude9a Die AROS-Serie ist auf Lager \u2013 Vorbereitungs- &amp; Versandzeit: 5 Tage Dieser Konfigurator erm\u00f6glicht es Ihnen, Ihr komplettes Set individuell nach Ihren W\u00fcnschen und Ihrem Einsatzbereich zusammenzustellen. W\u00e4hlen Sie Ihre Komponenten, stellen Sie Ihr ideales Foil zusammen und profitieren Sie von einem attraktiven Preis f\u00fcr das gesamte Paket. \ud83d\udcd8 Alle detaillierten Informationen finden Sie in unseren Produktdatenbl\u00e4ttern: M\u00e2ts Alu Multimarques KPARTS Aluminium-Fuselage KPARTS Titan-Fuselage KPARTS Unsere Fl\u00fcgel der SKAL-Serie Unsere Fl\u00fcgel der AROS-Serie Unsere KPARTS-Stabilisatoren Stellen Sie sich Ihr individuelles Foil zusammen! Torx-Schl\u00fcssel M8 oder M6 NICHT ENTHALTEN","og_url":"https:\/\/kparts-watersports.com\/de\/produit\/konfigurator-komplettes-tragfluegelprofil-aluminium-mast\/","og_site_name":"KPARTS WATERSPORTS","article_publisher":"https:\/\/www.facebook.com\/people\/AP-3D-Custom\/100076804732870\/","og_image":[{"width":2560,"height":2560,"url":"https:\/\/kparts-watersports.com\/wp-content\/uploads\/2025\/11\/Foil-complet-KPARTS-Mat-ALU.webp","type":"image\/webp"}],"twitter_card":"summary_large_image","twitter_misc":{"Gesch\u00e4tzte Lesezeit":"1 minute"},"schema":{"@context":"https:\/\/schema.org","@graph":[{"@type":"WebPage","@id":"https:\/\/kparts-watersports.com\/de\/produit\/konfigurator-komplettes-tragfluegelprofil-aluminium-mast\/","url":"https:\/\/kparts-watersports.com\/de\/produit\/konfigurator-komplettes-tragfluegelprofil-aluminium-mast\/","name":"Konfigurator \u2013 Komplettes Tragfl\u00fcgelprofil \u2013 Aluminium mast - KPARTS WATERSPORTS","isPartOf":{"@id":"https:\/\/blanchedalmond-oryx-541128.hostingersite.com\/#website"},"primaryImageOfPage":{"@id":"https:\/\/kparts-watersports.com\/de\/produit\/konfigurator-komplettes-tragfluegelprofil-aluminium-mast\/#primaryimage"},"image":{"@id":"https:\/\/kparts-watersports.com\/de\/produit\/konfigurator-komplettes-tragfluegelprofil-aluminium-mast\/#primaryimage"},"thumbnailUrl":"https:\/\/kparts-watersports.com\/wp-content\/uploads\/2025\/11\/Foil-complet-KPARTS-Mat-ALU.webp","datePublished":"2025-11-14T12:37:12+00:00","breadcrumb":{"@id":"https:\/\/kparts-watersports.com\/de\/produit\/konfigurator-komplettes-tragfluegelprofil-aluminium-mast\/#breadcrumb"},"inLanguage":"de-DE","potentialAction":[{"@type":"ReadAction","target":["https:\/\/kparts-watersports.com\/de\/produit\/konfigurator-komplettes-tragfluegelprofil-aluminium-mast\/"]}]},{"@type":"ImageObject","inLanguage":"de-DE","@id":"https:\/\/kparts-watersports.com\/de\/produit\/konfigurator-komplettes-tragfluegelprofil-aluminium-mast\/#primaryimage","url":"https:\/\/kparts-watersports.com\/wp-content\/uploads\/2025\/11\/Foil-complet-KPARTS-Mat-ALU.webp","contentUrl":"https:\/\/kparts-watersports.com\/wp-content\/uploads\/2025\/11\/Foil-complet-KPARTS-Mat-ALU.webp","width":2560,"height":2560},{"@type":"BreadcrumbList","@id":"https:\/\/kparts-watersports.com\/de\/produit\/konfigurator-komplettes-tragfluegelprofil-aluminium-mast\/#breadcrumb","itemListElement":[{"@type":"ListItem","position":1,"name":"Accueil","item":"https:\/\/kparts-watersports.com\/de\/accueil\/"},{"@type":"ListItem","position":2,"name":"Shop","item":"https:\/\/kparts-watersports.com\/boutique-w\/"},{"@type":"ListItem","position":3,"name":"Konfigurator \u2013 Komplettes Tragfl\u00fcgelprofil \u2013 Aluminium mast"}]},{"@type":"WebSite","@id":"https:\/\/blanchedalmond-oryx-541128.hostingersite.com\/#website","url":"https:\/\/blanchedalmond-oryx-541128.hostingersite.com\/","name":"KPARTS WATERSPORTS","description":"Accessoires custom pour sports nautiques","publisher":{"@id":"https:\/\/blanchedalmond-oryx-541128.hostingersite.com\/#organization"},"potentialAction":[{"@type":"SearchAction","target":{"@type":"EntryPoint","urlTemplate":"https:\/\/blanchedalmond-oryx-541128.hostingersite.com\/?s={search_term_string}"},"query-input":{"@type":"PropertyValueSpecification","valueRequired":true,"valueName":"search_term_string"}}],"inLanguage":"de-DE"},{"@type":"Organization","@id":"https:\/\/blanchedalmond-oryx-541128.hostingersite.com\/#organization","name":"KPARTS WATERSPORTS","url":"https:\/\/blanchedalmond-oryx-541128.hostingersite.com\/","logo":{"@type":"ImageObject","inLanguage":"de-DE","@id":"https:\/\/blanchedalmond-oryx-541128.hostingersite.com\/#\/schema\/logo\/image\/","url":"https:\/\/kparts-watersports.ovh\/wp-content\/uploads\/2024\/09\/Kparts-Logo-Favicon.jpg","contentUrl":"https:\/\/kparts-watersports.ovh\/wp-content\/uploads\/2024\/09\/Kparts-Logo-Favicon.jpg","width":600,"height":600,"caption":"KPARTS WATERSPORTS"},"image":{"@id":"https:\/\/blanchedalmond-oryx-541128.hostingersite.com\/#\/schema\/logo\/image\/"},"sameAs":["https:\/\/www.facebook.com\/people\/AP-3D-Custom\/100076804732870\/","https:\/\/www.instagram.com\/ap3dcustom\/"]}]}},"jetpack_sharing_enabled":true,"_links":{"self":[{"href":"https:\/\/kparts-watersports.com\/de\/wp-json\/wp\/v2\/product\/17101","targetHints":{"allow":["GET"]}}],"collection":[{"href":"https:\/\/kparts-watersports.com\/de\/wp-json\/wp\/v2\/product"}],"about":[{"href":"https:\/\/kparts-watersports.com\/de\/wp-json\/wp\/v2\/types\/product"}],"replies":[{"embeddable":true,"href":"https:\/\/kparts-watersports.com\/de\/wp-json\/wp\/v2\/comments?post=17101"}],"wp:featuredmedia":[{"embeddable":true,"href":"https:\/\/kparts-watersports.com\/de\/wp-json\/wp\/v2\/media\/17102"}],"wp:attachment":[{"href":"https:\/\/kparts-watersports.com\/de\/wp-json\/wp\/v2\/media?parent=17101"}],"wp:term":[{"taxonomy":"product_brand","embeddable":true,"href":"https:\/\/kparts-watersports.com\/de\/wp-json\/wp\/v2\/product_brand?post=17101"},{"taxonomy":"product_cat","embeddable":true,"href":"https:\/\/kparts-watersports.com\/de\/wp-json\/wp\/v2\/product_cat?post=17101"},{"taxonomy":"product_tag","embeddable":true,"href":"https:\/\/kparts-watersports.com\/de\/wp-json\/wp\/v2\/product_tag?post=17101"}],"curies":[{"name":"wp","href":"https:\/\/api.w.org\/{rel}","templated":true}]}}