{"id":17106,"date":"2025-12-10T19:51:31","date_gmt":"2025-12-10T18:51:31","guid":{"rendered":"https:\/\/kparts-watersports.com\/produit\/adapter-fuer-kparts-multimarken-carbon-mast\/"},"modified":"2025-12-10T19:51:31","modified_gmt":"2025-12-10T18:51:31","slug":"adapter-fuer-kparts-multimarken-carbon-mast","status":"publish","type":"product","link":"https:\/\/kparts-watersports.com\/de\/produit\/adapter-fuer-kparts-multimarken-carbon-mast\/","title":{"rendered":"Adapter f\u00fcr KPARTS Multimarken-Carbon-Mast"},"content":{"rendered":"<p><strong>\ud83d\udd17 Adapter f\u00fcr KPARTS Multimarken-Carbon-Mast<\/strong><\/p>\n<p>Diese Adapter sind ausschlie\u00dflich <strong>f\u00fcr die Verwendung<\/strong> mit unserem <strong>KPARTS Multimarken-Carbon-Mast konzipiert.<\/strong><\/p>\n<p>Sie sind jederzeit abnehmbar und austauschbar!<\/p>\n<p>\ud83d\udc49 W\u00e4hlen Sie einfach die Marke Ihres Fuselages, auf dem Sie unseren Mast montieren m\u00f6chten.<\/p>\n<p>\ud83e\udde9 Verf\u00fcgbare Adapter<\/p>\n<p>ALLURE\u00ae \u2022 AXIS\u00ae \u2022 AFS\u00ae \u2022 CODEFOILS\u00ae \u2022 F-ONE\u00ae (3\u00d7 M6) \u2022 GONG\u00ae V3 \u2022 KPARTS \u2022 SABFOIL\u00ae \u2022 TAKOON\u00ae \u2022 TAKUMA\u00ae V2 (2\u00d7 M8)<\/p>\n<p><strong>\u26a0\ufe0f WICHTIG<\/strong><\/p>\n<p>\u2500\u2500\u2500\u2500\u2500\u2500\u2500\u2500\u2500\u2500\u2500\u2500\u2500\u2500\u2500\u2500\u2500\u2500\u2500\u2500\u2500\u2500\u2500\u2500<br \/>\n\ud83d\udd38 Die Adapter <strong>AFS\u00ae, F-ONE\u00ae (3\u00d7 M6) und ALLURE\u00ae<\/strong> sind aus <strong>Titan gefertigt <\/strong>(aus strukturellen Gr\u00fcnden und f\u00fcr maximale Langlebigkeit).<br \/>\n\ud83d\udd38 <strong>Die \u00fcbrigen Adapter bestehen aus Aluminium<\/strong> 6061, eloxiert (40 \u00b5m).<br \/>\n\u2500\u2500\u2500\u2500\u2500\u2500\u2500\u2500\u2500\u2500\u2500\u2500\u2500\u2500\u2500\u2500\u2500\u2500\u2500\u2500\u2500\u2500\u2500\u2500<\/p>\n<p>\ud83d\udee0\ufe0f Im Preis enthalten<\/p>\n<p>\u2022 1 Adapter nach Wahl<br \/>\n\u2022 <strong>+ kompletter Schraubensatz<\/strong> zur Montage des Adapters am Mast \/ Fuselage<\/p>\n<p>\ud83c\udf0a Wartung und Langlebigkeit<\/p>\n<p>Wie bei allen Aluminiumteilen, die mit Salzwasser in Kontakt kommen, ist es unerl\u00e4sslich, den Adapter nach jeder Nutzung gr\u00fcndlich mit klarem Wasser abzusp\u00fclen, um seine Lebensdauer zu verl\u00e4ngern. \ud83d\udebf<\/p>\n","protected":false},"excerpt":{"rendered":"<p>\ud83d\udd17 Adapter f\u00fcr KPARTS Multimarken-Carbon-Mast Diese Adapter sind ausschlie\u00dflich f\u00fcr die Verwendung mit unserem KPARTS Multimarken-Carbon-Mast konzipiert. Sie sind jederzeit abnehmbar und austauschbar! \ud83d\udc49 W\u00e4hlen Sie einfach die Marke Ihres Fuselages, auf dem Sie unseren Mast montieren m\u00f6chten. \ud83e\udde9 Verf\u00fcgbare Adapter ALLURE\u00ae \u2022 AXIS\u00ae \u2022 AFS\u00ae \u2022 CODEFOILS\u00ae \u2022 F-ONE\u00ae (3\u00d7 M6) \u2022 GONG\u00ae V3 \u2022 KPARTS \u2022 SABFOIL\u00ae \u2022 TAKOON\u00ae \u2022 TAKUMA\u00ae V2 (2\u00d7 M8) \u26a0\ufe0f WICHTIG \u2500\u2500\u2500\u2500\u2500\u2500\u2500\u2500\u2500\u2500\u2500\u2500\u2500\u2500\u2500\u2500\u2500\u2500\u2500\u2500\u2500\u2500\u2500\u2500 \ud83d\udd38 Die Adapter AFS\u00ae, F-ONE\u00ae (3\u00d7 M6) und ALLURE\u00ae sind aus Titan gefertigt (aus strukturellen Gr\u00fcnden und f\u00fcr maximale Langlebigkeit). \ud83d\udd38 Die \u00fcbrigen Adapter bestehen aus Aluminium 6061, eloxiert (40 \u00b5m). \u2500\u2500\u2500\u2500\u2500\u2500\u2500\u2500\u2500\u2500\u2500\u2500\u2500\u2500\u2500\u2500\u2500\u2500\u2500\u2500\u2500\u2500\u2500\u2500 \ud83d\udee0\ufe0f Im Preis enthalten \u2022 1 Adapter nach Wahl \u2022 + kompletter Schraubensatz zur Montage des Adapters am Mast \/ Fuselage \ud83c\udf0a Wartung und Langlebigkeit Wie bei allen Aluminiumteilen, die mit Salzwasser in Kontakt kommen, ist es unerl\u00e4sslich, den Adapter nach jeder Nutzung gr\u00fcndlich mit klarem Wasser abzusp\u00fclen, um seine Lebensdauer zu verl\u00e4ngern. \ud83d\udebf<\/p>\n","protected":false},"featured_media":17107,"comment_status":"open","ping_status":"closed","template":"","meta":{"site-sidebar-layout":"default","site-content-layout":"","ast-site-content-layout":"default","site-content-style":"default","site-sidebar-style":"default","ast-global-header-display":"","ast-banner-title-visibility":"","ast-main-header-display":"","ast-hfb-above-header-display":"","ast-hfb-below-header-display":"","ast-hfb-mobile-header-display":"","site-post-title":"","ast-breadcrumbs-content":"","ast-featured-img":"","footer-sml-layout":"","ast-disable-related-posts":"","theme-transparent-header-meta":"default","adv-header-id-meta":"","stick-header-meta":"","header-above-stick-meta":"","header-main-stick-meta":"","header-below-stick-meta":"","astra-migrate-meta-layouts":"default","ast-page-background-enabled":"default","ast-page-background-meta":{"desktop":{"background-color":"var(--ast-global-color-4)","background-image":"","background-repeat":"repeat","background-position":"center center","background-size":"auto","background-attachment":"scroll","background-type":"","background-media":"","overlay-type":"","overlay-color":"","overlay-opacity":"","overlay-gradient":""},"tablet":{"background-color":"","background-image":"","background-repeat":"repeat","background-position":"center center","background-size":"auto","background-attachment":"scroll","background-type":"","background-media":"","overlay-type":"","overlay-color":"","overlay-opacity":"","overlay-gradient":""},"mobile":{"background-color":"","background-image":"","background-repeat":"repeat","background-position":"center center","background-size":"auto","background-attachment":"scroll","background-type":"","background-media":"","overlay-type":"","overlay-color":"","overlay-opacity":"","overlay-gradient":""}},"ast-content-background-meta":{"desktop":{"background-color":"var(--ast-global-color-5)","background-image":"","background-repeat":"repeat","background-position":"center center","background-size":"auto","background-attachment":"scroll","background-type":"","background-media":"","overlay-type":"","overlay-color":"","overlay-opacity":"","overlay-gradient":""},"tablet":{"background-color":"var(--ast-global-color-5)","background-image":"","background-repeat":"repeat","background-position":"center center","background-size":"auto","background-attachment":"scroll","background-type":"","background-media":"","overlay-type":"","overlay-color":"","overlay-opacity":"","overlay-gradient":""},"mobile":{"background-color":"var(--ast-global-color-5)","background-image":"","background-repeat":"repeat","background-position":"center center","background-size":"auto","background-attachment":"scroll","background-type":"","background-media":"","overlay-type":"","overlay-color":"","overlay-opacity":"","overlay-gradient":""}}},"product_brand":[],"product_cat":[217],"product_tag":[],"class_list":{"0":"post-17106","1":"product","2":"type-product","3":"status-publish","4":"has-post-thumbnail","6":"product_cat-maste","7":"desktop-align-center","8":"tablet-align-left","9":"mobile-align-left","10":"tm-no-options","12":"first","13":"instock","14":"taxable","15":"shipping-taxable","16":"purchasable","17":"product-type-variable"},"yoast_head":"<!-- This site is optimized with the Yoast SEO plugin v27.3 - https:\/\/yoast.com\/product\/yoast-seo-wordpress\/ -->\n<title>Adapter f\u00fcr KPARTS Multimarken-Carbon-Mast - KPARTS WATERSPORTS<\/title>\n<meta name=\"robots\" content=\"index, follow, max-snippet:-1, max-image-preview:large, max-video-preview:-1\" \/>\n<link rel=\"canonical\" href=\"https:\/\/kparts-watersports.com\/de\/produit\/adapter-fuer-kparts-multimarken-carbon-mast\/\" \/>\n<meta property=\"og:locale\" content=\"de_DE\" \/>\n<meta property=\"og:type\" content=\"article\" \/>\n<meta property=\"og:title\" content=\"Adapter f\u00fcr KPARTS Multimarken-Carbon-Mast - KPARTS WATERSPORTS\" \/>\n<meta property=\"og:description\" content=\"\ud83d\udd17 Adapter f\u00fcr KPARTS Multimarken-Carbon-Mast Diese Adapter sind ausschlie\u00dflich f\u00fcr die Verwendung mit unserem KPARTS Multimarken-Carbon-Mast konzipiert. Sie sind jederzeit abnehmbar und austauschbar! \ud83d\udc49 W\u00e4hlen Sie einfach die Marke Ihres Fuselages, auf dem Sie unseren Mast montieren m\u00f6chten. \ud83e\udde9 Verf\u00fcgbare Adapter ALLURE\u00ae \u2022 AXIS\u00ae \u2022 AFS\u00ae \u2022 CODEFOILS\u00ae \u2022 F-ONE\u00ae (3\u00d7 M6) \u2022 GONG\u00ae V3 \u2022 KPARTS \u2022 SABFOIL\u00ae \u2022 TAKOON\u00ae \u2022 TAKUMA\u00ae V2 (2\u00d7 M8) \u26a0\ufe0f WICHTIG \u2500\u2500\u2500\u2500\u2500\u2500\u2500\u2500\u2500\u2500\u2500\u2500\u2500\u2500\u2500\u2500\u2500\u2500\u2500\u2500\u2500\u2500\u2500\u2500 \ud83d\udd38 Die Adapter AFS\u00ae, F-ONE\u00ae (3\u00d7 M6) und ALLURE\u00ae sind aus Titan gefertigt (aus strukturellen Gr\u00fcnden und f\u00fcr maximale Langlebigkeit). \ud83d\udd38 Die \u00fcbrigen Adapter bestehen aus Aluminium 6061, eloxiert (40 \u00b5m). \u2500\u2500\u2500\u2500\u2500\u2500\u2500\u2500\u2500\u2500\u2500\u2500\u2500\u2500\u2500\u2500\u2500\u2500\u2500\u2500\u2500\u2500\u2500\u2500 \ud83d\udee0\ufe0f Im Preis enthalten \u2022 1 Adapter nach Wahl \u2022 + kompletter Schraubensatz zur Montage des Adapters am Mast \/ Fuselage \ud83c\udf0a Wartung und Langlebigkeit Wie bei allen Aluminiumteilen, die mit Salzwasser in Kontakt kommen, ist es unerl\u00e4sslich, den Adapter nach jeder Nutzung gr\u00fcndlich mit klarem Wasser abzusp\u00fclen, um seine Lebensdauer zu verl\u00e4ngern. \ud83d\udebf\" \/>\n<meta property=\"og:url\" content=\"https:\/\/kparts-watersports.com\/de\/produit\/adapter-fuer-kparts-multimarken-carbon-mast\/\" \/>\n<meta property=\"og:site_name\" content=\"KPARTS WATERSPORTS\" \/>\n<meta property=\"article:publisher\" content=\"https:\/\/www.facebook.com\/people\/AP-3D-Custom\/100076804732870\/\" \/>\n<meta property=\"og:image\" content=\"https:\/\/kparts-watersports.com\/wp-content\/uploads\/2025\/12\/Adaptateurs-Mat-Carbone-KPARTS-_-Resized.webp\" \/>\n\t<meta property=\"og:image:width\" content=\"1280\" \/>\n\t<meta property=\"og:image:height\" content=\"1280\" \/>\n\t<meta property=\"og:image:type\" content=\"image\/webp\" \/>\n<meta name=\"twitter:card\" content=\"summary_large_image\" \/>\n<meta name=\"twitter:label1\" content=\"Gesch\u00e4tzte Lesezeit\" \/>\n\t<meta name=\"twitter:data1\" content=\"1 minute\" \/>\n<script type=\"application\/ld+json\" class=\"yoast-schema-graph\">{\"@context\":\"https:\\\/\\\/schema.org\",\"@graph\":[{\"@type\":\"WebPage\",\"@id\":\"https:\\\/\\\/kparts-watersports.com\\\/de\\\/produit\\\/adapter-fuer-kparts-multimarken-carbon-mast\\\/\",\"url\":\"https:\\\/\\\/kparts-watersports.com\\\/de\\\/produit\\\/adapter-fuer-kparts-multimarken-carbon-mast\\\/\",\"name\":\"Adapter f\u00fcr KPARTS Multimarken-Carbon-Mast - KPARTS WATERSPORTS\",\"isPartOf\":{\"@id\":\"https:\\\/\\\/blanchedalmond-oryx-541128.hostingersite.com\\\/#website\"},\"primaryImageOfPage\":{\"@id\":\"https:\\\/\\\/kparts-watersports.com\\\/de\\\/produit\\\/adapter-fuer-kparts-multimarken-carbon-mast\\\/#primaryimage\"},\"image\":{\"@id\":\"https:\\\/\\\/kparts-watersports.com\\\/de\\\/produit\\\/adapter-fuer-kparts-multimarken-carbon-mast\\\/#primaryimage\"},\"thumbnailUrl\":\"https:\\\/\\\/kparts-watersports.com\\\/wp-content\\\/uploads\\\/2025\\\/12\\\/Adaptateurs-Mat-Carbone-KPARTS-_-Resized.webp\",\"datePublished\":\"2025-12-10T18:51:31+00:00\",\"breadcrumb\":{\"@id\":\"https:\\\/\\\/kparts-watersports.com\\\/de\\\/produit\\\/adapter-fuer-kparts-multimarken-carbon-mast\\\/#breadcrumb\"},\"inLanguage\":\"de-DE\",\"potentialAction\":[{\"@type\":\"ReadAction\",\"target\":[\"https:\\\/\\\/kparts-watersports.com\\\/de\\\/produit\\\/adapter-fuer-kparts-multimarken-carbon-mast\\\/\"]}]},{\"@type\":\"ImageObject\",\"inLanguage\":\"de-DE\",\"@id\":\"https:\\\/\\\/kparts-watersports.com\\\/de\\\/produit\\\/adapter-fuer-kparts-multimarken-carbon-mast\\\/#primaryimage\",\"url\":\"https:\\\/\\\/kparts-watersports.com\\\/wp-content\\\/uploads\\\/2025\\\/12\\\/Adaptateurs-Mat-Carbone-KPARTS-_-Resized.webp\",\"contentUrl\":\"https:\\\/\\\/kparts-watersports.com\\\/wp-content\\\/uploads\\\/2025\\\/12\\\/Adaptateurs-Mat-Carbone-KPARTS-_-Resized.webp\",\"width\":1280,\"height\":1280},{\"@type\":\"BreadcrumbList\",\"@id\":\"https:\\\/\\\/kparts-watersports.com\\\/de\\\/produit\\\/adapter-fuer-kparts-multimarken-carbon-mast\\\/#breadcrumb\",\"itemListElement\":[{\"@type\":\"ListItem\",\"position\":1,\"name\":\"Accueil\",\"item\":\"https:\\\/\\\/kparts-watersports.com\\\/de\\\/accueil\\\/\"},{\"@type\":\"ListItem\",\"position\":2,\"name\":\"Shop\",\"item\":\"https:\\\/\\\/kparts-watersports.com\\\/boutique-w\\\/\"},{\"@type\":\"ListItem\",\"position\":3,\"name\":\"Adapter f\u00fcr KPARTS Multimarken-Carbon-Mast\"}]},{\"@type\":\"WebSite\",\"@id\":\"https:\\\/\\\/blanchedalmond-oryx-541128.hostingersite.com\\\/#website\",\"url\":\"https:\\\/\\\/blanchedalmond-oryx-541128.hostingersite.com\\\/\",\"name\":\"KPARTS WATERSPORTS\",\"description\":\"Accessoires custom pour sports nautiques\",\"publisher\":{\"@id\":\"https:\\\/\\\/blanchedalmond-oryx-541128.hostingersite.com\\\/#organization\"},\"potentialAction\":[{\"@type\":\"SearchAction\",\"target\":{\"@type\":\"EntryPoint\",\"urlTemplate\":\"https:\\\/\\\/blanchedalmond-oryx-541128.hostingersite.com\\\/?s={search_term_string}\"},\"query-input\":{\"@type\":\"PropertyValueSpecification\",\"valueRequired\":true,\"valueName\":\"search_term_string\"}}],\"inLanguage\":\"de-DE\"},{\"@type\":\"Organization\",\"@id\":\"https:\\\/\\\/blanchedalmond-oryx-541128.hostingersite.com\\\/#organization\",\"name\":\"KPARTS WATERSPORTS\",\"url\":\"https:\\\/\\\/blanchedalmond-oryx-541128.hostingersite.com\\\/\",\"logo\":{\"@type\":\"ImageObject\",\"inLanguage\":\"de-DE\",\"@id\":\"https:\\\/\\\/blanchedalmond-oryx-541128.hostingersite.com\\\/#\\\/schema\\\/logo\\\/image\\\/\",\"url\":\"https:\\\/\\\/kparts-watersports.ovh\\\/wp-content\\\/uploads\\\/2024\\\/09\\\/Kparts-Logo-Favicon.jpg\",\"contentUrl\":\"https:\\\/\\\/kparts-watersports.ovh\\\/wp-content\\\/uploads\\\/2024\\\/09\\\/Kparts-Logo-Favicon.jpg\",\"width\":600,\"height\":600,\"caption\":\"KPARTS WATERSPORTS\"},\"image\":{\"@id\":\"https:\\\/\\\/blanchedalmond-oryx-541128.hostingersite.com\\\/#\\\/schema\\\/logo\\\/image\\\/\"},\"sameAs\":[\"https:\\\/\\\/www.facebook.com\\\/people\\\/AP-3D-Custom\\\/100076804732870\\\/\",\"https:\\\/\\\/www.instagram.com\\\/ap3dcustom\\\/\"]}]}<\/script>\n<!-- \/ Yoast SEO plugin. -->","yoast_head_json":{"title":"Adapter f\u00fcr KPARTS Multimarken-Carbon-Mast - KPARTS WATERSPORTS","robots":{"index":"index","follow":"follow","max-snippet":"max-snippet:-1","max-image-preview":"max-image-preview:large","max-video-preview":"max-video-preview:-1"},"canonical":"https:\/\/kparts-watersports.com\/de\/produit\/adapter-fuer-kparts-multimarken-carbon-mast\/","og_locale":"de_DE","og_type":"article","og_title":"Adapter f\u00fcr KPARTS Multimarken-Carbon-Mast - KPARTS WATERSPORTS","og_description":"\ud83d\udd17 Adapter f\u00fcr KPARTS Multimarken-Carbon-Mast Diese Adapter sind ausschlie\u00dflich f\u00fcr die Verwendung mit unserem KPARTS Multimarken-Carbon-Mast konzipiert. Sie sind jederzeit abnehmbar und austauschbar! \ud83d\udc49 W\u00e4hlen Sie einfach die Marke Ihres Fuselages, auf dem Sie unseren Mast montieren m\u00f6chten. \ud83e\udde9 Verf\u00fcgbare Adapter ALLURE\u00ae \u2022 AXIS\u00ae \u2022 AFS\u00ae \u2022 CODEFOILS\u00ae \u2022 F-ONE\u00ae (3\u00d7 M6) \u2022 GONG\u00ae V3 \u2022 KPARTS \u2022 SABFOIL\u00ae \u2022 TAKOON\u00ae \u2022 TAKUMA\u00ae V2 (2\u00d7 M8) \u26a0\ufe0f WICHTIG \u2500\u2500\u2500\u2500\u2500\u2500\u2500\u2500\u2500\u2500\u2500\u2500\u2500\u2500\u2500\u2500\u2500\u2500\u2500\u2500\u2500\u2500\u2500\u2500 \ud83d\udd38 Die Adapter AFS\u00ae, F-ONE\u00ae (3\u00d7 M6) und ALLURE\u00ae sind aus Titan gefertigt (aus strukturellen Gr\u00fcnden und f\u00fcr maximale Langlebigkeit). \ud83d\udd38 Die \u00fcbrigen Adapter bestehen aus Aluminium 6061, eloxiert (40 \u00b5m). \u2500\u2500\u2500\u2500\u2500\u2500\u2500\u2500\u2500\u2500\u2500\u2500\u2500\u2500\u2500\u2500\u2500\u2500\u2500\u2500\u2500\u2500\u2500\u2500 \ud83d\udee0\ufe0f Im Preis enthalten \u2022 1 Adapter nach Wahl \u2022 + kompletter Schraubensatz zur Montage des Adapters am Mast \/ Fuselage \ud83c\udf0a Wartung und Langlebigkeit Wie bei allen Aluminiumteilen, die mit Salzwasser in Kontakt kommen, ist es unerl\u00e4sslich, den Adapter nach jeder Nutzung gr\u00fcndlich mit klarem Wasser abzusp\u00fclen, um seine Lebensdauer zu verl\u00e4ngern. \ud83d\udebf","og_url":"https:\/\/kparts-watersports.com\/de\/produit\/adapter-fuer-kparts-multimarken-carbon-mast\/","og_site_name":"KPARTS WATERSPORTS","article_publisher":"https:\/\/www.facebook.com\/people\/AP-3D-Custom\/100076804732870\/","og_image":[{"width":1280,"height":1280,"url":"https:\/\/kparts-watersports.com\/wp-content\/uploads\/2025\/12\/Adaptateurs-Mat-Carbone-KPARTS-_-Resized.webp","type":"image\/webp"}],"twitter_card":"summary_large_image","twitter_misc":{"Gesch\u00e4tzte Lesezeit":"1 minute"},"schema":{"@context":"https:\/\/schema.org","@graph":[{"@type":"WebPage","@id":"https:\/\/kparts-watersports.com\/de\/produit\/adapter-fuer-kparts-multimarken-carbon-mast\/","url":"https:\/\/kparts-watersports.com\/de\/produit\/adapter-fuer-kparts-multimarken-carbon-mast\/","name":"Adapter f\u00fcr KPARTS Multimarken-Carbon-Mast - KPARTS WATERSPORTS","isPartOf":{"@id":"https:\/\/blanchedalmond-oryx-541128.hostingersite.com\/#website"},"primaryImageOfPage":{"@id":"https:\/\/kparts-watersports.com\/de\/produit\/adapter-fuer-kparts-multimarken-carbon-mast\/#primaryimage"},"image":{"@id":"https:\/\/kparts-watersports.com\/de\/produit\/adapter-fuer-kparts-multimarken-carbon-mast\/#primaryimage"},"thumbnailUrl":"https:\/\/kparts-watersports.com\/wp-content\/uploads\/2025\/12\/Adaptateurs-Mat-Carbone-KPARTS-_-Resized.webp","datePublished":"2025-12-10T18:51:31+00:00","breadcrumb":{"@id":"https:\/\/kparts-watersports.com\/de\/produit\/adapter-fuer-kparts-multimarken-carbon-mast\/#breadcrumb"},"inLanguage":"de-DE","potentialAction":[{"@type":"ReadAction","target":["https:\/\/kparts-watersports.com\/de\/produit\/adapter-fuer-kparts-multimarken-carbon-mast\/"]}]},{"@type":"ImageObject","inLanguage":"de-DE","@id":"https:\/\/kparts-watersports.com\/de\/produit\/adapter-fuer-kparts-multimarken-carbon-mast\/#primaryimage","url":"https:\/\/kparts-watersports.com\/wp-content\/uploads\/2025\/12\/Adaptateurs-Mat-Carbone-KPARTS-_-Resized.webp","contentUrl":"https:\/\/kparts-watersports.com\/wp-content\/uploads\/2025\/12\/Adaptateurs-Mat-Carbone-KPARTS-_-Resized.webp","width":1280,"height":1280},{"@type":"BreadcrumbList","@id":"https:\/\/kparts-watersports.com\/de\/produit\/adapter-fuer-kparts-multimarken-carbon-mast\/#breadcrumb","itemListElement":[{"@type":"ListItem","position":1,"name":"Accueil","item":"https:\/\/kparts-watersports.com\/de\/accueil\/"},{"@type":"ListItem","position":2,"name":"Shop","item":"https:\/\/kparts-watersports.com\/boutique-w\/"},{"@type":"ListItem","position":3,"name":"Adapter f\u00fcr KPARTS Multimarken-Carbon-Mast"}]},{"@type":"WebSite","@id":"https:\/\/blanchedalmond-oryx-541128.hostingersite.com\/#website","url":"https:\/\/blanchedalmond-oryx-541128.hostingersite.com\/","name":"KPARTS WATERSPORTS","description":"Accessoires custom pour sports nautiques","publisher":{"@id":"https:\/\/blanchedalmond-oryx-541128.hostingersite.com\/#organization"},"potentialAction":[{"@type":"SearchAction","target":{"@type":"EntryPoint","urlTemplate":"https:\/\/blanchedalmond-oryx-541128.hostingersite.com\/?s={search_term_string}"},"query-input":{"@type":"PropertyValueSpecification","valueRequired":true,"valueName":"search_term_string"}}],"inLanguage":"de-DE"},{"@type":"Organization","@id":"https:\/\/blanchedalmond-oryx-541128.hostingersite.com\/#organization","name":"KPARTS WATERSPORTS","url":"https:\/\/blanchedalmond-oryx-541128.hostingersite.com\/","logo":{"@type":"ImageObject","inLanguage":"de-DE","@id":"https:\/\/blanchedalmond-oryx-541128.hostingersite.com\/#\/schema\/logo\/image\/","url":"https:\/\/kparts-watersports.ovh\/wp-content\/uploads\/2024\/09\/Kparts-Logo-Favicon.jpg","contentUrl":"https:\/\/kparts-watersports.ovh\/wp-content\/uploads\/2024\/09\/Kparts-Logo-Favicon.jpg","width":600,"height":600,"caption":"KPARTS WATERSPORTS"},"image":{"@id":"https:\/\/blanchedalmond-oryx-541128.hostingersite.com\/#\/schema\/logo\/image\/"},"sameAs":["https:\/\/www.facebook.com\/people\/AP-3D-Custom\/100076804732870\/","https:\/\/www.instagram.com\/ap3dcustom\/"]}]}},"jetpack_sharing_enabled":true,"_links":{"self":[{"href":"https:\/\/kparts-watersports.com\/de\/wp-json\/wp\/v2\/product\/17106","targetHints":{"allow":["GET"]}}],"collection":[{"href":"https:\/\/kparts-watersports.com\/de\/wp-json\/wp\/v2\/product"}],"about":[{"href":"https:\/\/kparts-watersports.com\/de\/wp-json\/wp\/v2\/types\/product"}],"replies":[{"embeddable":true,"href":"https:\/\/kparts-watersports.com\/de\/wp-json\/wp\/v2\/comments?post=17106"}],"wp:featuredmedia":[{"embeddable":true,"href":"https:\/\/kparts-watersports.com\/de\/wp-json\/wp\/v2\/media\/17107"}],"wp:attachment":[{"href":"https:\/\/kparts-watersports.com\/de\/wp-json\/wp\/v2\/media?parent=17106"}],"wp:term":[{"taxonomy":"product_brand","embeddable":true,"href":"https:\/\/kparts-watersports.com\/de\/wp-json\/wp\/v2\/product_brand?post=17106"},{"taxonomy":"product_cat","embeddable":true,"href":"https:\/\/kparts-watersports.com\/de\/wp-json\/wp\/v2\/product_cat?post=17106"},{"taxonomy":"product_tag","embeddable":true,"href":"https:\/\/kparts-watersports.com\/de\/wp-json\/wp\/v2\/product_tag?post=17106"}],"curies":[{"name":"wp","href":"https:\/\/api.w.org\/{rel}","templated":true}]}}