{"id":17132,"date":"2025-11-30T15:36:23","date_gmt":"2025-11-30T14:36:23","guid":{"rendered":"https:\/\/kparts-watersports.com\/produit\/kparts-rake-shim-universal\/"},"modified":"2025-11-30T15:36:23","modified_gmt":"2025-11-30T14:36:23","slug":"kparts-rake-shim-universal","status":"publish","type":"product","link":"https:\/\/kparts-watersports.com\/de\/produit\/kparts-rake-shim-universal\/","title":{"rendered":"KPARTS Rake-Shim \u2013 UNIVERSAL"},"content":{"rendered":"<p data-start=\"135\" data-end=\"191\"><strong data-start=\"138\" data-end=\"191\">\ud83d\udd27 Universelle Rake-Shim \u2013 Praktisch und effizient<\/strong><\/p>\n<p data-start=\"193\" data-end=\"390\">Als Erg\u00e4nzung zu unserer vollst\u00e4ndigen Reihe ma\u00dfgeschneiderter <strong data-start=\"234\" data-end=\"262\">Rake-Shims bieten wir diesen<\/strong> universellen Rake-Shim an \u2013 ideal f\u00fcr Rider, die vor allem Einfachheit und <strong data-start=\"285\" data-end=\"313\">Praktikabilit\u00e4t suchen<\/strong> \u2705<\/p>\n<p data-start=\"392\" data-end=\"561\"><strong data-start=\"395\" data-end=\"422\">An einem Ende offen<\/strong>, l\u00e4sst sie sich ganz einfach unter die Platte schieben, ohne den Mast zu demontieren oder die Schrauben der <strong data-start=\"466\" data-end=\"490\">T-Nuts<\/strong> zu entfernen. Ein echter Zeitgewinn bei der Montage \u23f1\ufe0f <\/p>\n<hr data-start=\"563\" data-end=\"566\">\n<p data-start=\"568\" data-end=\"601\"><strong data-start=\"571\" data-end=\"601\">\ud83d\udccf Zwei Gr\u00f6\u00dfen erh\u00e4ltlich:<\/strong><\/p>\n<p data-start=\"603\" data-end=\"743\"><strong data-start=\"606\" data-end=\"641\">\ud83d\udd39 Gr\u00f6\u00dfe M \u2013 Nutzl\u00e4nge 21 cm<\/strong><br data-start=\"641\" data-end=\"644\">\u27a1\ufe0f Mittelgro\u00dfe Platten: <strong data-start=\"676\" data-end=\"737\">KPARTS, AFS, F-ONE Aluminium, Alpine Foil, AXIS Aluminium, Lok\u00e9foil, A\u00e9romod<\/strong> usw.<\/p>\n<p data-start=\"745\" data-end=\"892\"><strong data-start=\"748\" data-end=\"783\">\ud83d\udd39 Gr\u00f6\u00dfe L \u2013 Nutzl\u00e4nge 24 cm<\/strong><br data-start=\"783\" data-end=\"786\">\u27a1\ufe0f Gro\u00dfe Platten: <strong data-start=\"817\" data-end=\"886\">AXIS Carbon, F-ONE Carbon, Code Foils, SABFOIL, Armstrong, GONG usw.<\/strong><\/p>\n<p data-start=\"894\" data-end=\"987\">\u26a0\ufe0f <strong data-start=\"897\" data-end=\"956\">Nehmen Sie sich die Zeit, die L\u00e4nge Ihrer Platte zu messen<\/strong>, um das passende Modell zu w\u00e4hlen.<\/p>\n<hr data-start=\"989\" data-end=\"992\">\n<p data-start=\"994\" data-end=\"1185\">\ud83d\udd04 <strong data-start=\"997\" data-end=\"1018\">Einstellung des Rake-Winkels:<\/strong><br data-start=\"1018\" data-end=\"1021\">\u2795 <strong data-start=\"1023\" data-end=\"1044\">Rake erh\u00f6hen:<\/strong> Shim von vorne einsetzen (dicke Seite nach vorne)<br data-start=\"1100\" data-end=\"1103\">\u2796 <strong data-start=\"1105\" data-end=\"1125\">Rake verringern:<\/strong> Shim von hinten einsetzen (dicke Seite nach hinten)<\/p>\n<hr data-start=\"1187\" data-end=\"1190\">\n<p data-start=\"1192\" data-end=\"1223\"><strong data-start=\"1195\" data-end=\"1223\">\u2139\ufe0f Wichtige Hinweise vor der Montage:<\/strong><\/p>\n<p data-start=\"1225\" data-end=\"1433\">\u2022 \ud83d\udcd0 Dicke des Shims: <strong>5 mm f\u00fcr den 1,0\u00b0-Shim<\/strong> und<strong data-start=\"1253\" data-end=\"1290\"> 7 mm f\u00fcr den 1,5\u00b0-Shim<\/strong><br data-start=\"1290\" data-end=\"1293\">\u27a1\ufe0f \u00dcberpr\u00fcfen Sie die L\u00e4nge Ihrer Originalschrauben (sind sie lang genug?)<br data-start=\"1366\" data-end=\"1369\">\u27a1\ufe0f Schrauben in <strong data-start=\"1391\" data-end=\"1410\">30 \/ 35 \/ 40 mm<\/strong> in unserem <a href=\"https:\/\/kparts-watersports.com\/de\/produktkategorie\/schrauben-hardware\/a4-edelstahl\/\">Shop erh\u00e4ltlich<\/a> \ud83d\uded2<\/p>\n<p data-start=\"1435\" data-end=\"1588\">\u2022 \u2693 Ausrichtung: Positionieren Sie unbedingt die glatte <strong data-start=\"1487\" data-end=\"1513\">Seite zur Unterseite des Boards<\/strong><br data-start=\"1513\" data-end=\"1516\">\u27a1\ufe0f Die Druckspuren auf der anderen Seite k\u00f6nnten die Oberfl\u00e4che besch\u00e4digen<\/p>\n<p data-start=\"1590\" data-end=\"1719\">\u2022 \ud83c\udf21\ufe0f <strong data-start=\"1596\" data-end=\"1641\">Maximale Einsatztemperatur: 60 \u00b0C<\/strong><br data-start=\"1641\" data-end=\"1644\">\u26a0\ufe0f Vermeiden Sie eine l\u00e4ngere Lagerung in einem Fahrzeug, das direkter Sonneneinstrahlung ausgesetzt ist \u2600\ufe0f\ud83d\ude97<\/p>\n","protected":false},"excerpt":{"rendered":"<p>\ud83d\udd27 Universelle Rake-Shim \u2013 Praktisch und effizient Als Erg\u00e4nzung zu unserer vollst\u00e4ndigen Reihe ma\u00dfgeschneiderter Rake-Shims bieten wir diesen universellen Rake-Shim an \u2013 ideal f\u00fcr Rider, die vor allem Einfachheit und Praktikabilit\u00e4t suchen \u2705 An einem Ende offen, l\u00e4sst sie sich ganz einfach unter die Platte schieben, ohne den Mast zu demontieren oder die Schrauben der T-Nuts zu entfernen. Ein echter Zeitgewinn bei der Montage \u23f1\ufe0f \ud83d\udccf Zwei Gr\u00f6\u00dfen erh\u00e4ltlich: \ud83d\udd39 Gr\u00f6\u00dfe M \u2013 Nutzl\u00e4nge 21 cm\u27a1\ufe0f Mittelgro\u00dfe Platten: KPARTS, AFS, F-ONE Aluminium, Alpine Foil, AXIS Aluminium, Lok\u00e9foil, A\u00e9romod usw. \ud83d\udd39 Gr\u00f6\u00dfe L \u2013 Nutzl\u00e4nge 24 cm\u27a1\ufe0f Gro\u00dfe Platten: AXIS Carbon, F-ONE Carbon, Code Foils, SABFOIL, Armstrong, GONG usw. \u26a0\ufe0f Nehmen Sie sich die Zeit, die L\u00e4nge Ihrer Platte zu messen, um das passende Modell zu w\u00e4hlen. \ud83d\udd04 Einstellung des Rake-Winkels:\u2795 Rake erh\u00f6hen: Shim von vorne einsetzen (dicke Seite nach vorne)\u2796 Rake verringern: Shim von hinten einsetzen (dicke Seite nach hinten) \u2139\ufe0f Wichtige Hinweise vor der Montage: \u2022 \ud83d\udcd0 Dicke des Shims: 5 mm f\u00fcr den 1,0\u00b0-Shim und 7 mm f\u00fcr den 1,5\u00b0-Shim\u27a1\ufe0f \u00dcberpr\u00fcfen Sie die L\u00e4nge Ihrer Originalschrauben (sind sie lang genug?)\u27a1\ufe0f Schrauben in 30 \/ 35 \/ 40 mm in unserem Shop erh\u00e4ltlich \ud83d\uded2 \u2022 \u2693 Ausrichtung: Positionieren Sie unbedingt die glatte Seite zur Unterseite des Boards\u27a1\ufe0f Die Druckspuren auf der anderen Seite k\u00f6nnten die Oberfl\u00e4che besch\u00e4digen \u2022 \ud83c\udf21\ufe0f Maximale Einsatztemperatur: 60 \u00b0C\u26a0\ufe0f Vermeiden Sie eine l\u00e4ngere Lagerung in einem Fahrzeug, das direkter Sonneneinstrahlung ausgesetzt ist \u2600\ufe0f\ud83d\ude97<\/p>\n","protected":false},"featured_media":17136,"comment_status":"open","ping_status":"closed","template":"","meta":{"site-sidebar-layout":"default","site-content-layout":"","ast-site-content-layout":"default","site-content-style":"default","site-sidebar-style":"default","ast-global-header-display":"","ast-banner-title-visibility":"","ast-main-header-display":"","ast-hfb-above-header-display":"","ast-hfb-below-header-display":"","ast-hfb-mobile-header-display":"","site-post-title":"","ast-breadcrumbs-content":"","ast-featured-img":"","footer-sml-layout":"","ast-disable-related-posts":"","theme-transparent-header-meta":"default","adv-header-id-meta":"","stick-header-meta":"","header-above-stick-meta":"","header-main-stick-meta":"","header-below-stick-meta":"","astra-migrate-meta-layouts":"default","ast-page-background-enabled":"default","ast-page-background-meta":{"desktop":{"background-color":"var(--ast-global-color-4)","background-image":"","background-repeat":"repeat","background-position":"center center","background-size":"auto","background-attachment":"scroll","background-type":"","background-media":"","overlay-type":"","overlay-color":"","overlay-opacity":"","overlay-gradient":""},"tablet":{"background-color":"","background-image":"","background-repeat":"repeat","background-position":"center center","background-size":"auto","background-attachment":"scroll","background-type":"","background-media":"","overlay-type":"","overlay-color":"","overlay-opacity":"","overlay-gradient":""},"mobile":{"background-color":"","background-image":"","background-repeat":"repeat","background-position":"center center","background-size":"auto","background-attachment":"scroll","background-type":"","background-media":"","overlay-type":"","overlay-color":"","overlay-opacity":"","overlay-gradient":""}},"ast-content-background-meta":{"desktop":{"background-color":"var(--ast-global-color-5)","background-image":"","background-repeat":"repeat","background-position":"center center","background-size":"auto","background-attachment":"scroll","background-type":"","background-media":"","overlay-type":"","overlay-color":"","overlay-opacity":"","overlay-gradient":""},"tablet":{"background-color":"var(--ast-global-color-5)","background-image":"","background-repeat":"repeat","background-position":"center center","background-size":"auto","background-attachment":"scroll","background-type":"","background-media":"","overlay-type":"","overlay-color":"","overlay-opacity":"","overlay-gradient":""},"mobile":{"background-color":"var(--ast-global-color-5)","background-image":"","background-repeat":"repeat","background-position":"center center","background-size":"auto","background-attachment":"scroll","background-type":"","background-media":"","overlay-type":"","overlay-color":"","overlay-opacity":"","overlay-gradient":""}}},"product_brand":[],"product_cat":[223,225,226],"product_tag":[],"class_list":{"0":"post-17132","1":"product","2":"type-product","3":"status-publish","4":"has-post-thumbnail","6":"product_cat-foil-zubehor","7":"product_cat-rake-shims-de","8":"product_cat-universal-shim-fur-rake","9":"desktop-align-center","10":"tablet-align-left","11":"mobile-align-left","12":"tm-has-options","14":"first","15":"instock","16":"taxable","17":"shipping-taxable","18":"purchasable","19":"product-type-variable"},"yoast_head":"<!-- This site is optimized with the Yoast SEO plugin v27.3 - https:\/\/yoast.com\/product\/yoast-seo-wordpress\/ -->\n<title>KPARTS Rake-Shim \u2013 UNIVERSAL - KPARTS WATERSPORTS<\/title>\n<meta name=\"robots\" content=\"index, follow, max-snippet:-1, max-image-preview:large, max-video-preview:-1\" \/>\n<link rel=\"canonical\" href=\"https:\/\/kparts-watersports.com\/de\/produit\/kparts-rake-shim-universal\/\" \/>\n<meta property=\"og:locale\" content=\"de_DE\" \/>\n<meta property=\"og:type\" content=\"article\" \/>\n<meta property=\"og:title\" content=\"KPARTS Rake-Shim \u2013 UNIVERSAL - KPARTS WATERSPORTS\" \/>\n<meta property=\"og:description\" content=\"\ud83d\udd27 Universelle Rake-Shim \u2013 Praktisch und effizient Als Erg\u00e4nzung zu unserer vollst\u00e4ndigen Reihe ma\u00dfgeschneiderter Rake-Shims bieten wir diesen universellen Rake-Shim an \u2013 ideal f\u00fcr Rider, die vor allem Einfachheit und Praktikabilit\u00e4t suchen \u2705 An einem Ende offen, l\u00e4sst sie sich ganz einfach unter die Platte schieben, ohne den Mast zu demontieren oder die Schrauben der T-Nuts zu entfernen. Ein echter Zeitgewinn bei der Montage \u23f1\ufe0f \ud83d\udccf Zwei Gr\u00f6\u00dfen erh\u00e4ltlich: \ud83d\udd39 Gr\u00f6\u00dfe M \u2013 Nutzl\u00e4nge 21 cm\u27a1\ufe0f Mittelgro\u00dfe Platten: KPARTS, AFS, F-ONE Aluminium, Alpine Foil, AXIS Aluminium, Lok\u00e9foil, A\u00e9romod usw. \ud83d\udd39 Gr\u00f6\u00dfe L \u2013 Nutzl\u00e4nge 24 cm\u27a1\ufe0f Gro\u00dfe Platten: AXIS Carbon, F-ONE Carbon, Code Foils, SABFOIL, Armstrong, GONG usw. \u26a0\ufe0f Nehmen Sie sich die Zeit, die L\u00e4nge Ihrer Platte zu messen, um das passende Modell zu w\u00e4hlen. \ud83d\udd04 Einstellung des Rake-Winkels:\u2795 Rake erh\u00f6hen: Shim von vorne einsetzen (dicke Seite nach vorne)\u2796 Rake verringern: Shim von hinten einsetzen (dicke Seite nach hinten) \u2139\ufe0f Wichtige Hinweise vor der Montage: \u2022 \ud83d\udcd0 Dicke des Shims: 5 mm f\u00fcr den 1,0\u00b0-Shim und 7 mm f\u00fcr den 1,5\u00b0-Shim\u27a1\ufe0f \u00dcberpr\u00fcfen Sie die L\u00e4nge Ihrer Originalschrauben (sind sie lang genug?)\u27a1\ufe0f Schrauben in 30 \/ 35 \/ 40 mm in unserem Shop erh\u00e4ltlich \ud83d\uded2 \u2022 \u2693 Ausrichtung: Positionieren Sie unbedingt die glatte Seite zur Unterseite des Boards\u27a1\ufe0f Die Druckspuren auf der anderen Seite k\u00f6nnten die Oberfl\u00e4che besch\u00e4digen \u2022 \ud83c\udf21\ufe0f Maximale Einsatztemperatur: 60 \u00b0C\u26a0\ufe0f Vermeiden Sie eine l\u00e4ngere Lagerung in einem Fahrzeug, das direkter Sonneneinstrahlung ausgesetzt ist \u2600\ufe0f\ud83d\ude97\" \/>\n<meta property=\"og:url\" content=\"https:\/\/kparts-watersports.com\/de\/produit\/kparts-rake-shim-universal\/\" \/>\n<meta property=\"og:site_name\" content=\"KPARTS WATERSPORTS\" \/>\n<meta property=\"article:publisher\" content=\"https:\/\/www.facebook.com\/people\/AP-3D-Custom\/100076804732870\/\" \/>\n<meta property=\"og:image\" content=\"https:\/\/kparts-watersports.com\/wp-content\/uploads\/2025\/11\/Cale-de-rake-universelle-KPARTS-Compressed.webp\" \/>\n\t<meta property=\"og:image:width\" content=\"600\" \/>\n\t<meta property=\"og:image:height\" content=\"600\" \/>\n\t<meta property=\"og:image:type\" content=\"image\/webp\" \/>\n<meta name=\"twitter:card\" content=\"summary_large_image\" \/>\n<meta name=\"twitter:label1\" content=\"Gesch\u00e4tzte Lesezeit\" \/>\n\t<meta name=\"twitter:data1\" content=\"1 minute\" \/>\n<script type=\"application\/ld+json\" class=\"yoast-schema-graph\">{\"@context\":\"https:\\\/\\\/schema.org\",\"@graph\":[{\"@type\":\"WebPage\",\"@id\":\"https:\\\/\\\/kparts-watersports.com\\\/de\\\/produit\\\/kparts-rake-shim-universal\\\/\",\"url\":\"https:\\\/\\\/kparts-watersports.com\\\/de\\\/produit\\\/kparts-rake-shim-universal\\\/\",\"name\":\"KPARTS Rake-Shim \u2013 UNIVERSAL - KPARTS WATERSPORTS\",\"isPartOf\":{\"@id\":\"https:\\\/\\\/blanchedalmond-oryx-541128.hostingersite.com\\\/#website\"},\"primaryImageOfPage\":{\"@id\":\"https:\\\/\\\/kparts-watersports.com\\\/de\\\/produit\\\/kparts-rake-shim-universal\\\/#primaryimage\"},\"image\":{\"@id\":\"https:\\\/\\\/kparts-watersports.com\\\/de\\\/produit\\\/kparts-rake-shim-universal\\\/#primaryimage\"},\"thumbnailUrl\":\"https:\\\/\\\/kparts-watersports.com\\\/wp-content\\\/uploads\\\/2025\\\/11\\\/Cale-de-rake-universelle-KPARTS-Compressed.webp\",\"datePublished\":\"2025-11-30T14:36:23+00:00\",\"breadcrumb\":{\"@id\":\"https:\\\/\\\/kparts-watersports.com\\\/de\\\/produit\\\/kparts-rake-shim-universal\\\/#breadcrumb\"},\"inLanguage\":\"de-DE\",\"potentialAction\":[{\"@type\":\"ReadAction\",\"target\":[\"https:\\\/\\\/kparts-watersports.com\\\/de\\\/produit\\\/kparts-rake-shim-universal\\\/\"]}]},{\"@type\":\"ImageObject\",\"inLanguage\":\"de-DE\",\"@id\":\"https:\\\/\\\/kparts-watersports.com\\\/de\\\/produit\\\/kparts-rake-shim-universal\\\/#primaryimage\",\"url\":\"https:\\\/\\\/kparts-watersports.com\\\/wp-content\\\/uploads\\\/2025\\\/11\\\/Cale-de-rake-universelle-KPARTS-Compressed.webp\",\"contentUrl\":\"https:\\\/\\\/kparts-watersports.com\\\/wp-content\\\/uploads\\\/2025\\\/11\\\/Cale-de-rake-universelle-KPARTS-Compressed.webp\",\"width\":600,\"height\":600},{\"@type\":\"BreadcrumbList\",\"@id\":\"https:\\\/\\\/kparts-watersports.com\\\/de\\\/produit\\\/kparts-rake-shim-universal\\\/#breadcrumb\",\"itemListElement\":[{\"@type\":\"ListItem\",\"position\":1,\"name\":\"Accueil\",\"item\":\"https:\\\/\\\/kparts-watersports.com\\\/de\\\/accueil\\\/\"},{\"@type\":\"ListItem\",\"position\":2,\"name\":\"Shop\",\"item\":\"https:\\\/\\\/kparts-watersports.com\\\/boutique-w\\\/\"},{\"@type\":\"ListItem\",\"position\":3,\"name\":\"KPARTS Rake-Shim \u2013 UNIVERSAL\"}]},{\"@type\":\"WebSite\",\"@id\":\"https:\\\/\\\/blanchedalmond-oryx-541128.hostingersite.com\\\/#website\",\"url\":\"https:\\\/\\\/blanchedalmond-oryx-541128.hostingersite.com\\\/\",\"name\":\"KPARTS WATERSPORTS\",\"description\":\"Accessoires custom pour sports nautiques\",\"publisher\":{\"@id\":\"https:\\\/\\\/blanchedalmond-oryx-541128.hostingersite.com\\\/#organization\"},\"potentialAction\":[{\"@type\":\"SearchAction\",\"target\":{\"@type\":\"EntryPoint\",\"urlTemplate\":\"https:\\\/\\\/blanchedalmond-oryx-541128.hostingersite.com\\\/?s={search_term_string}\"},\"query-input\":{\"@type\":\"PropertyValueSpecification\",\"valueRequired\":true,\"valueName\":\"search_term_string\"}}],\"inLanguage\":\"de-DE\"},{\"@type\":\"Organization\",\"@id\":\"https:\\\/\\\/blanchedalmond-oryx-541128.hostingersite.com\\\/#organization\",\"name\":\"KPARTS WATERSPORTS\",\"url\":\"https:\\\/\\\/blanchedalmond-oryx-541128.hostingersite.com\\\/\",\"logo\":{\"@type\":\"ImageObject\",\"inLanguage\":\"de-DE\",\"@id\":\"https:\\\/\\\/blanchedalmond-oryx-541128.hostingersite.com\\\/#\\\/schema\\\/logo\\\/image\\\/\",\"url\":\"https:\\\/\\\/kparts-watersports.ovh\\\/wp-content\\\/uploads\\\/2024\\\/09\\\/Kparts-Logo-Favicon.jpg\",\"contentUrl\":\"https:\\\/\\\/kparts-watersports.ovh\\\/wp-content\\\/uploads\\\/2024\\\/09\\\/Kparts-Logo-Favicon.jpg\",\"width\":600,\"height\":600,\"caption\":\"KPARTS WATERSPORTS\"},\"image\":{\"@id\":\"https:\\\/\\\/blanchedalmond-oryx-541128.hostingersite.com\\\/#\\\/schema\\\/logo\\\/image\\\/\"},\"sameAs\":[\"https:\\\/\\\/www.facebook.com\\\/people\\\/AP-3D-Custom\\\/100076804732870\\\/\",\"https:\\\/\\\/www.instagram.com\\\/ap3dcustom\\\/\"]}]}<\/script>\n<!-- \/ Yoast SEO plugin. -->","yoast_head_json":{"title":"KPARTS Rake-Shim \u2013 UNIVERSAL - KPARTS WATERSPORTS","robots":{"index":"index","follow":"follow","max-snippet":"max-snippet:-1","max-image-preview":"max-image-preview:large","max-video-preview":"max-video-preview:-1"},"canonical":"https:\/\/kparts-watersports.com\/de\/produit\/kparts-rake-shim-universal\/","og_locale":"de_DE","og_type":"article","og_title":"KPARTS Rake-Shim \u2013 UNIVERSAL - KPARTS WATERSPORTS","og_description":"\ud83d\udd27 Universelle Rake-Shim \u2013 Praktisch und effizient Als Erg\u00e4nzung zu unserer vollst\u00e4ndigen Reihe ma\u00dfgeschneiderter Rake-Shims bieten wir diesen universellen Rake-Shim an \u2013 ideal f\u00fcr Rider, die vor allem Einfachheit und Praktikabilit\u00e4t suchen \u2705 An einem Ende offen, l\u00e4sst sie sich ganz einfach unter die Platte schieben, ohne den Mast zu demontieren oder die Schrauben der T-Nuts zu entfernen. Ein echter Zeitgewinn bei der Montage \u23f1\ufe0f \ud83d\udccf Zwei Gr\u00f6\u00dfen erh\u00e4ltlich: \ud83d\udd39 Gr\u00f6\u00dfe M \u2013 Nutzl\u00e4nge 21 cm\u27a1\ufe0f Mittelgro\u00dfe Platten: KPARTS, AFS, F-ONE Aluminium, Alpine Foil, AXIS Aluminium, Lok\u00e9foil, A\u00e9romod usw. \ud83d\udd39 Gr\u00f6\u00dfe L \u2013 Nutzl\u00e4nge 24 cm\u27a1\ufe0f Gro\u00dfe Platten: AXIS Carbon, F-ONE Carbon, Code Foils, SABFOIL, Armstrong, GONG usw. \u26a0\ufe0f Nehmen Sie sich die Zeit, die L\u00e4nge Ihrer Platte zu messen, um das passende Modell zu w\u00e4hlen. \ud83d\udd04 Einstellung des Rake-Winkels:\u2795 Rake erh\u00f6hen: Shim von vorne einsetzen (dicke Seite nach vorne)\u2796 Rake verringern: Shim von hinten einsetzen (dicke Seite nach hinten) \u2139\ufe0f Wichtige Hinweise vor der Montage: \u2022 \ud83d\udcd0 Dicke des Shims: 5 mm f\u00fcr den 1,0\u00b0-Shim und 7 mm f\u00fcr den 1,5\u00b0-Shim\u27a1\ufe0f \u00dcberpr\u00fcfen Sie die L\u00e4nge Ihrer Originalschrauben (sind sie lang genug?)\u27a1\ufe0f Schrauben in 30 \/ 35 \/ 40 mm in unserem Shop erh\u00e4ltlich \ud83d\uded2 \u2022 \u2693 Ausrichtung: Positionieren Sie unbedingt die glatte Seite zur Unterseite des Boards\u27a1\ufe0f Die Druckspuren auf der anderen Seite k\u00f6nnten die Oberfl\u00e4che besch\u00e4digen \u2022 \ud83c\udf21\ufe0f Maximale Einsatztemperatur: 60 \u00b0C\u26a0\ufe0f Vermeiden Sie eine l\u00e4ngere Lagerung in einem Fahrzeug, das direkter Sonneneinstrahlung ausgesetzt ist \u2600\ufe0f\ud83d\ude97","og_url":"https:\/\/kparts-watersports.com\/de\/produit\/kparts-rake-shim-universal\/","og_site_name":"KPARTS WATERSPORTS","article_publisher":"https:\/\/www.facebook.com\/people\/AP-3D-Custom\/100076804732870\/","og_image":[{"width":600,"height":600,"url":"https:\/\/kparts-watersports.com\/wp-content\/uploads\/2025\/11\/Cale-de-rake-universelle-KPARTS-Compressed.webp","type":"image\/webp"}],"twitter_card":"summary_large_image","twitter_misc":{"Gesch\u00e4tzte Lesezeit":"1 minute"},"schema":{"@context":"https:\/\/schema.org","@graph":[{"@type":"WebPage","@id":"https:\/\/kparts-watersports.com\/de\/produit\/kparts-rake-shim-universal\/","url":"https:\/\/kparts-watersports.com\/de\/produit\/kparts-rake-shim-universal\/","name":"KPARTS Rake-Shim \u2013 UNIVERSAL - KPARTS WATERSPORTS","isPartOf":{"@id":"https:\/\/blanchedalmond-oryx-541128.hostingersite.com\/#website"},"primaryImageOfPage":{"@id":"https:\/\/kparts-watersports.com\/de\/produit\/kparts-rake-shim-universal\/#primaryimage"},"image":{"@id":"https:\/\/kparts-watersports.com\/de\/produit\/kparts-rake-shim-universal\/#primaryimage"},"thumbnailUrl":"https:\/\/kparts-watersports.com\/wp-content\/uploads\/2025\/11\/Cale-de-rake-universelle-KPARTS-Compressed.webp","datePublished":"2025-11-30T14:36:23+00:00","breadcrumb":{"@id":"https:\/\/kparts-watersports.com\/de\/produit\/kparts-rake-shim-universal\/#breadcrumb"},"inLanguage":"de-DE","potentialAction":[{"@type":"ReadAction","target":["https:\/\/kparts-watersports.com\/de\/produit\/kparts-rake-shim-universal\/"]}]},{"@type":"ImageObject","inLanguage":"de-DE","@id":"https:\/\/kparts-watersports.com\/de\/produit\/kparts-rake-shim-universal\/#primaryimage","url":"https:\/\/kparts-watersports.com\/wp-content\/uploads\/2025\/11\/Cale-de-rake-universelle-KPARTS-Compressed.webp","contentUrl":"https:\/\/kparts-watersports.com\/wp-content\/uploads\/2025\/11\/Cale-de-rake-universelle-KPARTS-Compressed.webp","width":600,"height":600},{"@type":"BreadcrumbList","@id":"https:\/\/kparts-watersports.com\/de\/produit\/kparts-rake-shim-universal\/#breadcrumb","itemListElement":[{"@type":"ListItem","position":1,"name":"Accueil","item":"https:\/\/kparts-watersports.com\/de\/accueil\/"},{"@type":"ListItem","position":2,"name":"Shop","item":"https:\/\/kparts-watersports.com\/boutique-w\/"},{"@type":"ListItem","position":3,"name":"KPARTS Rake-Shim \u2013 UNIVERSAL"}]},{"@type":"WebSite","@id":"https:\/\/blanchedalmond-oryx-541128.hostingersite.com\/#website","url":"https:\/\/blanchedalmond-oryx-541128.hostingersite.com\/","name":"KPARTS WATERSPORTS","description":"Accessoires custom pour sports nautiques","publisher":{"@id":"https:\/\/blanchedalmond-oryx-541128.hostingersite.com\/#organization"},"potentialAction":[{"@type":"SearchAction","target":{"@type":"EntryPoint","urlTemplate":"https:\/\/blanchedalmond-oryx-541128.hostingersite.com\/?s={search_term_string}"},"query-input":{"@type":"PropertyValueSpecification","valueRequired":true,"valueName":"search_term_string"}}],"inLanguage":"de-DE"},{"@type":"Organization","@id":"https:\/\/blanchedalmond-oryx-541128.hostingersite.com\/#organization","name":"KPARTS WATERSPORTS","url":"https:\/\/blanchedalmond-oryx-541128.hostingersite.com\/","logo":{"@type":"ImageObject","inLanguage":"de-DE","@id":"https:\/\/blanchedalmond-oryx-541128.hostingersite.com\/#\/schema\/logo\/image\/","url":"https:\/\/kparts-watersports.ovh\/wp-content\/uploads\/2024\/09\/Kparts-Logo-Favicon.jpg","contentUrl":"https:\/\/kparts-watersports.ovh\/wp-content\/uploads\/2024\/09\/Kparts-Logo-Favicon.jpg","width":600,"height":600,"caption":"KPARTS WATERSPORTS"},"image":{"@id":"https:\/\/blanchedalmond-oryx-541128.hostingersite.com\/#\/schema\/logo\/image\/"},"sameAs":["https:\/\/www.facebook.com\/people\/AP-3D-Custom\/100076804732870\/","https:\/\/www.instagram.com\/ap3dcustom\/"]}]}},"jetpack_sharing_enabled":true,"_links":{"self":[{"href":"https:\/\/kparts-watersports.com\/de\/wp-json\/wp\/v2\/product\/17132","targetHints":{"allow":["GET"]}}],"collection":[{"href":"https:\/\/kparts-watersports.com\/de\/wp-json\/wp\/v2\/product"}],"about":[{"href":"https:\/\/kparts-watersports.com\/de\/wp-json\/wp\/v2\/types\/product"}],"replies":[{"embeddable":true,"href":"https:\/\/kparts-watersports.com\/de\/wp-json\/wp\/v2\/comments?post=17132"}],"wp:featuredmedia":[{"embeddable":true,"href":"https:\/\/kparts-watersports.com\/de\/wp-json\/wp\/v2\/media\/17136"}],"wp:attachment":[{"href":"https:\/\/kparts-watersports.com\/de\/wp-json\/wp\/v2\/media?parent=17132"}],"wp:term":[{"taxonomy":"product_brand","embeddable":true,"href":"https:\/\/kparts-watersports.com\/de\/wp-json\/wp\/v2\/product_brand?post=17132"},{"taxonomy":"product_cat","embeddable":true,"href":"https:\/\/kparts-watersports.com\/de\/wp-json\/wp\/v2\/product_cat?post=17132"},{"taxonomy":"product_tag","embeddable":true,"href":"https:\/\/kparts-watersports.com\/de\/wp-json\/wp\/v2\/product_tag?post=17132"}],"curies":[{"name":"wp","href":"https:\/\/api.w.org\/{rel}","templated":true}]}}