{"id":12794,"date":"2026-03-26T14:33:24","date_gmt":"2026-03-26T13:33:24","guid":{"rendered":"https:\/\/kparts-watersports.com\/?post_type=product&#038;p=12794"},"modified":"2026-04-02T09:49:46","modified_gmt":"2026-04-02T07:49:46","slug":"aeromod-v3-cales-rake-wingfoil","status":"publish","type":"product","link":"https:\/\/kparts-watersports.com\/en\/produit\/aeromod-v3-cales-rake-wingfoil\/","title":{"rendered":"AEROMOD V3 &#8211; Cales rake WINGFOIL"},"content":{"rendered":"<p>MERCI DE LIRE L&#8217;ENSEMBLE \ud83e\udd19<\/p>\n<p><strong>Uniquement pour les mats V3<\/strong><\/p>\n<div>Cales de rake pour WING FOIL &#8211; R\u00e9alis\u00e9es en impression 3D<\/div>\n<div>&#8211; Pack 3 cales : 0.5\u00b0\/1.0\u00b0\/1.5\u00b0<\/div>\n<div>&#8211; Pack 2 cales : 0.8\u00b0\/1.5\u00b0<\/div>\n<div>&#8211; 1 cale au choix parmi : 1.0\u00b0\/1.5\u00b0<\/div>\n<div>&#8211; 1 cale avec angle personnalis\u00e9 (max 2.0\u00b0) \/ A pr\u00e9ciser par mail lors de la commande<\/div>\n<div>IMPORTANT :<\/div>\n<div>&#8211; Les cales &#8220;+&#8221; augmentent votre rake : vous serez davantage &#8220;nose up&#8221;, le nez sera plus haut en navigation.<\/div>\n<div>&#8211; Les cales &#8220;-&#8221; r\u00e9duisent le rake : vous serez davantage &#8220;nose down&#8221;, le nez sera plus bas en navigation.<\/div>\n<p>&#8211; Pour les platines sym\u00e9triques, les cales sont r\u00e9versibles donc pas de diff\u00e9rence entre les cales &#8220;-&#8221; et &#8220;+&#8221;.<\/p>\n<div>&#8211; La cale de rake a une certaine \u00e9paisseur (7mm pour les cales de 1.5\u00b0), pensez \u00e0 v\u00e9rifier la taille de vos vis d&#8217;origine (assez longues?). L&#8217;article &#8220;4 vis M8X40&#8221; ou &#8220;4 vis M6x40&#8221; de la boutique peut vous \u00eatre utile.<\/div>\n<p>&#8211; Positionnez la face lisse de la cale c\u00f4t\u00e9 car\u00e8ne &#8211; les traces d&#8217;impression sur l&#8217;autre face pourraient laisser des traces.<\/p>\n<p>&#8211; Temp\u00e9rature limite d&#8217;utilisation : 60\u00b0C \/ Attention au stockage dans les v\u00e9hicules en plein soleil.<\/p>\n","protected":false},"excerpt":{"rendered":"<p>MERCI DE LIRE L&#8217;ENSEMBLE \ud83e\udd19 Uniquement pour les mats V3 Cales de rake pour WING FOIL &#8211; R\u00e9alis\u00e9es en impression 3D &#8211; Pack 3 cales : 0.5\u00b0\/1.0\u00b0\/1.5\u00b0 &#8211; Pack 2 cales : 0.8\u00b0\/1.5\u00b0 &#8211; 1 cale au choix parmi : 1.0\u00b0\/1.5\u00b0 &#8211; 1 cale avec angle personnalis\u00e9 (max 2.0\u00b0) \/ A pr\u00e9ciser par mail lors de la commande IMPORTANT : &#8211; Les cales &#8220;+&#8221; augmentent votre rake : vous serez davantage &#8220;nose up&#8221;, le nez sera plus haut en navigation. &#8211; Les cales &#8220;-&#8221; r\u00e9duisent le rake : vous serez davantage &#8220;nose down&#8221;, le nez sera plus bas en navigation. &#8211; Pour les platines sym\u00e9triques, les cales sont r\u00e9versibles donc pas de diff\u00e9rence entre les cales &#8220;-&#8221; et &#8220;+&#8221;. &#8211; La cale de rake a une certaine \u00e9paisseur (7mm pour les cales de 1.5\u00b0), pensez \u00e0 v\u00e9rifier la taille de vos vis d&#8217;origine (assez longues?). L&#8217;article &#8220;4 vis M8X40&#8221; ou &#8220;4 vis M6x40&#8221; de la boutique peut vous \u00eatre utile. &#8211; Positionnez la face lisse de la cale c\u00f4t\u00e9 car\u00e8ne &#8211; les traces d&#8217;impression sur l&#8217;autre face pourraient laisser des traces. &#8211; Temp\u00e9rature limite d&#8217;utilisation : 60\u00b0C \/ Attention au stockage dans les v\u00e9hicules en plein soleil.<\/p>\n","protected":false},"featured_media":12815,"comment_status":"open","ping_status":"closed","template":"","meta":{"site-sidebar-layout":"default","site-content-layout":"","ast-site-content-layout":"default","site-content-style":"default","site-sidebar-style":"default","ast-global-header-display":"","ast-banner-title-visibility":"","ast-main-header-display":"","ast-hfb-above-header-display":"","ast-hfb-below-header-display":"","ast-hfb-mobile-header-display":"","site-post-title":"","ast-breadcrumbs-content":"","ast-featured-img":"","footer-sml-layout":"","ast-disable-related-posts":"","theme-transparent-header-meta":"default","adv-header-id-meta":"","stick-header-meta":"","header-above-stick-meta":"","header-main-stick-meta":"","header-below-stick-meta":"","astra-migrate-meta-layouts":"set","ast-page-background-enabled":"default","ast-page-background-meta":{"desktop":{"background-color":"var(--ast-global-color-4)","background-image":"","background-repeat":"repeat","background-position":"center center","background-size":"auto","background-attachment":"scroll","background-type":"","background-media":"","overlay-type":"","overlay-color":"","overlay-opacity":"","overlay-gradient":""},"tablet":{"background-color":"","background-image":"","background-repeat":"repeat","background-position":"center center","background-size":"auto","background-attachment":"scroll","background-type":"","background-media":"","overlay-type":"","overlay-color":"","overlay-opacity":"","overlay-gradient":""},"mobile":{"background-color":"","background-image":"","background-repeat":"repeat","background-position":"center center","background-size":"auto","background-attachment":"scroll","background-type":"","background-media":"","overlay-type":"","overlay-color":"","overlay-opacity":"","overlay-gradient":""}},"ast-content-background-meta":{"desktop":{"background-color":"var(--ast-global-color-5)","background-image":"","background-repeat":"repeat","background-position":"center center","background-size":"auto","background-attachment":"scroll","background-type":"","background-media":"","overlay-type":"","overlay-color":"","overlay-opacity":"","overlay-gradient":""},"tablet":{"background-color":"var(--ast-global-color-5)","background-image":"","background-repeat":"repeat","background-position":"center center","background-size":"auto","background-attachment":"scroll","background-type":"","background-media":"","overlay-type":"","overlay-color":"","overlay-opacity":"","overlay-gradient":""},"mobile":{"background-color":"var(--ast-global-color-5)","background-image":"","background-repeat":"repeat","background-position":"center center","background-size":"auto","background-attachment":"scroll","background-type":"","background-media":"","overlay-type":"","overlay-color":"","overlay-opacity":"","overlay-gradient":""}}},"product_brand":[],"product_cat":[41,42],"product_tag":[],"class_list":{"0":"post-12794","1":"product","2":"type-product","3":"status-publish","4":"has-post-thumbnail","6":"product_cat-accessoires-wingfoil","7":"product_cat-cales-de-rake","8":"desktop-align-center","9":"tablet-align-left","10":"mobile-align-left","12":"first","13":"instock","14":"taxable","15":"shipping-taxable","16":"purchasable","17":"product-type-variable"},"yoast_head":"<!-- This site is optimized with the Yoast SEO plugin v27.3 - https:\/\/yoast.com\/product\/yoast-seo-wordpress\/ -->\n<title>AEROMOD V3 - Cales rake WINGFOIL - KPARTS WATERSPORTS<\/title>\n<meta name=\"robots\" content=\"index, follow, max-snippet:-1, max-image-preview:large, max-video-preview:-1\" \/>\n<link rel=\"canonical\" href=\"https:\/\/kparts-watersports.com\/en\/produit\/aeromod-v3-cales-rake-wingfoil\/\" \/>\n<meta property=\"og:locale\" content=\"en_US\" \/>\n<meta property=\"og:type\" content=\"article\" \/>\n<meta property=\"og:title\" content=\"AEROMOD V3 - Cales rake WINGFOIL - KPARTS WATERSPORTS\" \/>\n<meta property=\"og:description\" content=\"MERCI DE LIRE L&#8217;ENSEMBLE \ud83e\udd19 Uniquement pour les mats V3 Cales de rake pour WING FOIL &#8211; R\u00e9alis\u00e9es en impression 3D &#8211; Pack 3 cales : 0.5\u00b0\/1.0\u00b0\/1.5\u00b0 &#8211; Pack 2 cales : 0.8\u00b0\/1.5\u00b0 &#8211; 1 cale au choix parmi : 1.0\u00b0\/1.5\u00b0 &#8211; 1 cale avec angle personnalis\u00e9 (max 2.0\u00b0) \/ A pr\u00e9ciser par mail lors de la commande IMPORTANT : &#8211; Les cales &#8220;+&#8221; augmentent votre rake : vous serez davantage &#8220;nose up&#8221;, le nez sera plus haut en navigation. &#8211; Les cales &#8220;-&#8221; r\u00e9duisent le rake : vous serez davantage &#8220;nose down&#8221;, le nez sera plus bas en navigation. &#8211; Pour les platines sym\u00e9triques, les cales sont r\u00e9versibles donc pas de diff\u00e9rence entre les cales &#8220;-&#8221; et &#8220;+&#8221;. &#8211; La cale de rake a une certaine \u00e9paisseur (7mm pour les cales de 1.5\u00b0), pensez \u00e0 v\u00e9rifier la taille de vos vis d&#8217;origine (assez longues?). L&#8217;article &#8220;4 vis M8X40&#8221; ou &#8220;4 vis M6x40&#8221; de la boutique peut vous \u00eatre utile. &#8211; Positionnez la face lisse de la cale c\u00f4t\u00e9 car\u00e8ne &#8211; les traces d&#8217;impression sur l&#8217;autre face pourraient laisser des traces. &#8211; Temp\u00e9rature limite d&#8217;utilisation : 60\u00b0C \/ Attention au stockage dans les v\u00e9hicules en plein soleil.\" \/>\n<meta property=\"og:url\" content=\"https:\/\/kparts-watersports.com\/en\/produit\/aeromod-v3-cales-rake-wingfoil\/\" \/>\n<meta property=\"og:site_name\" content=\"KPARTS WATERSPORTS\" \/>\n<meta property=\"article:publisher\" content=\"https:\/\/www.facebook.com\/people\/AP-3D-Custom\/100076804732870\/\" \/>\n<meta property=\"article:modified_time\" content=\"2026-04-02T07:49:46+00:00\" \/>\n<meta property=\"og:image\" content=\"https:\/\/kparts-watersports.com\/wp-content\/uploads\/2026\/03\/Cales-AEROMOD-V3.webp\" \/>\n\t<meta property=\"og:image:width\" content=\"800\" \/>\n\t<meta property=\"og:image:height\" content=\"800\" \/>\n\t<meta property=\"og:image:type\" content=\"image\/webp\" \/>\n<meta name=\"twitter:card\" content=\"summary_large_image\" \/>\n<meta name=\"twitter:label1\" content=\"Est. reading time\" \/>\n\t<meta name=\"twitter:data1\" content=\"2 minutes\" \/>\n<script type=\"application\/ld+json\" class=\"yoast-schema-graph\">{\"@context\":\"https:\\\/\\\/schema.org\",\"@graph\":[{\"@type\":\"WebPage\",\"@id\":\"https:\\\/\\\/kparts-watersports.com\\\/en\\\/produit\\\/aeromod-v3-cales-rake-wingfoil\\\/\",\"url\":\"https:\\\/\\\/kparts-watersports.com\\\/en\\\/produit\\\/aeromod-v3-cales-rake-wingfoil\\\/\",\"name\":\"AEROMOD V3 - Cales rake WINGFOIL - KPARTS WATERSPORTS\",\"isPartOf\":{\"@id\":\"https:\\\/\\\/blanchedalmond-oryx-541128.hostingersite.com\\\/#website\"},\"primaryImageOfPage\":{\"@id\":\"https:\\\/\\\/kparts-watersports.com\\\/en\\\/produit\\\/aeromod-v3-cales-rake-wingfoil\\\/#primaryimage\"},\"image\":{\"@id\":\"https:\\\/\\\/kparts-watersports.com\\\/en\\\/produit\\\/aeromod-v3-cales-rake-wingfoil\\\/#primaryimage\"},\"thumbnailUrl\":\"https:\\\/\\\/kparts-watersports.com\\\/wp-content\\\/uploads\\\/2026\\\/03\\\/Cales-AEROMOD-V3.webp\",\"datePublished\":\"2026-03-26T13:33:24+00:00\",\"dateModified\":\"2026-04-02T07:49:46+00:00\",\"breadcrumb\":{\"@id\":\"https:\\\/\\\/kparts-watersports.com\\\/en\\\/produit\\\/aeromod-v3-cales-rake-wingfoil\\\/#breadcrumb\"},\"inLanguage\":\"en-US\",\"potentialAction\":[{\"@type\":\"ReadAction\",\"target\":[\"https:\\\/\\\/kparts-watersports.com\\\/en\\\/produit\\\/aeromod-v3-cales-rake-wingfoil\\\/\"]}]},{\"@type\":\"ImageObject\",\"inLanguage\":\"en-US\",\"@id\":\"https:\\\/\\\/kparts-watersports.com\\\/en\\\/produit\\\/aeromod-v3-cales-rake-wingfoil\\\/#primaryimage\",\"url\":\"https:\\\/\\\/kparts-watersports.com\\\/wp-content\\\/uploads\\\/2026\\\/03\\\/Cales-AEROMOD-V3.webp\",\"contentUrl\":\"https:\\\/\\\/kparts-watersports.com\\\/wp-content\\\/uploads\\\/2026\\\/03\\\/Cales-AEROMOD-V3.webp\",\"width\":800,\"height\":800},{\"@type\":\"BreadcrumbList\",\"@id\":\"https:\\\/\\\/kparts-watersports.com\\\/en\\\/produit\\\/aeromod-v3-cales-rake-wingfoil\\\/#breadcrumb\",\"itemListElement\":[{\"@type\":\"ListItem\",\"position\":1,\"name\":\"Accueil\",\"item\":\"https:\\\/\\\/kparts-watersports.com\\\/en\\\/home\\\/\"},{\"@type\":\"ListItem\",\"position\":2,\"name\":\"SHOP\",\"item\":\"https:\\\/\\\/kparts-watersports.com\\\/en\\\/shop-w\\\/\"},{\"@type\":\"ListItem\",\"position\":3,\"name\":\"AEROMOD V3 &#8211; Cales rake WINGFOIL\"}]},{\"@type\":\"WebSite\",\"@id\":\"https:\\\/\\\/blanchedalmond-oryx-541128.hostingersite.com\\\/#website\",\"url\":\"https:\\\/\\\/blanchedalmond-oryx-541128.hostingersite.com\\\/\",\"name\":\"KPARTS WATERSPORTS\",\"description\":\"Accessoires custom pour sports nautiques\",\"publisher\":{\"@id\":\"https:\\\/\\\/blanchedalmond-oryx-541128.hostingersite.com\\\/#organization\"},\"potentialAction\":[{\"@type\":\"SearchAction\",\"target\":{\"@type\":\"EntryPoint\",\"urlTemplate\":\"https:\\\/\\\/blanchedalmond-oryx-541128.hostingersite.com\\\/?s={search_term_string}\"},\"query-input\":{\"@type\":\"PropertyValueSpecification\",\"valueRequired\":true,\"valueName\":\"search_term_string\"}}],\"inLanguage\":\"en-US\"},{\"@type\":\"Organization\",\"@id\":\"https:\\\/\\\/blanchedalmond-oryx-541128.hostingersite.com\\\/#organization\",\"name\":\"KPARTS WATERSPORTS\",\"url\":\"https:\\\/\\\/blanchedalmond-oryx-541128.hostingersite.com\\\/\",\"logo\":{\"@type\":\"ImageObject\",\"inLanguage\":\"en-US\",\"@id\":\"https:\\\/\\\/blanchedalmond-oryx-541128.hostingersite.com\\\/#\\\/schema\\\/logo\\\/image\\\/\",\"url\":\"https:\\\/\\\/kparts-watersports.ovh\\\/wp-content\\\/uploads\\\/2024\\\/09\\\/Kparts-Logo-Favicon.jpg\",\"contentUrl\":\"https:\\\/\\\/kparts-watersports.ovh\\\/wp-content\\\/uploads\\\/2024\\\/09\\\/Kparts-Logo-Favicon.jpg\",\"width\":600,\"height\":600,\"caption\":\"KPARTS WATERSPORTS\"},\"image\":{\"@id\":\"https:\\\/\\\/blanchedalmond-oryx-541128.hostingersite.com\\\/#\\\/schema\\\/logo\\\/image\\\/\"},\"sameAs\":[\"https:\\\/\\\/www.facebook.com\\\/people\\\/AP-3D-Custom\\\/100076804732870\\\/\",\"https:\\\/\\\/www.instagram.com\\\/ap3dcustom\\\/\"]}]}<\/script>\n<!-- \/ Yoast SEO plugin. -->","yoast_head_json":{"title":"AEROMOD V3 - Cales rake WINGFOIL - KPARTS WATERSPORTS","robots":{"index":"index","follow":"follow","max-snippet":"max-snippet:-1","max-image-preview":"max-image-preview:large","max-video-preview":"max-video-preview:-1"},"canonical":"https:\/\/kparts-watersports.com\/en\/produit\/aeromod-v3-cales-rake-wingfoil\/","og_locale":"en_US","og_type":"article","og_title":"AEROMOD V3 - Cales rake WINGFOIL - KPARTS WATERSPORTS","og_description":"MERCI DE LIRE L&#8217;ENSEMBLE \ud83e\udd19 Uniquement pour les mats V3 Cales de rake pour WING FOIL &#8211; R\u00e9alis\u00e9es en impression 3D &#8211; Pack 3 cales : 0.5\u00b0\/1.0\u00b0\/1.5\u00b0 &#8211; Pack 2 cales : 0.8\u00b0\/1.5\u00b0 &#8211; 1 cale au choix parmi : 1.0\u00b0\/1.5\u00b0 &#8211; 1 cale avec angle personnalis\u00e9 (max 2.0\u00b0) \/ A pr\u00e9ciser par mail lors de la commande IMPORTANT : &#8211; Les cales &#8220;+&#8221; augmentent votre rake : vous serez davantage &#8220;nose up&#8221;, le nez sera plus haut en navigation. &#8211; Les cales &#8220;-&#8221; r\u00e9duisent le rake : vous serez davantage &#8220;nose down&#8221;, le nez sera plus bas en navigation. &#8211; Pour les platines sym\u00e9triques, les cales sont r\u00e9versibles donc pas de diff\u00e9rence entre les cales &#8220;-&#8221; et &#8220;+&#8221;. &#8211; La cale de rake a une certaine \u00e9paisseur (7mm pour les cales de 1.5\u00b0), pensez \u00e0 v\u00e9rifier la taille de vos vis d&#8217;origine (assez longues?). L&#8217;article &#8220;4 vis M8X40&#8221; ou &#8220;4 vis M6x40&#8221; de la boutique peut vous \u00eatre utile. &#8211; Positionnez la face lisse de la cale c\u00f4t\u00e9 car\u00e8ne &#8211; les traces d&#8217;impression sur l&#8217;autre face pourraient laisser des traces. &#8211; Temp\u00e9rature limite d&#8217;utilisation : 60\u00b0C \/ Attention au stockage dans les v\u00e9hicules en plein soleil.","og_url":"https:\/\/kparts-watersports.com\/en\/produit\/aeromod-v3-cales-rake-wingfoil\/","og_site_name":"KPARTS WATERSPORTS","article_publisher":"https:\/\/www.facebook.com\/people\/AP-3D-Custom\/100076804732870\/","article_modified_time":"2026-04-02T07:49:46+00:00","og_image":[{"width":800,"height":800,"url":"https:\/\/kparts-watersports.com\/wp-content\/uploads\/2026\/03\/Cales-AEROMOD-V3.webp","type":"image\/webp"}],"twitter_card":"summary_large_image","twitter_misc":{"Est. reading time":"2 minutes"},"schema":{"@context":"https:\/\/schema.org","@graph":[{"@type":"WebPage","@id":"https:\/\/kparts-watersports.com\/en\/produit\/aeromod-v3-cales-rake-wingfoil\/","url":"https:\/\/kparts-watersports.com\/en\/produit\/aeromod-v3-cales-rake-wingfoil\/","name":"AEROMOD V3 - Cales rake WINGFOIL - KPARTS WATERSPORTS","isPartOf":{"@id":"https:\/\/blanchedalmond-oryx-541128.hostingersite.com\/#website"},"primaryImageOfPage":{"@id":"https:\/\/kparts-watersports.com\/en\/produit\/aeromod-v3-cales-rake-wingfoil\/#primaryimage"},"image":{"@id":"https:\/\/kparts-watersports.com\/en\/produit\/aeromod-v3-cales-rake-wingfoil\/#primaryimage"},"thumbnailUrl":"https:\/\/kparts-watersports.com\/wp-content\/uploads\/2026\/03\/Cales-AEROMOD-V3.webp","datePublished":"2026-03-26T13:33:24+00:00","dateModified":"2026-04-02T07:49:46+00:00","breadcrumb":{"@id":"https:\/\/kparts-watersports.com\/en\/produit\/aeromod-v3-cales-rake-wingfoil\/#breadcrumb"},"inLanguage":"en-US","potentialAction":[{"@type":"ReadAction","target":["https:\/\/kparts-watersports.com\/en\/produit\/aeromod-v3-cales-rake-wingfoil\/"]}]},{"@type":"ImageObject","inLanguage":"en-US","@id":"https:\/\/kparts-watersports.com\/en\/produit\/aeromod-v3-cales-rake-wingfoil\/#primaryimage","url":"https:\/\/kparts-watersports.com\/wp-content\/uploads\/2026\/03\/Cales-AEROMOD-V3.webp","contentUrl":"https:\/\/kparts-watersports.com\/wp-content\/uploads\/2026\/03\/Cales-AEROMOD-V3.webp","width":800,"height":800},{"@type":"BreadcrumbList","@id":"https:\/\/kparts-watersports.com\/en\/produit\/aeromod-v3-cales-rake-wingfoil\/#breadcrumb","itemListElement":[{"@type":"ListItem","position":1,"name":"Accueil","item":"https:\/\/kparts-watersports.com\/en\/home\/"},{"@type":"ListItem","position":2,"name":"SHOP","item":"https:\/\/kparts-watersports.com\/en\/shop-w\/"},{"@type":"ListItem","position":3,"name":"AEROMOD V3 &#8211; Cales rake WINGFOIL"}]},{"@type":"WebSite","@id":"https:\/\/blanchedalmond-oryx-541128.hostingersite.com\/#website","url":"https:\/\/blanchedalmond-oryx-541128.hostingersite.com\/","name":"KPARTS WATERSPORTS","description":"Accessoires custom pour sports nautiques","publisher":{"@id":"https:\/\/blanchedalmond-oryx-541128.hostingersite.com\/#organization"},"potentialAction":[{"@type":"SearchAction","target":{"@type":"EntryPoint","urlTemplate":"https:\/\/blanchedalmond-oryx-541128.hostingersite.com\/?s={search_term_string}"},"query-input":{"@type":"PropertyValueSpecification","valueRequired":true,"valueName":"search_term_string"}}],"inLanguage":"en-US"},{"@type":"Organization","@id":"https:\/\/blanchedalmond-oryx-541128.hostingersite.com\/#organization","name":"KPARTS WATERSPORTS","url":"https:\/\/blanchedalmond-oryx-541128.hostingersite.com\/","logo":{"@type":"ImageObject","inLanguage":"en-US","@id":"https:\/\/blanchedalmond-oryx-541128.hostingersite.com\/#\/schema\/logo\/image\/","url":"https:\/\/kparts-watersports.ovh\/wp-content\/uploads\/2024\/09\/Kparts-Logo-Favicon.jpg","contentUrl":"https:\/\/kparts-watersports.ovh\/wp-content\/uploads\/2024\/09\/Kparts-Logo-Favicon.jpg","width":600,"height":600,"caption":"KPARTS WATERSPORTS"},"image":{"@id":"https:\/\/blanchedalmond-oryx-541128.hostingersite.com\/#\/schema\/logo\/image\/"},"sameAs":["https:\/\/www.facebook.com\/people\/AP-3D-Custom\/100076804732870\/","https:\/\/www.instagram.com\/ap3dcustom\/"]}]}},"jetpack_sharing_enabled":true,"_links":{"self":[{"href":"https:\/\/kparts-watersports.com\/en\/wp-json\/wp\/v2\/product\/12794","targetHints":{"allow":["GET"]}}],"collection":[{"href":"https:\/\/kparts-watersports.com\/en\/wp-json\/wp\/v2\/product"}],"about":[{"href":"https:\/\/kparts-watersports.com\/en\/wp-json\/wp\/v2\/types\/product"}],"replies":[{"embeddable":true,"href":"https:\/\/kparts-watersports.com\/en\/wp-json\/wp\/v2\/comments?post=12794"}],"wp:featuredmedia":[{"embeddable":true,"href":"https:\/\/kparts-watersports.com\/en\/wp-json\/wp\/v2\/media\/12815"}],"wp:attachment":[{"href":"https:\/\/kparts-watersports.com\/en\/wp-json\/wp\/v2\/media?parent=12794"}],"wp:term":[{"taxonomy":"product_brand","embeddable":true,"href":"https:\/\/kparts-watersports.com\/en\/wp-json\/wp\/v2\/product_brand?post=12794"},{"taxonomy":"product_cat","embeddable":true,"href":"https:\/\/kparts-watersports.com\/en\/wp-json\/wp\/v2\/product_cat?post=12794"},{"taxonomy":"product_tag","embeddable":true,"href":"https:\/\/kparts-watersports.com\/en\/wp-json\/wp\/v2\/product_tag?post=12794"}],"curies":[{"name":"wp","href":"https:\/\/api.w.org\/{rel}","templated":true}]}}