{"id":13854,"date":"2025-06-21T17:57:49","date_gmt":"2025-06-21T15:57:49","guid":{"rendered":"https:\/\/kparts-watersports.com\/produit\/north-cunas-de-rake-para-wingfoil\/"},"modified":"2025-06-21T17:57:49","modified_gmt":"2025-06-21T15:57:49","slug":"north-cunas-de-rake-para-wingfoil","status":"publish","type":"product","link":"https:\/\/kparts-watersports.com\/es\/produit\/north-cunas-de-rake-para-wingfoil\/","title":{"rendered":"NORTH \u2013 Cu\u00f1as de rake para Wingfoil"},"content":{"rendered":"<p>GRACIAS POR LEER TODO \ud83e\udd19<\/p>\n<div>Cu\u00f1as de rake para Wingfoil \u2013 Fabricadas en impresi\u00f3n 3D<\/div>\n<div>\u2013 Pack de 3 cu\u00f1as: 0,5\u00b0 \/ 1,0\u00b0 \/ 1,5\u00b0<\/div>\n<div>\u2013 Pack de 2 cu\u00f1as: 0,8\u00b0 \/ 1,5\u00b0<\/div>\n<div>\u2013 1 cu\u00f1a a elegir entre: 1,0\u00b0 \/ 1,5\u00b0<\/div>\n<div>\u2013 1 cu\u00f1a con \u00e1ngulo personalizado (m\u00e1x. 2,0\u00b0) \/ A especificar por email al realizar el pedido<\/div>\n<div>IMPORTANTE:<\/div>\n<div>\u2013 Las cu\u00f1as \u201c+\u201d aumentan tu rake: tendr\u00e1s una posici\u00f3n m\u00e1s \u201cnose up\u201d, con la proa m\u00e1s alta en navegaci\u00f3n.<\/div>\n<div>\u2013 Las cu\u00f1as \u201c-\u201d reducen el rake: tendr\u00e1s una posici\u00f3n m\u00e1s \u201cnose down\u201d, con la proa m\u00e1s baja en navegaci\u00f3n.<\/div>\n<p>\u2013 Para las platinas sim\u00e9tricas, las cu\u00f1as son reversibles, por lo que no hay diferencia entre las cu\u00f1as \u201c-\u201d y \u201c+\u201d.<\/p>\n<div>\u2013 La cu\u00f1a de rake tiene un cierto grosor (7 mm para las cu\u00f1as de 1,5\u00b0); aseg\u00farate de comprobar la longitud de tus tornillos originales (\u00bfson lo suficientemente largos?). El art\u00edculo \u201c4 tornillos M8x40\u201d o \u201c4 tornillos M6x40\u201d de la tienda puede ser \u00fatil. <\/div>\n<p>\u2013 Coloca la cara lisa de la cu\u00f1a hacia la carena; las marcas de impresi\u00f3n en la otra cara podr\u00edan dejar huellas.<\/p>\n<p>\u2013 Temperatura m\u00e1xima de uso: 60 \u00b0C \/ Atenci\u00f3n al almacenamiento en veh\u00edculos a pleno sol.<\/p>\n","protected":false},"excerpt":{"rendered":"<p>GRACIAS POR LEER TODO \ud83e\udd19 Cu\u00f1as de rake para Wingfoil \u2013 Fabricadas en impresi\u00f3n 3D \u2013 Pack de 3 cu\u00f1as: 0,5\u00b0 \/ 1,0\u00b0 \/ 1,5\u00b0 \u2013 Pack de 2 cu\u00f1as: 0,8\u00b0 \/ 1,5\u00b0 \u2013 1 cu\u00f1a a elegir entre: 1,0\u00b0 \/ 1,5\u00b0 \u2013 1 cu\u00f1a con \u00e1ngulo personalizado (m\u00e1x. 2,0\u00b0) \/ A especificar por email al realizar el pedido IMPORTANTE: \u2013 Las cu\u00f1as \u201c+\u201d aumentan tu rake: tendr\u00e1s una posici\u00f3n m\u00e1s \u201cnose up\u201d, con la proa m\u00e1s alta en navegaci\u00f3n. \u2013 Las cu\u00f1as \u201c-\u201d reducen el rake: tendr\u00e1s una posici\u00f3n m\u00e1s \u201cnose down\u201d, con la proa m\u00e1s baja en navegaci\u00f3n. \u2013 Para las platinas sim\u00e9tricas, las cu\u00f1as son reversibles, por lo que no hay diferencia entre las cu\u00f1as \u201c-\u201d y \u201c+\u201d. \u2013 La cu\u00f1a de rake tiene un cierto grosor (7 mm para las cu\u00f1as de 1,5\u00b0); aseg\u00farate de comprobar la longitud de tus tornillos originales (\u00bfson lo suficientemente largos?). El art\u00edculo \u201c4 tornillos M8x40\u201d o \u201c4 tornillos M6x40\u201d de la tienda puede ser \u00fatil. \u2013 Coloca la cara lisa de la cu\u00f1a hacia la carena; las marcas de impresi\u00f3n en la otra cara podr\u00edan dejar huellas. \u2013 Temperatura m\u00e1xima de uso: 60 \u00b0C \/ Atenci\u00f3n al almacenamiento en veh\u00edculos a pleno sol.<\/p>\n","protected":false},"featured_media":13855,"comment_status":"open","ping_status":"closed","template":"","meta":{"site-sidebar-layout":"default","site-content-layout":"","ast-site-content-layout":"default","site-content-style":"default","site-sidebar-style":"default","ast-global-header-display":"","ast-banner-title-visibility":"","ast-main-header-display":"","ast-hfb-above-header-display":"","ast-hfb-below-header-display":"","ast-hfb-mobile-header-display":"","site-post-title":"","ast-breadcrumbs-content":"","ast-featured-img":"","footer-sml-layout":"","ast-disable-related-posts":"","theme-transparent-header-meta":"default","adv-header-id-meta":"","stick-header-meta":"","header-above-stick-meta":"","header-main-stick-meta":"","header-below-stick-meta":"","astra-migrate-meta-layouts":"default","ast-page-background-enabled":"default","ast-page-background-meta":{"desktop":{"background-color":"var(--ast-global-color-4)","background-image":"","background-repeat":"repeat","background-position":"center center","background-size":"auto","background-attachment":"scroll","background-type":"","background-media":"","overlay-type":"","overlay-color":"","overlay-opacity":"","overlay-gradient":""},"tablet":{"background-color":"","background-image":"","background-repeat":"repeat","background-position":"center center","background-size":"auto","background-attachment":"scroll","background-type":"","background-media":"","overlay-type":"","overlay-color":"","overlay-opacity":"","overlay-gradient":""},"mobile":{"background-color":"","background-image":"","background-repeat":"repeat","background-position":"center center","background-size":"auto","background-attachment":"scroll","background-type":"","background-media":"","overlay-type":"","overlay-color":"","overlay-opacity":"","overlay-gradient":""}},"ast-content-background-meta":{"desktop":{"background-color":"var(--ast-global-color-5)","background-image":"","background-repeat":"repeat","background-position":"center center","background-size":"auto","background-attachment":"scroll","background-type":"","background-media":"","overlay-type":"","overlay-color":"","overlay-opacity":"","overlay-gradient":""},"tablet":{"background-color":"var(--ast-global-color-5)","background-image":"","background-repeat":"repeat","background-position":"center center","background-size":"auto","background-attachment":"scroll","background-type":"","background-media":"","overlay-type":"","overlay-color":"","overlay-opacity":"","overlay-gradient":""},"mobile":{"background-color":"var(--ast-global-color-5)","background-image":"","background-repeat":"repeat","background-position":"center center","background-size":"auto","background-attachment":"scroll","background-type":"","background-media":"","overlay-type":"","overlay-color":"","overlay-opacity":"","overlay-gradient":""}}},"product_brand":[],"product_cat":[222,224],"product_tag":[],"class_list":{"0":"post-13854","1":"product","2":"type-product","3":"status-publish","4":"has-post-thumbnail","6":"product_cat-accesorios-foil","7":"product_cat-cunas-de-rake","8":"pa_angle-1-cuna-1-0","9":"pa_angle-1-cuna-1-5","10":"pa_angle-1-cuna-20-500-e-2","11":"pa_angle-pack-de-2-cunas-05-10-1500-e","12":"pa_angle-pack-de-2-cunas-08-15-1500-e","13":"pa_angle-pack-de-2-cunas-10-20-2000-e","14":"pa_angle-pack-de-3-cunas-05-10-15-2500-e","15":"pa_angle-pack-de-3-cunas-10-15-20-3000-e","16":"desktop-align-center","17":"tablet-align-left","18":"mobile-align-left","19":"tm-no-options","21":"first","22":"instock","23":"taxable","24":"shipping-taxable","25":"purchasable","26":"product-type-variable"},"yoast_head":"<!-- This site is optimized with the Yoast SEO plugin v27.3 - https:\/\/yoast.com\/product\/yoast-seo-wordpress\/ -->\n<title>NORTH \u2013 Cu\u00f1as de rake para Wingfoil - KPARTS WATERSPORTS<\/title>\n<meta name=\"robots\" content=\"index, follow, max-snippet:-1, max-image-preview:large, max-video-preview:-1\" \/>\n<link rel=\"canonical\" href=\"https:\/\/kparts-watersports.com\/es\/produit\/north-cunas-de-rake-para-wingfoil\/\" \/>\n<meta property=\"og:locale\" content=\"es_ES\" \/>\n<meta property=\"og:type\" content=\"article\" \/>\n<meta property=\"og:title\" content=\"NORTH \u2013 Cu\u00f1as de rake para Wingfoil - KPARTS WATERSPORTS\" \/>\n<meta property=\"og:description\" content=\"GRACIAS POR LEER TODO \ud83e\udd19 Cu\u00f1as de rake para Wingfoil \u2013 Fabricadas en impresi\u00f3n 3D \u2013 Pack de 3 cu\u00f1as: 0,5\u00b0 \/ 1,0\u00b0 \/ 1,5\u00b0 \u2013 Pack de 2 cu\u00f1as: 0,8\u00b0 \/ 1,5\u00b0 \u2013 1 cu\u00f1a a elegir entre: 1,0\u00b0 \/ 1,5\u00b0 \u2013 1 cu\u00f1a con \u00e1ngulo personalizado (m\u00e1x. 2,0\u00b0) \/ A especificar por email al realizar el pedido IMPORTANTE: \u2013 Las cu\u00f1as \u201c+\u201d aumentan tu rake: tendr\u00e1s una posici\u00f3n m\u00e1s \u201cnose up\u201d, con la proa m\u00e1s alta en navegaci\u00f3n. \u2013 Las cu\u00f1as \u201c-\u201d reducen el rake: tendr\u00e1s una posici\u00f3n m\u00e1s \u201cnose down\u201d, con la proa m\u00e1s baja en navegaci\u00f3n. \u2013 Para las platinas sim\u00e9tricas, las cu\u00f1as son reversibles, por lo que no hay diferencia entre las cu\u00f1as \u201c-\u201d y \u201c+\u201d. \u2013 La cu\u00f1a de rake tiene un cierto grosor (7 mm para las cu\u00f1as de 1,5\u00b0); aseg\u00farate de comprobar la longitud de tus tornillos originales (\u00bfson lo suficientemente largos?). El art\u00edculo \u201c4 tornillos M8x40\u201d o \u201c4 tornillos M6x40\u201d de la tienda puede ser \u00fatil. \u2013 Coloca la cara lisa de la cu\u00f1a hacia la carena; las marcas de impresi\u00f3n en la otra cara podr\u00edan dejar huellas. \u2013 Temperatura m\u00e1xima de uso: 60 \u00b0C \/ Atenci\u00f3n al almacenamiento en veh\u00edculos a pleno sol.\" \/>\n<meta property=\"og:url\" content=\"https:\/\/kparts-watersports.com\/es\/produit\/north-cunas-de-rake-para-wingfoil\/\" \/>\n<meta property=\"og:site_name\" content=\"KPARTS WATERSPORTS\" \/>\n<meta property=\"article:publisher\" content=\"https:\/\/www.facebook.com\/people\/AP-3D-Custom\/100076804732870\/\" \/>\n<meta property=\"og:image\" content=\"https:\/\/kparts-watersports.com\/wp-content\/uploads\/2025\/06\/NORTH-Cales-rake-WINGFOIL.webp\" \/>\n\t<meta property=\"og:image:width\" content=\"800\" \/>\n\t<meta property=\"og:image:height\" content=\"950\" \/>\n\t<meta property=\"og:image:type\" content=\"image\/webp\" \/>\n<meta name=\"twitter:card\" content=\"summary_large_image\" \/>\n<meta name=\"twitter:label1\" content=\"Tiempo de lectura\" \/>\n\t<meta name=\"twitter:data1\" content=\"1 minute\" \/>\n<script type=\"application\/ld+json\" class=\"yoast-schema-graph\">{\"@context\":\"https:\\\/\\\/schema.org\",\"@graph\":[{\"@type\":\"WebPage\",\"@id\":\"https:\\\/\\\/kparts-watersports.com\\\/es\\\/produit\\\/north-cunas-de-rake-para-wingfoil\\\/\",\"url\":\"https:\\\/\\\/kparts-watersports.com\\\/es\\\/produit\\\/north-cunas-de-rake-para-wingfoil\\\/\",\"name\":\"NORTH \u2013 Cu\u00f1as de rake para Wingfoil - KPARTS WATERSPORTS\",\"isPartOf\":{\"@id\":\"https:\\\/\\\/blanchedalmond-oryx-541128.hostingersite.com\\\/#website\"},\"primaryImageOfPage\":{\"@id\":\"https:\\\/\\\/kparts-watersports.com\\\/es\\\/produit\\\/north-cunas-de-rake-para-wingfoil\\\/#primaryimage\"},\"image\":{\"@id\":\"https:\\\/\\\/kparts-watersports.com\\\/es\\\/produit\\\/north-cunas-de-rake-para-wingfoil\\\/#primaryimage\"},\"thumbnailUrl\":\"https:\\\/\\\/kparts-watersports.com\\\/wp-content\\\/uploads\\\/2025\\\/06\\\/NORTH-Cales-rake-WINGFOIL.webp\",\"datePublished\":\"2025-06-21T15:57:49+00:00\",\"breadcrumb\":{\"@id\":\"https:\\\/\\\/kparts-watersports.com\\\/es\\\/produit\\\/north-cunas-de-rake-para-wingfoil\\\/#breadcrumb\"},\"inLanguage\":\"es-ES\",\"potentialAction\":[{\"@type\":\"ReadAction\",\"target\":[\"https:\\\/\\\/kparts-watersports.com\\\/es\\\/produit\\\/north-cunas-de-rake-para-wingfoil\\\/\"]}]},{\"@type\":\"ImageObject\",\"inLanguage\":\"es-ES\",\"@id\":\"https:\\\/\\\/kparts-watersports.com\\\/es\\\/produit\\\/north-cunas-de-rake-para-wingfoil\\\/#primaryimage\",\"url\":\"https:\\\/\\\/kparts-watersports.com\\\/wp-content\\\/uploads\\\/2025\\\/06\\\/NORTH-Cales-rake-WINGFOIL.webp\",\"contentUrl\":\"https:\\\/\\\/kparts-watersports.com\\\/wp-content\\\/uploads\\\/2025\\\/06\\\/NORTH-Cales-rake-WINGFOIL.webp\",\"width\":800,\"height\":950,\"caption\":\"NORTH - Cales rake WINGFOIL\"},{\"@type\":\"BreadcrumbList\",\"@id\":\"https:\\\/\\\/kparts-watersports.com\\\/es\\\/produit\\\/north-cunas-de-rake-para-wingfoil\\\/#breadcrumb\",\"itemListElement\":[{\"@type\":\"ListItem\",\"position\":1,\"name\":\"Accueil\",\"item\":\"https:\\\/\\\/kparts-watersports.com\\\/es\\\/inicio\\\/\"},{\"@type\":\"ListItem\",\"position\":2,\"name\":\"Tienda\",\"item\":\"https:\\\/\\\/kparts-watersports.com\\\/es\\\/tienda\\\/\"},{\"@type\":\"ListItem\",\"position\":3,\"name\":\"NORTH \u2013 Cu\u00f1as de rake para Wingfoil\"}]},{\"@type\":\"WebSite\",\"@id\":\"https:\\\/\\\/blanchedalmond-oryx-541128.hostingersite.com\\\/#website\",\"url\":\"https:\\\/\\\/blanchedalmond-oryx-541128.hostingersite.com\\\/\",\"name\":\"KPARTS WATERSPORTS\",\"description\":\"Accessoires custom pour sports nautiques\",\"publisher\":{\"@id\":\"https:\\\/\\\/blanchedalmond-oryx-541128.hostingersite.com\\\/#organization\"},\"potentialAction\":[{\"@type\":\"SearchAction\",\"target\":{\"@type\":\"EntryPoint\",\"urlTemplate\":\"https:\\\/\\\/blanchedalmond-oryx-541128.hostingersite.com\\\/?s={search_term_string}\"},\"query-input\":{\"@type\":\"PropertyValueSpecification\",\"valueRequired\":true,\"valueName\":\"search_term_string\"}}],\"inLanguage\":\"es-ES\"},{\"@type\":\"Organization\",\"@id\":\"https:\\\/\\\/blanchedalmond-oryx-541128.hostingersite.com\\\/#organization\",\"name\":\"KPARTS WATERSPORTS\",\"url\":\"https:\\\/\\\/blanchedalmond-oryx-541128.hostingersite.com\\\/\",\"logo\":{\"@type\":\"ImageObject\",\"inLanguage\":\"es-ES\",\"@id\":\"https:\\\/\\\/blanchedalmond-oryx-541128.hostingersite.com\\\/#\\\/schema\\\/logo\\\/image\\\/\",\"url\":\"https:\\\/\\\/kparts-watersports.ovh\\\/wp-content\\\/uploads\\\/2024\\\/09\\\/Kparts-Logo-Favicon.jpg\",\"contentUrl\":\"https:\\\/\\\/kparts-watersports.ovh\\\/wp-content\\\/uploads\\\/2024\\\/09\\\/Kparts-Logo-Favicon.jpg\",\"width\":600,\"height\":600,\"caption\":\"KPARTS WATERSPORTS\"},\"image\":{\"@id\":\"https:\\\/\\\/blanchedalmond-oryx-541128.hostingersite.com\\\/#\\\/schema\\\/logo\\\/image\\\/\"},\"sameAs\":[\"https:\\\/\\\/www.facebook.com\\\/people\\\/AP-3D-Custom\\\/100076804732870\\\/\",\"https:\\\/\\\/www.instagram.com\\\/ap3dcustom\\\/\"]}]}<\/script>\n<!-- \/ Yoast SEO plugin. -->","yoast_head_json":{"title":"NORTH \u2013 Cu\u00f1as de rake para Wingfoil - KPARTS WATERSPORTS","robots":{"index":"index","follow":"follow","max-snippet":"max-snippet:-1","max-image-preview":"max-image-preview:large","max-video-preview":"max-video-preview:-1"},"canonical":"https:\/\/kparts-watersports.com\/es\/produit\/north-cunas-de-rake-para-wingfoil\/","og_locale":"es_ES","og_type":"article","og_title":"NORTH \u2013 Cu\u00f1as de rake para Wingfoil - KPARTS WATERSPORTS","og_description":"GRACIAS POR LEER TODO \ud83e\udd19 Cu\u00f1as de rake para Wingfoil \u2013 Fabricadas en impresi\u00f3n 3D \u2013 Pack de 3 cu\u00f1as: 0,5\u00b0 \/ 1,0\u00b0 \/ 1,5\u00b0 \u2013 Pack de 2 cu\u00f1as: 0,8\u00b0 \/ 1,5\u00b0 \u2013 1 cu\u00f1a a elegir entre: 1,0\u00b0 \/ 1,5\u00b0 \u2013 1 cu\u00f1a con \u00e1ngulo personalizado (m\u00e1x. 2,0\u00b0) \/ A especificar por email al realizar el pedido IMPORTANTE: \u2013 Las cu\u00f1as \u201c+\u201d aumentan tu rake: tendr\u00e1s una posici\u00f3n m\u00e1s \u201cnose up\u201d, con la proa m\u00e1s alta en navegaci\u00f3n. \u2013 Las cu\u00f1as \u201c-\u201d reducen el rake: tendr\u00e1s una posici\u00f3n m\u00e1s \u201cnose down\u201d, con la proa m\u00e1s baja en navegaci\u00f3n. \u2013 Para las platinas sim\u00e9tricas, las cu\u00f1as son reversibles, por lo que no hay diferencia entre las cu\u00f1as \u201c-\u201d y \u201c+\u201d. \u2013 La cu\u00f1a de rake tiene un cierto grosor (7 mm para las cu\u00f1as de 1,5\u00b0); aseg\u00farate de comprobar la longitud de tus tornillos originales (\u00bfson lo suficientemente largos?). El art\u00edculo \u201c4 tornillos M8x40\u201d o \u201c4 tornillos M6x40\u201d de la tienda puede ser \u00fatil. \u2013 Coloca la cara lisa de la cu\u00f1a hacia la carena; las marcas de impresi\u00f3n en la otra cara podr\u00edan dejar huellas. \u2013 Temperatura m\u00e1xima de uso: 60 \u00b0C \/ Atenci\u00f3n al almacenamiento en veh\u00edculos a pleno sol.","og_url":"https:\/\/kparts-watersports.com\/es\/produit\/north-cunas-de-rake-para-wingfoil\/","og_site_name":"KPARTS WATERSPORTS","article_publisher":"https:\/\/www.facebook.com\/people\/AP-3D-Custom\/100076804732870\/","og_image":[{"width":800,"height":950,"url":"https:\/\/kparts-watersports.com\/wp-content\/uploads\/2025\/06\/NORTH-Cales-rake-WINGFOIL.webp","type":"image\/webp"}],"twitter_card":"summary_large_image","twitter_misc":{"Tiempo de lectura":"1 minute"},"schema":{"@context":"https:\/\/schema.org","@graph":[{"@type":"WebPage","@id":"https:\/\/kparts-watersports.com\/es\/produit\/north-cunas-de-rake-para-wingfoil\/","url":"https:\/\/kparts-watersports.com\/es\/produit\/north-cunas-de-rake-para-wingfoil\/","name":"NORTH \u2013 Cu\u00f1as de rake para Wingfoil - KPARTS WATERSPORTS","isPartOf":{"@id":"https:\/\/blanchedalmond-oryx-541128.hostingersite.com\/#website"},"primaryImageOfPage":{"@id":"https:\/\/kparts-watersports.com\/es\/produit\/north-cunas-de-rake-para-wingfoil\/#primaryimage"},"image":{"@id":"https:\/\/kparts-watersports.com\/es\/produit\/north-cunas-de-rake-para-wingfoil\/#primaryimage"},"thumbnailUrl":"https:\/\/kparts-watersports.com\/wp-content\/uploads\/2025\/06\/NORTH-Cales-rake-WINGFOIL.webp","datePublished":"2025-06-21T15:57:49+00:00","breadcrumb":{"@id":"https:\/\/kparts-watersports.com\/es\/produit\/north-cunas-de-rake-para-wingfoil\/#breadcrumb"},"inLanguage":"es-ES","potentialAction":[{"@type":"ReadAction","target":["https:\/\/kparts-watersports.com\/es\/produit\/north-cunas-de-rake-para-wingfoil\/"]}]},{"@type":"ImageObject","inLanguage":"es-ES","@id":"https:\/\/kparts-watersports.com\/es\/produit\/north-cunas-de-rake-para-wingfoil\/#primaryimage","url":"https:\/\/kparts-watersports.com\/wp-content\/uploads\/2025\/06\/NORTH-Cales-rake-WINGFOIL.webp","contentUrl":"https:\/\/kparts-watersports.com\/wp-content\/uploads\/2025\/06\/NORTH-Cales-rake-WINGFOIL.webp","width":800,"height":950,"caption":"NORTH - Cales rake WINGFOIL"},{"@type":"BreadcrumbList","@id":"https:\/\/kparts-watersports.com\/es\/produit\/north-cunas-de-rake-para-wingfoil\/#breadcrumb","itemListElement":[{"@type":"ListItem","position":1,"name":"Accueil","item":"https:\/\/kparts-watersports.com\/es\/inicio\/"},{"@type":"ListItem","position":2,"name":"Tienda","item":"https:\/\/kparts-watersports.com\/es\/tienda\/"},{"@type":"ListItem","position":3,"name":"NORTH \u2013 Cu\u00f1as de rake para Wingfoil"}]},{"@type":"WebSite","@id":"https:\/\/blanchedalmond-oryx-541128.hostingersite.com\/#website","url":"https:\/\/blanchedalmond-oryx-541128.hostingersite.com\/","name":"KPARTS WATERSPORTS","description":"Accessoires custom pour sports nautiques","publisher":{"@id":"https:\/\/blanchedalmond-oryx-541128.hostingersite.com\/#organization"},"potentialAction":[{"@type":"SearchAction","target":{"@type":"EntryPoint","urlTemplate":"https:\/\/blanchedalmond-oryx-541128.hostingersite.com\/?s={search_term_string}"},"query-input":{"@type":"PropertyValueSpecification","valueRequired":true,"valueName":"search_term_string"}}],"inLanguage":"es-ES"},{"@type":"Organization","@id":"https:\/\/blanchedalmond-oryx-541128.hostingersite.com\/#organization","name":"KPARTS WATERSPORTS","url":"https:\/\/blanchedalmond-oryx-541128.hostingersite.com\/","logo":{"@type":"ImageObject","inLanguage":"es-ES","@id":"https:\/\/blanchedalmond-oryx-541128.hostingersite.com\/#\/schema\/logo\/image\/","url":"https:\/\/kparts-watersports.ovh\/wp-content\/uploads\/2024\/09\/Kparts-Logo-Favicon.jpg","contentUrl":"https:\/\/kparts-watersports.ovh\/wp-content\/uploads\/2024\/09\/Kparts-Logo-Favicon.jpg","width":600,"height":600,"caption":"KPARTS WATERSPORTS"},"image":{"@id":"https:\/\/blanchedalmond-oryx-541128.hostingersite.com\/#\/schema\/logo\/image\/"},"sameAs":["https:\/\/www.facebook.com\/people\/AP-3D-Custom\/100076804732870\/","https:\/\/www.instagram.com\/ap3dcustom\/"]}]}},"jetpack_sharing_enabled":true,"_links":{"self":[{"href":"https:\/\/kparts-watersports.com\/es\/wp-json\/wp\/v2\/product\/13854","targetHints":{"allow":["GET"]}}],"collection":[{"href":"https:\/\/kparts-watersports.com\/es\/wp-json\/wp\/v2\/product"}],"about":[{"href":"https:\/\/kparts-watersports.com\/es\/wp-json\/wp\/v2\/types\/product"}],"replies":[{"embeddable":true,"href":"https:\/\/kparts-watersports.com\/es\/wp-json\/wp\/v2\/comments?post=13854"}],"wp:featuredmedia":[{"embeddable":true,"href":"https:\/\/kparts-watersports.com\/es\/wp-json\/wp\/v2\/media\/13855"}],"wp:attachment":[{"href":"https:\/\/kparts-watersports.com\/es\/wp-json\/wp\/v2\/media?parent=13854"}],"wp:term":[{"taxonomy":"product_brand","embeddable":true,"href":"https:\/\/kparts-watersports.com\/es\/wp-json\/wp\/v2\/product_brand?post=13854"},{"taxonomy":"product_cat","embeddable":true,"href":"https:\/\/kparts-watersports.com\/es\/wp-json\/wp\/v2\/product_cat?post=13854"},{"taxonomy":"product_tag","embeddable":true,"href":"https:\/\/kparts-watersports.com\/es\/wp-json\/wp\/v2\/product_tag?post=13854"}],"curies":[{"name":"wp","href":"https:\/\/api.w.org\/{rel}","templated":true}]}}