{"id":14279,"date":"2025-06-28T15:45:22","date_gmt":"2025-06-28T13:45:22","guid":{"rendered":"https:\/\/kparts-watersports.com\/produit\/thazard-v2-wingfoil-freerace\/"},"modified":"2026-04-23T12:44:47","modified_gmt":"2026-04-23T10:44:47","slug":"thazard-v2-wingfoil-freerace","status":"publish","type":"product","link":"https:\/\/kparts-watersports.com\/es\/produit\/thazard-v2-wingfoil-freerace\/","title":{"rendered":"THAZARD V2 \u2013 Wingfoil \u2013 Freerace"},"content":{"rendered":"<p><strong>[Descuento \u2013 EN STOCK hasta agotar existencias]<\/strong><\/p>\n<p>El THAZARD V2 llega y sustituye al V1.<\/p>\n<p>Con un nuevo perfil y una construcci\u00f3n 100% carbono, este Thazard V2 es m\u00e1s fino y m\u00e1s ligero, aporta m\u00e1s planeo manteniendo una gran rigidez. Conserva el ADN del V1, es decir, un estabilizador que aporta una gran estabilidad en cabeceo (longitudinal), con mucho control para alcanzar f\u00e1cilmente altas velocidades de crucero. Ofrece mucho apoyo y ce\u00f1ida muy eficiente contra el viento.  <\/p>\n<p>Este estabilizador est\u00e1 orientado a una pr\u00e1ctica polivalente en Wingfoil, ya sea Freeride, Freerace e incluso en carving, donde tambi\u00e9n destaca.<\/p>\n<p>En resumen, este estabilizador aporta estabilidad y el m\u00e1ximo planeo con total control.<\/p>\n<p>Disponible en 2 tama\u00f1os:<\/p>\n<p>\u2022 160 cm\u00b2: 35,5 cm de envergadura<\/p>\n<p>\u2022 180 cm\u00b2: 38 cm de envergadura<\/p>\n<p>Los estabilizadores Kparts tienen una zona plana en ambos lados que permite montarlos por encima del fuselaje (AXIS, F-ONE, CABRINHA, etc.) y por debajo (TAKUMA, AFS, ARMSTRONG, etc.). El orificio trasero es alargado para permitir una distancia entre ejes de fijaci\u00f3n de 29 a 35 mm seg\u00fan las marcas. <\/p>\n<p>El set de cu\u00f1as elegido permite adaptar todos los estabilizadores KPARTS a tu foil ajustando el \u00e1ngulo seg\u00fan tus necesidades.<\/p>\n<p>Cada estabilizador se entrega con una funda, un set de cu\u00f1as correspondiente a tu foil (a elegir en el men\u00fa desplegable) y 2 tornillos de mayor longitud.<\/p>\n<p>Estabilizador fabricado a partir de fibras de carbono comprimidas.<\/p>\n<p>Las fundas est\u00e1n fabricadas en fieltro gris.<\/p>\n<p>Las cu\u00f1as de adaptaci\u00f3n est\u00e1n fabricadas mediante impresi\u00f3n 3D en PETG.<\/p>\n","protected":false},"excerpt":{"rendered":"<p>[Descuento \u2013 EN STOCK hasta agotar existencias] El THAZARD V2 llega y sustituye al V1. Con un nuevo perfil y una construcci\u00f3n 100% carbono, este Thazard V2 es m\u00e1s fino y m\u00e1s ligero, aporta m\u00e1s planeo manteniendo una gran rigidez. Conserva el ADN del V1, es decir, un estabilizador que aporta una gran estabilidad en cabeceo (longitudinal), con mucho control para alcanzar f\u00e1cilmente altas velocidades de crucero. Ofrece mucho apoyo y ce\u00f1ida muy eficiente contra el viento. Este estabilizador est\u00e1 orientado a una pr\u00e1ctica polivalente en Wingfoil, ya sea Freeride, Freerace e incluso en carving, donde tambi\u00e9n destaca. En resumen, este estabilizador aporta estabilidad y el m\u00e1ximo planeo con total control. Disponible en 2 tama\u00f1os: \u2022 160 cm\u00b2: 35,5 cm de envergadura \u2022 180 cm\u00b2: 38 cm de envergadura Los estabilizadores Kparts tienen una zona plana en ambos lados que permite montarlos por encima del fuselaje (AXIS, F-ONE, CABRINHA, etc.) y por debajo (TAKUMA, AFS, ARMSTRONG, etc.). El orificio trasero es alargado para permitir una distancia entre ejes de fijaci\u00f3n de 29 a 35 mm seg\u00fan las marcas. El set de cu\u00f1as elegido permite adaptar todos los estabilizadores KPARTS a tu foil ajustando el \u00e1ngulo seg\u00fan tus necesidades. Cada estabilizador se entrega con una funda, un set de cu\u00f1as correspondiente a tu foil (a elegir en el men\u00fa desplegable) y 2 tornillos de mayor longitud. Estabilizador fabricado a partir de fibras de carbono comprimidas. Las fundas est\u00e1n fabricadas en fieltro gris. Las cu\u00f1as de adaptaci\u00f3n est\u00e1n fabricadas mediante impresi\u00f3n 3D en PETG.<\/p>\n","protected":false},"featured_media":14280,"comment_status":"open","ping_status":"closed","template":"","meta":{"site-sidebar-layout":"default","site-content-layout":"","ast-site-content-layout":"default","site-content-style":"default","site-sidebar-style":"default","ast-global-header-display":"","ast-banner-title-visibility":"","ast-main-header-display":"","ast-hfb-above-header-display":"","ast-hfb-below-header-display":"","ast-hfb-mobile-header-display":"","site-post-title":"","ast-breadcrumbs-content":"","ast-featured-img":"","footer-sml-layout":"","ast-disable-related-posts":"","theme-transparent-header-meta":"default","adv-header-id-meta":"","stick-header-meta":"","header-above-stick-meta":"","header-main-stick-meta":"","header-below-stick-meta":"","astra-migrate-meta-layouts":"default","ast-page-background-enabled":"default","ast-page-background-meta":{"desktop":{"background-color":"var(--ast-global-color-4)","background-image":"","background-repeat":"repeat","background-position":"center center","background-size":"auto","background-attachment":"scroll","background-type":"","background-media":"","overlay-type":"","overlay-color":"","overlay-opacity":"","overlay-gradient":""},"tablet":{"background-color":"","background-image":"","background-repeat":"repeat","background-position":"center center","background-size":"auto","background-attachment":"scroll","background-type":"","background-media":"","overlay-type":"","overlay-color":"","overlay-opacity":"","overlay-gradient":""},"mobile":{"background-color":"","background-image":"","background-repeat":"repeat","background-position":"center center","background-size":"auto","background-attachment":"scroll","background-type":"","background-media":"","overlay-type":"","overlay-color":"","overlay-opacity":"","overlay-gradient":""}},"ast-content-background-meta":{"desktop":{"background-color":"var(--ast-global-color-5)","background-image":"","background-repeat":"repeat","background-position":"center center","background-size":"auto","background-attachment":"scroll","background-type":"","background-media":"","overlay-type":"","overlay-color":"","overlay-opacity":"","overlay-gradient":""},"tablet":{"background-color":"var(--ast-global-color-5)","background-image":"","background-repeat":"repeat","background-position":"center center","background-size":"auto","background-attachment":"scroll","background-type":"","background-media":"","overlay-type":"","overlay-color":"","overlay-opacity":"","overlay-gradient":""},"mobile":{"background-color":"var(--ast-global-color-5)","background-image":"","background-repeat":"repeat","background-position":"center center","background-size":"auto","background-attachment":"scroll","background-type":"","background-media":"","overlay-type":"","overlay-color":"","overlay-opacity":"","overlay-gradient":""}}},"product_brand":[],"product_cat":[218,210,209],"product_tag":[],"class_list":{"0":"post-14279","1":"product","2":"type-product","3":"status-publish","4":"has-post-thumbnail","6":"product_cat-estabilizadores-es","7":"product_cat-foils","8":"product_cat-ofertas","9":"desktop-align-center","10":"tablet-align-left","11":"mobile-align-left","12":"tm-has-options","14":"first","15":"instock","16":"sale","17":"taxable","18":"shipping-taxable","19":"purchasable","20":"product-type-variable"},"yoast_head":"<!-- This site is optimized with the Yoast SEO plugin v27.3 - https:\/\/yoast.com\/product\/yoast-seo-wordpress\/ -->\n<title>THAZARD V2 \u2013 Wingfoil \u2013 Freerace - KPARTS WATERSPORTS<\/title>\n<meta name=\"robots\" content=\"index, follow, max-snippet:-1, max-image-preview:large, max-video-preview:-1\" \/>\n<link rel=\"canonical\" href=\"https:\/\/kparts-watersports.com\/es\/produit\/thazard-v2-wingfoil-freerace\/\" \/>\n<meta property=\"og:locale\" content=\"es_ES\" \/>\n<meta property=\"og:type\" content=\"article\" \/>\n<meta property=\"og:title\" content=\"THAZARD V2 \u2013 Wingfoil \u2013 Freerace - KPARTS WATERSPORTS\" \/>\n<meta property=\"og:description\" content=\"[Descuento \u2013 EN STOCK hasta agotar existencias] El THAZARD V2 llega y sustituye al V1. Con un nuevo perfil y una construcci\u00f3n 100% carbono, este Thazard V2 es m\u00e1s fino y m\u00e1s ligero, aporta m\u00e1s planeo manteniendo una gran rigidez. Conserva el ADN del V1, es decir, un estabilizador que aporta una gran estabilidad en cabeceo (longitudinal), con mucho control para alcanzar f\u00e1cilmente altas velocidades de crucero. Ofrece mucho apoyo y ce\u00f1ida muy eficiente contra el viento. Este estabilizador est\u00e1 orientado a una pr\u00e1ctica polivalente en Wingfoil, ya sea Freeride, Freerace e incluso en carving, donde tambi\u00e9n destaca. En resumen, este estabilizador aporta estabilidad y el m\u00e1ximo planeo con total control. Disponible en 2 tama\u00f1os: \u2022 160 cm\u00b2: 35,5 cm de envergadura \u2022 180 cm\u00b2: 38 cm de envergadura Los estabilizadores Kparts tienen una zona plana en ambos lados que permite montarlos por encima del fuselaje (AXIS, F-ONE, CABRINHA, etc.) y por debajo (TAKUMA, AFS, ARMSTRONG, etc.). El orificio trasero es alargado para permitir una distancia entre ejes de fijaci\u00f3n de 29 a 35 mm seg\u00fan las marcas. El set de cu\u00f1as elegido permite adaptar todos los estabilizadores KPARTS a tu foil ajustando el \u00e1ngulo seg\u00fan tus necesidades. Cada estabilizador se entrega con una funda, un set de cu\u00f1as correspondiente a tu foil (a elegir en el men\u00fa desplegable) y 2 tornillos de mayor longitud. Estabilizador fabricado a partir de fibras de carbono comprimidas. Las fundas est\u00e1n fabricadas en fieltro gris. Las cu\u00f1as de adaptaci\u00f3n est\u00e1n fabricadas mediante impresi\u00f3n 3D en PETG.\" \/>\n<meta property=\"og:url\" content=\"https:\/\/kparts-watersports.com\/es\/produit\/thazard-v2-wingfoil-freerace\/\" \/>\n<meta property=\"og:site_name\" content=\"KPARTS WATERSPORTS\" \/>\n<meta property=\"article:publisher\" content=\"https:\/\/www.facebook.com\/people\/AP-3D-Custom\/100076804732870\/\" \/>\n<meta property=\"article:modified_time\" content=\"2026-04-23T10:44:47+00:00\" \/>\n<meta property=\"og:image\" content=\"https:\/\/kparts-watersports.com\/wp-content\/uploads\/2025\/06\/THAZARD-V2-WINGFOIL-FREERACE.jpg\" \/>\n\t<meta property=\"og:image:width\" content=\"1500\" \/>\n\t<meta property=\"og:image:height\" content=\"1500\" \/>\n\t<meta property=\"og:image:type\" content=\"image\/jpeg\" \/>\n<meta name=\"twitter:card\" content=\"summary_large_image\" \/>\n<meta name=\"twitter:label1\" content=\"Tiempo de lectura\" \/>\n\t<meta name=\"twitter:data1\" content=\"1 minute\" \/>\n<script type=\"application\/ld+json\" class=\"yoast-schema-graph\">{\"@context\":\"https:\\\/\\\/schema.org\",\"@graph\":[{\"@type\":\"WebPage\",\"@id\":\"https:\\\/\\\/kparts-watersports.com\\\/es\\\/produit\\\/thazard-v2-wingfoil-freerace\\\/\",\"url\":\"https:\\\/\\\/kparts-watersports.com\\\/es\\\/produit\\\/thazard-v2-wingfoil-freerace\\\/\",\"name\":\"THAZARD V2 \u2013 Wingfoil \u2013 Freerace - KPARTS WATERSPORTS\",\"isPartOf\":{\"@id\":\"https:\\\/\\\/blanchedalmond-oryx-541128.hostingersite.com\\\/#website\"},\"primaryImageOfPage\":{\"@id\":\"https:\\\/\\\/kparts-watersports.com\\\/es\\\/produit\\\/thazard-v2-wingfoil-freerace\\\/#primaryimage\"},\"image\":{\"@id\":\"https:\\\/\\\/kparts-watersports.com\\\/es\\\/produit\\\/thazard-v2-wingfoil-freerace\\\/#primaryimage\"},\"thumbnailUrl\":\"https:\\\/\\\/kparts-watersports.com\\\/wp-content\\\/uploads\\\/2025\\\/06\\\/THAZARD-V2-WINGFOIL-FREERACE.jpg\",\"datePublished\":\"2025-06-28T13:45:22+00:00\",\"dateModified\":\"2026-04-23T10:44:47+00:00\",\"breadcrumb\":{\"@id\":\"https:\\\/\\\/kparts-watersports.com\\\/es\\\/produit\\\/thazard-v2-wingfoil-freerace\\\/#breadcrumb\"},\"inLanguage\":\"es-ES\",\"potentialAction\":[{\"@type\":\"ReadAction\",\"target\":[\"https:\\\/\\\/kparts-watersports.com\\\/es\\\/produit\\\/thazard-v2-wingfoil-freerace\\\/\"]}]},{\"@type\":\"ImageObject\",\"inLanguage\":\"es-ES\",\"@id\":\"https:\\\/\\\/kparts-watersports.com\\\/es\\\/produit\\\/thazard-v2-wingfoil-freerace\\\/#primaryimage\",\"url\":\"https:\\\/\\\/kparts-watersports.com\\\/wp-content\\\/uploads\\\/2025\\\/06\\\/THAZARD-V2-WINGFOIL-FREERACE.jpg\",\"contentUrl\":\"https:\\\/\\\/kparts-watersports.com\\\/wp-content\\\/uploads\\\/2025\\\/06\\\/THAZARD-V2-WINGFOIL-FREERACE.jpg\",\"width\":1500,\"height\":1500},{\"@type\":\"BreadcrumbList\",\"@id\":\"https:\\\/\\\/kparts-watersports.com\\\/es\\\/produit\\\/thazard-v2-wingfoil-freerace\\\/#breadcrumb\",\"itemListElement\":[{\"@type\":\"ListItem\",\"position\":1,\"name\":\"Accueil\",\"item\":\"https:\\\/\\\/kparts-watersports.com\\\/es\\\/inicio\\\/\"},{\"@type\":\"ListItem\",\"position\":2,\"name\":\"Tienda\",\"item\":\"https:\\\/\\\/kparts-watersports.com\\\/es\\\/tienda\\\/\"},{\"@type\":\"ListItem\",\"position\":3,\"name\":\"THAZARD V2 \u2013 Wingfoil \u2013 Freerace\"}]},{\"@type\":\"WebSite\",\"@id\":\"https:\\\/\\\/blanchedalmond-oryx-541128.hostingersite.com\\\/#website\",\"url\":\"https:\\\/\\\/blanchedalmond-oryx-541128.hostingersite.com\\\/\",\"name\":\"KPARTS WATERSPORTS\",\"description\":\"Accessoires custom pour sports nautiques\",\"publisher\":{\"@id\":\"https:\\\/\\\/blanchedalmond-oryx-541128.hostingersite.com\\\/#organization\"},\"potentialAction\":[{\"@type\":\"SearchAction\",\"target\":{\"@type\":\"EntryPoint\",\"urlTemplate\":\"https:\\\/\\\/blanchedalmond-oryx-541128.hostingersite.com\\\/?s={search_term_string}\"},\"query-input\":{\"@type\":\"PropertyValueSpecification\",\"valueRequired\":true,\"valueName\":\"search_term_string\"}}],\"inLanguage\":\"es-ES\"},{\"@type\":\"Organization\",\"@id\":\"https:\\\/\\\/blanchedalmond-oryx-541128.hostingersite.com\\\/#organization\",\"name\":\"KPARTS WATERSPORTS\",\"url\":\"https:\\\/\\\/blanchedalmond-oryx-541128.hostingersite.com\\\/\",\"logo\":{\"@type\":\"ImageObject\",\"inLanguage\":\"es-ES\",\"@id\":\"https:\\\/\\\/blanchedalmond-oryx-541128.hostingersite.com\\\/#\\\/schema\\\/logo\\\/image\\\/\",\"url\":\"https:\\\/\\\/kparts-watersports.ovh\\\/wp-content\\\/uploads\\\/2024\\\/09\\\/Kparts-Logo-Favicon.jpg\",\"contentUrl\":\"https:\\\/\\\/kparts-watersports.ovh\\\/wp-content\\\/uploads\\\/2024\\\/09\\\/Kparts-Logo-Favicon.jpg\",\"width\":600,\"height\":600,\"caption\":\"KPARTS WATERSPORTS\"},\"image\":{\"@id\":\"https:\\\/\\\/blanchedalmond-oryx-541128.hostingersite.com\\\/#\\\/schema\\\/logo\\\/image\\\/\"},\"sameAs\":[\"https:\\\/\\\/www.facebook.com\\\/people\\\/AP-3D-Custom\\\/100076804732870\\\/\",\"https:\\\/\\\/www.instagram.com\\\/ap3dcustom\\\/\"]}]}<\/script>\n<!-- \/ Yoast SEO plugin. -->","yoast_head_json":{"title":"THAZARD V2 \u2013 Wingfoil \u2013 Freerace - KPARTS WATERSPORTS","robots":{"index":"index","follow":"follow","max-snippet":"max-snippet:-1","max-image-preview":"max-image-preview:large","max-video-preview":"max-video-preview:-1"},"canonical":"https:\/\/kparts-watersports.com\/es\/produit\/thazard-v2-wingfoil-freerace\/","og_locale":"es_ES","og_type":"article","og_title":"THAZARD V2 \u2013 Wingfoil \u2013 Freerace - KPARTS WATERSPORTS","og_description":"[Descuento \u2013 EN STOCK hasta agotar existencias] El THAZARD V2 llega y sustituye al V1. Con un nuevo perfil y una construcci\u00f3n 100% carbono, este Thazard V2 es m\u00e1s fino y m\u00e1s ligero, aporta m\u00e1s planeo manteniendo una gran rigidez. Conserva el ADN del V1, es decir, un estabilizador que aporta una gran estabilidad en cabeceo (longitudinal), con mucho control para alcanzar f\u00e1cilmente altas velocidades de crucero. Ofrece mucho apoyo y ce\u00f1ida muy eficiente contra el viento. Este estabilizador est\u00e1 orientado a una pr\u00e1ctica polivalente en Wingfoil, ya sea Freeride, Freerace e incluso en carving, donde tambi\u00e9n destaca. En resumen, este estabilizador aporta estabilidad y el m\u00e1ximo planeo con total control. Disponible en 2 tama\u00f1os: \u2022 160 cm\u00b2: 35,5 cm de envergadura \u2022 180 cm\u00b2: 38 cm de envergadura Los estabilizadores Kparts tienen una zona plana en ambos lados que permite montarlos por encima del fuselaje (AXIS, F-ONE, CABRINHA, etc.) y por debajo (TAKUMA, AFS, ARMSTRONG, etc.). El orificio trasero es alargado para permitir una distancia entre ejes de fijaci\u00f3n de 29 a 35 mm seg\u00fan las marcas. El set de cu\u00f1as elegido permite adaptar todos los estabilizadores KPARTS a tu foil ajustando el \u00e1ngulo seg\u00fan tus necesidades. Cada estabilizador se entrega con una funda, un set de cu\u00f1as correspondiente a tu foil (a elegir en el men\u00fa desplegable) y 2 tornillos de mayor longitud. Estabilizador fabricado a partir de fibras de carbono comprimidas. Las fundas est\u00e1n fabricadas en fieltro gris. Las cu\u00f1as de adaptaci\u00f3n est\u00e1n fabricadas mediante impresi\u00f3n 3D en PETG.","og_url":"https:\/\/kparts-watersports.com\/es\/produit\/thazard-v2-wingfoil-freerace\/","og_site_name":"KPARTS WATERSPORTS","article_publisher":"https:\/\/www.facebook.com\/people\/AP-3D-Custom\/100076804732870\/","article_modified_time":"2026-04-23T10:44:47+00:00","og_image":[{"width":1500,"height":1500,"url":"https:\/\/kparts-watersports.com\/wp-content\/uploads\/2025\/06\/THAZARD-V2-WINGFOIL-FREERACE.jpg","type":"image\/jpeg"}],"twitter_card":"summary_large_image","twitter_misc":{"Tiempo de lectura":"1 minute"},"schema":{"@context":"https:\/\/schema.org","@graph":[{"@type":"WebPage","@id":"https:\/\/kparts-watersports.com\/es\/produit\/thazard-v2-wingfoil-freerace\/","url":"https:\/\/kparts-watersports.com\/es\/produit\/thazard-v2-wingfoil-freerace\/","name":"THAZARD V2 \u2013 Wingfoil \u2013 Freerace - KPARTS WATERSPORTS","isPartOf":{"@id":"https:\/\/blanchedalmond-oryx-541128.hostingersite.com\/#website"},"primaryImageOfPage":{"@id":"https:\/\/kparts-watersports.com\/es\/produit\/thazard-v2-wingfoil-freerace\/#primaryimage"},"image":{"@id":"https:\/\/kparts-watersports.com\/es\/produit\/thazard-v2-wingfoil-freerace\/#primaryimage"},"thumbnailUrl":"https:\/\/kparts-watersports.com\/wp-content\/uploads\/2025\/06\/THAZARD-V2-WINGFOIL-FREERACE.jpg","datePublished":"2025-06-28T13:45:22+00:00","dateModified":"2026-04-23T10:44:47+00:00","breadcrumb":{"@id":"https:\/\/kparts-watersports.com\/es\/produit\/thazard-v2-wingfoil-freerace\/#breadcrumb"},"inLanguage":"es-ES","potentialAction":[{"@type":"ReadAction","target":["https:\/\/kparts-watersports.com\/es\/produit\/thazard-v2-wingfoil-freerace\/"]}]},{"@type":"ImageObject","inLanguage":"es-ES","@id":"https:\/\/kparts-watersports.com\/es\/produit\/thazard-v2-wingfoil-freerace\/#primaryimage","url":"https:\/\/kparts-watersports.com\/wp-content\/uploads\/2025\/06\/THAZARD-V2-WINGFOIL-FREERACE.jpg","contentUrl":"https:\/\/kparts-watersports.com\/wp-content\/uploads\/2025\/06\/THAZARD-V2-WINGFOIL-FREERACE.jpg","width":1500,"height":1500},{"@type":"BreadcrumbList","@id":"https:\/\/kparts-watersports.com\/es\/produit\/thazard-v2-wingfoil-freerace\/#breadcrumb","itemListElement":[{"@type":"ListItem","position":1,"name":"Accueil","item":"https:\/\/kparts-watersports.com\/es\/inicio\/"},{"@type":"ListItem","position":2,"name":"Tienda","item":"https:\/\/kparts-watersports.com\/es\/tienda\/"},{"@type":"ListItem","position":3,"name":"THAZARD V2 \u2013 Wingfoil \u2013 Freerace"}]},{"@type":"WebSite","@id":"https:\/\/blanchedalmond-oryx-541128.hostingersite.com\/#website","url":"https:\/\/blanchedalmond-oryx-541128.hostingersite.com\/","name":"KPARTS WATERSPORTS","description":"Accessoires custom pour sports nautiques","publisher":{"@id":"https:\/\/blanchedalmond-oryx-541128.hostingersite.com\/#organization"},"potentialAction":[{"@type":"SearchAction","target":{"@type":"EntryPoint","urlTemplate":"https:\/\/blanchedalmond-oryx-541128.hostingersite.com\/?s={search_term_string}"},"query-input":{"@type":"PropertyValueSpecification","valueRequired":true,"valueName":"search_term_string"}}],"inLanguage":"es-ES"},{"@type":"Organization","@id":"https:\/\/blanchedalmond-oryx-541128.hostingersite.com\/#organization","name":"KPARTS WATERSPORTS","url":"https:\/\/blanchedalmond-oryx-541128.hostingersite.com\/","logo":{"@type":"ImageObject","inLanguage":"es-ES","@id":"https:\/\/blanchedalmond-oryx-541128.hostingersite.com\/#\/schema\/logo\/image\/","url":"https:\/\/kparts-watersports.ovh\/wp-content\/uploads\/2024\/09\/Kparts-Logo-Favicon.jpg","contentUrl":"https:\/\/kparts-watersports.ovh\/wp-content\/uploads\/2024\/09\/Kparts-Logo-Favicon.jpg","width":600,"height":600,"caption":"KPARTS WATERSPORTS"},"image":{"@id":"https:\/\/blanchedalmond-oryx-541128.hostingersite.com\/#\/schema\/logo\/image\/"},"sameAs":["https:\/\/www.facebook.com\/people\/AP-3D-Custom\/100076804732870\/","https:\/\/www.instagram.com\/ap3dcustom\/"]}]}},"jetpack_sharing_enabled":true,"_links":{"self":[{"href":"https:\/\/kparts-watersports.com\/es\/wp-json\/wp\/v2\/product\/14279","targetHints":{"allow":["GET"]}}],"collection":[{"href":"https:\/\/kparts-watersports.com\/es\/wp-json\/wp\/v2\/product"}],"about":[{"href":"https:\/\/kparts-watersports.com\/es\/wp-json\/wp\/v2\/types\/product"}],"replies":[{"embeddable":true,"href":"https:\/\/kparts-watersports.com\/es\/wp-json\/wp\/v2\/comments?post=14279"}],"wp:featuredmedia":[{"embeddable":true,"href":"https:\/\/kparts-watersports.com\/es\/wp-json\/wp\/v2\/media\/14280"}],"wp:attachment":[{"href":"https:\/\/kparts-watersports.com\/es\/wp-json\/wp\/v2\/media?parent=14279"}],"wp:term":[{"taxonomy":"product_brand","embeddable":true,"href":"https:\/\/kparts-watersports.com\/es\/wp-json\/wp\/v2\/product_brand?post=14279"},{"taxonomy":"product_cat","embeddable":true,"href":"https:\/\/kparts-watersports.com\/es\/wp-json\/wp\/v2\/product_cat?post=14279"},{"taxonomy":"product_tag","embeddable":true,"href":"https:\/\/kparts-watersports.com\/es\/wp-json\/wp\/v2\/product_tag?post=14279"}],"curies":[{"name":"wp","href":"https:\/\/api.w.org\/{rel}","templated":true}]}}