{"id":14350,"date":"2025-06-29T02:21:32","date_gmt":"2025-06-29T00:21:32","guid":{"rendered":"https:\/\/kparts-watersports.com\/produit\/mako-glide-v2\/"},"modified":"2026-04-23T12:44:49","modified_gmt":"2026-04-23T10:44:49","slug":"mako-glide-v2","status":"publish","type":"product","link":"https:\/\/kparts-watersports.com\/es\/produit\/mako-glide-v2\/","title":{"rendered":"MAKO GLIDE V2"},"content":{"rendered":"<p><strong data-redactor-tag=\"strong\">[Descuento \u2013 EN STOCK hasta agotar existencias]<\/strong><\/p>\n<p>El MAKO GLIDE V2 es el estabilizador definitivo para rendir en Downwind, Dock-Start, Sup-Foil, Freefly y Surf Foil.<\/p>\n<p>M\u00e1s fino, m\u00e1s equilibrado y m\u00e1s r\u00edgido que el V1 gracias a su construcci\u00f3n en carbono, este Mako Glide V2 supone una gran evoluci\u00f3n y es un estabilizador \u00fanico en el mercado.<\/p>\n<p>Posee todas las <strong data-redactor-tag=\"strong\">ventajas de un estabilizador High Aspect:<\/strong> m\u00e1s sustentaci\u00f3n con menos superficie y m\u00e1s planeo. Permite reducir el tama\u00f1o manteniendo el apoyo y el rendimiento, sin ser por ello elitista ni poco tolerante a baja velocidad.  <\/p>\n<p>Hemos conservado cuerda en el centro, lo que garantiza un apoyo firme, estabilidad longitudinal, relanzamientos a baja velocidad sin p\u00e9rdidas de sustentaci\u00f3n y un pumping propulsivo con poco impulso.<\/p>\n<p>Desde el primer tercio, la cuerda se reduce dr\u00e1sticamente para ofrecer una relaci\u00f3n sustentaci\u00f3n\/deslizamiento inigualable, con muy poca resistencia. Todo ello con una envergadura moderada que, a pesar de las apariencias, proporciona excelentes capacidades de carving a este nuevo Mako Glide V2.<\/p>\n<p>Importante: en wingfoil, este estabilizador es totalmente adecuado, con una excelente velocidad de crucero y una estabilidad mucho mejor en comparaci\u00f3n con el Mako Glide V1 cuando aumenta la velocidad.<\/p>\n<p>El MAKO GLIDE V2 est\u00e1 disponible en 4 tama\u00f1os.<\/p>\n<p>120: 35 cm de envergadura<\/p>\n<p>130: 37 cm de envergadura<\/p>\n<p>145: 39 cm de envergadura<\/p>\n<p>160: 39 cm de envergadura (con m\u00e1s cuerda que el 145)<\/p>\n<p>Para la elecci\u00f3n del tama\u00f1o: el 120 equivale a un 140 V1 \/ el 130 a un 155 V1 \/ el 145 a un 170 V1 \/ el 160 a un 185 V1.<\/p>\n<p>Los estabilizadores Kparts tienen una zona plana en ambos lados que permite montarlos por encima del fuselaje (AXIS, F-ONE, CABRINHA, etc.) y por debajo (TAKUMA, AFS, ARMSTRONG, etc.). El orificio trasero es alargado para permitir una distancia entre ejes de fijaci\u00f3n de 30 a 35 mm seg\u00fan las marcas. <\/p>\n<p><span class=\"redactor-invisible-space\" data-verified=\"redactor\" data-redactor-tag=\"span\" data-redactor-class=\"redactor-invisible-space\">Cada estabilizador se entrega con una funda, un set de cu\u00f1as correspondiente a tu foil (a elegir en el men\u00fa desplegable) y 2 tornillos de mayor longitud.<\/span><\/p>\n<p>El set de cu\u00f1as elegido permite adaptar todos los estabilizadores KPARTS a tu foil ajustando el \u00e1ngulo seg\u00fan tus necesidades.<\/p>\n<p>Estabilizador mecanizado, fabricado a partir de fibras de carbono comprimidas.<\/p>\n<p>Las fundas est\u00e1n fabricadas en fieltro.<\/p>\n<p>Las cu\u00f1as de adaptaci\u00f3n est\u00e1n fabricadas mediante impresi\u00f3n 3D en PETG.<\/p>\n","protected":false},"excerpt":{"rendered":"<p>[Descuento \u2013 EN STOCK hasta agotar existencias] El MAKO GLIDE V2 es el estabilizador definitivo para rendir en Downwind, Dock-Start, Sup-Foil, Freefly y Surf Foil. M\u00e1s fino, m\u00e1s equilibrado y m\u00e1s r\u00edgido que el V1 gracias a su construcci\u00f3n en carbono, este Mako Glide V2 supone una gran evoluci\u00f3n y es un estabilizador \u00fanico en el mercado. Posee todas las ventajas de un estabilizador High Aspect: m\u00e1s sustentaci\u00f3n con menos superficie y m\u00e1s planeo. Permite reducir el tama\u00f1o manteniendo el apoyo y el rendimiento, sin ser por ello elitista ni poco tolerante a baja velocidad. Hemos conservado cuerda en el centro, lo que garantiza un apoyo firme, estabilidad longitudinal, relanzamientos a baja velocidad sin p\u00e9rdidas de sustentaci\u00f3n y un pumping propulsivo con poco impulso. Desde el primer tercio, la cuerda se reduce dr\u00e1sticamente para ofrecer una relaci\u00f3n sustentaci\u00f3n\/deslizamiento inigualable, con muy poca resistencia. Todo ello con una envergadura moderada que, a pesar de las apariencias, proporciona excelentes capacidades de carving a este nuevo Mako Glide V2. Importante: en wingfoil, este estabilizador es totalmente adecuado, con una excelente velocidad de crucero y una estabilidad mucho mejor en comparaci\u00f3n con el Mako Glide V1 cuando aumenta la velocidad. El MAKO GLIDE V2 est\u00e1 disponible en 4 tama\u00f1os. 120: 35 cm de envergadura 130: 37 cm de envergadura 145: 39 cm de envergadura 160: 39 cm de envergadura (con m\u00e1s cuerda que el 145) Para la elecci\u00f3n del tama\u00f1o: el 120 equivale a un 140 V1 \/ el 130 a un 155 V1 \/ el 145 a un 170 V1 \/ el 160 a un 185 V1. Los estabilizadores Kparts tienen una zona plana en ambos lados que permite montarlos por encima del fuselaje (AXIS, F-ONE, CABRINHA, etc.) y por debajo (TAKUMA, AFS, ARMSTRONG, etc.). El orificio trasero es alargado para permitir una distancia entre ejes de fijaci\u00f3n de 30 a 35 mm seg\u00fan las marcas. Cada estabilizador se entrega con una funda, un set de cu\u00f1as correspondiente a tu foil (a elegir en el men\u00fa desplegable) y 2 tornillos de mayor longitud. El set de cu\u00f1as elegido permite adaptar todos los estabilizadores KPARTS a tu foil ajustando el \u00e1ngulo seg\u00fan tus necesidades. Estabilizador mecanizado, fabricado a partir de fibras de carbono comprimidas. Las fundas est\u00e1n fabricadas en fieltro. Las cu\u00f1as de adaptaci\u00f3n est\u00e1n fabricadas mediante impresi\u00f3n 3D en PETG.<\/p>\n","protected":false},"featured_media":14351,"comment_status":"open","ping_status":"closed","template":"","meta":{"site-sidebar-layout":"default","site-content-layout":"","ast-site-content-layout":"default","site-content-style":"default","site-sidebar-style":"default","ast-global-header-display":"","ast-banner-title-visibility":"","ast-main-header-display":"","ast-hfb-above-header-display":"","ast-hfb-below-header-display":"","ast-hfb-mobile-header-display":"","site-post-title":"","ast-breadcrumbs-content":"","ast-featured-img":"","footer-sml-layout":"","ast-disable-related-posts":"","theme-transparent-header-meta":"default","adv-header-id-meta":"","stick-header-meta":"","header-above-stick-meta":"","header-main-stick-meta":"","header-below-stick-meta":"","astra-migrate-meta-layouts":"default","ast-page-background-enabled":"default","ast-page-background-meta":{"desktop":{"background-color":"var(--ast-global-color-4)","background-image":"","background-repeat":"repeat","background-position":"center center","background-size":"auto","background-attachment":"scroll","background-type":"","background-media":"","overlay-type":"","overlay-color":"","overlay-opacity":"","overlay-gradient":""},"tablet":{"background-color":"","background-image":"","background-repeat":"repeat","background-position":"center center","background-size":"auto","background-attachment":"scroll","background-type":"","background-media":"","overlay-type":"","overlay-color":"","overlay-opacity":"","overlay-gradient":""},"mobile":{"background-color":"","background-image":"","background-repeat":"repeat","background-position":"center center","background-size":"auto","background-attachment":"scroll","background-type":"","background-media":"","overlay-type":"","overlay-color":"","overlay-opacity":"","overlay-gradient":""}},"ast-content-background-meta":{"desktop":{"background-color":"var(--ast-global-color-5)","background-image":"","background-repeat":"repeat","background-position":"center center","background-size":"auto","background-attachment":"scroll","background-type":"","background-media":"","overlay-type":"","overlay-color":"","overlay-opacity":"","overlay-gradient":""},"tablet":{"background-color":"var(--ast-global-color-5)","background-image":"","background-repeat":"repeat","background-position":"center center","background-size":"auto","background-attachment":"scroll","background-type":"","background-media":"","overlay-type":"","overlay-color":"","overlay-opacity":"","overlay-gradient":""},"mobile":{"background-color":"var(--ast-global-color-5)","background-image":"","background-repeat":"repeat","background-position":"center center","background-size":"auto","background-attachment":"scroll","background-type":"","background-media":"","overlay-type":"","overlay-color":"","overlay-opacity":"","overlay-gradient":""}}},"product_brand":[],"product_cat":[218,210,209],"product_tag":[],"class_list":{"0":"post-14350","1":"product","2":"type-product","3":"status-publish","4":"has-post-thumbnail","6":"product_cat-estabilizadores-es","7":"product_cat-foils","8":"product_cat-ofertas","9":"desktop-align-center","10":"tablet-align-left","11":"mobile-align-left","12":"tm-has-options","14":"first","15":"instock","16":"sale","17":"taxable","18":"shipping-taxable","19":"purchasable","20":"product-type-variable"},"yoast_head":"<!-- This site is optimized with the Yoast SEO plugin v27.3 - https:\/\/yoast.com\/product\/yoast-seo-wordpress\/ -->\n<title>MAKO GLIDE V2 - KPARTS WATERSPORTS<\/title>\n<meta name=\"robots\" content=\"index, follow, max-snippet:-1, max-image-preview:large, max-video-preview:-1\" \/>\n<link rel=\"canonical\" href=\"https:\/\/kparts-watersports.com\/es\/produit\/mako-glide-v2\/\" \/>\n<meta property=\"og:locale\" content=\"es_ES\" \/>\n<meta property=\"og:type\" content=\"article\" \/>\n<meta property=\"og:title\" content=\"MAKO GLIDE V2 - KPARTS WATERSPORTS\" \/>\n<meta property=\"og:description\" content=\"[Descuento \u2013 EN STOCK hasta agotar existencias] El MAKO GLIDE V2 es el estabilizador definitivo para rendir en Downwind, Dock-Start, Sup-Foil, Freefly y Surf Foil. M\u00e1s fino, m\u00e1s equilibrado y m\u00e1s r\u00edgido que el V1 gracias a su construcci\u00f3n en carbono, este Mako Glide V2 supone una gran evoluci\u00f3n y es un estabilizador \u00fanico en el mercado. Posee todas las ventajas de un estabilizador High Aspect: m\u00e1s sustentaci\u00f3n con menos superficie y m\u00e1s planeo. Permite reducir el tama\u00f1o manteniendo el apoyo y el rendimiento, sin ser por ello elitista ni poco tolerante a baja velocidad. Hemos conservado cuerda en el centro, lo que garantiza un apoyo firme, estabilidad longitudinal, relanzamientos a baja velocidad sin p\u00e9rdidas de sustentaci\u00f3n y un pumping propulsivo con poco impulso. Desde el primer tercio, la cuerda se reduce dr\u00e1sticamente para ofrecer una relaci\u00f3n sustentaci\u00f3n\/deslizamiento inigualable, con muy poca resistencia. Todo ello con una envergadura moderada que, a pesar de las apariencias, proporciona excelentes capacidades de carving a este nuevo Mako Glide V2. Importante: en wingfoil, este estabilizador es totalmente adecuado, con una excelente velocidad de crucero y una estabilidad mucho mejor en comparaci\u00f3n con el Mako Glide V1 cuando aumenta la velocidad. El MAKO GLIDE V2 est\u00e1 disponible en 4 tama\u00f1os. 120: 35 cm de envergadura 130: 37 cm de envergadura 145: 39 cm de envergadura 160: 39 cm de envergadura (con m\u00e1s cuerda que el 145) Para la elecci\u00f3n del tama\u00f1o: el 120 equivale a un 140 V1 \/ el 130 a un 155 V1 \/ el 145 a un 170 V1 \/ el 160 a un 185 V1. Los estabilizadores Kparts tienen una zona plana en ambos lados que permite montarlos por encima del fuselaje (AXIS, F-ONE, CABRINHA, etc.) y por debajo (TAKUMA, AFS, ARMSTRONG, etc.). El orificio trasero es alargado para permitir una distancia entre ejes de fijaci\u00f3n de 30 a 35 mm seg\u00fan las marcas. Cada estabilizador se entrega con una funda, un set de cu\u00f1as correspondiente a tu foil (a elegir en el men\u00fa desplegable) y 2 tornillos de mayor longitud. El set de cu\u00f1as elegido permite adaptar todos los estabilizadores KPARTS a tu foil ajustando el \u00e1ngulo seg\u00fan tus necesidades. Estabilizador mecanizado, fabricado a partir de fibras de carbono comprimidas. Las fundas est\u00e1n fabricadas en fieltro. Las cu\u00f1as de adaptaci\u00f3n est\u00e1n fabricadas mediante impresi\u00f3n 3D en PETG.\" \/>\n<meta property=\"og:url\" content=\"https:\/\/kparts-watersports.com\/es\/produit\/mako-glide-v2\/\" \/>\n<meta property=\"og:site_name\" content=\"KPARTS WATERSPORTS\" \/>\n<meta property=\"article:publisher\" content=\"https:\/\/www.facebook.com\/people\/AP-3D-Custom\/100076804732870\/\" \/>\n<meta property=\"article:modified_time\" content=\"2026-04-23T10:44:49+00:00\" \/>\n<meta property=\"og:image\" content=\"https:\/\/kparts-watersports.com\/wp-content\/uploads\/2025\/06\/MAKO-GLIDE-V2.webp\" \/>\n\t<meta property=\"og:image:width\" content=\"1500\" \/>\n\t<meta property=\"og:image:height\" content=\"1500\" \/>\n\t<meta property=\"og:image:type\" content=\"image\/webp\" \/>\n<meta name=\"twitter:card\" content=\"summary_large_image\" \/>\n<meta name=\"twitter:label1\" content=\"Tiempo de lectura\" \/>\n\t<meta name=\"twitter:data1\" content=\"2 minutes\" \/>\n<script type=\"application\/ld+json\" class=\"yoast-schema-graph\">{\"@context\":\"https:\\\/\\\/schema.org\",\"@graph\":[{\"@type\":\"WebPage\",\"@id\":\"https:\\\/\\\/kparts-watersports.com\\\/es\\\/produit\\\/mako-glide-v2\\\/\",\"url\":\"https:\\\/\\\/kparts-watersports.com\\\/es\\\/produit\\\/mako-glide-v2\\\/\",\"name\":\"MAKO GLIDE V2 - KPARTS WATERSPORTS\",\"isPartOf\":{\"@id\":\"https:\\\/\\\/blanchedalmond-oryx-541128.hostingersite.com\\\/#website\"},\"primaryImageOfPage\":{\"@id\":\"https:\\\/\\\/kparts-watersports.com\\\/es\\\/produit\\\/mako-glide-v2\\\/#primaryimage\"},\"image\":{\"@id\":\"https:\\\/\\\/kparts-watersports.com\\\/es\\\/produit\\\/mako-glide-v2\\\/#primaryimage\"},\"thumbnailUrl\":\"https:\\\/\\\/kparts-watersports.com\\\/wp-content\\\/uploads\\\/2025\\\/06\\\/MAKO-GLIDE-V2.webp\",\"datePublished\":\"2025-06-29T00:21:32+00:00\",\"dateModified\":\"2026-04-23T10:44:49+00:00\",\"breadcrumb\":{\"@id\":\"https:\\\/\\\/kparts-watersports.com\\\/es\\\/produit\\\/mako-glide-v2\\\/#breadcrumb\"},\"inLanguage\":\"es-ES\",\"potentialAction\":[{\"@type\":\"ReadAction\",\"target\":[\"https:\\\/\\\/kparts-watersports.com\\\/es\\\/produit\\\/mako-glide-v2\\\/\"]}]},{\"@type\":\"ImageObject\",\"inLanguage\":\"es-ES\",\"@id\":\"https:\\\/\\\/kparts-watersports.com\\\/es\\\/produit\\\/mako-glide-v2\\\/#primaryimage\",\"url\":\"https:\\\/\\\/kparts-watersports.com\\\/wp-content\\\/uploads\\\/2025\\\/06\\\/MAKO-GLIDE-V2.webp\",\"contentUrl\":\"https:\\\/\\\/kparts-watersports.com\\\/wp-content\\\/uploads\\\/2025\\\/06\\\/MAKO-GLIDE-V2.webp\",\"width\":1500,\"height\":1500,\"caption\":\"MAKO GLIDE V2\"},{\"@type\":\"BreadcrumbList\",\"@id\":\"https:\\\/\\\/kparts-watersports.com\\\/es\\\/produit\\\/mako-glide-v2\\\/#breadcrumb\",\"itemListElement\":[{\"@type\":\"ListItem\",\"position\":1,\"name\":\"Accueil\",\"item\":\"https:\\\/\\\/kparts-watersports.com\\\/es\\\/inicio\\\/\"},{\"@type\":\"ListItem\",\"position\":2,\"name\":\"Tienda\",\"item\":\"https:\\\/\\\/kparts-watersports.com\\\/es\\\/tienda\\\/\"},{\"@type\":\"ListItem\",\"position\":3,\"name\":\"MAKO GLIDE V2\"}]},{\"@type\":\"WebSite\",\"@id\":\"https:\\\/\\\/blanchedalmond-oryx-541128.hostingersite.com\\\/#website\",\"url\":\"https:\\\/\\\/blanchedalmond-oryx-541128.hostingersite.com\\\/\",\"name\":\"KPARTS WATERSPORTS\",\"description\":\"Accessoires custom pour sports nautiques\",\"publisher\":{\"@id\":\"https:\\\/\\\/blanchedalmond-oryx-541128.hostingersite.com\\\/#organization\"},\"potentialAction\":[{\"@type\":\"SearchAction\",\"target\":{\"@type\":\"EntryPoint\",\"urlTemplate\":\"https:\\\/\\\/blanchedalmond-oryx-541128.hostingersite.com\\\/?s={search_term_string}\"},\"query-input\":{\"@type\":\"PropertyValueSpecification\",\"valueRequired\":true,\"valueName\":\"search_term_string\"}}],\"inLanguage\":\"es-ES\"},{\"@type\":\"Organization\",\"@id\":\"https:\\\/\\\/blanchedalmond-oryx-541128.hostingersite.com\\\/#organization\",\"name\":\"KPARTS WATERSPORTS\",\"url\":\"https:\\\/\\\/blanchedalmond-oryx-541128.hostingersite.com\\\/\",\"logo\":{\"@type\":\"ImageObject\",\"inLanguage\":\"es-ES\",\"@id\":\"https:\\\/\\\/blanchedalmond-oryx-541128.hostingersite.com\\\/#\\\/schema\\\/logo\\\/image\\\/\",\"url\":\"https:\\\/\\\/kparts-watersports.ovh\\\/wp-content\\\/uploads\\\/2024\\\/09\\\/Kparts-Logo-Favicon.jpg\",\"contentUrl\":\"https:\\\/\\\/kparts-watersports.ovh\\\/wp-content\\\/uploads\\\/2024\\\/09\\\/Kparts-Logo-Favicon.jpg\",\"width\":600,\"height\":600,\"caption\":\"KPARTS WATERSPORTS\"},\"image\":{\"@id\":\"https:\\\/\\\/blanchedalmond-oryx-541128.hostingersite.com\\\/#\\\/schema\\\/logo\\\/image\\\/\"},\"sameAs\":[\"https:\\\/\\\/www.facebook.com\\\/people\\\/AP-3D-Custom\\\/100076804732870\\\/\",\"https:\\\/\\\/www.instagram.com\\\/ap3dcustom\\\/\"]}]}<\/script>\n<!-- \/ Yoast SEO plugin. -->","yoast_head_json":{"title":"MAKO GLIDE V2 - KPARTS WATERSPORTS","robots":{"index":"index","follow":"follow","max-snippet":"max-snippet:-1","max-image-preview":"max-image-preview:large","max-video-preview":"max-video-preview:-1"},"canonical":"https:\/\/kparts-watersports.com\/es\/produit\/mako-glide-v2\/","og_locale":"es_ES","og_type":"article","og_title":"MAKO GLIDE V2 - KPARTS WATERSPORTS","og_description":"[Descuento \u2013 EN STOCK hasta agotar existencias] El MAKO GLIDE V2 es el estabilizador definitivo para rendir en Downwind, Dock-Start, Sup-Foil, Freefly y Surf Foil. M\u00e1s fino, m\u00e1s equilibrado y m\u00e1s r\u00edgido que el V1 gracias a su construcci\u00f3n en carbono, este Mako Glide V2 supone una gran evoluci\u00f3n y es un estabilizador \u00fanico en el mercado. Posee todas las ventajas de un estabilizador High Aspect: m\u00e1s sustentaci\u00f3n con menos superficie y m\u00e1s planeo. Permite reducir el tama\u00f1o manteniendo el apoyo y el rendimiento, sin ser por ello elitista ni poco tolerante a baja velocidad. Hemos conservado cuerda en el centro, lo que garantiza un apoyo firme, estabilidad longitudinal, relanzamientos a baja velocidad sin p\u00e9rdidas de sustentaci\u00f3n y un pumping propulsivo con poco impulso. Desde el primer tercio, la cuerda se reduce dr\u00e1sticamente para ofrecer una relaci\u00f3n sustentaci\u00f3n\/deslizamiento inigualable, con muy poca resistencia. Todo ello con una envergadura moderada que, a pesar de las apariencias, proporciona excelentes capacidades de carving a este nuevo Mako Glide V2. Importante: en wingfoil, este estabilizador es totalmente adecuado, con una excelente velocidad de crucero y una estabilidad mucho mejor en comparaci\u00f3n con el Mako Glide V1 cuando aumenta la velocidad. El MAKO GLIDE V2 est\u00e1 disponible en 4 tama\u00f1os. 120: 35 cm de envergadura 130: 37 cm de envergadura 145: 39 cm de envergadura 160: 39 cm de envergadura (con m\u00e1s cuerda que el 145) Para la elecci\u00f3n del tama\u00f1o: el 120 equivale a un 140 V1 \/ el 130 a un 155 V1 \/ el 145 a un 170 V1 \/ el 160 a un 185 V1. Los estabilizadores Kparts tienen una zona plana en ambos lados que permite montarlos por encima del fuselaje (AXIS, F-ONE, CABRINHA, etc.) y por debajo (TAKUMA, AFS, ARMSTRONG, etc.). El orificio trasero es alargado para permitir una distancia entre ejes de fijaci\u00f3n de 30 a 35 mm seg\u00fan las marcas. Cada estabilizador se entrega con una funda, un set de cu\u00f1as correspondiente a tu foil (a elegir en el men\u00fa desplegable) y 2 tornillos de mayor longitud. El set de cu\u00f1as elegido permite adaptar todos los estabilizadores KPARTS a tu foil ajustando el \u00e1ngulo seg\u00fan tus necesidades. Estabilizador mecanizado, fabricado a partir de fibras de carbono comprimidas. Las fundas est\u00e1n fabricadas en fieltro. Las cu\u00f1as de adaptaci\u00f3n est\u00e1n fabricadas mediante impresi\u00f3n 3D en PETG.","og_url":"https:\/\/kparts-watersports.com\/es\/produit\/mako-glide-v2\/","og_site_name":"KPARTS WATERSPORTS","article_publisher":"https:\/\/www.facebook.com\/people\/AP-3D-Custom\/100076804732870\/","article_modified_time":"2026-04-23T10:44:49+00:00","og_image":[{"width":1500,"height":1500,"url":"https:\/\/kparts-watersports.com\/wp-content\/uploads\/2025\/06\/MAKO-GLIDE-V2.webp","type":"image\/webp"}],"twitter_card":"summary_large_image","twitter_misc":{"Tiempo de lectura":"2 minutes"},"schema":{"@context":"https:\/\/schema.org","@graph":[{"@type":"WebPage","@id":"https:\/\/kparts-watersports.com\/es\/produit\/mako-glide-v2\/","url":"https:\/\/kparts-watersports.com\/es\/produit\/mako-glide-v2\/","name":"MAKO GLIDE V2 - KPARTS WATERSPORTS","isPartOf":{"@id":"https:\/\/blanchedalmond-oryx-541128.hostingersite.com\/#website"},"primaryImageOfPage":{"@id":"https:\/\/kparts-watersports.com\/es\/produit\/mako-glide-v2\/#primaryimage"},"image":{"@id":"https:\/\/kparts-watersports.com\/es\/produit\/mako-glide-v2\/#primaryimage"},"thumbnailUrl":"https:\/\/kparts-watersports.com\/wp-content\/uploads\/2025\/06\/MAKO-GLIDE-V2.webp","datePublished":"2025-06-29T00:21:32+00:00","dateModified":"2026-04-23T10:44:49+00:00","breadcrumb":{"@id":"https:\/\/kparts-watersports.com\/es\/produit\/mako-glide-v2\/#breadcrumb"},"inLanguage":"es-ES","potentialAction":[{"@type":"ReadAction","target":["https:\/\/kparts-watersports.com\/es\/produit\/mako-glide-v2\/"]}]},{"@type":"ImageObject","inLanguage":"es-ES","@id":"https:\/\/kparts-watersports.com\/es\/produit\/mako-glide-v2\/#primaryimage","url":"https:\/\/kparts-watersports.com\/wp-content\/uploads\/2025\/06\/MAKO-GLIDE-V2.webp","contentUrl":"https:\/\/kparts-watersports.com\/wp-content\/uploads\/2025\/06\/MAKO-GLIDE-V2.webp","width":1500,"height":1500,"caption":"MAKO GLIDE V2"},{"@type":"BreadcrumbList","@id":"https:\/\/kparts-watersports.com\/es\/produit\/mako-glide-v2\/#breadcrumb","itemListElement":[{"@type":"ListItem","position":1,"name":"Accueil","item":"https:\/\/kparts-watersports.com\/es\/inicio\/"},{"@type":"ListItem","position":2,"name":"Tienda","item":"https:\/\/kparts-watersports.com\/es\/tienda\/"},{"@type":"ListItem","position":3,"name":"MAKO GLIDE V2"}]},{"@type":"WebSite","@id":"https:\/\/blanchedalmond-oryx-541128.hostingersite.com\/#website","url":"https:\/\/blanchedalmond-oryx-541128.hostingersite.com\/","name":"KPARTS WATERSPORTS","description":"Accessoires custom pour sports nautiques","publisher":{"@id":"https:\/\/blanchedalmond-oryx-541128.hostingersite.com\/#organization"},"potentialAction":[{"@type":"SearchAction","target":{"@type":"EntryPoint","urlTemplate":"https:\/\/blanchedalmond-oryx-541128.hostingersite.com\/?s={search_term_string}"},"query-input":{"@type":"PropertyValueSpecification","valueRequired":true,"valueName":"search_term_string"}}],"inLanguage":"es-ES"},{"@type":"Organization","@id":"https:\/\/blanchedalmond-oryx-541128.hostingersite.com\/#organization","name":"KPARTS WATERSPORTS","url":"https:\/\/blanchedalmond-oryx-541128.hostingersite.com\/","logo":{"@type":"ImageObject","inLanguage":"es-ES","@id":"https:\/\/blanchedalmond-oryx-541128.hostingersite.com\/#\/schema\/logo\/image\/","url":"https:\/\/kparts-watersports.ovh\/wp-content\/uploads\/2024\/09\/Kparts-Logo-Favicon.jpg","contentUrl":"https:\/\/kparts-watersports.ovh\/wp-content\/uploads\/2024\/09\/Kparts-Logo-Favicon.jpg","width":600,"height":600,"caption":"KPARTS WATERSPORTS"},"image":{"@id":"https:\/\/blanchedalmond-oryx-541128.hostingersite.com\/#\/schema\/logo\/image\/"},"sameAs":["https:\/\/www.facebook.com\/people\/AP-3D-Custom\/100076804732870\/","https:\/\/www.instagram.com\/ap3dcustom\/"]}]}},"jetpack_sharing_enabled":true,"_links":{"self":[{"href":"https:\/\/kparts-watersports.com\/es\/wp-json\/wp\/v2\/product\/14350","targetHints":{"allow":["GET"]}}],"collection":[{"href":"https:\/\/kparts-watersports.com\/es\/wp-json\/wp\/v2\/product"}],"about":[{"href":"https:\/\/kparts-watersports.com\/es\/wp-json\/wp\/v2\/types\/product"}],"replies":[{"embeddable":true,"href":"https:\/\/kparts-watersports.com\/es\/wp-json\/wp\/v2\/comments?post=14350"}],"wp:featuredmedia":[{"embeddable":true,"href":"https:\/\/kparts-watersports.com\/es\/wp-json\/wp\/v2\/media\/14351"}],"wp:attachment":[{"href":"https:\/\/kparts-watersports.com\/es\/wp-json\/wp\/v2\/media?parent=14350"}],"wp:term":[{"taxonomy":"product_brand","embeddable":true,"href":"https:\/\/kparts-watersports.com\/es\/wp-json\/wp\/v2\/product_brand?post=14350"},{"taxonomy":"product_cat","embeddable":true,"href":"https:\/\/kparts-watersports.com\/es\/wp-json\/wp\/v2\/product_cat?post=14350"},{"taxonomy":"product_tag","embeddable":true,"href":"https:\/\/kparts-watersports.com\/es\/wp-json\/wp\/v2\/product_tag?post=14350"}],"curies":[{"name":"wp","href":"https:\/\/api.w.org\/{rel}","templated":true}]}}