{"id":14384,"date":"2025-06-29T02:40:43","date_gmt":"2025-06-29T00:40:43","guid":{"rendered":"https:\/\/kparts-watersports.com\/produit\/juego-de-calas-de-adaptacion-kparts\/"},"modified":"2026-04-23T12:57:39","modified_gmt":"2026-04-23T10:57:39","slug":"juego-de-calas-de-adaptacion-kparts","status":"publish","type":"product","link":"https:\/\/kparts-watersports.com\/es\/produit\/juego-de-calas-de-adaptacion-kparts\/","title":{"rendered":"Juego de calas de adaptaci\u00f3n KPARTS"},"content":{"rendered":"<p>\u00bfYa tienes un estabilizador KPARTS y deseas a\u00f1adir compatibilidad con un foil de otra marca?<\/p>\n<p>Aqu\u00ed encontrar\u00e1s las calas para adaptar tu estabilizador KPARTS al fuselaje de la marca que elijas entre las opciones del men\u00fa desplegable.<\/p>\n<p>Se trata de un pack de 5 calas que te permitir\u00e1 encontrar tu mejor ajuste.<\/p>\n<p>La cala \u2205 corresponde al \u00e1ngulo del estabilizador original; te recomendamos empezar con esta.<\/p>\n<p>Luego puedes ajustar la incidencia con las calas +0.5\u00b0, +1.0\u00b0, -0.5\u00b0 y -1.0\u00b0 seg\u00fan tus sensaciones.<br \/>Impresas en 3D en PETG.<\/p>\n","protected":false},"excerpt":{"rendered":"<p>\u00bfYa tienes un estabilizador KPARTS y deseas a\u00f1adir compatibilidad con un foil de otra marca? Aqu\u00ed encontrar\u00e1s las calas para adaptar tu estabilizador KPARTS al fuselaje de la marca que elijas entre las opciones del men\u00fa desplegable. Se trata de un pack de 5 calas que te permitir\u00e1 encontrar tu mejor ajuste. La cala \u2205 corresponde al \u00e1ngulo del estabilizador original; te recomendamos empezar con esta. Luego puedes ajustar la incidencia con las calas +0.5\u00b0, +1.0\u00b0, -0.5\u00b0 y -1.0\u00b0 seg\u00fan tus sensaciones.Impresas en 3D en PETG.<\/p>\n","protected":false},"featured_media":14385,"comment_status":"open","ping_status":"closed","template":"","meta":{"site-sidebar-layout":"default","site-content-layout":"","ast-site-content-layout":"default","site-content-style":"default","site-sidebar-style":"default","ast-global-header-display":"","ast-banner-title-visibility":"","ast-main-header-display":"","ast-hfb-above-header-display":"","ast-hfb-below-header-display":"","ast-hfb-mobile-header-display":"","site-post-title":"","ast-breadcrumbs-content":"","ast-featured-img":"","footer-sml-layout":"","ast-disable-related-posts":"","theme-transparent-header-meta":"default","adv-header-id-meta":"","stick-header-meta":"","header-above-stick-meta":"","header-main-stick-meta":"","header-below-stick-meta":"","astra-migrate-meta-layouts":"default","ast-page-background-enabled":"default","ast-page-background-meta":{"desktop":{"background-color":"var(--ast-global-color-4)","background-image":"","background-repeat":"repeat","background-position":"center center","background-size":"auto","background-attachment":"scroll","background-type":"","background-media":"","overlay-type":"","overlay-color":"","overlay-opacity":"","overlay-gradient":""},"tablet":{"background-color":"","background-image":"","background-repeat":"repeat","background-position":"center center","background-size":"auto","background-attachment":"scroll","background-type":"","background-media":"","overlay-type":"","overlay-color":"","overlay-opacity":"","overlay-gradient":""},"mobile":{"background-color":"","background-image":"","background-repeat":"repeat","background-position":"center center","background-size":"auto","background-attachment":"scroll","background-type":"","background-media":"","overlay-type":"","overlay-color":"","overlay-opacity":"","overlay-gradient":""}},"ast-content-background-meta":{"desktop":{"background-color":"var(--ast-global-color-5)","background-image":"","background-repeat":"repeat","background-position":"center center","background-size":"auto","background-attachment":"scroll","background-type":"","background-media":"","overlay-type":"","overlay-color":"","overlay-opacity":"","overlay-gradient":""},"tablet":{"background-color":"var(--ast-global-color-5)","background-image":"","background-repeat":"repeat","background-position":"center center","background-size":"auto","background-attachment":"scroll","background-type":"","background-media":"","overlay-type":"","overlay-color":"","overlay-opacity":"","overlay-gradient":""},"mobile":{"background-color":"var(--ast-global-color-5)","background-image":"","background-repeat":"repeat","background-position":"center center","background-size":"auto","background-attachment":"scroll","background-type":"","background-media":"","overlay-type":"","overlay-color":"","overlay-opacity":"","overlay-gradient":""}}},"product_brand":[],"product_cat":[222,230,228,218],"product_tag":[],"class_list":{"0":"post-14384","1":"product","2":"type-product","3":"status-publish","4":"has-post-thumbnail","6":"product_cat-accesorios-foil","7":"product_cat-accesorios-varios-y-tornilleria","8":"product_cat-cunas-de-estabilizador","9":"product_cat-estabilizadores-es","10":"desktop-align-center","11":"tablet-align-left","12":"mobile-align-left","13":"tm-has-options","15":"first","16":"instock","17":"taxable","18":"shipping-taxable","19":"purchasable","20":"product-type-variable"},"yoast_head":"<!-- This site is optimized with the Yoast SEO plugin v27.3 - https:\/\/yoast.com\/product\/yoast-seo-wordpress\/ -->\n<title>Juego de calas de adaptaci\u00f3n KPARTS - KPARTS WATERSPORTS<\/title>\n<meta name=\"robots\" content=\"index, follow, max-snippet:-1, max-image-preview:large, max-video-preview:-1\" \/>\n<link rel=\"canonical\" href=\"https:\/\/kparts-watersports.com\/es\/produit\/juego-de-calas-de-adaptacion-kparts\/\" \/>\n<meta property=\"og:locale\" content=\"es_ES\" \/>\n<meta property=\"og:type\" content=\"article\" \/>\n<meta property=\"og:title\" content=\"Juego de calas de adaptaci\u00f3n KPARTS - KPARTS WATERSPORTS\" \/>\n<meta property=\"og:description\" content=\"\u00bfYa tienes un estabilizador KPARTS y deseas a\u00f1adir compatibilidad con un foil de otra marca? Aqu\u00ed encontrar\u00e1s las calas para adaptar tu estabilizador KPARTS al fuselaje de la marca que elijas entre las opciones del men\u00fa desplegable. Se trata de un pack de 5 calas que te permitir\u00e1 encontrar tu mejor ajuste. La cala \u2205 corresponde al \u00e1ngulo del estabilizador original; te recomendamos empezar con esta. Luego puedes ajustar la incidencia con las calas +0.5\u00b0, +1.0\u00b0, -0.5\u00b0 y -1.0\u00b0 seg\u00fan tus sensaciones.Impresas en 3D en PETG.\" \/>\n<meta property=\"og:url\" content=\"https:\/\/kparts-watersports.com\/es\/produit\/juego-de-calas-de-adaptacion-kparts\/\" \/>\n<meta property=\"og:site_name\" content=\"KPARTS WATERSPORTS\" \/>\n<meta property=\"article:publisher\" content=\"https:\/\/www.facebook.com\/people\/AP-3D-Custom\/100076804732870\/\" \/>\n<meta property=\"article:modified_time\" content=\"2026-04-23T10:57:39+00:00\" \/>\n<meta property=\"og:image\" content=\"https:\/\/kparts-watersports.com\/wp-content\/uploads\/2025\/06\/Set-de-cales-dadaptation-KPARTS.webp\" \/>\n\t<meta property=\"og:image:width\" content=\"1500\" \/>\n\t<meta property=\"og:image:height\" content=\"1500\" \/>\n\t<meta property=\"og:image:type\" content=\"image\/webp\" \/>\n<meta name=\"twitter:card\" content=\"summary_large_image\" \/>\n<script type=\"application\/ld+json\" class=\"yoast-schema-graph\">{\"@context\":\"https:\\\/\\\/schema.org\",\"@graph\":[{\"@type\":\"WebPage\",\"@id\":\"https:\\\/\\\/kparts-watersports.com\\\/es\\\/produit\\\/juego-de-calas-de-adaptacion-kparts\\\/\",\"url\":\"https:\\\/\\\/kparts-watersports.com\\\/es\\\/produit\\\/juego-de-calas-de-adaptacion-kparts\\\/\",\"name\":\"Juego de calas de adaptaci\u00f3n KPARTS - KPARTS WATERSPORTS\",\"isPartOf\":{\"@id\":\"https:\\\/\\\/blanchedalmond-oryx-541128.hostingersite.com\\\/#website\"},\"primaryImageOfPage\":{\"@id\":\"https:\\\/\\\/kparts-watersports.com\\\/es\\\/produit\\\/juego-de-calas-de-adaptacion-kparts\\\/#primaryimage\"},\"image\":{\"@id\":\"https:\\\/\\\/kparts-watersports.com\\\/es\\\/produit\\\/juego-de-calas-de-adaptacion-kparts\\\/#primaryimage\"},\"thumbnailUrl\":\"https:\\\/\\\/kparts-watersports.com\\\/wp-content\\\/uploads\\\/2025\\\/06\\\/Set-de-cales-dadaptation-KPARTS.webp\",\"datePublished\":\"2025-06-29T00:40:43+00:00\",\"dateModified\":\"2026-04-23T10:57:39+00:00\",\"breadcrumb\":{\"@id\":\"https:\\\/\\\/kparts-watersports.com\\\/es\\\/produit\\\/juego-de-calas-de-adaptacion-kparts\\\/#breadcrumb\"},\"inLanguage\":\"es-ES\",\"potentialAction\":[{\"@type\":\"ReadAction\",\"target\":[\"https:\\\/\\\/kparts-watersports.com\\\/es\\\/produit\\\/juego-de-calas-de-adaptacion-kparts\\\/\"]}]},{\"@type\":\"ImageObject\",\"inLanguage\":\"es-ES\",\"@id\":\"https:\\\/\\\/kparts-watersports.com\\\/es\\\/produit\\\/juego-de-calas-de-adaptacion-kparts\\\/#primaryimage\",\"url\":\"https:\\\/\\\/kparts-watersports.com\\\/wp-content\\\/uploads\\\/2025\\\/06\\\/Set-de-cales-dadaptation-KPARTS.webp\",\"contentUrl\":\"https:\\\/\\\/kparts-watersports.com\\\/wp-content\\\/uploads\\\/2025\\\/06\\\/Set-de-cales-dadaptation-KPARTS.webp\",\"width\":1500,\"height\":1500,\"caption\":\"Set de cales d'adaptation KPARTS\"},{\"@type\":\"BreadcrumbList\",\"@id\":\"https:\\\/\\\/kparts-watersports.com\\\/es\\\/produit\\\/juego-de-calas-de-adaptacion-kparts\\\/#breadcrumb\",\"itemListElement\":[{\"@type\":\"ListItem\",\"position\":1,\"name\":\"Accueil\",\"item\":\"https:\\\/\\\/kparts-watersports.com\\\/es\\\/inicio\\\/\"},{\"@type\":\"ListItem\",\"position\":2,\"name\":\"Tienda\",\"item\":\"https:\\\/\\\/kparts-watersports.com\\\/es\\\/tienda\\\/\"},{\"@type\":\"ListItem\",\"position\":3,\"name\":\"Juego de calas de adaptaci\u00f3n KPARTS\"}]},{\"@type\":\"WebSite\",\"@id\":\"https:\\\/\\\/blanchedalmond-oryx-541128.hostingersite.com\\\/#website\",\"url\":\"https:\\\/\\\/blanchedalmond-oryx-541128.hostingersite.com\\\/\",\"name\":\"KPARTS WATERSPORTS\",\"description\":\"Accessoires custom pour sports nautiques\",\"publisher\":{\"@id\":\"https:\\\/\\\/blanchedalmond-oryx-541128.hostingersite.com\\\/#organization\"},\"potentialAction\":[{\"@type\":\"SearchAction\",\"target\":{\"@type\":\"EntryPoint\",\"urlTemplate\":\"https:\\\/\\\/blanchedalmond-oryx-541128.hostingersite.com\\\/?s={search_term_string}\"},\"query-input\":{\"@type\":\"PropertyValueSpecification\",\"valueRequired\":true,\"valueName\":\"search_term_string\"}}],\"inLanguage\":\"es-ES\"},{\"@type\":\"Organization\",\"@id\":\"https:\\\/\\\/blanchedalmond-oryx-541128.hostingersite.com\\\/#organization\",\"name\":\"KPARTS WATERSPORTS\",\"url\":\"https:\\\/\\\/blanchedalmond-oryx-541128.hostingersite.com\\\/\",\"logo\":{\"@type\":\"ImageObject\",\"inLanguage\":\"es-ES\",\"@id\":\"https:\\\/\\\/blanchedalmond-oryx-541128.hostingersite.com\\\/#\\\/schema\\\/logo\\\/image\\\/\",\"url\":\"https:\\\/\\\/kparts-watersports.ovh\\\/wp-content\\\/uploads\\\/2024\\\/09\\\/Kparts-Logo-Favicon.jpg\",\"contentUrl\":\"https:\\\/\\\/kparts-watersports.ovh\\\/wp-content\\\/uploads\\\/2024\\\/09\\\/Kparts-Logo-Favicon.jpg\",\"width\":600,\"height\":600,\"caption\":\"KPARTS WATERSPORTS\"},\"image\":{\"@id\":\"https:\\\/\\\/blanchedalmond-oryx-541128.hostingersite.com\\\/#\\\/schema\\\/logo\\\/image\\\/\"},\"sameAs\":[\"https:\\\/\\\/www.facebook.com\\\/people\\\/AP-3D-Custom\\\/100076804732870\\\/\",\"https:\\\/\\\/www.instagram.com\\\/ap3dcustom\\\/\"]}]}<\/script>\n<!-- \/ Yoast SEO plugin. -->","yoast_head_json":{"title":"Juego de calas de adaptaci\u00f3n KPARTS - KPARTS WATERSPORTS","robots":{"index":"index","follow":"follow","max-snippet":"max-snippet:-1","max-image-preview":"max-image-preview:large","max-video-preview":"max-video-preview:-1"},"canonical":"https:\/\/kparts-watersports.com\/es\/produit\/juego-de-calas-de-adaptacion-kparts\/","og_locale":"es_ES","og_type":"article","og_title":"Juego de calas de adaptaci\u00f3n KPARTS - KPARTS WATERSPORTS","og_description":"\u00bfYa tienes un estabilizador KPARTS y deseas a\u00f1adir compatibilidad con un foil de otra marca? Aqu\u00ed encontrar\u00e1s las calas para adaptar tu estabilizador KPARTS al fuselaje de la marca que elijas entre las opciones del men\u00fa desplegable. Se trata de un pack de 5 calas que te permitir\u00e1 encontrar tu mejor ajuste. La cala \u2205 corresponde al \u00e1ngulo del estabilizador original; te recomendamos empezar con esta. Luego puedes ajustar la incidencia con las calas +0.5\u00b0, +1.0\u00b0, -0.5\u00b0 y -1.0\u00b0 seg\u00fan tus sensaciones.Impresas en 3D en PETG.","og_url":"https:\/\/kparts-watersports.com\/es\/produit\/juego-de-calas-de-adaptacion-kparts\/","og_site_name":"KPARTS WATERSPORTS","article_publisher":"https:\/\/www.facebook.com\/people\/AP-3D-Custom\/100076804732870\/","article_modified_time":"2026-04-23T10:57:39+00:00","og_image":[{"width":1500,"height":1500,"url":"https:\/\/kparts-watersports.com\/wp-content\/uploads\/2025\/06\/Set-de-cales-dadaptation-KPARTS.webp","type":"image\/webp"}],"twitter_card":"summary_large_image","schema":{"@context":"https:\/\/schema.org","@graph":[{"@type":"WebPage","@id":"https:\/\/kparts-watersports.com\/es\/produit\/juego-de-calas-de-adaptacion-kparts\/","url":"https:\/\/kparts-watersports.com\/es\/produit\/juego-de-calas-de-adaptacion-kparts\/","name":"Juego de calas de adaptaci\u00f3n KPARTS - KPARTS WATERSPORTS","isPartOf":{"@id":"https:\/\/blanchedalmond-oryx-541128.hostingersite.com\/#website"},"primaryImageOfPage":{"@id":"https:\/\/kparts-watersports.com\/es\/produit\/juego-de-calas-de-adaptacion-kparts\/#primaryimage"},"image":{"@id":"https:\/\/kparts-watersports.com\/es\/produit\/juego-de-calas-de-adaptacion-kparts\/#primaryimage"},"thumbnailUrl":"https:\/\/kparts-watersports.com\/wp-content\/uploads\/2025\/06\/Set-de-cales-dadaptation-KPARTS.webp","datePublished":"2025-06-29T00:40:43+00:00","dateModified":"2026-04-23T10:57:39+00:00","breadcrumb":{"@id":"https:\/\/kparts-watersports.com\/es\/produit\/juego-de-calas-de-adaptacion-kparts\/#breadcrumb"},"inLanguage":"es-ES","potentialAction":[{"@type":"ReadAction","target":["https:\/\/kparts-watersports.com\/es\/produit\/juego-de-calas-de-adaptacion-kparts\/"]}]},{"@type":"ImageObject","inLanguage":"es-ES","@id":"https:\/\/kparts-watersports.com\/es\/produit\/juego-de-calas-de-adaptacion-kparts\/#primaryimage","url":"https:\/\/kparts-watersports.com\/wp-content\/uploads\/2025\/06\/Set-de-cales-dadaptation-KPARTS.webp","contentUrl":"https:\/\/kparts-watersports.com\/wp-content\/uploads\/2025\/06\/Set-de-cales-dadaptation-KPARTS.webp","width":1500,"height":1500,"caption":"Set de cales d'adaptation KPARTS"},{"@type":"BreadcrumbList","@id":"https:\/\/kparts-watersports.com\/es\/produit\/juego-de-calas-de-adaptacion-kparts\/#breadcrumb","itemListElement":[{"@type":"ListItem","position":1,"name":"Accueil","item":"https:\/\/kparts-watersports.com\/es\/inicio\/"},{"@type":"ListItem","position":2,"name":"Tienda","item":"https:\/\/kparts-watersports.com\/es\/tienda\/"},{"@type":"ListItem","position":3,"name":"Juego de calas de adaptaci\u00f3n KPARTS"}]},{"@type":"WebSite","@id":"https:\/\/blanchedalmond-oryx-541128.hostingersite.com\/#website","url":"https:\/\/blanchedalmond-oryx-541128.hostingersite.com\/","name":"KPARTS WATERSPORTS","description":"Accessoires custom pour sports nautiques","publisher":{"@id":"https:\/\/blanchedalmond-oryx-541128.hostingersite.com\/#organization"},"potentialAction":[{"@type":"SearchAction","target":{"@type":"EntryPoint","urlTemplate":"https:\/\/blanchedalmond-oryx-541128.hostingersite.com\/?s={search_term_string}"},"query-input":{"@type":"PropertyValueSpecification","valueRequired":true,"valueName":"search_term_string"}}],"inLanguage":"es-ES"},{"@type":"Organization","@id":"https:\/\/blanchedalmond-oryx-541128.hostingersite.com\/#organization","name":"KPARTS WATERSPORTS","url":"https:\/\/blanchedalmond-oryx-541128.hostingersite.com\/","logo":{"@type":"ImageObject","inLanguage":"es-ES","@id":"https:\/\/blanchedalmond-oryx-541128.hostingersite.com\/#\/schema\/logo\/image\/","url":"https:\/\/kparts-watersports.ovh\/wp-content\/uploads\/2024\/09\/Kparts-Logo-Favicon.jpg","contentUrl":"https:\/\/kparts-watersports.ovh\/wp-content\/uploads\/2024\/09\/Kparts-Logo-Favicon.jpg","width":600,"height":600,"caption":"KPARTS WATERSPORTS"},"image":{"@id":"https:\/\/blanchedalmond-oryx-541128.hostingersite.com\/#\/schema\/logo\/image\/"},"sameAs":["https:\/\/www.facebook.com\/people\/AP-3D-Custom\/100076804732870\/","https:\/\/www.instagram.com\/ap3dcustom\/"]}]}},"jetpack_sharing_enabled":true,"_links":{"self":[{"href":"https:\/\/kparts-watersports.com\/es\/wp-json\/wp\/v2\/product\/14384","targetHints":{"allow":["GET"]}}],"collection":[{"href":"https:\/\/kparts-watersports.com\/es\/wp-json\/wp\/v2\/product"}],"about":[{"href":"https:\/\/kparts-watersports.com\/es\/wp-json\/wp\/v2\/types\/product"}],"replies":[{"embeddable":true,"href":"https:\/\/kparts-watersports.com\/es\/wp-json\/wp\/v2\/comments?post=14384"}],"wp:featuredmedia":[{"embeddable":true,"href":"https:\/\/kparts-watersports.com\/es\/wp-json\/wp\/v2\/media\/14385"}],"wp:attachment":[{"href":"https:\/\/kparts-watersports.com\/es\/wp-json\/wp\/v2\/media?parent=14384"}],"wp:term":[{"taxonomy":"product_brand","embeddable":true,"href":"https:\/\/kparts-watersports.com\/es\/wp-json\/wp\/v2\/product_brand?post=14384"},{"taxonomy":"product_cat","embeddable":true,"href":"https:\/\/kparts-watersports.com\/es\/wp-json\/wp\/v2\/product_cat?post=14384"},{"taxonomy":"product_tag","embeddable":true,"href":"https:\/\/kparts-watersports.com\/es\/wp-json\/wp\/v2\/product_tag?post=14384"}],"curies":[{"name":"wp","href":"https:\/\/api.w.org\/{rel}","templated":true}]}}