{"id":14412,"date":"2025-06-29T03:12:36","date_gmt":"2025-06-29T01:12:36","guid":{"rendered":"https:\/\/kparts-watersports.com\/produit\/helice-de-3-palas-plastico-efoil\/"},"modified":"2025-06-29T03:12:36","modified_gmt":"2025-06-29T01:12:36","slug":"helice-de-3-palas-plastico-efoil","status":"publish","type":"product","link":"https:\/\/kparts-watersports.com\/es\/produit\/helice-de-3-palas-plastico-efoil\/","title":{"rendered":"H\u00e9lice de 3 palas \u2013 Pl\u00e1stico \u2013 Efoil"},"content":{"rendered":"<p>H\u00e9lice de 3 palas de 170 mm de envergadura, plegable.<\/p>\n<p>Dise\u00f1o limpio y ergon\u00f3mico que permite mejorar la potencia de tu Efoil.<\/p>\n<p>Las 3 palas ofrecen un mejor rendimiento, menos cavitaci\u00f3n y una eficiencia general superior en comparaci\u00f3n con una h\u00e9lice de 2 palas.<\/p>\n<p>Cuando el motor no est\u00e1 en funcionamiento, las palas se pliegan y reducen la resistencia.<\/p>\n<p>La fijaci\u00f3n al motor se realiza con 4 tornillos (incluidos, acero inoxidable A4).<\/p>\n<p>Compatible con la mayor\u00eda de los motores comunes de 63 mm; por favor, verifica las dimensiones y el intereje de fijaci\u00f3n.<\/p>\n<p>Las palas est\u00e1n fabricadas a partir de un pol\u00edmero de alta gama reforzado con fibra de carbono. Material no quebradizo ni fr\u00e1gil, con alta resistencia y gran durabilidad garantizada. Estas palas ofrecen una excelente relaci\u00f3n ligereza\/rigidez: un rendimiento superior a un precio m\u00e1s accesible.  <\/p>\n<p>Piezas fabricadas mediante impresi\u00f3n 3D en nuestro taller en Francia.<\/p>\n","protected":false},"excerpt":{"rendered":"<p>H\u00e9lice de 3 palas de 170 mm de envergadura, plegable. Dise\u00f1o limpio y ergon\u00f3mico que permite mejorar la potencia de tu Efoil. Las 3 palas ofrecen un mejor rendimiento, menos cavitaci\u00f3n y una eficiencia general superior en comparaci\u00f3n con una h\u00e9lice de 2 palas. Cuando el motor no est\u00e1 en funcionamiento, las palas se pliegan y reducen la resistencia. La fijaci\u00f3n al motor se realiza con 4 tornillos (incluidos, acero inoxidable A4). Compatible con la mayor\u00eda de los motores comunes de 63 mm; por favor, verifica las dimensiones y el intereje de fijaci\u00f3n. Las palas est\u00e1n fabricadas a partir de un pol\u00edmero de alta gama reforzado con fibra de carbono. Material no quebradizo ni fr\u00e1gil, con alta resistencia y gran durabilidad garantizada. Estas palas ofrecen una excelente relaci\u00f3n ligereza\/rigidez: un rendimiento superior a un precio m\u00e1s accesible. Piezas fabricadas mediante impresi\u00f3n 3D en nuestro taller en Francia.<\/p>\n","protected":false},"featured_media":14413,"comment_status":"open","ping_status":"closed","template":"","meta":{"site-sidebar-layout":"default","site-content-layout":"","ast-site-content-layout":"default","site-content-style":"default","site-sidebar-style":"default","ast-global-header-display":"","ast-banner-title-visibility":"","ast-main-header-display":"","ast-hfb-above-header-display":"","ast-hfb-below-header-display":"","ast-hfb-mobile-header-display":"","site-post-title":"","ast-breadcrumbs-content":"","ast-featured-img":"","footer-sml-layout":"","ast-disable-related-posts":"","theme-transparent-header-meta":"default","adv-header-id-meta":"","stick-header-meta":"","header-above-stick-meta":"","header-main-stick-meta":"","header-below-stick-meta":"","astra-migrate-meta-layouts":"default","ast-page-background-enabled":"default","ast-page-background-meta":{"desktop":{"background-color":"var(--ast-global-color-4)","background-image":"","background-repeat":"repeat","background-position":"center center","background-size":"auto","background-attachment":"scroll","background-type":"","background-media":"","overlay-type":"","overlay-color":"","overlay-opacity":"","overlay-gradient":""},"tablet":{"background-color":"","background-image":"","background-repeat":"repeat","background-position":"center center","background-size":"auto","background-attachment":"scroll","background-type":"","background-media":"","overlay-type":"","overlay-color":"","overlay-opacity":"","overlay-gradient":""},"mobile":{"background-color":"","background-image":"","background-repeat":"repeat","background-position":"center center","background-size":"auto","background-attachment":"scroll","background-type":"","background-media":"","overlay-type":"","overlay-color":"","overlay-opacity":"","overlay-gradient":""}},"ast-content-background-meta":{"desktop":{"background-color":"var(--ast-global-color-5)","background-image":"","background-repeat":"repeat","background-position":"center center","background-size":"auto","background-attachment":"scroll","background-type":"","background-media":"","overlay-type":"","overlay-color":"","overlay-opacity":"","overlay-gradient":""},"tablet":{"background-color":"var(--ast-global-color-5)","background-image":"","background-repeat":"repeat","background-position":"center center","background-size":"auto","background-attachment":"scroll","background-type":"","background-media":"","overlay-type":"","overlay-color":"","overlay-opacity":"","overlay-gradient":""},"mobile":{"background-color":"var(--ast-global-color-5)","background-image":"","background-repeat":"repeat","background-position":"center center","background-size":"auto","background-attachment":"scroll","background-type":"","background-media":"","overlay-type":"","overlay-color":"","overlay-opacity":"","overlay-gradient":""}}},"product_brand":[],"product_cat":[232,237],"product_tag":[],"class_list":{"0":"post-14412","1":"product","2":"type-product","3":"status-publish","4":"has-post-thumbnail","6":"product_cat-accesorios-y-pod-e-foil","7":"product_cat-foil-assist-es","8":"desktop-align-center","9":"tablet-align-left","10":"mobile-align-left","11":"tm-no-options","13":"first","14":"instock","15":"taxable","16":"shipping-taxable","17":"purchasable","18":"product-type-variable"},"yoast_head":"<!-- This site is optimized with the Yoast SEO plugin v27.3 - https:\/\/yoast.com\/product\/yoast-seo-wordpress\/ -->\n<title>H\u00e9lice de 3 palas \u2013 Pl\u00e1stico \u2013 Efoil - KPARTS WATERSPORTS<\/title>\n<meta name=\"robots\" content=\"index, follow, max-snippet:-1, max-image-preview:large, max-video-preview:-1\" \/>\n<link rel=\"canonical\" href=\"https:\/\/kparts-watersports.com\/es\/produit\/helice-de-3-palas-plastico-efoil\/\" \/>\n<meta property=\"og:locale\" content=\"es_ES\" \/>\n<meta property=\"og:type\" content=\"article\" \/>\n<meta property=\"og:title\" content=\"H\u00e9lice de 3 palas \u2013 Pl\u00e1stico \u2013 Efoil - KPARTS WATERSPORTS\" \/>\n<meta property=\"og:description\" content=\"H\u00e9lice de 3 palas de 170 mm de envergadura, plegable. Dise\u00f1o limpio y ergon\u00f3mico que permite mejorar la potencia de tu Efoil. Las 3 palas ofrecen un mejor rendimiento, menos cavitaci\u00f3n y una eficiencia general superior en comparaci\u00f3n con una h\u00e9lice de 2 palas. Cuando el motor no est\u00e1 en funcionamiento, las palas se pliegan y reducen la resistencia. La fijaci\u00f3n al motor se realiza con 4 tornillos (incluidos, acero inoxidable A4). Compatible con la mayor\u00eda de los motores comunes de 63 mm; por favor, verifica las dimensiones y el intereje de fijaci\u00f3n. Las palas est\u00e1n fabricadas a partir de un pol\u00edmero de alta gama reforzado con fibra de carbono. Material no quebradizo ni fr\u00e1gil, con alta resistencia y gran durabilidad garantizada. Estas palas ofrecen una excelente relaci\u00f3n ligereza\/rigidez: un rendimiento superior a un precio m\u00e1s accesible. Piezas fabricadas mediante impresi\u00f3n 3D en nuestro taller en Francia.\" \/>\n<meta property=\"og:url\" content=\"https:\/\/kparts-watersports.com\/es\/produit\/helice-de-3-palas-plastico-efoil\/\" \/>\n<meta property=\"og:site_name\" content=\"KPARTS WATERSPORTS\" \/>\n<meta property=\"article:publisher\" content=\"https:\/\/www.facebook.com\/people\/AP-3D-Custom\/100076804732870\/\" \/>\n<meta property=\"og:image\" content=\"https:\/\/kparts-watersports.com\/wp-content\/uploads\/2025\/06\/Propeller-3-pales-Plastique-Efoil.webp\" \/>\n\t<meta property=\"og:image:width\" content=\"1080\" \/>\n\t<meta property=\"og:image:height\" content=\"1080\" \/>\n\t<meta property=\"og:image:type\" content=\"image\/webp\" \/>\n<meta name=\"twitter:card\" content=\"summary_large_image\" \/>\n<meta name=\"twitter:label1\" content=\"Tiempo de lectura\" \/>\n\t<meta name=\"twitter:data1\" content=\"1 minute\" \/>\n<script type=\"application\/ld+json\" class=\"yoast-schema-graph\">{\"@context\":\"https:\\\/\\\/schema.org\",\"@graph\":[{\"@type\":\"WebPage\",\"@id\":\"https:\\\/\\\/kparts-watersports.com\\\/es\\\/produit\\\/helice-de-3-palas-plastico-efoil\\\/\",\"url\":\"https:\\\/\\\/kparts-watersports.com\\\/es\\\/produit\\\/helice-de-3-palas-plastico-efoil\\\/\",\"name\":\"H\u00e9lice de 3 palas \u2013 Pl\u00e1stico \u2013 Efoil - KPARTS WATERSPORTS\",\"isPartOf\":{\"@id\":\"https:\\\/\\\/blanchedalmond-oryx-541128.hostingersite.com\\\/#website\"},\"primaryImageOfPage\":{\"@id\":\"https:\\\/\\\/kparts-watersports.com\\\/es\\\/produit\\\/helice-de-3-palas-plastico-efoil\\\/#primaryimage\"},\"image\":{\"@id\":\"https:\\\/\\\/kparts-watersports.com\\\/es\\\/produit\\\/helice-de-3-palas-plastico-efoil\\\/#primaryimage\"},\"thumbnailUrl\":\"https:\\\/\\\/kparts-watersports.com\\\/wp-content\\\/uploads\\\/2025\\\/06\\\/Propeller-3-pales-Plastique-Efoil.webp\",\"datePublished\":\"2025-06-29T01:12:36+00:00\",\"breadcrumb\":{\"@id\":\"https:\\\/\\\/kparts-watersports.com\\\/es\\\/produit\\\/helice-de-3-palas-plastico-efoil\\\/#breadcrumb\"},\"inLanguage\":\"es-ES\",\"potentialAction\":[{\"@type\":\"ReadAction\",\"target\":[\"https:\\\/\\\/kparts-watersports.com\\\/es\\\/produit\\\/helice-de-3-palas-plastico-efoil\\\/\"]}]},{\"@type\":\"ImageObject\",\"inLanguage\":\"es-ES\",\"@id\":\"https:\\\/\\\/kparts-watersports.com\\\/es\\\/produit\\\/helice-de-3-palas-plastico-efoil\\\/#primaryimage\",\"url\":\"https:\\\/\\\/kparts-watersports.com\\\/wp-content\\\/uploads\\\/2025\\\/06\\\/Propeller-3-pales-Plastique-Efoil.webp\",\"contentUrl\":\"https:\\\/\\\/kparts-watersports.com\\\/wp-content\\\/uploads\\\/2025\\\/06\\\/Propeller-3-pales-Plastique-Efoil.webp\",\"width\":1080,\"height\":1080,\"caption\":\"Propeller 3 pales - Plastique - Efoil\"},{\"@type\":\"BreadcrumbList\",\"@id\":\"https:\\\/\\\/kparts-watersports.com\\\/es\\\/produit\\\/helice-de-3-palas-plastico-efoil\\\/#breadcrumb\",\"itemListElement\":[{\"@type\":\"ListItem\",\"position\":1,\"name\":\"Accueil\",\"item\":\"https:\\\/\\\/kparts-watersports.com\\\/es\\\/inicio\\\/\"},{\"@type\":\"ListItem\",\"position\":2,\"name\":\"Tienda\",\"item\":\"https:\\\/\\\/kparts-watersports.com\\\/es\\\/tienda\\\/\"},{\"@type\":\"ListItem\",\"position\":3,\"name\":\"H\u00e9lice de 3 palas \u2013 Pl\u00e1stico \u2013 Efoil\"}]},{\"@type\":\"WebSite\",\"@id\":\"https:\\\/\\\/blanchedalmond-oryx-541128.hostingersite.com\\\/#website\",\"url\":\"https:\\\/\\\/blanchedalmond-oryx-541128.hostingersite.com\\\/\",\"name\":\"KPARTS WATERSPORTS\",\"description\":\"Accessoires custom pour sports nautiques\",\"publisher\":{\"@id\":\"https:\\\/\\\/blanchedalmond-oryx-541128.hostingersite.com\\\/#organization\"},\"potentialAction\":[{\"@type\":\"SearchAction\",\"target\":{\"@type\":\"EntryPoint\",\"urlTemplate\":\"https:\\\/\\\/blanchedalmond-oryx-541128.hostingersite.com\\\/?s={search_term_string}\"},\"query-input\":{\"@type\":\"PropertyValueSpecification\",\"valueRequired\":true,\"valueName\":\"search_term_string\"}}],\"inLanguage\":\"es-ES\"},{\"@type\":\"Organization\",\"@id\":\"https:\\\/\\\/blanchedalmond-oryx-541128.hostingersite.com\\\/#organization\",\"name\":\"KPARTS WATERSPORTS\",\"url\":\"https:\\\/\\\/blanchedalmond-oryx-541128.hostingersite.com\\\/\",\"logo\":{\"@type\":\"ImageObject\",\"inLanguage\":\"es-ES\",\"@id\":\"https:\\\/\\\/blanchedalmond-oryx-541128.hostingersite.com\\\/#\\\/schema\\\/logo\\\/image\\\/\",\"url\":\"https:\\\/\\\/kparts-watersports.ovh\\\/wp-content\\\/uploads\\\/2024\\\/09\\\/Kparts-Logo-Favicon.jpg\",\"contentUrl\":\"https:\\\/\\\/kparts-watersports.ovh\\\/wp-content\\\/uploads\\\/2024\\\/09\\\/Kparts-Logo-Favicon.jpg\",\"width\":600,\"height\":600,\"caption\":\"KPARTS WATERSPORTS\"},\"image\":{\"@id\":\"https:\\\/\\\/blanchedalmond-oryx-541128.hostingersite.com\\\/#\\\/schema\\\/logo\\\/image\\\/\"},\"sameAs\":[\"https:\\\/\\\/www.facebook.com\\\/people\\\/AP-3D-Custom\\\/100076804732870\\\/\",\"https:\\\/\\\/www.instagram.com\\\/ap3dcustom\\\/\"]}]}<\/script>\n<!-- \/ Yoast SEO plugin. -->","yoast_head_json":{"title":"H\u00e9lice de 3 palas \u2013 Pl\u00e1stico \u2013 Efoil - KPARTS WATERSPORTS","robots":{"index":"index","follow":"follow","max-snippet":"max-snippet:-1","max-image-preview":"max-image-preview:large","max-video-preview":"max-video-preview:-1"},"canonical":"https:\/\/kparts-watersports.com\/es\/produit\/helice-de-3-palas-plastico-efoil\/","og_locale":"es_ES","og_type":"article","og_title":"H\u00e9lice de 3 palas \u2013 Pl\u00e1stico \u2013 Efoil - KPARTS WATERSPORTS","og_description":"H\u00e9lice de 3 palas de 170 mm de envergadura, plegable. Dise\u00f1o limpio y ergon\u00f3mico que permite mejorar la potencia de tu Efoil. Las 3 palas ofrecen un mejor rendimiento, menos cavitaci\u00f3n y una eficiencia general superior en comparaci\u00f3n con una h\u00e9lice de 2 palas. Cuando el motor no est\u00e1 en funcionamiento, las palas se pliegan y reducen la resistencia. La fijaci\u00f3n al motor se realiza con 4 tornillos (incluidos, acero inoxidable A4). Compatible con la mayor\u00eda de los motores comunes de 63 mm; por favor, verifica las dimensiones y el intereje de fijaci\u00f3n. Las palas est\u00e1n fabricadas a partir de un pol\u00edmero de alta gama reforzado con fibra de carbono. Material no quebradizo ni fr\u00e1gil, con alta resistencia y gran durabilidad garantizada. Estas palas ofrecen una excelente relaci\u00f3n ligereza\/rigidez: un rendimiento superior a un precio m\u00e1s accesible. Piezas fabricadas mediante impresi\u00f3n 3D en nuestro taller en Francia.","og_url":"https:\/\/kparts-watersports.com\/es\/produit\/helice-de-3-palas-plastico-efoil\/","og_site_name":"KPARTS WATERSPORTS","article_publisher":"https:\/\/www.facebook.com\/people\/AP-3D-Custom\/100076804732870\/","og_image":[{"width":1080,"height":1080,"url":"https:\/\/kparts-watersports.com\/wp-content\/uploads\/2025\/06\/Propeller-3-pales-Plastique-Efoil.webp","type":"image\/webp"}],"twitter_card":"summary_large_image","twitter_misc":{"Tiempo de lectura":"1 minute"},"schema":{"@context":"https:\/\/schema.org","@graph":[{"@type":"WebPage","@id":"https:\/\/kparts-watersports.com\/es\/produit\/helice-de-3-palas-plastico-efoil\/","url":"https:\/\/kparts-watersports.com\/es\/produit\/helice-de-3-palas-plastico-efoil\/","name":"H\u00e9lice de 3 palas \u2013 Pl\u00e1stico \u2013 Efoil - KPARTS WATERSPORTS","isPartOf":{"@id":"https:\/\/blanchedalmond-oryx-541128.hostingersite.com\/#website"},"primaryImageOfPage":{"@id":"https:\/\/kparts-watersports.com\/es\/produit\/helice-de-3-palas-plastico-efoil\/#primaryimage"},"image":{"@id":"https:\/\/kparts-watersports.com\/es\/produit\/helice-de-3-palas-plastico-efoil\/#primaryimage"},"thumbnailUrl":"https:\/\/kparts-watersports.com\/wp-content\/uploads\/2025\/06\/Propeller-3-pales-Plastique-Efoil.webp","datePublished":"2025-06-29T01:12:36+00:00","breadcrumb":{"@id":"https:\/\/kparts-watersports.com\/es\/produit\/helice-de-3-palas-plastico-efoil\/#breadcrumb"},"inLanguage":"es-ES","potentialAction":[{"@type":"ReadAction","target":["https:\/\/kparts-watersports.com\/es\/produit\/helice-de-3-palas-plastico-efoil\/"]}]},{"@type":"ImageObject","inLanguage":"es-ES","@id":"https:\/\/kparts-watersports.com\/es\/produit\/helice-de-3-palas-plastico-efoil\/#primaryimage","url":"https:\/\/kparts-watersports.com\/wp-content\/uploads\/2025\/06\/Propeller-3-pales-Plastique-Efoil.webp","contentUrl":"https:\/\/kparts-watersports.com\/wp-content\/uploads\/2025\/06\/Propeller-3-pales-Plastique-Efoil.webp","width":1080,"height":1080,"caption":"Propeller 3 pales - Plastique - Efoil"},{"@type":"BreadcrumbList","@id":"https:\/\/kparts-watersports.com\/es\/produit\/helice-de-3-palas-plastico-efoil\/#breadcrumb","itemListElement":[{"@type":"ListItem","position":1,"name":"Accueil","item":"https:\/\/kparts-watersports.com\/es\/inicio\/"},{"@type":"ListItem","position":2,"name":"Tienda","item":"https:\/\/kparts-watersports.com\/es\/tienda\/"},{"@type":"ListItem","position":3,"name":"H\u00e9lice de 3 palas \u2013 Pl\u00e1stico \u2013 Efoil"}]},{"@type":"WebSite","@id":"https:\/\/blanchedalmond-oryx-541128.hostingersite.com\/#website","url":"https:\/\/blanchedalmond-oryx-541128.hostingersite.com\/","name":"KPARTS WATERSPORTS","description":"Accessoires custom pour sports nautiques","publisher":{"@id":"https:\/\/blanchedalmond-oryx-541128.hostingersite.com\/#organization"},"potentialAction":[{"@type":"SearchAction","target":{"@type":"EntryPoint","urlTemplate":"https:\/\/blanchedalmond-oryx-541128.hostingersite.com\/?s={search_term_string}"},"query-input":{"@type":"PropertyValueSpecification","valueRequired":true,"valueName":"search_term_string"}}],"inLanguage":"es-ES"},{"@type":"Organization","@id":"https:\/\/blanchedalmond-oryx-541128.hostingersite.com\/#organization","name":"KPARTS WATERSPORTS","url":"https:\/\/blanchedalmond-oryx-541128.hostingersite.com\/","logo":{"@type":"ImageObject","inLanguage":"es-ES","@id":"https:\/\/blanchedalmond-oryx-541128.hostingersite.com\/#\/schema\/logo\/image\/","url":"https:\/\/kparts-watersports.ovh\/wp-content\/uploads\/2024\/09\/Kparts-Logo-Favicon.jpg","contentUrl":"https:\/\/kparts-watersports.ovh\/wp-content\/uploads\/2024\/09\/Kparts-Logo-Favicon.jpg","width":600,"height":600,"caption":"KPARTS WATERSPORTS"},"image":{"@id":"https:\/\/blanchedalmond-oryx-541128.hostingersite.com\/#\/schema\/logo\/image\/"},"sameAs":["https:\/\/www.facebook.com\/people\/AP-3D-Custom\/100076804732870\/","https:\/\/www.instagram.com\/ap3dcustom\/"]}]}},"jetpack_sharing_enabled":true,"_links":{"self":[{"href":"https:\/\/kparts-watersports.com\/es\/wp-json\/wp\/v2\/product\/14412","targetHints":{"allow":["GET"]}}],"collection":[{"href":"https:\/\/kparts-watersports.com\/es\/wp-json\/wp\/v2\/product"}],"about":[{"href":"https:\/\/kparts-watersports.com\/es\/wp-json\/wp\/v2\/types\/product"}],"replies":[{"embeddable":true,"href":"https:\/\/kparts-watersports.com\/es\/wp-json\/wp\/v2\/comments?post=14412"}],"wp:featuredmedia":[{"embeddable":true,"href":"https:\/\/kparts-watersports.com\/es\/wp-json\/wp\/v2\/media\/14413"}],"wp:attachment":[{"href":"https:\/\/kparts-watersports.com\/es\/wp-json\/wp\/v2\/media?parent=14412"}],"wp:term":[{"taxonomy":"product_brand","embeddable":true,"href":"https:\/\/kparts-watersports.com\/es\/wp-json\/wp\/v2\/product_brand?post=14412"},{"taxonomy":"product_cat","embeddable":true,"href":"https:\/\/kparts-watersports.com\/es\/wp-json\/wp\/v2\/product_cat?post=14412"},{"taxonomy":"product_tag","embeddable":true,"href":"https:\/\/kparts-watersports.com\/es\/wp-json\/wp\/v2\/product_tag?post=14412"}],"curies":[{"name":"wp","href":"https:\/\/api.w.org\/{rel}","templated":true}]}}