{"id":14534,"date":"2025-06-29T04:09:24","date_gmt":"2025-06-29T02:09:24","guid":{"rendered":"https:\/\/kparts-watersports.com\/produit\/configurador-pack-completo-efoil-diy\/"},"modified":"2026-04-23T13:17:14","modified_gmt":"2026-04-23T11:17:14","slug":"configurador-pack-completo-efoil-diy","status":"publish","type":"product","link":"https:\/\/kparts-watersports.com\/es\/produit\/configurador-pack-completo-efoil-diy\/","title":{"rendered":"Configurador &#8211; Pack completo Efoil DIY"},"content":{"rendered":"<p><strong>[Reposici\u00f3n prevista a finales de abril para las palas de aluminio]<\/strong><\/p>\n<p>Este configurador te permite seleccionar un pack con todos los accesorios que necesitas.<\/p>\n<p>\u2022 Medio Pod V2 con correa + torniller\u00eda de acero inoxidable A4<\/p>\n<p>\u2022 H\u00e9lice de 3 palas + torniller\u00eda de acero inoxidable A4<\/p>\n<p>\u2022 Gu\u00eda de cable &#8211; Borde de fuga<\/p>\n<p>\u2022 Gu\u00eda de cable &#8211; Ra\u00edles US + T-nuts de bloqueo + torniller\u00eda<\/p>\n<p>Este KIT est\u00e1 dise\u00f1ado \u00fanicamente para motores de 63 mm.<\/p>\n<p><u data-redactor-tag=\"u\">Consulta las fichas de producto de cada elemento para la descripci\u00f3n detallada.<\/u><\/p>\n<p>Todas estas piezas est\u00e1n fabricadas mediante impresi\u00f3n 3D en nuestro taller en Francia, en pol\u00edmeros de alto rendimiento reforzados con fibras de carbono.<\/p>\n<p><u data-redactor-tag=\"u\"><strong data-redactor-tag=\"strong\">CR\u00c9DITOS por el dise\u00f1o original del POD: Mark DUYVESTEYN<\/strong><\/u><\/p>\n","protected":false},"excerpt":{"rendered":"<p>[Reposici\u00f3n prevista a finales de abril para las palas de aluminio] Este configurador te permite seleccionar un pack con todos los accesorios que necesitas. \u2022 Medio Pod V2 con correa + torniller\u00eda de acero inoxidable A4 \u2022 H\u00e9lice de 3 palas + torniller\u00eda de acero inoxidable A4 \u2022 Gu\u00eda de cable &#8211; Borde de fuga \u2022 Gu\u00eda de cable &#8211; Ra\u00edles US + T-nuts de bloqueo + torniller\u00eda Este KIT est\u00e1 dise\u00f1ado \u00fanicamente para motores de 63 mm. Consulta las fichas de producto de cada elemento para la descripci\u00f3n detallada. Todas estas piezas est\u00e1n fabricadas mediante impresi\u00f3n 3D en nuestro taller en Francia, en pol\u00edmeros de alto rendimiento reforzados con fibras de carbono. CR\u00c9DITOS por el dise\u00f1o original del POD: Mark DUYVESTEYN<\/p>\n","protected":false},"featured_media":14536,"comment_status":"open","ping_status":"closed","template":"","meta":{"site-sidebar-layout":"default","site-content-layout":"","ast-site-content-layout":"default","site-content-style":"default","site-sidebar-style":"default","ast-global-header-display":"","ast-banner-title-visibility":"","ast-main-header-display":"","ast-hfb-above-header-display":"","ast-hfb-below-header-display":"","ast-hfb-mobile-header-display":"","site-post-title":"","ast-breadcrumbs-content":"","ast-featured-img":"","footer-sml-layout":"","ast-disable-related-posts":"","theme-transparent-header-meta":"default","adv-header-id-meta":"","stick-header-meta":"","header-above-stick-meta":"","header-main-stick-meta":"","header-below-stick-meta":"","astra-migrate-meta-layouts":"default","ast-page-background-enabled":"default","ast-page-background-meta":{"desktop":{"background-color":"var(--ast-global-color-4)","background-image":"","background-repeat":"repeat","background-position":"center center","background-size":"auto","background-attachment":"scroll","background-type":"","background-media":"","overlay-type":"","overlay-color":"","overlay-opacity":"","overlay-gradient":""},"tablet":{"background-color":"","background-image":"","background-repeat":"repeat","background-position":"center center","background-size":"auto","background-attachment":"scroll","background-type":"","background-media":"","overlay-type":"","overlay-color":"","overlay-opacity":"","overlay-gradient":""},"mobile":{"background-color":"","background-image":"","background-repeat":"repeat","background-position":"center center","background-size":"auto","background-attachment":"scroll","background-type":"","background-media":"","overlay-type":"","overlay-color":"","overlay-opacity":"","overlay-gradient":""}},"ast-content-background-meta":{"desktop":{"background-color":"var(--ast-global-color-5)","background-image":"","background-repeat":"repeat","background-position":"center center","background-size":"auto","background-attachment":"scroll","background-type":"","background-media":"","overlay-type":"","overlay-color":"","overlay-opacity":"","overlay-gradient":""},"tablet":{"background-color":"var(--ast-global-color-5)","background-image":"","background-repeat":"repeat","background-position":"center center","background-size":"auto","background-attachment":"scroll","background-type":"","background-media":"","overlay-type":"","overlay-color":"","overlay-opacity":"","overlay-gradient":""},"mobile":{"background-color":"var(--ast-global-color-5)","background-image":"","background-repeat":"repeat","background-position":"center center","background-size":"auto","background-attachment":"scroll","background-type":"","background-media":"","overlay-type":"","overlay-color":"","overlay-opacity":"","overlay-gradient":""}}},"product_brand":[],"product_cat":[232,237],"product_tag":[],"class_list":{"0":"post-14534","1":"product","2":"type-product","3":"status-publish","4":"has-post-thumbnail","6":"product_cat-accesorios-y-pod-e-foil","7":"product_cat-foil-assist-es","8":"desktop-align-center","9":"tablet-align-left","10":"mobile-align-left","11":"tm-has-options","13":"first","14":"instock","15":"taxable","16":"shipping-taxable","17":"purchasable","18":"product-type-variable"},"yoast_head":"<!-- This site is optimized with the Yoast SEO plugin v27.3 - https:\/\/yoast.com\/product\/yoast-seo-wordpress\/ -->\n<title>Configurador - Pack completo Efoil DIY - KPARTS WATERSPORTS<\/title>\n<meta name=\"robots\" content=\"index, follow, max-snippet:-1, max-image-preview:large, max-video-preview:-1\" \/>\n<link rel=\"canonical\" href=\"https:\/\/kparts-watersports.com\/es\/produit\/configurador-pack-completo-efoil-diy\/\" \/>\n<meta property=\"og:locale\" content=\"es_ES\" \/>\n<meta property=\"og:type\" content=\"article\" \/>\n<meta property=\"og:title\" content=\"Configurador - Pack completo Efoil DIY - KPARTS WATERSPORTS\" \/>\n<meta property=\"og:description\" content=\"[Reposici\u00f3n prevista a finales de abril para las palas de aluminio] Este configurador te permite seleccionar un pack con todos los accesorios que necesitas. \u2022 Medio Pod V2 con correa + torniller\u00eda de acero inoxidable A4 \u2022 H\u00e9lice de 3 palas + torniller\u00eda de acero inoxidable A4 \u2022 Gu\u00eda de cable &#8211; Borde de fuga \u2022 Gu\u00eda de cable &#8211; Ra\u00edles US + T-nuts de bloqueo + torniller\u00eda Este KIT est\u00e1 dise\u00f1ado \u00fanicamente para motores de 63 mm. Consulta las fichas de producto de cada elemento para la descripci\u00f3n detallada. Todas estas piezas est\u00e1n fabricadas mediante impresi\u00f3n 3D en nuestro taller en Francia, en pol\u00edmeros de alto rendimiento reforzados con fibras de carbono. CR\u00c9DITOS por el dise\u00f1o original del POD: Mark DUYVESTEYN\" \/>\n<meta property=\"og:url\" content=\"https:\/\/kparts-watersports.com\/es\/produit\/configurador-pack-completo-efoil-diy\/\" \/>\n<meta property=\"og:site_name\" content=\"KPARTS WATERSPORTS\" \/>\n<meta property=\"article:publisher\" content=\"https:\/\/www.facebook.com\/people\/AP-3D-Custom\/100076804732870\/\" \/>\n<meta property=\"article:modified_time\" content=\"2026-04-23T11:17:14+00:00\" \/>\n<meta property=\"og:image\" content=\"https:\/\/kparts-watersports.com\/wp-content\/uploads\/2025\/06\/Configurateur-Pack-complet-Efoil-DIY.webp\" \/>\n\t<meta property=\"og:image:width\" content=\"1500\" \/>\n\t<meta property=\"og:image:height\" content=\"1500\" \/>\n\t<meta property=\"og:image:type\" content=\"image\/webp\" \/>\n<meta name=\"twitter:card\" content=\"summary_large_image\" \/>\n<meta name=\"twitter:label1\" content=\"Tiempo de lectura\" \/>\n\t<meta name=\"twitter:data1\" content=\"1 minute\" \/>\n<script type=\"application\/ld+json\" class=\"yoast-schema-graph\">{\"@context\":\"https:\\\/\\\/schema.org\",\"@graph\":[{\"@type\":\"WebPage\",\"@id\":\"https:\\\/\\\/kparts-watersports.com\\\/es\\\/produit\\\/configurador-pack-completo-efoil-diy\\\/\",\"url\":\"https:\\\/\\\/kparts-watersports.com\\\/es\\\/produit\\\/configurador-pack-completo-efoil-diy\\\/\",\"name\":\"Configurador - Pack completo Efoil DIY - KPARTS WATERSPORTS\",\"isPartOf\":{\"@id\":\"https:\\\/\\\/blanchedalmond-oryx-541128.hostingersite.com\\\/#website\"},\"primaryImageOfPage\":{\"@id\":\"https:\\\/\\\/kparts-watersports.com\\\/es\\\/produit\\\/configurador-pack-completo-efoil-diy\\\/#primaryimage\"},\"image\":{\"@id\":\"https:\\\/\\\/kparts-watersports.com\\\/es\\\/produit\\\/configurador-pack-completo-efoil-diy\\\/#primaryimage\"},\"thumbnailUrl\":\"https:\\\/\\\/kparts-watersports.com\\\/wp-content\\\/uploads\\\/2025\\\/06\\\/Configurateur-Pack-complet-Efoil-DIY.webp\",\"datePublished\":\"2025-06-29T02:09:24+00:00\",\"dateModified\":\"2026-04-23T11:17:14+00:00\",\"breadcrumb\":{\"@id\":\"https:\\\/\\\/kparts-watersports.com\\\/es\\\/produit\\\/configurador-pack-completo-efoil-diy\\\/#breadcrumb\"},\"inLanguage\":\"es-ES\",\"potentialAction\":[{\"@type\":\"ReadAction\",\"target\":[\"https:\\\/\\\/kparts-watersports.com\\\/es\\\/produit\\\/configurador-pack-completo-efoil-diy\\\/\"]}]},{\"@type\":\"ImageObject\",\"inLanguage\":\"es-ES\",\"@id\":\"https:\\\/\\\/kparts-watersports.com\\\/es\\\/produit\\\/configurador-pack-completo-efoil-diy\\\/#primaryimage\",\"url\":\"https:\\\/\\\/kparts-watersports.com\\\/wp-content\\\/uploads\\\/2025\\\/06\\\/Configurateur-Pack-complet-Efoil-DIY.webp\",\"contentUrl\":\"https:\\\/\\\/kparts-watersports.com\\\/wp-content\\\/uploads\\\/2025\\\/06\\\/Configurateur-Pack-complet-Efoil-DIY.webp\",\"width\":1500,\"height\":1500,\"caption\":\"Configurateur - Pack complet Efoil DIY\"},{\"@type\":\"BreadcrumbList\",\"@id\":\"https:\\\/\\\/kparts-watersports.com\\\/es\\\/produit\\\/configurador-pack-completo-efoil-diy\\\/#breadcrumb\",\"itemListElement\":[{\"@type\":\"ListItem\",\"position\":1,\"name\":\"Accueil\",\"item\":\"https:\\\/\\\/kparts-watersports.com\\\/es\\\/inicio\\\/\"},{\"@type\":\"ListItem\",\"position\":2,\"name\":\"Tienda\",\"item\":\"https:\\\/\\\/kparts-watersports.com\\\/es\\\/tienda\\\/\"},{\"@type\":\"ListItem\",\"position\":3,\"name\":\"Configurador &#8211; Pack completo Efoil DIY\"}]},{\"@type\":\"WebSite\",\"@id\":\"https:\\\/\\\/blanchedalmond-oryx-541128.hostingersite.com\\\/#website\",\"url\":\"https:\\\/\\\/blanchedalmond-oryx-541128.hostingersite.com\\\/\",\"name\":\"KPARTS WATERSPORTS\",\"description\":\"Accessoires custom pour sports nautiques\",\"publisher\":{\"@id\":\"https:\\\/\\\/blanchedalmond-oryx-541128.hostingersite.com\\\/#organization\"},\"potentialAction\":[{\"@type\":\"SearchAction\",\"target\":{\"@type\":\"EntryPoint\",\"urlTemplate\":\"https:\\\/\\\/blanchedalmond-oryx-541128.hostingersite.com\\\/?s={search_term_string}\"},\"query-input\":{\"@type\":\"PropertyValueSpecification\",\"valueRequired\":true,\"valueName\":\"search_term_string\"}}],\"inLanguage\":\"es-ES\"},{\"@type\":\"Organization\",\"@id\":\"https:\\\/\\\/blanchedalmond-oryx-541128.hostingersite.com\\\/#organization\",\"name\":\"KPARTS WATERSPORTS\",\"url\":\"https:\\\/\\\/blanchedalmond-oryx-541128.hostingersite.com\\\/\",\"logo\":{\"@type\":\"ImageObject\",\"inLanguage\":\"es-ES\",\"@id\":\"https:\\\/\\\/blanchedalmond-oryx-541128.hostingersite.com\\\/#\\\/schema\\\/logo\\\/image\\\/\",\"url\":\"https:\\\/\\\/kparts-watersports.ovh\\\/wp-content\\\/uploads\\\/2024\\\/09\\\/Kparts-Logo-Favicon.jpg\",\"contentUrl\":\"https:\\\/\\\/kparts-watersports.ovh\\\/wp-content\\\/uploads\\\/2024\\\/09\\\/Kparts-Logo-Favicon.jpg\",\"width\":600,\"height\":600,\"caption\":\"KPARTS WATERSPORTS\"},\"image\":{\"@id\":\"https:\\\/\\\/blanchedalmond-oryx-541128.hostingersite.com\\\/#\\\/schema\\\/logo\\\/image\\\/\"},\"sameAs\":[\"https:\\\/\\\/www.facebook.com\\\/people\\\/AP-3D-Custom\\\/100076804732870\\\/\",\"https:\\\/\\\/www.instagram.com\\\/ap3dcustom\\\/\"]}]}<\/script>\n<!-- \/ Yoast SEO plugin. -->","yoast_head_json":{"title":"Configurador - Pack completo Efoil DIY - KPARTS WATERSPORTS","robots":{"index":"index","follow":"follow","max-snippet":"max-snippet:-1","max-image-preview":"max-image-preview:large","max-video-preview":"max-video-preview:-1"},"canonical":"https:\/\/kparts-watersports.com\/es\/produit\/configurador-pack-completo-efoil-diy\/","og_locale":"es_ES","og_type":"article","og_title":"Configurador - Pack completo Efoil DIY - KPARTS WATERSPORTS","og_description":"[Reposici\u00f3n prevista a finales de abril para las palas de aluminio] Este configurador te permite seleccionar un pack con todos los accesorios que necesitas. \u2022 Medio Pod V2 con correa + torniller\u00eda de acero inoxidable A4 \u2022 H\u00e9lice de 3 palas + torniller\u00eda de acero inoxidable A4 \u2022 Gu\u00eda de cable &#8211; Borde de fuga \u2022 Gu\u00eda de cable &#8211; Ra\u00edles US + T-nuts de bloqueo + torniller\u00eda Este KIT est\u00e1 dise\u00f1ado \u00fanicamente para motores de 63 mm. Consulta las fichas de producto de cada elemento para la descripci\u00f3n detallada. Todas estas piezas est\u00e1n fabricadas mediante impresi\u00f3n 3D en nuestro taller en Francia, en pol\u00edmeros de alto rendimiento reforzados con fibras de carbono. CR\u00c9DITOS por el dise\u00f1o original del POD: Mark DUYVESTEYN","og_url":"https:\/\/kparts-watersports.com\/es\/produit\/configurador-pack-completo-efoil-diy\/","og_site_name":"KPARTS WATERSPORTS","article_publisher":"https:\/\/www.facebook.com\/people\/AP-3D-Custom\/100076804732870\/","article_modified_time":"2026-04-23T11:17:14+00:00","og_image":[{"width":1500,"height":1500,"url":"https:\/\/kparts-watersports.com\/wp-content\/uploads\/2025\/06\/Configurateur-Pack-complet-Efoil-DIY.webp","type":"image\/webp"}],"twitter_card":"summary_large_image","twitter_misc":{"Tiempo de lectura":"1 minute"},"schema":{"@context":"https:\/\/schema.org","@graph":[{"@type":"WebPage","@id":"https:\/\/kparts-watersports.com\/es\/produit\/configurador-pack-completo-efoil-diy\/","url":"https:\/\/kparts-watersports.com\/es\/produit\/configurador-pack-completo-efoil-diy\/","name":"Configurador - Pack completo Efoil DIY - KPARTS WATERSPORTS","isPartOf":{"@id":"https:\/\/blanchedalmond-oryx-541128.hostingersite.com\/#website"},"primaryImageOfPage":{"@id":"https:\/\/kparts-watersports.com\/es\/produit\/configurador-pack-completo-efoil-diy\/#primaryimage"},"image":{"@id":"https:\/\/kparts-watersports.com\/es\/produit\/configurador-pack-completo-efoil-diy\/#primaryimage"},"thumbnailUrl":"https:\/\/kparts-watersports.com\/wp-content\/uploads\/2025\/06\/Configurateur-Pack-complet-Efoil-DIY.webp","datePublished":"2025-06-29T02:09:24+00:00","dateModified":"2026-04-23T11:17:14+00:00","breadcrumb":{"@id":"https:\/\/kparts-watersports.com\/es\/produit\/configurador-pack-completo-efoil-diy\/#breadcrumb"},"inLanguage":"es-ES","potentialAction":[{"@type":"ReadAction","target":["https:\/\/kparts-watersports.com\/es\/produit\/configurador-pack-completo-efoil-diy\/"]}]},{"@type":"ImageObject","inLanguage":"es-ES","@id":"https:\/\/kparts-watersports.com\/es\/produit\/configurador-pack-completo-efoil-diy\/#primaryimage","url":"https:\/\/kparts-watersports.com\/wp-content\/uploads\/2025\/06\/Configurateur-Pack-complet-Efoil-DIY.webp","contentUrl":"https:\/\/kparts-watersports.com\/wp-content\/uploads\/2025\/06\/Configurateur-Pack-complet-Efoil-DIY.webp","width":1500,"height":1500,"caption":"Configurateur - Pack complet Efoil DIY"},{"@type":"BreadcrumbList","@id":"https:\/\/kparts-watersports.com\/es\/produit\/configurador-pack-completo-efoil-diy\/#breadcrumb","itemListElement":[{"@type":"ListItem","position":1,"name":"Accueil","item":"https:\/\/kparts-watersports.com\/es\/inicio\/"},{"@type":"ListItem","position":2,"name":"Tienda","item":"https:\/\/kparts-watersports.com\/es\/tienda\/"},{"@type":"ListItem","position":3,"name":"Configurador &#8211; Pack completo Efoil DIY"}]},{"@type":"WebSite","@id":"https:\/\/blanchedalmond-oryx-541128.hostingersite.com\/#website","url":"https:\/\/blanchedalmond-oryx-541128.hostingersite.com\/","name":"KPARTS WATERSPORTS","description":"Accessoires custom pour sports nautiques","publisher":{"@id":"https:\/\/blanchedalmond-oryx-541128.hostingersite.com\/#organization"},"potentialAction":[{"@type":"SearchAction","target":{"@type":"EntryPoint","urlTemplate":"https:\/\/blanchedalmond-oryx-541128.hostingersite.com\/?s={search_term_string}"},"query-input":{"@type":"PropertyValueSpecification","valueRequired":true,"valueName":"search_term_string"}}],"inLanguage":"es-ES"},{"@type":"Organization","@id":"https:\/\/blanchedalmond-oryx-541128.hostingersite.com\/#organization","name":"KPARTS WATERSPORTS","url":"https:\/\/blanchedalmond-oryx-541128.hostingersite.com\/","logo":{"@type":"ImageObject","inLanguage":"es-ES","@id":"https:\/\/blanchedalmond-oryx-541128.hostingersite.com\/#\/schema\/logo\/image\/","url":"https:\/\/kparts-watersports.ovh\/wp-content\/uploads\/2024\/09\/Kparts-Logo-Favicon.jpg","contentUrl":"https:\/\/kparts-watersports.ovh\/wp-content\/uploads\/2024\/09\/Kparts-Logo-Favicon.jpg","width":600,"height":600,"caption":"KPARTS WATERSPORTS"},"image":{"@id":"https:\/\/blanchedalmond-oryx-541128.hostingersite.com\/#\/schema\/logo\/image\/"},"sameAs":["https:\/\/www.facebook.com\/people\/AP-3D-Custom\/100076804732870\/","https:\/\/www.instagram.com\/ap3dcustom\/"]}]}},"jetpack_sharing_enabled":true,"_links":{"self":[{"href":"https:\/\/kparts-watersports.com\/es\/wp-json\/wp\/v2\/product\/14534","targetHints":{"allow":["GET"]}}],"collection":[{"href":"https:\/\/kparts-watersports.com\/es\/wp-json\/wp\/v2\/product"}],"about":[{"href":"https:\/\/kparts-watersports.com\/es\/wp-json\/wp\/v2\/types\/product"}],"replies":[{"embeddable":true,"href":"https:\/\/kparts-watersports.com\/es\/wp-json\/wp\/v2\/comments?post=14534"}],"wp:featuredmedia":[{"embeddable":true,"href":"https:\/\/kparts-watersports.com\/es\/wp-json\/wp\/v2\/media\/14536"}],"wp:attachment":[{"href":"https:\/\/kparts-watersports.com\/es\/wp-json\/wp\/v2\/media?parent=14534"}],"wp:term":[{"taxonomy":"product_brand","embeddable":true,"href":"https:\/\/kparts-watersports.com\/es\/wp-json\/wp\/v2\/product_brand?post=14534"},{"taxonomy":"product_cat","embeddable":true,"href":"https:\/\/kparts-watersports.com\/es\/wp-json\/wp\/v2\/product_cat?post=14534"},{"taxonomy":"product_tag","embeddable":true,"href":"https:\/\/kparts-watersports.com\/es\/wp-json\/wp\/v2\/product_tag?post=14534"}],"curies":[{"name":"wp","href":"https:\/\/api.w.org\/{rel}","templated":true}]}}