{"id":14550,"date":"2025-06-29T04:37:06","date_gmt":"2025-06-29T02:37:06","guid":{"rendered":"https:\/\/kparts-watersports.com\/produit\/pod-v2-soporte-de-motor-foil-assist\/"},"modified":"2026-04-23T14:12:05","modified_gmt":"2026-04-23T12:12:05","slug":"pod-v2-soporte-de-motor-foil-assist","status":"publish","type":"product","link":"https:\/\/kparts-watersports.com\/es\/produit\/pod-v2-soporte-de-motor-foil-assist\/","title":{"rendered":"POD V2 &#8211; Soporte de motor &#8211; Foil Assist"},"content":{"rendered":"<p data-start=\"147\" data-end=\"188\">\ud83c\udf00 Medio POD ergon\u00f3mico y pr\u00e1ctico<\/p>\n<p data-start=\"190\" data-end=\"363\">Este POD es en realidad un medio POD, m\u00e1s ergon\u00f3mico y pr\u00e1ctico que un POD est\u00e1ndar.<br data-start=\"277\" data-end=\"280\">Genera menos resistencia y la fijaci\u00f3n al m\u00e1stil se realiza sin ning\u00fan tornillo.<\/p>\n<hr data-start=\"365\" data-end=\"368\">\n<p data-start=\"370\" data-end=\"408\">\u23f1\ufe0f Fijaci\u00f3n r\u00e1pida \u2013 sin herramientas<\/p>\n<p data-start=\"410\" data-end=\"531\">El sistema de fijaci\u00f3n se realiza mediante una correa el\u00e1stica que se instala en menos de 30 segundos y sin herramientas.<\/p>\n<hr data-start=\"533\" data-end=\"536\">\n<p data-start=\"538\" data-end=\"580\">\ud83c\udd95 Versi\u00f3n V2 \u2013 Nuevo dise\u00f1o<\/p>\n<p data-start=\"582\" data-end=\"625\">La versi\u00f3n V2 aporta una novedad:<\/p>\n<ul data-start=\"626\" data-end=\"716\">\n<li data-start=\"626\" data-end=\"669\">\n<p data-start=\"628\" data-end=\"669\"><strong data-start=\"628\" data-end=\"667\">1 carcasa externa r\u00edgida, universal<\/strong><\/p>\n<\/li>\n<li data-start=\"670\" data-end=\"716\">\n<p data-start=\"672\" data-end=\"716\"><strong data-start=\"672\" data-end=\"716\">1 adaptador interno de pl\u00e1stico flexible<\/strong><\/p>\n<\/li>\n<\/ul>\n<p data-start=\"718\" data-end=\"813\">\ud83d\udc49 Esta combinaci\u00f3n proporciona un mejor agarre y deja menos marcas en tu m\u00e1stil.<\/p>\n<hr data-start=\"815\" data-end=\"818\">\n<p data-start=\"820\" data-end=\"848\">\ud83d\udd27 Accesorios incluidos<\/p>\n<ul data-start=\"850\" data-end=\"901\">\n<li data-start=\"850\" data-end=\"870\">\n<p data-start=\"852\" data-end=\"870\">Torniller\u00eda incluida<\/p>\n<\/li>\n<li data-start=\"871\" data-end=\"901\">\n<p data-start=\"873\" data-end=\"901\">Llave Allen de 3 mm incluida<\/p>\n<\/li>\n<\/ul>\n<hr data-start=\"903\" data-end=\"906\">\n<p data-start=\"908\" data-end=\"936\">\ud83e\udde9 Compatibilidad de m\u00e1stiles<\/p>\n<p data-start=\"938\" data-end=\"1054\">Compatible con una gran variedad de m\u00e1stiles.<br data-start=\"976\" data-end=\"979\">\ud83d\udc49 Elige el modelo de POD en funci\u00f3n del grosor de tu m\u00e1stil.<\/p>\n<hr data-start=\"1056\" data-end=\"1059\">\n<p data-start=\"1061\" data-end=\"1102\">\u2699\ufe0f Compatibilidad con motores (\u00d8 63 mm)<\/p>\n<ul data-start=\"1104\" data-end=\"1433\">\n<li data-start=\"1104\" data-end=\"1235\">\n<p data-start=\"1106\" data-end=\"1235\">\u2714\ufe0f Compatible con motores de 63 mm tipo SAITE, MAYTECH.<br data-start=\"1172\" data-end=\"1175\">Por favor, verifica las dimensiones y la distancia entre ejes de fijaci\u00f3n.<\/p>\n<\/li>\n<li data-start=\"1237\" data-end=\"1362\">\n<p data-start=\"1239\" data-end=\"1362\">\u2714\ufe0f Compatible con FOIL DRIVE V1 (cable fijo)<br data-start=\"1283\" data-end=\"1286\">\u26a0\ufe0f Requiere retirar el puck original y la funda termorretr\u00e1ctil.<\/p>\n<\/li>\n<li data-start=\"1364\" data-end=\"1433\">\n<p data-start=\"1366\" data-end=\"1433\">\ud83c\udd95 Compatible con FOIL DRIVE V2 (cable desmontable) \u2013 Novedad 2026<\/p>\n<\/li>\n<\/ul>\n<hr data-start=\"1435\" data-end=\"1438\">\n<p data-start=\"1440\" data-end=\"1473\"><strong data-start=\"1448\" data-end=\"1473\">\ud83c\uddeb\ud83c\uddf7 Fabricaci\u00f3n francesa<br \/><\/strong><\/p>\n<p data-start=\"1475\" data-end=\"1609\">Piezas fabricadas mediante impresi\u00f3n 3D en nuestro taller en Francia, en PCTG-CF (pol\u00edmero de alto rendimiento reforzado con fibra de carbono).<\/p>\n<hr data-start=\"1611\" data-end=\"1614\">\n<p data-start=\"1616\" data-end=\"1633\">\ud83d\ude4f Cr\u00e9ditos<\/p>\n<p data-start=\"1635\" data-end=\"1676\">Dise\u00f1o original del POD: <strong data-start=\"1657\" data-end=\"1676\">Mark DUYVESTEYN<\/strong><\/p>\n","protected":false},"excerpt":{"rendered":"<p>\ud83c\udf00 Medio POD ergon\u00f3mico y pr\u00e1ctico Este POD es en realidad un medio POD, m\u00e1s ergon\u00f3mico y pr\u00e1ctico que un POD est\u00e1ndar.Genera menos resistencia y la fijaci\u00f3n al m\u00e1stil se realiza sin ning\u00fan tornillo. \u23f1\ufe0f Fijaci\u00f3n r\u00e1pida \u2013 sin herramientas El sistema de fijaci\u00f3n se realiza mediante una correa el\u00e1stica que se instala en menos de 30 segundos y sin herramientas. \ud83c\udd95 Versi\u00f3n V2 \u2013 Nuevo dise\u00f1o La versi\u00f3n V2 aporta una novedad: 1 carcasa externa r\u00edgida, universal 1 adaptador interno de pl\u00e1stico flexible \ud83d\udc49 Esta combinaci\u00f3n proporciona un mejor agarre y deja menos marcas en tu m\u00e1stil. \ud83d\udd27 Accesorios incluidos Torniller\u00eda incluida Llave Allen de 3 mm incluida \ud83e\udde9 Compatibilidad de m\u00e1stiles Compatible con una gran variedad de m\u00e1stiles.\ud83d\udc49 Elige el modelo de POD en funci\u00f3n del grosor de tu m\u00e1stil. \u2699\ufe0f Compatibilidad con motores (\u00d8 63 mm) \u2714\ufe0f Compatible con motores de 63 mm tipo SAITE, MAYTECH.Por favor, verifica las dimensiones y la distancia entre ejes de fijaci\u00f3n. \u2714\ufe0f Compatible con FOIL DRIVE V1 (cable fijo)\u26a0\ufe0f Requiere retirar el puck original y la funda termorretr\u00e1ctil. \ud83c\udd95 Compatible con FOIL DRIVE V2 (cable desmontable) \u2013 Novedad 2026 \ud83c\uddeb\ud83c\uddf7 Fabricaci\u00f3n francesa Piezas fabricadas mediante impresi\u00f3n 3D en nuestro taller en Francia, en PCTG-CF (pol\u00edmero de alto rendimiento reforzado con fibra de carbono). \ud83d\ude4f Cr\u00e9ditos Dise\u00f1o original del POD: Mark DUYVESTEYN<\/p>\n","protected":false},"featured_media":14559,"comment_status":"open","ping_status":"closed","template":"","meta":{"site-sidebar-layout":"default","site-content-layout":"","ast-site-content-layout":"default","site-content-style":"default","site-sidebar-style":"default","ast-global-header-display":"","ast-banner-title-visibility":"","ast-main-header-display":"","ast-hfb-above-header-display":"","ast-hfb-below-header-display":"","ast-hfb-mobile-header-display":"","site-post-title":"","ast-breadcrumbs-content":"","ast-featured-img":"","footer-sml-layout":"","ast-disable-related-posts":"","theme-transparent-header-meta":"default","adv-header-id-meta":"","stick-header-meta":"","header-above-stick-meta":"","header-main-stick-meta":"","header-below-stick-meta":"","astra-migrate-meta-layouts":"default","ast-page-background-enabled":"default","ast-page-background-meta":{"desktop":{"background-color":"var(--ast-global-color-4)","background-image":"","background-repeat":"repeat","background-position":"center center","background-size":"auto","background-attachment":"scroll","background-type":"","background-media":"","overlay-type":"","overlay-color":"","overlay-opacity":"","overlay-gradient":""},"tablet":{"background-color":"","background-image":"","background-repeat":"repeat","background-position":"center center","background-size":"auto","background-attachment":"scroll","background-type":"","background-media":"","overlay-type":"","overlay-color":"","overlay-opacity":"","overlay-gradient":""},"mobile":{"background-color":"","background-image":"","background-repeat":"repeat","background-position":"center center","background-size":"auto","background-attachment":"scroll","background-type":"","background-media":"","overlay-type":"","overlay-color":"","overlay-opacity":"","overlay-gradient":""}},"ast-content-background-meta":{"desktop":{"background-color":"var(--ast-global-color-5)","background-image":"","background-repeat":"repeat","background-position":"center center","background-size":"auto","background-attachment":"scroll","background-type":"","background-media":"","overlay-type":"","overlay-color":"","overlay-opacity":"","overlay-gradient":""},"tablet":{"background-color":"var(--ast-global-color-5)","background-image":"","background-repeat":"repeat","background-position":"center center","background-size":"auto","background-attachment":"scroll","background-type":"","background-media":"","overlay-type":"","overlay-color":"","overlay-opacity":"","overlay-gradient":""},"mobile":{"background-color":"var(--ast-global-color-5)","background-image":"","background-repeat":"repeat","background-position":"center center","background-size":"auto","background-attachment":"scroll","background-type":"","background-media":"","overlay-type":"","overlay-color":"","overlay-opacity":"","overlay-gradient":""}}},"product_brand":[],"product_cat":[232,237],"product_tag":[],"class_list":{"0":"post-14550","1":"product","2":"type-product","3":"status-publish","4":"has-post-thumbnail","6":"product_cat-accesorios-y-pod-e-foil","7":"product_cat-foil-assist-es","8":"desktop-align-center","9":"tablet-align-left","10":"mobile-align-left","11":"tm-has-options","13":"first","14":"instock","15":"taxable","16":"shipping-taxable","17":"purchasable","18":"product-type-variable","19":"has-default-attributes"},"yoast_head":"<!-- This site is optimized with the Yoast SEO plugin v27.3 - https:\/\/yoast.com\/product\/yoast-seo-wordpress\/ -->\n<title>POD V2 - Soporte de motor - Foil Assist - KPARTS WATERSPORTS<\/title>\n<meta name=\"robots\" content=\"index, follow, max-snippet:-1, max-image-preview:large, max-video-preview:-1\" \/>\n<link rel=\"canonical\" href=\"https:\/\/kparts-watersports.com\/es\/produit\/pod-v2-soporte-de-motor-foil-assist\/\" \/>\n<meta property=\"og:locale\" content=\"es_ES\" \/>\n<meta property=\"og:type\" content=\"article\" \/>\n<meta property=\"og:title\" content=\"POD V2 - Soporte de motor - Foil Assist - KPARTS WATERSPORTS\" \/>\n<meta property=\"og:description\" content=\"\ud83c\udf00 Medio POD ergon\u00f3mico y pr\u00e1ctico Este POD es en realidad un medio POD, m\u00e1s ergon\u00f3mico y pr\u00e1ctico que un POD est\u00e1ndar.Genera menos resistencia y la fijaci\u00f3n al m\u00e1stil se realiza sin ning\u00fan tornillo. \u23f1\ufe0f Fijaci\u00f3n r\u00e1pida \u2013 sin herramientas El sistema de fijaci\u00f3n se realiza mediante una correa el\u00e1stica que se instala en menos de 30 segundos y sin herramientas. \ud83c\udd95 Versi\u00f3n V2 \u2013 Nuevo dise\u00f1o La versi\u00f3n V2 aporta una novedad: 1 carcasa externa r\u00edgida, universal 1 adaptador interno de pl\u00e1stico flexible \ud83d\udc49 Esta combinaci\u00f3n proporciona un mejor agarre y deja menos marcas en tu m\u00e1stil. \ud83d\udd27 Accesorios incluidos Torniller\u00eda incluida Llave Allen de 3 mm incluida \ud83e\udde9 Compatibilidad de m\u00e1stiles Compatible con una gran variedad de m\u00e1stiles.\ud83d\udc49 Elige el modelo de POD en funci\u00f3n del grosor de tu m\u00e1stil. \u2699\ufe0f Compatibilidad con motores (\u00d8 63 mm) \u2714\ufe0f Compatible con motores de 63 mm tipo SAITE, MAYTECH.Por favor, verifica las dimensiones y la distancia entre ejes de fijaci\u00f3n. \u2714\ufe0f Compatible con FOIL DRIVE V1 (cable fijo)\u26a0\ufe0f Requiere retirar el puck original y la funda termorretr\u00e1ctil. \ud83c\udd95 Compatible con FOIL DRIVE V2 (cable desmontable) \u2013 Novedad 2026 \ud83c\uddeb\ud83c\uddf7 Fabricaci\u00f3n francesa Piezas fabricadas mediante impresi\u00f3n 3D en nuestro taller en Francia, en PCTG-CF (pol\u00edmero de alto rendimiento reforzado con fibra de carbono). \ud83d\ude4f Cr\u00e9ditos Dise\u00f1o original del POD: Mark DUYVESTEYN\" \/>\n<meta property=\"og:url\" content=\"https:\/\/kparts-watersports.com\/es\/produit\/pod-v2-soporte-de-motor-foil-assist\/\" \/>\n<meta property=\"og:site_name\" content=\"KPARTS WATERSPORTS\" \/>\n<meta property=\"article:publisher\" content=\"https:\/\/www.facebook.com\/people\/AP-3D-Custom\/100076804732870\/\" \/>\n<meta property=\"article:modified_time\" content=\"2026-04-23T12:12:05+00:00\" \/>\n<meta property=\"og:image\" content=\"https:\/\/kparts-watersports.com\/wp-content\/uploads\/2025\/06\/POD-V2-Support-Moteur-Efoil-DIY.webp\" \/>\n\t<meta property=\"og:image:width\" content=\"1500\" \/>\n\t<meta property=\"og:image:height\" content=\"1500\" \/>\n\t<meta property=\"og:image:type\" content=\"image\/webp\" \/>\n<meta name=\"twitter:card\" content=\"summary_large_image\" \/>\n<meta name=\"twitter:label1\" content=\"Tiempo de lectura\" \/>\n\t<meta name=\"twitter:data1\" content=\"1 minute\" \/>\n<script type=\"application\/ld+json\" class=\"yoast-schema-graph\">{\"@context\":\"https:\\\/\\\/schema.org\",\"@graph\":[{\"@type\":\"WebPage\",\"@id\":\"https:\\\/\\\/kparts-watersports.com\\\/es\\\/produit\\\/pod-v2-soporte-de-motor-foil-assist\\\/\",\"url\":\"https:\\\/\\\/kparts-watersports.com\\\/es\\\/produit\\\/pod-v2-soporte-de-motor-foil-assist\\\/\",\"name\":\"POD V2 - Soporte de motor - Foil Assist - KPARTS WATERSPORTS\",\"isPartOf\":{\"@id\":\"https:\\\/\\\/blanchedalmond-oryx-541128.hostingersite.com\\\/#website\"},\"primaryImageOfPage\":{\"@id\":\"https:\\\/\\\/kparts-watersports.com\\\/es\\\/produit\\\/pod-v2-soporte-de-motor-foil-assist\\\/#primaryimage\"},\"image\":{\"@id\":\"https:\\\/\\\/kparts-watersports.com\\\/es\\\/produit\\\/pod-v2-soporte-de-motor-foil-assist\\\/#primaryimage\"},\"thumbnailUrl\":\"https:\\\/\\\/kparts-watersports.com\\\/wp-content\\\/uploads\\\/2025\\\/06\\\/POD-V2-Support-Moteur-Efoil-DIY.webp\",\"datePublished\":\"2025-06-29T02:37:06+00:00\",\"dateModified\":\"2026-04-23T12:12:05+00:00\",\"breadcrumb\":{\"@id\":\"https:\\\/\\\/kparts-watersports.com\\\/es\\\/produit\\\/pod-v2-soporte-de-motor-foil-assist\\\/#breadcrumb\"},\"inLanguage\":\"es-ES\",\"potentialAction\":[{\"@type\":\"ReadAction\",\"target\":[\"https:\\\/\\\/kparts-watersports.com\\\/es\\\/produit\\\/pod-v2-soporte-de-motor-foil-assist\\\/\"]}]},{\"@type\":\"ImageObject\",\"inLanguage\":\"es-ES\",\"@id\":\"https:\\\/\\\/kparts-watersports.com\\\/es\\\/produit\\\/pod-v2-soporte-de-motor-foil-assist\\\/#primaryimage\",\"url\":\"https:\\\/\\\/kparts-watersports.com\\\/wp-content\\\/uploads\\\/2025\\\/06\\\/POD-V2-Support-Moteur-Efoil-DIY.webp\",\"contentUrl\":\"https:\\\/\\\/kparts-watersports.com\\\/wp-content\\\/uploads\\\/2025\\\/06\\\/POD-V2-Support-Moteur-Efoil-DIY.webp\",\"width\":1500,\"height\":1500,\"caption\":\"POD V2 - Support Moteur Efoil - DIY\"},{\"@type\":\"BreadcrumbList\",\"@id\":\"https:\\\/\\\/kparts-watersports.com\\\/es\\\/produit\\\/pod-v2-soporte-de-motor-foil-assist\\\/#breadcrumb\",\"itemListElement\":[{\"@type\":\"ListItem\",\"position\":1,\"name\":\"Accueil\",\"item\":\"https:\\\/\\\/kparts-watersports.com\\\/es\\\/inicio\\\/\"},{\"@type\":\"ListItem\",\"position\":2,\"name\":\"Tienda\",\"item\":\"https:\\\/\\\/kparts-watersports.com\\\/es\\\/tienda\\\/\"},{\"@type\":\"ListItem\",\"position\":3,\"name\":\"POD V2 &#8211; Soporte de motor &#8211; Foil Assist\"}]},{\"@type\":\"WebSite\",\"@id\":\"https:\\\/\\\/blanchedalmond-oryx-541128.hostingersite.com\\\/#website\",\"url\":\"https:\\\/\\\/blanchedalmond-oryx-541128.hostingersite.com\\\/\",\"name\":\"KPARTS WATERSPORTS\",\"description\":\"Accessoires custom pour sports nautiques\",\"publisher\":{\"@id\":\"https:\\\/\\\/blanchedalmond-oryx-541128.hostingersite.com\\\/#organization\"},\"potentialAction\":[{\"@type\":\"SearchAction\",\"target\":{\"@type\":\"EntryPoint\",\"urlTemplate\":\"https:\\\/\\\/blanchedalmond-oryx-541128.hostingersite.com\\\/?s={search_term_string}\"},\"query-input\":{\"@type\":\"PropertyValueSpecification\",\"valueRequired\":true,\"valueName\":\"search_term_string\"}}],\"inLanguage\":\"es-ES\"},{\"@type\":\"Organization\",\"@id\":\"https:\\\/\\\/blanchedalmond-oryx-541128.hostingersite.com\\\/#organization\",\"name\":\"KPARTS WATERSPORTS\",\"url\":\"https:\\\/\\\/blanchedalmond-oryx-541128.hostingersite.com\\\/\",\"logo\":{\"@type\":\"ImageObject\",\"inLanguage\":\"es-ES\",\"@id\":\"https:\\\/\\\/blanchedalmond-oryx-541128.hostingersite.com\\\/#\\\/schema\\\/logo\\\/image\\\/\",\"url\":\"https:\\\/\\\/kparts-watersports.ovh\\\/wp-content\\\/uploads\\\/2024\\\/09\\\/Kparts-Logo-Favicon.jpg\",\"contentUrl\":\"https:\\\/\\\/kparts-watersports.ovh\\\/wp-content\\\/uploads\\\/2024\\\/09\\\/Kparts-Logo-Favicon.jpg\",\"width\":600,\"height\":600,\"caption\":\"KPARTS WATERSPORTS\"},\"image\":{\"@id\":\"https:\\\/\\\/blanchedalmond-oryx-541128.hostingersite.com\\\/#\\\/schema\\\/logo\\\/image\\\/\"},\"sameAs\":[\"https:\\\/\\\/www.facebook.com\\\/people\\\/AP-3D-Custom\\\/100076804732870\\\/\",\"https:\\\/\\\/www.instagram.com\\\/ap3dcustom\\\/\"]}]}<\/script>\n<!-- \/ Yoast SEO plugin. -->","yoast_head_json":{"title":"POD V2 - Soporte de motor - Foil Assist - KPARTS WATERSPORTS","robots":{"index":"index","follow":"follow","max-snippet":"max-snippet:-1","max-image-preview":"max-image-preview:large","max-video-preview":"max-video-preview:-1"},"canonical":"https:\/\/kparts-watersports.com\/es\/produit\/pod-v2-soporte-de-motor-foil-assist\/","og_locale":"es_ES","og_type":"article","og_title":"POD V2 - Soporte de motor - Foil Assist - KPARTS WATERSPORTS","og_description":"\ud83c\udf00 Medio POD ergon\u00f3mico y pr\u00e1ctico Este POD es en realidad un medio POD, m\u00e1s ergon\u00f3mico y pr\u00e1ctico que un POD est\u00e1ndar.Genera menos resistencia y la fijaci\u00f3n al m\u00e1stil se realiza sin ning\u00fan tornillo. \u23f1\ufe0f Fijaci\u00f3n r\u00e1pida \u2013 sin herramientas El sistema de fijaci\u00f3n se realiza mediante una correa el\u00e1stica que se instala en menos de 30 segundos y sin herramientas. \ud83c\udd95 Versi\u00f3n V2 \u2013 Nuevo dise\u00f1o La versi\u00f3n V2 aporta una novedad: 1 carcasa externa r\u00edgida, universal 1 adaptador interno de pl\u00e1stico flexible \ud83d\udc49 Esta combinaci\u00f3n proporciona un mejor agarre y deja menos marcas en tu m\u00e1stil. \ud83d\udd27 Accesorios incluidos Torniller\u00eda incluida Llave Allen de 3 mm incluida \ud83e\udde9 Compatibilidad de m\u00e1stiles Compatible con una gran variedad de m\u00e1stiles.\ud83d\udc49 Elige el modelo de POD en funci\u00f3n del grosor de tu m\u00e1stil. \u2699\ufe0f Compatibilidad con motores (\u00d8 63 mm) \u2714\ufe0f Compatible con motores de 63 mm tipo SAITE, MAYTECH.Por favor, verifica las dimensiones y la distancia entre ejes de fijaci\u00f3n. \u2714\ufe0f Compatible con FOIL DRIVE V1 (cable fijo)\u26a0\ufe0f Requiere retirar el puck original y la funda termorretr\u00e1ctil. \ud83c\udd95 Compatible con FOIL DRIVE V2 (cable desmontable) \u2013 Novedad 2026 \ud83c\uddeb\ud83c\uddf7 Fabricaci\u00f3n francesa Piezas fabricadas mediante impresi\u00f3n 3D en nuestro taller en Francia, en PCTG-CF (pol\u00edmero de alto rendimiento reforzado con fibra de carbono). \ud83d\ude4f Cr\u00e9ditos Dise\u00f1o original del POD: Mark DUYVESTEYN","og_url":"https:\/\/kparts-watersports.com\/es\/produit\/pod-v2-soporte-de-motor-foil-assist\/","og_site_name":"KPARTS WATERSPORTS","article_publisher":"https:\/\/www.facebook.com\/people\/AP-3D-Custom\/100076804732870\/","article_modified_time":"2026-04-23T12:12:05+00:00","og_image":[{"width":1500,"height":1500,"url":"https:\/\/kparts-watersports.com\/wp-content\/uploads\/2025\/06\/POD-V2-Support-Moteur-Efoil-DIY.webp","type":"image\/webp"}],"twitter_card":"summary_large_image","twitter_misc":{"Tiempo de lectura":"1 minute"},"schema":{"@context":"https:\/\/schema.org","@graph":[{"@type":"WebPage","@id":"https:\/\/kparts-watersports.com\/es\/produit\/pod-v2-soporte-de-motor-foil-assist\/","url":"https:\/\/kparts-watersports.com\/es\/produit\/pod-v2-soporte-de-motor-foil-assist\/","name":"POD V2 - Soporte de motor - Foil Assist - KPARTS WATERSPORTS","isPartOf":{"@id":"https:\/\/blanchedalmond-oryx-541128.hostingersite.com\/#website"},"primaryImageOfPage":{"@id":"https:\/\/kparts-watersports.com\/es\/produit\/pod-v2-soporte-de-motor-foil-assist\/#primaryimage"},"image":{"@id":"https:\/\/kparts-watersports.com\/es\/produit\/pod-v2-soporte-de-motor-foil-assist\/#primaryimage"},"thumbnailUrl":"https:\/\/kparts-watersports.com\/wp-content\/uploads\/2025\/06\/POD-V2-Support-Moteur-Efoil-DIY.webp","datePublished":"2025-06-29T02:37:06+00:00","dateModified":"2026-04-23T12:12:05+00:00","breadcrumb":{"@id":"https:\/\/kparts-watersports.com\/es\/produit\/pod-v2-soporte-de-motor-foil-assist\/#breadcrumb"},"inLanguage":"es-ES","potentialAction":[{"@type":"ReadAction","target":["https:\/\/kparts-watersports.com\/es\/produit\/pod-v2-soporte-de-motor-foil-assist\/"]}]},{"@type":"ImageObject","inLanguage":"es-ES","@id":"https:\/\/kparts-watersports.com\/es\/produit\/pod-v2-soporte-de-motor-foil-assist\/#primaryimage","url":"https:\/\/kparts-watersports.com\/wp-content\/uploads\/2025\/06\/POD-V2-Support-Moteur-Efoil-DIY.webp","contentUrl":"https:\/\/kparts-watersports.com\/wp-content\/uploads\/2025\/06\/POD-V2-Support-Moteur-Efoil-DIY.webp","width":1500,"height":1500,"caption":"POD V2 - Support Moteur Efoil - DIY"},{"@type":"BreadcrumbList","@id":"https:\/\/kparts-watersports.com\/es\/produit\/pod-v2-soporte-de-motor-foil-assist\/#breadcrumb","itemListElement":[{"@type":"ListItem","position":1,"name":"Accueil","item":"https:\/\/kparts-watersports.com\/es\/inicio\/"},{"@type":"ListItem","position":2,"name":"Tienda","item":"https:\/\/kparts-watersports.com\/es\/tienda\/"},{"@type":"ListItem","position":3,"name":"POD V2 &#8211; Soporte de motor &#8211; Foil Assist"}]},{"@type":"WebSite","@id":"https:\/\/blanchedalmond-oryx-541128.hostingersite.com\/#website","url":"https:\/\/blanchedalmond-oryx-541128.hostingersite.com\/","name":"KPARTS WATERSPORTS","description":"Accessoires custom pour sports nautiques","publisher":{"@id":"https:\/\/blanchedalmond-oryx-541128.hostingersite.com\/#organization"},"potentialAction":[{"@type":"SearchAction","target":{"@type":"EntryPoint","urlTemplate":"https:\/\/blanchedalmond-oryx-541128.hostingersite.com\/?s={search_term_string}"},"query-input":{"@type":"PropertyValueSpecification","valueRequired":true,"valueName":"search_term_string"}}],"inLanguage":"es-ES"},{"@type":"Organization","@id":"https:\/\/blanchedalmond-oryx-541128.hostingersite.com\/#organization","name":"KPARTS WATERSPORTS","url":"https:\/\/blanchedalmond-oryx-541128.hostingersite.com\/","logo":{"@type":"ImageObject","inLanguage":"es-ES","@id":"https:\/\/blanchedalmond-oryx-541128.hostingersite.com\/#\/schema\/logo\/image\/","url":"https:\/\/kparts-watersports.ovh\/wp-content\/uploads\/2024\/09\/Kparts-Logo-Favicon.jpg","contentUrl":"https:\/\/kparts-watersports.ovh\/wp-content\/uploads\/2024\/09\/Kparts-Logo-Favicon.jpg","width":600,"height":600,"caption":"KPARTS WATERSPORTS"},"image":{"@id":"https:\/\/blanchedalmond-oryx-541128.hostingersite.com\/#\/schema\/logo\/image\/"},"sameAs":["https:\/\/www.facebook.com\/people\/AP-3D-Custom\/100076804732870\/","https:\/\/www.instagram.com\/ap3dcustom\/"]}]}},"jetpack_sharing_enabled":true,"_links":{"self":[{"href":"https:\/\/kparts-watersports.com\/es\/wp-json\/wp\/v2\/product\/14550","targetHints":{"allow":["GET"]}}],"collection":[{"href":"https:\/\/kparts-watersports.com\/es\/wp-json\/wp\/v2\/product"}],"about":[{"href":"https:\/\/kparts-watersports.com\/es\/wp-json\/wp\/v2\/types\/product"}],"replies":[{"embeddable":true,"href":"https:\/\/kparts-watersports.com\/es\/wp-json\/wp\/v2\/comments?post=14550"}],"wp:featuredmedia":[{"embeddable":true,"href":"https:\/\/kparts-watersports.com\/es\/wp-json\/wp\/v2\/media\/14559"}],"wp:attachment":[{"href":"https:\/\/kparts-watersports.com\/es\/wp-json\/wp\/v2\/media?parent=14550"}],"wp:term":[{"taxonomy":"product_brand","embeddable":true,"href":"https:\/\/kparts-watersports.com\/es\/wp-json\/wp\/v2\/product_brand?post=14550"},{"taxonomy":"product_cat","embeddable":true,"href":"https:\/\/kparts-watersports.com\/es\/wp-json\/wp\/v2\/product_cat?post=14550"},{"taxonomy":"product_tag","embeddable":true,"href":"https:\/\/kparts-watersports.com\/es\/wp-json\/wp\/v2\/product_tag?post=14550"}],"curies":[{"name":"wp","href":"https:\/\/api.w.org\/{rel}","templated":true}]}}