{"id":14615,"date":"2025-06-29T15:21:50","date_gmt":"2025-06-29T13:21:50","guid":{"rendered":"https:\/\/kparts-watersports.com\/produit\/fuselaje-kparts-mastil-allure-2024-con-alas-lokefoil\/"},"modified":"2025-06-29T15:21:50","modified_gmt":"2025-06-29T13:21:50","slug":"fuselaje-kparts-mastil-allure-2024-con-alas-lokefoil","status":"publish","type":"product","link":"https:\/\/kparts-watersports.com\/es\/produit\/fuselaje-kparts-mastil-allure-2024-con-alas-lokefoil\/","title":{"rendered":"Fuselaje KPARTS &#8211; M\u00e1stil ALLURE 2024 con alas LOKEFOIL\u00ae"},"content":{"rendered":"<p><strong data-redactor-tag=\"strong\">[En stock: entrega en 48 h]<\/strong><\/p>\n<p><strong data-redactor-tag=\"strong\">[M\u00e1s fotos pr\u00f3ximamente]<\/strong><\/p>\n<p>Hemos dise\u00f1ado un fuselaje que hace que tus alas LOKEFOIL\u00ae sean compatibles con el m\u00e1stil ALLURE 2024.<\/p>\n<p>La geometr\u00eda del fuselaje retoma la del fuselaje original de la marca.<\/p>\n<p>El fuselaje te permite montar los estabilizadores originales, as\u00ed como tus estabilizadores &#8220;custom&#8221; gracias a las calas incluidas.<\/p>\n<p>El fuselaje est\u00e1 mecanizado en aluminio 6061-T6, anodizado en gris.<\/p>\n<p>La anodizaci\u00f3n del fuselaje se realiza en Francia con uno de nuestros socios para controlar el proceso y la calidad de la protecci\u00f3n del aluminio. Todo ello con un \u00fanico objetivo: ofrecerte la mejor durabilidad frente a la corrosi\u00f3n. <\/p>\n<p>No obstante, el fuselaje debe enjuagarse con agua dulce despu\u00e9s de cada uso para limitar la corrosi\u00f3n, y se recomienda utilizar Tef-Gel (no incluido) en la torniller\u00eda para reducir la interacci\u00f3n qu\u00edmica con el acero inoxidable.<\/p>\n<p>Este fuselaje ha sido optimizado para una m\u00e1xima velocidad de deslizamiento, <span data-verified=\"redactor\" data-redactor-tag=\"span\" data-redactor-style=\"color: rgb(192, 80, 77);\"><strong data-redactor-tag=\"strong\">NO practicar freestyle con \u00e9l.<\/strong><\/span>.<\/p>\n<p><u data-redactor-tag=\"u\">Ninguna garant\u00eda ser\u00e1 v\u00e1lida en caso de sospecha de rotura relacionada con esta pr\u00e1ctica.<\/u><\/p>\n","protected":false},"excerpt":{"rendered":"<p>[En stock: entrega en 48 h] [M\u00e1s fotos pr\u00f3ximamente] Hemos dise\u00f1ado un fuselaje que hace que tus alas LOKEFOIL\u00ae sean compatibles con el m\u00e1stil ALLURE 2024. La geometr\u00eda del fuselaje retoma la del fuselaje original de la marca. El fuselaje te permite montar los estabilizadores originales, as\u00ed como tus estabilizadores &#8220;custom&#8221; gracias a las calas incluidas. El fuselaje est\u00e1 mecanizado en aluminio 6061-T6, anodizado en gris. La anodizaci\u00f3n del fuselaje se realiza en Francia con uno de nuestros socios para controlar el proceso y la calidad de la protecci\u00f3n del aluminio. Todo ello con un \u00fanico objetivo: ofrecerte la mejor durabilidad frente a la corrosi\u00f3n. No obstante, el fuselaje debe enjuagarse con agua dulce despu\u00e9s de cada uso para limitar la corrosi\u00f3n, y se recomienda utilizar Tef-Gel (no incluido) en la torniller\u00eda para reducir la interacci\u00f3n qu\u00edmica con el acero inoxidable. Este fuselaje ha sido optimizado para una m\u00e1xima velocidad de deslizamiento, NO practicar freestyle con \u00e9l.. Ninguna garant\u00eda ser\u00e1 v\u00e1lida en caso de sospecha de rotura relacionada con esta pr\u00e1ctica.<\/p>\n","protected":false},"featured_media":14618,"comment_status":"open","ping_status":"closed","template":"","meta":{"site-sidebar-layout":"default","site-content-layout":"","ast-site-content-layout":"default","site-content-style":"default","site-sidebar-style":"default","ast-global-header-display":"","ast-banner-title-visibility":"","ast-main-header-display":"","ast-hfb-above-header-display":"","ast-hfb-below-header-display":"","ast-hfb-mobile-header-display":"","site-post-title":"","ast-breadcrumbs-content":"","ast-featured-img":"","footer-sml-layout":"","ast-disable-related-posts":"","theme-transparent-header-meta":"default","adv-header-id-meta":"","stick-header-meta":"","header-above-stick-meta":"","header-main-stick-meta":"","header-below-stick-meta":"","astra-migrate-meta-layouts":"default","ast-page-background-enabled":"default","ast-page-background-meta":{"desktop":{"background-color":"var(--ast-global-color-4)","background-image":"","background-repeat":"repeat","background-position":"center center","background-size":"auto","background-attachment":"scroll","background-type":"","background-media":"","overlay-type":"","overlay-color":"","overlay-opacity":"","overlay-gradient":""},"tablet":{"background-color":"","background-image":"","background-repeat":"repeat","background-position":"center center","background-size":"auto","background-attachment":"scroll","background-type":"","background-media":"","overlay-type":"","overlay-color":"","overlay-opacity":"","overlay-gradient":""},"mobile":{"background-color":"","background-image":"","background-repeat":"repeat","background-position":"center center","background-size":"auto","background-attachment":"scroll","background-type":"","background-media":"","overlay-type":"","overlay-color":"","overlay-opacity":"","overlay-gradient":""}},"ast-content-background-meta":{"desktop":{"background-color":"var(--ast-global-color-5)","background-image":"","background-repeat":"repeat","background-position":"center center","background-size":"auto","background-attachment":"scroll","background-type":"","background-media":"","overlay-type":"","overlay-color":"","overlay-opacity":"","overlay-gradient":""},"tablet":{"background-color":"var(--ast-global-color-5)","background-image":"","background-repeat":"repeat","background-position":"center center","background-size":"auto","background-attachment":"scroll","background-type":"","background-media":"","overlay-type":"","overlay-color":"","overlay-opacity":"","overlay-gradient":""},"mobile":{"background-color":"var(--ast-global-color-5)","background-image":"","background-repeat":"repeat","background-position":"center center","background-size":"auto","background-attachment":"scroll","background-type":"","background-media":"","overlay-type":"","overlay-color":"","overlay-opacity":"","overlay-gradient":""}}},"product_brand":[],"product_cat":[214,209],"product_tag":[],"class_list":{"0":"post-14615","1":"product","2":"type-product","3":"status-publish","4":"has-post-thumbnail","6":"product_cat-fuselajes","7":"product_cat-ofertas","8":"desktop-align-center","9":"tablet-align-left","10":"mobile-align-left","11":"tm-no-options","13":"first","14":"instock","15":"sale","16":"taxable","17":"shipping-taxable","18":"purchasable","19":"product-type-simple"},"yoast_head":"<!-- This site is optimized with the Yoast SEO plugin v27.3 - https:\/\/yoast.com\/product\/yoast-seo-wordpress\/ -->\n<title>Fuselaje KPARTS - M\u00e1stil ALLURE 2024 con alas LOKEFOIL\u00ae - KPARTS WATERSPORTS<\/title>\n<meta name=\"robots\" content=\"index, follow, max-snippet:-1, max-image-preview:large, max-video-preview:-1\" \/>\n<link rel=\"canonical\" href=\"https:\/\/kparts-watersports.com\/es\/produit\/fuselaje-kparts-mastil-allure-2024-con-alas-lokefoil\/\" \/>\n<meta property=\"og:locale\" content=\"es_ES\" \/>\n<meta property=\"og:type\" content=\"article\" \/>\n<meta property=\"og:title\" content=\"Fuselaje KPARTS - M\u00e1stil ALLURE 2024 con alas LOKEFOIL\u00ae - KPARTS WATERSPORTS\" \/>\n<meta property=\"og:description\" content=\"[En stock: entrega en 48 h] [M\u00e1s fotos pr\u00f3ximamente] Hemos dise\u00f1ado un fuselaje que hace que tus alas LOKEFOIL\u00ae sean compatibles con el m\u00e1stil ALLURE 2024. La geometr\u00eda del fuselaje retoma la del fuselaje original de la marca. El fuselaje te permite montar los estabilizadores originales, as\u00ed como tus estabilizadores &#8220;custom&#8221; gracias a las calas incluidas. El fuselaje est\u00e1 mecanizado en aluminio 6061-T6, anodizado en gris. La anodizaci\u00f3n del fuselaje se realiza en Francia con uno de nuestros socios para controlar el proceso y la calidad de la protecci\u00f3n del aluminio. Todo ello con un \u00fanico objetivo: ofrecerte la mejor durabilidad frente a la corrosi\u00f3n. No obstante, el fuselaje debe enjuagarse con agua dulce despu\u00e9s de cada uso para limitar la corrosi\u00f3n, y se recomienda utilizar Tef-Gel (no incluido) en la torniller\u00eda para reducir la interacci\u00f3n qu\u00edmica con el acero inoxidable. Este fuselaje ha sido optimizado para una m\u00e1xima velocidad de deslizamiento, NO practicar freestyle con \u00e9l.. Ninguna garant\u00eda ser\u00e1 v\u00e1lida en caso de sospecha de rotura relacionada con esta pr\u00e1ctica.\" \/>\n<meta property=\"og:url\" content=\"https:\/\/kparts-watersports.com\/es\/produit\/fuselaje-kparts-mastil-allure-2024-con-alas-lokefoil\/\" \/>\n<meta property=\"og:site_name\" content=\"KPARTS WATERSPORTS\" \/>\n<meta property=\"article:publisher\" content=\"https:\/\/www.facebook.com\/people\/AP-3D-Custom\/100076804732870\/\" \/>\n<meta property=\"og:image\" content=\"https:\/\/kparts-watersports.com\/wp-content\/uploads\/2025\/06\/Fuselage-Lokefoil-Allure_2.png\" \/>\n\t<meta property=\"og:image:width\" content=\"1080\" \/>\n\t<meta property=\"og:image:height\" content=\"1080\" \/>\n\t<meta property=\"og:image:type\" content=\"image\/png\" \/>\n<meta name=\"twitter:card\" content=\"summary_large_image\" \/>\n<meta name=\"twitter:label1\" content=\"Tiempo de lectura\" \/>\n\t<meta name=\"twitter:data1\" content=\"1 minute\" \/>\n<script type=\"application\/ld+json\" class=\"yoast-schema-graph\">{\"@context\":\"https:\\\/\\\/schema.org\",\"@graph\":[{\"@type\":\"WebPage\",\"@id\":\"https:\\\/\\\/kparts-watersports.com\\\/es\\\/produit\\\/fuselaje-kparts-mastil-allure-2024-con-alas-lokefoil\\\/\",\"url\":\"https:\\\/\\\/kparts-watersports.com\\\/es\\\/produit\\\/fuselaje-kparts-mastil-allure-2024-con-alas-lokefoil\\\/\",\"name\":\"Fuselaje KPARTS - M\u00e1stil ALLURE 2024 con alas LOKEFOIL\u00ae - KPARTS WATERSPORTS\",\"isPartOf\":{\"@id\":\"https:\\\/\\\/blanchedalmond-oryx-541128.hostingersite.com\\\/#website\"},\"primaryImageOfPage\":{\"@id\":\"https:\\\/\\\/kparts-watersports.com\\\/es\\\/produit\\\/fuselaje-kparts-mastil-allure-2024-con-alas-lokefoil\\\/#primaryimage\"},\"image\":{\"@id\":\"https:\\\/\\\/kparts-watersports.com\\\/es\\\/produit\\\/fuselaje-kparts-mastil-allure-2024-con-alas-lokefoil\\\/#primaryimage\"},\"thumbnailUrl\":\"https:\\\/\\\/kparts-watersports.com\\\/wp-content\\\/uploads\\\/2025\\\/06\\\/Fuselage-Lokefoil-Allure_2.png\",\"datePublished\":\"2025-06-29T13:21:50+00:00\",\"breadcrumb\":{\"@id\":\"https:\\\/\\\/kparts-watersports.com\\\/es\\\/produit\\\/fuselaje-kparts-mastil-allure-2024-con-alas-lokefoil\\\/#breadcrumb\"},\"inLanguage\":\"es-ES\",\"potentialAction\":[{\"@type\":\"ReadAction\",\"target\":[\"https:\\\/\\\/kparts-watersports.com\\\/es\\\/produit\\\/fuselaje-kparts-mastil-allure-2024-con-alas-lokefoil\\\/\"]}]},{\"@type\":\"ImageObject\",\"inLanguage\":\"es-ES\",\"@id\":\"https:\\\/\\\/kparts-watersports.com\\\/es\\\/produit\\\/fuselaje-kparts-mastil-allure-2024-con-alas-lokefoil\\\/#primaryimage\",\"url\":\"https:\\\/\\\/kparts-watersports.com\\\/wp-content\\\/uploads\\\/2025\\\/06\\\/Fuselage-Lokefoil-Allure_2.png\",\"contentUrl\":\"https:\\\/\\\/kparts-watersports.com\\\/wp-content\\\/uploads\\\/2025\\\/06\\\/Fuselage-Lokefoil-Allure_2.png\",\"width\":1080,\"height\":1080},{\"@type\":\"BreadcrumbList\",\"@id\":\"https:\\\/\\\/kparts-watersports.com\\\/es\\\/produit\\\/fuselaje-kparts-mastil-allure-2024-con-alas-lokefoil\\\/#breadcrumb\",\"itemListElement\":[{\"@type\":\"ListItem\",\"position\":1,\"name\":\"Accueil\",\"item\":\"https:\\\/\\\/kparts-watersports.com\\\/es\\\/inicio\\\/\"},{\"@type\":\"ListItem\",\"position\":2,\"name\":\"Tienda\",\"item\":\"https:\\\/\\\/kparts-watersports.com\\\/es\\\/tienda\\\/\"},{\"@type\":\"ListItem\",\"position\":3,\"name\":\"Fuselaje KPARTS &#8211; M\u00e1stil ALLURE 2024 con alas LOKEFOIL\u00ae\"}]},{\"@type\":\"WebSite\",\"@id\":\"https:\\\/\\\/blanchedalmond-oryx-541128.hostingersite.com\\\/#website\",\"url\":\"https:\\\/\\\/blanchedalmond-oryx-541128.hostingersite.com\\\/\",\"name\":\"KPARTS WATERSPORTS\",\"description\":\"Accessoires custom pour sports nautiques\",\"publisher\":{\"@id\":\"https:\\\/\\\/blanchedalmond-oryx-541128.hostingersite.com\\\/#organization\"},\"potentialAction\":[{\"@type\":\"SearchAction\",\"target\":{\"@type\":\"EntryPoint\",\"urlTemplate\":\"https:\\\/\\\/blanchedalmond-oryx-541128.hostingersite.com\\\/?s={search_term_string}\"},\"query-input\":{\"@type\":\"PropertyValueSpecification\",\"valueRequired\":true,\"valueName\":\"search_term_string\"}}],\"inLanguage\":\"es-ES\"},{\"@type\":\"Organization\",\"@id\":\"https:\\\/\\\/blanchedalmond-oryx-541128.hostingersite.com\\\/#organization\",\"name\":\"KPARTS WATERSPORTS\",\"url\":\"https:\\\/\\\/blanchedalmond-oryx-541128.hostingersite.com\\\/\",\"logo\":{\"@type\":\"ImageObject\",\"inLanguage\":\"es-ES\",\"@id\":\"https:\\\/\\\/blanchedalmond-oryx-541128.hostingersite.com\\\/#\\\/schema\\\/logo\\\/image\\\/\",\"url\":\"https:\\\/\\\/kparts-watersports.ovh\\\/wp-content\\\/uploads\\\/2024\\\/09\\\/Kparts-Logo-Favicon.jpg\",\"contentUrl\":\"https:\\\/\\\/kparts-watersports.ovh\\\/wp-content\\\/uploads\\\/2024\\\/09\\\/Kparts-Logo-Favicon.jpg\",\"width\":600,\"height\":600,\"caption\":\"KPARTS WATERSPORTS\"},\"image\":{\"@id\":\"https:\\\/\\\/blanchedalmond-oryx-541128.hostingersite.com\\\/#\\\/schema\\\/logo\\\/image\\\/\"},\"sameAs\":[\"https:\\\/\\\/www.facebook.com\\\/people\\\/AP-3D-Custom\\\/100076804732870\\\/\",\"https:\\\/\\\/www.instagram.com\\\/ap3dcustom\\\/\"]}]}<\/script>\n<!-- \/ Yoast SEO plugin. -->","yoast_head_json":{"title":"Fuselaje KPARTS - M\u00e1stil ALLURE 2024 con alas LOKEFOIL\u00ae - KPARTS WATERSPORTS","robots":{"index":"index","follow":"follow","max-snippet":"max-snippet:-1","max-image-preview":"max-image-preview:large","max-video-preview":"max-video-preview:-1"},"canonical":"https:\/\/kparts-watersports.com\/es\/produit\/fuselaje-kparts-mastil-allure-2024-con-alas-lokefoil\/","og_locale":"es_ES","og_type":"article","og_title":"Fuselaje KPARTS - M\u00e1stil ALLURE 2024 con alas LOKEFOIL\u00ae - KPARTS WATERSPORTS","og_description":"[En stock: entrega en 48 h] [M\u00e1s fotos pr\u00f3ximamente] Hemos dise\u00f1ado un fuselaje que hace que tus alas LOKEFOIL\u00ae sean compatibles con el m\u00e1stil ALLURE 2024. La geometr\u00eda del fuselaje retoma la del fuselaje original de la marca. El fuselaje te permite montar los estabilizadores originales, as\u00ed como tus estabilizadores &#8220;custom&#8221; gracias a las calas incluidas. El fuselaje est\u00e1 mecanizado en aluminio 6061-T6, anodizado en gris. La anodizaci\u00f3n del fuselaje se realiza en Francia con uno de nuestros socios para controlar el proceso y la calidad de la protecci\u00f3n del aluminio. Todo ello con un \u00fanico objetivo: ofrecerte la mejor durabilidad frente a la corrosi\u00f3n. No obstante, el fuselaje debe enjuagarse con agua dulce despu\u00e9s de cada uso para limitar la corrosi\u00f3n, y se recomienda utilizar Tef-Gel (no incluido) en la torniller\u00eda para reducir la interacci\u00f3n qu\u00edmica con el acero inoxidable. Este fuselaje ha sido optimizado para una m\u00e1xima velocidad de deslizamiento, NO practicar freestyle con \u00e9l.. Ninguna garant\u00eda ser\u00e1 v\u00e1lida en caso de sospecha de rotura relacionada con esta pr\u00e1ctica.","og_url":"https:\/\/kparts-watersports.com\/es\/produit\/fuselaje-kparts-mastil-allure-2024-con-alas-lokefoil\/","og_site_name":"KPARTS WATERSPORTS","article_publisher":"https:\/\/www.facebook.com\/people\/AP-3D-Custom\/100076804732870\/","og_image":[{"width":1080,"height":1080,"url":"https:\/\/kparts-watersports.com\/wp-content\/uploads\/2025\/06\/Fuselage-Lokefoil-Allure_2.png","type":"image\/png"}],"twitter_card":"summary_large_image","twitter_misc":{"Tiempo de lectura":"1 minute"},"schema":{"@context":"https:\/\/schema.org","@graph":[{"@type":"WebPage","@id":"https:\/\/kparts-watersports.com\/es\/produit\/fuselaje-kparts-mastil-allure-2024-con-alas-lokefoil\/","url":"https:\/\/kparts-watersports.com\/es\/produit\/fuselaje-kparts-mastil-allure-2024-con-alas-lokefoil\/","name":"Fuselaje KPARTS - M\u00e1stil ALLURE 2024 con alas LOKEFOIL\u00ae - KPARTS WATERSPORTS","isPartOf":{"@id":"https:\/\/blanchedalmond-oryx-541128.hostingersite.com\/#website"},"primaryImageOfPage":{"@id":"https:\/\/kparts-watersports.com\/es\/produit\/fuselaje-kparts-mastil-allure-2024-con-alas-lokefoil\/#primaryimage"},"image":{"@id":"https:\/\/kparts-watersports.com\/es\/produit\/fuselaje-kparts-mastil-allure-2024-con-alas-lokefoil\/#primaryimage"},"thumbnailUrl":"https:\/\/kparts-watersports.com\/wp-content\/uploads\/2025\/06\/Fuselage-Lokefoil-Allure_2.png","datePublished":"2025-06-29T13:21:50+00:00","breadcrumb":{"@id":"https:\/\/kparts-watersports.com\/es\/produit\/fuselaje-kparts-mastil-allure-2024-con-alas-lokefoil\/#breadcrumb"},"inLanguage":"es-ES","potentialAction":[{"@type":"ReadAction","target":["https:\/\/kparts-watersports.com\/es\/produit\/fuselaje-kparts-mastil-allure-2024-con-alas-lokefoil\/"]}]},{"@type":"ImageObject","inLanguage":"es-ES","@id":"https:\/\/kparts-watersports.com\/es\/produit\/fuselaje-kparts-mastil-allure-2024-con-alas-lokefoil\/#primaryimage","url":"https:\/\/kparts-watersports.com\/wp-content\/uploads\/2025\/06\/Fuselage-Lokefoil-Allure_2.png","contentUrl":"https:\/\/kparts-watersports.com\/wp-content\/uploads\/2025\/06\/Fuselage-Lokefoil-Allure_2.png","width":1080,"height":1080},{"@type":"BreadcrumbList","@id":"https:\/\/kparts-watersports.com\/es\/produit\/fuselaje-kparts-mastil-allure-2024-con-alas-lokefoil\/#breadcrumb","itemListElement":[{"@type":"ListItem","position":1,"name":"Accueil","item":"https:\/\/kparts-watersports.com\/es\/inicio\/"},{"@type":"ListItem","position":2,"name":"Tienda","item":"https:\/\/kparts-watersports.com\/es\/tienda\/"},{"@type":"ListItem","position":3,"name":"Fuselaje KPARTS &#8211; M\u00e1stil ALLURE 2024 con alas LOKEFOIL\u00ae"}]},{"@type":"WebSite","@id":"https:\/\/blanchedalmond-oryx-541128.hostingersite.com\/#website","url":"https:\/\/blanchedalmond-oryx-541128.hostingersite.com\/","name":"KPARTS WATERSPORTS","description":"Accessoires custom pour sports nautiques","publisher":{"@id":"https:\/\/blanchedalmond-oryx-541128.hostingersite.com\/#organization"},"potentialAction":[{"@type":"SearchAction","target":{"@type":"EntryPoint","urlTemplate":"https:\/\/blanchedalmond-oryx-541128.hostingersite.com\/?s={search_term_string}"},"query-input":{"@type":"PropertyValueSpecification","valueRequired":true,"valueName":"search_term_string"}}],"inLanguage":"es-ES"},{"@type":"Organization","@id":"https:\/\/blanchedalmond-oryx-541128.hostingersite.com\/#organization","name":"KPARTS WATERSPORTS","url":"https:\/\/blanchedalmond-oryx-541128.hostingersite.com\/","logo":{"@type":"ImageObject","inLanguage":"es-ES","@id":"https:\/\/blanchedalmond-oryx-541128.hostingersite.com\/#\/schema\/logo\/image\/","url":"https:\/\/kparts-watersports.ovh\/wp-content\/uploads\/2024\/09\/Kparts-Logo-Favicon.jpg","contentUrl":"https:\/\/kparts-watersports.ovh\/wp-content\/uploads\/2024\/09\/Kparts-Logo-Favicon.jpg","width":600,"height":600,"caption":"KPARTS WATERSPORTS"},"image":{"@id":"https:\/\/blanchedalmond-oryx-541128.hostingersite.com\/#\/schema\/logo\/image\/"},"sameAs":["https:\/\/www.facebook.com\/people\/AP-3D-Custom\/100076804732870\/","https:\/\/www.instagram.com\/ap3dcustom\/"]}]}},"jetpack_sharing_enabled":true,"_links":{"self":[{"href":"https:\/\/kparts-watersports.com\/es\/wp-json\/wp\/v2\/product\/14615","targetHints":{"allow":["GET"]}}],"collection":[{"href":"https:\/\/kparts-watersports.com\/es\/wp-json\/wp\/v2\/product"}],"about":[{"href":"https:\/\/kparts-watersports.com\/es\/wp-json\/wp\/v2\/types\/product"}],"replies":[{"embeddable":true,"href":"https:\/\/kparts-watersports.com\/es\/wp-json\/wp\/v2\/comments?post=14615"}],"wp:featuredmedia":[{"embeddable":true,"href":"https:\/\/kparts-watersports.com\/es\/wp-json\/wp\/v2\/media\/14618"}],"wp:attachment":[{"href":"https:\/\/kparts-watersports.com\/es\/wp-json\/wp\/v2\/media?parent=14615"}],"wp:term":[{"taxonomy":"product_brand","embeddable":true,"href":"https:\/\/kparts-watersports.com\/es\/wp-json\/wp\/v2\/product_brand?post=14615"},{"taxonomy":"product_cat","embeddable":true,"href":"https:\/\/kparts-watersports.com\/es\/wp-json\/wp\/v2\/product_cat?post=14615"},{"taxonomy":"product_tag","embeddable":true,"href":"https:\/\/kparts-watersports.com\/es\/wp-json\/wp\/v2\/product_tag?post=14615"}],"curies":[{"name":"wp","href":"https:\/\/api.w.org\/{rel}","templated":true}]}}