{"id":14643,"date":"2025-06-29T16:06:04","date_gmt":"2025-06-29T14:06:04","guid":{"rendered":"https:\/\/kparts-watersports.com\/produit\/cola-de-fuselaje-kparts-compatibilidad-f-one\/"},"modified":"2026-04-23T14:55:15","modified_gmt":"2026-04-23T12:55:15","slug":"cola-de-fuselaje-kparts-compatibilidad-f-one","status":"publish","type":"product","link":"https:\/\/kparts-watersports.com\/es\/produit\/cola-de-fuselaje-kparts-compatibilidad-f-one\/","title":{"rendered":"Cola de fuselaje KPARTS \u2013 Compatibilidad F-ONE"},"content":{"rendered":"<p>[En stock]<\/p>\n<p>Hemos dise\u00f1ado esta cola de fuselaje modular para instalar estabilizadores custom en tu foil F-ONE V2.<\/p>\n<p>Dos posiciones posibles que te permiten encontrar el equilibrio que mejor te convenga, en funci\u00f3n de las alas delanteras utilizadas y de tu estilo.<\/p>\n<p>La posici\u00f3n delantera corresponde a un fuselaje XXS y la posici\u00f3n trasera a una posici\u00f3n XS.<br \/>Fabricada en fibra epoxi, puedes dejar el conjunto montado sin riesgo de corrosi\u00f3n.<\/p>\n<p>Dispone de insertos de acero inoxidable A4, y se incluyen 3 tornillos M6.<\/p>\n<p>El estabilizador debe fijarse con 2x M6x16.<\/p>\n","protected":false},"excerpt":{"rendered":"<p>[En stock] Hemos dise\u00f1ado esta cola de fuselaje modular para instalar estabilizadores custom en tu foil F-ONE V2. Dos posiciones posibles que te permiten encontrar el equilibrio que mejor te convenga, en funci\u00f3n de las alas delanteras utilizadas y de tu estilo. La posici\u00f3n delantera corresponde a un fuselaje XXS y la posici\u00f3n trasera a una posici\u00f3n XS.Fabricada en fibra epoxi, puedes dejar el conjunto montado sin riesgo de corrosi\u00f3n. Dispone de insertos de acero inoxidable A4, y se incluyen 3 tornillos M6. El estabilizador debe fijarse con 2x M6x16.<\/p>\n","protected":false},"featured_media":14649,"comment_status":"open","ping_status":"closed","template":"","meta":{"site-sidebar-layout":"default","site-content-layout":"","ast-site-content-layout":"default","site-content-style":"default","site-sidebar-style":"default","ast-global-header-display":"","ast-banner-title-visibility":"","ast-main-header-display":"","ast-hfb-above-header-display":"","ast-hfb-below-header-display":"","ast-hfb-mobile-header-display":"","site-post-title":"","ast-breadcrumbs-content":"","ast-featured-img":"","footer-sml-layout":"","ast-disable-related-posts":"","theme-transparent-header-meta":"default","adv-header-id-meta":"","stick-header-meta":"","header-above-stick-meta":"","header-main-stick-meta":"","header-below-stick-meta":"","astra-migrate-meta-layouts":"default","ast-page-background-enabled":"default","ast-page-background-meta":{"desktop":{"background-color":"var(--ast-global-color-4)","background-image":"","background-repeat":"repeat","background-position":"center center","background-size":"auto","background-attachment":"scroll","background-type":"","background-media":"","overlay-type":"","overlay-color":"","overlay-opacity":"","overlay-gradient":""},"tablet":{"background-color":"","background-image":"","background-repeat":"repeat","background-position":"center center","background-size":"auto","background-attachment":"scroll","background-type":"","background-media":"","overlay-type":"","overlay-color":"","overlay-opacity":"","overlay-gradient":""},"mobile":{"background-color":"","background-image":"","background-repeat":"repeat","background-position":"center center","background-size":"auto","background-attachment":"scroll","background-type":"","background-media":"","overlay-type":"","overlay-color":"","overlay-opacity":"","overlay-gradient":""}},"ast-content-background-meta":{"desktop":{"background-color":"var(--ast-global-color-5)","background-image":"","background-repeat":"repeat","background-position":"center center","background-size":"auto","background-attachment":"scroll","background-type":"","background-media":"","overlay-type":"","overlay-color":"","overlay-opacity":"","overlay-gradient":""},"tablet":{"background-color":"var(--ast-global-color-5)","background-image":"","background-repeat":"repeat","background-position":"center center","background-size":"auto","background-attachment":"scroll","background-type":"","background-media":"","overlay-type":"","overlay-color":"","overlay-opacity":"","overlay-gradient":""},"mobile":{"background-color":"var(--ast-global-color-5)","background-image":"","background-repeat":"repeat","background-position":"center center","background-size":"auto","background-attachment":"scroll","background-type":"","background-media":"","overlay-type":"","overlay-color":"","overlay-opacity":"","overlay-gradient":""}}},"product_brand":[],"product_cat":[214],"product_tag":[],"class_list":{"0":"post-14643","1":"product","2":"type-product","3":"status-publish","4":"has-post-thumbnail","6":"product_cat-fuselajes","7":"desktop-align-center","8":"tablet-align-left","9":"mobile-align-left","10":"tm-no-options","12":"first","13":"instock","14":"taxable","15":"shipping-taxable","16":"purchasable","17":"product-type-simple"},"yoast_head":"<!-- This site is optimized with the Yoast SEO plugin v27.3 - https:\/\/yoast.com\/product\/yoast-seo-wordpress\/ -->\n<title>Cola de fuselaje KPARTS \u2013 Compatibilidad F-ONE - KPARTS WATERSPORTS<\/title>\n<meta name=\"robots\" content=\"index, follow, max-snippet:-1, max-image-preview:large, max-video-preview:-1\" \/>\n<link rel=\"canonical\" href=\"https:\/\/kparts-watersports.com\/es\/produit\/cola-de-fuselaje-kparts-compatibilidad-f-one\/\" \/>\n<meta property=\"og:locale\" content=\"es_ES\" \/>\n<meta property=\"og:type\" content=\"article\" \/>\n<meta property=\"og:title\" content=\"Cola de fuselaje KPARTS \u2013 Compatibilidad F-ONE - KPARTS WATERSPORTS\" \/>\n<meta property=\"og:description\" content=\"[En stock] Hemos dise\u00f1ado esta cola de fuselaje modular para instalar estabilizadores custom en tu foil F-ONE V2. Dos posiciones posibles que te permiten encontrar el equilibrio que mejor te convenga, en funci\u00f3n de las alas delanteras utilizadas y de tu estilo. La posici\u00f3n delantera corresponde a un fuselaje XXS y la posici\u00f3n trasera a una posici\u00f3n XS.Fabricada en fibra epoxi, puedes dejar el conjunto montado sin riesgo de corrosi\u00f3n. Dispone de insertos de acero inoxidable A4, y se incluyen 3 tornillos M6. El estabilizador debe fijarse con 2x M6x16.\" \/>\n<meta property=\"og:url\" content=\"https:\/\/kparts-watersports.com\/es\/produit\/cola-de-fuselaje-kparts-compatibilidad-f-one\/\" \/>\n<meta property=\"og:site_name\" content=\"KPARTS WATERSPORTS\" \/>\n<meta property=\"article:publisher\" content=\"https:\/\/www.facebook.com\/people\/AP-3D-Custom\/100076804732870\/\" \/>\n<meta property=\"article:modified_time\" content=\"2026-04-23T12:55:15+00:00\" \/>\n<meta property=\"og:image\" content=\"https:\/\/kparts-watersports.com\/wp-content\/uploads\/2025\/06\/Queue-de-Fuselage-KPARTS-Compatibilite-F-ONE\u00ae.webp\" \/>\n\t<meta property=\"og:image:width\" content=\"1500\" \/>\n\t<meta property=\"og:image:height\" content=\"1500\" \/>\n\t<meta property=\"og:image:type\" content=\"image\/webp\" \/>\n<meta name=\"twitter:card\" content=\"summary_large_image\" \/>\n<script type=\"application\/ld+json\" class=\"yoast-schema-graph\">{\"@context\":\"https:\\\/\\\/schema.org\",\"@graph\":[{\"@type\":\"WebPage\",\"@id\":\"https:\\\/\\\/kparts-watersports.com\\\/es\\\/produit\\\/cola-de-fuselaje-kparts-compatibilidad-f-one\\\/\",\"url\":\"https:\\\/\\\/kparts-watersports.com\\\/es\\\/produit\\\/cola-de-fuselaje-kparts-compatibilidad-f-one\\\/\",\"name\":\"Cola de fuselaje KPARTS \u2013 Compatibilidad F-ONE - KPARTS WATERSPORTS\",\"isPartOf\":{\"@id\":\"https:\\\/\\\/blanchedalmond-oryx-541128.hostingersite.com\\\/#website\"},\"primaryImageOfPage\":{\"@id\":\"https:\\\/\\\/kparts-watersports.com\\\/es\\\/produit\\\/cola-de-fuselaje-kparts-compatibilidad-f-one\\\/#primaryimage\"},\"image\":{\"@id\":\"https:\\\/\\\/kparts-watersports.com\\\/es\\\/produit\\\/cola-de-fuselaje-kparts-compatibilidad-f-one\\\/#primaryimage\"},\"thumbnailUrl\":\"https:\\\/\\\/kparts-watersports.com\\\/wp-content\\\/uploads\\\/2025\\\/06\\\/Queue-de-Fuselage-KPARTS-Compatibilite-F-ONE\u00ae.webp\",\"datePublished\":\"2025-06-29T14:06:04+00:00\",\"dateModified\":\"2026-04-23T12:55:15+00:00\",\"breadcrumb\":{\"@id\":\"https:\\\/\\\/kparts-watersports.com\\\/es\\\/produit\\\/cola-de-fuselaje-kparts-compatibilidad-f-one\\\/#breadcrumb\"},\"inLanguage\":\"es-ES\",\"potentialAction\":[{\"@type\":\"ReadAction\",\"target\":[\"https:\\\/\\\/kparts-watersports.com\\\/es\\\/produit\\\/cola-de-fuselaje-kparts-compatibilidad-f-one\\\/\"]}]},{\"@type\":\"ImageObject\",\"inLanguage\":\"es-ES\",\"@id\":\"https:\\\/\\\/kparts-watersports.com\\\/es\\\/produit\\\/cola-de-fuselaje-kparts-compatibilidad-f-one\\\/#primaryimage\",\"url\":\"https:\\\/\\\/kparts-watersports.com\\\/wp-content\\\/uploads\\\/2025\\\/06\\\/Queue-de-Fuselage-KPARTS-Compatibilite-F-ONE\u00ae.webp\",\"contentUrl\":\"https:\\\/\\\/kparts-watersports.com\\\/wp-content\\\/uploads\\\/2025\\\/06\\\/Queue-de-Fuselage-KPARTS-Compatibilite-F-ONE\u00ae.webp\",\"width\":1500,\"height\":1500,\"caption\":\"Queue de Fuselage KPARTS - Compatibilit\u00e9 F-ONE\u00ae\"},{\"@type\":\"BreadcrumbList\",\"@id\":\"https:\\\/\\\/kparts-watersports.com\\\/es\\\/produit\\\/cola-de-fuselaje-kparts-compatibilidad-f-one\\\/#breadcrumb\",\"itemListElement\":[{\"@type\":\"ListItem\",\"position\":1,\"name\":\"Accueil\",\"item\":\"https:\\\/\\\/kparts-watersports.com\\\/es\\\/inicio\\\/\"},{\"@type\":\"ListItem\",\"position\":2,\"name\":\"Tienda\",\"item\":\"https:\\\/\\\/kparts-watersports.com\\\/es\\\/tienda\\\/\"},{\"@type\":\"ListItem\",\"position\":3,\"name\":\"Cola de fuselaje KPARTS \u2013 Compatibilidad F-ONE\"}]},{\"@type\":\"WebSite\",\"@id\":\"https:\\\/\\\/blanchedalmond-oryx-541128.hostingersite.com\\\/#website\",\"url\":\"https:\\\/\\\/blanchedalmond-oryx-541128.hostingersite.com\\\/\",\"name\":\"KPARTS WATERSPORTS\",\"description\":\"Accessoires custom pour sports nautiques\",\"publisher\":{\"@id\":\"https:\\\/\\\/blanchedalmond-oryx-541128.hostingersite.com\\\/#organization\"},\"potentialAction\":[{\"@type\":\"SearchAction\",\"target\":{\"@type\":\"EntryPoint\",\"urlTemplate\":\"https:\\\/\\\/blanchedalmond-oryx-541128.hostingersite.com\\\/?s={search_term_string}\"},\"query-input\":{\"@type\":\"PropertyValueSpecification\",\"valueRequired\":true,\"valueName\":\"search_term_string\"}}],\"inLanguage\":\"es-ES\"},{\"@type\":\"Organization\",\"@id\":\"https:\\\/\\\/blanchedalmond-oryx-541128.hostingersite.com\\\/#organization\",\"name\":\"KPARTS WATERSPORTS\",\"url\":\"https:\\\/\\\/blanchedalmond-oryx-541128.hostingersite.com\\\/\",\"logo\":{\"@type\":\"ImageObject\",\"inLanguage\":\"es-ES\",\"@id\":\"https:\\\/\\\/blanchedalmond-oryx-541128.hostingersite.com\\\/#\\\/schema\\\/logo\\\/image\\\/\",\"url\":\"https:\\\/\\\/kparts-watersports.ovh\\\/wp-content\\\/uploads\\\/2024\\\/09\\\/Kparts-Logo-Favicon.jpg\",\"contentUrl\":\"https:\\\/\\\/kparts-watersports.ovh\\\/wp-content\\\/uploads\\\/2024\\\/09\\\/Kparts-Logo-Favicon.jpg\",\"width\":600,\"height\":600,\"caption\":\"KPARTS WATERSPORTS\"},\"image\":{\"@id\":\"https:\\\/\\\/blanchedalmond-oryx-541128.hostingersite.com\\\/#\\\/schema\\\/logo\\\/image\\\/\"},\"sameAs\":[\"https:\\\/\\\/www.facebook.com\\\/people\\\/AP-3D-Custom\\\/100076804732870\\\/\",\"https:\\\/\\\/www.instagram.com\\\/ap3dcustom\\\/\"]}]}<\/script>\n<!-- \/ Yoast SEO plugin. -->","yoast_head_json":{"title":"Cola de fuselaje KPARTS \u2013 Compatibilidad F-ONE - KPARTS WATERSPORTS","robots":{"index":"index","follow":"follow","max-snippet":"max-snippet:-1","max-image-preview":"max-image-preview:large","max-video-preview":"max-video-preview:-1"},"canonical":"https:\/\/kparts-watersports.com\/es\/produit\/cola-de-fuselaje-kparts-compatibilidad-f-one\/","og_locale":"es_ES","og_type":"article","og_title":"Cola de fuselaje KPARTS \u2013 Compatibilidad F-ONE - KPARTS WATERSPORTS","og_description":"[En stock] Hemos dise\u00f1ado esta cola de fuselaje modular para instalar estabilizadores custom en tu foil F-ONE V2. Dos posiciones posibles que te permiten encontrar el equilibrio que mejor te convenga, en funci\u00f3n de las alas delanteras utilizadas y de tu estilo. La posici\u00f3n delantera corresponde a un fuselaje XXS y la posici\u00f3n trasera a una posici\u00f3n XS.Fabricada en fibra epoxi, puedes dejar el conjunto montado sin riesgo de corrosi\u00f3n. Dispone de insertos de acero inoxidable A4, y se incluyen 3 tornillos M6. El estabilizador debe fijarse con 2x M6x16.","og_url":"https:\/\/kparts-watersports.com\/es\/produit\/cola-de-fuselaje-kparts-compatibilidad-f-one\/","og_site_name":"KPARTS WATERSPORTS","article_publisher":"https:\/\/www.facebook.com\/people\/AP-3D-Custom\/100076804732870\/","article_modified_time":"2026-04-23T12:55:15+00:00","og_image":[{"width":1500,"height":1500,"url":"https:\/\/kparts-watersports.com\/wp-content\/uploads\/2025\/06\/Queue-de-Fuselage-KPARTS-Compatibilite-F-ONE\u00ae.webp","type":"image\/webp"}],"twitter_card":"summary_large_image","schema":{"@context":"https:\/\/schema.org","@graph":[{"@type":"WebPage","@id":"https:\/\/kparts-watersports.com\/es\/produit\/cola-de-fuselaje-kparts-compatibilidad-f-one\/","url":"https:\/\/kparts-watersports.com\/es\/produit\/cola-de-fuselaje-kparts-compatibilidad-f-one\/","name":"Cola de fuselaje KPARTS \u2013 Compatibilidad F-ONE - KPARTS WATERSPORTS","isPartOf":{"@id":"https:\/\/blanchedalmond-oryx-541128.hostingersite.com\/#website"},"primaryImageOfPage":{"@id":"https:\/\/kparts-watersports.com\/es\/produit\/cola-de-fuselaje-kparts-compatibilidad-f-one\/#primaryimage"},"image":{"@id":"https:\/\/kparts-watersports.com\/es\/produit\/cola-de-fuselaje-kparts-compatibilidad-f-one\/#primaryimage"},"thumbnailUrl":"https:\/\/kparts-watersports.com\/wp-content\/uploads\/2025\/06\/Queue-de-Fuselage-KPARTS-Compatibilite-F-ONE\u00ae.webp","datePublished":"2025-06-29T14:06:04+00:00","dateModified":"2026-04-23T12:55:15+00:00","breadcrumb":{"@id":"https:\/\/kparts-watersports.com\/es\/produit\/cola-de-fuselaje-kparts-compatibilidad-f-one\/#breadcrumb"},"inLanguage":"es-ES","potentialAction":[{"@type":"ReadAction","target":["https:\/\/kparts-watersports.com\/es\/produit\/cola-de-fuselaje-kparts-compatibilidad-f-one\/"]}]},{"@type":"ImageObject","inLanguage":"es-ES","@id":"https:\/\/kparts-watersports.com\/es\/produit\/cola-de-fuselaje-kparts-compatibilidad-f-one\/#primaryimage","url":"https:\/\/kparts-watersports.com\/wp-content\/uploads\/2025\/06\/Queue-de-Fuselage-KPARTS-Compatibilite-F-ONE\u00ae.webp","contentUrl":"https:\/\/kparts-watersports.com\/wp-content\/uploads\/2025\/06\/Queue-de-Fuselage-KPARTS-Compatibilite-F-ONE\u00ae.webp","width":1500,"height":1500,"caption":"Queue de Fuselage KPARTS - Compatibilit\u00e9 F-ONE\u00ae"},{"@type":"BreadcrumbList","@id":"https:\/\/kparts-watersports.com\/es\/produit\/cola-de-fuselaje-kparts-compatibilidad-f-one\/#breadcrumb","itemListElement":[{"@type":"ListItem","position":1,"name":"Accueil","item":"https:\/\/kparts-watersports.com\/es\/inicio\/"},{"@type":"ListItem","position":2,"name":"Tienda","item":"https:\/\/kparts-watersports.com\/es\/tienda\/"},{"@type":"ListItem","position":3,"name":"Cola de fuselaje KPARTS \u2013 Compatibilidad F-ONE"}]},{"@type":"WebSite","@id":"https:\/\/blanchedalmond-oryx-541128.hostingersite.com\/#website","url":"https:\/\/blanchedalmond-oryx-541128.hostingersite.com\/","name":"KPARTS WATERSPORTS","description":"Accessoires custom pour sports nautiques","publisher":{"@id":"https:\/\/blanchedalmond-oryx-541128.hostingersite.com\/#organization"},"potentialAction":[{"@type":"SearchAction","target":{"@type":"EntryPoint","urlTemplate":"https:\/\/blanchedalmond-oryx-541128.hostingersite.com\/?s={search_term_string}"},"query-input":{"@type":"PropertyValueSpecification","valueRequired":true,"valueName":"search_term_string"}}],"inLanguage":"es-ES"},{"@type":"Organization","@id":"https:\/\/blanchedalmond-oryx-541128.hostingersite.com\/#organization","name":"KPARTS WATERSPORTS","url":"https:\/\/blanchedalmond-oryx-541128.hostingersite.com\/","logo":{"@type":"ImageObject","inLanguage":"es-ES","@id":"https:\/\/blanchedalmond-oryx-541128.hostingersite.com\/#\/schema\/logo\/image\/","url":"https:\/\/kparts-watersports.ovh\/wp-content\/uploads\/2024\/09\/Kparts-Logo-Favicon.jpg","contentUrl":"https:\/\/kparts-watersports.ovh\/wp-content\/uploads\/2024\/09\/Kparts-Logo-Favicon.jpg","width":600,"height":600,"caption":"KPARTS WATERSPORTS"},"image":{"@id":"https:\/\/blanchedalmond-oryx-541128.hostingersite.com\/#\/schema\/logo\/image\/"},"sameAs":["https:\/\/www.facebook.com\/people\/AP-3D-Custom\/100076804732870\/","https:\/\/www.instagram.com\/ap3dcustom\/"]}]}},"jetpack_sharing_enabled":true,"_links":{"self":[{"href":"https:\/\/kparts-watersports.com\/es\/wp-json\/wp\/v2\/product\/14643","targetHints":{"allow":["GET"]}}],"collection":[{"href":"https:\/\/kparts-watersports.com\/es\/wp-json\/wp\/v2\/product"}],"about":[{"href":"https:\/\/kparts-watersports.com\/es\/wp-json\/wp\/v2\/types\/product"}],"replies":[{"embeddable":true,"href":"https:\/\/kparts-watersports.com\/es\/wp-json\/wp\/v2\/comments?post=14643"}],"wp:featuredmedia":[{"embeddable":true,"href":"https:\/\/kparts-watersports.com\/es\/wp-json\/wp\/v2\/media\/14649"}],"wp:attachment":[{"href":"https:\/\/kparts-watersports.com\/es\/wp-json\/wp\/v2\/media?parent=14643"}],"wp:term":[{"taxonomy":"product_brand","embeddable":true,"href":"https:\/\/kparts-watersports.com\/es\/wp-json\/wp\/v2\/product_brand?post=14643"},{"taxonomy":"product_cat","embeddable":true,"href":"https:\/\/kparts-watersports.com\/es\/wp-json\/wp\/v2\/product_cat?post=14643"},{"taxonomy":"product_tag","embeddable":true,"href":"https:\/\/kparts-watersports.com\/es\/wp-json\/wp\/v2\/product_tag?post=14643"}],"curies":[{"name":"wp","href":"https:\/\/api.w.org\/{rel}","templated":true}]}}