{"id":14668,"date":"2025-06-29T16:31:33","date_gmt":"2025-06-29T14:31:33","guid":{"rendered":"https:\/\/kparts-watersports.com\/produit\/funda-de-mastil-universal\/"},"modified":"2025-06-29T16:31:33","modified_gmt":"2025-06-29T14:31:33","slug":"funda-de-mastil-universal","status":"publish","type":"product","link":"https:\/\/kparts-watersports.com\/es\/produit\/funda-de-mastil-universal\/","title":{"rendered":"Funda de m\u00e1stil universal"},"content":{"rendered":"<p>Funda de m\u00e1stil universal y ajustable en longitud gracias a la correa en la base.<\/p>\n<p>De alta calidad para una protecci\u00f3n m\u00e1xima de tu m\u00e1stil cuando no lo est\u00e9s utilizando.<\/p>\n<p>La funda incorpora una protecci\u00f3n integrada para la platina con un amplio cierre de velcro para sujeci\u00f3n.<\/p>\n<p>Compatible con m\u00e1stiles de 75 a 90 cm.<\/p>\n","protected":false},"excerpt":{"rendered":"<p>Funda de m\u00e1stil universal y ajustable en longitud gracias a la correa en la base. De alta calidad para una protecci\u00f3n m\u00e1xima de tu m\u00e1stil cuando no lo est\u00e9s utilizando. La funda incorpora una protecci\u00f3n integrada para la platina con un amplio cierre de velcro para sujeci\u00f3n. Compatible con m\u00e1stiles de 75 a 90 cm.<\/p>\n","protected":false},"featured_media":14675,"comment_status":"open","ping_status":"closed","template":"","meta":{"site-sidebar-layout":"default","site-content-layout":"","ast-site-content-layout":"default","site-content-style":"default","site-sidebar-style":"default","ast-global-header-display":"","ast-banner-title-visibility":"","ast-main-header-display":"","ast-hfb-above-header-display":"","ast-hfb-below-header-display":"","ast-hfb-mobile-header-display":"","site-post-title":"","ast-breadcrumbs-content":"","ast-featured-img":"","footer-sml-layout":"","ast-disable-related-posts":"","theme-transparent-header-meta":"default","adv-header-id-meta":"","stick-header-meta":"","header-above-stick-meta":"","header-main-stick-meta":"","header-below-stick-meta":"","astra-migrate-meta-layouts":"default","ast-page-background-enabled":"default","ast-page-background-meta":{"desktop":{"background-color":"var(--ast-global-color-4)","background-image":"","background-repeat":"repeat","background-position":"center center","background-size":"auto","background-attachment":"scroll","background-type":"","background-media":"","overlay-type":"","overlay-color":"","overlay-opacity":"","overlay-gradient":""},"tablet":{"background-color":"","background-image":"","background-repeat":"repeat","background-position":"center center","background-size":"auto","background-attachment":"scroll","background-type":"","background-media":"","overlay-type":"","overlay-color":"","overlay-opacity":"","overlay-gradient":""},"mobile":{"background-color":"","background-image":"","background-repeat":"repeat","background-position":"center center","background-size":"auto","background-attachment":"scroll","background-type":"","background-media":"","overlay-type":"","overlay-color":"","overlay-opacity":"","overlay-gradient":""}},"ast-content-background-meta":{"desktop":{"background-color":"var(--ast-global-color-5)","background-image":"","background-repeat":"repeat","background-position":"center center","background-size":"auto","background-attachment":"scroll","background-type":"","background-media":"","overlay-type":"","overlay-color":"","overlay-opacity":"","overlay-gradient":""},"tablet":{"background-color":"var(--ast-global-color-5)","background-image":"","background-repeat":"repeat","background-position":"center center","background-size":"auto","background-attachment":"scroll","background-type":"","background-media":"","overlay-type":"","overlay-color":"","overlay-opacity":"","overlay-gradient":""},"mobile":{"background-color":"var(--ast-global-color-5)","background-image":"","background-repeat":"repeat","background-position":"center center","background-size":"auto","background-attachment":"scroll","background-type":"","background-media":"","overlay-type":"","overlay-color":"","overlay-opacity":"","overlay-gradient":""}}},"product_brand":[],"product_cat":[230,210,216],"product_tag":[],"class_list":{"0":"post-14668","1":"product","2":"type-product","3":"status-publish","4":"has-post-thumbnail","6":"product_cat-accesorios-varios-y-tornilleria","7":"product_cat-foils","8":"product_cat-mastiles","9":"desktop-align-center","10":"tablet-align-left","11":"mobile-align-left","12":"tm-no-options","14":"first","15":"instock","16":"taxable","17":"shipping-taxable","18":"purchasable","19":"product-type-simple"},"yoast_head":"<!-- This site is optimized with the Yoast SEO plugin v27.3 - https:\/\/yoast.com\/product\/yoast-seo-wordpress\/ -->\n<title>Funda de m\u00e1stil universal - KPARTS WATERSPORTS<\/title>\n<meta name=\"robots\" content=\"index, follow, max-snippet:-1, max-image-preview:large, max-video-preview:-1\" \/>\n<link rel=\"canonical\" href=\"https:\/\/kparts-watersports.com\/es\/produit\/funda-de-mastil-universal\/\" \/>\n<meta property=\"og:locale\" content=\"es_ES\" \/>\n<meta property=\"og:type\" content=\"article\" \/>\n<meta property=\"og:title\" content=\"Funda de m\u00e1stil universal - KPARTS WATERSPORTS\" \/>\n<meta property=\"og:description\" content=\"Funda de m\u00e1stil universal y ajustable en longitud gracias a la correa en la base. De alta calidad para una protecci\u00f3n m\u00e1xima de tu m\u00e1stil cuando no lo est\u00e9s utilizando. La funda incorpora una protecci\u00f3n integrada para la platina con un amplio cierre de velcro para sujeci\u00f3n. Compatible con m\u00e1stiles de 75 a 90 cm.\" \/>\n<meta property=\"og:url\" content=\"https:\/\/kparts-watersports.com\/es\/produit\/funda-de-mastil-universal\/\" \/>\n<meta property=\"og:site_name\" content=\"KPARTS WATERSPORTS\" \/>\n<meta property=\"article:publisher\" content=\"https:\/\/www.facebook.com\/people\/AP-3D-Custom\/100076804732870\/\" \/>\n<meta property=\"og:image\" content=\"https:\/\/kparts-watersports.com\/wp-content\/uploads\/2025\/06\/Housse-de-mat-universelle-WINGFOIL.webp\" \/>\n\t<meta property=\"og:image:width\" content=\"1080\" \/>\n\t<meta property=\"og:image:height\" content=\"1080\" \/>\n\t<meta property=\"og:image:type\" content=\"image\/webp\" \/>\n<meta name=\"twitter:card\" content=\"summary_large_image\" \/>\n<script type=\"application\/ld+json\" class=\"yoast-schema-graph\">{\"@context\":\"https:\\\/\\\/schema.org\",\"@graph\":[{\"@type\":\"WebPage\",\"@id\":\"https:\\\/\\\/kparts-watersports.com\\\/es\\\/produit\\\/funda-de-mastil-universal\\\/\",\"url\":\"https:\\\/\\\/kparts-watersports.com\\\/es\\\/produit\\\/funda-de-mastil-universal\\\/\",\"name\":\"Funda de m\u00e1stil universal - KPARTS WATERSPORTS\",\"isPartOf\":{\"@id\":\"https:\\\/\\\/blanchedalmond-oryx-541128.hostingersite.com\\\/#website\"},\"primaryImageOfPage\":{\"@id\":\"https:\\\/\\\/kparts-watersports.com\\\/es\\\/produit\\\/funda-de-mastil-universal\\\/#primaryimage\"},\"image\":{\"@id\":\"https:\\\/\\\/kparts-watersports.com\\\/es\\\/produit\\\/funda-de-mastil-universal\\\/#primaryimage\"},\"thumbnailUrl\":\"https:\\\/\\\/kparts-watersports.com\\\/wp-content\\\/uploads\\\/2025\\\/06\\\/Housse-de-mat-universelle-WINGFOIL.webp\",\"datePublished\":\"2025-06-29T14:31:33+00:00\",\"breadcrumb\":{\"@id\":\"https:\\\/\\\/kparts-watersports.com\\\/es\\\/produit\\\/funda-de-mastil-universal\\\/#breadcrumb\"},\"inLanguage\":\"es-ES\",\"potentialAction\":[{\"@type\":\"ReadAction\",\"target\":[\"https:\\\/\\\/kparts-watersports.com\\\/es\\\/produit\\\/funda-de-mastil-universal\\\/\"]}]},{\"@type\":\"ImageObject\",\"inLanguage\":\"es-ES\",\"@id\":\"https:\\\/\\\/kparts-watersports.com\\\/es\\\/produit\\\/funda-de-mastil-universal\\\/#primaryimage\",\"url\":\"https:\\\/\\\/kparts-watersports.com\\\/wp-content\\\/uploads\\\/2025\\\/06\\\/Housse-de-mat-universelle-WINGFOIL.webp\",\"contentUrl\":\"https:\\\/\\\/kparts-watersports.com\\\/wp-content\\\/uploads\\\/2025\\\/06\\\/Housse-de-mat-universelle-WINGFOIL.webp\",\"width\":1080,\"height\":1080,\"caption\":\"Housse de m\u00e2t universelle - WINGFOIL\"},{\"@type\":\"BreadcrumbList\",\"@id\":\"https:\\\/\\\/kparts-watersports.com\\\/es\\\/produit\\\/funda-de-mastil-universal\\\/#breadcrumb\",\"itemListElement\":[{\"@type\":\"ListItem\",\"position\":1,\"name\":\"Accueil\",\"item\":\"https:\\\/\\\/kparts-watersports.com\\\/es\\\/inicio\\\/\"},{\"@type\":\"ListItem\",\"position\":2,\"name\":\"Tienda\",\"item\":\"https:\\\/\\\/kparts-watersports.com\\\/es\\\/tienda\\\/\"},{\"@type\":\"ListItem\",\"position\":3,\"name\":\"Funda de m\u00e1stil universal\"}]},{\"@type\":\"WebSite\",\"@id\":\"https:\\\/\\\/blanchedalmond-oryx-541128.hostingersite.com\\\/#website\",\"url\":\"https:\\\/\\\/blanchedalmond-oryx-541128.hostingersite.com\\\/\",\"name\":\"KPARTS WATERSPORTS\",\"description\":\"Accessoires custom pour sports nautiques\",\"publisher\":{\"@id\":\"https:\\\/\\\/blanchedalmond-oryx-541128.hostingersite.com\\\/#organization\"},\"potentialAction\":[{\"@type\":\"SearchAction\",\"target\":{\"@type\":\"EntryPoint\",\"urlTemplate\":\"https:\\\/\\\/blanchedalmond-oryx-541128.hostingersite.com\\\/?s={search_term_string}\"},\"query-input\":{\"@type\":\"PropertyValueSpecification\",\"valueRequired\":true,\"valueName\":\"search_term_string\"}}],\"inLanguage\":\"es-ES\"},{\"@type\":\"Organization\",\"@id\":\"https:\\\/\\\/blanchedalmond-oryx-541128.hostingersite.com\\\/#organization\",\"name\":\"KPARTS WATERSPORTS\",\"url\":\"https:\\\/\\\/blanchedalmond-oryx-541128.hostingersite.com\\\/\",\"logo\":{\"@type\":\"ImageObject\",\"inLanguage\":\"es-ES\",\"@id\":\"https:\\\/\\\/blanchedalmond-oryx-541128.hostingersite.com\\\/#\\\/schema\\\/logo\\\/image\\\/\",\"url\":\"https:\\\/\\\/kparts-watersports.ovh\\\/wp-content\\\/uploads\\\/2024\\\/09\\\/Kparts-Logo-Favicon.jpg\",\"contentUrl\":\"https:\\\/\\\/kparts-watersports.ovh\\\/wp-content\\\/uploads\\\/2024\\\/09\\\/Kparts-Logo-Favicon.jpg\",\"width\":600,\"height\":600,\"caption\":\"KPARTS WATERSPORTS\"},\"image\":{\"@id\":\"https:\\\/\\\/blanchedalmond-oryx-541128.hostingersite.com\\\/#\\\/schema\\\/logo\\\/image\\\/\"},\"sameAs\":[\"https:\\\/\\\/www.facebook.com\\\/people\\\/AP-3D-Custom\\\/100076804732870\\\/\",\"https:\\\/\\\/www.instagram.com\\\/ap3dcustom\\\/\"]}]}<\/script>\n<!-- \/ Yoast SEO plugin. -->","yoast_head_json":{"title":"Funda de m\u00e1stil universal - KPARTS WATERSPORTS","robots":{"index":"index","follow":"follow","max-snippet":"max-snippet:-1","max-image-preview":"max-image-preview:large","max-video-preview":"max-video-preview:-1"},"canonical":"https:\/\/kparts-watersports.com\/es\/produit\/funda-de-mastil-universal\/","og_locale":"es_ES","og_type":"article","og_title":"Funda de m\u00e1stil universal - KPARTS WATERSPORTS","og_description":"Funda de m\u00e1stil universal y ajustable en longitud gracias a la correa en la base. De alta calidad para una protecci\u00f3n m\u00e1xima de tu m\u00e1stil cuando no lo est\u00e9s utilizando. La funda incorpora una protecci\u00f3n integrada para la platina con un amplio cierre de velcro para sujeci\u00f3n. Compatible con m\u00e1stiles de 75 a 90 cm.","og_url":"https:\/\/kparts-watersports.com\/es\/produit\/funda-de-mastil-universal\/","og_site_name":"KPARTS WATERSPORTS","article_publisher":"https:\/\/www.facebook.com\/people\/AP-3D-Custom\/100076804732870\/","og_image":[{"width":1080,"height":1080,"url":"https:\/\/kparts-watersports.com\/wp-content\/uploads\/2025\/06\/Housse-de-mat-universelle-WINGFOIL.webp","type":"image\/webp"}],"twitter_card":"summary_large_image","schema":{"@context":"https:\/\/schema.org","@graph":[{"@type":"WebPage","@id":"https:\/\/kparts-watersports.com\/es\/produit\/funda-de-mastil-universal\/","url":"https:\/\/kparts-watersports.com\/es\/produit\/funda-de-mastil-universal\/","name":"Funda de m\u00e1stil universal - KPARTS WATERSPORTS","isPartOf":{"@id":"https:\/\/blanchedalmond-oryx-541128.hostingersite.com\/#website"},"primaryImageOfPage":{"@id":"https:\/\/kparts-watersports.com\/es\/produit\/funda-de-mastil-universal\/#primaryimage"},"image":{"@id":"https:\/\/kparts-watersports.com\/es\/produit\/funda-de-mastil-universal\/#primaryimage"},"thumbnailUrl":"https:\/\/kparts-watersports.com\/wp-content\/uploads\/2025\/06\/Housse-de-mat-universelle-WINGFOIL.webp","datePublished":"2025-06-29T14:31:33+00:00","breadcrumb":{"@id":"https:\/\/kparts-watersports.com\/es\/produit\/funda-de-mastil-universal\/#breadcrumb"},"inLanguage":"es-ES","potentialAction":[{"@type":"ReadAction","target":["https:\/\/kparts-watersports.com\/es\/produit\/funda-de-mastil-universal\/"]}]},{"@type":"ImageObject","inLanguage":"es-ES","@id":"https:\/\/kparts-watersports.com\/es\/produit\/funda-de-mastil-universal\/#primaryimage","url":"https:\/\/kparts-watersports.com\/wp-content\/uploads\/2025\/06\/Housse-de-mat-universelle-WINGFOIL.webp","contentUrl":"https:\/\/kparts-watersports.com\/wp-content\/uploads\/2025\/06\/Housse-de-mat-universelle-WINGFOIL.webp","width":1080,"height":1080,"caption":"Housse de m\u00e2t universelle - WINGFOIL"},{"@type":"BreadcrumbList","@id":"https:\/\/kparts-watersports.com\/es\/produit\/funda-de-mastil-universal\/#breadcrumb","itemListElement":[{"@type":"ListItem","position":1,"name":"Accueil","item":"https:\/\/kparts-watersports.com\/es\/inicio\/"},{"@type":"ListItem","position":2,"name":"Tienda","item":"https:\/\/kparts-watersports.com\/es\/tienda\/"},{"@type":"ListItem","position":3,"name":"Funda de m\u00e1stil universal"}]},{"@type":"WebSite","@id":"https:\/\/blanchedalmond-oryx-541128.hostingersite.com\/#website","url":"https:\/\/blanchedalmond-oryx-541128.hostingersite.com\/","name":"KPARTS WATERSPORTS","description":"Accessoires custom pour sports nautiques","publisher":{"@id":"https:\/\/blanchedalmond-oryx-541128.hostingersite.com\/#organization"},"potentialAction":[{"@type":"SearchAction","target":{"@type":"EntryPoint","urlTemplate":"https:\/\/blanchedalmond-oryx-541128.hostingersite.com\/?s={search_term_string}"},"query-input":{"@type":"PropertyValueSpecification","valueRequired":true,"valueName":"search_term_string"}}],"inLanguage":"es-ES"},{"@type":"Organization","@id":"https:\/\/blanchedalmond-oryx-541128.hostingersite.com\/#organization","name":"KPARTS WATERSPORTS","url":"https:\/\/blanchedalmond-oryx-541128.hostingersite.com\/","logo":{"@type":"ImageObject","inLanguage":"es-ES","@id":"https:\/\/blanchedalmond-oryx-541128.hostingersite.com\/#\/schema\/logo\/image\/","url":"https:\/\/kparts-watersports.ovh\/wp-content\/uploads\/2024\/09\/Kparts-Logo-Favicon.jpg","contentUrl":"https:\/\/kparts-watersports.ovh\/wp-content\/uploads\/2024\/09\/Kparts-Logo-Favicon.jpg","width":600,"height":600,"caption":"KPARTS WATERSPORTS"},"image":{"@id":"https:\/\/blanchedalmond-oryx-541128.hostingersite.com\/#\/schema\/logo\/image\/"},"sameAs":["https:\/\/www.facebook.com\/people\/AP-3D-Custom\/100076804732870\/","https:\/\/www.instagram.com\/ap3dcustom\/"]}]}},"jetpack_sharing_enabled":true,"_links":{"self":[{"href":"https:\/\/kparts-watersports.com\/es\/wp-json\/wp\/v2\/product\/14668","targetHints":{"allow":["GET"]}}],"collection":[{"href":"https:\/\/kparts-watersports.com\/es\/wp-json\/wp\/v2\/product"}],"about":[{"href":"https:\/\/kparts-watersports.com\/es\/wp-json\/wp\/v2\/types\/product"}],"replies":[{"embeddable":true,"href":"https:\/\/kparts-watersports.com\/es\/wp-json\/wp\/v2\/comments?post=14668"}],"wp:featuredmedia":[{"embeddable":true,"href":"https:\/\/kparts-watersports.com\/es\/wp-json\/wp\/v2\/media\/14675"}],"wp:attachment":[{"href":"https:\/\/kparts-watersports.com\/es\/wp-json\/wp\/v2\/media?parent=14668"}],"wp:term":[{"taxonomy":"product_brand","embeddable":true,"href":"https:\/\/kparts-watersports.com\/es\/wp-json\/wp\/v2\/product_brand?post=14668"},{"taxonomy":"product_cat","embeddable":true,"href":"https:\/\/kparts-watersports.com\/es\/wp-json\/wp\/v2\/product_cat?post=14668"},{"taxonomy":"product_tag","embeddable":true,"href":"https:\/\/kparts-watersports.com\/es\/wp-json\/wp\/v2\/product_tag?post=14668"}],"curies":[{"name":"wp","href":"https:\/\/api.w.org\/{rel}","templated":true}]}}