{"id":14685,"date":"2025-06-30T02:10:30","date_gmt":"2025-06-30T00:10:30","guid":{"rendered":"https:\/\/kparts-watersports.com\/produit\/juego-de-10-calas-de-rake-para-iqfoil-windfoil\/"},"modified":"2026-04-23T16:09:41","modified_gmt":"2026-04-23T14:09:41","slug":"juego-de-10-calas-de-rake-para-iqfoil-windfoil","status":"publish","type":"product","link":"https:\/\/kparts-watersports.com\/es\/produit\/juego-de-10-calas-de-rake-para-iqfoil-windfoil\/","title":{"rendered":"Juego de 10 calas de rake para IQFOIL &#8211; WINDFOIL"},"content":{"rendered":"<p>Calas para colocar en el fondo del cajet\u00edn de tu tabla IQFOIL.<\/p>\n<p>Si no tienes una tabla IQFOIL, te recomendamos estas calas:<br \/> <a href=\"https:\/\/www.ap3dcustom.com\/products\/WINDFOIL-Rake-shims-for-deep-tuttle-box-p482565478\">https:\/\/www.ap3dcustom.com\/products\/WINDFOIL-Rake-&#8230;<\/a><\/p>\n<p>Desarrollado con competidores de IQFOIL, este set de 10 calas permite ajustar con la m\u00e1xima precisi\u00f3n el rake de tu foil (el \u00e1ngulo entre la carena de la tabla y el conjunto m\u00e1stil-fuselaje).<\/p>\n<p>Las calas van de +0,5 mm a +5 mm y corresponden a un \u00e1ngulo adicional te\u00f3rico de +0,2\u00b0 a +2,0\u00b0 (\u00b10,1\u00b0).<\/p>\n<p>Se entregan con una caja de almacenamiento a medida.<\/p>\n<p>R\u00e9alis\u00e9es en impression 3D dans un mat\u00e9riau tr\u00e8s rigide r\u00e9sistant \u00e0 la compression (PETG)<\/p>\n<p>Possibilit\u00e9 de commander en suppl\u00e9ment :<\/p>\n<p>&#8211; 2 rondelles INOX 316 de 6mm (arri\u00e8re) et 4mm (avant) taill\u00e9es sur mesure pour les planches IQ foil. Ces rondelles sont bien plus \u00e9paisses et rigides que celles se trouvant d\u00e9j\u00e0 en magasin. <\/p>\n<p>Kit de herramientas para medir y ajustar los \u00e1ngulos del ala delantera y del estabilizador. Ver descripci\u00f3n completa: <a href=\"https:\/\/www.ap3dcustom.com\/products\/Adjustable-angle-measuring-tools-p500651045\">https:\/\/www.ap3dcustom.com\/products\/Adjustable-ang&#8230;<\/a> <\/p>\n","protected":false},"excerpt":{"rendered":"<p>Calas para colocar en el fondo del cajet\u00edn de tu tabla IQFOIL. Si no tienes una tabla IQFOIL, te recomendamos estas calas: https:\/\/www.ap3dcustom.com\/products\/WINDFOIL-Rake-&#8230; Desarrollado con competidores de IQFOIL, este set de 10 calas permite ajustar con la m\u00e1xima precisi\u00f3n el rake de tu foil (el \u00e1ngulo entre la carena de la tabla y el conjunto m\u00e1stil-fuselaje). Las calas van de +0,5 mm a +5 mm y corresponden a un \u00e1ngulo adicional te\u00f3rico de +0,2\u00b0 a +2,0\u00b0 (\u00b10,1\u00b0). Se entregan con una caja de almacenamiento a medida. R\u00e9alis\u00e9es en impression 3D dans un mat\u00e9riau tr\u00e8s rigide r\u00e9sistant \u00e0 la compression (PETG) Possibilit\u00e9 de commander en suppl\u00e9ment : &#8211; 2 rondelles INOX 316 de 6mm (arri\u00e8re) et 4mm (avant) taill\u00e9es sur mesure pour les planches IQ foil. Ces rondelles sont bien plus \u00e9paisses et rigides que celles se trouvant d\u00e9j\u00e0 en magasin. Kit de herramientas para medir y ajustar los \u00e1ngulos del ala delantera y del estabilizador. Ver descripci\u00f3n completa: https:\/\/www.ap3dcustom.com\/products\/Adjustable-ang&#8230;<\/p>\n","protected":false},"featured_media":14686,"comment_status":"open","ping_status":"closed","template":"","meta":{"site-sidebar-layout":"default","site-content-layout":"","ast-site-content-layout":"default","site-content-style":"default","site-sidebar-style":"default","ast-global-header-display":"","ast-banner-title-visibility":"","ast-main-header-display":"","ast-hfb-above-header-display":"","ast-hfb-below-header-display":"","ast-hfb-mobile-header-display":"","site-post-title":"","ast-breadcrumbs-content":"","ast-featured-img":"","footer-sml-layout":"","ast-disable-related-posts":"","theme-transparent-header-meta":"default","adv-header-id-meta":"","stick-header-meta":"","header-above-stick-meta":"","header-main-stick-meta":"","header-below-stick-meta":"","astra-migrate-meta-layouts":"default","ast-page-background-enabled":"default","ast-page-background-meta":{"desktop":{"background-color":"var(--ast-global-color-4)","background-image":"","background-repeat":"repeat","background-position":"center center","background-size":"auto","background-attachment":"scroll","background-type":"","background-media":"","overlay-type":"","overlay-color":"","overlay-opacity":"","overlay-gradient":""},"tablet":{"background-color":"","background-image":"","background-repeat":"repeat","background-position":"center center","background-size":"auto","background-attachment":"scroll","background-type":"","background-media":"","overlay-type":"","overlay-color":"","overlay-opacity":"","overlay-gradient":""},"mobile":{"background-color":"","background-image":"","background-repeat":"repeat","background-position":"center center","background-size":"auto","background-attachment":"scroll","background-type":"","background-media":"","overlay-type":"","overlay-color":"","overlay-opacity":"","overlay-gradient":""}},"ast-content-background-meta":{"desktop":{"background-color":"var(--ast-global-color-5)","background-image":"","background-repeat":"repeat","background-position":"center center","background-size":"auto","background-attachment":"scroll","background-type":"","background-media":"","overlay-type":"","overlay-color":"","overlay-opacity":"","overlay-gradient":""},"tablet":{"background-color":"var(--ast-global-color-5)","background-image":"","background-repeat":"repeat","background-position":"center center","background-size":"auto","background-attachment":"scroll","background-type":"","background-media":"","overlay-type":"","overlay-color":"","overlay-opacity":"","overlay-gradient":""},"mobile":{"background-color":"var(--ast-global-color-5)","background-image":"","background-repeat":"repeat","background-position":"center center","background-size":"auto","background-attachment":"scroll","background-type":"","background-media":"","overlay-type":"","overlay-color":"","overlay-opacity":"","overlay-gradient":""}}},"product_brand":[],"product_cat":[238],"product_tag":[],"class_list":{"0":"post-14685","1":"product","2":"type-product","3":"status-publish","4":"has-post-thumbnail","6":"product_cat-accesorios-windfoil","7":"desktop-align-center","8":"tablet-align-left","9":"mobile-align-left","10":"tm-no-options","12":"first","13":"instock","14":"taxable","15":"shipping-taxable","16":"purchasable","17":"product-type-variable"},"yoast_head":"<!-- This site is optimized with the Yoast SEO plugin v27.3 - https:\/\/yoast.com\/product\/yoast-seo-wordpress\/ -->\n<title>Juego de 10 calas de rake para IQFOIL - WINDFOIL - KPARTS WATERSPORTS<\/title>\n<meta name=\"robots\" content=\"index, follow, max-snippet:-1, max-image-preview:large, max-video-preview:-1\" \/>\n<link rel=\"canonical\" href=\"https:\/\/kparts-watersports.com\/es\/produit\/juego-de-10-calas-de-rake-para-iqfoil-windfoil\/\" \/>\n<meta property=\"og:locale\" content=\"es_ES\" \/>\n<meta property=\"og:type\" content=\"article\" \/>\n<meta property=\"og:title\" content=\"Juego de 10 calas de rake para IQFOIL - WINDFOIL - KPARTS WATERSPORTS\" \/>\n<meta property=\"og:description\" content=\"Calas para colocar en el fondo del cajet\u00edn de tu tabla IQFOIL. Si no tienes una tabla IQFOIL, te recomendamos estas calas: https:\/\/www.ap3dcustom.com\/products\/WINDFOIL-Rake-&#8230; Desarrollado con competidores de IQFOIL, este set de 10 calas permite ajustar con la m\u00e1xima precisi\u00f3n el rake de tu foil (el \u00e1ngulo entre la carena de la tabla y el conjunto m\u00e1stil-fuselaje). Las calas van de +0,5 mm a +5 mm y corresponden a un \u00e1ngulo adicional te\u00f3rico de +0,2\u00b0 a +2,0\u00b0 (\u00b10,1\u00b0). Se entregan con una caja de almacenamiento a medida. R\u00e9alis\u00e9es en impression 3D dans un mat\u00e9riau tr\u00e8s rigide r\u00e9sistant \u00e0 la compression (PETG) Possibilit\u00e9 de commander en suppl\u00e9ment : &#8211; 2 rondelles INOX 316 de 6mm (arri\u00e8re) et 4mm (avant) taill\u00e9es sur mesure pour les planches IQ foil. Ces rondelles sont bien plus \u00e9paisses et rigides que celles se trouvant d\u00e9j\u00e0 en magasin. Kit de herramientas para medir y ajustar los \u00e1ngulos del ala delantera y del estabilizador. Ver descripci\u00f3n completa: https:\/\/www.ap3dcustom.com\/products\/Adjustable-ang&#8230;\" \/>\n<meta property=\"og:url\" content=\"https:\/\/kparts-watersports.com\/es\/produit\/juego-de-10-calas-de-rake-para-iqfoil-windfoil\/\" \/>\n<meta property=\"og:site_name\" content=\"KPARTS WATERSPORTS\" \/>\n<meta property=\"article:publisher\" content=\"https:\/\/www.facebook.com\/people\/AP-3D-Custom\/100076804732870\/\" \/>\n<meta property=\"article:modified_time\" content=\"2026-04-23T14:09:41+00:00\" \/>\n<meta property=\"og:image\" content=\"https:\/\/kparts-watersports.com\/wp-content\/uploads\/2025\/06\/Ensemble-10-cales-de-rake-pour-IQFOIL\u00ae-WINDFOIL.webp\" \/>\n\t<meta property=\"og:image:width\" content=\"1500\" \/>\n\t<meta property=\"og:image:height\" content=\"1125\" \/>\n\t<meta property=\"og:image:type\" content=\"image\/webp\" \/>\n<meta name=\"twitter:card\" content=\"summary_large_image\" \/>\n<meta name=\"twitter:label1\" content=\"Tiempo de lectura\" \/>\n\t<meta name=\"twitter:data1\" content=\"1 minute\" \/>\n<script type=\"application\/ld+json\" class=\"yoast-schema-graph\">{\"@context\":\"https:\\\/\\\/schema.org\",\"@graph\":[{\"@type\":\"WebPage\",\"@id\":\"https:\\\/\\\/kparts-watersports.com\\\/es\\\/produit\\\/juego-de-10-calas-de-rake-para-iqfoil-windfoil\\\/\",\"url\":\"https:\\\/\\\/kparts-watersports.com\\\/es\\\/produit\\\/juego-de-10-calas-de-rake-para-iqfoil-windfoil\\\/\",\"name\":\"Juego de 10 calas de rake para IQFOIL - WINDFOIL - KPARTS WATERSPORTS\",\"isPartOf\":{\"@id\":\"https:\\\/\\\/blanchedalmond-oryx-541128.hostingersite.com\\\/#website\"},\"primaryImageOfPage\":{\"@id\":\"https:\\\/\\\/kparts-watersports.com\\\/es\\\/produit\\\/juego-de-10-calas-de-rake-para-iqfoil-windfoil\\\/#primaryimage\"},\"image\":{\"@id\":\"https:\\\/\\\/kparts-watersports.com\\\/es\\\/produit\\\/juego-de-10-calas-de-rake-para-iqfoil-windfoil\\\/#primaryimage\"},\"thumbnailUrl\":\"https:\\\/\\\/kparts-watersports.com\\\/wp-content\\\/uploads\\\/2025\\\/06\\\/Ensemble-10-cales-de-rake-pour-IQFOIL\u00ae-WINDFOIL.webp\",\"datePublished\":\"2025-06-30T00:10:30+00:00\",\"dateModified\":\"2026-04-23T14:09:41+00:00\",\"breadcrumb\":{\"@id\":\"https:\\\/\\\/kparts-watersports.com\\\/es\\\/produit\\\/juego-de-10-calas-de-rake-para-iqfoil-windfoil\\\/#breadcrumb\"},\"inLanguage\":\"es-ES\",\"potentialAction\":[{\"@type\":\"ReadAction\",\"target\":[\"https:\\\/\\\/kparts-watersports.com\\\/es\\\/produit\\\/juego-de-10-calas-de-rake-para-iqfoil-windfoil\\\/\"]}]},{\"@type\":\"ImageObject\",\"inLanguage\":\"es-ES\",\"@id\":\"https:\\\/\\\/kparts-watersports.com\\\/es\\\/produit\\\/juego-de-10-calas-de-rake-para-iqfoil-windfoil\\\/#primaryimage\",\"url\":\"https:\\\/\\\/kparts-watersports.com\\\/wp-content\\\/uploads\\\/2025\\\/06\\\/Ensemble-10-cales-de-rake-pour-IQFOIL\u00ae-WINDFOIL.webp\",\"contentUrl\":\"https:\\\/\\\/kparts-watersports.com\\\/wp-content\\\/uploads\\\/2025\\\/06\\\/Ensemble-10-cales-de-rake-pour-IQFOIL\u00ae-WINDFOIL.webp\",\"width\":1500,\"height\":1125,\"caption\":\"Juego de 10 calas de rake para IQFOIL - WINDFOIL\"},{\"@type\":\"BreadcrumbList\",\"@id\":\"https:\\\/\\\/kparts-watersports.com\\\/es\\\/produit\\\/juego-de-10-calas-de-rake-para-iqfoil-windfoil\\\/#breadcrumb\",\"itemListElement\":[{\"@type\":\"ListItem\",\"position\":1,\"name\":\"Accueil\",\"item\":\"https:\\\/\\\/kparts-watersports.com\\\/es\\\/inicio\\\/\"},{\"@type\":\"ListItem\",\"position\":2,\"name\":\"Tienda\",\"item\":\"https:\\\/\\\/kparts-watersports.com\\\/es\\\/tienda\\\/\"},{\"@type\":\"ListItem\",\"position\":3,\"name\":\"Juego de 10 calas de rake para IQFOIL &#8211; WINDFOIL\"}]},{\"@type\":\"WebSite\",\"@id\":\"https:\\\/\\\/blanchedalmond-oryx-541128.hostingersite.com\\\/#website\",\"url\":\"https:\\\/\\\/blanchedalmond-oryx-541128.hostingersite.com\\\/\",\"name\":\"KPARTS WATERSPORTS\",\"description\":\"Accessoires custom pour sports nautiques\",\"publisher\":{\"@id\":\"https:\\\/\\\/blanchedalmond-oryx-541128.hostingersite.com\\\/#organization\"},\"potentialAction\":[{\"@type\":\"SearchAction\",\"target\":{\"@type\":\"EntryPoint\",\"urlTemplate\":\"https:\\\/\\\/blanchedalmond-oryx-541128.hostingersite.com\\\/?s={search_term_string}\"},\"query-input\":{\"@type\":\"PropertyValueSpecification\",\"valueRequired\":true,\"valueName\":\"search_term_string\"}}],\"inLanguage\":\"es-ES\"},{\"@type\":\"Organization\",\"@id\":\"https:\\\/\\\/blanchedalmond-oryx-541128.hostingersite.com\\\/#organization\",\"name\":\"KPARTS WATERSPORTS\",\"url\":\"https:\\\/\\\/blanchedalmond-oryx-541128.hostingersite.com\\\/\",\"logo\":{\"@type\":\"ImageObject\",\"inLanguage\":\"es-ES\",\"@id\":\"https:\\\/\\\/blanchedalmond-oryx-541128.hostingersite.com\\\/#\\\/schema\\\/logo\\\/image\\\/\",\"url\":\"https:\\\/\\\/kparts-watersports.ovh\\\/wp-content\\\/uploads\\\/2024\\\/09\\\/Kparts-Logo-Favicon.jpg\",\"contentUrl\":\"https:\\\/\\\/kparts-watersports.ovh\\\/wp-content\\\/uploads\\\/2024\\\/09\\\/Kparts-Logo-Favicon.jpg\",\"width\":600,\"height\":600,\"caption\":\"KPARTS WATERSPORTS\"},\"image\":{\"@id\":\"https:\\\/\\\/blanchedalmond-oryx-541128.hostingersite.com\\\/#\\\/schema\\\/logo\\\/image\\\/\"},\"sameAs\":[\"https:\\\/\\\/www.facebook.com\\\/people\\\/AP-3D-Custom\\\/100076804732870\\\/\",\"https:\\\/\\\/www.instagram.com\\\/ap3dcustom\\\/\"]}]}<\/script>\n<!-- \/ Yoast SEO plugin. -->","yoast_head_json":{"title":"Juego de 10 calas de rake para IQFOIL - WINDFOIL - KPARTS WATERSPORTS","robots":{"index":"index","follow":"follow","max-snippet":"max-snippet:-1","max-image-preview":"max-image-preview:large","max-video-preview":"max-video-preview:-1"},"canonical":"https:\/\/kparts-watersports.com\/es\/produit\/juego-de-10-calas-de-rake-para-iqfoil-windfoil\/","og_locale":"es_ES","og_type":"article","og_title":"Juego de 10 calas de rake para IQFOIL - WINDFOIL - KPARTS WATERSPORTS","og_description":"Calas para colocar en el fondo del cajet\u00edn de tu tabla IQFOIL. Si no tienes una tabla IQFOIL, te recomendamos estas calas: https:\/\/www.ap3dcustom.com\/products\/WINDFOIL-Rake-&#8230; Desarrollado con competidores de IQFOIL, este set de 10 calas permite ajustar con la m\u00e1xima precisi\u00f3n el rake de tu foil (el \u00e1ngulo entre la carena de la tabla y el conjunto m\u00e1stil-fuselaje). Las calas van de +0,5 mm a +5 mm y corresponden a un \u00e1ngulo adicional te\u00f3rico de +0,2\u00b0 a +2,0\u00b0 (\u00b10,1\u00b0). Se entregan con una caja de almacenamiento a medida. R\u00e9alis\u00e9es en impression 3D dans un mat\u00e9riau tr\u00e8s rigide r\u00e9sistant \u00e0 la compression (PETG) Possibilit\u00e9 de commander en suppl\u00e9ment : &#8211; 2 rondelles INOX 316 de 6mm (arri\u00e8re) et 4mm (avant) taill\u00e9es sur mesure pour les planches IQ foil. Ces rondelles sont bien plus \u00e9paisses et rigides que celles se trouvant d\u00e9j\u00e0 en magasin. Kit de herramientas para medir y ajustar los \u00e1ngulos del ala delantera y del estabilizador. Ver descripci\u00f3n completa: https:\/\/www.ap3dcustom.com\/products\/Adjustable-ang&#8230;","og_url":"https:\/\/kparts-watersports.com\/es\/produit\/juego-de-10-calas-de-rake-para-iqfoil-windfoil\/","og_site_name":"KPARTS WATERSPORTS","article_publisher":"https:\/\/www.facebook.com\/people\/AP-3D-Custom\/100076804732870\/","article_modified_time":"2026-04-23T14:09:41+00:00","og_image":[{"width":1500,"height":1125,"url":"https:\/\/kparts-watersports.com\/wp-content\/uploads\/2025\/06\/Ensemble-10-cales-de-rake-pour-IQFOIL\u00ae-WINDFOIL.webp","type":"image\/webp"}],"twitter_card":"summary_large_image","twitter_misc":{"Tiempo de lectura":"1 minute"},"schema":{"@context":"https:\/\/schema.org","@graph":[{"@type":"WebPage","@id":"https:\/\/kparts-watersports.com\/es\/produit\/juego-de-10-calas-de-rake-para-iqfoil-windfoil\/","url":"https:\/\/kparts-watersports.com\/es\/produit\/juego-de-10-calas-de-rake-para-iqfoil-windfoil\/","name":"Juego de 10 calas de rake para IQFOIL - WINDFOIL - KPARTS WATERSPORTS","isPartOf":{"@id":"https:\/\/blanchedalmond-oryx-541128.hostingersite.com\/#website"},"primaryImageOfPage":{"@id":"https:\/\/kparts-watersports.com\/es\/produit\/juego-de-10-calas-de-rake-para-iqfoil-windfoil\/#primaryimage"},"image":{"@id":"https:\/\/kparts-watersports.com\/es\/produit\/juego-de-10-calas-de-rake-para-iqfoil-windfoil\/#primaryimage"},"thumbnailUrl":"https:\/\/kparts-watersports.com\/wp-content\/uploads\/2025\/06\/Ensemble-10-cales-de-rake-pour-IQFOIL\u00ae-WINDFOIL.webp","datePublished":"2025-06-30T00:10:30+00:00","dateModified":"2026-04-23T14:09:41+00:00","breadcrumb":{"@id":"https:\/\/kparts-watersports.com\/es\/produit\/juego-de-10-calas-de-rake-para-iqfoil-windfoil\/#breadcrumb"},"inLanguage":"es-ES","potentialAction":[{"@type":"ReadAction","target":["https:\/\/kparts-watersports.com\/es\/produit\/juego-de-10-calas-de-rake-para-iqfoil-windfoil\/"]}]},{"@type":"ImageObject","inLanguage":"es-ES","@id":"https:\/\/kparts-watersports.com\/es\/produit\/juego-de-10-calas-de-rake-para-iqfoil-windfoil\/#primaryimage","url":"https:\/\/kparts-watersports.com\/wp-content\/uploads\/2025\/06\/Ensemble-10-cales-de-rake-pour-IQFOIL\u00ae-WINDFOIL.webp","contentUrl":"https:\/\/kparts-watersports.com\/wp-content\/uploads\/2025\/06\/Ensemble-10-cales-de-rake-pour-IQFOIL\u00ae-WINDFOIL.webp","width":1500,"height":1125,"caption":"Juego de 10 calas de rake para IQFOIL - WINDFOIL"},{"@type":"BreadcrumbList","@id":"https:\/\/kparts-watersports.com\/es\/produit\/juego-de-10-calas-de-rake-para-iqfoil-windfoil\/#breadcrumb","itemListElement":[{"@type":"ListItem","position":1,"name":"Accueil","item":"https:\/\/kparts-watersports.com\/es\/inicio\/"},{"@type":"ListItem","position":2,"name":"Tienda","item":"https:\/\/kparts-watersports.com\/es\/tienda\/"},{"@type":"ListItem","position":3,"name":"Juego de 10 calas de rake para IQFOIL &#8211; WINDFOIL"}]},{"@type":"WebSite","@id":"https:\/\/blanchedalmond-oryx-541128.hostingersite.com\/#website","url":"https:\/\/blanchedalmond-oryx-541128.hostingersite.com\/","name":"KPARTS WATERSPORTS","description":"Accessoires custom pour sports nautiques","publisher":{"@id":"https:\/\/blanchedalmond-oryx-541128.hostingersite.com\/#organization"},"potentialAction":[{"@type":"SearchAction","target":{"@type":"EntryPoint","urlTemplate":"https:\/\/blanchedalmond-oryx-541128.hostingersite.com\/?s={search_term_string}"},"query-input":{"@type":"PropertyValueSpecification","valueRequired":true,"valueName":"search_term_string"}}],"inLanguage":"es-ES"},{"@type":"Organization","@id":"https:\/\/blanchedalmond-oryx-541128.hostingersite.com\/#organization","name":"KPARTS WATERSPORTS","url":"https:\/\/blanchedalmond-oryx-541128.hostingersite.com\/","logo":{"@type":"ImageObject","inLanguage":"es-ES","@id":"https:\/\/blanchedalmond-oryx-541128.hostingersite.com\/#\/schema\/logo\/image\/","url":"https:\/\/kparts-watersports.ovh\/wp-content\/uploads\/2024\/09\/Kparts-Logo-Favicon.jpg","contentUrl":"https:\/\/kparts-watersports.ovh\/wp-content\/uploads\/2024\/09\/Kparts-Logo-Favicon.jpg","width":600,"height":600,"caption":"KPARTS WATERSPORTS"},"image":{"@id":"https:\/\/blanchedalmond-oryx-541128.hostingersite.com\/#\/schema\/logo\/image\/"},"sameAs":["https:\/\/www.facebook.com\/people\/AP-3D-Custom\/100076804732870\/","https:\/\/www.instagram.com\/ap3dcustom\/"]}]}},"jetpack_sharing_enabled":true,"_links":{"self":[{"href":"https:\/\/kparts-watersports.com\/es\/wp-json\/wp\/v2\/product\/14685","targetHints":{"allow":["GET"]}}],"collection":[{"href":"https:\/\/kparts-watersports.com\/es\/wp-json\/wp\/v2\/product"}],"about":[{"href":"https:\/\/kparts-watersports.com\/es\/wp-json\/wp\/v2\/types\/product"}],"replies":[{"embeddable":true,"href":"https:\/\/kparts-watersports.com\/es\/wp-json\/wp\/v2\/comments?post=14685"}],"wp:featuredmedia":[{"embeddable":true,"href":"https:\/\/kparts-watersports.com\/es\/wp-json\/wp\/v2\/media\/14686"}],"wp:attachment":[{"href":"https:\/\/kparts-watersports.com\/es\/wp-json\/wp\/v2\/media?parent=14685"}],"wp:term":[{"taxonomy":"product_brand","embeddable":true,"href":"https:\/\/kparts-watersports.com\/es\/wp-json\/wp\/v2\/product_brand?post=14685"},{"taxonomy":"product_cat","embeddable":true,"href":"https:\/\/kparts-watersports.com\/es\/wp-json\/wp\/v2\/product_cat?post=14685"},{"taxonomy":"product_tag","embeddable":true,"href":"https:\/\/kparts-watersports.com\/es\/wp-json\/wp\/v2\/product_tag?post=14685"}],"curies":[{"name":"wp","href":"https:\/\/api.w.org\/{rel}","templated":true}]}}