{"id":14722,"date":"2025-06-29T16:47:54","date_gmt":"2025-06-29T14:47:54","guid":{"rendered":"https:\/\/kparts-watersports.com\/produit\/mastil-de-aluminio-kparts-multimarca\/"},"modified":"2026-04-23T16:09:39","modified_gmt":"2026-04-23T14:09:39","slug":"mastil-de-aluminio-kparts-multimarca","status":"publish","type":"product","link":"https:\/\/kparts-watersports.com\/es\/produit\/mastil-de-aluminio-kparts-multimarca\/","title":{"rendered":"M\u00e1stil de aluminio KPARTS \u2013 Multimarca"},"content":{"rendered":"<p><strong data-redactor-tag=\"strong\">[Env\u00edo en 7 d\u00edas]<\/strong><\/p>\n<p>Hemos desarrollado este nuevo concepto de m\u00e1stil de aluminio multicompatible con un \u00fanico objetivo: ofrecerte material custom a menor coste sin sacrificar el rendimiento, y permitirte explorar diferentes foils del mercado sin arruinarte, con un m\u00e1stil de alto rendimiento y una relaci\u00f3n calidad-precio imbatible.<\/p>\n<p>Compatible con 9 marcas diferentes y 10 fuselajes (2 fuselajes para la marca GONG), adem\u00e1s de los <strong data-redactor-tag=\"strong\"><a href=\"https:\/\/kparts-watersports.com\/boutique\/MASTS-FUSELAGES-&amp;-ADAPTERS-WINGFOIL-c151687277\" target=\"_blank\" rel=\"noopener\">6 fuselajes KPARTS<\/a><\/strong> que reproducen el sistema de encaje del m\u00e1stil ALLURE\u00ae.<\/p>\n<p>Por lo tanto, puedes cambiar de una marca a otra sin preocuparte por el m\u00e1stil, gracias a nuestros diferentes adaptadores.<\/p>\n<p>Y como no hacemos las cosas a medias:<\/p>\n<ul>\n<li>Toda la torniller\u00eda para los ensamblajes adaptador\u2013m\u00e1stil\u2013platina es de <strong data-redactor-tag=\"strong\">TITANIO y en M8*.<\/strong><\/li>\n<li>La platina est\u00e1 atornillada Y pegada para garantizarte la m\u00e1xima rigidez, sin holguras y con un mantenimiento reducido.<\/li>\n<\/ul>\n<p>Esto te garantiza una mayor durabilidad y la ausencia de corrosi\u00f3n galv\u00e1nica, normalmente presente entre la torniller\u00eda de acero inoxidable y el aluminio.<\/p>\n<p>La platina cuenta con una protecci\u00f3n de caucho r\u00edgido para evitar cualquier rayadura en la carena de tu tabla.<\/p>\n<p>El perfil del m\u00e1stil tiene 115 mm de cuerda por 16 mm de grosor: seg\u00fan nosotros, \u00a1el mejor compromiso entre rigidez y deslizamiento!<br \/>Y es un perfil que no ventila: puedes cargar fuerte en wingfoil, \u00a1el m\u00e1stil no pierde adherencia ni se suelta! <\/p>\n<p><strong data-redactor-tag=\"strong\">En cuanto al peso:<\/strong><\/p>\n<ul>\n<li>El m\u00e1stil de 85 cm pesa 2,065 kg (con platina + adaptador + torniller\u00eda).<\/li>\n<li><strong data-redactor-tag=\"strong\">El de 80 cm pesa 1,965 kg.<br \/><\/strong><\/li>\n<li><strong data-redactor-tag=\"strong\">El de 75 cm pesa 1,865 kg.<br \/><\/strong><\/li>\n<\/ul>\n<p>En cuanto al mantenimiento: como todo material de aluminio en contacto con el agua salada, es necesario enjuagarlo sistem\u00e1ticamente con agua dulce para prolongar al m\u00e1ximo su durabilidad.<\/p>\n<p>Todos los elementos est\u00e1n fabricados en aluminio 6061, y posteriormente anodizados en negro.<\/p>\n<p>\u00bfAun as\u00ed quieres una platina desmontable? Cont\u00e1ctanos. <\/p>\n<p>Los tornillos para el ensamblaje m\u00e1stil \/ carena de la tabla no est\u00e1n incluidos, pero se ofrecen como opci\u00f3n.<\/p>\n<p>*Excepto el adaptador ALLURE\u00ae \/ KPARTS, M6, para el cual se suministran e instalan reductores de di\u00e1metro M8-M6 en TITANIO.<\/p>\n","protected":false},"excerpt":{"rendered":"<p>[Env\u00edo en 7 d\u00edas] Hemos desarrollado este nuevo concepto de m\u00e1stil de aluminio multicompatible con un \u00fanico objetivo: ofrecerte material custom a menor coste sin sacrificar el rendimiento, y permitirte explorar diferentes foils del mercado sin arruinarte, con un m\u00e1stil de alto rendimiento y una relaci\u00f3n calidad-precio imbatible. Compatible con 9 marcas diferentes y 10 fuselajes (2 fuselajes para la marca GONG), adem\u00e1s de los 6 fuselajes KPARTS que reproducen el sistema de encaje del m\u00e1stil ALLURE\u00ae. Por lo tanto, puedes cambiar de una marca a otra sin preocuparte por el m\u00e1stil, gracias a nuestros diferentes adaptadores. Y como no hacemos las cosas a medias: Toda la torniller\u00eda para los ensamblajes adaptador\u2013m\u00e1stil\u2013platina es de TITANIO y en M8*. La platina est\u00e1 atornillada Y pegada para garantizarte la m\u00e1xima rigidez, sin holguras y con un mantenimiento reducido. Esto te garantiza una mayor durabilidad y la ausencia de corrosi\u00f3n galv\u00e1nica, normalmente presente entre la torniller\u00eda de acero inoxidable y el aluminio. La platina cuenta con una protecci\u00f3n de caucho r\u00edgido para evitar cualquier rayadura en la carena de tu tabla. El perfil del m\u00e1stil tiene 115 mm de cuerda por 16 mm de grosor: seg\u00fan nosotros, \u00a1el mejor compromiso entre rigidez y deslizamiento!Y es un perfil que no ventila: puedes cargar fuerte en wingfoil, \u00a1el m\u00e1stil no pierde adherencia ni se suelta! En cuanto al peso: El m\u00e1stil de 85 cm pesa 2,065 kg (con platina + adaptador + torniller\u00eda). El de 80 cm pesa 1,965 kg. El de 75 cm pesa 1,865 kg. En cuanto al mantenimiento: como todo material de aluminio en contacto con el agua salada, es necesario enjuagarlo sistem\u00e1ticamente con agua dulce para prolongar al m\u00e1ximo su durabilidad. Todos los elementos est\u00e1n fabricados en aluminio 6061, y posteriormente anodizados en negro. \u00bfAun as\u00ed quieres una platina desmontable? Cont\u00e1ctanos. Los tornillos para el ensamblaje m\u00e1stil \/ carena de la tabla no est\u00e1n incluidos, pero se ofrecen como opci\u00f3n. *Excepto el adaptador ALLURE\u00ae \/ KPARTS, M6, para el cual se suministran e instalan reductores de di\u00e1metro M8-M6 en TITANIO.<\/p>\n","protected":false},"featured_media":14708,"comment_status":"open","ping_status":"closed","template":"","meta":{"site-sidebar-layout":"default","site-content-layout":"","ast-site-content-layout":"default","site-content-style":"default","site-sidebar-style":"default","ast-global-header-display":"","ast-banner-title-visibility":"","ast-main-header-display":"","ast-hfb-above-header-display":"","ast-hfb-below-header-display":"","ast-hfb-mobile-header-display":"","site-post-title":"","ast-breadcrumbs-content":"","ast-featured-img":"","footer-sml-layout":"","ast-disable-related-posts":"","theme-transparent-header-meta":"default","adv-header-id-meta":"","stick-header-meta":"","header-above-stick-meta":"","header-main-stick-meta":"","header-below-stick-meta":"","astra-migrate-meta-layouts":"default","ast-page-background-enabled":"default","ast-page-background-meta":{"desktop":{"background-color":"var(--ast-global-color-4)","background-image":"","background-repeat":"repeat","background-position":"center center","background-size":"auto","background-attachment":"scroll","background-type":"","background-media":"","overlay-type":"","overlay-color":"","overlay-opacity":"","overlay-gradient":""},"tablet":{"background-color":"","background-image":"","background-repeat":"repeat","background-position":"center center","background-size":"auto","background-attachment":"scroll","background-type":"","background-media":"","overlay-type":"","overlay-color":"","overlay-opacity":"","overlay-gradient":""},"mobile":{"background-color":"","background-image":"","background-repeat":"repeat","background-position":"center center","background-size":"auto","background-attachment":"scroll","background-type":"","background-media":"","overlay-type":"","overlay-color":"","overlay-opacity":"","overlay-gradient":""}},"ast-content-background-meta":{"desktop":{"background-color":"var(--ast-global-color-5)","background-image":"","background-repeat":"repeat","background-position":"center center","background-size":"auto","background-attachment":"scroll","background-type":"","background-media":"","overlay-type":"","overlay-color":"","overlay-opacity":"","overlay-gradient":""},"tablet":{"background-color":"var(--ast-global-color-5)","background-image":"","background-repeat":"repeat","background-position":"center center","background-size":"auto","background-attachment":"scroll","background-type":"","background-media":"","overlay-type":"","overlay-color":"","overlay-opacity":"","overlay-gradient":""},"mobile":{"background-color":"var(--ast-global-color-5)","background-image":"","background-repeat":"repeat","background-position":"center center","background-size":"auto","background-attachment":"scroll","background-type":"","background-media":"","overlay-type":"","overlay-color":"","overlay-opacity":"","overlay-gradient":""}}},"product_brand":[],"product_cat":[216],"product_tag":[],"class_list":{"0":"post-14722","1":"product","2":"type-product","3":"status-publish","4":"has-post-thumbnail","6":"product_cat-mastiles","7":"desktop-align-center","8":"tablet-align-left","9":"mobile-align-left","10":"tm-has-options","12":"first","13":"instock","14":"taxable","15":"shipping-taxable","16":"purchasable","17":"product-type-variable"},"yoast_head":"<!-- This site is optimized with the Yoast SEO plugin v27.3 - https:\/\/yoast.com\/product\/yoast-seo-wordpress\/ -->\n<title>M\u00e1stil de aluminio KPARTS \u2013 Multimarca - KPARTS WATERSPORTS<\/title>\n<meta name=\"robots\" content=\"index, follow, max-snippet:-1, max-image-preview:large, max-video-preview:-1\" \/>\n<link rel=\"canonical\" href=\"https:\/\/kparts-watersports.com\/es\/produit\/mastil-de-aluminio-kparts-multimarca\/\" \/>\n<meta property=\"og:locale\" content=\"es_ES\" \/>\n<meta property=\"og:type\" content=\"article\" \/>\n<meta property=\"og:title\" content=\"M\u00e1stil de aluminio KPARTS \u2013 Multimarca - KPARTS WATERSPORTS\" \/>\n<meta property=\"og:description\" content=\"[Env\u00edo en 7 d\u00edas] Hemos desarrollado este nuevo concepto de m\u00e1stil de aluminio multicompatible con un \u00fanico objetivo: ofrecerte material custom a menor coste sin sacrificar el rendimiento, y permitirte explorar diferentes foils del mercado sin arruinarte, con un m\u00e1stil de alto rendimiento y una relaci\u00f3n calidad-precio imbatible. Compatible con 9 marcas diferentes y 10 fuselajes (2 fuselajes para la marca GONG), adem\u00e1s de los 6 fuselajes KPARTS que reproducen el sistema de encaje del m\u00e1stil ALLURE\u00ae. Por lo tanto, puedes cambiar de una marca a otra sin preocuparte por el m\u00e1stil, gracias a nuestros diferentes adaptadores. Y como no hacemos las cosas a medias: Toda la torniller\u00eda para los ensamblajes adaptador\u2013m\u00e1stil\u2013platina es de TITANIO y en M8*. La platina est\u00e1 atornillada Y pegada para garantizarte la m\u00e1xima rigidez, sin holguras y con un mantenimiento reducido. Esto te garantiza una mayor durabilidad y la ausencia de corrosi\u00f3n galv\u00e1nica, normalmente presente entre la torniller\u00eda de acero inoxidable y el aluminio. La platina cuenta con una protecci\u00f3n de caucho r\u00edgido para evitar cualquier rayadura en la carena de tu tabla. El perfil del m\u00e1stil tiene 115 mm de cuerda por 16 mm de grosor: seg\u00fan nosotros, \u00a1el mejor compromiso entre rigidez y deslizamiento!Y es un perfil que no ventila: puedes cargar fuerte en wingfoil, \u00a1el m\u00e1stil no pierde adherencia ni se suelta! En cuanto al peso: El m\u00e1stil de 85 cm pesa 2,065 kg (con platina + adaptador + torniller\u00eda). El de 80 cm pesa 1,965 kg. El de 75 cm pesa 1,865 kg. En cuanto al mantenimiento: como todo material de aluminio en contacto con el agua salada, es necesario enjuagarlo sistem\u00e1ticamente con agua dulce para prolongar al m\u00e1ximo su durabilidad. Todos los elementos est\u00e1n fabricados en aluminio 6061, y posteriormente anodizados en negro. \u00bfAun as\u00ed quieres una platina desmontable? Cont\u00e1ctanos. Los tornillos para el ensamblaje m\u00e1stil \/ carena de la tabla no est\u00e1n incluidos, pero se ofrecen como opci\u00f3n. *Excepto el adaptador ALLURE\u00ae \/ KPARTS, M6, para el cual se suministran e instalan reductores de di\u00e1metro M8-M6 en TITANIO.\" \/>\n<meta property=\"og:url\" content=\"https:\/\/kparts-watersports.com\/es\/produit\/mastil-de-aluminio-kparts-multimarca\/\" \/>\n<meta property=\"og:site_name\" content=\"KPARTS WATERSPORTS\" \/>\n<meta property=\"article:publisher\" content=\"https:\/\/www.facebook.com\/people\/AP-3D-Custom\/100076804732870\/\" \/>\n<meta property=\"article:modified_time\" content=\"2026-04-23T14:09:39+00:00\" \/>\n<meta property=\"og:image\" content=\"https:\/\/kparts-watersports.com\/wp-content\/uploads\/2025\/06\/Mat-Aluminium-KPARTS-PACK-COMPLET-Multi-compatible.webp\" \/>\n\t<meta property=\"og:image:width\" content=\"1500\" \/>\n\t<meta property=\"og:image:height\" content=\"1500\" \/>\n\t<meta property=\"og:image:type\" content=\"image\/webp\" \/>\n<meta name=\"twitter:card\" content=\"summary_large_image\" \/>\n<meta name=\"twitter:label1\" content=\"Tiempo de lectura\" \/>\n\t<meta name=\"twitter:data1\" content=\"2 minutes\" \/>\n<script type=\"application\/ld+json\" class=\"yoast-schema-graph\">{\"@context\":\"https:\\\/\\\/schema.org\",\"@graph\":[{\"@type\":\"WebPage\",\"@id\":\"https:\\\/\\\/kparts-watersports.com\\\/es\\\/produit\\\/mastil-de-aluminio-kparts-multimarca\\\/\",\"url\":\"https:\\\/\\\/kparts-watersports.com\\\/es\\\/produit\\\/mastil-de-aluminio-kparts-multimarca\\\/\",\"name\":\"M\u00e1stil de aluminio KPARTS \u2013 Multimarca - KPARTS WATERSPORTS\",\"isPartOf\":{\"@id\":\"https:\\\/\\\/blanchedalmond-oryx-541128.hostingersite.com\\\/#website\"},\"primaryImageOfPage\":{\"@id\":\"https:\\\/\\\/kparts-watersports.com\\\/es\\\/produit\\\/mastil-de-aluminio-kparts-multimarca\\\/#primaryimage\"},\"image\":{\"@id\":\"https:\\\/\\\/kparts-watersports.com\\\/es\\\/produit\\\/mastil-de-aluminio-kparts-multimarca\\\/#primaryimage\"},\"thumbnailUrl\":\"https:\\\/\\\/kparts-watersports.com\\\/wp-content\\\/uploads\\\/2025\\\/06\\\/Mat-Aluminium-KPARTS-PACK-COMPLET-Multi-compatible.webp\",\"datePublished\":\"2025-06-29T14:47:54+00:00\",\"dateModified\":\"2026-04-23T14:09:39+00:00\",\"breadcrumb\":{\"@id\":\"https:\\\/\\\/kparts-watersports.com\\\/es\\\/produit\\\/mastil-de-aluminio-kparts-multimarca\\\/#breadcrumb\"},\"inLanguage\":\"es-ES\",\"potentialAction\":[{\"@type\":\"ReadAction\",\"target\":[\"https:\\\/\\\/kparts-watersports.com\\\/es\\\/produit\\\/mastil-de-aluminio-kparts-multimarca\\\/\"]}]},{\"@type\":\"ImageObject\",\"inLanguage\":\"es-ES\",\"@id\":\"https:\\\/\\\/kparts-watersports.com\\\/es\\\/produit\\\/mastil-de-aluminio-kparts-multimarca\\\/#primaryimage\",\"url\":\"https:\\\/\\\/kparts-watersports.com\\\/wp-content\\\/uploads\\\/2025\\\/06\\\/Mat-Aluminium-KPARTS-PACK-COMPLET-Multi-compatible.webp\",\"contentUrl\":\"https:\\\/\\\/kparts-watersports.com\\\/wp-content\\\/uploads\\\/2025\\\/06\\\/Mat-Aluminium-KPARTS-PACK-COMPLET-Multi-compatible.webp\",\"width\":1500,\"height\":1500,\"caption\":\"M\u00e1stil de aluminio KPARTS \u2013 PACK COMPLETO \u2013 Multicompatible\"},{\"@type\":\"BreadcrumbList\",\"@id\":\"https:\\\/\\\/kparts-watersports.com\\\/es\\\/produit\\\/mastil-de-aluminio-kparts-multimarca\\\/#breadcrumb\",\"itemListElement\":[{\"@type\":\"ListItem\",\"position\":1,\"name\":\"Accueil\",\"item\":\"https:\\\/\\\/kparts-watersports.com\\\/es\\\/inicio\\\/\"},{\"@type\":\"ListItem\",\"position\":2,\"name\":\"Tienda\",\"item\":\"https:\\\/\\\/kparts-watersports.com\\\/es\\\/tienda\\\/\"},{\"@type\":\"ListItem\",\"position\":3,\"name\":\"M\u00e1stil de aluminio KPARTS \u2013 Multimarca\"}]},{\"@type\":\"WebSite\",\"@id\":\"https:\\\/\\\/blanchedalmond-oryx-541128.hostingersite.com\\\/#website\",\"url\":\"https:\\\/\\\/blanchedalmond-oryx-541128.hostingersite.com\\\/\",\"name\":\"KPARTS WATERSPORTS\",\"description\":\"Accessoires custom pour sports nautiques\",\"publisher\":{\"@id\":\"https:\\\/\\\/blanchedalmond-oryx-541128.hostingersite.com\\\/#organization\"},\"potentialAction\":[{\"@type\":\"SearchAction\",\"target\":{\"@type\":\"EntryPoint\",\"urlTemplate\":\"https:\\\/\\\/blanchedalmond-oryx-541128.hostingersite.com\\\/?s={search_term_string}\"},\"query-input\":{\"@type\":\"PropertyValueSpecification\",\"valueRequired\":true,\"valueName\":\"search_term_string\"}}],\"inLanguage\":\"es-ES\"},{\"@type\":\"Organization\",\"@id\":\"https:\\\/\\\/blanchedalmond-oryx-541128.hostingersite.com\\\/#organization\",\"name\":\"KPARTS WATERSPORTS\",\"url\":\"https:\\\/\\\/blanchedalmond-oryx-541128.hostingersite.com\\\/\",\"logo\":{\"@type\":\"ImageObject\",\"inLanguage\":\"es-ES\",\"@id\":\"https:\\\/\\\/blanchedalmond-oryx-541128.hostingersite.com\\\/#\\\/schema\\\/logo\\\/image\\\/\",\"url\":\"https:\\\/\\\/kparts-watersports.ovh\\\/wp-content\\\/uploads\\\/2024\\\/09\\\/Kparts-Logo-Favicon.jpg\",\"contentUrl\":\"https:\\\/\\\/kparts-watersports.ovh\\\/wp-content\\\/uploads\\\/2024\\\/09\\\/Kparts-Logo-Favicon.jpg\",\"width\":600,\"height\":600,\"caption\":\"KPARTS WATERSPORTS\"},\"image\":{\"@id\":\"https:\\\/\\\/blanchedalmond-oryx-541128.hostingersite.com\\\/#\\\/schema\\\/logo\\\/image\\\/\"},\"sameAs\":[\"https:\\\/\\\/www.facebook.com\\\/people\\\/AP-3D-Custom\\\/100076804732870\\\/\",\"https:\\\/\\\/www.instagram.com\\\/ap3dcustom\\\/\"]}]}<\/script>\n<!-- \/ Yoast SEO plugin. -->","yoast_head_json":{"title":"M\u00e1stil de aluminio KPARTS \u2013 Multimarca - KPARTS WATERSPORTS","robots":{"index":"index","follow":"follow","max-snippet":"max-snippet:-1","max-image-preview":"max-image-preview:large","max-video-preview":"max-video-preview:-1"},"canonical":"https:\/\/kparts-watersports.com\/es\/produit\/mastil-de-aluminio-kparts-multimarca\/","og_locale":"es_ES","og_type":"article","og_title":"M\u00e1stil de aluminio KPARTS \u2013 Multimarca - KPARTS WATERSPORTS","og_description":"[Env\u00edo en 7 d\u00edas] Hemos desarrollado este nuevo concepto de m\u00e1stil de aluminio multicompatible con un \u00fanico objetivo: ofrecerte material custom a menor coste sin sacrificar el rendimiento, y permitirte explorar diferentes foils del mercado sin arruinarte, con un m\u00e1stil de alto rendimiento y una relaci\u00f3n calidad-precio imbatible. Compatible con 9 marcas diferentes y 10 fuselajes (2 fuselajes para la marca GONG), adem\u00e1s de los 6 fuselajes KPARTS que reproducen el sistema de encaje del m\u00e1stil ALLURE\u00ae. Por lo tanto, puedes cambiar de una marca a otra sin preocuparte por el m\u00e1stil, gracias a nuestros diferentes adaptadores. Y como no hacemos las cosas a medias: Toda la torniller\u00eda para los ensamblajes adaptador\u2013m\u00e1stil\u2013platina es de TITANIO y en M8*. La platina est\u00e1 atornillada Y pegada para garantizarte la m\u00e1xima rigidez, sin holguras y con un mantenimiento reducido. Esto te garantiza una mayor durabilidad y la ausencia de corrosi\u00f3n galv\u00e1nica, normalmente presente entre la torniller\u00eda de acero inoxidable y el aluminio. La platina cuenta con una protecci\u00f3n de caucho r\u00edgido para evitar cualquier rayadura en la carena de tu tabla. El perfil del m\u00e1stil tiene 115 mm de cuerda por 16 mm de grosor: seg\u00fan nosotros, \u00a1el mejor compromiso entre rigidez y deslizamiento!Y es un perfil que no ventila: puedes cargar fuerte en wingfoil, \u00a1el m\u00e1stil no pierde adherencia ni se suelta! En cuanto al peso: El m\u00e1stil de 85 cm pesa 2,065 kg (con platina + adaptador + torniller\u00eda). El de 80 cm pesa 1,965 kg. El de 75 cm pesa 1,865 kg. En cuanto al mantenimiento: como todo material de aluminio en contacto con el agua salada, es necesario enjuagarlo sistem\u00e1ticamente con agua dulce para prolongar al m\u00e1ximo su durabilidad. Todos los elementos est\u00e1n fabricados en aluminio 6061, y posteriormente anodizados en negro. \u00bfAun as\u00ed quieres una platina desmontable? Cont\u00e1ctanos. Los tornillos para el ensamblaje m\u00e1stil \/ carena de la tabla no est\u00e1n incluidos, pero se ofrecen como opci\u00f3n. *Excepto el adaptador ALLURE\u00ae \/ KPARTS, M6, para el cual se suministran e instalan reductores de di\u00e1metro M8-M6 en TITANIO.","og_url":"https:\/\/kparts-watersports.com\/es\/produit\/mastil-de-aluminio-kparts-multimarca\/","og_site_name":"KPARTS WATERSPORTS","article_publisher":"https:\/\/www.facebook.com\/people\/AP-3D-Custom\/100076804732870\/","article_modified_time":"2026-04-23T14:09:39+00:00","og_image":[{"width":1500,"height":1500,"url":"https:\/\/kparts-watersports.com\/wp-content\/uploads\/2025\/06\/Mat-Aluminium-KPARTS-PACK-COMPLET-Multi-compatible.webp","type":"image\/webp"}],"twitter_card":"summary_large_image","twitter_misc":{"Tiempo de lectura":"2 minutes"},"schema":{"@context":"https:\/\/schema.org","@graph":[{"@type":"WebPage","@id":"https:\/\/kparts-watersports.com\/es\/produit\/mastil-de-aluminio-kparts-multimarca\/","url":"https:\/\/kparts-watersports.com\/es\/produit\/mastil-de-aluminio-kparts-multimarca\/","name":"M\u00e1stil de aluminio KPARTS \u2013 Multimarca - KPARTS WATERSPORTS","isPartOf":{"@id":"https:\/\/blanchedalmond-oryx-541128.hostingersite.com\/#website"},"primaryImageOfPage":{"@id":"https:\/\/kparts-watersports.com\/es\/produit\/mastil-de-aluminio-kparts-multimarca\/#primaryimage"},"image":{"@id":"https:\/\/kparts-watersports.com\/es\/produit\/mastil-de-aluminio-kparts-multimarca\/#primaryimage"},"thumbnailUrl":"https:\/\/kparts-watersports.com\/wp-content\/uploads\/2025\/06\/Mat-Aluminium-KPARTS-PACK-COMPLET-Multi-compatible.webp","datePublished":"2025-06-29T14:47:54+00:00","dateModified":"2026-04-23T14:09:39+00:00","breadcrumb":{"@id":"https:\/\/kparts-watersports.com\/es\/produit\/mastil-de-aluminio-kparts-multimarca\/#breadcrumb"},"inLanguage":"es-ES","potentialAction":[{"@type":"ReadAction","target":["https:\/\/kparts-watersports.com\/es\/produit\/mastil-de-aluminio-kparts-multimarca\/"]}]},{"@type":"ImageObject","inLanguage":"es-ES","@id":"https:\/\/kparts-watersports.com\/es\/produit\/mastil-de-aluminio-kparts-multimarca\/#primaryimage","url":"https:\/\/kparts-watersports.com\/wp-content\/uploads\/2025\/06\/Mat-Aluminium-KPARTS-PACK-COMPLET-Multi-compatible.webp","contentUrl":"https:\/\/kparts-watersports.com\/wp-content\/uploads\/2025\/06\/Mat-Aluminium-KPARTS-PACK-COMPLET-Multi-compatible.webp","width":1500,"height":1500,"caption":"M\u00e1stil de aluminio KPARTS \u2013 PACK COMPLETO \u2013 Multicompatible"},{"@type":"BreadcrumbList","@id":"https:\/\/kparts-watersports.com\/es\/produit\/mastil-de-aluminio-kparts-multimarca\/#breadcrumb","itemListElement":[{"@type":"ListItem","position":1,"name":"Accueil","item":"https:\/\/kparts-watersports.com\/es\/inicio\/"},{"@type":"ListItem","position":2,"name":"Tienda","item":"https:\/\/kparts-watersports.com\/es\/tienda\/"},{"@type":"ListItem","position":3,"name":"M\u00e1stil de aluminio KPARTS \u2013 Multimarca"}]},{"@type":"WebSite","@id":"https:\/\/blanchedalmond-oryx-541128.hostingersite.com\/#website","url":"https:\/\/blanchedalmond-oryx-541128.hostingersite.com\/","name":"KPARTS WATERSPORTS","description":"Accessoires custom pour sports nautiques","publisher":{"@id":"https:\/\/blanchedalmond-oryx-541128.hostingersite.com\/#organization"},"potentialAction":[{"@type":"SearchAction","target":{"@type":"EntryPoint","urlTemplate":"https:\/\/blanchedalmond-oryx-541128.hostingersite.com\/?s={search_term_string}"},"query-input":{"@type":"PropertyValueSpecification","valueRequired":true,"valueName":"search_term_string"}}],"inLanguage":"es-ES"},{"@type":"Organization","@id":"https:\/\/blanchedalmond-oryx-541128.hostingersite.com\/#organization","name":"KPARTS WATERSPORTS","url":"https:\/\/blanchedalmond-oryx-541128.hostingersite.com\/","logo":{"@type":"ImageObject","inLanguage":"es-ES","@id":"https:\/\/blanchedalmond-oryx-541128.hostingersite.com\/#\/schema\/logo\/image\/","url":"https:\/\/kparts-watersports.ovh\/wp-content\/uploads\/2024\/09\/Kparts-Logo-Favicon.jpg","contentUrl":"https:\/\/kparts-watersports.ovh\/wp-content\/uploads\/2024\/09\/Kparts-Logo-Favicon.jpg","width":600,"height":600,"caption":"KPARTS WATERSPORTS"},"image":{"@id":"https:\/\/blanchedalmond-oryx-541128.hostingersite.com\/#\/schema\/logo\/image\/"},"sameAs":["https:\/\/www.facebook.com\/people\/AP-3D-Custom\/100076804732870\/","https:\/\/www.instagram.com\/ap3dcustom\/"]}]}},"jetpack_sharing_enabled":true,"_links":{"self":[{"href":"https:\/\/kparts-watersports.com\/es\/wp-json\/wp\/v2\/product\/14722","targetHints":{"allow":["GET"]}}],"collection":[{"href":"https:\/\/kparts-watersports.com\/es\/wp-json\/wp\/v2\/product"}],"about":[{"href":"https:\/\/kparts-watersports.com\/es\/wp-json\/wp\/v2\/types\/product"}],"replies":[{"embeddable":true,"href":"https:\/\/kparts-watersports.com\/es\/wp-json\/wp\/v2\/comments?post=14722"}],"wp:featuredmedia":[{"embeddable":true,"href":"https:\/\/kparts-watersports.com\/es\/wp-json\/wp\/v2\/media\/14708"}],"wp:attachment":[{"href":"https:\/\/kparts-watersports.com\/es\/wp-json\/wp\/v2\/media?parent=14722"}],"wp:term":[{"taxonomy":"product_brand","embeddable":true,"href":"https:\/\/kparts-watersports.com\/es\/wp-json\/wp\/v2\/product_brand?post=14722"},{"taxonomy":"product_cat","embeddable":true,"href":"https:\/\/kparts-watersports.com\/es\/wp-json\/wp\/v2\/product_cat?post=14722"},{"taxonomy":"product_tag","embeddable":true,"href":"https:\/\/kparts-watersports.com\/es\/wp-json\/wp\/v2\/product_tag?post=14722"}],"curies":[{"name":"wp","href":"https:\/\/api.w.org\/{rel}","templated":true}]}}