{"id":14829,"date":"2025-06-30T03:29:17","date_gmt":"2025-06-30T01:29:17","guid":{"rendered":"https:\/\/kparts-watersports.com\/produit\/caja-de-calas-para-estabilizador-lokefoil-windfoil\/"},"modified":"2026-04-23T16:11:14","modified_gmt":"2026-04-23T14:11:14","slug":"caja-de-calas-para-estabilizador-lokefoil-windfoil","status":"publish","type":"product","link":"https:\/\/kparts-watersports.com\/es\/produit\/caja-de-calas-para-estabilizador-lokefoil-windfoil\/","title":{"rendered":"Caja de calas para estabilizador Lok\u00e9foil &#8211; WINDFOIL"},"content":{"rendered":"<p>Calas para el ajuste del estabilizador Lok\u00e9foil, fuselaje ULTIMATE.<\/p>\n<p>Las cu\u00f1as se entregan en doble.<\/p>\n<p>Estas cu\u00f1as se colocan en la zona de contacto, entre el fuselaje y el estabilizador.<\/p>\n<p>Las calas \u201c-\u201d reducen la potencia del estabilizador y el grosor de la cala se sit\u00faa en la parte trasera.<\/p>\n<p>Las calas \u201c+\u201d aumentan la potencia del estabilizador y el grosor de la cala se sit\u00faa en la parte delantera.<\/p>\n<p>Fabricadas mediante impresi\u00f3n 3D en un material relativamente flexible pero incomprimible. Las cu\u00f1as no se rompen si se doblan. <\/p>\n<p>Se entregan con caja de almacenamiento.<\/p>\n","protected":false},"excerpt":{"rendered":"<p>Calas para el ajuste del estabilizador Lok\u00e9foil, fuselaje ULTIMATE. Las cu\u00f1as se entregan en doble. Estas cu\u00f1as se colocan en la zona de contacto, entre el fuselaje y el estabilizador. Las calas \u201c-\u201d reducen la potencia del estabilizador y el grosor de la cala se sit\u00faa en la parte trasera. Las calas \u201c+\u201d aumentan la potencia del estabilizador y el grosor de la cala se sit\u00faa en la parte delantera. Fabricadas mediante impresi\u00f3n 3D en un material relativamente flexible pero incomprimible. Las cu\u00f1as no se rompen si se doblan. Se entregan con caja de almacenamiento.<\/p>\n","protected":false},"featured_media":14839,"comment_status":"open","ping_status":"closed","template":"","meta":{"site-sidebar-layout":"default","site-content-layout":"","ast-site-content-layout":"default","site-content-style":"default","site-sidebar-style":"default","ast-global-header-display":"","ast-banner-title-visibility":"","ast-main-header-display":"","ast-hfb-above-header-display":"","ast-hfb-below-header-display":"","ast-hfb-mobile-header-display":"","site-post-title":"","ast-breadcrumbs-content":"","ast-featured-img":"","footer-sml-layout":"","ast-disable-related-posts":"","theme-transparent-header-meta":"default","adv-header-id-meta":"","stick-header-meta":"","header-above-stick-meta":"","header-main-stick-meta":"","header-below-stick-meta":"","astra-migrate-meta-layouts":"default","ast-page-background-enabled":"default","ast-page-background-meta":{"desktop":{"background-color":"var(--ast-global-color-4)","background-image":"","background-repeat":"repeat","background-position":"center center","background-size":"auto","background-attachment":"scroll","background-type":"","background-media":"","overlay-type":"","overlay-color":"","overlay-opacity":"","overlay-gradient":""},"tablet":{"background-color":"","background-image":"","background-repeat":"repeat","background-position":"center center","background-size":"auto","background-attachment":"scroll","background-type":"","background-media":"","overlay-type":"","overlay-color":"","overlay-opacity":"","overlay-gradient":""},"mobile":{"background-color":"","background-image":"","background-repeat":"repeat","background-position":"center center","background-size":"auto","background-attachment":"scroll","background-type":"","background-media":"","overlay-type":"","overlay-color":"","overlay-opacity":"","overlay-gradient":""}},"ast-content-background-meta":{"desktop":{"background-color":"var(--ast-global-color-5)","background-image":"","background-repeat":"repeat","background-position":"center center","background-size":"auto","background-attachment":"scroll","background-type":"","background-media":"","overlay-type":"","overlay-color":"","overlay-opacity":"","overlay-gradient":""},"tablet":{"background-color":"var(--ast-global-color-5)","background-image":"","background-repeat":"repeat","background-position":"center center","background-size":"auto","background-attachment":"scroll","background-type":"","background-media":"","overlay-type":"","overlay-color":"","overlay-opacity":"","overlay-gradient":""},"mobile":{"background-color":"var(--ast-global-color-5)","background-image":"","background-repeat":"repeat","background-position":"center center","background-size":"auto","background-attachment":"scroll","background-type":"","background-media":"","overlay-type":"","overlay-color":"","overlay-opacity":"","overlay-gradient":""}}},"product_brand":[],"product_cat":[238],"product_tag":[],"class_list":{"0":"post-14829","1":"product","2":"type-product","3":"status-publish","4":"has-post-thumbnail","6":"product_cat-accesorios-windfoil","7":"desktop-align-center","8":"tablet-align-left","9":"mobile-align-left","10":"tm-no-options","12":"first","13":"instock","14":"taxable","15":"shipping-taxable","16":"purchasable","17":"product-type-variable"},"yoast_head":"<!-- This site is optimized with the Yoast SEO plugin v27.3 - https:\/\/yoast.com\/product\/yoast-seo-wordpress\/ -->\n<title>Caja de calas para estabilizador Lok\u00e9foil - WINDFOIL - KPARTS WATERSPORTS<\/title>\n<meta name=\"robots\" content=\"index, follow, max-snippet:-1, max-image-preview:large, max-video-preview:-1\" \/>\n<link rel=\"canonical\" href=\"https:\/\/kparts-watersports.com\/es\/produit\/caja-de-calas-para-estabilizador-lokefoil-windfoil\/\" \/>\n<meta property=\"og:locale\" content=\"es_ES\" \/>\n<meta property=\"og:type\" content=\"article\" \/>\n<meta property=\"og:title\" content=\"Caja de calas para estabilizador Lok\u00e9foil - WINDFOIL - KPARTS WATERSPORTS\" \/>\n<meta property=\"og:description\" content=\"Calas para el ajuste del estabilizador Lok\u00e9foil, fuselaje ULTIMATE. Las cu\u00f1as se entregan en doble. Estas cu\u00f1as se colocan en la zona de contacto, entre el fuselaje y el estabilizador. Las calas \u201c-\u201d reducen la potencia del estabilizador y el grosor de la cala se sit\u00faa en la parte trasera. Las calas \u201c+\u201d aumentan la potencia del estabilizador y el grosor de la cala se sit\u00faa en la parte delantera. Fabricadas mediante impresi\u00f3n 3D en un material relativamente flexible pero incomprimible. Las cu\u00f1as no se rompen si se doblan. Se entregan con caja de almacenamiento.\" \/>\n<meta property=\"og:url\" content=\"https:\/\/kparts-watersports.com\/es\/produit\/caja-de-calas-para-estabilizador-lokefoil-windfoil\/\" \/>\n<meta property=\"og:site_name\" content=\"KPARTS WATERSPORTS\" \/>\n<meta property=\"article:publisher\" content=\"https:\/\/www.facebook.com\/people\/AP-3D-Custom\/100076804732870\/\" \/>\n<meta property=\"article:modified_time\" content=\"2026-04-23T14:11:14+00:00\" \/>\n<meta property=\"og:image\" content=\"https:\/\/kparts-watersports.com\/wp-content\/uploads\/2025\/06\/Boite-de-cales-pour-stabilisateur-LOKEFOIL-WINDFOIL.webp\" \/>\n\t<meta property=\"og:image:width\" content=\"1293\" \/>\n\t<meta property=\"og:image:height\" content=\"1080\" \/>\n\t<meta property=\"og:image:type\" content=\"image\/webp\" \/>\n<meta name=\"twitter:card\" content=\"summary_large_image\" \/>\n<meta name=\"twitter:label1\" content=\"Tiempo de lectura\" \/>\n\t<meta name=\"twitter:data1\" content=\"1 minute\" \/>\n<script type=\"application\/ld+json\" class=\"yoast-schema-graph\">{\"@context\":\"https:\\\/\\\/schema.org\",\"@graph\":[{\"@type\":\"WebPage\",\"@id\":\"https:\\\/\\\/kparts-watersports.com\\\/es\\\/produit\\\/caja-de-calas-para-estabilizador-lokefoil-windfoil\\\/\",\"url\":\"https:\\\/\\\/kparts-watersports.com\\\/es\\\/produit\\\/caja-de-calas-para-estabilizador-lokefoil-windfoil\\\/\",\"name\":\"Caja de calas para estabilizador Lok\u00e9foil - WINDFOIL - KPARTS WATERSPORTS\",\"isPartOf\":{\"@id\":\"https:\\\/\\\/blanchedalmond-oryx-541128.hostingersite.com\\\/#website\"},\"primaryImageOfPage\":{\"@id\":\"https:\\\/\\\/kparts-watersports.com\\\/es\\\/produit\\\/caja-de-calas-para-estabilizador-lokefoil-windfoil\\\/#primaryimage\"},\"image\":{\"@id\":\"https:\\\/\\\/kparts-watersports.com\\\/es\\\/produit\\\/caja-de-calas-para-estabilizador-lokefoil-windfoil\\\/#primaryimage\"},\"thumbnailUrl\":\"https:\\\/\\\/kparts-watersports.com\\\/wp-content\\\/uploads\\\/2025\\\/06\\\/Boite-de-cales-pour-stabilisateur-LOKEFOIL-WINDFOIL.webp\",\"datePublished\":\"2025-06-30T01:29:17+00:00\",\"dateModified\":\"2026-04-23T14:11:14+00:00\",\"breadcrumb\":{\"@id\":\"https:\\\/\\\/kparts-watersports.com\\\/es\\\/produit\\\/caja-de-calas-para-estabilizador-lokefoil-windfoil\\\/#breadcrumb\"},\"inLanguage\":\"es-ES\",\"potentialAction\":[{\"@type\":\"ReadAction\",\"target\":[\"https:\\\/\\\/kparts-watersports.com\\\/es\\\/produit\\\/caja-de-calas-para-estabilizador-lokefoil-windfoil\\\/\"]}]},{\"@type\":\"ImageObject\",\"inLanguage\":\"es-ES\",\"@id\":\"https:\\\/\\\/kparts-watersports.com\\\/es\\\/produit\\\/caja-de-calas-para-estabilizador-lokefoil-windfoil\\\/#primaryimage\",\"url\":\"https:\\\/\\\/kparts-watersports.com\\\/wp-content\\\/uploads\\\/2025\\\/06\\\/Boite-de-cales-pour-stabilisateur-LOKEFOIL-WINDFOIL.webp\",\"contentUrl\":\"https:\\\/\\\/kparts-watersports.com\\\/wp-content\\\/uploads\\\/2025\\\/06\\\/Boite-de-cales-pour-stabilisateur-LOKEFOIL-WINDFOIL.webp\",\"width\":1293,\"height\":1080,\"caption\":\"Bo\u00eete de cales pour stabilisateur LOKEFOIL - WINDFOIL\"},{\"@type\":\"BreadcrumbList\",\"@id\":\"https:\\\/\\\/kparts-watersports.com\\\/es\\\/produit\\\/caja-de-calas-para-estabilizador-lokefoil-windfoil\\\/#breadcrumb\",\"itemListElement\":[{\"@type\":\"ListItem\",\"position\":1,\"name\":\"Accueil\",\"item\":\"https:\\\/\\\/kparts-watersports.com\\\/es\\\/inicio\\\/\"},{\"@type\":\"ListItem\",\"position\":2,\"name\":\"Tienda\",\"item\":\"https:\\\/\\\/kparts-watersports.com\\\/es\\\/tienda\\\/\"},{\"@type\":\"ListItem\",\"position\":3,\"name\":\"Caja de calas para estabilizador Lok\u00e9foil &#8211; WINDFOIL\"}]},{\"@type\":\"WebSite\",\"@id\":\"https:\\\/\\\/blanchedalmond-oryx-541128.hostingersite.com\\\/#website\",\"url\":\"https:\\\/\\\/blanchedalmond-oryx-541128.hostingersite.com\\\/\",\"name\":\"KPARTS WATERSPORTS\",\"description\":\"Accessoires custom pour sports nautiques\",\"publisher\":{\"@id\":\"https:\\\/\\\/blanchedalmond-oryx-541128.hostingersite.com\\\/#organization\"},\"potentialAction\":[{\"@type\":\"SearchAction\",\"target\":{\"@type\":\"EntryPoint\",\"urlTemplate\":\"https:\\\/\\\/blanchedalmond-oryx-541128.hostingersite.com\\\/?s={search_term_string}\"},\"query-input\":{\"@type\":\"PropertyValueSpecification\",\"valueRequired\":true,\"valueName\":\"search_term_string\"}}],\"inLanguage\":\"es-ES\"},{\"@type\":\"Organization\",\"@id\":\"https:\\\/\\\/blanchedalmond-oryx-541128.hostingersite.com\\\/#organization\",\"name\":\"KPARTS WATERSPORTS\",\"url\":\"https:\\\/\\\/blanchedalmond-oryx-541128.hostingersite.com\\\/\",\"logo\":{\"@type\":\"ImageObject\",\"inLanguage\":\"es-ES\",\"@id\":\"https:\\\/\\\/blanchedalmond-oryx-541128.hostingersite.com\\\/#\\\/schema\\\/logo\\\/image\\\/\",\"url\":\"https:\\\/\\\/kparts-watersports.ovh\\\/wp-content\\\/uploads\\\/2024\\\/09\\\/Kparts-Logo-Favicon.jpg\",\"contentUrl\":\"https:\\\/\\\/kparts-watersports.ovh\\\/wp-content\\\/uploads\\\/2024\\\/09\\\/Kparts-Logo-Favicon.jpg\",\"width\":600,\"height\":600,\"caption\":\"KPARTS WATERSPORTS\"},\"image\":{\"@id\":\"https:\\\/\\\/blanchedalmond-oryx-541128.hostingersite.com\\\/#\\\/schema\\\/logo\\\/image\\\/\"},\"sameAs\":[\"https:\\\/\\\/www.facebook.com\\\/people\\\/AP-3D-Custom\\\/100076804732870\\\/\",\"https:\\\/\\\/www.instagram.com\\\/ap3dcustom\\\/\"]}]}<\/script>\n<!-- \/ Yoast SEO plugin. -->","yoast_head_json":{"title":"Caja de calas para estabilizador Lok\u00e9foil - WINDFOIL - KPARTS WATERSPORTS","robots":{"index":"index","follow":"follow","max-snippet":"max-snippet:-1","max-image-preview":"max-image-preview:large","max-video-preview":"max-video-preview:-1"},"canonical":"https:\/\/kparts-watersports.com\/es\/produit\/caja-de-calas-para-estabilizador-lokefoil-windfoil\/","og_locale":"es_ES","og_type":"article","og_title":"Caja de calas para estabilizador Lok\u00e9foil - WINDFOIL - KPARTS WATERSPORTS","og_description":"Calas para el ajuste del estabilizador Lok\u00e9foil, fuselaje ULTIMATE. Las cu\u00f1as se entregan en doble. Estas cu\u00f1as se colocan en la zona de contacto, entre el fuselaje y el estabilizador. Las calas \u201c-\u201d reducen la potencia del estabilizador y el grosor de la cala se sit\u00faa en la parte trasera. Las calas \u201c+\u201d aumentan la potencia del estabilizador y el grosor de la cala se sit\u00faa en la parte delantera. Fabricadas mediante impresi\u00f3n 3D en un material relativamente flexible pero incomprimible. Las cu\u00f1as no se rompen si se doblan. Se entregan con caja de almacenamiento.","og_url":"https:\/\/kparts-watersports.com\/es\/produit\/caja-de-calas-para-estabilizador-lokefoil-windfoil\/","og_site_name":"KPARTS WATERSPORTS","article_publisher":"https:\/\/www.facebook.com\/people\/AP-3D-Custom\/100076804732870\/","article_modified_time":"2026-04-23T14:11:14+00:00","og_image":[{"width":1293,"height":1080,"url":"https:\/\/kparts-watersports.com\/wp-content\/uploads\/2025\/06\/Boite-de-cales-pour-stabilisateur-LOKEFOIL-WINDFOIL.webp","type":"image\/webp"}],"twitter_card":"summary_large_image","twitter_misc":{"Tiempo de lectura":"1 minute"},"schema":{"@context":"https:\/\/schema.org","@graph":[{"@type":"WebPage","@id":"https:\/\/kparts-watersports.com\/es\/produit\/caja-de-calas-para-estabilizador-lokefoil-windfoil\/","url":"https:\/\/kparts-watersports.com\/es\/produit\/caja-de-calas-para-estabilizador-lokefoil-windfoil\/","name":"Caja de calas para estabilizador Lok\u00e9foil - WINDFOIL - KPARTS WATERSPORTS","isPartOf":{"@id":"https:\/\/blanchedalmond-oryx-541128.hostingersite.com\/#website"},"primaryImageOfPage":{"@id":"https:\/\/kparts-watersports.com\/es\/produit\/caja-de-calas-para-estabilizador-lokefoil-windfoil\/#primaryimage"},"image":{"@id":"https:\/\/kparts-watersports.com\/es\/produit\/caja-de-calas-para-estabilizador-lokefoil-windfoil\/#primaryimage"},"thumbnailUrl":"https:\/\/kparts-watersports.com\/wp-content\/uploads\/2025\/06\/Boite-de-cales-pour-stabilisateur-LOKEFOIL-WINDFOIL.webp","datePublished":"2025-06-30T01:29:17+00:00","dateModified":"2026-04-23T14:11:14+00:00","breadcrumb":{"@id":"https:\/\/kparts-watersports.com\/es\/produit\/caja-de-calas-para-estabilizador-lokefoil-windfoil\/#breadcrumb"},"inLanguage":"es-ES","potentialAction":[{"@type":"ReadAction","target":["https:\/\/kparts-watersports.com\/es\/produit\/caja-de-calas-para-estabilizador-lokefoil-windfoil\/"]}]},{"@type":"ImageObject","inLanguage":"es-ES","@id":"https:\/\/kparts-watersports.com\/es\/produit\/caja-de-calas-para-estabilizador-lokefoil-windfoil\/#primaryimage","url":"https:\/\/kparts-watersports.com\/wp-content\/uploads\/2025\/06\/Boite-de-cales-pour-stabilisateur-LOKEFOIL-WINDFOIL.webp","contentUrl":"https:\/\/kparts-watersports.com\/wp-content\/uploads\/2025\/06\/Boite-de-cales-pour-stabilisateur-LOKEFOIL-WINDFOIL.webp","width":1293,"height":1080,"caption":"Bo\u00eete de cales pour stabilisateur LOKEFOIL - WINDFOIL"},{"@type":"BreadcrumbList","@id":"https:\/\/kparts-watersports.com\/es\/produit\/caja-de-calas-para-estabilizador-lokefoil-windfoil\/#breadcrumb","itemListElement":[{"@type":"ListItem","position":1,"name":"Accueil","item":"https:\/\/kparts-watersports.com\/es\/inicio\/"},{"@type":"ListItem","position":2,"name":"Tienda","item":"https:\/\/kparts-watersports.com\/es\/tienda\/"},{"@type":"ListItem","position":3,"name":"Caja de calas para estabilizador Lok\u00e9foil &#8211; WINDFOIL"}]},{"@type":"WebSite","@id":"https:\/\/blanchedalmond-oryx-541128.hostingersite.com\/#website","url":"https:\/\/blanchedalmond-oryx-541128.hostingersite.com\/","name":"KPARTS WATERSPORTS","description":"Accessoires custom pour sports nautiques","publisher":{"@id":"https:\/\/blanchedalmond-oryx-541128.hostingersite.com\/#organization"},"potentialAction":[{"@type":"SearchAction","target":{"@type":"EntryPoint","urlTemplate":"https:\/\/blanchedalmond-oryx-541128.hostingersite.com\/?s={search_term_string}"},"query-input":{"@type":"PropertyValueSpecification","valueRequired":true,"valueName":"search_term_string"}}],"inLanguage":"es-ES"},{"@type":"Organization","@id":"https:\/\/blanchedalmond-oryx-541128.hostingersite.com\/#organization","name":"KPARTS WATERSPORTS","url":"https:\/\/blanchedalmond-oryx-541128.hostingersite.com\/","logo":{"@type":"ImageObject","inLanguage":"es-ES","@id":"https:\/\/blanchedalmond-oryx-541128.hostingersite.com\/#\/schema\/logo\/image\/","url":"https:\/\/kparts-watersports.ovh\/wp-content\/uploads\/2024\/09\/Kparts-Logo-Favicon.jpg","contentUrl":"https:\/\/kparts-watersports.ovh\/wp-content\/uploads\/2024\/09\/Kparts-Logo-Favicon.jpg","width":600,"height":600,"caption":"KPARTS WATERSPORTS"},"image":{"@id":"https:\/\/blanchedalmond-oryx-541128.hostingersite.com\/#\/schema\/logo\/image\/"},"sameAs":["https:\/\/www.facebook.com\/people\/AP-3D-Custom\/100076804732870\/","https:\/\/www.instagram.com\/ap3dcustom\/"]}]}},"jetpack_sharing_enabled":true,"_links":{"self":[{"href":"https:\/\/kparts-watersports.com\/es\/wp-json\/wp\/v2\/product\/14829","targetHints":{"allow":["GET"]}}],"collection":[{"href":"https:\/\/kparts-watersports.com\/es\/wp-json\/wp\/v2\/product"}],"about":[{"href":"https:\/\/kparts-watersports.com\/es\/wp-json\/wp\/v2\/types\/product"}],"replies":[{"embeddable":true,"href":"https:\/\/kparts-watersports.com\/es\/wp-json\/wp\/v2\/comments?post=14829"}],"wp:featuredmedia":[{"embeddable":true,"href":"https:\/\/kparts-watersports.com\/es\/wp-json\/wp\/v2\/media\/14839"}],"wp:attachment":[{"href":"https:\/\/kparts-watersports.com\/es\/wp-json\/wp\/v2\/media?parent=14829"}],"wp:term":[{"taxonomy":"product_brand","embeddable":true,"href":"https:\/\/kparts-watersports.com\/es\/wp-json\/wp\/v2\/product_brand?post=14829"},{"taxonomy":"product_cat","embeddable":true,"href":"https:\/\/kparts-watersports.com\/es\/wp-json\/wp\/v2\/product_cat?post=14829"},{"taxonomy":"product_tag","embeddable":true,"href":"https:\/\/kparts-watersports.com\/es\/wp-json\/wp\/v2\/product_tag?post=14829"}],"curies":[{"name":"wp","href":"https:\/\/api.w.org\/{rel}","templated":true}]}}