{"id":14894,"date":"2025-06-30T03:33:07","date_gmt":"2025-06-30T01:33:07","guid":{"rendered":"https:\/\/kparts-watersports.com\/produit\/par-de-arandelas-6-mm-y-4-mm-en-acero-inoxidable-316-para-tablas-cobra\/"},"modified":"2026-04-23T16:11:11","modified_gmt":"2026-04-23T14:11:11","slug":"par-de-arandelas-6-mm-y-4-mm-en-acero-inoxidable-316-para-tablas-cobra","status":"publish","type":"product","link":"https:\/\/kparts-watersports.com\/es\/produit\/par-de-arandelas-6-mm-y-4-mm-en-acero-inoxidable-316-para-tablas-cobra\/","title":{"rendered":"Par de arandelas 6 mm y 4 mm en acero inoxidable 316 para tablas COBRA"},"content":{"rendered":"<p>&#8211; Arandelas delanteras: 4 mm de espesor<br \/>&#8211; Arandela trasera: 6 mm de espesor<br \/>Fabricadas en acero inoxidable 316, estas arandelas est\u00e1n dise\u00f1adas para colocarse en el fondo de los alojamientos de tornillos de las tablas COBRA (compatibles con tablas IQFOIL).<\/p>\n<p>M\u00e1s gruesas que las que encontrar\u00e1s en otros lugares, te garantizan una durabilidad y resistencia a toda prueba.<br \/>SE VENDEN POR PARES<\/p>\n","protected":false},"excerpt":{"rendered":"<p>&#8211; Arandelas delanteras: 4 mm de espesor&#8211; Arandela trasera: 6 mm de espesorFabricadas en acero inoxidable 316, estas arandelas est\u00e1n dise\u00f1adas para colocarse en el fondo de los alojamientos de tornillos de las tablas COBRA (compatibles con tablas IQFOIL). M\u00e1s gruesas que las que encontrar\u00e1s en otros lugares, te garantizan una durabilidad y resistencia a toda prueba.SE VENDEN POR PARES<\/p>\n","protected":false},"featured_media":14895,"comment_status":"open","ping_status":"closed","template":"","meta":{"site-sidebar-layout":"default","site-content-layout":"","ast-site-content-layout":"default","site-content-style":"default","site-sidebar-style":"default","ast-global-header-display":"","ast-banner-title-visibility":"","ast-main-header-display":"","ast-hfb-above-header-display":"","ast-hfb-below-header-display":"","ast-hfb-mobile-header-display":"","site-post-title":"","ast-breadcrumbs-content":"","ast-featured-img":"","footer-sml-layout":"","ast-disable-related-posts":"","theme-transparent-header-meta":"default","adv-header-id-meta":"","stick-header-meta":"","header-above-stick-meta":"","header-main-stick-meta":"","header-below-stick-meta":"","astra-migrate-meta-layouts":"default","ast-page-background-enabled":"default","ast-page-background-meta":{"desktop":{"background-color":"var(--ast-global-color-4)","background-image":"","background-repeat":"repeat","background-position":"center center","background-size":"auto","background-attachment":"scroll","background-type":"","background-media":"","overlay-type":"","overlay-color":"","overlay-opacity":"","overlay-gradient":""},"tablet":{"background-color":"","background-image":"","background-repeat":"repeat","background-position":"center center","background-size":"auto","background-attachment":"scroll","background-type":"","background-media":"","overlay-type":"","overlay-color":"","overlay-opacity":"","overlay-gradient":""},"mobile":{"background-color":"","background-image":"","background-repeat":"repeat","background-position":"center center","background-size":"auto","background-attachment":"scroll","background-type":"","background-media":"","overlay-type":"","overlay-color":"","overlay-opacity":"","overlay-gradient":""}},"ast-content-background-meta":{"desktop":{"background-color":"var(--ast-global-color-5)","background-image":"","background-repeat":"repeat","background-position":"center center","background-size":"auto","background-attachment":"scroll","background-type":"","background-media":"","overlay-type":"","overlay-color":"","overlay-opacity":"","overlay-gradient":""},"tablet":{"background-color":"var(--ast-global-color-5)","background-image":"","background-repeat":"repeat","background-position":"center center","background-size":"auto","background-attachment":"scroll","background-type":"","background-media":"","overlay-type":"","overlay-color":"","overlay-opacity":"","overlay-gradient":""},"mobile":{"background-color":"var(--ast-global-color-5)","background-image":"","background-repeat":"repeat","background-position":"center center","background-size":"auto","background-attachment":"scroll","background-type":"","background-media":"","overlay-type":"","overlay-color":"","overlay-opacity":"","overlay-gradient":""}}},"product_brand":[],"product_cat":[238],"product_tag":[],"class_list":{"0":"post-14894","1":"product","2":"type-product","3":"status-publish","4":"has-post-thumbnail","6":"product_cat-accesorios-windfoil","7":"desktop-align-center","8":"tablet-align-left","9":"mobile-align-left","10":"tm-no-options","12":"first","13":"instock","14":"taxable","15":"shipping-taxable","16":"purchasable","17":"product-type-simple"},"yoast_head":"<!-- This site is optimized with the Yoast SEO plugin v27.3 - https:\/\/yoast.com\/product\/yoast-seo-wordpress\/ -->\n<title>Par de arandelas 6 mm y 4 mm en acero inoxidable 316 para tablas COBRA - KPARTS WATERSPORTS<\/title>\n<meta name=\"robots\" content=\"index, follow, max-snippet:-1, max-image-preview:large, max-video-preview:-1\" \/>\n<link rel=\"canonical\" href=\"https:\/\/kparts-watersports.com\/es\/produit\/par-de-arandelas-6-mm-y-4-mm-en-acero-inoxidable-316-para-tablas-cobra\/\" \/>\n<meta property=\"og:locale\" content=\"es_ES\" \/>\n<meta property=\"og:type\" content=\"article\" \/>\n<meta property=\"og:title\" content=\"Par de arandelas 6 mm y 4 mm en acero inoxidable 316 para tablas COBRA - KPARTS WATERSPORTS\" \/>\n<meta property=\"og:description\" content=\"&#8211; Arandelas delanteras: 4 mm de espesor&#8211; Arandela trasera: 6 mm de espesorFabricadas en acero inoxidable 316, estas arandelas est\u00e1n dise\u00f1adas para colocarse en el fondo de los alojamientos de tornillos de las tablas COBRA (compatibles con tablas IQFOIL). M\u00e1s gruesas que las que encontrar\u00e1s en otros lugares, te garantizan una durabilidad y resistencia a toda prueba.SE VENDEN POR PARES\" \/>\n<meta property=\"og:url\" content=\"https:\/\/kparts-watersports.com\/es\/produit\/par-de-arandelas-6-mm-y-4-mm-en-acero-inoxidable-316-para-tablas-cobra\/\" \/>\n<meta property=\"og:site_name\" content=\"KPARTS WATERSPORTS\" \/>\n<meta property=\"article:publisher\" content=\"https:\/\/www.facebook.com\/people\/AP-3D-Custom\/100076804732870\/\" \/>\n<meta property=\"article:modified_time\" content=\"2026-04-23T14:11:11+00:00\" \/>\n<meta property=\"og:image\" content=\"https:\/\/kparts-watersports.com\/wp-content\/uploads\/2025\/06\/Paire-de-rondelles-6mm-4mm-INOX-316-pour-planches-COBRA.webp\" \/>\n\t<meta property=\"og:image:width\" content=\"1000\" \/>\n\t<meta property=\"og:image:height\" content=\"574\" \/>\n\t<meta property=\"og:image:type\" content=\"image\/webp\" \/>\n<meta name=\"twitter:card\" content=\"summary_large_image\" \/>\n<script type=\"application\/ld+json\" class=\"yoast-schema-graph\">{\"@context\":\"https:\\\/\\\/schema.org\",\"@graph\":[{\"@type\":\"WebPage\",\"@id\":\"https:\\\/\\\/kparts-watersports.com\\\/es\\\/produit\\\/par-de-arandelas-6-mm-y-4-mm-en-acero-inoxidable-316-para-tablas-cobra\\\/\",\"url\":\"https:\\\/\\\/kparts-watersports.com\\\/es\\\/produit\\\/par-de-arandelas-6-mm-y-4-mm-en-acero-inoxidable-316-para-tablas-cobra\\\/\",\"name\":\"Par de arandelas 6 mm y 4 mm en acero inoxidable 316 para tablas COBRA - KPARTS WATERSPORTS\",\"isPartOf\":{\"@id\":\"https:\\\/\\\/blanchedalmond-oryx-541128.hostingersite.com\\\/#website\"},\"primaryImageOfPage\":{\"@id\":\"https:\\\/\\\/kparts-watersports.com\\\/es\\\/produit\\\/par-de-arandelas-6-mm-y-4-mm-en-acero-inoxidable-316-para-tablas-cobra\\\/#primaryimage\"},\"image\":{\"@id\":\"https:\\\/\\\/kparts-watersports.com\\\/es\\\/produit\\\/par-de-arandelas-6-mm-y-4-mm-en-acero-inoxidable-316-para-tablas-cobra\\\/#primaryimage\"},\"thumbnailUrl\":\"https:\\\/\\\/kparts-watersports.com\\\/wp-content\\\/uploads\\\/2025\\\/06\\\/Paire-de-rondelles-6mm-4mm-INOX-316-pour-planches-COBRA.webp\",\"datePublished\":\"2025-06-30T01:33:07+00:00\",\"dateModified\":\"2026-04-23T14:11:11+00:00\",\"breadcrumb\":{\"@id\":\"https:\\\/\\\/kparts-watersports.com\\\/es\\\/produit\\\/par-de-arandelas-6-mm-y-4-mm-en-acero-inoxidable-316-para-tablas-cobra\\\/#breadcrumb\"},\"inLanguage\":\"es-ES\",\"potentialAction\":[{\"@type\":\"ReadAction\",\"target\":[\"https:\\\/\\\/kparts-watersports.com\\\/es\\\/produit\\\/par-de-arandelas-6-mm-y-4-mm-en-acero-inoxidable-316-para-tablas-cobra\\\/\"]}]},{\"@type\":\"ImageObject\",\"inLanguage\":\"es-ES\",\"@id\":\"https:\\\/\\\/kparts-watersports.com\\\/es\\\/produit\\\/par-de-arandelas-6-mm-y-4-mm-en-acero-inoxidable-316-para-tablas-cobra\\\/#primaryimage\",\"url\":\"https:\\\/\\\/kparts-watersports.com\\\/wp-content\\\/uploads\\\/2025\\\/06\\\/Paire-de-rondelles-6mm-4mm-INOX-316-pour-planches-COBRA.webp\",\"contentUrl\":\"https:\\\/\\\/kparts-watersports.com\\\/wp-content\\\/uploads\\\/2025\\\/06\\\/Paire-de-rondelles-6mm-4mm-INOX-316-pour-planches-COBRA.webp\",\"width\":1000,\"height\":574,\"caption\":\"Paire de rondelles 6mm & 4mm INOX 316 pour planches COBRA\"},{\"@type\":\"BreadcrumbList\",\"@id\":\"https:\\\/\\\/kparts-watersports.com\\\/es\\\/produit\\\/par-de-arandelas-6-mm-y-4-mm-en-acero-inoxidable-316-para-tablas-cobra\\\/#breadcrumb\",\"itemListElement\":[{\"@type\":\"ListItem\",\"position\":1,\"name\":\"Accueil\",\"item\":\"https:\\\/\\\/kparts-watersports.com\\\/es\\\/inicio\\\/\"},{\"@type\":\"ListItem\",\"position\":2,\"name\":\"Tienda\",\"item\":\"https:\\\/\\\/kparts-watersports.com\\\/es\\\/tienda\\\/\"},{\"@type\":\"ListItem\",\"position\":3,\"name\":\"Par de arandelas 6 mm y 4 mm en acero inoxidable 316 para tablas COBRA\"}]},{\"@type\":\"WebSite\",\"@id\":\"https:\\\/\\\/blanchedalmond-oryx-541128.hostingersite.com\\\/#website\",\"url\":\"https:\\\/\\\/blanchedalmond-oryx-541128.hostingersite.com\\\/\",\"name\":\"KPARTS WATERSPORTS\",\"description\":\"Accessoires custom pour sports nautiques\",\"publisher\":{\"@id\":\"https:\\\/\\\/blanchedalmond-oryx-541128.hostingersite.com\\\/#organization\"},\"potentialAction\":[{\"@type\":\"SearchAction\",\"target\":{\"@type\":\"EntryPoint\",\"urlTemplate\":\"https:\\\/\\\/blanchedalmond-oryx-541128.hostingersite.com\\\/?s={search_term_string}\"},\"query-input\":{\"@type\":\"PropertyValueSpecification\",\"valueRequired\":true,\"valueName\":\"search_term_string\"}}],\"inLanguage\":\"es-ES\"},{\"@type\":\"Organization\",\"@id\":\"https:\\\/\\\/blanchedalmond-oryx-541128.hostingersite.com\\\/#organization\",\"name\":\"KPARTS WATERSPORTS\",\"url\":\"https:\\\/\\\/blanchedalmond-oryx-541128.hostingersite.com\\\/\",\"logo\":{\"@type\":\"ImageObject\",\"inLanguage\":\"es-ES\",\"@id\":\"https:\\\/\\\/blanchedalmond-oryx-541128.hostingersite.com\\\/#\\\/schema\\\/logo\\\/image\\\/\",\"url\":\"https:\\\/\\\/kparts-watersports.ovh\\\/wp-content\\\/uploads\\\/2024\\\/09\\\/Kparts-Logo-Favicon.jpg\",\"contentUrl\":\"https:\\\/\\\/kparts-watersports.ovh\\\/wp-content\\\/uploads\\\/2024\\\/09\\\/Kparts-Logo-Favicon.jpg\",\"width\":600,\"height\":600,\"caption\":\"KPARTS WATERSPORTS\"},\"image\":{\"@id\":\"https:\\\/\\\/blanchedalmond-oryx-541128.hostingersite.com\\\/#\\\/schema\\\/logo\\\/image\\\/\"},\"sameAs\":[\"https:\\\/\\\/www.facebook.com\\\/people\\\/AP-3D-Custom\\\/100076804732870\\\/\",\"https:\\\/\\\/www.instagram.com\\\/ap3dcustom\\\/\"]}]}<\/script>\n<!-- \/ Yoast SEO plugin. -->","yoast_head_json":{"title":"Par de arandelas 6 mm y 4 mm en acero inoxidable 316 para tablas COBRA - KPARTS WATERSPORTS","robots":{"index":"index","follow":"follow","max-snippet":"max-snippet:-1","max-image-preview":"max-image-preview:large","max-video-preview":"max-video-preview:-1"},"canonical":"https:\/\/kparts-watersports.com\/es\/produit\/par-de-arandelas-6-mm-y-4-mm-en-acero-inoxidable-316-para-tablas-cobra\/","og_locale":"es_ES","og_type":"article","og_title":"Par de arandelas 6 mm y 4 mm en acero inoxidable 316 para tablas COBRA - KPARTS WATERSPORTS","og_description":"&#8211; Arandelas delanteras: 4 mm de espesor&#8211; Arandela trasera: 6 mm de espesorFabricadas en acero inoxidable 316, estas arandelas est\u00e1n dise\u00f1adas para colocarse en el fondo de los alojamientos de tornillos de las tablas COBRA (compatibles con tablas IQFOIL). M\u00e1s gruesas que las que encontrar\u00e1s en otros lugares, te garantizan una durabilidad y resistencia a toda prueba.SE VENDEN POR PARES","og_url":"https:\/\/kparts-watersports.com\/es\/produit\/par-de-arandelas-6-mm-y-4-mm-en-acero-inoxidable-316-para-tablas-cobra\/","og_site_name":"KPARTS WATERSPORTS","article_publisher":"https:\/\/www.facebook.com\/people\/AP-3D-Custom\/100076804732870\/","article_modified_time":"2026-04-23T14:11:11+00:00","og_image":[{"width":1000,"height":574,"url":"https:\/\/kparts-watersports.com\/wp-content\/uploads\/2025\/06\/Paire-de-rondelles-6mm-4mm-INOX-316-pour-planches-COBRA.webp","type":"image\/webp"}],"twitter_card":"summary_large_image","schema":{"@context":"https:\/\/schema.org","@graph":[{"@type":"WebPage","@id":"https:\/\/kparts-watersports.com\/es\/produit\/par-de-arandelas-6-mm-y-4-mm-en-acero-inoxidable-316-para-tablas-cobra\/","url":"https:\/\/kparts-watersports.com\/es\/produit\/par-de-arandelas-6-mm-y-4-mm-en-acero-inoxidable-316-para-tablas-cobra\/","name":"Par de arandelas 6 mm y 4 mm en acero inoxidable 316 para tablas COBRA - KPARTS WATERSPORTS","isPartOf":{"@id":"https:\/\/blanchedalmond-oryx-541128.hostingersite.com\/#website"},"primaryImageOfPage":{"@id":"https:\/\/kparts-watersports.com\/es\/produit\/par-de-arandelas-6-mm-y-4-mm-en-acero-inoxidable-316-para-tablas-cobra\/#primaryimage"},"image":{"@id":"https:\/\/kparts-watersports.com\/es\/produit\/par-de-arandelas-6-mm-y-4-mm-en-acero-inoxidable-316-para-tablas-cobra\/#primaryimage"},"thumbnailUrl":"https:\/\/kparts-watersports.com\/wp-content\/uploads\/2025\/06\/Paire-de-rondelles-6mm-4mm-INOX-316-pour-planches-COBRA.webp","datePublished":"2025-06-30T01:33:07+00:00","dateModified":"2026-04-23T14:11:11+00:00","breadcrumb":{"@id":"https:\/\/kparts-watersports.com\/es\/produit\/par-de-arandelas-6-mm-y-4-mm-en-acero-inoxidable-316-para-tablas-cobra\/#breadcrumb"},"inLanguage":"es-ES","potentialAction":[{"@type":"ReadAction","target":["https:\/\/kparts-watersports.com\/es\/produit\/par-de-arandelas-6-mm-y-4-mm-en-acero-inoxidable-316-para-tablas-cobra\/"]}]},{"@type":"ImageObject","inLanguage":"es-ES","@id":"https:\/\/kparts-watersports.com\/es\/produit\/par-de-arandelas-6-mm-y-4-mm-en-acero-inoxidable-316-para-tablas-cobra\/#primaryimage","url":"https:\/\/kparts-watersports.com\/wp-content\/uploads\/2025\/06\/Paire-de-rondelles-6mm-4mm-INOX-316-pour-planches-COBRA.webp","contentUrl":"https:\/\/kparts-watersports.com\/wp-content\/uploads\/2025\/06\/Paire-de-rondelles-6mm-4mm-INOX-316-pour-planches-COBRA.webp","width":1000,"height":574,"caption":"Paire de rondelles 6mm & 4mm INOX 316 pour planches COBRA"},{"@type":"BreadcrumbList","@id":"https:\/\/kparts-watersports.com\/es\/produit\/par-de-arandelas-6-mm-y-4-mm-en-acero-inoxidable-316-para-tablas-cobra\/#breadcrumb","itemListElement":[{"@type":"ListItem","position":1,"name":"Accueil","item":"https:\/\/kparts-watersports.com\/es\/inicio\/"},{"@type":"ListItem","position":2,"name":"Tienda","item":"https:\/\/kparts-watersports.com\/es\/tienda\/"},{"@type":"ListItem","position":3,"name":"Par de arandelas 6 mm y 4 mm en acero inoxidable 316 para tablas COBRA"}]},{"@type":"WebSite","@id":"https:\/\/blanchedalmond-oryx-541128.hostingersite.com\/#website","url":"https:\/\/blanchedalmond-oryx-541128.hostingersite.com\/","name":"KPARTS WATERSPORTS","description":"Accessoires custom pour sports nautiques","publisher":{"@id":"https:\/\/blanchedalmond-oryx-541128.hostingersite.com\/#organization"},"potentialAction":[{"@type":"SearchAction","target":{"@type":"EntryPoint","urlTemplate":"https:\/\/blanchedalmond-oryx-541128.hostingersite.com\/?s={search_term_string}"},"query-input":{"@type":"PropertyValueSpecification","valueRequired":true,"valueName":"search_term_string"}}],"inLanguage":"es-ES"},{"@type":"Organization","@id":"https:\/\/blanchedalmond-oryx-541128.hostingersite.com\/#organization","name":"KPARTS WATERSPORTS","url":"https:\/\/blanchedalmond-oryx-541128.hostingersite.com\/","logo":{"@type":"ImageObject","inLanguage":"es-ES","@id":"https:\/\/blanchedalmond-oryx-541128.hostingersite.com\/#\/schema\/logo\/image\/","url":"https:\/\/kparts-watersports.ovh\/wp-content\/uploads\/2024\/09\/Kparts-Logo-Favicon.jpg","contentUrl":"https:\/\/kparts-watersports.ovh\/wp-content\/uploads\/2024\/09\/Kparts-Logo-Favicon.jpg","width":600,"height":600,"caption":"KPARTS WATERSPORTS"},"image":{"@id":"https:\/\/blanchedalmond-oryx-541128.hostingersite.com\/#\/schema\/logo\/image\/"},"sameAs":["https:\/\/www.facebook.com\/people\/AP-3D-Custom\/100076804732870\/","https:\/\/www.instagram.com\/ap3dcustom\/"]}]}},"jetpack_sharing_enabled":true,"_links":{"self":[{"href":"https:\/\/kparts-watersports.com\/es\/wp-json\/wp\/v2\/product\/14894","targetHints":{"allow":["GET"]}}],"collection":[{"href":"https:\/\/kparts-watersports.com\/es\/wp-json\/wp\/v2\/product"}],"about":[{"href":"https:\/\/kparts-watersports.com\/es\/wp-json\/wp\/v2\/types\/product"}],"replies":[{"embeddable":true,"href":"https:\/\/kparts-watersports.com\/es\/wp-json\/wp\/v2\/comments?post=14894"}],"wp:featuredmedia":[{"embeddable":true,"href":"https:\/\/kparts-watersports.com\/es\/wp-json\/wp\/v2\/media\/14895"}],"wp:attachment":[{"href":"https:\/\/kparts-watersports.com\/es\/wp-json\/wp\/v2\/media?parent=14894"}],"wp:term":[{"taxonomy":"product_brand","embeddable":true,"href":"https:\/\/kparts-watersports.com\/es\/wp-json\/wp\/v2\/product_brand?post=14894"},{"taxonomy":"product_cat","embeddable":true,"href":"https:\/\/kparts-watersports.com\/es\/wp-json\/wp\/v2\/product_cat?post=14894"},{"taxonomy":"product_tag","embeddable":true,"href":"https:\/\/kparts-watersports.com\/es\/wp-json\/wp\/v2\/product_tag?post=14894"}],"curies":[{"name":"wp","href":"https:\/\/api.w.org\/{rel}","templated":true}]}}