{"id":14975,"date":"2025-08-24T13:53:40","date_gmt":"2025-08-24T11:53:40","guid":{"rendered":"https:\/\/kparts-watersports.com\/produit\/lineas-de-arnes-parawing\/"},"modified":"2026-04-23T17:16:26","modified_gmt":"2026-04-23T15:16:26","slug":"lineas-de-arnes-parawing","status":"publish","type":"product","link":"https:\/\/kparts-watersports.com\/es\/produit\/lineas-de-arnes-parawing\/","title":{"rendered":"L\u00edneas de arn\u00e9s &#8211; PARAWING"},"content":{"rendered":"<p>Hemos desarrollado este sistema de l\u00edneas de arn\u00e9s para la pr\u00e1ctica de Parawing \u2013 Pocket wing o low-kite \ud83e\ude82<br \/>Equipado con un gancho ergon\u00f3mico, este sistema te permite no tener ninguna l\u00ednea o cabo enganchado a tu barra y \u201cengancharte\u201d directamente a ella.<br \/>Cuando no utilizas el gancho, puedes guardarlo f\u00e1cilmente en el soporte magn\u00e9tico de tu cintur\u00f3n \ud83e\uddf2<\/p>\n<p><strong>\u00a1Tambi\u00e9n funciona en WINGFOIL (solo con boom)!<\/strong><\/p>\n<p>Opciones (a elegir):<\/p>\n<p>\ud83e\ude9d Forma del gancho:<\/p>\n<ul>\n<li><span style=\"font-size: 16px;\">Recto: compatible con la mayor\u00eda de las alas del mercado.<\/span><\/li>\n<li>Curvo: dedicado a POW Flysurfer\u00ae.<\/li>\n<\/ul>\n<p>\ud83d\udccf Ajuste de la longitud del cabo<\/p>\n<ul>\n<li>Fijo: ajuste en tierra mediante un simple nudo.<\/li>\n<li>Ajustable en navegaci\u00f3n: sistema con mordaza Clamcleat\u00ae para ajustar en pocos segundos.<\/li>\n<\/ul>\n<p>\ud83d\udcd0 Paso de la correa (cintur\u00f3n)<\/p>\n<ul>\n<li>3 alturas \u00d7 2 espesores disponibles \u2014 elige la talla correspondiente a tu correa (arn\u00e9s, cintur\u00f3n, etc.).<\/li>\n<\/ul>\n<p>\ud83d\udce6 Contenido del kit<\/p>\n<ul>\n<li>Gancho imantado + soporte magn\u00e9tico para cintur\u00f3n<\/li>\n<li>Brida (fija o ajustable) + aprox. 1 m de cabo (a recortar seg\u00fan preferencia)<\/li>\n<\/ul>\n<p>\u26a0\ufe0f Arn\u00e9s\/correa no incluidos \u2014 presentes en las fotos a modo ilustrativo.<\/p>\n<p>\ud83d\udee0\ufe0f Piezas fabricadas en nuestro taller en Brest.<br \/>\n\u2709\ufe0f \u00bfDimensiones de correa espec\u00edficas? Hecho a medida posible \u2014 cont\u00e1ctanos. <\/p>\n<p><strong>Observaciones:<\/strong><\/p>\n<p><strong>\ud83e\uddf2 \u00a1Evita exponer el im\u00e1n a tus dispositivos electr\u00f3nicos!<\/strong><br \/>\n<!-- YouTube horizontal 16:9 responsive --><\/p>\n<div class=\"yt-wrap\"><iframe title=\"L\u00ednea de arn\u00e9s para Parawing \u2013 video\" src=\"https:\/\/www.youtube-nocookie.com\/embed\/9YBVJXqIv2o?rel=0&amp;modestbranding=1\" allowfullscreen=\"allowfullscreen\"><\/iframe><\/div>\n<style>\n.yt-wrap{<br \/>  width:100%;<br \/>  max-width:900px;          \/* ajuste si besoin *\/<br \/>  margin:12px auto;<br \/>  aspect-ratio:16\/9;        \/* FOR\u00c7E le format horizontal *\/<br \/>  background:#000;<br \/>  border-radius:12px;<br \/>  overflow:hidden;<br \/>}<br \/>.yt-wrap iframe{<br \/>  width:100%;<br \/>  height:100%;<br \/>  border:0;<br \/>  display:block;<br \/>}<br \/><\/style>\n","protected":false},"excerpt":{"rendered":"<p>Hemos desarrollado este sistema de l\u00edneas de arn\u00e9s para la pr\u00e1ctica de Parawing \u2013 Pocket wing o low-kite \ud83e\ude82Equipado con un gancho ergon\u00f3mico, este sistema te permite no tener ninguna l\u00ednea o cabo enganchado a tu barra y \u201cengancharte\u201d directamente a ella.Cuando no utilizas el gancho, puedes guardarlo f\u00e1cilmente en el soporte magn\u00e9tico de tu cintur\u00f3n \ud83e\uddf2 \u00a1Tambi\u00e9n funciona en WINGFOIL (solo con boom)! Opciones (a elegir): \ud83e\ude9d Forma del gancho: Recto: compatible con la mayor\u00eda de las alas del mercado. Curvo: dedicado a POW Flysurfer\u00ae. \ud83d\udccf Ajuste de la longitud del cabo Fijo: ajuste en tierra mediante un simple nudo. Ajustable en navegaci\u00f3n: sistema con mordaza Clamcleat\u00ae para ajustar en pocos segundos. \ud83d\udcd0 Paso de la correa (cintur\u00f3n) 3 alturas \u00d7 2 espesores disponibles \u2014 elige la talla correspondiente a tu correa (arn\u00e9s, cintur\u00f3n, etc.). \ud83d\udce6 Contenido del kit Gancho imantado + soporte magn\u00e9tico para cintur\u00f3n Brida (fija o ajustable) + aprox. 1 m de cabo (a recortar seg\u00fan preferencia) \u26a0\ufe0f Arn\u00e9s\/correa no incluidos \u2014 presentes en las fotos a modo ilustrativo. \ud83d\udee0\ufe0f Piezas fabricadas en nuestro taller en Brest. \u2709\ufe0f \u00bfDimensiones de correa espec\u00edficas? Hecho a medida posible \u2014 cont\u00e1ctanos. Observaciones: \ud83e\uddf2 \u00a1Evita exponer el im\u00e1n a tus dispositivos electr\u00f3nicos!<\/p>\n","protected":false},"featured_media":14981,"comment_status":"open","ping_status":"closed","template":"","meta":{"site-sidebar-layout":"default","site-content-layout":"","ast-site-content-layout":"default","site-content-style":"default","site-sidebar-style":"default","ast-global-header-display":"","ast-banner-title-visibility":"","ast-main-header-display":"","ast-hfb-above-header-display":"","ast-hfb-below-header-display":"","ast-hfb-mobile-header-display":"","site-post-title":"","ast-breadcrumbs-content":"","ast-featured-img":"","footer-sml-layout":"","ast-disable-related-posts":"","theme-transparent-header-meta":"default","adv-header-id-meta":"","stick-header-meta":"","header-above-stick-meta":"","header-main-stick-meta":"","header-below-stick-meta":"","astra-migrate-meta-layouts":"default","ast-page-background-enabled":"default","ast-page-background-meta":{"desktop":{"background-color":"var(--ast-global-color-4)","background-image":"","background-repeat":"repeat","background-position":"center center","background-size":"auto","background-attachment":"scroll","background-type":"","background-media":"","overlay-type":"","overlay-color":"","overlay-opacity":"","overlay-gradient":""},"tablet":{"background-color":"","background-image":"","background-repeat":"repeat","background-position":"center center","background-size":"auto","background-attachment":"scroll","background-type":"","background-media":"","overlay-type":"","overlay-color":"","overlay-opacity":"","overlay-gradient":""},"mobile":{"background-color":"","background-image":"","background-repeat":"repeat","background-position":"center center","background-size":"auto","background-attachment":"scroll","background-type":"","background-media":"","overlay-type":"","overlay-color":"","overlay-opacity":"","overlay-gradient":""}},"ast-content-background-meta":{"desktop":{"background-color":"var(--ast-global-color-5)","background-image":"","background-repeat":"repeat","background-position":"center center","background-size":"auto","background-attachment":"scroll","background-type":"","background-media":"","overlay-type":"","overlay-color":"","overlay-opacity":"","overlay-gradient":""},"tablet":{"background-color":"var(--ast-global-color-5)","background-image":"","background-repeat":"repeat","background-position":"center center","background-size":"auto","background-attachment":"scroll","background-type":"","background-media":"","overlay-type":"","overlay-color":"","overlay-opacity":"","overlay-gradient":""},"mobile":{"background-color":"var(--ast-global-color-5)","background-image":"","background-repeat":"repeat","background-position":"center center","background-size":"auto","background-attachment":"scroll","background-type":"","background-media":"","overlay-type":"","overlay-color":"","overlay-opacity":"","overlay-gradient":""}}},"product_brand":[],"product_cat":[206],"product_tag":[],"class_list":{"0":"post-14975","1":"product","2":"type-product","3":"status-publish","4":"has-post-thumbnail","6":"product_cat-accesorios-para-parawing","7":"desktop-align-center","8":"tablet-align-left","9":"mobile-align-left","10":"tm-no-options","12":"first","13":"instock","14":"taxable","15":"shipping-taxable","16":"purchasable","17":"product-type-variable"},"yoast_head":"<!-- This site is optimized with the Yoast SEO plugin v27.3 - https:\/\/yoast.com\/product\/yoast-seo-wordpress\/ -->\n<title>L\u00edneas de arn\u00e9s - PARAWING - KPARTS WATERSPORTS<\/title>\n<meta name=\"robots\" content=\"index, follow, max-snippet:-1, max-image-preview:large, max-video-preview:-1\" \/>\n<link rel=\"canonical\" href=\"https:\/\/kparts-watersports.com\/es\/produit\/lineas-de-arnes-parawing\/\" \/>\n<meta property=\"og:locale\" content=\"es_ES\" \/>\n<meta property=\"og:type\" content=\"article\" \/>\n<meta property=\"og:title\" content=\"L\u00edneas de arn\u00e9s - PARAWING - KPARTS WATERSPORTS\" \/>\n<meta property=\"og:description\" content=\"Hemos desarrollado este sistema de l\u00edneas de arn\u00e9s para la pr\u00e1ctica de Parawing \u2013 Pocket wing o low-kite \ud83e\ude82Equipado con un gancho ergon\u00f3mico, este sistema te permite no tener ninguna l\u00ednea o cabo enganchado a tu barra y \u201cengancharte\u201d directamente a ella.Cuando no utilizas el gancho, puedes guardarlo f\u00e1cilmente en el soporte magn\u00e9tico de tu cintur\u00f3n \ud83e\uddf2 \u00a1Tambi\u00e9n funciona en WINGFOIL (solo con boom)! Opciones (a elegir): \ud83e\ude9d Forma del gancho: Recto: compatible con la mayor\u00eda de las alas del mercado. Curvo: dedicado a POW Flysurfer\u00ae. \ud83d\udccf Ajuste de la longitud del cabo Fijo: ajuste en tierra mediante un simple nudo. Ajustable en navegaci\u00f3n: sistema con mordaza Clamcleat\u00ae para ajustar en pocos segundos. \ud83d\udcd0 Paso de la correa (cintur\u00f3n) 3 alturas \u00d7 2 espesores disponibles \u2014 elige la talla correspondiente a tu correa (arn\u00e9s, cintur\u00f3n, etc.). \ud83d\udce6 Contenido del kit Gancho imantado + soporte magn\u00e9tico para cintur\u00f3n Brida (fija o ajustable) + aprox. 1 m de cabo (a recortar seg\u00fan preferencia) \u26a0\ufe0f Arn\u00e9s\/correa no incluidos \u2014 presentes en las fotos a modo ilustrativo. \ud83d\udee0\ufe0f Piezas fabricadas en nuestro taller en Brest. \u2709\ufe0f \u00bfDimensiones de correa espec\u00edficas? Hecho a medida posible \u2014 cont\u00e1ctanos. Observaciones: \ud83e\uddf2 \u00a1Evita exponer el im\u00e1n a tus dispositivos electr\u00f3nicos!\" \/>\n<meta property=\"og:url\" content=\"https:\/\/kparts-watersports.com\/es\/produit\/lineas-de-arnes-parawing\/\" \/>\n<meta property=\"og:site_name\" content=\"KPARTS WATERSPORTS\" \/>\n<meta property=\"article:publisher\" content=\"https:\/\/www.facebook.com\/people\/AP-3D-Custom\/100076804732870\/\" \/>\n<meta property=\"article:modified_time\" content=\"2026-04-23T15:16:26+00:00\" \/>\n<meta property=\"og:image\" content=\"https:\/\/kparts-watersports.com\/wp-content\/uploads\/2025\/08\/Miniature-YOUTUBE.jpg\" \/>\n\t<meta property=\"og:image:width\" content=\"1280\" \/>\n\t<meta property=\"og:image:height\" content=\"720\" \/>\n\t<meta property=\"og:image:type\" content=\"image\/jpeg\" \/>\n<meta name=\"twitter:card\" content=\"summary_large_image\" \/>\n<meta name=\"twitter:label1\" content=\"Tiempo de lectura\" \/>\n\t<meta name=\"twitter:data1\" content=\"1 minute\" \/>\n<script type=\"application\/ld+json\" class=\"yoast-schema-graph\">{\"@context\":\"https:\\\/\\\/schema.org\",\"@graph\":[{\"@type\":\"WebPage\",\"@id\":\"https:\\\/\\\/kparts-watersports.com\\\/es\\\/produit\\\/lineas-de-arnes-parawing\\\/\",\"url\":\"https:\\\/\\\/kparts-watersports.com\\\/es\\\/produit\\\/lineas-de-arnes-parawing\\\/\",\"name\":\"L\u00edneas de arn\u00e9s - PARAWING - KPARTS WATERSPORTS\",\"isPartOf\":{\"@id\":\"https:\\\/\\\/blanchedalmond-oryx-541128.hostingersite.com\\\/#website\"},\"primaryImageOfPage\":{\"@id\":\"https:\\\/\\\/kparts-watersports.com\\\/es\\\/produit\\\/lineas-de-arnes-parawing\\\/#primaryimage\"},\"image\":{\"@id\":\"https:\\\/\\\/kparts-watersports.com\\\/es\\\/produit\\\/lineas-de-arnes-parawing\\\/#primaryimage\"},\"thumbnailUrl\":\"https:\\\/\\\/kparts-watersports.com\\\/wp-content\\\/uploads\\\/2025\\\/08\\\/Miniature-YOUTUBE.jpg\",\"datePublished\":\"2025-08-24T11:53:40+00:00\",\"dateModified\":\"2026-04-23T15:16:26+00:00\",\"breadcrumb\":{\"@id\":\"https:\\\/\\\/kparts-watersports.com\\\/es\\\/produit\\\/lineas-de-arnes-parawing\\\/#breadcrumb\"},\"inLanguage\":\"es-ES\",\"potentialAction\":[{\"@type\":\"ReadAction\",\"target\":[\"https:\\\/\\\/kparts-watersports.com\\\/es\\\/produit\\\/lineas-de-arnes-parawing\\\/\"]}]},{\"@type\":\"ImageObject\",\"inLanguage\":\"es-ES\",\"@id\":\"https:\\\/\\\/kparts-watersports.com\\\/es\\\/produit\\\/lineas-de-arnes-parawing\\\/#primaryimage\",\"url\":\"https:\\\/\\\/kparts-watersports.com\\\/wp-content\\\/uploads\\\/2025\\\/08\\\/Miniature-YOUTUBE.jpg\",\"contentUrl\":\"https:\\\/\\\/kparts-watersports.com\\\/wp-content\\\/uploads\\\/2025\\\/08\\\/Miniature-YOUTUBE.jpg\",\"width\":1280,\"height\":720},{\"@type\":\"BreadcrumbList\",\"@id\":\"https:\\\/\\\/kparts-watersports.com\\\/es\\\/produit\\\/lineas-de-arnes-parawing\\\/#breadcrumb\",\"itemListElement\":[{\"@type\":\"ListItem\",\"position\":1,\"name\":\"Accueil\",\"item\":\"https:\\\/\\\/kparts-watersports.com\\\/es\\\/inicio\\\/\"},{\"@type\":\"ListItem\",\"position\":2,\"name\":\"Tienda\",\"item\":\"https:\\\/\\\/kparts-watersports.com\\\/es\\\/tienda\\\/\"},{\"@type\":\"ListItem\",\"position\":3,\"name\":\"L\u00edneas de arn\u00e9s &#8211; PARAWING\"}]},{\"@type\":\"WebSite\",\"@id\":\"https:\\\/\\\/blanchedalmond-oryx-541128.hostingersite.com\\\/#website\",\"url\":\"https:\\\/\\\/blanchedalmond-oryx-541128.hostingersite.com\\\/\",\"name\":\"KPARTS WATERSPORTS\",\"description\":\"Accessoires custom pour sports nautiques\",\"publisher\":{\"@id\":\"https:\\\/\\\/blanchedalmond-oryx-541128.hostingersite.com\\\/#organization\"},\"potentialAction\":[{\"@type\":\"SearchAction\",\"target\":{\"@type\":\"EntryPoint\",\"urlTemplate\":\"https:\\\/\\\/blanchedalmond-oryx-541128.hostingersite.com\\\/?s={search_term_string}\"},\"query-input\":{\"@type\":\"PropertyValueSpecification\",\"valueRequired\":true,\"valueName\":\"search_term_string\"}}],\"inLanguage\":\"es-ES\"},{\"@type\":\"Organization\",\"@id\":\"https:\\\/\\\/blanchedalmond-oryx-541128.hostingersite.com\\\/#organization\",\"name\":\"KPARTS WATERSPORTS\",\"url\":\"https:\\\/\\\/blanchedalmond-oryx-541128.hostingersite.com\\\/\",\"logo\":{\"@type\":\"ImageObject\",\"inLanguage\":\"es-ES\",\"@id\":\"https:\\\/\\\/blanchedalmond-oryx-541128.hostingersite.com\\\/#\\\/schema\\\/logo\\\/image\\\/\",\"url\":\"https:\\\/\\\/kparts-watersports.ovh\\\/wp-content\\\/uploads\\\/2024\\\/09\\\/Kparts-Logo-Favicon.jpg\",\"contentUrl\":\"https:\\\/\\\/kparts-watersports.ovh\\\/wp-content\\\/uploads\\\/2024\\\/09\\\/Kparts-Logo-Favicon.jpg\",\"width\":600,\"height\":600,\"caption\":\"KPARTS WATERSPORTS\"},\"image\":{\"@id\":\"https:\\\/\\\/blanchedalmond-oryx-541128.hostingersite.com\\\/#\\\/schema\\\/logo\\\/image\\\/\"},\"sameAs\":[\"https:\\\/\\\/www.facebook.com\\\/people\\\/AP-3D-Custom\\\/100076804732870\\\/\",\"https:\\\/\\\/www.instagram.com\\\/ap3dcustom\\\/\"]}]}<\/script>\n<!-- \/ Yoast SEO plugin. -->","yoast_head_json":{"title":"L\u00edneas de arn\u00e9s - PARAWING - KPARTS WATERSPORTS","robots":{"index":"index","follow":"follow","max-snippet":"max-snippet:-1","max-image-preview":"max-image-preview:large","max-video-preview":"max-video-preview:-1"},"canonical":"https:\/\/kparts-watersports.com\/es\/produit\/lineas-de-arnes-parawing\/","og_locale":"es_ES","og_type":"article","og_title":"L\u00edneas de arn\u00e9s - PARAWING - KPARTS WATERSPORTS","og_description":"Hemos desarrollado este sistema de l\u00edneas de arn\u00e9s para la pr\u00e1ctica de Parawing \u2013 Pocket wing o low-kite \ud83e\ude82Equipado con un gancho ergon\u00f3mico, este sistema te permite no tener ninguna l\u00ednea o cabo enganchado a tu barra y \u201cengancharte\u201d directamente a ella.Cuando no utilizas el gancho, puedes guardarlo f\u00e1cilmente en el soporte magn\u00e9tico de tu cintur\u00f3n \ud83e\uddf2 \u00a1Tambi\u00e9n funciona en WINGFOIL (solo con boom)! Opciones (a elegir): \ud83e\ude9d Forma del gancho: Recto: compatible con la mayor\u00eda de las alas del mercado. Curvo: dedicado a POW Flysurfer\u00ae. \ud83d\udccf Ajuste de la longitud del cabo Fijo: ajuste en tierra mediante un simple nudo. Ajustable en navegaci\u00f3n: sistema con mordaza Clamcleat\u00ae para ajustar en pocos segundos. \ud83d\udcd0 Paso de la correa (cintur\u00f3n) 3 alturas \u00d7 2 espesores disponibles \u2014 elige la talla correspondiente a tu correa (arn\u00e9s, cintur\u00f3n, etc.). \ud83d\udce6 Contenido del kit Gancho imantado + soporte magn\u00e9tico para cintur\u00f3n Brida (fija o ajustable) + aprox. 1 m de cabo (a recortar seg\u00fan preferencia) \u26a0\ufe0f Arn\u00e9s\/correa no incluidos \u2014 presentes en las fotos a modo ilustrativo. \ud83d\udee0\ufe0f Piezas fabricadas en nuestro taller en Brest. \u2709\ufe0f \u00bfDimensiones de correa espec\u00edficas? Hecho a medida posible \u2014 cont\u00e1ctanos. Observaciones: \ud83e\uddf2 \u00a1Evita exponer el im\u00e1n a tus dispositivos electr\u00f3nicos!","og_url":"https:\/\/kparts-watersports.com\/es\/produit\/lineas-de-arnes-parawing\/","og_site_name":"KPARTS WATERSPORTS","article_publisher":"https:\/\/www.facebook.com\/people\/AP-3D-Custom\/100076804732870\/","article_modified_time":"2026-04-23T15:16:26+00:00","og_image":[{"width":1280,"height":720,"url":"https:\/\/kparts-watersports.com\/wp-content\/uploads\/2025\/08\/Miniature-YOUTUBE.jpg","type":"image\/jpeg"}],"twitter_card":"summary_large_image","twitter_misc":{"Tiempo de lectura":"1 minute"},"schema":{"@context":"https:\/\/schema.org","@graph":[{"@type":"WebPage","@id":"https:\/\/kparts-watersports.com\/es\/produit\/lineas-de-arnes-parawing\/","url":"https:\/\/kparts-watersports.com\/es\/produit\/lineas-de-arnes-parawing\/","name":"L\u00edneas de arn\u00e9s - PARAWING - KPARTS WATERSPORTS","isPartOf":{"@id":"https:\/\/blanchedalmond-oryx-541128.hostingersite.com\/#website"},"primaryImageOfPage":{"@id":"https:\/\/kparts-watersports.com\/es\/produit\/lineas-de-arnes-parawing\/#primaryimage"},"image":{"@id":"https:\/\/kparts-watersports.com\/es\/produit\/lineas-de-arnes-parawing\/#primaryimage"},"thumbnailUrl":"https:\/\/kparts-watersports.com\/wp-content\/uploads\/2025\/08\/Miniature-YOUTUBE.jpg","datePublished":"2025-08-24T11:53:40+00:00","dateModified":"2026-04-23T15:16:26+00:00","breadcrumb":{"@id":"https:\/\/kparts-watersports.com\/es\/produit\/lineas-de-arnes-parawing\/#breadcrumb"},"inLanguage":"es-ES","potentialAction":[{"@type":"ReadAction","target":["https:\/\/kparts-watersports.com\/es\/produit\/lineas-de-arnes-parawing\/"]}]},{"@type":"ImageObject","inLanguage":"es-ES","@id":"https:\/\/kparts-watersports.com\/es\/produit\/lineas-de-arnes-parawing\/#primaryimage","url":"https:\/\/kparts-watersports.com\/wp-content\/uploads\/2025\/08\/Miniature-YOUTUBE.jpg","contentUrl":"https:\/\/kparts-watersports.com\/wp-content\/uploads\/2025\/08\/Miniature-YOUTUBE.jpg","width":1280,"height":720},{"@type":"BreadcrumbList","@id":"https:\/\/kparts-watersports.com\/es\/produit\/lineas-de-arnes-parawing\/#breadcrumb","itemListElement":[{"@type":"ListItem","position":1,"name":"Accueil","item":"https:\/\/kparts-watersports.com\/es\/inicio\/"},{"@type":"ListItem","position":2,"name":"Tienda","item":"https:\/\/kparts-watersports.com\/es\/tienda\/"},{"@type":"ListItem","position":3,"name":"L\u00edneas de arn\u00e9s &#8211; PARAWING"}]},{"@type":"WebSite","@id":"https:\/\/blanchedalmond-oryx-541128.hostingersite.com\/#website","url":"https:\/\/blanchedalmond-oryx-541128.hostingersite.com\/","name":"KPARTS WATERSPORTS","description":"Accessoires custom pour sports nautiques","publisher":{"@id":"https:\/\/blanchedalmond-oryx-541128.hostingersite.com\/#organization"},"potentialAction":[{"@type":"SearchAction","target":{"@type":"EntryPoint","urlTemplate":"https:\/\/blanchedalmond-oryx-541128.hostingersite.com\/?s={search_term_string}"},"query-input":{"@type":"PropertyValueSpecification","valueRequired":true,"valueName":"search_term_string"}}],"inLanguage":"es-ES"},{"@type":"Organization","@id":"https:\/\/blanchedalmond-oryx-541128.hostingersite.com\/#organization","name":"KPARTS WATERSPORTS","url":"https:\/\/blanchedalmond-oryx-541128.hostingersite.com\/","logo":{"@type":"ImageObject","inLanguage":"es-ES","@id":"https:\/\/blanchedalmond-oryx-541128.hostingersite.com\/#\/schema\/logo\/image\/","url":"https:\/\/kparts-watersports.ovh\/wp-content\/uploads\/2024\/09\/Kparts-Logo-Favicon.jpg","contentUrl":"https:\/\/kparts-watersports.ovh\/wp-content\/uploads\/2024\/09\/Kparts-Logo-Favicon.jpg","width":600,"height":600,"caption":"KPARTS WATERSPORTS"},"image":{"@id":"https:\/\/blanchedalmond-oryx-541128.hostingersite.com\/#\/schema\/logo\/image\/"},"sameAs":["https:\/\/www.facebook.com\/people\/AP-3D-Custom\/100076804732870\/","https:\/\/www.instagram.com\/ap3dcustom\/"]}]}},"jetpack_sharing_enabled":true,"_links":{"self":[{"href":"https:\/\/kparts-watersports.com\/es\/wp-json\/wp\/v2\/product\/14975","targetHints":{"allow":["GET"]}}],"collection":[{"href":"https:\/\/kparts-watersports.com\/es\/wp-json\/wp\/v2\/product"}],"about":[{"href":"https:\/\/kparts-watersports.com\/es\/wp-json\/wp\/v2\/types\/product"}],"replies":[{"embeddable":true,"href":"https:\/\/kparts-watersports.com\/es\/wp-json\/wp\/v2\/comments?post=14975"}],"wp:featuredmedia":[{"embeddable":true,"href":"https:\/\/kparts-watersports.com\/es\/wp-json\/wp\/v2\/media\/14981"}],"wp:attachment":[{"href":"https:\/\/kparts-watersports.com\/es\/wp-json\/wp\/v2\/media?parent=14975"}],"wp:term":[{"taxonomy":"product_brand","embeddable":true,"href":"https:\/\/kparts-watersports.com\/es\/wp-json\/wp\/v2\/product_brand?post=14975"},{"taxonomy":"product_cat","embeddable":true,"href":"https:\/\/kparts-watersports.com\/es\/wp-json\/wp\/v2\/product_cat?post=14975"},{"taxonomy":"product_tag","embeddable":true,"href":"https:\/\/kparts-watersports.com\/es\/wp-json\/wp\/v2\/product_tag?post=14975"}],"curies":[{"name":"wp","href":"https:\/\/api.w.org\/{rel}","templated":true}]}}