{"id":15014,"date":"2025-11-08T11:53:20","date_gmt":"2025-11-08T10:53:20","guid":{"rendered":"https:\/\/kparts-watersports.com\/produit\/ala-delantera-skal\/"},"modified":"2026-04-23T17:26:50","modified_gmt":"2026-04-23T15:26:50","slug":"ala-delantera-skal","status":"publish","type":"product","link":"https:\/\/kparts-watersports.com\/es\/produit\/ala-delantera-skal\/","title":{"rendered":"Ala delantera \u2013 SKAL"},"content":{"rendered":"<h5 data-start=\"5479\" data-end=\"5539\">\ud83d\ude9a <strong>En STOCK \u2013 plazo de preparaci\u00f3n y env\u00edo: 5 d\u00edas<br \/><\/strong><\/h5>\n<p>&nbsp;<\/p>\n<p>La gama SKAL ha sido dise\u00f1ada con un objetivo: ofrecerte un foil con sensaciones, r\u00e1pido, maniobrable y con un deslizamiento \u00fanico.<\/p>\n<p>Con su aspect ratio de 9,5 (10,7 para la 1150), ofrece un excelente compromiso entre maniobrabilidad, deslizamiento y pumping, lo que convierte al SKAL en un foil polivalente capaz de rendir en todas tus pr\u00e1cticas: wingfoil, surf foil, pocket wing.<\/p>\n<p>Su outline evocador le aporta una gran estabilidad longitudinal (en cabeceo), a la vez que confiere al foil un comportamiento muy libre en balanceo y gui\u00f1ada, gracias a un trabajo minucioso en el dise\u00f1o de las puntas, su finura y el twist del perfil: el SKAL entra en las curvas sin resistencia y se lleva de un rail al otro con total fluidez.<\/p>\n<p>Con el SKAL podr\u00e1s trazar curvas mientras disfrutas de un glide y un pumping eficaces para reconectar y surfear sin fin.<\/p>\n<p>La estabilidad en cabeceo del <strong>SKAL<\/strong> evita cualquier \u201cmarsouineo\u201d a baja y media velocidad, tanto en surf como en freeride y freefly. Tambi\u00e9n permite ce\u00f1ir eficazmente, manteniendo una escora estable y una presi\u00f3n constante sobre el ala. <\/p>\n<p>Gracias a un trabajo profundo sobre el perfil, nuestras alas combinan una sustentaci\u00f3n temprana (limitando el efecto cabrador), un deslizamiento fluido en crucero, un <strong>control m\u00e1s ligero del pie delantero<\/strong> a alta velocidad y un silencio absoluto, sea cual sea la velocidad.<\/p>\n<p>Elegir el SKAL es elegir la POLIVALENCIA sin comprometer el <strong>RENDIMIENTO<\/strong>.<\/p>\n<p>\ud83c\uddeb\ud83c\uddf7 Fabricadas en Saint-Malo en el taller de Lok\u00e9foil, nuestras alas se benefician del saber hacer en composites de la marca, ofreciendo una <strong>construcci\u00f3n ligera y a la vez r\u00edgida<\/strong>.<\/p>\n<p>Nuestras alas SKAL pueden utilizarse con nuestros m\u00e1stiles KPARTS (aluminio y carbono), <strong>pero tambi\u00e9n con los m\u00e1stiles AFS\u00ae y ALLURE\u00ae<\/strong> gracias a <a href=\"https:\/\/kparts-watersports.com\/es\/categoria-producto\/foils\/fuselajes\/\">fuselajes<\/a> dedicados, disponibles en la categor\u00eda correspondiente.<\/p>\n<div>\n<div>\n<div>\n<table>\n<colgroup>\n<col>\n<col>\n<col>\n<col>\n<col>\n<col><\/colgroup>\n<tbody>\n<tr>\n<td>Alas SKAL<\/td>\n<td>570<\/td>\n<td>690<\/td>\n<td>840<\/td>\n<td>990<\/td>\n<td>1150<\/td>\n<\/tr>\n<tr>\n<td>Envergadura<\/td>\n<td>77cm<\/td>\n<td>81cm<\/td>\n<td>89cm<\/td>\n<td>97cm<\/td>\n<td>111cm<\/td>\n<\/tr>\n<tr>\n<td>AR<\/td>\n<td>10,4<\/td>\n<td>9,5<\/td>\n<td>9,5<\/td>\n<td>9,5<\/td>\n<td>10,7<\/td>\n<\/tr>\n<tr>\n<td>Espesor m\u00e1x.<\/td>\n<td>12mm<\/td>\n<td>12.5mm<\/td>\n<td>14mm<\/td>\n<td>14.9mm<\/td>\n<td>15.3mm<\/td>\n<\/tr>\n<\/tbody>\n<\/table>\n<\/div>\n<\/div>\n<\/div>\n<p>&nbsp;<\/p>\n","protected":false},"excerpt":{"rendered":"<p>\ud83d\ude9a En STOCK \u2013 plazo de preparaci\u00f3n y env\u00edo: 5 d\u00edas &nbsp; La gama SKAL ha sido dise\u00f1ada con un objetivo: ofrecerte un foil con sensaciones, r\u00e1pido, maniobrable y con un deslizamiento \u00fanico. Con su aspect ratio de 9,5 (10,7 para la 1150), ofrece un excelente compromiso entre maniobrabilidad, deslizamiento y pumping, lo que convierte al SKAL en un foil polivalente capaz de rendir en todas tus pr\u00e1cticas: wingfoil, surf foil, pocket wing. Su outline evocador le aporta una gran estabilidad longitudinal (en cabeceo), a la vez que confiere al foil un comportamiento muy libre en balanceo y gui\u00f1ada, gracias a un trabajo minucioso en el dise\u00f1o de las puntas, su finura y el twist del perfil: el SKAL entra en las curvas sin resistencia y se lleva de un rail al otro con total fluidez. Con el SKAL podr\u00e1s trazar curvas mientras disfrutas de un glide y un pumping eficaces para reconectar y surfear sin fin. La estabilidad en cabeceo del SKAL evita cualquier \u201cmarsouineo\u201d a baja y media velocidad, tanto en surf como en freeride y freefly. Tambi\u00e9n permite ce\u00f1ir eficazmente, manteniendo una escora estable y una presi\u00f3n constante sobre el ala. Gracias a un trabajo profundo sobre el perfil, nuestras alas combinan una sustentaci\u00f3n temprana (limitando el efecto cabrador), un deslizamiento fluido en crucero, un control m\u00e1s ligero del pie delantero a alta velocidad y un silencio absoluto, sea cual sea la velocidad. Elegir el SKAL es elegir la POLIVALENCIA sin comprometer el RENDIMIENTO. \ud83c\uddeb\ud83c\uddf7 Fabricadas en Saint-Malo en el taller de Lok\u00e9foil, nuestras alas se benefician del saber hacer en composites de la marca, ofreciendo una construcci\u00f3n ligera y a la vez r\u00edgida. Nuestras alas SKAL pueden utilizarse con nuestros m\u00e1stiles KPARTS (aluminio y carbono), pero tambi\u00e9n con los m\u00e1stiles AFS\u00ae y ALLURE\u00ae gracias a fuselajes dedicados, disponibles en la categor\u00eda correspondiente. Alas SKAL 570 690 840 990 1150 Envergadura 77cm 81cm 89cm 97cm 111cm AR 10,4 9,5 9,5 9,5 10,7 Espesor m\u00e1x. 12mm 12.5mm 14mm 14.9mm 15.3mm &nbsp;<\/p>\n","protected":false},"featured_media":15037,"comment_status":"open","ping_status":"closed","template":"","meta":{"site-sidebar-layout":"default","site-content-layout":"","ast-site-content-layout":"default","site-content-style":"default","site-sidebar-style":"default","ast-global-header-display":"","ast-banner-title-visibility":"","ast-main-header-display":"","ast-hfb-above-header-display":"","ast-hfb-below-header-display":"","ast-hfb-mobile-header-display":"","site-post-title":"","ast-breadcrumbs-content":"","ast-featured-img":"","footer-sml-layout":"","ast-disable-related-posts":"","theme-transparent-header-meta":"default","adv-header-id-meta":"","stick-header-meta":"","header-above-stick-meta":"","header-main-stick-meta":"","header-below-stick-meta":"","astra-migrate-meta-layouts":"default","ast-page-background-enabled":"default","ast-page-background-meta":{"desktop":{"background-color":"var(--ast-global-color-4)","background-image":"","background-repeat":"repeat","background-position":"center center","background-size":"auto","background-attachment":"scroll","background-type":"","background-media":"","overlay-type":"","overlay-color":"","overlay-opacity":"","overlay-gradient":""},"tablet":{"background-color":"","background-image":"","background-repeat":"repeat","background-position":"center center","background-size":"auto","background-attachment":"scroll","background-type":"","background-media":"","overlay-type":"","overlay-color":"","overlay-opacity":"","overlay-gradient":""},"mobile":{"background-color":"","background-image":"","background-repeat":"repeat","background-position":"center center","background-size":"auto","background-attachment":"scroll","background-type":"","background-media":"","overlay-type":"","overlay-color":"","overlay-opacity":"","overlay-gradient":""}},"ast-content-background-meta":{"desktop":{"background-color":"var(--ast-global-color-5)","background-image":"","background-repeat":"repeat","background-position":"center center","background-size":"auto","background-attachment":"scroll","background-type":"","background-media":"","overlay-type":"","overlay-color":"","overlay-opacity":"","overlay-gradient":""},"tablet":{"background-color":"var(--ast-global-color-5)","background-image":"","background-repeat":"repeat","background-position":"center center","background-size":"auto","background-attachment":"scroll","background-type":"","background-media":"","overlay-type":"","overlay-color":"","overlay-opacity":"","overlay-gradient":""},"mobile":{"background-color":"var(--ast-global-color-5)","background-image":"","background-repeat":"repeat","background-position":"center center","background-size":"auto","background-attachment":"scroll","background-type":"","background-media":"","overlay-type":"","overlay-color":"","overlay-opacity":"","overlay-gradient":""}}},"product_brand":[],"product_cat":[221,210],"product_tag":[],"class_list":{"0":"post-15014","1":"product","2":"type-product","3":"status-publish","4":"has-post-thumbnail","6":"product_cat-alas-frontales","7":"product_cat-foils","8":"product_shipping_class-productos-pesados-o-voluminosos","9":"desktop-align-center","10":"tablet-align-left","11":"mobile-align-left","12":"tm-no-options","14":"first","15":"instock","16":"taxable","17":"shipping-taxable","18":"purchasable","19":"product-type-variable"},"yoast_head":"<!-- This site is optimized with the Yoast SEO plugin v27.3 - https:\/\/yoast.com\/product\/yoast-seo-wordpress\/ -->\n<title>Ala delantera \u2013 SKAL - KPARTS WATERSPORTS<\/title>\n<meta name=\"robots\" content=\"index, follow, max-snippet:-1, max-image-preview:large, max-video-preview:-1\" \/>\n<link rel=\"canonical\" href=\"https:\/\/kparts-watersports.com\/es\/produit\/ala-delantera-skal\/\" \/>\n<meta property=\"og:locale\" content=\"es_ES\" \/>\n<meta property=\"og:type\" content=\"article\" \/>\n<meta property=\"og:title\" content=\"Ala delantera \u2013 SKAL - KPARTS WATERSPORTS\" \/>\n<meta property=\"og:description\" content=\"\ud83d\ude9a En STOCK \u2013 plazo de preparaci\u00f3n y env\u00edo: 5 d\u00edas &nbsp; La gama SKAL ha sido dise\u00f1ada con un objetivo: ofrecerte un foil con sensaciones, r\u00e1pido, maniobrable y con un deslizamiento \u00fanico. Con su aspect ratio de 9,5 (10,7 para la 1150), ofrece un excelente compromiso entre maniobrabilidad, deslizamiento y pumping, lo que convierte al SKAL en un foil polivalente capaz de rendir en todas tus pr\u00e1cticas: wingfoil, surf foil, pocket wing. Su outline evocador le aporta una gran estabilidad longitudinal (en cabeceo), a la vez que confiere al foil un comportamiento muy libre en balanceo y gui\u00f1ada, gracias a un trabajo minucioso en el dise\u00f1o de las puntas, su finura y el twist del perfil: el SKAL entra en las curvas sin resistencia y se lleva de un rail al otro con total fluidez. Con el SKAL podr\u00e1s trazar curvas mientras disfrutas de un glide y un pumping eficaces para reconectar y surfear sin fin. La estabilidad en cabeceo del SKAL evita cualquier \u201cmarsouineo\u201d a baja y media velocidad, tanto en surf como en freeride y freefly. Tambi\u00e9n permite ce\u00f1ir eficazmente, manteniendo una escora estable y una presi\u00f3n constante sobre el ala. Gracias a un trabajo profundo sobre el perfil, nuestras alas combinan una sustentaci\u00f3n temprana (limitando el efecto cabrador), un deslizamiento fluido en crucero, un control m\u00e1s ligero del pie delantero a alta velocidad y un silencio absoluto, sea cual sea la velocidad. Elegir el SKAL es elegir la POLIVALENCIA sin comprometer el RENDIMIENTO. \ud83c\uddeb\ud83c\uddf7 Fabricadas en Saint-Malo en el taller de Lok\u00e9foil, nuestras alas se benefician del saber hacer en composites de la marca, ofreciendo una construcci\u00f3n ligera y a la vez r\u00edgida. Nuestras alas SKAL pueden utilizarse con nuestros m\u00e1stiles KPARTS (aluminio y carbono), pero tambi\u00e9n con los m\u00e1stiles AFS\u00ae y ALLURE\u00ae gracias a fuselajes dedicados, disponibles en la categor\u00eda correspondiente. Alas SKAL 570 690 840 990 1150 Envergadura 77cm 81cm 89cm 97cm 111cm AR 10,4 9,5 9,5 9,5 10,7 Espesor m\u00e1x. 12mm 12.5mm 14mm 14.9mm 15.3mm &nbsp;\" \/>\n<meta property=\"og:url\" content=\"https:\/\/kparts-watersports.com\/es\/produit\/ala-delantera-skal\/\" \/>\n<meta property=\"og:site_name\" content=\"KPARTS WATERSPORTS\" \/>\n<meta property=\"article:publisher\" content=\"https:\/\/www.facebook.com\/people\/AP-3D-Custom\/100076804732870\/\" \/>\n<meta property=\"article:modified_time\" content=\"2026-04-23T15:26:50+00:00\" \/>\n<meta property=\"og:image\" content=\"https:\/\/kparts-watersports.com\/wp-content\/uploads\/2025\/11\/KPARTS_wing_SKAL_new_2.webp\" \/>\n\t<meta property=\"og:image:width\" content=\"600\" \/>\n\t<meta property=\"og:image:height\" content=\"600\" \/>\n\t<meta property=\"og:image:type\" content=\"image\/webp\" \/>\n<meta name=\"twitter:card\" content=\"summary_large_image\" \/>\n<meta name=\"twitter:label1\" content=\"Tiempo de lectura\" \/>\n\t<meta name=\"twitter:data1\" content=\"2 minutes\" \/>\n<script type=\"application\/ld+json\" class=\"yoast-schema-graph\">{\"@context\":\"https:\\\/\\\/schema.org\",\"@graph\":[{\"@type\":\"WebPage\",\"@id\":\"https:\\\/\\\/kparts-watersports.com\\\/es\\\/produit\\\/ala-delantera-skal\\\/\",\"url\":\"https:\\\/\\\/kparts-watersports.com\\\/es\\\/produit\\\/ala-delantera-skal\\\/\",\"name\":\"Ala delantera \u2013 SKAL - KPARTS WATERSPORTS\",\"isPartOf\":{\"@id\":\"https:\\\/\\\/blanchedalmond-oryx-541128.hostingersite.com\\\/#website\"},\"primaryImageOfPage\":{\"@id\":\"https:\\\/\\\/kparts-watersports.com\\\/es\\\/produit\\\/ala-delantera-skal\\\/#primaryimage\"},\"image\":{\"@id\":\"https:\\\/\\\/kparts-watersports.com\\\/es\\\/produit\\\/ala-delantera-skal\\\/#primaryimage\"},\"thumbnailUrl\":\"https:\\\/\\\/kparts-watersports.com\\\/wp-content\\\/uploads\\\/2025\\\/11\\\/KPARTS_wing_SKAL_new_2.webp\",\"datePublished\":\"2025-11-08T10:53:20+00:00\",\"dateModified\":\"2026-04-23T15:26:50+00:00\",\"breadcrumb\":{\"@id\":\"https:\\\/\\\/kparts-watersports.com\\\/es\\\/produit\\\/ala-delantera-skal\\\/#breadcrumb\"},\"inLanguage\":\"es-ES\",\"potentialAction\":[{\"@type\":\"ReadAction\",\"target\":[\"https:\\\/\\\/kparts-watersports.com\\\/es\\\/produit\\\/ala-delantera-skal\\\/\"]}]},{\"@type\":\"ImageObject\",\"inLanguage\":\"es-ES\",\"@id\":\"https:\\\/\\\/kparts-watersports.com\\\/es\\\/produit\\\/ala-delantera-skal\\\/#primaryimage\",\"url\":\"https:\\\/\\\/kparts-watersports.com\\\/wp-content\\\/uploads\\\/2025\\\/11\\\/KPARTS_wing_SKAL_new_2.webp\",\"contentUrl\":\"https:\\\/\\\/kparts-watersports.com\\\/wp-content\\\/uploads\\\/2025\\\/11\\\/KPARTS_wing_SKAL_new_2.webp\",\"width\":600,\"height\":600},{\"@type\":\"BreadcrumbList\",\"@id\":\"https:\\\/\\\/kparts-watersports.com\\\/es\\\/produit\\\/ala-delantera-skal\\\/#breadcrumb\",\"itemListElement\":[{\"@type\":\"ListItem\",\"position\":1,\"name\":\"Accueil\",\"item\":\"https:\\\/\\\/kparts-watersports.com\\\/es\\\/inicio\\\/\"},{\"@type\":\"ListItem\",\"position\":2,\"name\":\"Tienda\",\"item\":\"https:\\\/\\\/kparts-watersports.com\\\/es\\\/tienda\\\/\"},{\"@type\":\"ListItem\",\"position\":3,\"name\":\"Ala delantera \u2013 SKAL\"}]},{\"@type\":\"WebSite\",\"@id\":\"https:\\\/\\\/blanchedalmond-oryx-541128.hostingersite.com\\\/#website\",\"url\":\"https:\\\/\\\/blanchedalmond-oryx-541128.hostingersite.com\\\/\",\"name\":\"KPARTS WATERSPORTS\",\"description\":\"Accessoires custom pour sports nautiques\",\"publisher\":{\"@id\":\"https:\\\/\\\/blanchedalmond-oryx-541128.hostingersite.com\\\/#organization\"},\"potentialAction\":[{\"@type\":\"SearchAction\",\"target\":{\"@type\":\"EntryPoint\",\"urlTemplate\":\"https:\\\/\\\/blanchedalmond-oryx-541128.hostingersite.com\\\/?s={search_term_string}\"},\"query-input\":{\"@type\":\"PropertyValueSpecification\",\"valueRequired\":true,\"valueName\":\"search_term_string\"}}],\"inLanguage\":\"es-ES\"},{\"@type\":\"Organization\",\"@id\":\"https:\\\/\\\/blanchedalmond-oryx-541128.hostingersite.com\\\/#organization\",\"name\":\"KPARTS WATERSPORTS\",\"url\":\"https:\\\/\\\/blanchedalmond-oryx-541128.hostingersite.com\\\/\",\"logo\":{\"@type\":\"ImageObject\",\"inLanguage\":\"es-ES\",\"@id\":\"https:\\\/\\\/blanchedalmond-oryx-541128.hostingersite.com\\\/#\\\/schema\\\/logo\\\/image\\\/\",\"url\":\"https:\\\/\\\/kparts-watersports.ovh\\\/wp-content\\\/uploads\\\/2024\\\/09\\\/Kparts-Logo-Favicon.jpg\",\"contentUrl\":\"https:\\\/\\\/kparts-watersports.ovh\\\/wp-content\\\/uploads\\\/2024\\\/09\\\/Kparts-Logo-Favicon.jpg\",\"width\":600,\"height\":600,\"caption\":\"KPARTS WATERSPORTS\"},\"image\":{\"@id\":\"https:\\\/\\\/blanchedalmond-oryx-541128.hostingersite.com\\\/#\\\/schema\\\/logo\\\/image\\\/\"},\"sameAs\":[\"https:\\\/\\\/www.facebook.com\\\/people\\\/AP-3D-Custom\\\/100076804732870\\\/\",\"https:\\\/\\\/www.instagram.com\\\/ap3dcustom\\\/\"]}]}<\/script>\n<!-- \/ Yoast SEO plugin. -->","yoast_head_json":{"title":"Ala delantera \u2013 SKAL - KPARTS WATERSPORTS","robots":{"index":"index","follow":"follow","max-snippet":"max-snippet:-1","max-image-preview":"max-image-preview:large","max-video-preview":"max-video-preview:-1"},"canonical":"https:\/\/kparts-watersports.com\/es\/produit\/ala-delantera-skal\/","og_locale":"es_ES","og_type":"article","og_title":"Ala delantera \u2013 SKAL - KPARTS WATERSPORTS","og_description":"\ud83d\ude9a En STOCK \u2013 plazo de preparaci\u00f3n y env\u00edo: 5 d\u00edas &nbsp; La gama SKAL ha sido dise\u00f1ada con un objetivo: ofrecerte un foil con sensaciones, r\u00e1pido, maniobrable y con un deslizamiento \u00fanico. Con su aspect ratio de 9,5 (10,7 para la 1150), ofrece un excelente compromiso entre maniobrabilidad, deslizamiento y pumping, lo que convierte al SKAL en un foil polivalente capaz de rendir en todas tus pr\u00e1cticas: wingfoil, surf foil, pocket wing. Su outline evocador le aporta una gran estabilidad longitudinal (en cabeceo), a la vez que confiere al foil un comportamiento muy libre en balanceo y gui\u00f1ada, gracias a un trabajo minucioso en el dise\u00f1o de las puntas, su finura y el twist del perfil: el SKAL entra en las curvas sin resistencia y se lleva de un rail al otro con total fluidez. Con el SKAL podr\u00e1s trazar curvas mientras disfrutas de un glide y un pumping eficaces para reconectar y surfear sin fin. La estabilidad en cabeceo del SKAL evita cualquier \u201cmarsouineo\u201d a baja y media velocidad, tanto en surf como en freeride y freefly. Tambi\u00e9n permite ce\u00f1ir eficazmente, manteniendo una escora estable y una presi\u00f3n constante sobre el ala. Gracias a un trabajo profundo sobre el perfil, nuestras alas combinan una sustentaci\u00f3n temprana (limitando el efecto cabrador), un deslizamiento fluido en crucero, un control m\u00e1s ligero del pie delantero a alta velocidad y un silencio absoluto, sea cual sea la velocidad. Elegir el SKAL es elegir la POLIVALENCIA sin comprometer el RENDIMIENTO. \ud83c\uddeb\ud83c\uddf7 Fabricadas en Saint-Malo en el taller de Lok\u00e9foil, nuestras alas se benefician del saber hacer en composites de la marca, ofreciendo una construcci\u00f3n ligera y a la vez r\u00edgida. Nuestras alas SKAL pueden utilizarse con nuestros m\u00e1stiles KPARTS (aluminio y carbono), pero tambi\u00e9n con los m\u00e1stiles AFS\u00ae y ALLURE\u00ae gracias a fuselajes dedicados, disponibles en la categor\u00eda correspondiente. Alas SKAL 570 690 840 990 1150 Envergadura 77cm 81cm 89cm 97cm 111cm AR 10,4 9,5 9,5 9,5 10,7 Espesor m\u00e1x. 12mm 12.5mm 14mm 14.9mm 15.3mm &nbsp;","og_url":"https:\/\/kparts-watersports.com\/es\/produit\/ala-delantera-skal\/","og_site_name":"KPARTS WATERSPORTS","article_publisher":"https:\/\/www.facebook.com\/people\/AP-3D-Custom\/100076804732870\/","article_modified_time":"2026-04-23T15:26:50+00:00","og_image":[{"width":600,"height":600,"url":"https:\/\/kparts-watersports.com\/wp-content\/uploads\/2025\/11\/KPARTS_wing_SKAL_new_2.webp","type":"image\/webp"}],"twitter_card":"summary_large_image","twitter_misc":{"Tiempo de lectura":"2 minutes"},"schema":{"@context":"https:\/\/schema.org","@graph":[{"@type":"WebPage","@id":"https:\/\/kparts-watersports.com\/es\/produit\/ala-delantera-skal\/","url":"https:\/\/kparts-watersports.com\/es\/produit\/ala-delantera-skal\/","name":"Ala delantera \u2013 SKAL - KPARTS WATERSPORTS","isPartOf":{"@id":"https:\/\/blanchedalmond-oryx-541128.hostingersite.com\/#website"},"primaryImageOfPage":{"@id":"https:\/\/kparts-watersports.com\/es\/produit\/ala-delantera-skal\/#primaryimage"},"image":{"@id":"https:\/\/kparts-watersports.com\/es\/produit\/ala-delantera-skal\/#primaryimage"},"thumbnailUrl":"https:\/\/kparts-watersports.com\/wp-content\/uploads\/2025\/11\/KPARTS_wing_SKAL_new_2.webp","datePublished":"2025-11-08T10:53:20+00:00","dateModified":"2026-04-23T15:26:50+00:00","breadcrumb":{"@id":"https:\/\/kparts-watersports.com\/es\/produit\/ala-delantera-skal\/#breadcrumb"},"inLanguage":"es-ES","potentialAction":[{"@type":"ReadAction","target":["https:\/\/kparts-watersports.com\/es\/produit\/ala-delantera-skal\/"]}]},{"@type":"ImageObject","inLanguage":"es-ES","@id":"https:\/\/kparts-watersports.com\/es\/produit\/ala-delantera-skal\/#primaryimage","url":"https:\/\/kparts-watersports.com\/wp-content\/uploads\/2025\/11\/KPARTS_wing_SKAL_new_2.webp","contentUrl":"https:\/\/kparts-watersports.com\/wp-content\/uploads\/2025\/11\/KPARTS_wing_SKAL_new_2.webp","width":600,"height":600},{"@type":"BreadcrumbList","@id":"https:\/\/kparts-watersports.com\/es\/produit\/ala-delantera-skal\/#breadcrumb","itemListElement":[{"@type":"ListItem","position":1,"name":"Accueil","item":"https:\/\/kparts-watersports.com\/es\/inicio\/"},{"@type":"ListItem","position":2,"name":"Tienda","item":"https:\/\/kparts-watersports.com\/es\/tienda\/"},{"@type":"ListItem","position":3,"name":"Ala delantera \u2013 SKAL"}]},{"@type":"WebSite","@id":"https:\/\/blanchedalmond-oryx-541128.hostingersite.com\/#website","url":"https:\/\/blanchedalmond-oryx-541128.hostingersite.com\/","name":"KPARTS WATERSPORTS","description":"Accessoires custom pour sports nautiques","publisher":{"@id":"https:\/\/blanchedalmond-oryx-541128.hostingersite.com\/#organization"},"potentialAction":[{"@type":"SearchAction","target":{"@type":"EntryPoint","urlTemplate":"https:\/\/blanchedalmond-oryx-541128.hostingersite.com\/?s={search_term_string}"},"query-input":{"@type":"PropertyValueSpecification","valueRequired":true,"valueName":"search_term_string"}}],"inLanguage":"es-ES"},{"@type":"Organization","@id":"https:\/\/blanchedalmond-oryx-541128.hostingersite.com\/#organization","name":"KPARTS WATERSPORTS","url":"https:\/\/blanchedalmond-oryx-541128.hostingersite.com\/","logo":{"@type":"ImageObject","inLanguage":"es-ES","@id":"https:\/\/blanchedalmond-oryx-541128.hostingersite.com\/#\/schema\/logo\/image\/","url":"https:\/\/kparts-watersports.ovh\/wp-content\/uploads\/2024\/09\/Kparts-Logo-Favicon.jpg","contentUrl":"https:\/\/kparts-watersports.ovh\/wp-content\/uploads\/2024\/09\/Kparts-Logo-Favicon.jpg","width":600,"height":600,"caption":"KPARTS WATERSPORTS"},"image":{"@id":"https:\/\/blanchedalmond-oryx-541128.hostingersite.com\/#\/schema\/logo\/image\/"},"sameAs":["https:\/\/www.facebook.com\/people\/AP-3D-Custom\/100076804732870\/","https:\/\/www.instagram.com\/ap3dcustom\/"]}]}},"jetpack_sharing_enabled":true,"_links":{"self":[{"href":"https:\/\/kparts-watersports.com\/es\/wp-json\/wp\/v2\/product\/15014","targetHints":{"allow":["GET"]}}],"collection":[{"href":"https:\/\/kparts-watersports.com\/es\/wp-json\/wp\/v2\/product"}],"about":[{"href":"https:\/\/kparts-watersports.com\/es\/wp-json\/wp\/v2\/types\/product"}],"replies":[{"embeddable":true,"href":"https:\/\/kparts-watersports.com\/es\/wp-json\/wp\/v2\/comments?post=15014"}],"wp:featuredmedia":[{"embeddable":true,"href":"https:\/\/kparts-watersports.com\/es\/wp-json\/wp\/v2\/media\/15037"}],"wp:attachment":[{"href":"https:\/\/kparts-watersports.com\/es\/wp-json\/wp\/v2\/media?parent=15014"}],"wp:term":[{"taxonomy":"product_brand","embeddable":true,"href":"https:\/\/kparts-watersports.com\/es\/wp-json\/wp\/v2\/product_brand?post=15014"},{"taxonomy":"product_cat","embeddable":true,"href":"https:\/\/kparts-watersports.com\/es\/wp-json\/wp\/v2\/product_cat?post=15014"},{"taxonomy":"product_tag","embeddable":true,"href":"https:\/\/kparts-watersports.com\/es\/wp-json\/wp\/v2\/product_tag?post=15014"}],"curies":[{"name":"wp","href":"https:\/\/api.w.org\/{rel}","templated":true}]}}