{"id":15040,"date":"2025-11-11T19:47:34","date_gmt":"2025-11-11T18:47:34","guid":{"rendered":"https:\/\/kparts-watersports.com\/produit\/mastil-de-carbono-slim-uhm-kparts\/"},"modified":"2026-04-23T19:05:29","modified_gmt":"2026-04-23T17:05:29","slug":"mastil-de-carbono-slim-uhm-kparts","status":"publish","type":"product","link":"https:\/\/kparts-watersports.com\/es\/produit\/mastil-de-carbono-slim-uhm-kparts\/","title":{"rendered":"M\u00e1stil de carbono SLIM UHM \u2013 KPARTS"},"content":{"rendered":"<p data-start=\"431\" data-end=\"840\"><strong>\ud83d\ude9a En STOCK \u2013 plazo de preparaci\u00f3n y env\u00edo: 7 d\u00edas<\/strong><\/p>\n<p data-start=\"431\" data-end=\"840\">Nuestro <strong data-start=\"481\" data-end=\"512\">m\u00e1stil de carbono monobloque KPARTS<\/strong> ha sido desarrollado para quienes desean utilizar las alas de nuestra gama KPARTS.<\/p>\n<p data-start=\"842\" data-end=\"1088\">Dise\u00f1ado en <strong data-start=\"851\" data-end=\"886\">carbono de Ultra Alto M\u00f3dulo (UHM)<\/strong> y construido en <strong data-start=\"903\" data-end=\"915\">monobloque (tal\u00f3n y m\u00e1stil solidarios)<\/strong>, este m\u00e1stil ofrece una rigidez incomparable, aportando deslizamiento y maniobrabilidad gracias a su finura y a la reducci\u00f3n de la cuerda.<\/p>\n<p data-start=\"842\" data-end=\"1088\">Nuestro objetivo: ofrecer la mejor relaci\u00f3n <strong>calidad, rigidez, deslizamiento<\/strong> y<strong> precio<\/strong> del <strong>mercado<\/strong>, manteniendo una <strong>fiabilidad ejemplar<\/strong> gracias a un dise\u00f1o y una concepci\u00f3n minuciosos. <\/p>\n<p data-start=\"1090\" data-end=\"1305\">\u26a0\ufe0f Este m\u00e1stil es <strong data-start=\"1131\" data-end=\"1159\">exclusivamente compatible <\/strong>con nuestros fuselajes<strong data-start=\"1179\" data-end=\"1199\"> KPARTS de aluminio<\/strong> y <strong data-start=\"1203\" data-end=\"1228\">KPARTS titanio\/carbono, con nuestro nuevo sistema de encaje KPARTS (tal\u00f3n c\u00f3nico con 3 tornillos M6)<\/strong>.<br data-start=\"1229\" data-end=\"1232\">(\u27a1\ufe0f No compatible con adaptadores ni fuselajes de otras marcas.)<\/p>\n<h4 data-start=\"1536\" data-end=\"1581\"><strong data-start=\"1540\" data-end=\"1579\">\ud83c\udfc1 M\u00e1stil SLIM UHM<\/strong><\/h4>\n<ul>\n<li>Secci\u00f3n m\u00ednima de <strong style=\"font-size: 16px;\" data-start=\"1603\" data-end=\"1630\">13 mm \u00d7 105 mm de cuerda \u27a1\ufe0f \u00a1Un deslizamiento \u00fanico con un silencio absoluto!<\/strong><\/li>\n<li data-start=\"1635\" data-end=\"1677\">Construcci\u00f3n <strong data-start=\"1648\" data-end=\"1675\">UHM: este m\u00e1stil es muy r\u00edgido tanto en flexi\u00f3n como en torsi\u00f3n.<\/strong><\/li>\n<li data-start=\"1680\" data-end=\"1739\"><strong>Platina de carbono incluida (pegada).<\/strong><\/li>\n<\/ul>\n<h4 data-start=\"2125\" data-end=\"2154\"><strong data-start=\"2128\" data-end=\"2154\">\u2696\ufe0f Peso: <\/strong><\/h4>\n<ul data-start=\"2155\" data-end=\"2235\">\n<li data-start=\"2155\" data-end=\"2181\">\n<p data-start=\"2157\" data-end=\"2181\"><strong data-start=\"2157\" data-end=\"2170\">M\u00e1stil 85 cm<\/strong> : 2.0 kg<\/p>\n<\/li>\n<li data-start=\"2182\" data-end=\"2208\">\n<p data-start=\"2184\" data-end=\"2208\"><strong data-start=\"2184\" data-end=\"2197\">M\u00e1stil 80 cm<\/strong> : 1.9 kg<\/p>\n<\/li>\n<li data-start=\"2209\" data-end=\"2235\">\n<p data-start=\"2211\" data-end=\"2235\"><strong data-start=\"2211\" data-end=\"2224\">M\u00e1stil 75 cm<\/strong> : 1,8 kg<\/p>\n<\/li>\n<\/ul>\n<p data-start=\"2211\" data-end=\"2235\"><strong>\ud83d\udea8 Saltos permitidos para alas cuya envergadura no supere los 90 cm.<\/strong><\/p>\n<p data-start=\"2211\" data-end=\"2235\">Llave Torx M6 o M8 <strong>NO INCLUIDA<\/strong><\/p>\n<p data-start=\"2237\" data-end=\"2339\">\n","protected":false},"excerpt":{"rendered":"<p>\ud83d\ude9a En STOCK \u2013 plazo de preparaci\u00f3n y env\u00edo: 7 d\u00edas Nuestro m\u00e1stil de carbono monobloque KPARTS ha sido desarrollado para quienes desean utilizar las alas de nuestra gama KPARTS. Dise\u00f1ado en carbono de Ultra Alto M\u00f3dulo (UHM) y construido en monobloque (tal\u00f3n y m\u00e1stil solidarios), este m\u00e1stil ofrece una rigidez incomparable, aportando deslizamiento y maniobrabilidad gracias a su finura y a la reducci\u00f3n de la cuerda. Nuestro objetivo: ofrecer la mejor relaci\u00f3n calidad, rigidez, deslizamiento y precio del mercado, manteniendo una fiabilidad ejemplar gracias a un dise\u00f1o y una concepci\u00f3n minuciosos. \u26a0\ufe0f Este m\u00e1stil es exclusivamente compatible con nuestros fuselajes KPARTS de aluminio y KPARTS titanio\/carbono, con nuestro nuevo sistema de encaje KPARTS (tal\u00f3n c\u00f3nico con 3 tornillos M6).(\u27a1\ufe0f No compatible con adaptadores ni fuselajes de otras marcas.) \ud83c\udfc1 M\u00e1stil SLIM UHM Secci\u00f3n m\u00ednima de 13 mm \u00d7 105 mm de cuerda \u27a1\ufe0f \u00a1Un deslizamiento \u00fanico con un silencio absoluto! Construcci\u00f3n UHM: este m\u00e1stil es muy r\u00edgido tanto en flexi\u00f3n como en torsi\u00f3n. Platina de carbono incluida (pegada). \u2696\ufe0f Peso: M\u00e1stil 85 cm : 2.0 kg M\u00e1stil 80 cm : 1.9 kg M\u00e1stil 75 cm : 1,8 kg \ud83d\udea8 Saltos permitidos para alas cuya envergadura no supere los 90 cm. Llave Torx M6 o M8 NO INCLUIDA<\/p>\n","protected":false},"featured_media":15053,"comment_status":"open","ping_status":"closed","template":"","meta":{"site-sidebar-layout":"default","site-content-layout":"","ast-site-content-layout":"default","site-content-style":"default","site-sidebar-style":"default","ast-global-header-display":"","ast-banner-title-visibility":"","ast-main-header-display":"","ast-hfb-above-header-display":"","ast-hfb-below-header-display":"","ast-hfb-mobile-header-display":"","site-post-title":"","ast-breadcrumbs-content":"","ast-featured-img":"","footer-sml-layout":"","ast-disable-related-posts":"","theme-transparent-header-meta":"default","adv-header-id-meta":"","stick-header-meta":"","header-above-stick-meta":"","header-main-stick-meta":"","header-below-stick-meta":"","astra-migrate-meta-layouts":"default","ast-page-background-enabled":"default","ast-page-background-meta":{"desktop":{"background-color":"var(--ast-global-color-4)","background-image":"","background-repeat":"repeat","background-position":"center center","background-size":"auto","background-attachment":"scroll","background-type":"","background-media":"","overlay-type":"","overlay-color":"","overlay-opacity":"","overlay-gradient":""},"tablet":{"background-color":"","background-image":"","background-repeat":"repeat","background-position":"center center","background-size":"auto","background-attachment":"scroll","background-type":"","background-media":"","overlay-type":"","overlay-color":"","overlay-opacity":"","overlay-gradient":""},"mobile":{"background-color":"","background-image":"","background-repeat":"repeat","background-position":"center center","background-size":"auto","background-attachment":"scroll","background-type":"","background-media":"","overlay-type":"","overlay-color":"","overlay-opacity":"","overlay-gradient":""}},"ast-content-background-meta":{"desktop":{"background-color":"var(--ast-global-color-5)","background-image":"","background-repeat":"repeat","background-position":"center center","background-size":"auto","background-attachment":"scroll","background-type":"","background-media":"","overlay-type":"","overlay-color":"","overlay-opacity":"","overlay-gradient":""},"tablet":{"background-color":"var(--ast-global-color-5)","background-image":"","background-repeat":"repeat","background-position":"center center","background-size":"auto","background-attachment":"scroll","background-type":"","background-media":"","overlay-type":"","overlay-color":"","overlay-opacity":"","overlay-gradient":""},"mobile":{"background-color":"var(--ast-global-color-5)","background-image":"","background-repeat":"repeat","background-position":"center center","background-size":"auto","background-attachment":"scroll","background-type":"","background-media":"","overlay-type":"","overlay-color":"","overlay-opacity":"","overlay-gradient":""}}},"product_brand":[],"product_cat":[210,216],"product_tag":[],"class_list":{"0":"post-15040","1":"product","2":"type-product","3":"status-publish","4":"has-post-thumbnail","6":"product_cat-foils","7":"product_cat-mastiles","8":"product_shipping_class-productos-pesados-o-voluminosos","9":"desktop-align-center","10":"tablet-align-left","11":"mobile-align-left","12":"tm-has-options","14":"first","15":"instock","16":"taxable","17":"shipping-taxable","18":"purchasable","19":"product-type-variable"},"yoast_head":"<!-- This site is optimized with the Yoast SEO plugin v27.3 - https:\/\/yoast.com\/product\/yoast-seo-wordpress\/ -->\n<title>M\u00e1stil de carbono SLIM UHM \u2013 KPARTS - KPARTS WATERSPORTS<\/title>\n<meta name=\"robots\" content=\"index, follow, max-snippet:-1, max-image-preview:large, max-video-preview:-1\" \/>\n<link rel=\"canonical\" href=\"https:\/\/kparts-watersports.com\/es\/produit\/mastil-de-carbono-slim-uhm-kparts\/\" \/>\n<meta property=\"og:locale\" content=\"es_ES\" \/>\n<meta property=\"og:type\" content=\"article\" \/>\n<meta property=\"og:title\" content=\"M\u00e1stil de carbono SLIM UHM \u2013 KPARTS - KPARTS WATERSPORTS\" \/>\n<meta property=\"og:description\" content=\"\ud83d\ude9a En STOCK \u2013 plazo de preparaci\u00f3n y env\u00edo: 7 d\u00edas Nuestro m\u00e1stil de carbono monobloque KPARTS ha sido desarrollado para quienes desean utilizar las alas de nuestra gama KPARTS. Dise\u00f1ado en carbono de Ultra Alto M\u00f3dulo (UHM) y construido en monobloque (tal\u00f3n y m\u00e1stil solidarios), este m\u00e1stil ofrece una rigidez incomparable, aportando deslizamiento y maniobrabilidad gracias a su finura y a la reducci\u00f3n de la cuerda. Nuestro objetivo: ofrecer la mejor relaci\u00f3n calidad, rigidez, deslizamiento y precio del mercado, manteniendo una fiabilidad ejemplar gracias a un dise\u00f1o y una concepci\u00f3n minuciosos. \u26a0\ufe0f Este m\u00e1stil es exclusivamente compatible con nuestros fuselajes KPARTS de aluminio y KPARTS titanio\/carbono, con nuestro nuevo sistema de encaje KPARTS (tal\u00f3n c\u00f3nico con 3 tornillos M6).(\u27a1\ufe0f No compatible con adaptadores ni fuselajes de otras marcas.) \ud83c\udfc1 M\u00e1stil SLIM UHM Secci\u00f3n m\u00ednima de 13 mm \u00d7 105 mm de cuerda \u27a1\ufe0f \u00a1Un deslizamiento \u00fanico con un silencio absoluto! Construcci\u00f3n UHM: este m\u00e1stil es muy r\u00edgido tanto en flexi\u00f3n como en torsi\u00f3n. Platina de carbono incluida (pegada). \u2696\ufe0f Peso: M\u00e1stil 85 cm : 2.0 kg M\u00e1stil 80 cm : 1.9 kg M\u00e1stil 75 cm : 1,8 kg \ud83d\udea8 Saltos permitidos para alas cuya envergadura no supere los 90 cm. Llave Torx M6 o M8 NO INCLUIDA\" \/>\n<meta property=\"og:url\" content=\"https:\/\/kparts-watersports.com\/es\/produit\/mastil-de-carbono-slim-uhm-kparts\/\" \/>\n<meta property=\"og:site_name\" content=\"KPARTS WATERSPORTS\" \/>\n<meta property=\"article:publisher\" content=\"https:\/\/www.facebook.com\/people\/AP-3D-Custom\/100076804732870\/\" \/>\n<meta property=\"article:modified_time\" content=\"2026-04-23T17:05:29+00:00\" \/>\n<meta property=\"og:image\" content=\"https:\/\/kparts-watersports.com\/wp-content\/uploads\/2025\/11\/Rendu_Mat-Monobloc-KPARTS_resized_new.png\" \/>\n\t<meta property=\"og:image:width\" content=\"600\" \/>\n\t<meta property=\"og:image:height\" content=\"600\" \/>\n\t<meta property=\"og:image:type\" content=\"image\/png\" \/>\n<meta name=\"twitter:card\" content=\"summary_large_image\" \/>\n<meta name=\"twitter:label1\" content=\"Tiempo de lectura\" \/>\n\t<meta name=\"twitter:data1\" content=\"1 minute\" \/>\n<script type=\"application\/ld+json\" class=\"yoast-schema-graph\">{\"@context\":\"https:\\\/\\\/schema.org\",\"@graph\":[{\"@type\":\"WebPage\",\"@id\":\"https:\\\/\\\/kparts-watersports.com\\\/es\\\/produit\\\/mastil-de-carbono-slim-uhm-kparts\\\/\",\"url\":\"https:\\\/\\\/kparts-watersports.com\\\/es\\\/produit\\\/mastil-de-carbono-slim-uhm-kparts\\\/\",\"name\":\"M\u00e1stil de carbono SLIM UHM \u2013 KPARTS - KPARTS WATERSPORTS\",\"isPartOf\":{\"@id\":\"https:\\\/\\\/blanchedalmond-oryx-541128.hostingersite.com\\\/#website\"},\"primaryImageOfPage\":{\"@id\":\"https:\\\/\\\/kparts-watersports.com\\\/es\\\/produit\\\/mastil-de-carbono-slim-uhm-kparts\\\/#primaryimage\"},\"image\":{\"@id\":\"https:\\\/\\\/kparts-watersports.com\\\/es\\\/produit\\\/mastil-de-carbono-slim-uhm-kparts\\\/#primaryimage\"},\"thumbnailUrl\":\"https:\\\/\\\/kparts-watersports.com\\\/wp-content\\\/uploads\\\/2025\\\/11\\\/Rendu_Mat-Monobloc-KPARTS_resized_new.png\",\"datePublished\":\"2025-11-11T18:47:34+00:00\",\"dateModified\":\"2026-04-23T17:05:29+00:00\",\"breadcrumb\":{\"@id\":\"https:\\\/\\\/kparts-watersports.com\\\/es\\\/produit\\\/mastil-de-carbono-slim-uhm-kparts\\\/#breadcrumb\"},\"inLanguage\":\"es-ES\",\"potentialAction\":[{\"@type\":\"ReadAction\",\"target\":[\"https:\\\/\\\/kparts-watersports.com\\\/es\\\/produit\\\/mastil-de-carbono-slim-uhm-kparts\\\/\"]}]},{\"@type\":\"ImageObject\",\"inLanguage\":\"es-ES\",\"@id\":\"https:\\\/\\\/kparts-watersports.com\\\/es\\\/produit\\\/mastil-de-carbono-slim-uhm-kparts\\\/#primaryimage\",\"url\":\"https:\\\/\\\/kparts-watersports.com\\\/wp-content\\\/uploads\\\/2025\\\/11\\\/Rendu_Mat-Monobloc-KPARTS_resized_new.png\",\"contentUrl\":\"https:\\\/\\\/kparts-watersports.com\\\/wp-content\\\/uploads\\\/2025\\\/11\\\/Rendu_Mat-Monobloc-KPARTS_resized_new.png\",\"width\":600,\"height\":600},{\"@type\":\"BreadcrumbList\",\"@id\":\"https:\\\/\\\/kparts-watersports.com\\\/es\\\/produit\\\/mastil-de-carbono-slim-uhm-kparts\\\/#breadcrumb\",\"itemListElement\":[{\"@type\":\"ListItem\",\"position\":1,\"name\":\"Accueil\",\"item\":\"https:\\\/\\\/kparts-watersports.com\\\/es\\\/inicio\\\/\"},{\"@type\":\"ListItem\",\"position\":2,\"name\":\"Tienda\",\"item\":\"https:\\\/\\\/kparts-watersports.com\\\/es\\\/tienda\\\/\"},{\"@type\":\"ListItem\",\"position\":3,\"name\":\"M\u00e1stil de carbono SLIM UHM \u2013 KPARTS\"}]},{\"@type\":\"WebSite\",\"@id\":\"https:\\\/\\\/blanchedalmond-oryx-541128.hostingersite.com\\\/#website\",\"url\":\"https:\\\/\\\/blanchedalmond-oryx-541128.hostingersite.com\\\/\",\"name\":\"KPARTS WATERSPORTS\",\"description\":\"Accessoires custom pour sports nautiques\",\"publisher\":{\"@id\":\"https:\\\/\\\/blanchedalmond-oryx-541128.hostingersite.com\\\/#organization\"},\"potentialAction\":[{\"@type\":\"SearchAction\",\"target\":{\"@type\":\"EntryPoint\",\"urlTemplate\":\"https:\\\/\\\/blanchedalmond-oryx-541128.hostingersite.com\\\/?s={search_term_string}\"},\"query-input\":{\"@type\":\"PropertyValueSpecification\",\"valueRequired\":true,\"valueName\":\"search_term_string\"}}],\"inLanguage\":\"es-ES\"},{\"@type\":\"Organization\",\"@id\":\"https:\\\/\\\/blanchedalmond-oryx-541128.hostingersite.com\\\/#organization\",\"name\":\"KPARTS WATERSPORTS\",\"url\":\"https:\\\/\\\/blanchedalmond-oryx-541128.hostingersite.com\\\/\",\"logo\":{\"@type\":\"ImageObject\",\"inLanguage\":\"es-ES\",\"@id\":\"https:\\\/\\\/blanchedalmond-oryx-541128.hostingersite.com\\\/#\\\/schema\\\/logo\\\/image\\\/\",\"url\":\"https:\\\/\\\/kparts-watersports.ovh\\\/wp-content\\\/uploads\\\/2024\\\/09\\\/Kparts-Logo-Favicon.jpg\",\"contentUrl\":\"https:\\\/\\\/kparts-watersports.ovh\\\/wp-content\\\/uploads\\\/2024\\\/09\\\/Kparts-Logo-Favicon.jpg\",\"width\":600,\"height\":600,\"caption\":\"KPARTS WATERSPORTS\"},\"image\":{\"@id\":\"https:\\\/\\\/blanchedalmond-oryx-541128.hostingersite.com\\\/#\\\/schema\\\/logo\\\/image\\\/\"},\"sameAs\":[\"https:\\\/\\\/www.facebook.com\\\/people\\\/AP-3D-Custom\\\/100076804732870\\\/\",\"https:\\\/\\\/www.instagram.com\\\/ap3dcustom\\\/\"]}]}<\/script>\n<!-- \/ Yoast SEO plugin. -->","yoast_head_json":{"title":"M\u00e1stil de carbono SLIM UHM \u2013 KPARTS - KPARTS WATERSPORTS","robots":{"index":"index","follow":"follow","max-snippet":"max-snippet:-1","max-image-preview":"max-image-preview:large","max-video-preview":"max-video-preview:-1"},"canonical":"https:\/\/kparts-watersports.com\/es\/produit\/mastil-de-carbono-slim-uhm-kparts\/","og_locale":"es_ES","og_type":"article","og_title":"M\u00e1stil de carbono SLIM UHM \u2013 KPARTS - KPARTS WATERSPORTS","og_description":"\ud83d\ude9a En STOCK \u2013 plazo de preparaci\u00f3n y env\u00edo: 7 d\u00edas Nuestro m\u00e1stil de carbono monobloque KPARTS ha sido desarrollado para quienes desean utilizar las alas de nuestra gama KPARTS. Dise\u00f1ado en carbono de Ultra Alto M\u00f3dulo (UHM) y construido en monobloque (tal\u00f3n y m\u00e1stil solidarios), este m\u00e1stil ofrece una rigidez incomparable, aportando deslizamiento y maniobrabilidad gracias a su finura y a la reducci\u00f3n de la cuerda. Nuestro objetivo: ofrecer la mejor relaci\u00f3n calidad, rigidez, deslizamiento y precio del mercado, manteniendo una fiabilidad ejemplar gracias a un dise\u00f1o y una concepci\u00f3n minuciosos. \u26a0\ufe0f Este m\u00e1stil es exclusivamente compatible con nuestros fuselajes KPARTS de aluminio y KPARTS titanio\/carbono, con nuestro nuevo sistema de encaje KPARTS (tal\u00f3n c\u00f3nico con 3 tornillos M6).(\u27a1\ufe0f No compatible con adaptadores ni fuselajes de otras marcas.) \ud83c\udfc1 M\u00e1stil SLIM UHM Secci\u00f3n m\u00ednima de 13 mm \u00d7 105 mm de cuerda \u27a1\ufe0f \u00a1Un deslizamiento \u00fanico con un silencio absoluto! Construcci\u00f3n UHM: este m\u00e1stil es muy r\u00edgido tanto en flexi\u00f3n como en torsi\u00f3n. Platina de carbono incluida (pegada). \u2696\ufe0f Peso: M\u00e1stil 85 cm : 2.0 kg M\u00e1stil 80 cm : 1.9 kg M\u00e1stil 75 cm : 1,8 kg \ud83d\udea8 Saltos permitidos para alas cuya envergadura no supere los 90 cm. Llave Torx M6 o M8 NO INCLUIDA","og_url":"https:\/\/kparts-watersports.com\/es\/produit\/mastil-de-carbono-slim-uhm-kparts\/","og_site_name":"KPARTS WATERSPORTS","article_publisher":"https:\/\/www.facebook.com\/people\/AP-3D-Custom\/100076804732870\/","article_modified_time":"2026-04-23T17:05:29+00:00","og_image":[{"width":600,"height":600,"url":"https:\/\/kparts-watersports.com\/wp-content\/uploads\/2025\/11\/Rendu_Mat-Monobloc-KPARTS_resized_new.png","type":"image\/png"}],"twitter_card":"summary_large_image","twitter_misc":{"Tiempo de lectura":"1 minute"},"schema":{"@context":"https:\/\/schema.org","@graph":[{"@type":"WebPage","@id":"https:\/\/kparts-watersports.com\/es\/produit\/mastil-de-carbono-slim-uhm-kparts\/","url":"https:\/\/kparts-watersports.com\/es\/produit\/mastil-de-carbono-slim-uhm-kparts\/","name":"M\u00e1stil de carbono SLIM UHM \u2013 KPARTS - KPARTS WATERSPORTS","isPartOf":{"@id":"https:\/\/blanchedalmond-oryx-541128.hostingersite.com\/#website"},"primaryImageOfPage":{"@id":"https:\/\/kparts-watersports.com\/es\/produit\/mastil-de-carbono-slim-uhm-kparts\/#primaryimage"},"image":{"@id":"https:\/\/kparts-watersports.com\/es\/produit\/mastil-de-carbono-slim-uhm-kparts\/#primaryimage"},"thumbnailUrl":"https:\/\/kparts-watersports.com\/wp-content\/uploads\/2025\/11\/Rendu_Mat-Monobloc-KPARTS_resized_new.png","datePublished":"2025-11-11T18:47:34+00:00","dateModified":"2026-04-23T17:05:29+00:00","breadcrumb":{"@id":"https:\/\/kparts-watersports.com\/es\/produit\/mastil-de-carbono-slim-uhm-kparts\/#breadcrumb"},"inLanguage":"es-ES","potentialAction":[{"@type":"ReadAction","target":["https:\/\/kparts-watersports.com\/es\/produit\/mastil-de-carbono-slim-uhm-kparts\/"]}]},{"@type":"ImageObject","inLanguage":"es-ES","@id":"https:\/\/kparts-watersports.com\/es\/produit\/mastil-de-carbono-slim-uhm-kparts\/#primaryimage","url":"https:\/\/kparts-watersports.com\/wp-content\/uploads\/2025\/11\/Rendu_Mat-Monobloc-KPARTS_resized_new.png","contentUrl":"https:\/\/kparts-watersports.com\/wp-content\/uploads\/2025\/11\/Rendu_Mat-Monobloc-KPARTS_resized_new.png","width":600,"height":600},{"@type":"BreadcrumbList","@id":"https:\/\/kparts-watersports.com\/es\/produit\/mastil-de-carbono-slim-uhm-kparts\/#breadcrumb","itemListElement":[{"@type":"ListItem","position":1,"name":"Accueil","item":"https:\/\/kparts-watersports.com\/es\/inicio\/"},{"@type":"ListItem","position":2,"name":"Tienda","item":"https:\/\/kparts-watersports.com\/es\/tienda\/"},{"@type":"ListItem","position":3,"name":"M\u00e1stil de carbono SLIM UHM \u2013 KPARTS"}]},{"@type":"WebSite","@id":"https:\/\/blanchedalmond-oryx-541128.hostingersite.com\/#website","url":"https:\/\/blanchedalmond-oryx-541128.hostingersite.com\/","name":"KPARTS WATERSPORTS","description":"Accessoires custom pour sports nautiques","publisher":{"@id":"https:\/\/blanchedalmond-oryx-541128.hostingersite.com\/#organization"},"potentialAction":[{"@type":"SearchAction","target":{"@type":"EntryPoint","urlTemplate":"https:\/\/blanchedalmond-oryx-541128.hostingersite.com\/?s={search_term_string}"},"query-input":{"@type":"PropertyValueSpecification","valueRequired":true,"valueName":"search_term_string"}}],"inLanguage":"es-ES"},{"@type":"Organization","@id":"https:\/\/blanchedalmond-oryx-541128.hostingersite.com\/#organization","name":"KPARTS WATERSPORTS","url":"https:\/\/blanchedalmond-oryx-541128.hostingersite.com\/","logo":{"@type":"ImageObject","inLanguage":"es-ES","@id":"https:\/\/blanchedalmond-oryx-541128.hostingersite.com\/#\/schema\/logo\/image\/","url":"https:\/\/kparts-watersports.ovh\/wp-content\/uploads\/2024\/09\/Kparts-Logo-Favicon.jpg","contentUrl":"https:\/\/kparts-watersports.ovh\/wp-content\/uploads\/2024\/09\/Kparts-Logo-Favicon.jpg","width":600,"height":600,"caption":"KPARTS WATERSPORTS"},"image":{"@id":"https:\/\/blanchedalmond-oryx-541128.hostingersite.com\/#\/schema\/logo\/image\/"},"sameAs":["https:\/\/www.facebook.com\/people\/AP-3D-Custom\/100076804732870\/","https:\/\/www.instagram.com\/ap3dcustom\/"]}]}},"jetpack_sharing_enabled":true,"_links":{"self":[{"href":"https:\/\/kparts-watersports.com\/es\/wp-json\/wp\/v2\/product\/15040","targetHints":{"allow":["GET"]}}],"collection":[{"href":"https:\/\/kparts-watersports.com\/es\/wp-json\/wp\/v2\/product"}],"about":[{"href":"https:\/\/kparts-watersports.com\/es\/wp-json\/wp\/v2\/types\/product"}],"replies":[{"embeddable":true,"href":"https:\/\/kparts-watersports.com\/es\/wp-json\/wp\/v2\/comments?post=15040"}],"wp:featuredmedia":[{"embeddable":true,"href":"https:\/\/kparts-watersports.com\/es\/wp-json\/wp\/v2\/media\/15053"}],"wp:attachment":[{"href":"https:\/\/kparts-watersports.com\/es\/wp-json\/wp\/v2\/media?parent=15040"}],"wp:term":[{"taxonomy":"product_brand","embeddable":true,"href":"https:\/\/kparts-watersports.com\/es\/wp-json\/wp\/v2\/product_brand?post=15040"},{"taxonomy":"product_cat","embeddable":true,"href":"https:\/\/kparts-watersports.com\/es\/wp-json\/wp\/v2\/product_cat?post=15040"},{"taxonomy":"product_tag","embeddable":true,"href":"https:\/\/kparts-watersports.com\/es\/wp-json\/wp\/v2\/product_tag?post=15040"}],"curies":[{"name":"wp","href":"https:\/\/api.w.org\/{rel}","templated":true}]}}