{"id":15102,"date":"2025-11-10T10:13:39","date_gmt":"2025-11-10T09:13:39","guid":{"rendered":"https:\/\/kparts-watersports.com\/produit\/ala-delantera-aros\/"},"modified":"2026-04-23T18:44:01","modified_gmt":"2026-04-23T16:44:01","slug":"ala-delantera-aros","status":"publish","type":"product","link":"https:\/\/kparts-watersports.com\/es\/produit\/ala-delantera-aros\/","title":{"rendered":"Ala delantera \u2013 AROS"},"content":{"rendered":"<p><strong>\ud83d\ude9a En STOCK \u2013 plazo de preparaci\u00f3n y env\u00edo: 5 d\u00edas<\/strong><\/p>\n<p data-start=\"469\" data-end=\"653\">La gama AROS ha sido dise\u00f1ada con un objetivo: ofrecerte un ala dedicada al <strong data-start=\"478\" data-end=\"486\">rendimiento en downwind <\/strong>o lightwind, con un <strong>deslizamiento<\/strong> y una <strong>eficiencia excepcionales<\/strong>.<\/p>\n<p data-start=\"655\" data-end=\"942\">Con su aspect ratio de <strong data-start=\"680\" data-end=\"688\">13,5 (14,4 para la 680, 16,1 para la 560)<\/strong>, la AROS es un ala pensada para sobresalir en todas las pr\u00e1cticas orientadas al downwind: <strong data-start=\"860\" data-end=\"877\">wingfoil freefly o lightwind, parawing y downwind prone.<\/strong><\/p>\n<p data-start=\"944\" data-end=\"1256\">Su outline evocador, en la misma l\u00ednea que el SKAL, le aporta una <strong>gran estabilidad longitudinal<\/strong>. Pero con su <strong>elevado aspect ratio<\/strong>, la AROS ofrece un <strong>glide <\/strong>y un rendimiento claramente superiores en <strong>pumping<\/strong>, manteniendo a la vez una <strong><\/strong>que permite llevarla de un rail al otro a pesar de su envergadura. <\/p>\n<p data-start=\"1258\" data-end=\"1464\">Con la <strong>AROS<\/strong>, podr\u00e1s aprovechar el m\u00e1s<strong> m\u00ednimo bump<\/strong> en downwind y <strong>volar durante<\/strong> mucho tiempo, con una gran sensaci\u00f3n de deslizamiento, sin quedar limitado cuando aumenta la velocidad: <strong>su finura<\/strong> le permite <strong>alcanzar altas velocidades con poca presi\u00f3n en el pie delantero y sin freno.<\/strong><\/p>\n<p data-start=\"1258\" data-end=\"1464\">A pesar de <strong>su finura y su cuerda reducida<\/strong>, la AROS conserva un <strong>excelente rango bajo<\/strong>, con un <strong>take-off precoz<\/strong> y una velocidad de p\u00e9rdida, una vez en vuelo, muy baja.<\/p>\n<p data-start=\"1258\" data-end=\"1464\">Asociada a nuestros <strong>stabs KPARTS<\/strong>, y en particular a nuestros nuevos <strong>MAKO GLIDE PRO<\/strong>, el ala despliega todo su potencial, \u00a1y sobre todo en un <strong>silencio absoluto!<\/strong><\/p>\n<p data-start=\"1466\" data-end=\"1807\">La AROS est\u00e1 dirigida a riders exigentes, en busca de un nivel de rendimiento y sensaciones \u00fanicas.<\/p>\n<p data-start=\"2018\" data-end=\"2088\">Elegir la AROS es elegir el <strong data-start=\"2051\" data-end=\"2072\">RENDIMIENTO <\/strong>sin compromisos.<\/p>\n<p data-start=\"2090\" data-end=\"2254\">Fabricadas a partir de <strong>fibras de carbono UHM<\/strong>, las alas <strong>AROS <\/strong>son <strong>extremadamente r\u00edgidas<\/strong> a pesar de su finura y envergadura.<\/p>\n<p data-start=\"2256\" data-end=\"2438\">Nuestras alas <strong>AROS<\/strong> pueden utilizarse con nuestros m\u00e1stiles<strong> KPARTS (aluminio y carbono)<\/strong>, pero tambi\u00e9n con los <strong>m\u00e1stiles AFS\u00ae<\/strong> y <strong>ALLURE\u00ae<\/strong> gracias a <a href=\"https:\/\/kparts-watersports.com\/es\/categoria-producto\/foils\/fuselajes\/\">fuselajes dedicados<\/a>, disponibles en la categor\u00eda correspondiente.<\/p>\n<div>\n<div>\n<table>\n<colgroup>\n<col>\n<col>\n<col>\n<col>\n<col><\/colgroup>\n<tbody>\n<tr>\n<td>Alas AROS (13,5 de AR)<\/td>\n<td>560<\/td>\n<td>680<\/td>\n<td>830<\/td>\n<td>980<\/td>\n<\/tr>\n<tr>\n<td>Envergadura<\/td>\n<td>95cm<\/td>\n<td>99cm<\/td>\n<td>106cm<\/td>\n<td>115cm<\/td>\n<\/tr>\n<tr>\n<td>AR<\/td>\n<td>16,1<\/td>\n<td>14,4<\/td>\n<td>13,5<\/td>\n<td>13,5<\/td>\n<\/tr>\n<tr>\n<td>Espesor m\u00e1x.<\/td>\n<td>10.7mm<\/td>\n<td>12mm<\/td>\n<td>13mm<\/td>\n<td>14mm<\/td>\n<\/tr>\n<\/tbody>\n<\/table>\n<\/div>\n<\/div>\n<p>&nbsp;<\/p>\n","protected":false},"excerpt":{"rendered":"<p>\ud83d\ude9a En STOCK \u2013 plazo de preparaci\u00f3n y env\u00edo: 5 d\u00edas La gama AROS ha sido dise\u00f1ada con un objetivo: ofrecerte un ala dedicada al rendimiento en downwind o lightwind, con un deslizamiento y una eficiencia excepcionales. Con su aspect ratio de 13,5 (14,4 para la 680, 16,1 para la 560), la AROS es un ala pensada para sobresalir en todas las pr\u00e1cticas orientadas al downwind: wingfoil freefly o lightwind, parawing y downwind prone. Su outline evocador, en la misma l\u00ednea que el SKAL, le aporta una gran estabilidad longitudinal. Pero con su elevado aspect ratio, la AROS ofrece un glide y un rendimiento claramente superiores en pumping, manteniendo a la vez una que permite llevarla de un rail al otro a pesar de su envergadura. Con la AROS, podr\u00e1s aprovechar el m\u00e1s m\u00ednimo bump en downwind y volar durante mucho tiempo, con una gran sensaci\u00f3n de deslizamiento, sin quedar limitado cuando aumenta la velocidad: su finura le permite alcanzar altas velocidades con poca presi\u00f3n en el pie delantero y sin freno. A pesar de su finura y su cuerda reducida, la AROS conserva un excelente rango bajo, con un take-off precoz y una velocidad de p\u00e9rdida, una vez en vuelo, muy baja. Asociada a nuestros stabs KPARTS, y en particular a nuestros nuevos MAKO GLIDE PRO, el ala despliega todo su potencial, \u00a1y sobre todo en un silencio absoluto! La AROS est\u00e1 dirigida a riders exigentes, en busca de un nivel de rendimiento y sensaciones \u00fanicas. Elegir la AROS es elegir el RENDIMIENTO sin compromisos. Fabricadas a partir de fibras de carbono UHM, las alas AROS son extremadamente r\u00edgidas a pesar de su finura y envergadura. Nuestras alas AROS pueden utilizarse con nuestros m\u00e1stiles KPARTS (aluminio y carbono), pero tambi\u00e9n con los m\u00e1stiles AFS\u00ae y ALLURE\u00ae gracias a fuselajes dedicados, disponibles en la categor\u00eda correspondiente. Alas AROS (13,5 de AR) 560 680 830 980 Envergadura 95cm 99cm 106cm 115cm AR 16,1 14,4 13,5 13,5 Espesor m\u00e1x. 10.7mm 12mm 13mm 14mm &nbsp;<\/p>\n","protected":false},"featured_media":15120,"comment_status":"open","ping_status":"closed","template":"","meta":{"site-sidebar-layout":"default","site-content-layout":"","ast-site-content-layout":"default","site-content-style":"default","site-sidebar-style":"default","ast-global-header-display":"","ast-banner-title-visibility":"","ast-main-header-display":"","ast-hfb-above-header-display":"","ast-hfb-below-header-display":"","ast-hfb-mobile-header-display":"","site-post-title":"","ast-breadcrumbs-content":"","ast-featured-img":"","footer-sml-layout":"","ast-disable-related-posts":"","theme-transparent-header-meta":"default","adv-header-id-meta":"","stick-header-meta":"","header-above-stick-meta":"","header-main-stick-meta":"","header-below-stick-meta":"","astra-migrate-meta-layouts":"default","ast-page-background-enabled":"default","ast-page-background-meta":{"desktop":{"background-color":"var(--ast-global-color-4)","background-image":"","background-repeat":"repeat","background-position":"center center","background-size":"auto","background-attachment":"scroll","background-type":"","background-media":"","overlay-type":"","overlay-color":"","overlay-opacity":"","overlay-gradient":""},"tablet":{"background-color":"","background-image":"","background-repeat":"repeat","background-position":"center center","background-size":"auto","background-attachment":"scroll","background-type":"","background-media":"","overlay-type":"","overlay-color":"","overlay-opacity":"","overlay-gradient":""},"mobile":{"background-color":"","background-image":"","background-repeat":"repeat","background-position":"center center","background-size":"auto","background-attachment":"scroll","background-type":"","background-media":"","overlay-type":"","overlay-color":"","overlay-opacity":"","overlay-gradient":""}},"ast-content-background-meta":{"desktop":{"background-color":"var(--ast-global-color-5)","background-image":"","background-repeat":"repeat","background-position":"center center","background-size":"auto","background-attachment":"scroll","background-type":"","background-media":"","overlay-type":"","overlay-color":"","overlay-opacity":"","overlay-gradient":""},"tablet":{"background-color":"var(--ast-global-color-5)","background-image":"","background-repeat":"repeat","background-position":"center center","background-size":"auto","background-attachment":"scroll","background-type":"","background-media":"","overlay-type":"","overlay-color":"","overlay-opacity":"","overlay-gradient":""},"mobile":{"background-color":"var(--ast-global-color-5)","background-image":"","background-repeat":"repeat","background-position":"center center","background-size":"auto","background-attachment":"scroll","background-type":"","background-media":"","overlay-type":"","overlay-color":"","overlay-opacity":"","overlay-gradient":""}}},"product_brand":[],"product_cat":[221,210],"product_tag":[],"class_list":{"0":"post-15102","1":"product","2":"type-product","3":"status-publish","4":"has-post-thumbnail","6":"product_cat-alas-frontales","7":"product_cat-foils","8":"product_shipping_class-productos-pesados-o-voluminosos","9":"desktop-align-center","10":"tablet-align-left","11":"mobile-align-left","12":"tm-no-options","14":"first","15":"instock","16":"taxable","17":"shipping-taxable","18":"purchasable","19":"product-type-variable"},"yoast_head":"<!-- This site is optimized with the Yoast SEO plugin v27.3 - https:\/\/yoast.com\/product\/yoast-seo-wordpress\/ -->\n<title>Ala delantera \u2013 AROS - KPARTS WATERSPORTS<\/title>\n<meta name=\"robots\" content=\"index, follow, max-snippet:-1, max-image-preview:large, max-video-preview:-1\" \/>\n<link rel=\"canonical\" href=\"https:\/\/kparts-watersports.com\/es\/produit\/ala-delantera-aros\/\" \/>\n<meta property=\"og:locale\" content=\"es_ES\" \/>\n<meta property=\"og:type\" content=\"article\" \/>\n<meta property=\"og:title\" content=\"Ala delantera \u2013 AROS - KPARTS WATERSPORTS\" \/>\n<meta property=\"og:description\" content=\"\ud83d\ude9a En STOCK \u2013 plazo de preparaci\u00f3n y env\u00edo: 5 d\u00edas La gama AROS ha sido dise\u00f1ada con un objetivo: ofrecerte un ala dedicada al rendimiento en downwind o lightwind, con un deslizamiento y una eficiencia excepcionales. Con su aspect ratio de 13,5 (14,4 para la 680, 16,1 para la 560), la AROS es un ala pensada para sobresalir en todas las pr\u00e1cticas orientadas al downwind: wingfoil freefly o lightwind, parawing y downwind prone. Su outline evocador, en la misma l\u00ednea que el SKAL, le aporta una gran estabilidad longitudinal. Pero con su elevado aspect ratio, la AROS ofrece un glide y un rendimiento claramente superiores en pumping, manteniendo a la vez una que permite llevarla de un rail al otro a pesar de su envergadura. Con la AROS, podr\u00e1s aprovechar el m\u00e1s m\u00ednimo bump en downwind y volar durante mucho tiempo, con una gran sensaci\u00f3n de deslizamiento, sin quedar limitado cuando aumenta la velocidad: su finura le permite alcanzar altas velocidades con poca presi\u00f3n en el pie delantero y sin freno. A pesar de su finura y su cuerda reducida, la AROS conserva un excelente rango bajo, con un take-off precoz y una velocidad de p\u00e9rdida, una vez en vuelo, muy baja. Asociada a nuestros stabs KPARTS, y en particular a nuestros nuevos MAKO GLIDE PRO, el ala despliega todo su potencial, \u00a1y sobre todo en un silencio absoluto! La AROS est\u00e1 dirigida a riders exigentes, en busca de un nivel de rendimiento y sensaciones \u00fanicas. Elegir la AROS es elegir el RENDIMIENTO sin compromisos. Fabricadas a partir de fibras de carbono UHM, las alas AROS son extremadamente r\u00edgidas a pesar de su finura y envergadura. Nuestras alas AROS pueden utilizarse con nuestros m\u00e1stiles KPARTS (aluminio y carbono), pero tambi\u00e9n con los m\u00e1stiles AFS\u00ae y ALLURE\u00ae gracias a fuselajes dedicados, disponibles en la categor\u00eda correspondiente. Alas AROS (13,5 de AR) 560 680 830 980 Envergadura 95cm 99cm 106cm 115cm AR 16,1 14,4 13,5 13,5 Espesor m\u00e1x. 10.7mm 12mm 13mm 14mm &nbsp;\" \/>\n<meta property=\"og:url\" content=\"https:\/\/kparts-watersports.com\/es\/produit\/ala-delantera-aros\/\" \/>\n<meta property=\"og:site_name\" content=\"KPARTS WATERSPORTS\" \/>\n<meta property=\"article:publisher\" content=\"https:\/\/www.facebook.com\/people\/AP-3D-Custom\/100076804732870\/\" \/>\n<meta property=\"article:modified_time\" content=\"2026-04-23T16:44:01+00:00\" \/>\n<meta property=\"og:image\" content=\"https:\/\/kparts-watersports.com\/wp-content\/uploads\/2025\/11\/Rendu_AROS_New_2.webp\" \/>\n\t<meta property=\"og:image:width\" content=\"600\" \/>\n\t<meta property=\"og:image:height\" content=\"600\" \/>\n\t<meta property=\"og:image:type\" content=\"image\/webp\" \/>\n<meta name=\"twitter:card\" content=\"summary_large_image\" \/>\n<meta name=\"twitter:label1\" content=\"Tiempo de lectura\" \/>\n\t<meta name=\"twitter:data1\" content=\"2 minutes\" \/>\n<script type=\"application\/ld+json\" class=\"yoast-schema-graph\">{\"@context\":\"https:\\\/\\\/schema.org\",\"@graph\":[{\"@type\":\"WebPage\",\"@id\":\"https:\\\/\\\/kparts-watersports.com\\\/es\\\/produit\\\/ala-delantera-aros\\\/\",\"url\":\"https:\\\/\\\/kparts-watersports.com\\\/es\\\/produit\\\/ala-delantera-aros\\\/\",\"name\":\"Ala delantera \u2013 AROS - KPARTS WATERSPORTS\",\"isPartOf\":{\"@id\":\"https:\\\/\\\/blanchedalmond-oryx-541128.hostingersite.com\\\/#website\"},\"primaryImageOfPage\":{\"@id\":\"https:\\\/\\\/kparts-watersports.com\\\/es\\\/produit\\\/ala-delantera-aros\\\/#primaryimage\"},\"image\":{\"@id\":\"https:\\\/\\\/kparts-watersports.com\\\/es\\\/produit\\\/ala-delantera-aros\\\/#primaryimage\"},\"thumbnailUrl\":\"https:\\\/\\\/kparts-watersports.com\\\/wp-content\\\/uploads\\\/2025\\\/11\\\/Rendu_AROS_New_2.webp\",\"datePublished\":\"2025-11-10T09:13:39+00:00\",\"dateModified\":\"2026-04-23T16:44:01+00:00\",\"breadcrumb\":{\"@id\":\"https:\\\/\\\/kparts-watersports.com\\\/es\\\/produit\\\/ala-delantera-aros\\\/#breadcrumb\"},\"inLanguage\":\"es-ES\",\"potentialAction\":[{\"@type\":\"ReadAction\",\"target\":[\"https:\\\/\\\/kparts-watersports.com\\\/es\\\/produit\\\/ala-delantera-aros\\\/\"]}]},{\"@type\":\"ImageObject\",\"inLanguage\":\"es-ES\",\"@id\":\"https:\\\/\\\/kparts-watersports.com\\\/es\\\/produit\\\/ala-delantera-aros\\\/#primaryimage\",\"url\":\"https:\\\/\\\/kparts-watersports.com\\\/wp-content\\\/uploads\\\/2025\\\/11\\\/Rendu_AROS_New_2.webp\",\"contentUrl\":\"https:\\\/\\\/kparts-watersports.com\\\/wp-content\\\/uploads\\\/2025\\\/11\\\/Rendu_AROS_New_2.webp\",\"width\":600,\"height\":600},{\"@type\":\"BreadcrumbList\",\"@id\":\"https:\\\/\\\/kparts-watersports.com\\\/es\\\/produit\\\/ala-delantera-aros\\\/#breadcrumb\",\"itemListElement\":[{\"@type\":\"ListItem\",\"position\":1,\"name\":\"Accueil\",\"item\":\"https:\\\/\\\/kparts-watersports.com\\\/es\\\/inicio\\\/\"},{\"@type\":\"ListItem\",\"position\":2,\"name\":\"Tienda\",\"item\":\"https:\\\/\\\/kparts-watersports.com\\\/es\\\/tienda\\\/\"},{\"@type\":\"ListItem\",\"position\":3,\"name\":\"Ala delantera \u2013 AROS\"}]},{\"@type\":\"WebSite\",\"@id\":\"https:\\\/\\\/blanchedalmond-oryx-541128.hostingersite.com\\\/#website\",\"url\":\"https:\\\/\\\/blanchedalmond-oryx-541128.hostingersite.com\\\/\",\"name\":\"KPARTS WATERSPORTS\",\"description\":\"Accessoires custom pour sports nautiques\",\"publisher\":{\"@id\":\"https:\\\/\\\/blanchedalmond-oryx-541128.hostingersite.com\\\/#organization\"},\"potentialAction\":[{\"@type\":\"SearchAction\",\"target\":{\"@type\":\"EntryPoint\",\"urlTemplate\":\"https:\\\/\\\/blanchedalmond-oryx-541128.hostingersite.com\\\/?s={search_term_string}\"},\"query-input\":{\"@type\":\"PropertyValueSpecification\",\"valueRequired\":true,\"valueName\":\"search_term_string\"}}],\"inLanguage\":\"es-ES\"},{\"@type\":\"Organization\",\"@id\":\"https:\\\/\\\/blanchedalmond-oryx-541128.hostingersite.com\\\/#organization\",\"name\":\"KPARTS WATERSPORTS\",\"url\":\"https:\\\/\\\/blanchedalmond-oryx-541128.hostingersite.com\\\/\",\"logo\":{\"@type\":\"ImageObject\",\"inLanguage\":\"es-ES\",\"@id\":\"https:\\\/\\\/blanchedalmond-oryx-541128.hostingersite.com\\\/#\\\/schema\\\/logo\\\/image\\\/\",\"url\":\"https:\\\/\\\/kparts-watersports.ovh\\\/wp-content\\\/uploads\\\/2024\\\/09\\\/Kparts-Logo-Favicon.jpg\",\"contentUrl\":\"https:\\\/\\\/kparts-watersports.ovh\\\/wp-content\\\/uploads\\\/2024\\\/09\\\/Kparts-Logo-Favicon.jpg\",\"width\":600,\"height\":600,\"caption\":\"KPARTS WATERSPORTS\"},\"image\":{\"@id\":\"https:\\\/\\\/blanchedalmond-oryx-541128.hostingersite.com\\\/#\\\/schema\\\/logo\\\/image\\\/\"},\"sameAs\":[\"https:\\\/\\\/www.facebook.com\\\/people\\\/AP-3D-Custom\\\/100076804732870\\\/\",\"https:\\\/\\\/www.instagram.com\\\/ap3dcustom\\\/\"]}]}<\/script>\n<!-- \/ Yoast SEO plugin. -->","yoast_head_json":{"title":"Ala delantera \u2013 AROS - KPARTS WATERSPORTS","robots":{"index":"index","follow":"follow","max-snippet":"max-snippet:-1","max-image-preview":"max-image-preview:large","max-video-preview":"max-video-preview:-1"},"canonical":"https:\/\/kparts-watersports.com\/es\/produit\/ala-delantera-aros\/","og_locale":"es_ES","og_type":"article","og_title":"Ala delantera \u2013 AROS - KPARTS WATERSPORTS","og_description":"\ud83d\ude9a En STOCK \u2013 plazo de preparaci\u00f3n y env\u00edo: 5 d\u00edas La gama AROS ha sido dise\u00f1ada con un objetivo: ofrecerte un ala dedicada al rendimiento en downwind o lightwind, con un deslizamiento y una eficiencia excepcionales. Con su aspect ratio de 13,5 (14,4 para la 680, 16,1 para la 560), la AROS es un ala pensada para sobresalir en todas las pr\u00e1cticas orientadas al downwind: wingfoil freefly o lightwind, parawing y downwind prone. Su outline evocador, en la misma l\u00ednea que el SKAL, le aporta una gran estabilidad longitudinal. Pero con su elevado aspect ratio, la AROS ofrece un glide y un rendimiento claramente superiores en pumping, manteniendo a la vez una que permite llevarla de un rail al otro a pesar de su envergadura. Con la AROS, podr\u00e1s aprovechar el m\u00e1s m\u00ednimo bump en downwind y volar durante mucho tiempo, con una gran sensaci\u00f3n de deslizamiento, sin quedar limitado cuando aumenta la velocidad: su finura le permite alcanzar altas velocidades con poca presi\u00f3n en el pie delantero y sin freno. A pesar de su finura y su cuerda reducida, la AROS conserva un excelente rango bajo, con un take-off precoz y una velocidad de p\u00e9rdida, una vez en vuelo, muy baja. Asociada a nuestros stabs KPARTS, y en particular a nuestros nuevos MAKO GLIDE PRO, el ala despliega todo su potencial, \u00a1y sobre todo en un silencio absoluto! La AROS est\u00e1 dirigida a riders exigentes, en busca de un nivel de rendimiento y sensaciones \u00fanicas. Elegir la AROS es elegir el RENDIMIENTO sin compromisos. Fabricadas a partir de fibras de carbono UHM, las alas AROS son extremadamente r\u00edgidas a pesar de su finura y envergadura. Nuestras alas AROS pueden utilizarse con nuestros m\u00e1stiles KPARTS (aluminio y carbono), pero tambi\u00e9n con los m\u00e1stiles AFS\u00ae y ALLURE\u00ae gracias a fuselajes dedicados, disponibles en la categor\u00eda correspondiente. Alas AROS (13,5 de AR) 560 680 830 980 Envergadura 95cm 99cm 106cm 115cm AR 16,1 14,4 13,5 13,5 Espesor m\u00e1x. 10.7mm 12mm 13mm 14mm &nbsp;","og_url":"https:\/\/kparts-watersports.com\/es\/produit\/ala-delantera-aros\/","og_site_name":"KPARTS WATERSPORTS","article_publisher":"https:\/\/www.facebook.com\/people\/AP-3D-Custom\/100076804732870\/","article_modified_time":"2026-04-23T16:44:01+00:00","og_image":[{"width":600,"height":600,"url":"https:\/\/kparts-watersports.com\/wp-content\/uploads\/2025\/11\/Rendu_AROS_New_2.webp","type":"image\/webp"}],"twitter_card":"summary_large_image","twitter_misc":{"Tiempo de lectura":"2 minutes"},"schema":{"@context":"https:\/\/schema.org","@graph":[{"@type":"WebPage","@id":"https:\/\/kparts-watersports.com\/es\/produit\/ala-delantera-aros\/","url":"https:\/\/kparts-watersports.com\/es\/produit\/ala-delantera-aros\/","name":"Ala delantera \u2013 AROS - KPARTS WATERSPORTS","isPartOf":{"@id":"https:\/\/blanchedalmond-oryx-541128.hostingersite.com\/#website"},"primaryImageOfPage":{"@id":"https:\/\/kparts-watersports.com\/es\/produit\/ala-delantera-aros\/#primaryimage"},"image":{"@id":"https:\/\/kparts-watersports.com\/es\/produit\/ala-delantera-aros\/#primaryimage"},"thumbnailUrl":"https:\/\/kparts-watersports.com\/wp-content\/uploads\/2025\/11\/Rendu_AROS_New_2.webp","datePublished":"2025-11-10T09:13:39+00:00","dateModified":"2026-04-23T16:44:01+00:00","breadcrumb":{"@id":"https:\/\/kparts-watersports.com\/es\/produit\/ala-delantera-aros\/#breadcrumb"},"inLanguage":"es-ES","potentialAction":[{"@type":"ReadAction","target":["https:\/\/kparts-watersports.com\/es\/produit\/ala-delantera-aros\/"]}]},{"@type":"ImageObject","inLanguage":"es-ES","@id":"https:\/\/kparts-watersports.com\/es\/produit\/ala-delantera-aros\/#primaryimage","url":"https:\/\/kparts-watersports.com\/wp-content\/uploads\/2025\/11\/Rendu_AROS_New_2.webp","contentUrl":"https:\/\/kparts-watersports.com\/wp-content\/uploads\/2025\/11\/Rendu_AROS_New_2.webp","width":600,"height":600},{"@type":"BreadcrumbList","@id":"https:\/\/kparts-watersports.com\/es\/produit\/ala-delantera-aros\/#breadcrumb","itemListElement":[{"@type":"ListItem","position":1,"name":"Accueil","item":"https:\/\/kparts-watersports.com\/es\/inicio\/"},{"@type":"ListItem","position":2,"name":"Tienda","item":"https:\/\/kparts-watersports.com\/es\/tienda\/"},{"@type":"ListItem","position":3,"name":"Ala delantera \u2013 AROS"}]},{"@type":"WebSite","@id":"https:\/\/blanchedalmond-oryx-541128.hostingersite.com\/#website","url":"https:\/\/blanchedalmond-oryx-541128.hostingersite.com\/","name":"KPARTS WATERSPORTS","description":"Accessoires custom pour sports nautiques","publisher":{"@id":"https:\/\/blanchedalmond-oryx-541128.hostingersite.com\/#organization"},"potentialAction":[{"@type":"SearchAction","target":{"@type":"EntryPoint","urlTemplate":"https:\/\/blanchedalmond-oryx-541128.hostingersite.com\/?s={search_term_string}"},"query-input":{"@type":"PropertyValueSpecification","valueRequired":true,"valueName":"search_term_string"}}],"inLanguage":"es-ES"},{"@type":"Organization","@id":"https:\/\/blanchedalmond-oryx-541128.hostingersite.com\/#organization","name":"KPARTS WATERSPORTS","url":"https:\/\/blanchedalmond-oryx-541128.hostingersite.com\/","logo":{"@type":"ImageObject","inLanguage":"es-ES","@id":"https:\/\/blanchedalmond-oryx-541128.hostingersite.com\/#\/schema\/logo\/image\/","url":"https:\/\/kparts-watersports.ovh\/wp-content\/uploads\/2024\/09\/Kparts-Logo-Favicon.jpg","contentUrl":"https:\/\/kparts-watersports.ovh\/wp-content\/uploads\/2024\/09\/Kparts-Logo-Favicon.jpg","width":600,"height":600,"caption":"KPARTS WATERSPORTS"},"image":{"@id":"https:\/\/blanchedalmond-oryx-541128.hostingersite.com\/#\/schema\/logo\/image\/"},"sameAs":["https:\/\/www.facebook.com\/people\/AP-3D-Custom\/100076804732870\/","https:\/\/www.instagram.com\/ap3dcustom\/"]}]}},"jetpack_sharing_enabled":true,"_links":{"self":[{"href":"https:\/\/kparts-watersports.com\/es\/wp-json\/wp\/v2\/product\/15102","targetHints":{"allow":["GET"]}}],"collection":[{"href":"https:\/\/kparts-watersports.com\/es\/wp-json\/wp\/v2\/product"}],"about":[{"href":"https:\/\/kparts-watersports.com\/es\/wp-json\/wp\/v2\/types\/product"}],"replies":[{"embeddable":true,"href":"https:\/\/kparts-watersports.com\/es\/wp-json\/wp\/v2\/comments?post=15102"}],"wp:featuredmedia":[{"embeddable":true,"href":"https:\/\/kparts-watersports.com\/es\/wp-json\/wp\/v2\/media\/15120"}],"wp:attachment":[{"href":"https:\/\/kparts-watersports.com\/es\/wp-json\/wp\/v2\/media?parent=15102"}],"wp:term":[{"taxonomy":"product_brand","embeddable":true,"href":"https:\/\/kparts-watersports.com\/es\/wp-json\/wp\/v2\/product_brand?post=15102"},{"taxonomy":"product_cat","embeddable":true,"href":"https:\/\/kparts-watersports.com\/es\/wp-json\/wp\/v2\/product_cat?post=15102"},{"taxonomy":"product_tag","embeddable":true,"href":"https:\/\/kparts-watersports.com\/es\/wp-json\/wp\/v2\/product_tag?post=15102"}],"curies":[{"name":"wp","href":"https:\/\/api.w.org\/{rel}","templated":true}]}}