{"id":15103,"date":"2025-11-08T14:50:54","date_gmt":"2025-11-08T13:50:54","guid":{"rendered":"https:\/\/kparts-watersports.com\/produit\/fuselaje-de-aluminio-alas-kparts-con-encaje-afs-fuselink\/"},"modified":"2025-11-08T14:50:54","modified_gmt":"2025-11-08T13:50:54","slug":"fuselaje-de-aluminio-alas-kparts-con-encaje-afs-fuselink","status":"publish","type":"product","link":"https:\/\/kparts-watersports.com\/es\/produit\/fuselaje-de-aluminio-alas-kparts-con-encaje-afs-fuselink\/","title":{"rendered":"Fuselaje de aluminio \u2013 Alas KPARTS con encaje AFS Fuselink\u00ae"},"content":{"rendered":"<h6 data-start=\"5479\" data-end=\"5539\"><strong>\ud83d\ude9a En STOCK \u2013 plazo de preparaci\u00f3n y env\u00edo: 3 d\u00edas<\/strong><\/h6>\n<p>&nbsp;<\/p>\n<p>Este fuselaje est\u00e1 anodizado + con recubrimiento en polvo en gris claro: \u00a1es <strong>MUY resistente a la corrosi\u00f3n!<\/strong><\/p>\n<p>En KPARTS, nada de chauvinismo\u2026 Por eso hemos dise\u00f1ado este fuselaje para permitir a los usuarios de m\u00e1stiles AFS\u00ae utilizar todas las alas de nuestra gama KPARTS: las alas SKAL y las alas AROS. <\/p>\n<p>Este fuselaje reproduce a la perfecci\u00f3n el encaje Fuselink\u00ae, <strong>permiti\u00e9ndote utilizar los \u00faltimos m\u00e1stiles UHM y HM de AFS\u00ae.<\/strong><\/p>\n<p>Este fuselaje conserva la <strong>geometr\u00eda optimizada<\/strong> de nuestro fuselaje KPARTS y corresponde a una geometr\u00eda intermedia entre el fuselaje largo y el corto de AFS\u00ae.<\/p>\n<p>Gracias a los <strong>3 tornillos en la parte trasera<\/strong>, permite una<strong> posici\u00f3n est\u00e1ndar<\/strong> y una <strong>posici\u00f3n adelantada<\/strong> del estabilizador.<\/p>\n<p>Este fuselaje es compatible con los estabilizadores AFS\u00ae.<\/p>\n<p>Suministrado con torniller\u00eda de acero inoxidable A4.<\/p>\n<p>Pack de torniller\u00eda de titanio opcional: 3 tornillos M8x20 (T40) + 2 tornillos M8 para el ensamblaje m\u00e1stil-fuselaje + 2 tornillos M6x14 para el estabilizador.<\/p>\n<p>Funda no incluida.<\/p>\n<p>.<\/p>\n<p>&nbsp;<\/p>\n","protected":false},"excerpt":{"rendered":"<p>\ud83d\ude9a En STOCK \u2013 plazo de preparaci\u00f3n y env\u00edo: 3 d\u00edas &nbsp; Este fuselaje est\u00e1 anodizado + con recubrimiento en polvo en gris claro: \u00a1es MUY resistente a la corrosi\u00f3n! En KPARTS, nada de chauvinismo\u2026 Por eso hemos dise\u00f1ado este fuselaje para permitir a los usuarios de m\u00e1stiles AFS\u00ae utilizar todas las alas de nuestra gama KPARTS: las alas SKAL y las alas AROS. Este fuselaje reproduce a la perfecci\u00f3n el encaje Fuselink\u00ae, permiti\u00e9ndote utilizar los \u00faltimos m\u00e1stiles UHM y HM de AFS\u00ae. Este fuselaje conserva la geometr\u00eda optimizada de nuestro fuselaje KPARTS y corresponde a una geometr\u00eda intermedia entre el fuselaje largo y el corto de AFS\u00ae. Gracias a los 3 tornillos en la parte trasera, permite una posici\u00f3n est\u00e1ndar y una posici\u00f3n adelantada del estabilizador. Este fuselaje es compatible con los estabilizadores AFS\u00ae. Suministrado con torniller\u00eda de acero inoxidable A4. Pack de torniller\u00eda de titanio opcional: 3 tornillos M8x20 (T40) + 2 tornillos M8 para el ensamblaje m\u00e1stil-fuselaje + 2 tornillos M6x14 para el estabilizador. Funda no incluida. . &nbsp;<\/p>\n","protected":false},"featured_media":15015,"comment_status":"open","ping_status":"closed","template":"","meta":{"site-sidebar-layout":"default","site-content-layout":"","ast-site-content-layout":"default","site-content-style":"default","site-sidebar-style":"default","ast-global-header-display":"","ast-banner-title-visibility":"","ast-main-header-display":"","ast-hfb-above-header-display":"","ast-hfb-below-header-display":"","ast-hfb-mobile-header-display":"","site-post-title":"","ast-breadcrumbs-content":"","ast-featured-img":"","footer-sml-layout":"","ast-disable-related-posts":"","theme-transparent-header-meta":"default","adv-header-id-meta":"","stick-header-meta":"","header-above-stick-meta":"","header-main-stick-meta":"","header-below-stick-meta":"","astra-migrate-meta-layouts":"default","ast-page-background-enabled":"default","ast-page-background-meta":{"desktop":{"background-color":"var(--ast-global-color-4)","background-image":"","background-repeat":"repeat","background-position":"center center","background-size":"auto","background-attachment":"scroll","background-type":"","background-media":"","overlay-type":"","overlay-color":"","overlay-opacity":"","overlay-gradient":""},"tablet":{"background-color":"","background-image":"","background-repeat":"repeat","background-position":"center center","background-size":"auto","background-attachment":"scroll","background-type":"","background-media":"","overlay-type":"","overlay-color":"","overlay-opacity":"","overlay-gradient":""},"mobile":{"background-color":"","background-image":"","background-repeat":"repeat","background-position":"center center","background-size":"auto","background-attachment":"scroll","background-type":"","background-media":"","overlay-type":"","overlay-color":"","overlay-opacity":"","overlay-gradient":""}},"ast-content-background-meta":{"desktop":{"background-color":"var(--ast-global-color-5)","background-image":"","background-repeat":"repeat","background-position":"center center","background-size":"auto","background-attachment":"scroll","background-type":"","background-media":"","overlay-type":"","overlay-color":"","overlay-opacity":"","overlay-gradient":""},"tablet":{"background-color":"var(--ast-global-color-5)","background-image":"","background-repeat":"repeat","background-position":"center center","background-size":"auto","background-attachment":"scroll","background-type":"","background-media":"","overlay-type":"","overlay-color":"","overlay-opacity":"","overlay-gradient":""},"mobile":{"background-color":"var(--ast-global-color-5)","background-image":"","background-repeat":"repeat","background-position":"center center","background-size":"auto","background-attachment":"scroll","background-type":"","background-media":"","overlay-type":"","overlay-color":"","overlay-opacity":"","overlay-gradient":""}}},"product_brand":[],"product_cat":[210,214],"product_tag":[],"class_list":{"0":"post-15103","1":"product","2":"type-product","3":"status-publish","4":"has-post-thumbnail","6":"product_cat-foils","7":"product_cat-fuselajes","8":"desktop-align-center","9":"tablet-align-left","10":"mobile-align-left","11":"tm-has-options","13":"first","14":"instock","15":"taxable","16":"shipping-taxable","17":"purchasable","18":"product-type-variable"},"yoast_head":"<!-- This site is optimized with the Yoast SEO plugin v27.3 - https:\/\/yoast.com\/product\/yoast-seo-wordpress\/ -->\n<title>Fuselaje de aluminio \u2013 Alas KPARTS con encaje AFS Fuselink\u00ae - KPARTS WATERSPORTS<\/title>\n<meta name=\"robots\" content=\"index, follow, max-snippet:-1, max-image-preview:large, max-video-preview:-1\" \/>\n<link rel=\"canonical\" href=\"https:\/\/kparts-watersports.com\/es\/produit\/fuselaje-de-aluminio-alas-kparts-con-encaje-afs-fuselink\/\" \/>\n<meta property=\"og:locale\" content=\"es_ES\" \/>\n<meta property=\"og:type\" content=\"article\" \/>\n<meta property=\"og:title\" content=\"Fuselaje de aluminio \u2013 Alas KPARTS con encaje AFS Fuselink\u00ae - KPARTS WATERSPORTS\" \/>\n<meta property=\"og:description\" content=\"\ud83d\ude9a En STOCK \u2013 plazo de preparaci\u00f3n y env\u00edo: 3 d\u00edas &nbsp; Este fuselaje est\u00e1 anodizado + con recubrimiento en polvo en gris claro: \u00a1es MUY resistente a la corrosi\u00f3n! En KPARTS, nada de chauvinismo\u2026 Por eso hemos dise\u00f1ado este fuselaje para permitir a los usuarios de m\u00e1stiles AFS\u00ae utilizar todas las alas de nuestra gama KPARTS: las alas SKAL y las alas AROS. Este fuselaje reproduce a la perfecci\u00f3n el encaje Fuselink\u00ae, permiti\u00e9ndote utilizar los \u00faltimos m\u00e1stiles UHM y HM de AFS\u00ae. Este fuselaje conserva la geometr\u00eda optimizada de nuestro fuselaje KPARTS y corresponde a una geometr\u00eda intermedia entre el fuselaje largo y el corto de AFS\u00ae. Gracias a los 3 tornillos en la parte trasera, permite una posici\u00f3n est\u00e1ndar y una posici\u00f3n adelantada del estabilizador. Este fuselaje es compatible con los estabilizadores AFS\u00ae. Suministrado con torniller\u00eda de acero inoxidable A4. Pack de torniller\u00eda de titanio opcional: 3 tornillos M8x20 (T40) + 2 tornillos M8 para el ensamblaje m\u00e1stil-fuselaje + 2 tornillos M6x14 para el estabilizador. Funda no incluida. . &nbsp;\" \/>\n<meta property=\"og:url\" content=\"https:\/\/kparts-watersports.com\/es\/produit\/fuselaje-de-aluminio-alas-kparts-con-encaje-afs-fuselink\/\" \/>\n<meta property=\"og:site_name\" content=\"KPARTS WATERSPORTS\" \/>\n<meta property=\"article:publisher\" content=\"https:\/\/www.facebook.com\/people\/AP-3D-Custom\/100076804732870\/\" \/>\n<meta property=\"og:image\" content=\"https:\/\/kparts-watersports.com\/wp-content\/uploads\/2025\/11\/Fuselage_AFS_KPARTS_UP-1.webp\" \/>\n\t<meta property=\"og:image:width\" content=\"600\" \/>\n\t<meta property=\"og:image:height\" content=\"600\" \/>\n\t<meta property=\"og:image:type\" content=\"image\/webp\" \/>\n<meta name=\"twitter:card\" content=\"summary_large_image\" \/>\n<meta name=\"twitter:label1\" content=\"Tiempo de lectura\" \/>\n\t<meta name=\"twitter:data1\" content=\"1 minute\" \/>\n<script type=\"application\/ld+json\" class=\"yoast-schema-graph\">{\"@context\":\"https:\\\/\\\/schema.org\",\"@graph\":[{\"@type\":\"WebPage\",\"@id\":\"https:\\\/\\\/kparts-watersports.com\\\/es\\\/produit\\\/fuselaje-de-aluminio-alas-kparts-con-encaje-afs-fuselink\\\/\",\"url\":\"https:\\\/\\\/kparts-watersports.com\\\/es\\\/produit\\\/fuselaje-de-aluminio-alas-kparts-con-encaje-afs-fuselink\\\/\",\"name\":\"Fuselaje de aluminio \u2013 Alas KPARTS con encaje AFS Fuselink\u00ae - KPARTS WATERSPORTS\",\"isPartOf\":{\"@id\":\"https:\\\/\\\/blanchedalmond-oryx-541128.hostingersite.com\\\/#website\"},\"primaryImageOfPage\":{\"@id\":\"https:\\\/\\\/kparts-watersports.com\\\/es\\\/produit\\\/fuselaje-de-aluminio-alas-kparts-con-encaje-afs-fuselink\\\/#primaryimage\"},\"image\":{\"@id\":\"https:\\\/\\\/kparts-watersports.com\\\/es\\\/produit\\\/fuselaje-de-aluminio-alas-kparts-con-encaje-afs-fuselink\\\/#primaryimage\"},\"thumbnailUrl\":\"https:\\\/\\\/kparts-watersports.com\\\/wp-content\\\/uploads\\\/2025\\\/11\\\/Fuselage_AFS_KPARTS_UP-1.webp\",\"datePublished\":\"2025-11-08T13:50:54+00:00\",\"breadcrumb\":{\"@id\":\"https:\\\/\\\/kparts-watersports.com\\\/es\\\/produit\\\/fuselaje-de-aluminio-alas-kparts-con-encaje-afs-fuselink\\\/#breadcrumb\"},\"inLanguage\":\"es-ES\",\"potentialAction\":[{\"@type\":\"ReadAction\",\"target\":[\"https:\\\/\\\/kparts-watersports.com\\\/es\\\/produit\\\/fuselaje-de-aluminio-alas-kparts-con-encaje-afs-fuselink\\\/\"]}]},{\"@type\":\"ImageObject\",\"inLanguage\":\"es-ES\",\"@id\":\"https:\\\/\\\/kparts-watersports.com\\\/es\\\/produit\\\/fuselaje-de-aluminio-alas-kparts-con-encaje-afs-fuselink\\\/#primaryimage\",\"url\":\"https:\\\/\\\/kparts-watersports.com\\\/wp-content\\\/uploads\\\/2025\\\/11\\\/Fuselage_AFS_KPARTS_UP-1.webp\",\"contentUrl\":\"https:\\\/\\\/kparts-watersports.com\\\/wp-content\\\/uploads\\\/2025\\\/11\\\/Fuselage_AFS_KPARTS_UP-1.webp\",\"width\":600,\"height\":600},{\"@type\":\"BreadcrumbList\",\"@id\":\"https:\\\/\\\/kparts-watersports.com\\\/es\\\/produit\\\/fuselaje-de-aluminio-alas-kparts-con-encaje-afs-fuselink\\\/#breadcrumb\",\"itemListElement\":[{\"@type\":\"ListItem\",\"position\":1,\"name\":\"Accueil\",\"item\":\"https:\\\/\\\/kparts-watersports.com\\\/es\\\/inicio\\\/\"},{\"@type\":\"ListItem\",\"position\":2,\"name\":\"Tienda\",\"item\":\"https:\\\/\\\/kparts-watersports.com\\\/es\\\/tienda\\\/\"},{\"@type\":\"ListItem\",\"position\":3,\"name\":\"Fuselaje de aluminio \u2013 Alas KPARTS con encaje AFS Fuselink\u00ae\"}]},{\"@type\":\"WebSite\",\"@id\":\"https:\\\/\\\/blanchedalmond-oryx-541128.hostingersite.com\\\/#website\",\"url\":\"https:\\\/\\\/blanchedalmond-oryx-541128.hostingersite.com\\\/\",\"name\":\"KPARTS WATERSPORTS\",\"description\":\"Accessoires custom pour sports nautiques\",\"publisher\":{\"@id\":\"https:\\\/\\\/blanchedalmond-oryx-541128.hostingersite.com\\\/#organization\"},\"potentialAction\":[{\"@type\":\"SearchAction\",\"target\":{\"@type\":\"EntryPoint\",\"urlTemplate\":\"https:\\\/\\\/blanchedalmond-oryx-541128.hostingersite.com\\\/?s={search_term_string}\"},\"query-input\":{\"@type\":\"PropertyValueSpecification\",\"valueRequired\":true,\"valueName\":\"search_term_string\"}}],\"inLanguage\":\"es-ES\"},{\"@type\":\"Organization\",\"@id\":\"https:\\\/\\\/blanchedalmond-oryx-541128.hostingersite.com\\\/#organization\",\"name\":\"KPARTS WATERSPORTS\",\"url\":\"https:\\\/\\\/blanchedalmond-oryx-541128.hostingersite.com\\\/\",\"logo\":{\"@type\":\"ImageObject\",\"inLanguage\":\"es-ES\",\"@id\":\"https:\\\/\\\/blanchedalmond-oryx-541128.hostingersite.com\\\/#\\\/schema\\\/logo\\\/image\\\/\",\"url\":\"https:\\\/\\\/kparts-watersports.ovh\\\/wp-content\\\/uploads\\\/2024\\\/09\\\/Kparts-Logo-Favicon.jpg\",\"contentUrl\":\"https:\\\/\\\/kparts-watersports.ovh\\\/wp-content\\\/uploads\\\/2024\\\/09\\\/Kparts-Logo-Favicon.jpg\",\"width\":600,\"height\":600,\"caption\":\"KPARTS WATERSPORTS\"},\"image\":{\"@id\":\"https:\\\/\\\/blanchedalmond-oryx-541128.hostingersite.com\\\/#\\\/schema\\\/logo\\\/image\\\/\"},\"sameAs\":[\"https:\\\/\\\/www.facebook.com\\\/people\\\/AP-3D-Custom\\\/100076804732870\\\/\",\"https:\\\/\\\/www.instagram.com\\\/ap3dcustom\\\/\"]}]}<\/script>\n<!-- \/ Yoast SEO plugin. -->","yoast_head_json":{"title":"Fuselaje de aluminio \u2013 Alas KPARTS con encaje AFS Fuselink\u00ae - KPARTS WATERSPORTS","robots":{"index":"index","follow":"follow","max-snippet":"max-snippet:-1","max-image-preview":"max-image-preview:large","max-video-preview":"max-video-preview:-1"},"canonical":"https:\/\/kparts-watersports.com\/es\/produit\/fuselaje-de-aluminio-alas-kparts-con-encaje-afs-fuselink\/","og_locale":"es_ES","og_type":"article","og_title":"Fuselaje de aluminio \u2013 Alas KPARTS con encaje AFS Fuselink\u00ae - KPARTS WATERSPORTS","og_description":"\ud83d\ude9a En STOCK \u2013 plazo de preparaci\u00f3n y env\u00edo: 3 d\u00edas &nbsp; Este fuselaje est\u00e1 anodizado + con recubrimiento en polvo en gris claro: \u00a1es MUY resistente a la corrosi\u00f3n! En KPARTS, nada de chauvinismo\u2026 Por eso hemos dise\u00f1ado este fuselaje para permitir a los usuarios de m\u00e1stiles AFS\u00ae utilizar todas las alas de nuestra gama KPARTS: las alas SKAL y las alas AROS. Este fuselaje reproduce a la perfecci\u00f3n el encaje Fuselink\u00ae, permiti\u00e9ndote utilizar los \u00faltimos m\u00e1stiles UHM y HM de AFS\u00ae. Este fuselaje conserva la geometr\u00eda optimizada de nuestro fuselaje KPARTS y corresponde a una geometr\u00eda intermedia entre el fuselaje largo y el corto de AFS\u00ae. Gracias a los 3 tornillos en la parte trasera, permite una posici\u00f3n est\u00e1ndar y una posici\u00f3n adelantada del estabilizador. Este fuselaje es compatible con los estabilizadores AFS\u00ae. Suministrado con torniller\u00eda de acero inoxidable A4. Pack de torniller\u00eda de titanio opcional: 3 tornillos M8x20 (T40) + 2 tornillos M8 para el ensamblaje m\u00e1stil-fuselaje + 2 tornillos M6x14 para el estabilizador. Funda no incluida. . &nbsp;","og_url":"https:\/\/kparts-watersports.com\/es\/produit\/fuselaje-de-aluminio-alas-kparts-con-encaje-afs-fuselink\/","og_site_name":"KPARTS WATERSPORTS","article_publisher":"https:\/\/www.facebook.com\/people\/AP-3D-Custom\/100076804732870\/","og_image":[{"width":600,"height":600,"url":"https:\/\/kparts-watersports.com\/wp-content\/uploads\/2025\/11\/Fuselage_AFS_KPARTS_UP-1.webp","type":"image\/webp"}],"twitter_card":"summary_large_image","twitter_misc":{"Tiempo de lectura":"1 minute"},"schema":{"@context":"https:\/\/schema.org","@graph":[{"@type":"WebPage","@id":"https:\/\/kparts-watersports.com\/es\/produit\/fuselaje-de-aluminio-alas-kparts-con-encaje-afs-fuselink\/","url":"https:\/\/kparts-watersports.com\/es\/produit\/fuselaje-de-aluminio-alas-kparts-con-encaje-afs-fuselink\/","name":"Fuselaje de aluminio \u2013 Alas KPARTS con encaje AFS Fuselink\u00ae - KPARTS WATERSPORTS","isPartOf":{"@id":"https:\/\/blanchedalmond-oryx-541128.hostingersite.com\/#website"},"primaryImageOfPage":{"@id":"https:\/\/kparts-watersports.com\/es\/produit\/fuselaje-de-aluminio-alas-kparts-con-encaje-afs-fuselink\/#primaryimage"},"image":{"@id":"https:\/\/kparts-watersports.com\/es\/produit\/fuselaje-de-aluminio-alas-kparts-con-encaje-afs-fuselink\/#primaryimage"},"thumbnailUrl":"https:\/\/kparts-watersports.com\/wp-content\/uploads\/2025\/11\/Fuselage_AFS_KPARTS_UP-1.webp","datePublished":"2025-11-08T13:50:54+00:00","breadcrumb":{"@id":"https:\/\/kparts-watersports.com\/es\/produit\/fuselaje-de-aluminio-alas-kparts-con-encaje-afs-fuselink\/#breadcrumb"},"inLanguage":"es-ES","potentialAction":[{"@type":"ReadAction","target":["https:\/\/kparts-watersports.com\/es\/produit\/fuselaje-de-aluminio-alas-kparts-con-encaje-afs-fuselink\/"]}]},{"@type":"ImageObject","inLanguage":"es-ES","@id":"https:\/\/kparts-watersports.com\/es\/produit\/fuselaje-de-aluminio-alas-kparts-con-encaje-afs-fuselink\/#primaryimage","url":"https:\/\/kparts-watersports.com\/wp-content\/uploads\/2025\/11\/Fuselage_AFS_KPARTS_UP-1.webp","contentUrl":"https:\/\/kparts-watersports.com\/wp-content\/uploads\/2025\/11\/Fuselage_AFS_KPARTS_UP-1.webp","width":600,"height":600},{"@type":"BreadcrumbList","@id":"https:\/\/kparts-watersports.com\/es\/produit\/fuselaje-de-aluminio-alas-kparts-con-encaje-afs-fuselink\/#breadcrumb","itemListElement":[{"@type":"ListItem","position":1,"name":"Accueil","item":"https:\/\/kparts-watersports.com\/es\/inicio\/"},{"@type":"ListItem","position":2,"name":"Tienda","item":"https:\/\/kparts-watersports.com\/es\/tienda\/"},{"@type":"ListItem","position":3,"name":"Fuselaje de aluminio \u2013 Alas KPARTS con encaje AFS Fuselink\u00ae"}]},{"@type":"WebSite","@id":"https:\/\/blanchedalmond-oryx-541128.hostingersite.com\/#website","url":"https:\/\/blanchedalmond-oryx-541128.hostingersite.com\/","name":"KPARTS WATERSPORTS","description":"Accessoires custom pour sports nautiques","publisher":{"@id":"https:\/\/blanchedalmond-oryx-541128.hostingersite.com\/#organization"},"potentialAction":[{"@type":"SearchAction","target":{"@type":"EntryPoint","urlTemplate":"https:\/\/blanchedalmond-oryx-541128.hostingersite.com\/?s={search_term_string}"},"query-input":{"@type":"PropertyValueSpecification","valueRequired":true,"valueName":"search_term_string"}}],"inLanguage":"es-ES"},{"@type":"Organization","@id":"https:\/\/blanchedalmond-oryx-541128.hostingersite.com\/#organization","name":"KPARTS WATERSPORTS","url":"https:\/\/blanchedalmond-oryx-541128.hostingersite.com\/","logo":{"@type":"ImageObject","inLanguage":"es-ES","@id":"https:\/\/blanchedalmond-oryx-541128.hostingersite.com\/#\/schema\/logo\/image\/","url":"https:\/\/kparts-watersports.ovh\/wp-content\/uploads\/2024\/09\/Kparts-Logo-Favicon.jpg","contentUrl":"https:\/\/kparts-watersports.ovh\/wp-content\/uploads\/2024\/09\/Kparts-Logo-Favicon.jpg","width":600,"height":600,"caption":"KPARTS WATERSPORTS"},"image":{"@id":"https:\/\/blanchedalmond-oryx-541128.hostingersite.com\/#\/schema\/logo\/image\/"},"sameAs":["https:\/\/www.facebook.com\/people\/AP-3D-Custom\/100076804732870\/","https:\/\/www.instagram.com\/ap3dcustom\/"]}]}},"jetpack_sharing_enabled":true,"_links":{"self":[{"href":"https:\/\/kparts-watersports.com\/es\/wp-json\/wp\/v2\/product\/15103","targetHints":{"allow":["GET"]}}],"collection":[{"href":"https:\/\/kparts-watersports.com\/es\/wp-json\/wp\/v2\/product"}],"about":[{"href":"https:\/\/kparts-watersports.com\/es\/wp-json\/wp\/v2\/types\/product"}],"replies":[{"embeddable":true,"href":"https:\/\/kparts-watersports.com\/es\/wp-json\/wp\/v2\/comments?post=15103"}],"wp:featuredmedia":[{"embeddable":true,"href":"https:\/\/kparts-watersports.com\/es\/wp-json\/wp\/v2\/media\/15015"}],"wp:attachment":[{"href":"https:\/\/kparts-watersports.com\/es\/wp-json\/wp\/v2\/media?parent=15103"}],"wp:term":[{"taxonomy":"product_brand","embeddable":true,"href":"https:\/\/kparts-watersports.com\/es\/wp-json\/wp\/v2\/product_brand?post=15103"},{"taxonomy":"product_cat","embeddable":true,"href":"https:\/\/kparts-watersports.com\/es\/wp-json\/wp\/v2\/product_cat?post=15103"},{"taxonomy":"product_tag","embeddable":true,"href":"https:\/\/kparts-watersports.com\/es\/wp-json\/wp\/v2\/product_tag?post=15103"}],"curies":[{"name":"wp","href":"https:\/\/api.w.org\/{rel}","templated":true}]}}