{"id":15127,"date":"2025-11-14T13:37:12","date_gmt":"2025-11-14T12:37:12","guid":{"rendered":"https:\/\/kparts-watersports.com\/produit\/configurador-foil-completo-mastil-de-aluminio\/"},"modified":"2025-11-14T13:37:12","modified_gmt":"2025-11-14T12:37:12","slug":"configurador-foil-completo-mastil-de-aluminio","status":"publish","type":"product","link":"https:\/\/kparts-watersports.com\/es\/produit\/configurador-foil-completo-mastil-de-aluminio\/","title":{"rendered":"Configurador \u2013 Foil completo \u2013 M\u00e1stil de aluminio"},"content":{"rendered":"<h2>\ud83d\udee0\ufe0f Configurador de pack completo KPARTS<\/h2>\n<p>&nbsp;<\/p>\n<p><strong>\ud83d\ude9a La gama SKAL est\u00e1 EN STOCK \u2013 plazo de preparaci\u00f3n y env\u00edo: 5 d\u00edas<\/strong><br \/>\n<strong>\ud83d\ude9a La gama AROS est\u00e1 EN STOCK \u2013 plazo de preparaci\u00f3n y env\u00edo: 5 d\u00edas<\/strong><\/p>\n<hr>\n<p>Este configurador te permite crear tu <strong>pack completo a medida<\/strong> seg\u00fan tus preferencias y tu pr\u00e1ctica.<\/p>\n<p><strong>Elige tus elementos<\/strong>, comp\u00f3n tu <strong>foil ideal<\/strong> y disfruta de un <strong>precio ventajoso<\/strong> en todo el pack.<\/p>\n<hr>\n<h3>\ud83d\udcd8 Encuentra toda la informaci\u00f3n detallada en nuestras fichas de producto:<\/h3>\n<ul>\n<li><a href=\"https:\/\/kparts-watersports.com\/es\/produit\/mastil-de-aluminio-kparts-multimarca\/\">M\u00e2ts Alu Multimarques KPARTS<\/a><\/li>\n<li><a href=\"https:\/\/kparts-watersports.com\/es\/produit\/fuselaje-de-aluminio-alas-kparts-con-encaje-kparts\/\">Fuselage Aluminium KPARTS<\/a><\/li>\n<li><a href=\"https:\/\/kparts-watersports.com\/es\/produit\/fuselaje-titanio-carbono-alas-kparts-con-encaje-kparts\/\">Fuselaje de titanio KPARTS<\/a><\/li>\n<li><a href=\"https:\/\/kparts-watersports.com\/es\/produit\/ala-delantera-skal\/\">Nuestras alas de la gama SKAL<\/a><\/li>\n<li><a href=\"https:\/\/kparts-watersports.com\/es\/produit\/ala-delantera-aros\/\">Nuestras alas de la gama AROS<\/a><\/li>\n<li><a href=\"https:\/\/kparts-watersports.com\/es\/categoria-producto\/foils\/estabilizadores-es\/\">Nuestros estabilizadores KPARTS<\/a><\/li>\n<\/ul>\n<hr>\n<p><strong>\u00a1Comp\u00f3n el foil que te representa!<\/strong><\/p>\n<p>Llave Torx M8 o M6 <strong>NO INCLUIDA<\/strong><\/p>\n","protected":false},"excerpt":{"rendered":"<p>\ud83d\udee0\ufe0f Configurador de pack completo KPARTS &nbsp; \ud83d\ude9a La gama SKAL est\u00e1 EN STOCK \u2013 plazo de preparaci\u00f3n y env\u00edo: 5 d\u00edas \ud83d\ude9a La gama AROS est\u00e1 EN STOCK \u2013 plazo de preparaci\u00f3n y env\u00edo: 5 d\u00edas Este configurador te permite crear tu pack completo a medida seg\u00fan tus preferencias y tu pr\u00e1ctica. Elige tus elementos, comp\u00f3n tu foil ideal y disfruta de un precio ventajoso en todo el pack. \ud83d\udcd8 Encuentra toda la informaci\u00f3n detallada en nuestras fichas de producto: M\u00e2ts Alu Multimarques KPARTS Fuselage Aluminium KPARTS Fuselaje de titanio KPARTS Nuestras alas de la gama SKAL Nuestras alas de la gama AROS Nuestros estabilizadores KPARTS \u00a1Comp\u00f3n el foil que te representa! Llave Torx M8 o M6 NO INCLUIDA<\/p>\n","protected":false},"featured_media":15129,"comment_status":"open","ping_status":"closed","template":"","meta":{"site-sidebar-layout":"default","site-content-layout":"","ast-site-content-layout":"default","site-content-style":"default","site-sidebar-style":"default","ast-global-header-display":"","ast-banner-title-visibility":"","ast-main-header-display":"","ast-hfb-above-header-display":"","ast-hfb-below-header-display":"","ast-hfb-mobile-header-display":"","site-post-title":"","ast-breadcrumbs-content":"","ast-featured-img":"","footer-sml-layout":"","ast-disable-related-posts":"","theme-transparent-header-meta":"default","adv-header-id-meta":"","stick-header-meta":"","header-above-stick-meta":"","header-main-stick-meta":"","header-below-stick-meta":"","astra-migrate-meta-layouts":"default","ast-page-background-enabled":"default","ast-page-background-meta":{"desktop":{"background-color":"var(--ast-global-color-4)","background-image":"","background-repeat":"repeat","background-position":"center center","background-size":"auto","background-attachment":"scroll","background-type":"","background-media":"","overlay-type":"","overlay-color":"","overlay-opacity":"","overlay-gradient":""},"tablet":{"background-color":"","background-image":"","background-repeat":"repeat","background-position":"center center","background-size":"auto","background-attachment":"scroll","background-type":"","background-media":"","overlay-type":"","overlay-color":"","overlay-opacity":"","overlay-gradient":""},"mobile":{"background-color":"","background-image":"","background-repeat":"repeat","background-position":"center center","background-size":"auto","background-attachment":"scroll","background-type":"","background-media":"","overlay-type":"","overlay-color":"","overlay-opacity":"","overlay-gradient":""}},"ast-content-background-meta":{"desktop":{"background-color":"var(--ast-global-color-5)","background-image":"","background-repeat":"repeat","background-position":"center center","background-size":"auto","background-attachment":"scroll","background-type":"","background-media":"","overlay-type":"","overlay-color":"","overlay-opacity":"","overlay-gradient":""},"tablet":{"background-color":"var(--ast-global-color-5)","background-image":"","background-repeat":"repeat","background-position":"center center","background-size":"auto","background-attachment":"scroll","background-type":"","background-media":"","overlay-type":"","overlay-color":"","overlay-opacity":"","overlay-gradient":""},"mobile":{"background-color":"var(--ast-global-color-5)","background-image":"","background-repeat":"repeat","background-position":"center center","background-size":"auto","background-attachment":"scroll","background-type":"","background-media":"","overlay-type":"","overlay-color":"","overlay-opacity":"","overlay-gradient":""}}},"product_brand":[],"product_cat":[210,212],"product_tag":[],"class_list":{"0":"post-15127","1":"product","2":"type-product","3":"status-publish","4":"has-post-thumbnail","6":"product_cat-foils","7":"product_cat-foils-completos","8":"product_shipping_class-productos-pesados-o-voluminosos","9":"desktop-align-center","10":"tablet-align-left","11":"mobile-align-left","12":"tm-has-options","14":"first","15":"instock","16":"taxable","17":"shipping-taxable","18":"purchasable","19":"product-type-variable"},"yoast_head":"<!-- This site is optimized with the Yoast SEO plugin v27.3 - https:\/\/yoast.com\/product\/yoast-seo-wordpress\/ -->\n<title>Configurador \u2013 Foil completo \u2013 M\u00e1stil de aluminio - KPARTS WATERSPORTS<\/title>\n<meta name=\"robots\" content=\"index, follow, max-snippet:-1, max-image-preview:large, max-video-preview:-1\" \/>\n<link rel=\"canonical\" href=\"https:\/\/kparts-watersports.com\/es\/produit\/configurador-foil-completo-mastil-de-aluminio\/\" \/>\n<meta property=\"og:locale\" content=\"es_ES\" \/>\n<meta property=\"og:type\" content=\"article\" \/>\n<meta property=\"og:title\" content=\"Configurador \u2013 Foil completo \u2013 M\u00e1stil de aluminio - KPARTS WATERSPORTS\" \/>\n<meta property=\"og:description\" content=\"\ud83d\udee0\ufe0f Configurador de pack completo KPARTS &nbsp; \ud83d\ude9a La gama SKAL est\u00e1 EN STOCK \u2013 plazo de preparaci\u00f3n y env\u00edo: 5 d\u00edas \ud83d\ude9a La gama AROS est\u00e1 EN STOCK \u2013 plazo de preparaci\u00f3n y env\u00edo: 5 d\u00edas Este configurador te permite crear tu pack completo a medida seg\u00fan tus preferencias y tu pr\u00e1ctica. Elige tus elementos, comp\u00f3n tu foil ideal y disfruta de un precio ventajoso en todo el pack. \ud83d\udcd8 Encuentra toda la informaci\u00f3n detallada en nuestras fichas de producto: M\u00e2ts Alu Multimarques KPARTS Fuselage Aluminium KPARTS Fuselaje de titanio KPARTS Nuestras alas de la gama SKAL Nuestras alas de la gama AROS Nuestros estabilizadores KPARTS \u00a1Comp\u00f3n el foil que te representa! Llave Torx M8 o M6 NO INCLUIDA\" \/>\n<meta property=\"og:url\" content=\"https:\/\/kparts-watersports.com\/es\/produit\/configurador-foil-completo-mastil-de-aluminio\/\" \/>\n<meta property=\"og:site_name\" content=\"KPARTS WATERSPORTS\" \/>\n<meta property=\"article:publisher\" content=\"https:\/\/www.facebook.com\/people\/AP-3D-Custom\/100076804732870\/\" \/>\n<meta property=\"og:image\" content=\"https:\/\/kparts-watersports.com\/wp-content\/uploads\/2025\/11\/Foil-complet-KPARTS-Mat-ALU.webp\" \/>\n\t<meta property=\"og:image:width\" content=\"2560\" \/>\n\t<meta property=\"og:image:height\" content=\"2560\" \/>\n\t<meta property=\"og:image:type\" content=\"image\/webp\" \/>\n<meta name=\"twitter:card\" content=\"summary_large_image\" \/>\n<meta name=\"twitter:label1\" content=\"Tiempo de lectura\" \/>\n\t<meta name=\"twitter:data1\" content=\"1 minute\" \/>\n<script type=\"application\/ld+json\" class=\"yoast-schema-graph\">{\"@context\":\"https:\\\/\\\/schema.org\",\"@graph\":[{\"@type\":\"WebPage\",\"@id\":\"https:\\\/\\\/kparts-watersports.com\\\/es\\\/produit\\\/configurador-foil-completo-mastil-de-aluminio\\\/\",\"url\":\"https:\\\/\\\/kparts-watersports.com\\\/es\\\/produit\\\/configurador-foil-completo-mastil-de-aluminio\\\/\",\"name\":\"Configurador \u2013 Foil completo \u2013 M\u00e1stil de aluminio - KPARTS WATERSPORTS\",\"isPartOf\":{\"@id\":\"https:\\\/\\\/blanchedalmond-oryx-541128.hostingersite.com\\\/#website\"},\"primaryImageOfPage\":{\"@id\":\"https:\\\/\\\/kparts-watersports.com\\\/es\\\/produit\\\/configurador-foil-completo-mastil-de-aluminio\\\/#primaryimage\"},\"image\":{\"@id\":\"https:\\\/\\\/kparts-watersports.com\\\/es\\\/produit\\\/configurador-foil-completo-mastil-de-aluminio\\\/#primaryimage\"},\"thumbnailUrl\":\"https:\\\/\\\/kparts-watersports.com\\\/wp-content\\\/uploads\\\/2025\\\/11\\\/Foil-complet-KPARTS-Mat-ALU.webp\",\"datePublished\":\"2025-11-14T12:37:12+00:00\",\"breadcrumb\":{\"@id\":\"https:\\\/\\\/kparts-watersports.com\\\/es\\\/produit\\\/configurador-foil-completo-mastil-de-aluminio\\\/#breadcrumb\"},\"inLanguage\":\"es-ES\",\"potentialAction\":[{\"@type\":\"ReadAction\",\"target\":[\"https:\\\/\\\/kparts-watersports.com\\\/es\\\/produit\\\/configurador-foil-completo-mastil-de-aluminio\\\/\"]}]},{\"@type\":\"ImageObject\",\"inLanguage\":\"es-ES\",\"@id\":\"https:\\\/\\\/kparts-watersports.com\\\/es\\\/produit\\\/configurador-foil-completo-mastil-de-aluminio\\\/#primaryimage\",\"url\":\"https:\\\/\\\/kparts-watersports.com\\\/wp-content\\\/uploads\\\/2025\\\/11\\\/Foil-complet-KPARTS-Mat-ALU.webp\",\"contentUrl\":\"https:\\\/\\\/kparts-watersports.com\\\/wp-content\\\/uploads\\\/2025\\\/11\\\/Foil-complet-KPARTS-Mat-ALU.webp\",\"width\":2560,\"height\":2560},{\"@type\":\"BreadcrumbList\",\"@id\":\"https:\\\/\\\/kparts-watersports.com\\\/es\\\/produit\\\/configurador-foil-completo-mastil-de-aluminio\\\/#breadcrumb\",\"itemListElement\":[{\"@type\":\"ListItem\",\"position\":1,\"name\":\"Accueil\",\"item\":\"https:\\\/\\\/kparts-watersports.com\\\/es\\\/inicio\\\/\"},{\"@type\":\"ListItem\",\"position\":2,\"name\":\"Tienda\",\"item\":\"https:\\\/\\\/kparts-watersports.com\\\/es\\\/tienda\\\/\"},{\"@type\":\"ListItem\",\"position\":3,\"name\":\"Configurador \u2013 Foil completo \u2013 M\u00e1stil de aluminio\"}]},{\"@type\":\"WebSite\",\"@id\":\"https:\\\/\\\/blanchedalmond-oryx-541128.hostingersite.com\\\/#website\",\"url\":\"https:\\\/\\\/blanchedalmond-oryx-541128.hostingersite.com\\\/\",\"name\":\"KPARTS WATERSPORTS\",\"description\":\"Accessoires custom pour sports nautiques\",\"publisher\":{\"@id\":\"https:\\\/\\\/blanchedalmond-oryx-541128.hostingersite.com\\\/#organization\"},\"potentialAction\":[{\"@type\":\"SearchAction\",\"target\":{\"@type\":\"EntryPoint\",\"urlTemplate\":\"https:\\\/\\\/blanchedalmond-oryx-541128.hostingersite.com\\\/?s={search_term_string}\"},\"query-input\":{\"@type\":\"PropertyValueSpecification\",\"valueRequired\":true,\"valueName\":\"search_term_string\"}}],\"inLanguage\":\"es-ES\"},{\"@type\":\"Organization\",\"@id\":\"https:\\\/\\\/blanchedalmond-oryx-541128.hostingersite.com\\\/#organization\",\"name\":\"KPARTS WATERSPORTS\",\"url\":\"https:\\\/\\\/blanchedalmond-oryx-541128.hostingersite.com\\\/\",\"logo\":{\"@type\":\"ImageObject\",\"inLanguage\":\"es-ES\",\"@id\":\"https:\\\/\\\/blanchedalmond-oryx-541128.hostingersite.com\\\/#\\\/schema\\\/logo\\\/image\\\/\",\"url\":\"https:\\\/\\\/kparts-watersports.ovh\\\/wp-content\\\/uploads\\\/2024\\\/09\\\/Kparts-Logo-Favicon.jpg\",\"contentUrl\":\"https:\\\/\\\/kparts-watersports.ovh\\\/wp-content\\\/uploads\\\/2024\\\/09\\\/Kparts-Logo-Favicon.jpg\",\"width\":600,\"height\":600,\"caption\":\"KPARTS WATERSPORTS\"},\"image\":{\"@id\":\"https:\\\/\\\/blanchedalmond-oryx-541128.hostingersite.com\\\/#\\\/schema\\\/logo\\\/image\\\/\"},\"sameAs\":[\"https:\\\/\\\/www.facebook.com\\\/people\\\/AP-3D-Custom\\\/100076804732870\\\/\",\"https:\\\/\\\/www.instagram.com\\\/ap3dcustom\\\/\"]}]}<\/script>\n<!-- \/ Yoast SEO plugin. -->","yoast_head_json":{"title":"Configurador \u2013 Foil completo \u2013 M\u00e1stil de aluminio - KPARTS WATERSPORTS","robots":{"index":"index","follow":"follow","max-snippet":"max-snippet:-1","max-image-preview":"max-image-preview:large","max-video-preview":"max-video-preview:-1"},"canonical":"https:\/\/kparts-watersports.com\/es\/produit\/configurador-foil-completo-mastil-de-aluminio\/","og_locale":"es_ES","og_type":"article","og_title":"Configurador \u2013 Foil completo \u2013 M\u00e1stil de aluminio - KPARTS WATERSPORTS","og_description":"\ud83d\udee0\ufe0f Configurador de pack completo KPARTS &nbsp; \ud83d\ude9a La gama SKAL est\u00e1 EN STOCK \u2013 plazo de preparaci\u00f3n y env\u00edo: 5 d\u00edas \ud83d\ude9a La gama AROS est\u00e1 EN STOCK \u2013 plazo de preparaci\u00f3n y env\u00edo: 5 d\u00edas Este configurador te permite crear tu pack completo a medida seg\u00fan tus preferencias y tu pr\u00e1ctica. Elige tus elementos, comp\u00f3n tu foil ideal y disfruta de un precio ventajoso en todo el pack. \ud83d\udcd8 Encuentra toda la informaci\u00f3n detallada en nuestras fichas de producto: M\u00e2ts Alu Multimarques KPARTS Fuselage Aluminium KPARTS Fuselaje de titanio KPARTS Nuestras alas de la gama SKAL Nuestras alas de la gama AROS Nuestros estabilizadores KPARTS \u00a1Comp\u00f3n el foil que te representa! Llave Torx M8 o M6 NO INCLUIDA","og_url":"https:\/\/kparts-watersports.com\/es\/produit\/configurador-foil-completo-mastil-de-aluminio\/","og_site_name":"KPARTS WATERSPORTS","article_publisher":"https:\/\/www.facebook.com\/people\/AP-3D-Custom\/100076804732870\/","og_image":[{"width":2560,"height":2560,"url":"https:\/\/kparts-watersports.com\/wp-content\/uploads\/2025\/11\/Foil-complet-KPARTS-Mat-ALU.webp","type":"image\/webp"}],"twitter_card":"summary_large_image","twitter_misc":{"Tiempo de lectura":"1 minute"},"schema":{"@context":"https:\/\/schema.org","@graph":[{"@type":"WebPage","@id":"https:\/\/kparts-watersports.com\/es\/produit\/configurador-foil-completo-mastil-de-aluminio\/","url":"https:\/\/kparts-watersports.com\/es\/produit\/configurador-foil-completo-mastil-de-aluminio\/","name":"Configurador \u2013 Foil completo \u2013 M\u00e1stil de aluminio - KPARTS WATERSPORTS","isPartOf":{"@id":"https:\/\/blanchedalmond-oryx-541128.hostingersite.com\/#website"},"primaryImageOfPage":{"@id":"https:\/\/kparts-watersports.com\/es\/produit\/configurador-foil-completo-mastil-de-aluminio\/#primaryimage"},"image":{"@id":"https:\/\/kparts-watersports.com\/es\/produit\/configurador-foil-completo-mastil-de-aluminio\/#primaryimage"},"thumbnailUrl":"https:\/\/kparts-watersports.com\/wp-content\/uploads\/2025\/11\/Foil-complet-KPARTS-Mat-ALU.webp","datePublished":"2025-11-14T12:37:12+00:00","breadcrumb":{"@id":"https:\/\/kparts-watersports.com\/es\/produit\/configurador-foil-completo-mastil-de-aluminio\/#breadcrumb"},"inLanguage":"es-ES","potentialAction":[{"@type":"ReadAction","target":["https:\/\/kparts-watersports.com\/es\/produit\/configurador-foil-completo-mastil-de-aluminio\/"]}]},{"@type":"ImageObject","inLanguage":"es-ES","@id":"https:\/\/kparts-watersports.com\/es\/produit\/configurador-foil-completo-mastil-de-aluminio\/#primaryimage","url":"https:\/\/kparts-watersports.com\/wp-content\/uploads\/2025\/11\/Foil-complet-KPARTS-Mat-ALU.webp","contentUrl":"https:\/\/kparts-watersports.com\/wp-content\/uploads\/2025\/11\/Foil-complet-KPARTS-Mat-ALU.webp","width":2560,"height":2560},{"@type":"BreadcrumbList","@id":"https:\/\/kparts-watersports.com\/es\/produit\/configurador-foil-completo-mastil-de-aluminio\/#breadcrumb","itemListElement":[{"@type":"ListItem","position":1,"name":"Accueil","item":"https:\/\/kparts-watersports.com\/es\/inicio\/"},{"@type":"ListItem","position":2,"name":"Tienda","item":"https:\/\/kparts-watersports.com\/es\/tienda\/"},{"@type":"ListItem","position":3,"name":"Configurador \u2013 Foil completo \u2013 M\u00e1stil de aluminio"}]},{"@type":"WebSite","@id":"https:\/\/blanchedalmond-oryx-541128.hostingersite.com\/#website","url":"https:\/\/blanchedalmond-oryx-541128.hostingersite.com\/","name":"KPARTS WATERSPORTS","description":"Accessoires custom pour sports nautiques","publisher":{"@id":"https:\/\/blanchedalmond-oryx-541128.hostingersite.com\/#organization"},"potentialAction":[{"@type":"SearchAction","target":{"@type":"EntryPoint","urlTemplate":"https:\/\/blanchedalmond-oryx-541128.hostingersite.com\/?s={search_term_string}"},"query-input":{"@type":"PropertyValueSpecification","valueRequired":true,"valueName":"search_term_string"}}],"inLanguage":"es-ES"},{"@type":"Organization","@id":"https:\/\/blanchedalmond-oryx-541128.hostingersite.com\/#organization","name":"KPARTS WATERSPORTS","url":"https:\/\/blanchedalmond-oryx-541128.hostingersite.com\/","logo":{"@type":"ImageObject","inLanguage":"es-ES","@id":"https:\/\/blanchedalmond-oryx-541128.hostingersite.com\/#\/schema\/logo\/image\/","url":"https:\/\/kparts-watersports.ovh\/wp-content\/uploads\/2024\/09\/Kparts-Logo-Favicon.jpg","contentUrl":"https:\/\/kparts-watersports.ovh\/wp-content\/uploads\/2024\/09\/Kparts-Logo-Favicon.jpg","width":600,"height":600,"caption":"KPARTS WATERSPORTS"},"image":{"@id":"https:\/\/blanchedalmond-oryx-541128.hostingersite.com\/#\/schema\/logo\/image\/"},"sameAs":["https:\/\/www.facebook.com\/people\/AP-3D-Custom\/100076804732870\/","https:\/\/www.instagram.com\/ap3dcustom\/"]}]}},"jetpack_sharing_enabled":true,"_links":{"self":[{"href":"https:\/\/kparts-watersports.com\/es\/wp-json\/wp\/v2\/product\/15127","targetHints":{"allow":["GET"]}}],"collection":[{"href":"https:\/\/kparts-watersports.com\/es\/wp-json\/wp\/v2\/product"}],"about":[{"href":"https:\/\/kparts-watersports.com\/es\/wp-json\/wp\/v2\/types\/product"}],"replies":[{"embeddable":true,"href":"https:\/\/kparts-watersports.com\/es\/wp-json\/wp\/v2\/comments?post=15127"}],"wp:featuredmedia":[{"embeddable":true,"href":"https:\/\/kparts-watersports.com\/es\/wp-json\/wp\/v2\/media\/15129"}],"wp:attachment":[{"href":"https:\/\/kparts-watersports.com\/es\/wp-json\/wp\/v2\/media?parent=15127"}],"wp:term":[{"taxonomy":"product_brand","embeddable":true,"href":"https:\/\/kparts-watersports.com\/es\/wp-json\/wp\/v2\/product_brand?post=15127"},{"taxonomy":"product_cat","embeddable":true,"href":"https:\/\/kparts-watersports.com\/es\/wp-json\/wp\/v2\/product_cat?post=15127"},{"taxonomy":"product_tag","embeddable":true,"href":"https:\/\/kparts-watersports.com\/es\/wp-json\/wp\/v2\/product_tag?post=15127"}],"curies":[{"name":"wp","href":"https:\/\/api.w.org\/{rel}","templated":true}]}}