{"id":15146,"date":"2025-11-30T15:36:23","date_gmt":"2025-11-30T14:36:23","guid":{"rendered":"https:\/\/kparts-watersports.com\/produit\/cala-de-rake-kparts-universal\/"},"modified":"2026-04-22T21:12:29","modified_gmt":"2026-04-22T19:12:29","slug":"cala-de-rake-kparts-universal","status":"publish","type":"product","link":"https:\/\/kparts-watersports.com\/es\/produit\/cala-de-rake-kparts-universal\/","title":{"rendered":"Cala de rake KPARTS &#8211; UNIVERSAL"},"content":{"rendered":"<p data-start=\"135\" data-end=\"191\"><strong data-start=\"138\" data-end=\"191\">\ud83d\udd27 Cala de rake universal \u2013 Practicidad y eficacia<\/strong><\/p>\n<p data-start=\"193\" data-end=\"390\">Como complemento de nuestra gama completa de <strong data-start=\"234\" data-end=\"262\">calas de rake a medida<\/strong>, proponemos esta <strong data-start=\"285\" data-end=\"313\">cala de rake universal<\/strong>, ideal para riders que buscan sobre todo <strong data-start=\"361\" data-end=\"388\">simplicidad y practicidad<\/strong> \u2705<\/p>\n<p data-start=\"392\" data-end=\"561\"><strong data-start=\"395\" data-end=\"422\">Abierta en un extremo<\/strong>, se desliza f\u00e1cilmente bajo la platina<strong data-start=\"466\" data-end=\"490\"> sin desmontar el m\u00e1stil<\/strong> ni retirar los tornillos de las <strong data-start=\"514\" data-end=\"524\">T-nuts<\/strong>. Un aut\u00e9ntico ahorro de tiempo en el montaje \u23f1\ufe0f <\/p>\n<hr data-start=\"563\" data-end=\"566\">\n<p data-start=\"568\" data-end=\"601\"><strong data-start=\"571\" data-end=\"601\">\ud83d\udccf Dos tama\u00f1os disponibles:<\/strong><\/p>\n<p data-start=\"603\" data-end=\"743\"><strong data-start=\"606\" data-end=\"641\">\ud83d\udd39 Tama\u00f1o M \u2013 Longitud \u00fatil 21 cm<\/strong><br data-start=\"641\" data-end=\"644\">\u27a1\ufe0f Placas de tama\u00f1o medio:<strong data-start=\"676\" data-end=\"737\"> KPARTS, AFS, F-ONE aluminio, Alpine Foil, AXIS aluminio, Lok\u00e9foil, A\u00e9romod<\/strong>, etc.<\/p>\n<p data-start=\"745\" data-end=\"892\">\ud83d\udd39 <strong data-start=\"748\" data-end=\"783\">Tama\u00f1o L \u2013 Longitud \u00fatil 24 cm<\/strong><br data-start=\"783\" data-end=\"786\">\u27a1\ufe0f Placas de gran tama\u00f1o: <strong data-start=\"817\" data-end=\"886\">AXIS carbono, F-ONE carbono, Code Foils, SABFOIL, Armstrong, GONG<\/strong>, etc.<\/p>\n<p data-start=\"894\" data-end=\"987\">\u26a0\ufe0f <strong data-start=\"897\" data-end=\"956\">T\u00f3mate el tiempo de medir la longitud de tu platina<\/strong> para elegir el modelo adecuado.<\/p>\n<hr data-start=\"989\" data-end=\"992\">\n<p data-start=\"994\" data-end=\"1185\">\ud83d\udd04 <strong data-start=\"997\" data-end=\"1018\">Ajuste del rake:<\/strong><br data-start=\"1018\" data-end=\"1021\">\u2795 <strong data-start=\"1023\" data-end=\"1044\">Aumentar el rake:<\/strong> inserta la cala por la parte delantera (lado grueso hacia delante)<br data-start=\"1100\" data-end=\"1103\">\u2796 <strong data-start=\"1105\" data-end=\"1125\">Reducir el rake: <\/strong>inserta la cala por la parte trasera (lado grueso hacia atr\u00e1s)<\/p>\n<hr data-start=\"1187\" data-end=\"1190\">\n<p data-start=\"1192\" data-end=\"1223\"><strong data-start=\"1195\" data-end=\"1223\">\u2139\ufe0f A tener en cuenta antes del montaje:<\/strong><\/p>\n<p data-start=\"1225\" data-end=\"1433\">\u2022 \ud83d\udcd0 Grosor de la cala: 5<strong> mm para la cala de 1,0<\/strong>\u00b0 y <strong data-start=\"1253\" data-end=\"1290\">7 mm para la cala de 1,5\u00b0<\/strong><br data-start=\"1290\" data-end=\"1293\">\u27a1\ufe0f Comprueba la longitud de tus tornillos originales (\u00bfson lo suficientemente largos?)<br data-start=\"1366\" data-end=\"1369\">\u27a1\ufe0f Tornillos disponibles en <strong data-start=\"1391\" data-end=\"1410\">30 \/ 35 \/ 40 mm<\/strong> en <a href=\"https:\/\/kparts-watersports.com\/es\/categoria-producto\/tornilleria-y-ferreteria\/acero-inoxidable-a4\/\">nuestra tienda<\/a> \ud83d\uded2<\/p>\n<p data-start=\"1435\" data-end=\"1588\">\u2022 \u2693<strong data-start=\"1439\" data-end=\"1454\"> Orientaci\u00f3n<\/strong>: coloca obligatoriamente la <strong data-start=\"1487\" data-end=\"1513\">cara lisa hacia la carena<\/strong><br data-start=\"1513\" data-end=\"1516\">\u27a1\ufe0f Las marcas de impresi\u00f3n en la otra cara podr\u00edan marcar la carena<\/p>\n<p data-start=\"1590\" data-end=\"1719\">\u2022 \ud83c\udf21\ufe0f <strong data-start=\"1596\" data-end=\"1641\">Temperatura m\u00e1xima de uso: 60\u00b0C<\/strong><br data-start=\"1641\" data-end=\"1644\">\u26a0\ufe0f Evita el almacenamiento prolongado en un veh\u00edculo expuesto al sol \u2600\ufe0f\ud83d\ude97<\/p>\n","protected":false},"excerpt":{"rendered":"<p>\ud83d\udd27 Cala de rake universal \u2013 Practicidad y eficacia Como complemento de nuestra gama completa de calas de rake a medida, proponemos esta cala de rake universal, ideal para riders que buscan sobre todo simplicidad y practicidad \u2705 Abierta en un extremo, se desliza f\u00e1cilmente bajo la platina sin desmontar el m\u00e1stil ni retirar los tornillos de las T-nuts. Un aut\u00e9ntico ahorro de tiempo en el montaje \u23f1\ufe0f \ud83d\udccf Dos tama\u00f1os disponibles: \ud83d\udd39 Tama\u00f1o M \u2013 Longitud \u00fatil 21 cm\u27a1\ufe0f Placas de tama\u00f1o medio: KPARTS, AFS, F-ONE aluminio, Alpine Foil, AXIS aluminio, Lok\u00e9foil, A\u00e9romod, etc. \ud83d\udd39 Tama\u00f1o L \u2013 Longitud \u00fatil 24 cm\u27a1\ufe0f Placas de gran tama\u00f1o: AXIS carbono, F-ONE carbono, Code Foils, SABFOIL, Armstrong, GONG, etc. \u26a0\ufe0f T\u00f3mate el tiempo de medir la longitud de tu platina para elegir el modelo adecuado. \ud83d\udd04 Ajuste del rake:\u2795 Aumentar el rake: inserta la cala por la parte delantera (lado grueso hacia delante)\u2796 Reducir el rake: inserta la cala por la parte trasera (lado grueso hacia atr\u00e1s) \u2139\ufe0f A tener en cuenta antes del montaje: \u2022 \ud83d\udcd0 Grosor de la cala: 5 mm para la cala de 1,0\u00b0 y 7 mm para la cala de 1,5\u00b0\u27a1\ufe0f Comprueba la longitud de tus tornillos originales (\u00bfson lo suficientemente largos?)\u27a1\ufe0f Tornillos disponibles en 30 \/ 35 \/ 40 mm en nuestra tienda \ud83d\uded2 \u2022 \u2693 Orientaci\u00f3n: coloca obligatoriamente la cara lisa hacia la carena\u27a1\ufe0f Las marcas de impresi\u00f3n en la otra cara podr\u00edan marcar la carena \u2022 \ud83c\udf21\ufe0f Temperatura m\u00e1xima de uso: 60\u00b0C\u26a0\ufe0f Evita el almacenamiento prolongado en un veh\u00edculo expuesto al sol \u2600\ufe0f\ud83d\ude97<\/p>\n","protected":false},"featured_media":15150,"comment_status":"open","ping_status":"closed","template":"","meta":{"site-sidebar-layout":"default","site-content-layout":"","ast-site-content-layout":"default","site-content-style":"default","site-sidebar-style":"default","ast-global-header-display":"","ast-banner-title-visibility":"","ast-main-header-display":"","ast-hfb-above-header-display":"","ast-hfb-below-header-display":"","ast-hfb-mobile-header-display":"","site-post-title":"","ast-breadcrumbs-content":"","ast-featured-img":"","footer-sml-layout":"","ast-disable-related-posts":"","theme-transparent-header-meta":"default","adv-header-id-meta":"","stick-header-meta":"","header-above-stick-meta":"","header-main-stick-meta":"","header-below-stick-meta":"","astra-migrate-meta-layouts":"default","ast-page-background-enabled":"default","ast-page-background-meta":{"desktop":{"background-color":"var(--ast-global-color-4)","background-image":"","background-repeat":"repeat","background-position":"center center","background-size":"auto","background-attachment":"scroll","background-type":"","background-media":"","overlay-type":"","overlay-color":"","overlay-opacity":"","overlay-gradient":""},"tablet":{"background-color":"","background-image":"","background-repeat":"repeat","background-position":"center center","background-size":"auto","background-attachment":"scroll","background-type":"","background-media":"","overlay-type":"","overlay-color":"","overlay-opacity":"","overlay-gradient":""},"mobile":{"background-color":"","background-image":"","background-repeat":"repeat","background-position":"center center","background-size":"auto","background-attachment":"scroll","background-type":"","background-media":"","overlay-type":"","overlay-color":"","overlay-opacity":"","overlay-gradient":""}},"ast-content-background-meta":{"desktop":{"background-color":"var(--ast-global-color-5)","background-image":"","background-repeat":"repeat","background-position":"center center","background-size":"auto","background-attachment":"scroll","background-type":"","background-media":"","overlay-type":"","overlay-color":"","overlay-opacity":"","overlay-gradient":""},"tablet":{"background-color":"var(--ast-global-color-5)","background-image":"","background-repeat":"repeat","background-position":"center center","background-size":"auto","background-attachment":"scroll","background-type":"","background-media":"","overlay-type":"","overlay-color":"","overlay-opacity":"","overlay-gradient":""},"mobile":{"background-color":"var(--ast-global-color-5)","background-image":"","background-repeat":"repeat","background-position":"center center","background-size":"auto","background-attachment":"scroll","background-type":"","background-media":"","overlay-type":"","overlay-color":"","overlay-opacity":"","overlay-gradient":""}}},"product_brand":[],"product_cat":[222,227,224],"product_tag":[],"class_list":{"0":"post-15146","1":"product","2":"type-product","3":"status-publish","4":"has-post-thumbnail","6":"product_cat-accesorios-foil","7":"product_cat-cuna-de-rake-universal","8":"product_cat-cunas-de-rake","9":"desktop-align-center","10":"tablet-align-left","11":"mobile-align-left","12":"tm-has-options","14":"first","15":"instock","16":"taxable","17":"shipping-taxable","18":"purchasable","19":"product-type-variable"},"yoast_head":"<!-- This site is optimized with the Yoast SEO plugin v27.3 - https:\/\/yoast.com\/product\/yoast-seo-wordpress\/ -->\n<title>Cala de rake KPARTS - UNIVERSAL - KPARTS WATERSPORTS<\/title>\n<meta name=\"robots\" content=\"index, follow, max-snippet:-1, max-image-preview:large, max-video-preview:-1\" \/>\n<link rel=\"canonical\" href=\"https:\/\/kparts-watersports.com\/es\/produit\/cala-de-rake-kparts-universal\/\" \/>\n<meta property=\"og:locale\" content=\"es_ES\" \/>\n<meta property=\"og:type\" content=\"article\" \/>\n<meta property=\"og:title\" content=\"Cala de rake KPARTS - UNIVERSAL - KPARTS WATERSPORTS\" \/>\n<meta property=\"og:description\" content=\"\ud83d\udd27 Cala de rake universal \u2013 Practicidad y eficacia Como complemento de nuestra gama completa de calas de rake a medida, proponemos esta cala de rake universal, ideal para riders que buscan sobre todo simplicidad y practicidad \u2705 Abierta en un extremo, se desliza f\u00e1cilmente bajo la platina sin desmontar el m\u00e1stil ni retirar los tornillos de las T-nuts. Un aut\u00e9ntico ahorro de tiempo en el montaje \u23f1\ufe0f \ud83d\udccf Dos tama\u00f1os disponibles: \ud83d\udd39 Tama\u00f1o M \u2013 Longitud \u00fatil 21 cm\u27a1\ufe0f Placas de tama\u00f1o medio: KPARTS, AFS, F-ONE aluminio, Alpine Foil, AXIS aluminio, Lok\u00e9foil, A\u00e9romod, etc. \ud83d\udd39 Tama\u00f1o L \u2013 Longitud \u00fatil 24 cm\u27a1\ufe0f Placas de gran tama\u00f1o: AXIS carbono, F-ONE carbono, Code Foils, SABFOIL, Armstrong, GONG, etc. \u26a0\ufe0f T\u00f3mate el tiempo de medir la longitud de tu platina para elegir el modelo adecuado. \ud83d\udd04 Ajuste del rake:\u2795 Aumentar el rake: inserta la cala por la parte delantera (lado grueso hacia delante)\u2796 Reducir el rake: inserta la cala por la parte trasera (lado grueso hacia atr\u00e1s) \u2139\ufe0f A tener en cuenta antes del montaje: \u2022 \ud83d\udcd0 Grosor de la cala: 5 mm para la cala de 1,0\u00b0 y 7 mm para la cala de 1,5\u00b0\u27a1\ufe0f Comprueba la longitud de tus tornillos originales (\u00bfson lo suficientemente largos?)\u27a1\ufe0f Tornillos disponibles en 30 \/ 35 \/ 40 mm en nuestra tienda \ud83d\uded2 \u2022 \u2693 Orientaci\u00f3n: coloca obligatoriamente la cara lisa hacia la carena\u27a1\ufe0f Las marcas de impresi\u00f3n en la otra cara podr\u00edan marcar la carena \u2022 \ud83c\udf21\ufe0f Temperatura m\u00e1xima de uso: 60\u00b0C\u26a0\ufe0f Evita el almacenamiento prolongado en un veh\u00edculo expuesto al sol \u2600\ufe0f\ud83d\ude97\" \/>\n<meta property=\"og:url\" content=\"https:\/\/kparts-watersports.com\/es\/produit\/cala-de-rake-kparts-universal\/\" \/>\n<meta property=\"og:site_name\" content=\"KPARTS WATERSPORTS\" \/>\n<meta property=\"article:publisher\" content=\"https:\/\/www.facebook.com\/people\/AP-3D-Custom\/100076804732870\/\" \/>\n<meta property=\"article:modified_time\" content=\"2026-04-22T19:12:29+00:00\" \/>\n<meta property=\"og:image\" content=\"https:\/\/kparts-watersports.com\/wp-content\/uploads\/2025\/11\/Cale-de-rake-universelle-KPARTS-Compressed.webp\" \/>\n\t<meta property=\"og:image:width\" content=\"600\" \/>\n\t<meta property=\"og:image:height\" content=\"600\" \/>\n\t<meta property=\"og:image:type\" content=\"image\/webp\" \/>\n<meta name=\"twitter:card\" content=\"summary_large_image\" \/>\n<meta name=\"twitter:label1\" content=\"Tiempo de lectura\" \/>\n\t<meta name=\"twitter:data1\" content=\"1 minute\" \/>\n<script type=\"application\/ld+json\" class=\"yoast-schema-graph\">{\"@context\":\"https:\\\/\\\/schema.org\",\"@graph\":[{\"@type\":\"WebPage\",\"@id\":\"https:\\\/\\\/kparts-watersports.com\\\/es\\\/produit\\\/cala-de-rake-kparts-universal\\\/\",\"url\":\"https:\\\/\\\/kparts-watersports.com\\\/es\\\/produit\\\/cala-de-rake-kparts-universal\\\/\",\"name\":\"Cala de rake KPARTS - UNIVERSAL - KPARTS WATERSPORTS\",\"isPartOf\":{\"@id\":\"https:\\\/\\\/blanchedalmond-oryx-541128.hostingersite.com\\\/#website\"},\"primaryImageOfPage\":{\"@id\":\"https:\\\/\\\/kparts-watersports.com\\\/es\\\/produit\\\/cala-de-rake-kparts-universal\\\/#primaryimage\"},\"image\":{\"@id\":\"https:\\\/\\\/kparts-watersports.com\\\/es\\\/produit\\\/cala-de-rake-kparts-universal\\\/#primaryimage\"},\"thumbnailUrl\":\"https:\\\/\\\/kparts-watersports.com\\\/wp-content\\\/uploads\\\/2025\\\/11\\\/Cale-de-rake-universelle-KPARTS-Compressed.webp\",\"datePublished\":\"2025-11-30T14:36:23+00:00\",\"dateModified\":\"2026-04-22T19:12:29+00:00\",\"breadcrumb\":{\"@id\":\"https:\\\/\\\/kparts-watersports.com\\\/es\\\/produit\\\/cala-de-rake-kparts-universal\\\/#breadcrumb\"},\"inLanguage\":\"es-ES\",\"potentialAction\":[{\"@type\":\"ReadAction\",\"target\":[\"https:\\\/\\\/kparts-watersports.com\\\/es\\\/produit\\\/cala-de-rake-kparts-universal\\\/\"]}]},{\"@type\":\"ImageObject\",\"inLanguage\":\"es-ES\",\"@id\":\"https:\\\/\\\/kparts-watersports.com\\\/es\\\/produit\\\/cala-de-rake-kparts-universal\\\/#primaryimage\",\"url\":\"https:\\\/\\\/kparts-watersports.com\\\/wp-content\\\/uploads\\\/2025\\\/11\\\/Cale-de-rake-universelle-KPARTS-Compressed.webp\",\"contentUrl\":\"https:\\\/\\\/kparts-watersports.com\\\/wp-content\\\/uploads\\\/2025\\\/11\\\/Cale-de-rake-universelle-KPARTS-Compressed.webp\",\"width\":600,\"height\":600},{\"@type\":\"BreadcrumbList\",\"@id\":\"https:\\\/\\\/kparts-watersports.com\\\/es\\\/produit\\\/cala-de-rake-kparts-universal\\\/#breadcrumb\",\"itemListElement\":[{\"@type\":\"ListItem\",\"position\":1,\"name\":\"Accueil\",\"item\":\"https:\\\/\\\/kparts-watersports.com\\\/es\\\/inicio\\\/\"},{\"@type\":\"ListItem\",\"position\":2,\"name\":\"Tienda\",\"item\":\"https:\\\/\\\/kparts-watersports.com\\\/es\\\/tienda\\\/\"},{\"@type\":\"ListItem\",\"position\":3,\"name\":\"Cala de rake KPARTS &#8211; UNIVERSAL\"}]},{\"@type\":\"WebSite\",\"@id\":\"https:\\\/\\\/blanchedalmond-oryx-541128.hostingersite.com\\\/#website\",\"url\":\"https:\\\/\\\/blanchedalmond-oryx-541128.hostingersite.com\\\/\",\"name\":\"KPARTS WATERSPORTS\",\"description\":\"Accessoires custom pour sports nautiques\",\"publisher\":{\"@id\":\"https:\\\/\\\/blanchedalmond-oryx-541128.hostingersite.com\\\/#organization\"},\"potentialAction\":[{\"@type\":\"SearchAction\",\"target\":{\"@type\":\"EntryPoint\",\"urlTemplate\":\"https:\\\/\\\/blanchedalmond-oryx-541128.hostingersite.com\\\/?s={search_term_string}\"},\"query-input\":{\"@type\":\"PropertyValueSpecification\",\"valueRequired\":true,\"valueName\":\"search_term_string\"}}],\"inLanguage\":\"es-ES\"},{\"@type\":\"Organization\",\"@id\":\"https:\\\/\\\/blanchedalmond-oryx-541128.hostingersite.com\\\/#organization\",\"name\":\"KPARTS WATERSPORTS\",\"url\":\"https:\\\/\\\/blanchedalmond-oryx-541128.hostingersite.com\\\/\",\"logo\":{\"@type\":\"ImageObject\",\"inLanguage\":\"es-ES\",\"@id\":\"https:\\\/\\\/blanchedalmond-oryx-541128.hostingersite.com\\\/#\\\/schema\\\/logo\\\/image\\\/\",\"url\":\"https:\\\/\\\/kparts-watersports.ovh\\\/wp-content\\\/uploads\\\/2024\\\/09\\\/Kparts-Logo-Favicon.jpg\",\"contentUrl\":\"https:\\\/\\\/kparts-watersports.ovh\\\/wp-content\\\/uploads\\\/2024\\\/09\\\/Kparts-Logo-Favicon.jpg\",\"width\":600,\"height\":600,\"caption\":\"KPARTS WATERSPORTS\"},\"image\":{\"@id\":\"https:\\\/\\\/blanchedalmond-oryx-541128.hostingersite.com\\\/#\\\/schema\\\/logo\\\/image\\\/\"},\"sameAs\":[\"https:\\\/\\\/www.facebook.com\\\/people\\\/AP-3D-Custom\\\/100076804732870\\\/\",\"https:\\\/\\\/www.instagram.com\\\/ap3dcustom\\\/\"]}]}<\/script>\n<!-- \/ Yoast SEO plugin. -->","yoast_head_json":{"title":"Cala de rake KPARTS - UNIVERSAL - KPARTS WATERSPORTS","robots":{"index":"index","follow":"follow","max-snippet":"max-snippet:-1","max-image-preview":"max-image-preview:large","max-video-preview":"max-video-preview:-1"},"canonical":"https:\/\/kparts-watersports.com\/es\/produit\/cala-de-rake-kparts-universal\/","og_locale":"es_ES","og_type":"article","og_title":"Cala de rake KPARTS - UNIVERSAL - KPARTS WATERSPORTS","og_description":"\ud83d\udd27 Cala de rake universal \u2013 Practicidad y eficacia Como complemento de nuestra gama completa de calas de rake a medida, proponemos esta cala de rake universal, ideal para riders que buscan sobre todo simplicidad y practicidad \u2705 Abierta en un extremo, se desliza f\u00e1cilmente bajo la platina sin desmontar el m\u00e1stil ni retirar los tornillos de las T-nuts. Un aut\u00e9ntico ahorro de tiempo en el montaje \u23f1\ufe0f \ud83d\udccf Dos tama\u00f1os disponibles: \ud83d\udd39 Tama\u00f1o M \u2013 Longitud \u00fatil 21 cm\u27a1\ufe0f Placas de tama\u00f1o medio: KPARTS, AFS, F-ONE aluminio, Alpine Foil, AXIS aluminio, Lok\u00e9foil, A\u00e9romod, etc. \ud83d\udd39 Tama\u00f1o L \u2013 Longitud \u00fatil 24 cm\u27a1\ufe0f Placas de gran tama\u00f1o: AXIS carbono, F-ONE carbono, Code Foils, SABFOIL, Armstrong, GONG, etc. \u26a0\ufe0f T\u00f3mate el tiempo de medir la longitud de tu platina para elegir el modelo adecuado. \ud83d\udd04 Ajuste del rake:\u2795 Aumentar el rake: inserta la cala por la parte delantera (lado grueso hacia delante)\u2796 Reducir el rake: inserta la cala por la parte trasera (lado grueso hacia atr\u00e1s) \u2139\ufe0f A tener en cuenta antes del montaje: \u2022 \ud83d\udcd0 Grosor de la cala: 5 mm para la cala de 1,0\u00b0 y 7 mm para la cala de 1,5\u00b0\u27a1\ufe0f Comprueba la longitud de tus tornillos originales (\u00bfson lo suficientemente largos?)\u27a1\ufe0f Tornillos disponibles en 30 \/ 35 \/ 40 mm en nuestra tienda \ud83d\uded2 \u2022 \u2693 Orientaci\u00f3n: coloca obligatoriamente la cara lisa hacia la carena\u27a1\ufe0f Las marcas de impresi\u00f3n en la otra cara podr\u00edan marcar la carena \u2022 \ud83c\udf21\ufe0f Temperatura m\u00e1xima de uso: 60\u00b0C\u26a0\ufe0f Evita el almacenamiento prolongado en un veh\u00edculo expuesto al sol \u2600\ufe0f\ud83d\ude97","og_url":"https:\/\/kparts-watersports.com\/es\/produit\/cala-de-rake-kparts-universal\/","og_site_name":"KPARTS WATERSPORTS","article_publisher":"https:\/\/www.facebook.com\/people\/AP-3D-Custom\/100076804732870\/","article_modified_time":"2026-04-22T19:12:29+00:00","og_image":[{"width":600,"height":600,"url":"https:\/\/kparts-watersports.com\/wp-content\/uploads\/2025\/11\/Cale-de-rake-universelle-KPARTS-Compressed.webp","type":"image\/webp"}],"twitter_card":"summary_large_image","twitter_misc":{"Tiempo de lectura":"1 minute"},"schema":{"@context":"https:\/\/schema.org","@graph":[{"@type":"WebPage","@id":"https:\/\/kparts-watersports.com\/es\/produit\/cala-de-rake-kparts-universal\/","url":"https:\/\/kparts-watersports.com\/es\/produit\/cala-de-rake-kparts-universal\/","name":"Cala de rake KPARTS - UNIVERSAL - KPARTS WATERSPORTS","isPartOf":{"@id":"https:\/\/blanchedalmond-oryx-541128.hostingersite.com\/#website"},"primaryImageOfPage":{"@id":"https:\/\/kparts-watersports.com\/es\/produit\/cala-de-rake-kparts-universal\/#primaryimage"},"image":{"@id":"https:\/\/kparts-watersports.com\/es\/produit\/cala-de-rake-kparts-universal\/#primaryimage"},"thumbnailUrl":"https:\/\/kparts-watersports.com\/wp-content\/uploads\/2025\/11\/Cale-de-rake-universelle-KPARTS-Compressed.webp","datePublished":"2025-11-30T14:36:23+00:00","dateModified":"2026-04-22T19:12:29+00:00","breadcrumb":{"@id":"https:\/\/kparts-watersports.com\/es\/produit\/cala-de-rake-kparts-universal\/#breadcrumb"},"inLanguage":"es-ES","potentialAction":[{"@type":"ReadAction","target":["https:\/\/kparts-watersports.com\/es\/produit\/cala-de-rake-kparts-universal\/"]}]},{"@type":"ImageObject","inLanguage":"es-ES","@id":"https:\/\/kparts-watersports.com\/es\/produit\/cala-de-rake-kparts-universal\/#primaryimage","url":"https:\/\/kparts-watersports.com\/wp-content\/uploads\/2025\/11\/Cale-de-rake-universelle-KPARTS-Compressed.webp","contentUrl":"https:\/\/kparts-watersports.com\/wp-content\/uploads\/2025\/11\/Cale-de-rake-universelle-KPARTS-Compressed.webp","width":600,"height":600},{"@type":"BreadcrumbList","@id":"https:\/\/kparts-watersports.com\/es\/produit\/cala-de-rake-kparts-universal\/#breadcrumb","itemListElement":[{"@type":"ListItem","position":1,"name":"Accueil","item":"https:\/\/kparts-watersports.com\/es\/inicio\/"},{"@type":"ListItem","position":2,"name":"Tienda","item":"https:\/\/kparts-watersports.com\/es\/tienda\/"},{"@type":"ListItem","position":3,"name":"Cala de rake KPARTS &#8211; UNIVERSAL"}]},{"@type":"WebSite","@id":"https:\/\/blanchedalmond-oryx-541128.hostingersite.com\/#website","url":"https:\/\/blanchedalmond-oryx-541128.hostingersite.com\/","name":"KPARTS WATERSPORTS","description":"Accessoires custom pour sports nautiques","publisher":{"@id":"https:\/\/blanchedalmond-oryx-541128.hostingersite.com\/#organization"},"potentialAction":[{"@type":"SearchAction","target":{"@type":"EntryPoint","urlTemplate":"https:\/\/blanchedalmond-oryx-541128.hostingersite.com\/?s={search_term_string}"},"query-input":{"@type":"PropertyValueSpecification","valueRequired":true,"valueName":"search_term_string"}}],"inLanguage":"es-ES"},{"@type":"Organization","@id":"https:\/\/blanchedalmond-oryx-541128.hostingersite.com\/#organization","name":"KPARTS WATERSPORTS","url":"https:\/\/blanchedalmond-oryx-541128.hostingersite.com\/","logo":{"@type":"ImageObject","inLanguage":"es-ES","@id":"https:\/\/blanchedalmond-oryx-541128.hostingersite.com\/#\/schema\/logo\/image\/","url":"https:\/\/kparts-watersports.ovh\/wp-content\/uploads\/2024\/09\/Kparts-Logo-Favicon.jpg","contentUrl":"https:\/\/kparts-watersports.ovh\/wp-content\/uploads\/2024\/09\/Kparts-Logo-Favicon.jpg","width":600,"height":600,"caption":"KPARTS WATERSPORTS"},"image":{"@id":"https:\/\/blanchedalmond-oryx-541128.hostingersite.com\/#\/schema\/logo\/image\/"},"sameAs":["https:\/\/www.facebook.com\/people\/AP-3D-Custom\/100076804732870\/","https:\/\/www.instagram.com\/ap3dcustom\/"]}]}},"jetpack_sharing_enabled":true,"_links":{"self":[{"href":"https:\/\/kparts-watersports.com\/es\/wp-json\/wp\/v2\/product\/15146","targetHints":{"allow":["GET"]}}],"collection":[{"href":"https:\/\/kparts-watersports.com\/es\/wp-json\/wp\/v2\/product"}],"about":[{"href":"https:\/\/kparts-watersports.com\/es\/wp-json\/wp\/v2\/types\/product"}],"replies":[{"embeddable":true,"href":"https:\/\/kparts-watersports.com\/es\/wp-json\/wp\/v2\/comments?post=15146"}],"wp:featuredmedia":[{"embeddable":true,"href":"https:\/\/kparts-watersports.com\/es\/wp-json\/wp\/v2\/media\/15150"}],"wp:attachment":[{"href":"https:\/\/kparts-watersports.com\/es\/wp-json\/wp\/v2\/media?parent=15146"}],"wp:term":[{"taxonomy":"product_brand","embeddable":true,"href":"https:\/\/kparts-watersports.com\/es\/wp-json\/wp\/v2\/product_brand?post=15146"},{"taxonomy":"product_cat","embeddable":true,"href":"https:\/\/kparts-watersports.com\/es\/wp-json\/wp\/v2\/product_cat?post=15146"},{"taxonomy":"product_tag","embeddable":true,"href":"https:\/\/kparts-watersports.com\/es\/wp-json\/wp\/v2\/product_tag?post=15146"}],"curies":[{"name":"wp","href":"https:\/\/api.w.org\/{rel}","templated":true}]}}