{"id":15203,"date":"2025-12-10T19:51:31","date_gmt":"2025-12-10T18:51:31","guid":{"rendered":"https:\/\/kparts-watersports.com\/produit\/adaptadores-para-mastil-carbono-multimarcas-kparts\/"},"modified":"2025-12-10T19:51:31","modified_gmt":"2025-12-10T18:51:31","slug":"adaptadores-para-mastil-carbono-multimarcas-kparts","status":"publish","type":"product","link":"https:\/\/kparts-watersports.com\/es\/produit\/adaptadores-para-mastil-carbono-multimarcas-kparts\/","title":{"rendered":"Adaptadores para m\u00e1stil carbono multimarcas KPARTS"},"content":{"rendered":"<p><strong>\ud83d\udd17 Adaptadores para m\u00e1stil carbono multimarcas KPARTS<\/strong><\/p>\n<p>Estos adaptadores est\u00e1n dise\u00f1ados <strong>para utilizarse exclusivamente<\/strong> con nuestro <strong>m\u00e1stil carbono multimarcas KPARTS.<\/strong><\/p>\n<p>\u00a1Son <strong>desmontables e intercambiables<\/strong> en cualquier momento!<\/p>\n<p>\ud83d\udc49 Simplemente elige <strong>la marca<\/strong> de tu fuselaje sobre la cual deseas montar nuestro m\u00e1stil.<\/p>\n<p>\ud83e\udde9 Adaptadores disponibles<\/p>\n<p>ALLURE\u00ae \u2022 AXIS\u00ae \u2022 AFS\u00ae \u2022 CODEFOILS\u00ae \u2022 F-ONE\u00ae (3\u00d7 M6) \u2022 GONG\u00ae V3 \u2022 KPARTS \u2022 SABFOIL\u00ae \u2022 TAKOON\u00ae \u2022 TAKUMA\u00ae V2 (2\u00d7 M8)<\/p>\n<p><strong>\u26a0\ufe0f IMPORTANTE<\/strong><\/p>\n<p>\u2500\u2500\u2500\u2500\u2500\u2500\u2500\u2500\u2500\u2500\u2500\u2500\u2500\u2500\u2500\u2500\u2500\u2500\u2500\u2500\u2500\u2500\u2500\u2500<br \/>\n\ud83d\udd38 Los adaptadores <strong>AFS\u00ae, F-ONE\u00ae (3\u00d7 M6) y ALLURE\u00ae<\/strong> est\u00e1n <strong>fabricados en titanio<\/strong> (por razones estructurales y de durabilidad).<br \/>\n\ud83d\udd38 <strong>Los dem\u00e1s adaptadores est\u00e1n fabricados en aluminio<\/strong> 6061 anodizado 40 \u00b5m.<br \/>\n\u2500\u2500\u2500\u2500\u2500\u2500\u2500\u2500\u2500\u2500\u2500\u2500\u2500\u2500\u2500\u2500\u2500\u2500\u2500\u2500\u2500\u2500\u2500\u2500<\/p>\n<p>\ud83d\udee0\ufe0f El precio incluye<\/p>\n<p>\u2022 1 adaptador a elegir<br \/>\n\u2022 + <strong>la torniller\u00eda completa<\/strong> para montar el adaptador en el m\u00e1stil \/ fuselaje<\/p>\n<p>\ud83c\udf0a Mantenimiento y durabilidad<\/p>\n<p>Como todo material de aluminio en contacto con el agua salada, es <strong>imprescindible enjuagar siempre con agua dulce<\/strong> para prolongar la vida \u00fatil del adaptador. \ud83d\udebf<\/p>\n","protected":false},"excerpt":{"rendered":"<p>\ud83d\udd17 Adaptadores para m\u00e1stil carbono multimarcas KPARTS Estos adaptadores est\u00e1n dise\u00f1ados para utilizarse exclusivamente con nuestro m\u00e1stil carbono multimarcas KPARTS. \u00a1Son desmontables e intercambiables en cualquier momento! \ud83d\udc49 Simplemente elige la marca de tu fuselaje sobre la cual deseas montar nuestro m\u00e1stil. \ud83e\udde9 Adaptadores disponibles ALLURE\u00ae \u2022 AXIS\u00ae \u2022 AFS\u00ae \u2022 CODEFOILS\u00ae \u2022 F-ONE\u00ae (3\u00d7 M6) \u2022 GONG\u00ae V3 \u2022 KPARTS \u2022 SABFOIL\u00ae \u2022 TAKOON\u00ae \u2022 TAKUMA\u00ae V2 (2\u00d7 M8) \u26a0\ufe0f IMPORTANTE \u2500\u2500\u2500\u2500\u2500\u2500\u2500\u2500\u2500\u2500\u2500\u2500\u2500\u2500\u2500\u2500\u2500\u2500\u2500\u2500\u2500\u2500\u2500\u2500 \ud83d\udd38 Los adaptadores AFS\u00ae, F-ONE\u00ae (3\u00d7 M6) y ALLURE\u00ae est\u00e1n fabricados en titanio (por razones estructurales y de durabilidad). \ud83d\udd38 Los dem\u00e1s adaptadores est\u00e1n fabricados en aluminio 6061 anodizado 40 \u00b5m. \u2500\u2500\u2500\u2500\u2500\u2500\u2500\u2500\u2500\u2500\u2500\u2500\u2500\u2500\u2500\u2500\u2500\u2500\u2500\u2500\u2500\u2500\u2500\u2500 \ud83d\udee0\ufe0f El precio incluye \u2022 1 adaptador a elegir \u2022 + la torniller\u00eda completa para montar el adaptador en el m\u00e1stil \/ fuselaje \ud83c\udf0a Mantenimiento y durabilidad Como todo material de aluminio en contacto con el agua salada, es imprescindible enjuagar siempre con agua dulce para prolongar la vida \u00fatil del adaptador. \ud83d\udebf<\/p>\n","protected":false},"featured_media":15207,"comment_status":"open","ping_status":"closed","template":"","meta":{"site-sidebar-layout":"default","site-content-layout":"","ast-site-content-layout":"default","site-content-style":"default","site-sidebar-style":"default","ast-global-header-display":"","ast-banner-title-visibility":"","ast-main-header-display":"","ast-hfb-above-header-display":"","ast-hfb-below-header-display":"","ast-hfb-mobile-header-display":"","site-post-title":"","ast-breadcrumbs-content":"","ast-featured-img":"","footer-sml-layout":"","ast-disable-related-posts":"","theme-transparent-header-meta":"default","adv-header-id-meta":"","stick-header-meta":"","header-above-stick-meta":"","header-main-stick-meta":"","header-below-stick-meta":"","astra-migrate-meta-layouts":"default","ast-page-background-enabled":"default","ast-page-background-meta":{"desktop":{"background-color":"var(--ast-global-color-4)","background-image":"","background-repeat":"repeat","background-position":"center center","background-size":"auto","background-attachment":"scroll","background-type":"","background-media":"","overlay-type":"","overlay-color":"","overlay-opacity":"","overlay-gradient":""},"tablet":{"background-color":"","background-image":"","background-repeat":"repeat","background-position":"center center","background-size":"auto","background-attachment":"scroll","background-type":"","background-media":"","overlay-type":"","overlay-color":"","overlay-opacity":"","overlay-gradient":""},"mobile":{"background-color":"","background-image":"","background-repeat":"repeat","background-position":"center center","background-size":"auto","background-attachment":"scroll","background-type":"","background-media":"","overlay-type":"","overlay-color":"","overlay-opacity":"","overlay-gradient":""}},"ast-content-background-meta":{"desktop":{"background-color":"var(--ast-global-color-5)","background-image":"","background-repeat":"repeat","background-position":"center center","background-size":"auto","background-attachment":"scroll","background-type":"","background-media":"","overlay-type":"","overlay-color":"","overlay-opacity":"","overlay-gradient":""},"tablet":{"background-color":"var(--ast-global-color-5)","background-image":"","background-repeat":"repeat","background-position":"center center","background-size":"auto","background-attachment":"scroll","background-type":"","background-media":"","overlay-type":"","overlay-color":"","overlay-opacity":"","overlay-gradient":""},"mobile":{"background-color":"var(--ast-global-color-5)","background-image":"","background-repeat":"repeat","background-position":"center center","background-size":"auto","background-attachment":"scroll","background-type":"","background-media":"","overlay-type":"","overlay-color":"","overlay-opacity":"","overlay-gradient":""}}},"product_brand":[],"product_cat":[216],"product_tag":[],"class_list":{"0":"post-15203","1":"product","2":"type-product","3":"status-publish","4":"has-post-thumbnail","6":"product_cat-mastiles","7":"desktop-align-center","8":"tablet-align-left","9":"mobile-align-left","10":"tm-no-options","12":"first","13":"instock","14":"taxable","15":"shipping-taxable","16":"purchasable","17":"product-type-variable"},"yoast_head":"<!-- This site is optimized with the Yoast SEO plugin v27.3 - https:\/\/yoast.com\/product\/yoast-seo-wordpress\/ -->\n<title>Adaptadores para m\u00e1stil carbono multimarcas KPARTS - KPARTS WATERSPORTS<\/title>\n<meta name=\"robots\" content=\"index, follow, max-snippet:-1, max-image-preview:large, max-video-preview:-1\" \/>\n<link rel=\"canonical\" href=\"https:\/\/kparts-watersports.com\/es\/produit\/adaptadores-para-mastil-carbono-multimarcas-kparts\/\" \/>\n<meta property=\"og:locale\" content=\"es_ES\" \/>\n<meta property=\"og:type\" content=\"article\" \/>\n<meta property=\"og:title\" content=\"Adaptadores para m\u00e1stil carbono multimarcas KPARTS - KPARTS WATERSPORTS\" \/>\n<meta property=\"og:description\" content=\"\ud83d\udd17 Adaptadores para m\u00e1stil carbono multimarcas KPARTS Estos adaptadores est\u00e1n dise\u00f1ados para utilizarse exclusivamente con nuestro m\u00e1stil carbono multimarcas KPARTS. \u00a1Son desmontables e intercambiables en cualquier momento! \ud83d\udc49 Simplemente elige la marca de tu fuselaje sobre la cual deseas montar nuestro m\u00e1stil. \ud83e\udde9 Adaptadores disponibles ALLURE\u00ae \u2022 AXIS\u00ae \u2022 AFS\u00ae \u2022 CODEFOILS\u00ae \u2022 F-ONE\u00ae (3\u00d7 M6) \u2022 GONG\u00ae V3 \u2022 KPARTS \u2022 SABFOIL\u00ae \u2022 TAKOON\u00ae \u2022 TAKUMA\u00ae V2 (2\u00d7 M8) \u26a0\ufe0f IMPORTANTE \u2500\u2500\u2500\u2500\u2500\u2500\u2500\u2500\u2500\u2500\u2500\u2500\u2500\u2500\u2500\u2500\u2500\u2500\u2500\u2500\u2500\u2500\u2500\u2500 \ud83d\udd38 Los adaptadores AFS\u00ae, F-ONE\u00ae (3\u00d7 M6) y ALLURE\u00ae est\u00e1n fabricados en titanio (por razones estructurales y de durabilidad). \ud83d\udd38 Los dem\u00e1s adaptadores est\u00e1n fabricados en aluminio 6061 anodizado 40 \u00b5m. \u2500\u2500\u2500\u2500\u2500\u2500\u2500\u2500\u2500\u2500\u2500\u2500\u2500\u2500\u2500\u2500\u2500\u2500\u2500\u2500\u2500\u2500\u2500\u2500 \ud83d\udee0\ufe0f El precio incluye \u2022 1 adaptador a elegir \u2022 + la torniller\u00eda completa para montar el adaptador en el m\u00e1stil \/ fuselaje \ud83c\udf0a Mantenimiento y durabilidad Como todo material de aluminio en contacto con el agua salada, es imprescindible enjuagar siempre con agua dulce para prolongar la vida \u00fatil del adaptador. \ud83d\udebf\" \/>\n<meta property=\"og:url\" content=\"https:\/\/kparts-watersports.com\/es\/produit\/adaptadores-para-mastil-carbono-multimarcas-kparts\/\" \/>\n<meta property=\"og:site_name\" content=\"KPARTS WATERSPORTS\" \/>\n<meta property=\"article:publisher\" content=\"https:\/\/www.facebook.com\/people\/AP-3D-Custom\/100076804732870\/\" \/>\n<meta property=\"og:image\" content=\"https:\/\/kparts-watersports.com\/wp-content\/uploads\/2025\/12\/Adaptateurs-Mat-Carbone-KPARTS-_-Resized.webp\" \/>\n\t<meta property=\"og:image:width\" content=\"1280\" \/>\n\t<meta property=\"og:image:height\" content=\"1280\" \/>\n\t<meta property=\"og:image:type\" content=\"image\/webp\" \/>\n<meta name=\"twitter:card\" content=\"summary_large_image\" \/>\n<meta name=\"twitter:label1\" content=\"Tiempo de lectura\" \/>\n\t<meta name=\"twitter:data1\" content=\"1 minute\" \/>\n<script type=\"application\/ld+json\" class=\"yoast-schema-graph\">{\"@context\":\"https:\\\/\\\/schema.org\",\"@graph\":[{\"@type\":\"WebPage\",\"@id\":\"https:\\\/\\\/kparts-watersports.com\\\/es\\\/produit\\\/adaptadores-para-mastil-carbono-multimarcas-kparts\\\/\",\"url\":\"https:\\\/\\\/kparts-watersports.com\\\/es\\\/produit\\\/adaptadores-para-mastil-carbono-multimarcas-kparts\\\/\",\"name\":\"Adaptadores para m\u00e1stil carbono multimarcas KPARTS - KPARTS WATERSPORTS\",\"isPartOf\":{\"@id\":\"https:\\\/\\\/blanchedalmond-oryx-541128.hostingersite.com\\\/#website\"},\"primaryImageOfPage\":{\"@id\":\"https:\\\/\\\/kparts-watersports.com\\\/es\\\/produit\\\/adaptadores-para-mastil-carbono-multimarcas-kparts\\\/#primaryimage\"},\"image\":{\"@id\":\"https:\\\/\\\/kparts-watersports.com\\\/es\\\/produit\\\/adaptadores-para-mastil-carbono-multimarcas-kparts\\\/#primaryimage\"},\"thumbnailUrl\":\"https:\\\/\\\/kparts-watersports.com\\\/wp-content\\\/uploads\\\/2025\\\/12\\\/Adaptateurs-Mat-Carbone-KPARTS-_-Resized.webp\",\"datePublished\":\"2025-12-10T18:51:31+00:00\",\"breadcrumb\":{\"@id\":\"https:\\\/\\\/kparts-watersports.com\\\/es\\\/produit\\\/adaptadores-para-mastil-carbono-multimarcas-kparts\\\/#breadcrumb\"},\"inLanguage\":\"es-ES\",\"potentialAction\":[{\"@type\":\"ReadAction\",\"target\":[\"https:\\\/\\\/kparts-watersports.com\\\/es\\\/produit\\\/adaptadores-para-mastil-carbono-multimarcas-kparts\\\/\"]}]},{\"@type\":\"ImageObject\",\"inLanguage\":\"es-ES\",\"@id\":\"https:\\\/\\\/kparts-watersports.com\\\/es\\\/produit\\\/adaptadores-para-mastil-carbono-multimarcas-kparts\\\/#primaryimage\",\"url\":\"https:\\\/\\\/kparts-watersports.com\\\/wp-content\\\/uploads\\\/2025\\\/12\\\/Adaptateurs-Mat-Carbone-KPARTS-_-Resized.webp\",\"contentUrl\":\"https:\\\/\\\/kparts-watersports.com\\\/wp-content\\\/uploads\\\/2025\\\/12\\\/Adaptateurs-Mat-Carbone-KPARTS-_-Resized.webp\",\"width\":1280,\"height\":1280},{\"@type\":\"BreadcrumbList\",\"@id\":\"https:\\\/\\\/kparts-watersports.com\\\/es\\\/produit\\\/adaptadores-para-mastil-carbono-multimarcas-kparts\\\/#breadcrumb\",\"itemListElement\":[{\"@type\":\"ListItem\",\"position\":1,\"name\":\"Accueil\",\"item\":\"https:\\\/\\\/kparts-watersports.com\\\/es\\\/inicio\\\/\"},{\"@type\":\"ListItem\",\"position\":2,\"name\":\"Tienda\",\"item\":\"https:\\\/\\\/kparts-watersports.com\\\/es\\\/tienda\\\/\"},{\"@type\":\"ListItem\",\"position\":3,\"name\":\"Adaptadores para m\u00e1stil carbono multimarcas KPARTS\"}]},{\"@type\":\"WebSite\",\"@id\":\"https:\\\/\\\/blanchedalmond-oryx-541128.hostingersite.com\\\/#website\",\"url\":\"https:\\\/\\\/blanchedalmond-oryx-541128.hostingersite.com\\\/\",\"name\":\"KPARTS WATERSPORTS\",\"description\":\"Accessoires custom pour sports nautiques\",\"publisher\":{\"@id\":\"https:\\\/\\\/blanchedalmond-oryx-541128.hostingersite.com\\\/#organization\"},\"potentialAction\":[{\"@type\":\"SearchAction\",\"target\":{\"@type\":\"EntryPoint\",\"urlTemplate\":\"https:\\\/\\\/blanchedalmond-oryx-541128.hostingersite.com\\\/?s={search_term_string}\"},\"query-input\":{\"@type\":\"PropertyValueSpecification\",\"valueRequired\":true,\"valueName\":\"search_term_string\"}}],\"inLanguage\":\"es-ES\"},{\"@type\":\"Organization\",\"@id\":\"https:\\\/\\\/blanchedalmond-oryx-541128.hostingersite.com\\\/#organization\",\"name\":\"KPARTS WATERSPORTS\",\"url\":\"https:\\\/\\\/blanchedalmond-oryx-541128.hostingersite.com\\\/\",\"logo\":{\"@type\":\"ImageObject\",\"inLanguage\":\"es-ES\",\"@id\":\"https:\\\/\\\/blanchedalmond-oryx-541128.hostingersite.com\\\/#\\\/schema\\\/logo\\\/image\\\/\",\"url\":\"https:\\\/\\\/kparts-watersports.ovh\\\/wp-content\\\/uploads\\\/2024\\\/09\\\/Kparts-Logo-Favicon.jpg\",\"contentUrl\":\"https:\\\/\\\/kparts-watersports.ovh\\\/wp-content\\\/uploads\\\/2024\\\/09\\\/Kparts-Logo-Favicon.jpg\",\"width\":600,\"height\":600,\"caption\":\"KPARTS WATERSPORTS\"},\"image\":{\"@id\":\"https:\\\/\\\/blanchedalmond-oryx-541128.hostingersite.com\\\/#\\\/schema\\\/logo\\\/image\\\/\"},\"sameAs\":[\"https:\\\/\\\/www.facebook.com\\\/people\\\/AP-3D-Custom\\\/100076804732870\\\/\",\"https:\\\/\\\/www.instagram.com\\\/ap3dcustom\\\/\"]}]}<\/script>\n<!-- \/ Yoast SEO plugin. -->","yoast_head_json":{"title":"Adaptadores para m\u00e1stil carbono multimarcas KPARTS - KPARTS WATERSPORTS","robots":{"index":"index","follow":"follow","max-snippet":"max-snippet:-1","max-image-preview":"max-image-preview:large","max-video-preview":"max-video-preview:-1"},"canonical":"https:\/\/kparts-watersports.com\/es\/produit\/adaptadores-para-mastil-carbono-multimarcas-kparts\/","og_locale":"es_ES","og_type":"article","og_title":"Adaptadores para m\u00e1stil carbono multimarcas KPARTS - KPARTS WATERSPORTS","og_description":"\ud83d\udd17 Adaptadores para m\u00e1stil carbono multimarcas KPARTS Estos adaptadores est\u00e1n dise\u00f1ados para utilizarse exclusivamente con nuestro m\u00e1stil carbono multimarcas KPARTS. \u00a1Son desmontables e intercambiables en cualquier momento! \ud83d\udc49 Simplemente elige la marca de tu fuselaje sobre la cual deseas montar nuestro m\u00e1stil. \ud83e\udde9 Adaptadores disponibles ALLURE\u00ae \u2022 AXIS\u00ae \u2022 AFS\u00ae \u2022 CODEFOILS\u00ae \u2022 F-ONE\u00ae (3\u00d7 M6) \u2022 GONG\u00ae V3 \u2022 KPARTS \u2022 SABFOIL\u00ae \u2022 TAKOON\u00ae \u2022 TAKUMA\u00ae V2 (2\u00d7 M8) \u26a0\ufe0f IMPORTANTE \u2500\u2500\u2500\u2500\u2500\u2500\u2500\u2500\u2500\u2500\u2500\u2500\u2500\u2500\u2500\u2500\u2500\u2500\u2500\u2500\u2500\u2500\u2500\u2500 \ud83d\udd38 Los adaptadores AFS\u00ae, F-ONE\u00ae (3\u00d7 M6) y ALLURE\u00ae est\u00e1n fabricados en titanio (por razones estructurales y de durabilidad). \ud83d\udd38 Los dem\u00e1s adaptadores est\u00e1n fabricados en aluminio 6061 anodizado 40 \u00b5m. \u2500\u2500\u2500\u2500\u2500\u2500\u2500\u2500\u2500\u2500\u2500\u2500\u2500\u2500\u2500\u2500\u2500\u2500\u2500\u2500\u2500\u2500\u2500\u2500 \ud83d\udee0\ufe0f El precio incluye \u2022 1 adaptador a elegir \u2022 + la torniller\u00eda completa para montar el adaptador en el m\u00e1stil \/ fuselaje \ud83c\udf0a Mantenimiento y durabilidad Como todo material de aluminio en contacto con el agua salada, es imprescindible enjuagar siempre con agua dulce para prolongar la vida \u00fatil del adaptador. \ud83d\udebf","og_url":"https:\/\/kparts-watersports.com\/es\/produit\/adaptadores-para-mastil-carbono-multimarcas-kparts\/","og_site_name":"KPARTS WATERSPORTS","article_publisher":"https:\/\/www.facebook.com\/people\/AP-3D-Custom\/100076804732870\/","og_image":[{"width":1280,"height":1280,"url":"https:\/\/kparts-watersports.com\/wp-content\/uploads\/2025\/12\/Adaptateurs-Mat-Carbone-KPARTS-_-Resized.webp","type":"image\/webp"}],"twitter_card":"summary_large_image","twitter_misc":{"Tiempo de lectura":"1 minute"},"schema":{"@context":"https:\/\/schema.org","@graph":[{"@type":"WebPage","@id":"https:\/\/kparts-watersports.com\/es\/produit\/adaptadores-para-mastil-carbono-multimarcas-kparts\/","url":"https:\/\/kparts-watersports.com\/es\/produit\/adaptadores-para-mastil-carbono-multimarcas-kparts\/","name":"Adaptadores para m\u00e1stil carbono multimarcas KPARTS - KPARTS WATERSPORTS","isPartOf":{"@id":"https:\/\/blanchedalmond-oryx-541128.hostingersite.com\/#website"},"primaryImageOfPage":{"@id":"https:\/\/kparts-watersports.com\/es\/produit\/adaptadores-para-mastil-carbono-multimarcas-kparts\/#primaryimage"},"image":{"@id":"https:\/\/kparts-watersports.com\/es\/produit\/adaptadores-para-mastil-carbono-multimarcas-kparts\/#primaryimage"},"thumbnailUrl":"https:\/\/kparts-watersports.com\/wp-content\/uploads\/2025\/12\/Adaptateurs-Mat-Carbone-KPARTS-_-Resized.webp","datePublished":"2025-12-10T18:51:31+00:00","breadcrumb":{"@id":"https:\/\/kparts-watersports.com\/es\/produit\/adaptadores-para-mastil-carbono-multimarcas-kparts\/#breadcrumb"},"inLanguage":"es-ES","potentialAction":[{"@type":"ReadAction","target":["https:\/\/kparts-watersports.com\/es\/produit\/adaptadores-para-mastil-carbono-multimarcas-kparts\/"]}]},{"@type":"ImageObject","inLanguage":"es-ES","@id":"https:\/\/kparts-watersports.com\/es\/produit\/adaptadores-para-mastil-carbono-multimarcas-kparts\/#primaryimage","url":"https:\/\/kparts-watersports.com\/wp-content\/uploads\/2025\/12\/Adaptateurs-Mat-Carbone-KPARTS-_-Resized.webp","contentUrl":"https:\/\/kparts-watersports.com\/wp-content\/uploads\/2025\/12\/Adaptateurs-Mat-Carbone-KPARTS-_-Resized.webp","width":1280,"height":1280},{"@type":"BreadcrumbList","@id":"https:\/\/kparts-watersports.com\/es\/produit\/adaptadores-para-mastil-carbono-multimarcas-kparts\/#breadcrumb","itemListElement":[{"@type":"ListItem","position":1,"name":"Accueil","item":"https:\/\/kparts-watersports.com\/es\/inicio\/"},{"@type":"ListItem","position":2,"name":"Tienda","item":"https:\/\/kparts-watersports.com\/es\/tienda\/"},{"@type":"ListItem","position":3,"name":"Adaptadores para m\u00e1stil carbono multimarcas KPARTS"}]},{"@type":"WebSite","@id":"https:\/\/blanchedalmond-oryx-541128.hostingersite.com\/#website","url":"https:\/\/blanchedalmond-oryx-541128.hostingersite.com\/","name":"KPARTS WATERSPORTS","description":"Accessoires custom pour sports nautiques","publisher":{"@id":"https:\/\/blanchedalmond-oryx-541128.hostingersite.com\/#organization"},"potentialAction":[{"@type":"SearchAction","target":{"@type":"EntryPoint","urlTemplate":"https:\/\/blanchedalmond-oryx-541128.hostingersite.com\/?s={search_term_string}"},"query-input":{"@type":"PropertyValueSpecification","valueRequired":true,"valueName":"search_term_string"}}],"inLanguage":"es-ES"},{"@type":"Organization","@id":"https:\/\/blanchedalmond-oryx-541128.hostingersite.com\/#organization","name":"KPARTS WATERSPORTS","url":"https:\/\/blanchedalmond-oryx-541128.hostingersite.com\/","logo":{"@type":"ImageObject","inLanguage":"es-ES","@id":"https:\/\/blanchedalmond-oryx-541128.hostingersite.com\/#\/schema\/logo\/image\/","url":"https:\/\/kparts-watersports.ovh\/wp-content\/uploads\/2024\/09\/Kparts-Logo-Favicon.jpg","contentUrl":"https:\/\/kparts-watersports.ovh\/wp-content\/uploads\/2024\/09\/Kparts-Logo-Favicon.jpg","width":600,"height":600,"caption":"KPARTS WATERSPORTS"},"image":{"@id":"https:\/\/blanchedalmond-oryx-541128.hostingersite.com\/#\/schema\/logo\/image\/"},"sameAs":["https:\/\/www.facebook.com\/people\/AP-3D-Custom\/100076804732870\/","https:\/\/www.instagram.com\/ap3dcustom\/"]}]}},"jetpack_sharing_enabled":true,"_links":{"self":[{"href":"https:\/\/kparts-watersports.com\/es\/wp-json\/wp\/v2\/product\/15203","targetHints":{"allow":["GET"]}}],"collection":[{"href":"https:\/\/kparts-watersports.com\/es\/wp-json\/wp\/v2\/product"}],"about":[{"href":"https:\/\/kparts-watersports.com\/es\/wp-json\/wp\/v2\/types\/product"}],"replies":[{"embeddable":true,"href":"https:\/\/kparts-watersports.com\/es\/wp-json\/wp\/v2\/comments?post=15203"}],"wp:featuredmedia":[{"embeddable":true,"href":"https:\/\/kparts-watersports.com\/es\/wp-json\/wp\/v2\/media\/15207"}],"wp:attachment":[{"href":"https:\/\/kparts-watersports.com\/es\/wp-json\/wp\/v2\/media?parent=15203"}],"wp:term":[{"taxonomy":"product_brand","embeddable":true,"href":"https:\/\/kparts-watersports.com\/es\/wp-json\/wp\/v2\/product_brand?post=15203"},{"taxonomy":"product_cat","embeddable":true,"href":"https:\/\/kparts-watersports.com\/es\/wp-json\/wp\/v2\/product_cat?post=15203"},{"taxonomy":"product_tag","embeddable":true,"href":"https:\/\/kparts-watersports.com\/es\/wp-json\/wp\/v2\/product_tag?post=15203"}],"curies":[{"name":"wp","href":"https:\/\/api.w.org\/{rel}","templated":true}]}}