{"id":4699,"date":"2025-06-29T04:15:59","date_gmt":"2025-06-29T02:15:59","guid":{"rendered":"https:\/\/blanchedalmond-oryx-541128.hostingersite.com\/?post_type=product&#038;p=4699"},"modified":"2025-12-18T19:03:27","modified_gmt":"2025-12-18T18:03:27","slug":"adaptateur-de-pod-kparts-pour-moteur-maytech-6579","status":"publish","type":"product","link":"https:\/\/kparts-watersports.com\/es\/produit\/adaptateur-de-pod-kparts-pour-moteur-maytech-6579\/","title":{"rendered":"Adaptateur de POD KPARTS pour moteur Maytech\u00ae 6579"},"content":{"rendered":"<p>Adaptateur con\u00e7u pour installer le POD KPARTS sur un moteur Maytech\u00ae 6579 (65mm de diam\u00e8tre ext\u00e9rieur).<\/p>\n<div>Con\u00e7u sp\u00e9cifiquement pour les moteurs Maytech\u00ae 6579 ayant un entraxe de fixation de 30mm cot\u00e9 POD.<\/div>\n<div>R\u00e9alis\u00e9 en impression 3D dans notre atelier.<\/div>\n<p>Contenu du pack :<\/p>\n<ul>\n<li>Adaptateur<\/li>\n<li>4 vis M4 de 45 mm en inox (pour liaison POD &#8211; adaptateur)<\/li>\n<li>4 vis M4 de 16 mm en inox (pour liaison adaptateur &#8211; moteur Maytech\u00ae 6579).<\/li>\n<\/ul>\n<p>(POD non inclus).<\/p>\n","protected":false},"excerpt":{"rendered":"<p>Adaptateur con\u00e7u pour installer le POD KPARTS sur un moteur Maytech\u00ae 6579 (65mm de diam\u00e8tre ext\u00e9rieur). Con\u00e7u sp\u00e9cifiquement pour les moteurs Maytech\u00ae 6579 ayant un entraxe de fixation de 30mm cot\u00e9 POD. R\u00e9alis\u00e9 en impression 3D dans notre atelier. Contenu du pack : Adaptateur 4 vis M4 de 45 mm en inox (pour liaison POD &#8211; adaptateur) 4 vis M4 de 16 mm en inox (pour liaison adaptateur &#8211; moteur Maytech\u00ae 6579). (POD non inclus).<\/p>\n","protected":false},"featured_media":4700,"comment_status":"open","ping_status":"closed","template":"","meta":{"site-sidebar-layout":"default","site-content-layout":"","ast-site-content-layout":"default","site-content-style":"default","site-sidebar-style":"default","ast-global-header-display":"","ast-banner-title-visibility":"","ast-main-header-display":"","ast-hfb-above-header-display":"","ast-hfb-below-header-display":"","ast-hfb-mobile-header-display":"","site-post-title":"","ast-breadcrumbs-content":"","ast-featured-img":"","footer-sml-layout":"","ast-disable-related-posts":"","theme-transparent-header-meta":"default","adv-header-id-meta":"","stick-header-meta":"","header-above-stick-meta":"","header-main-stick-meta":"","header-below-stick-meta":"","astra-migrate-meta-layouts":"set","ast-page-background-enabled":"default","ast-page-background-meta":{"desktop":{"background-color":"var(--ast-global-color-4)","background-image":"","background-repeat":"repeat","background-position":"center center","background-size":"auto","background-attachment":"scroll","background-type":"","background-media":"","overlay-type":"","overlay-color":"","overlay-opacity":"","overlay-gradient":""},"tablet":{"background-color":"","background-image":"","background-repeat":"repeat","background-position":"center center","background-size":"auto","background-attachment":"scroll","background-type":"","background-media":"","overlay-type":"","overlay-color":"","overlay-opacity":"","overlay-gradient":""},"mobile":{"background-color":"","background-image":"","background-repeat":"repeat","background-position":"center center","background-size":"auto","background-attachment":"scroll","background-type":"","background-media":"","overlay-type":"","overlay-color":"","overlay-opacity":"","overlay-gradient":""}},"ast-content-background-meta":{"desktop":{"background-color":"var(--ast-global-color-5)","background-image":"","background-repeat":"repeat","background-position":"center center","background-size":"auto","background-attachment":"scroll","background-type":"","background-media":"","overlay-type":"","overlay-color":"","overlay-opacity":"","overlay-gradient":""},"tablet":{"background-color":"var(--ast-global-color-5)","background-image":"","background-repeat":"repeat","background-position":"center center","background-size":"auto","background-attachment":"scroll","background-type":"","background-media":"","overlay-type":"","overlay-color":"","overlay-opacity":"","overlay-gradient":""},"mobile":{"background-color":"var(--ast-global-color-5)","background-image":"","background-repeat":"repeat","background-position":"center center","background-size":"auto","background-attachment":"scroll","background-type":"","background-media":"","overlay-type":"","overlay-color":"","overlay-opacity":"","overlay-gradient":""}}},"product_brand":[],"product_cat":[87,86],"product_tag":[],"class_list":{"0":"post-4699","1":"product","2":"type-product","3":"status-publish","4":"has-post-thumbnail","6":"product_cat-foil-assist","7":"product_cat-pod-accessoires-e-foil","8":"desktop-align-center","9":"tablet-align-left","10":"mobile-align-left","11":"tm-no-options","13":"first","14":"instock","15":"taxable","16":"shipping-taxable","17":"purchasable","18":"product-type-simple"},"yoast_head":"<!-- This site is optimized with the Yoast SEO plugin v27.3 - https:\/\/yoast.com\/product\/yoast-seo-wordpress\/ -->\n<title>Adaptateur de POD KPARTS pour moteur Maytech\u00ae 6579 - KPARTS WATERSPORTS<\/title>\n<meta name=\"robots\" content=\"index, follow, max-snippet:-1, max-image-preview:large, max-video-preview:-1\" \/>\n<link rel=\"canonical\" href=\"https:\/\/kparts-watersports.com\/es\/produit\/adaptateur-de-pod-kparts-pour-moteur-maytech-6579\/\" \/>\n<meta property=\"og:locale\" content=\"es_ES\" \/>\n<meta property=\"og:type\" content=\"article\" \/>\n<meta property=\"og:title\" content=\"Adaptateur de POD KPARTS pour moteur Maytech\u00ae 6579 - KPARTS WATERSPORTS\" \/>\n<meta property=\"og:description\" content=\"Adaptateur con\u00e7u pour installer le POD KPARTS sur un moteur Maytech\u00ae 6579 (65mm de diam\u00e8tre ext\u00e9rieur). Con\u00e7u sp\u00e9cifiquement pour les moteurs Maytech\u00ae 6579 ayant un entraxe de fixation de 30mm cot\u00e9 POD. R\u00e9alis\u00e9 en impression 3D dans notre atelier. Contenu du pack : Adaptateur 4 vis M4 de 45 mm en inox (pour liaison POD &#8211; adaptateur) 4 vis M4 de 16 mm en inox (pour liaison adaptateur &#8211; moteur Maytech\u00ae 6579). (POD non inclus).\" \/>\n<meta property=\"og:url\" content=\"https:\/\/kparts-watersports.com\/es\/produit\/adaptateur-de-pod-kparts-pour-moteur-maytech-6579\/\" \/>\n<meta property=\"og:site_name\" content=\"KPARTS WATERSPORTS\" \/>\n<meta property=\"article:publisher\" content=\"https:\/\/www.facebook.com\/people\/AP-3D-Custom\/100076804732870\/\" \/>\n<meta property=\"article:modified_time\" content=\"2025-12-18T18:03:27+00:00\" \/>\n<meta property=\"og:image\" content=\"https:\/\/kparts-watersports.com\/wp-content\/uploads\/2025\/06\/Adaptateur-de-POD-KPARTS-pour-moteur-Maytech\u00ae-6579.webp\" \/>\n\t<meta property=\"og:image:width\" content=\"1500\" \/>\n\t<meta property=\"og:image:height\" content=\"1500\" \/>\n\t<meta property=\"og:image:type\" content=\"image\/webp\" \/>\n<meta name=\"twitter:card\" content=\"summary_large_image\" \/>\n<meta name=\"twitter:label1\" content=\"Tiempo de lectura\" \/>\n\t<meta name=\"twitter:data1\" content=\"1 minute\" \/>\n<script type=\"application\/ld+json\" class=\"yoast-schema-graph\">{\"@context\":\"https:\\\/\\\/schema.org\",\"@graph\":[{\"@type\":\"WebPage\",\"@id\":\"https:\\\/\\\/kparts-watersports.com\\\/es\\\/produit\\\/adaptateur-de-pod-kparts-pour-moteur-maytech-6579\\\/\",\"url\":\"https:\\\/\\\/kparts-watersports.com\\\/es\\\/produit\\\/adaptateur-de-pod-kparts-pour-moteur-maytech-6579\\\/\",\"name\":\"Adaptateur de POD KPARTS pour moteur Maytech\u00ae 6579 - KPARTS WATERSPORTS\",\"isPartOf\":{\"@id\":\"https:\\\/\\\/blanchedalmond-oryx-541128.hostingersite.com\\\/#website\"},\"primaryImageOfPage\":{\"@id\":\"https:\\\/\\\/kparts-watersports.com\\\/es\\\/produit\\\/adaptateur-de-pod-kparts-pour-moteur-maytech-6579\\\/#primaryimage\"},\"image\":{\"@id\":\"https:\\\/\\\/kparts-watersports.com\\\/es\\\/produit\\\/adaptateur-de-pod-kparts-pour-moteur-maytech-6579\\\/#primaryimage\"},\"thumbnailUrl\":\"https:\\\/\\\/kparts-watersports.com\\\/wp-content\\\/uploads\\\/2025\\\/06\\\/Adaptateur-de-POD-KPARTS-pour-moteur-Maytech\u00ae-6579.webp\",\"datePublished\":\"2025-06-29T02:15:59+00:00\",\"dateModified\":\"2025-12-18T18:03:27+00:00\",\"breadcrumb\":{\"@id\":\"https:\\\/\\\/kparts-watersports.com\\\/es\\\/produit\\\/adaptateur-de-pod-kparts-pour-moteur-maytech-6579\\\/#breadcrumb\"},\"inLanguage\":\"es-ES\",\"potentialAction\":[{\"@type\":\"ReadAction\",\"target\":[\"https:\\\/\\\/kparts-watersports.com\\\/es\\\/produit\\\/adaptateur-de-pod-kparts-pour-moteur-maytech-6579\\\/\"]}]},{\"@type\":\"ImageObject\",\"inLanguage\":\"es-ES\",\"@id\":\"https:\\\/\\\/kparts-watersports.com\\\/es\\\/produit\\\/adaptateur-de-pod-kparts-pour-moteur-maytech-6579\\\/#primaryimage\",\"url\":\"https:\\\/\\\/kparts-watersports.com\\\/wp-content\\\/uploads\\\/2025\\\/06\\\/Adaptateur-de-POD-KPARTS-pour-moteur-Maytech\u00ae-6579.webp\",\"contentUrl\":\"https:\\\/\\\/kparts-watersports.com\\\/wp-content\\\/uploads\\\/2025\\\/06\\\/Adaptateur-de-POD-KPARTS-pour-moteur-Maytech\u00ae-6579.webp\",\"width\":1500,\"height\":1500,\"caption\":\"Adaptateur de POD KPARTS pour moteur Maytech\u00ae 6579\"},{\"@type\":\"BreadcrumbList\",\"@id\":\"https:\\\/\\\/kparts-watersports.com\\\/es\\\/produit\\\/adaptateur-de-pod-kparts-pour-moteur-maytech-6579\\\/#breadcrumb\",\"itemListElement\":[{\"@type\":\"ListItem\",\"position\":1,\"name\":\"Accueil\",\"item\":\"https:\\\/\\\/kparts-watersports.com\\\/es\\\/inicio\\\/\"},{\"@type\":\"ListItem\",\"position\":2,\"name\":\"Tienda\",\"item\":\"https:\\\/\\\/kparts-watersports.com\\\/es\\\/tienda\\\/\"},{\"@type\":\"ListItem\",\"position\":3,\"name\":\"Adaptateur de POD KPARTS pour moteur Maytech\u00ae 6579\"}]},{\"@type\":\"WebSite\",\"@id\":\"https:\\\/\\\/blanchedalmond-oryx-541128.hostingersite.com\\\/#website\",\"url\":\"https:\\\/\\\/blanchedalmond-oryx-541128.hostingersite.com\\\/\",\"name\":\"KPARTS WATERSPORTS\",\"description\":\"Accessoires custom pour sports nautiques\",\"publisher\":{\"@id\":\"https:\\\/\\\/blanchedalmond-oryx-541128.hostingersite.com\\\/#organization\"},\"potentialAction\":[{\"@type\":\"SearchAction\",\"target\":{\"@type\":\"EntryPoint\",\"urlTemplate\":\"https:\\\/\\\/blanchedalmond-oryx-541128.hostingersite.com\\\/?s={search_term_string}\"},\"query-input\":{\"@type\":\"PropertyValueSpecification\",\"valueRequired\":true,\"valueName\":\"search_term_string\"}}],\"inLanguage\":\"es-ES\"},{\"@type\":\"Organization\",\"@id\":\"https:\\\/\\\/blanchedalmond-oryx-541128.hostingersite.com\\\/#organization\",\"name\":\"KPARTS WATERSPORTS\",\"url\":\"https:\\\/\\\/blanchedalmond-oryx-541128.hostingersite.com\\\/\",\"logo\":{\"@type\":\"ImageObject\",\"inLanguage\":\"es-ES\",\"@id\":\"https:\\\/\\\/blanchedalmond-oryx-541128.hostingersite.com\\\/#\\\/schema\\\/logo\\\/image\\\/\",\"url\":\"https:\\\/\\\/kparts-watersports.ovh\\\/wp-content\\\/uploads\\\/2024\\\/09\\\/Kparts-Logo-Favicon.jpg\",\"contentUrl\":\"https:\\\/\\\/kparts-watersports.ovh\\\/wp-content\\\/uploads\\\/2024\\\/09\\\/Kparts-Logo-Favicon.jpg\",\"width\":600,\"height\":600,\"caption\":\"KPARTS WATERSPORTS\"},\"image\":{\"@id\":\"https:\\\/\\\/blanchedalmond-oryx-541128.hostingersite.com\\\/#\\\/schema\\\/logo\\\/image\\\/\"},\"sameAs\":[\"https:\\\/\\\/www.facebook.com\\\/people\\\/AP-3D-Custom\\\/100076804732870\\\/\",\"https:\\\/\\\/www.instagram.com\\\/ap3dcustom\\\/\"]}]}<\/script>\n<!-- \/ Yoast SEO plugin. -->","yoast_head_json":{"title":"Adaptateur de POD KPARTS pour moteur Maytech\u00ae 6579 - KPARTS WATERSPORTS","robots":{"index":"index","follow":"follow","max-snippet":"max-snippet:-1","max-image-preview":"max-image-preview:large","max-video-preview":"max-video-preview:-1"},"canonical":"https:\/\/kparts-watersports.com\/es\/produit\/adaptateur-de-pod-kparts-pour-moteur-maytech-6579\/","og_locale":"es_ES","og_type":"article","og_title":"Adaptateur de POD KPARTS pour moteur Maytech\u00ae 6579 - KPARTS WATERSPORTS","og_description":"Adaptateur con\u00e7u pour installer le POD KPARTS sur un moteur Maytech\u00ae 6579 (65mm de diam\u00e8tre ext\u00e9rieur). Con\u00e7u sp\u00e9cifiquement pour les moteurs Maytech\u00ae 6579 ayant un entraxe de fixation de 30mm cot\u00e9 POD. R\u00e9alis\u00e9 en impression 3D dans notre atelier. Contenu du pack : Adaptateur 4 vis M4 de 45 mm en inox (pour liaison POD &#8211; adaptateur) 4 vis M4 de 16 mm en inox (pour liaison adaptateur &#8211; moteur Maytech\u00ae 6579). (POD non inclus).","og_url":"https:\/\/kparts-watersports.com\/es\/produit\/adaptateur-de-pod-kparts-pour-moteur-maytech-6579\/","og_site_name":"KPARTS WATERSPORTS","article_publisher":"https:\/\/www.facebook.com\/people\/AP-3D-Custom\/100076804732870\/","article_modified_time":"2025-12-18T18:03:27+00:00","og_image":[{"width":1500,"height":1500,"url":"https:\/\/kparts-watersports.com\/wp-content\/uploads\/2025\/06\/Adaptateur-de-POD-KPARTS-pour-moteur-Maytech\u00ae-6579.webp","type":"image\/webp"}],"twitter_card":"summary_large_image","twitter_misc":{"Tiempo de lectura":"1 minute"},"schema":{"@context":"https:\/\/schema.org","@graph":[{"@type":"WebPage","@id":"https:\/\/kparts-watersports.com\/es\/produit\/adaptateur-de-pod-kparts-pour-moteur-maytech-6579\/","url":"https:\/\/kparts-watersports.com\/es\/produit\/adaptateur-de-pod-kparts-pour-moteur-maytech-6579\/","name":"Adaptateur de POD KPARTS pour moteur Maytech\u00ae 6579 - KPARTS WATERSPORTS","isPartOf":{"@id":"https:\/\/blanchedalmond-oryx-541128.hostingersite.com\/#website"},"primaryImageOfPage":{"@id":"https:\/\/kparts-watersports.com\/es\/produit\/adaptateur-de-pod-kparts-pour-moteur-maytech-6579\/#primaryimage"},"image":{"@id":"https:\/\/kparts-watersports.com\/es\/produit\/adaptateur-de-pod-kparts-pour-moteur-maytech-6579\/#primaryimage"},"thumbnailUrl":"https:\/\/kparts-watersports.com\/wp-content\/uploads\/2025\/06\/Adaptateur-de-POD-KPARTS-pour-moteur-Maytech\u00ae-6579.webp","datePublished":"2025-06-29T02:15:59+00:00","dateModified":"2025-12-18T18:03:27+00:00","breadcrumb":{"@id":"https:\/\/kparts-watersports.com\/es\/produit\/adaptateur-de-pod-kparts-pour-moteur-maytech-6579\/#breadcrumb"},"inLanguage":"es-ES","potentialAction":[{"@type":"ReadAction","target":["https:\/\/kparts-watersports.com\/es\/produit\/adaptateur-de-pod-kparts-pour-moteur-maytech-6579\/"]}]},{"@type":"ImageObject","inLanguage":"es-ES","@id":"https:\/\/kparts-watersports.com\/es\/produit\/adaptateur-de-pod-kparts-pour-moteur-maytech-6579\/#primaryimage","url":"https:\/\/kparts-watersports.com\/wp-content\/uploads\/2025\/06\/Adaptateur-de-POD-KPARTS-pour-moteur-Maytech\u00ae-6579.webp","contentUrl":"https:\/\/kparts-watersports.com\/wp-content\/uploads\/2025\/06\/Adaptateur-de-POD-KPARTS-pour-moteur-Maytech\u00ae-6579.webp","width":1500,"height":1500,"caption":"Adaptateur de POD KPARTS pour moteur Maytech\u00ae 6579"},{"@type":"BreadcrumbList","@id":"https:\/\/kparts-watersports.com\/es\/produit\/adaptateur-de-pod-kparts-pour-moteur-maytech-6579\/#breadcrumb","itemListElement":[{"@type":"ListItem","position":1,"name":"Accueil","item":"https:\/\/kparts-watersports.com\/es\/inicio\/"},{"@type":"ListItem","position":2,"name":"Tienda","item":"https:\/\/kparts-watersports.com\/es\/tienda\/"},{"@type":"ListItem","position":3,"name":"Adaptateur de POD KPARTS pour moteur Maytech\u00ae 6579"}]},{"@type":"WebSite","@id":"https:\/\/blanchedalmond-oryx-541128.hostingersite.com\/#website","url":"https:\/\/blanchedalmond-oryx-541128.hostingersite.com\/","name":"KPARTS WATERSPORTS","description":"Accessoires custom pour sports nautiques","publisher":{"@id":"https:\/\/blanchedalmond-oryx-541128.hostingersite.com\/#organization"},"potentialAction":[{"@type":"SearchAction","target":{"@type":"EntryPoint","urlTemplate":"https:\/\/blanchedalmond-oryx-541128.hostingersite.com\/?s={search_term_string}"},"query-input":{"@type":"PropertyValueSpecification","valueRequired":true,"valueName":"search_term_string"}}],"inLanguage":"es-ES"},{"@type":"Organization","@id":"https:\/\/blanchedalmond-oryx-541128.hostingersite.com\/#organization","name":"KPARTS WATERSPORTS","url":"https:\/\/blanchedalmond-oryx-541128.hostingersite.com\/","logo":{"@type":"ImageObject","inLanguage":"es-ES","@id":"https:\/\/blanchedalmond-oryx-541128.hostingersite.com\/#\/schema\/logo\/image\/","url":"https:\/\/kparts-watersports.ovh\/wp-content\/uploads\/2024\/09\/Kparts-Logo-Favicon.jpg","contentUrl":"https:\/\/kparts-watersports.ovh\/wp-content\/uploads\/2024\/09\/Kparts-Logo-Favicon.jpg","width":600,"height":600,"caption":"KPARTS WATERSPORTS"},"image":{"@id":"https:\/\/blanchedalmond-oryx-541128.hostingersite.com\/#\/schema\/logo\/image\/"},"sameAs":["https:\/\/www.facebook.com\/people\/AP-3D-Custom\/100076804732870\/","https:\/\/www.instagram.com\/ap3dcustom\/"]}]}},"jetpack_sharing_enabled":true,"_links":{"self":[{"href":"https:\/\/kparts-watersports.com\/es\/wp-json\/wp\/v2\/product\/4699","targetHints":{"allow":["GET"]}}],"collection":[{"href":"https:\/\/kparts-watersports.com\/es\/wp-json\/wp\/v2\/product"}],"about":[{"href":"https:\/\/kparts-watersports.com\/es\/wp-json\/wp\/v2\/types\/product"}],"replies":[{"embeddable":true,"href":"https:\/\/kparts-watersports.com\/es\/wp-json\/wp\/v2\/comments?post=4699"}],"wp:featuredmedia":[{"embeddable":true,"href":"https:\/\/kparts-watersports.com\/es\/wp-json\/wp\/v2\/media\/4700"}],"wp:attachment":[{"href":"https:\/\/kparts-watersports.com\/es\/wp-json\/wp\/v2\/media?parent=4699"}],"wp:term":[{"taxonomy":"product_brand","embeddable":true,"href":"https:\/\/kparts-watersports.com\/es\/wp-json\/wp\/v2\/product_brand?post=4699"},{"taxonomy":"product_cat","embeddable":true,"href":"https:\/\/kparts-watersports.com\/es\/wp-json\/wp\/v2\/product_cat?post=4699"},{"taxonomy":"product_tag","embeddable":true,"href":"https:\/\/kparts-watersports.com\/es\/wp-json\/wp\/v2\/product_tag?post=4699"}],"curies":[{"name":"wp","href":"https:\/\/api.w.org\/{rel}","templated":true}]}}